{"id":3641,"date":"2020-11-17T04:05:20","date_gmt":"2020-11-17T03:05:20","guid":{"rendered":"https:\/\/www.caribaea.org\/?page_id=3641"},"modified":"2026-01-09T16:39:24","modified_gmt":"2026-01-09T15:39:24","slug":"scientific-advisers","status":"publish","type":"page","link":"https:\/\/www.caribaea.org\/en\/about-us\/our-people\/scientific-advisers\/","title":{"rendered":"Scientific Advisers"},"content":{"rendered":"<div id=\"pl-3641\"  class=\"panel-layout\" ><div id=\"pg-3641-0\"  class=\"panel-grid panel-has-style\" ><div class=\"siteorigin-panels-stretch panel-row-style panel-row-style-for-3641-0\" data-stretch-type=\"full\" ><div id=\"pgc-3641-0-0\"  class=\"panel-grid-cell\" ><div id=\"panel-3641-0-0-0\" class=\"so-panel widget widget_sow-editor panel-first-child panel-last-child\" data-index=\"0\" ><div\n\t\t\t\n\t\t\tclass=\"so-widget-sow-editor so-widget-sow-editor-base\"\n\t\t\t\n\t\t><h3 class=\"widget-title\">Scientific advisers<\/h3>\n<div class=\"siteorigin-widget-tinymce textwidget\">\n\t<ul style=\"list-style-type: disc; margin: 10px 0 10px 20px;\">\n<li>Dr. Anne Becker (Ross University, St Kitts &amp; Nevis), Microbiology and Disease Ecology<\/li>\n<li>Dr. Jean-Marc Blazy (INRA, Guadeloupe), Agroecology<\/li>\n<li>Mr. Maikel Canizares, MSc, (Instituto de Ecolog\u00eda y Sistem\u00e1tica, Cuba), Zoology<\/li>\n<li>Prof. Wilson Celestin (Universit\u00e9 d'Etat d'Ha\u00efti), Agronomy and Freshwater Ecology<\/li>\n<li>Dr. Charlotte Dromard (Universit\u00e9 des Antilles, Guadeloupe), Marine Biology<\/li>\n<li>Prof. Sixto Inchaustegui (Universidad Autonoma de Santo Domingo, Dominican Republic), Conservation Biology<\/li>\n<li>Dr. Roger Pradel (CNRS, France), Population Biology and Quantitative Ecology<\/li>\n<\/ul>\n<\/div>\n<\/div><\/div><\/div><\/div><\/div><\/div>","protected":false},"excerpt":{"rendered":"<p>Dr. Anne Becker (Ross University, St Kitts &amp; Nevis), Microbiology and Disease Ecology Dr. Jean-Marc Blazy (INRA, Guadeloupe), Agroecology Mr. Maikel Canizares, MSc, (Instituto de Ecolog\u00eda y Sistem\u00e1tica, Cuba), Zoology Prof. Wilson Celestin (Universit\u00e9 d&#8217;Etat d&#8217;Ha\u00efti), Agronomy and Freshwater Ecology Dr. Charlotte Dromard (Universit\u00e9 des Antilles, Guadeloupe), Marine Biology Prof. Sixto Inchaustegui (Universidad Autonoma de [&hellip;]<\/p>\n","protected":false},"author":1,"featured_media":0,"parent":3628,"menu_order":2,"comment_status":"closed","ping_status":"closed","template":"","meta":{"footnotes":""},"class_list":["post-3641","page","type-page","status-publish","hentry"],"yoast_head":"<!-- This site is optimized with the Yoast SEO plugin v26.6 - https:\/\/yoast.com\/wordpress\/plugins\/seo\/ -->\n<title>Scientific Advisers - Caribaea Initiative<\/title>\n<meta name=\"robots\" content=\"index, follow, max-snippet:-1, max-image-preview:large, max-video-preview:-1\" \/>\n<link rel=\"canonical\" href=\"https:\/\/www.caribaea.org\/en\/about-us\/our-people\/scientific-advisers\/\" \/>\n<meta property=\"og:locale\" content=\"en_US\" \/>\n<meta property=\"og:type\" content=\"article\" \/>\n<meta property=\"og:title\" content=\"Scientific Advisers - Caribaea Initiative\" \/>\n<meta property=\"og:description\" content=\"Dr. Anne Becker (Ross University, St Kitts &amp; Nevis), Microbiology and Disease Ecology Dr. Jean-Marc Blazy (INRA, Guadeloupe), Agroecology Mr. Maikel Canizares, MSc, (Instituto de Ecolog\u00eda y Sistem\u00e1tica, Cuba), Zoology Prof. Wilson Celestin (Universit\u00e9 d&#039;Etat d&#039;Ha\u00efti), Agronomy and Freshwater Ecology Dr. Charlotte Dromard (Universit\u00e9 des Antilles, Guadeloupe), Marine Biology Prof. Sixto Inchaustegui (Universidad Autonoma de [&hellip;]\" \/>\n<meta property=\"og:url\" content=\"https:\/\/www.caribaea.org\/en\/about-us\/our-people\/scientific-advisers\/\" \/>\n<meta property=\"og:site_name\" content=\"Caribaea Initiative\" \/>\n<meta property=\"article:modified_time\" content=\"2026-01-09T15:39:24+00:00\" \/>\n<meta name=\"twitter:card\" content=\"summary_large_image\" \/>\n<meta name=\"twitter:label1\" content=\"Est. reading time\" \/>\n\t<meta name=\"twitter:data1\" content=\"1 minute\" \/>\n<script type=\"application\/ld+json\" class=\"yoast-schema-graph\">{\"@context\":\"https:\/\/schema.org\",\"@graph\":[{\"@type\":\"WebPage\",\"@id\":\"https:\/\/www.caribaea.org\/en\/about-us\/our-people\/scientific-advisers\/\",\"url\":\"https:\/\/www.caribaea.org\/en\/about-us\/our-people\/scientific-advisers\/\",\"name\":\"Scientific Advisers - Caribaea Initiative\",\"isPartOf\":{\"@id\":\"https:\/\/www.caribaea.org\/en\/#website\"},\"datePublished\":\"2020-11-17T03:05:20+00:00\",\"dateModified\":\"2026-01-09T15:39:24+00:00\",\"breadcrumb\":{\"@id\":\"https:\/\/www.caribaea.org\/en\/about-us\/our-people\/scientific-advisers\/#breadcrumb\"},\"inLanguage\":\"en-US\",\"potentialAction\":[{\"@type\":\"ReadAction\",\"target\":[\"https:\/\/www.caribaea.org\/en\/about-us\/our-people\/scientific-advisers\/\"]}]},{\"@type\":\"BreadcrumbList\",\"@id\":\"https:\/\/www.caribaea.org\/en\/about-us\/our-people\/scientific-advisers\/#breadcrumb\",\"itemListElement\":[{\"@type\":\"ListItem\",\"position\":1,\"name\":\"Accueil\",\"item\":\"https:\/\/www.caribaea.org\/en\/\"},{\"@type\":\"ListItem\",\"position\":2,\"name\":\"About us\",\"item\":\"https:\/\/www.caribaea.org\/en\/about-us\/\"},{\"@type\":\"ListItem\",\"position\":3,\"name\":\"Our people\",\"item\":\"https:\/\/www.caribaea.org\/en\/about-us\/our-people\/\"},{\"@type\":\"ListItem\",\"position\":4,\"name\":\"Scientific Advisers\"}]},{\"@type\":\"WebSite\",\"@id\":\"https:\/\/www.caribaea.org\/en\/#website\",\"url\":\"https:\/\/www.caribaea.org\/en\/\",\"name\":\"Caribaea Initiative\",\"description\":\"\",\"potentialAction\":[{\"@type\":\"SearchAction\",\"target\":{\"@type\":\"EntryPoint\",\"urlTemplate\":\"https:\/\/www.caribaea.org\/en\/?s={search_term_string}\"},\"query-input\":{\"@type\":\"PropertyValueSpecification\",\"valueRequired\":true,\"valueName\":\"search_term_string\"}}],\"inLanguage\":\"en-US\"}]}<\/script>\n<!-- \/ Yoast SEO plugin. -->","yoast_head_json":{"title":"Scientific Advisers - Caribaea Initiative","robots":{"index":"index","follow":"follow","max-snippet":"max-snippet:-1","max-image-preview":"max-image-preview:large","max-video-preview":"max-video-preview:-1"},"canonical":"https:\/\/www.caribaea.org\/en\/about-us\/our-people\/scientific-advisers\/","og_locale":"en_US","og_type":"article","og_title":"Scientific Advisers - Caribaea Initiative","og_description":"Dr. Anne Becker (Ross University, St Kitts &amp; Nevis), Microbiology and Disease Ecology Dr. Jean-Marc Blazy (INRA, Guadeloupe), Agroecology Mr. Maikel Canizares, MSc, (Instituto de Ecolog\u00eda y Sistem\u00e1tica, Cuba), Zoology Prof. Wilson Celestin (Universit\u00e9 d'Etat d'Ha\u00efti), Agronomy and Freshwater Ecology Dr. Charlotte Dromard (Universit\u00e9 des Antilles, Guadeloupe), Marine Biology Prof. Sixto Inchaustegui (Universidad Autonoma de [&hellip;]","og_url":"https:\/\/www.caribaea.org\/en\/about-us\/our-people\/scientific-advisers\/","og_site_name":"Caribaea Initiative","article_modified_time":"2026-01-09T15:39:24+00:00","twitter_card":"summary_large_image","twitter_misc":{"Est. reading time":"1 minute"},"schema":{"@context":"https:\/\/schema.org","@graph":[{"@type":"WebPage","@id":"https:\/\/www.caribaea.org\/en\/about-us\/our-people\/scientific-advisers\/","url":"https:\/\/www.caribaea.org\/en\/about-us\/our-people\/scientific-advisers\/","name":"Scientific Advisers - Caribaea Initiative","isPartOf":{"@id":"https:\/\/www.caribaea.org\/en\/#website"},"datePublished":"2020-11-17T03:05:20+00:00","dateModified":"2026-01-09T15:39:24+00:00","breadcrumb":{"@id":"https:\/\/www.caribaea.org\/en\/about-us\/our-people\/scientific-advisers\/#breadcrumb"},"inLanguage":"en-US","potentialAction":[{"@type":"ReadAction","target":["https:\/\/www.caribaea.org\/en\/about-us\/our-people\/scientific-advisers\/"]}]},{"@type":"BreadcrumbList","@id":"https:\/\/www.caribaea.org\/en\/about-us\/our-people\/scientific-advisers\/#breadcrumb","itemListElement":[{"@type":"ListItem","position":1,"name":"Accueil","item":"https:\/\/www.caribaea.org\/en\/"},{"@type":"ListItem","position":2,"name":"About us","item":"https:\/\/www.caribaea.org\/en\/about-us\/"},{"@type":"ListItem","position":3,"name":"Our people","item":"https:\/\/www.caribaea.org\/en\/about-us\/our-people\/"},{"@type":"ListItem","position":4,"name":"Scientific Advisers"}]},{"@type":"WebSite","@id":"https:\/\/www.caribaea.org\/en\/#website","url":"https:\/\/www.caribaea.org\/en\/","name":"Caribaea Initiative","description":"","potentialAction":[{"@type":"SearchAction","target":{"@type":"EntryPoint","urlTemplate":"https:\/\/www.caribaea.org\/en\/?s={search_term_string}"},"query-input":{"@type":"PropertyValueSpecification","valueRequired":true,"valueName":"search_term_string"}}],"inLanguage":"en-US"}]}},"_links":{"self":[{"href":"https:\/\/www.caribaea.org\/en\/wp-json\/wp\/v2\/pages\/3641","targetHints":{"allow":["GET"]}}],"collection":[{"href":"https:\/\/www.caribaea.org\/en\/wp-json\/wp\/v2\/pages"}],"about":[{"href":"https:\/\/www.caribaea.org\/en\/wp-json\/wp\/v2\/types\/page"}],"author":[{"embeddable":true,"href":"https:\/\/www.caribaea.org\/en\/wp-json\/wp\/v2\/users\/1"}],"replies":[{"embeddable":true,"href":"https:\/\/www.caribaea.org\/en\/wp-json\/wp\/v2\/comments?post=3641"}],"version-history":[{"count":4,"href":"https:\/\/www.caribaea.org\/en\/wp-json\/wp\/v2\/pages\/3641\/revisions"}],"predecessor-version":[{"id":12848,"href":"https:\/\/www.caribaea.org\/en\/wp-json\/wp\/v2\/pages\/3641\/revisions\/12848"}],"up":[{"embeddable":true,"href":"https:\/\/www.caribaea.org\/en\/wp-json\/wp\/v2\/pages\/3628"}],"wp:attachment":[{"href":"https:\/\/www.caribaea.org\/en\/wp-json\/wp\/v2\/media?parent=3641"}],"curies":[{"name":"wp","href":"https:\/\/api.w.org\/{rel}","templated":true}]}}