{"id":10541,"date":"2024-12-09T11:34:27","date_gmt":"2024-12-09T10:34:27","guid":{"rendered":"https:\/\/www.caribaea.org\/?page_id=10541"},"modified":"2025-08-11T16:19:22","modified_gmt":"2025-08-11T14:19:22","slug":"concurso-de-fotografia","status":"publish","type":"page","link":"https:\/\/www.caribaea.org\/es\/divulgacion\/concurso-de-fotografia\/","title":{"rendered":"Concurso de fotograf\u00eda"},"content":{"rendered":"<div id=\"pl-10541\"  class=\"panel-layout\" ><div id=\"pg-10541-0\"  class=\"panel-grid panel-no-style\" ><div id=\"pgc-10541-0-0\"  class=\"panel-grid-cell\" ><div id=\"panel-10541-0-0-0\" class=\"so-panel widget widget_sow-editor panel-first-child\" data-index=\"0\" ><div\n\t\t\t\n\t\t\tclass=\"so-widget-sow-editor so-widget-sow-editor-base\"\n\t\t\t\n\t\t><h3 class=\"widget-title\">Bienvenido\/a a la p\u00e1gina de nuestro concurso de fotograf\u00eda \"Caribaea Initiative Wildlife Photo Contest\"<\/h3>\n<div class=\"siteorigin-widget-tinymce textwidget\">\n\t<p>Sum\u00e9rgete en la biodiversidad excepcional de las islas del Caribe a trav\u00e9s de nuestro concurso de fotograf\u00eda. Aprovecha esta oportunidad \u00fanica para capturar y compartir la belleza singular de la fauna de esta regi\u00f3n. Tanto si eres fot\u00f3grafo aficionado como profesional, \u00fanete a nosotros para celebrar la incre\u00edble biodiversidad caribe\u00f1a. Comparte tus mejores fotos y contribuye a nuestra misi\u00f3n de proteger y valorar el patrimonio natural del Caribe insular.<\/p>\n<\/div>\n<\/div><\/div><div id=\"panel-10541-0-0-1\" class=\"so-panel widget widget_sow-editor\" data-index=\"1\" ><div\n\t\t\t\n\t\t\tclass=\"so-widget-sow-editor so-widget-sow-editor-base\"\n\t\t\t\n\t\t><h3 class=\"widget-title\">Resultados del Concurso \u2013 Edici\u00f3n 2025<\/h3>\n<div class=\"siteorigin-widget-tinymce textwidget\">\n\t<p data-start=\"67\" data-end=\"281\">\u00a1Nos complace anunciar a los ganadores del <strong data-start=\"110\" data-end=\"161\">Concurso de Fotograf\u00eda Caribaea Initiative 2025<\/strong>! Tras evaluar una gran cantidad de im\u00e1genes de alta calidad, el jurado ha seleccionado a los siguientes tres laureados:<\/p>\n<p data-start=\"283\" data-end=\"412\">\ud83e\udd47 <strong data-start=\"286\" data-end=\"301\">Kevin Sammy<\/strong> (Trinidad y Tobago)<br data-start=\"321\" data-end=\"324\" \/>\ud83e\udd48 <strong data-start=\"327\" data-end=\"342\">Daniel Mele<\/strong> (Islas V\u00edrgenes de los EE. UU.)<br data-start=\"374\" data-end=\"377\" \/>\ud83e\udd49 <strong data-start=\"380\" data-end=\"398\">Jos\u00e9 Almadovar<\/strong> (Puerto Rico)<\/p>\n<p data-start=\"414\" data-end=\"451\">\u00a1Felicidades a los tres ganadores!<\/p>\n<\/div>\n<\/div><\/div><div id=\"panel-10541-0-0-2\" class=\"so-panel widget widget_media_video panel-last-child\" data-index=\"2\" ><div style=\"width:100%;\" class=\"wp-video\"><video class=\"wp-video-shortcode\" id=\"video-10541-2\" preload=\"metadata\" controls=\"controls\"><source type=\"video\/youtube\" src=\"https:\/\/www.youtube.com\/watch?v=R7oxMHJSHiI&#038;t=120s&#038;_=2\" \/><a href=\"https:\/\/www.youtube.com\/watch?v=R7oxMHJSHiI&#038;t=120s\">https:\/\/www.youtube.com\/watch?v=R7oxMHJSHiI&#038;t=120s<\/a><\/video><\/div><\/div><\/div><\/div><div id=\"pg-10541-1\"  class=\"panel-grid panel-no-style\" ><div id=\"pgc-10541-1-0\"  class=\"panel-grid-cell\" ><div id=\"panel-10541-1-0-0\" class=\"so-panel widget widget_sow-editor panel-first-child\" data-index=\"3\" ><div\n\t\t\t\n\t\t\tclass=\"so-widget-sow-editor so-widget-sow-editor-base\"\n\t\t\t\n\t\t><h3 class=\"widget-title\">Premios<\/h3>\n<div class=\"siteorigin-widget-tinymce textwidget\">\n\t<ul>\n<li><strong>1\u00ba premio<\/strong>: 2000 \u20ac<\/li>\n<li><strong>2\u00ba premio<\/strong>: 800 \u20ac<\/li>\n<li><strong>3\u00ba premio<\/strong>: 300 \u20ac<\/li>\n<li>22 Menciones honor\u00edficas<\/li>\n<\/ul>\n<p>Todos los ganadores tambi\u00e9n recibieron un certificado. Las 25 fotos premiadas fueron presentadas durante nuestra Caribaea Initiative Research &amp; Conservation Conference, que tuvo lugar en junio de 2025 en Martinica.<\/p>\n<\/div>\n<\/div><\/div><div id=\"panel-10541-1-0-1\" class=\"so-panel widget widget_sow-editor panel-last-child\" data-index=\"4\" ><div\n\t\t\t\n\t\t\tclass=\"so-widget-sow-editor so-widget-sow-editor-base\"\n\t\t\t\n\t\t><h3 class=\"widget-title\">Jurado<\/h3>\n<div class=\"siteorigin-widget-tinymce textwidget\">\n\t<p>Estamos orgullosos de contar con un jurado compuesto por mujeres y hombres de diversas procedencias geogr\u00e1ficas y formaciones acad\u00e9micas, que re\u00fane a miembros del equipo de Caribaea Initiative, de su Consejo Cient\u00edfico, de su Consejo de Administraci\u00f3n, as\u00ed como a fot\u00f3grafos profesionales. Cada fotograf\u00eda es evaluada de forma independiente por cada miembro del jurado y de manera an\u00f3nima.<\/p>\n<ul>\n<li><strong>Dr. Christopher Cambrone<\/strong> \u2013 Caribaea Initiative, Coordinador cient\u00edfico<\/li>\n<li><strong>Sra. Chantal Comte<\/strong> \u2013 Presidenta del Consejo de Supervisi\u00f3n del grupo Comte-Serres y directora general de Rhum Chantal Comte, Miembro del Consejo de Administraci\u00f3n de Caribaea Initiative<\/li>\n<li><strong>Dra. Reia Guppy<\/strong> \u2013 Profesora asociada, Universidad de Trinidad y Tobago, Miembro del Consejo Cient\u00edfico de Caribaea Initiative<\/li>\n<li><strong>Dra. Nicole Herbert<\/strong> \u2013 Investigadora postdoctoral, Ross University School of Veterinary Medicine, Miembro del Consejo de Administraci\u00f3n de Caribaea Initiative<\/li>\n<li><strong>Prof. Jos\u00e9-David Hernandez-Martich<\/strong> \u2013 Universidad Aut\u00f3noma de Santo Domingo, Miembro del Consejo Cient\u00edfico de Caribaea Initiative<\/li>\n<li><strong>Dra. Sophie Labaude<\/strong> \u2013 Caribaea Initiative, Responsable de comunicaci\u00f3n y valorizaci\u00f3n de proyectos<\/li>\n<li><strong>Sr. Samuel Nugues<\/strong> \u2013 Fot\u00f3grafo independiente \u2013 <a href=\"https:\/\/www.samuelnugues.com\/nature\" target=\"_blank\" rel=\"noopener\">sitio web<\/a> \u2013 <a href=\"https:\/\/www.instagram.com\/samuelnugues_wildlife\" target=\"_blank\" rel=\"noopener\">Instagram<\/a><\/li>\n<li><strong>Sr. Hugo Pichol<\/strong> \u2013 Fot\u00f3grafo de fauna submarina e hidrobi\u00f3logo \u2013 <a href=\"https:\/\/www.fluviatilis.fr\/\" target=\"_blank\" rel=\"noopener\">sitio web<\/a> \u2013 <a href=\"https:\/\/www.instagram.com\/hugo_pichol_fluviatilis\" target=\"_blank\" rel=\"noopener\">Instagram<\/a><\/li>\n<li><strong>Sr. Thomas Prat<\/strong> \u2013 Fot\u00f3grafo de fauna y profesor de franc\u00e9s como lengua extranjera \u2013 <a href=\"https:\/\/www.thomas-prat.com\/\" target=\"_blank\" rel=\"noopener\">sitio web<\/a> \u2013 <a href=\"https:\/\/www.instagram.com\/tom_prat_wildlife\" target=\"_blank\" rel=\"noopener\">Instagram<\/a><\/li>\n<\/ul>\n<\/div>\n<\/div><\/div><\/div><div id=\"pgc-10541-1-1\"  class=\"panel-grid-cell\" ><div id=\"panel-10541-1-1-0\" class=\"so-panel widget widget_sow-image panel-first-child panel-last-child\" data-index=\"5\" ><div\n\t\t\t\n\t\t\tclass=\"so-widget-sow-image so-widget-sow-image-default-8b5b6f678277-10541\"\n\t\t\t\n\t\t>\n<div class=\"sow-image-container\">\n\t\t\t<a href=\"https:\/\/www.caribaea.org\/wp-content\/uploads\/2025\/01\/Concurso_foto.pdf\"\n\t\t\ttarget=\"_blank\" rel=\"noopener noreferrer\" \t\t>\n\t\t\t<img \n\tsrc=\"https:\/\/www.caribaea.org\/wp-content\/uploads\/2025\/01\/Concurso_Caribaea_Initiative-1-scaled.jpg\" width=\"1810\" height=\"2560\" srcset=\"https:\/\/www.caribaea.org\/wp-content\/uploads\/2025\/01\/Concurso_Caribaea_Initiative-1-scaled.jpg 1810w, https:\/\/www.caribaea.org\/wp-content\/uploads\/2025\/01\/Concurso_Caribaea_Initiative-1-212x300.jpg 212w, https:\/\/www.caribaea.org\/wp-content\/uploads\/2025\/01\/Concurso_Caribaea_Initiative-1-724x1024.jpg 724w, https:\/\/www.caribaea.org\/wp-content\/uploads\/2025\/01\/Concurso_Caribaea_Initiative-1-768x1086.jpg 768w, https:\/\/www.caribaea.org\/wp-content\/uploads\/2025\/01\/Concurso_Caribaea_Initiative-1-1086x1536.jpg 1086w, https:\/\/www.caribaea.org\/wp-content\/uploads\/2025\/01\/Concurso_Caribaea_Initiative-1-1448x2048.jpg 1448w, https:\/\/www.caribaea.org\/wp-content\/uploads\/2025\/01\/Concurso_Caribaea_Initiative-1-958x1355.jpg 958w\" sizes=\"(max-width: 1810px) 100vw, 1810px\" title=\"Concurso_Caribaea_Initiative\" alt=\"\" \t\tclass=\"so-widget-image\"\/>\n\t\t\t<\/a><\/div>\n\n<\/div><\/div><\/div><\/div><div id=\"pg-10541-2\"  class=\"panel-grid panel-no-style\" ><div id=\"pgc-10541-2-0\"  class=\"panel-grid-cell\" ><div id=\"panel-10541-2-0-0\" class=\"so-panel widget widget_sow-editor panel-first-child\" data-index=\"6\" ><div\n\t\t\t\n\t\t\tclass=\"so-widget-sow-editor so-widget-sow-editor-base\"\n\t\t\t\n\t\t><h3 class=\"widget-title\">Agradecimientos<\/h3>\n<div class=\"siteorigin-widget-tinymce textwidget\">\n\t<p>El concurso de fotograf\u00eda de Caribaea Initiative fue posible gracias al generoso apoyo del <strong data-start=\"632\" data-end=\"654\">Grupo Comte-Serres<\/strong> y de los <strong data-start=\"664\" data-end=\"687\">Rones Chantal Comte<\/strong>, a quienes agradecemos sinceramente.<br data-start=\"724\" data-end=\"727\" \/>Expresamos tambi\u00e9n un agradecimiento muy especial a <strong data-start=\"779\" data-end=\"804\">la Sra. Chantal Comte<\/strong>, miembro del Consejo de Administraci\u00f3n de Caribaea Initiative, quien fue la impulsora de esta hermosa iniciativa y se involucr\u00f3 personalmente para garantizar su \u00e9xito.<\/p>\n<p><img loading=\"lazy\" decoding=\"async\" width=\"300\" height=\"101\" class=\"alignleft size-medium wp-image-11957\" src=\"https:\/\/www.caribaea.org\/wp-content\/uploads\/2025\/05\/Comte_Serres-300x101.png\" alt=\"\" srcset=\"https:\/\/www.caribaea.org\/wp-content\/uploads\/2025\/05\/Comte_Serres-300x101.png 300w, https:\/\/www.caribaea.org\/wp-content\/uploads\/2025\/05\/Comte_Serres-1024x344.png 1024w, https:\/\/www.caribaea.org\/wp-content\/uploads\/2025\/05\/Comte_Serres-768x258.png 768w, https:\/\/www.caribaea.org\/wp-content\/uploads\/2025\/05\/Comte_Serres-958x322.png 958w, https:\/\/www.caribaea.org\/wp-content\/uploads\/2025\/05\/Comte_Serres-1280x437.png 1280w, https:\/\/www.caribaea.org\/wp-content\/uploads\/2025\/05\/Comte_Serres.png 1301w\" sizes=\"auto, (max-width: 300px) 100vw, 300px\" \/> <img loading=\"lazy\" decoding=\"async\" class=\"alignleft wp-image-11960\" src=\"https:\/\/www.caribaea.org\/wp-content\/uploads\/2025\/05\/Rhum_Chantal_Comte-300x215.jpg\" alt=\"\" width=\"141\" height=\"101\" srcset=\"https:\/\/www.caribaea.org\/wp-content\/uploads\/2025\/05\/Rhum_Chantal_Comte-300x215.jpg 300w, https:\/\/www.caribaea.org\/wp-content\/uploads\/2025\/05\/Rhum_Chantal_Comte.jpg 600w\" sizes=\"auto, (max-width: 141px) 100vw, 141px\" \/><\/p>\n<\/div>\n<\/div><\/div><div id=\"panel-10541-2-0-1\" class=\"so-panel widget widget_sow-editor\" data-index=\"7\" ><div\n\t\t\t\n\t\t\tclass=\"so-widget-sow-editor so-widget-sow-editor-base\"\n\t\t\t\n\t\t><h3 class=\"widget-title\">Descargar el reglamento completo del concurso<\/h3>\n<div class=\"siteorigin-widget-tinymce textwidget\">\n\t<p>El reglamento completo del concurso de fotograf\u00eda est\u00e1 <a href=\"https:\/\/www.caribaea.org\/wp-content\/uploads\/2024\/12\/Photo_contest_rules_CI.pdf\" target=\"_blank\" rel=\"noopener\">disponible para descargar aqu\u00ed<\/a>.<\/p>\n<\/div>\n<\/div><\/div><div id=\"panel-10541-2-0-2\" class=\"so-panel widget widget_sow-editor panel-last-child\" data-index=\"8\" ><div\n\t\t\t\n\t\t\tclass=\"so-widget-sow-editor so-widget-sow-editor-base\"\n\t\t\t\n\t\t><h3 class=\"widget-title\">\u00a1Gracias por tu participaci\u00f3n!<\/h3>\n<div class=\"siteorigin-widget-tinymce textwidget\">\n\t<p>Al participar en este concurso, contribuyes a apoyar nuestra misi\u00f3n de proteger la biodiversidad del Caribe insular. \u00a1S\u00edguenos en las redes sociales o hazte miembro para estar al tanto de nuestros futuros eventos!<\/p>\n<\/div>\n<\/div><\/div><\/div><\/div><\/div>","protected":false},"excerpt":{"rendered":"<p>Sum\u00e9rgete en la biodiversidad excepcional de las islas del Caribe a trav\u00e9s de nuestro concurso de fotograf\u00eda. Aprovecha esta oportunidad \u00fanica para capturar y compartir la belleza singular de la fauna de esta regi\u00f3n. Tanto si eres fot\u00f3grafo aficionado como profesional, \u00fanete a nosotros para celebrar la incre\u00edble biodiversidad caribe\u00f1a. Comparte tus mejores fotos y [&hellip;]<\/p>\n","protected":false},"author":34,"featured_media":0,"parent":5218,"menu_order":5,"comment_status":"closed","ping_status":"closed","template":"","meta":{"footnotes":""},"class_list":["post-10541","page","type-page","status-publish","hentry"],"yoast_head":"<!-- This site is optimized with the Yoast SEO plugin v26.6 - https:\/\/yoast.com\/wordpress\/plugins\/seo\/ -->\n<title>Concurso de fotograf\u00eda - Caribaea Initiative<\/title>\n<meta name=\"robots\" content=\"index, follow, max-snippet:-1, max-image-preview:large, max-video-preview:-1\" \/>\n<link rel=\"canonical\" href=\"https:\/\/www.caribaea.org\/en\/outreach\/photo-contest\/\" \/>\n<meta property=\"og:locale\" content=\"es_ES\" \/>\n<meta property=\"og:type\" content=\"article\" \/>\n<meta property=\"og:title\" content=\"Concurso de fotograf\u00eda - Caribaea Initiative\" \/>\n<meta property=\"og:description\" content=\"Sum\u00e9rgete en la biodiversidad excepcional de las islas del Caribe a trav\u00e9s de nuestro concurso de fotograf\u00eda. Aprovecha esta oportunidad \u00fanica para capturar y compartir la belleza singular de la fauna de esta regi\u00f3n. Tanto si eres fot\u00f3grafo aficionado como profesional, \u00fanete a nosotros para celebrar la incre\u00edble biodiversidad caribe\u00f1a. Comparte tus mejores fotos y [&hellip;]\" \/>\n<meta property=\"og:url\" content=\"https:\/\/www.caribaea.org\/en\/outreach\/photo-contest\/\" \/>\n<meta property=\"og:site_name\" content=\"Caribaea Initiative\" \/>\n<meta property=\"article:modified_time\" content=\"2025-08-11T14:19:22+00:00\" \/>\n<meta property=\"og:image\" content=\"https:\/\/www.caribaea.org\/wp-content\/uploads\/2025\/05\/Comte_Serres-300x101.png\" \/>\n<meta name=\"twitter:card\" content=\"summary_large_image\" \/>\n<meta name=\"twitter:label1\" content=\"Tiempo de lectura\" \/>\n\t<meta name=\"twitter:data1\" content=\"3 minutos\" \/>\n<script type=\"application\/ld+json\" class=\"yoast-schema-graph\">{\"@context\":\"https:\/\/schema.org\",\"@graph\":[{\"@type\":\"WebPage\",\"@id\":\"https:\/\/www.caribaea.org\/en\/outreach\/photo-contest\/\",\"url\":\"https:\/\/www.caribaea.org\/en\/outreach\/photo-contest\/\",\"name\":\"Concurso de fotograf\u00eda - Caribaea Initiative\",\"isPartOf\":{\"@id\":\"https:\/\/www.caribaea.org\/en\/#website\"},\"primaryImageOfPage\":{\"@id\":\"https:\/\/www.caribaea.org\/en\/outreach\/photo-contest\/#primaryimage\"},\"image\":{\"@id\":\"https:\/\/www.caribaea.org\/en\/outreach\/photo-contest\/#primaryimage\"},\"thumbnailUrl\":\"https:\/\/www.caribaea.org\/wp-content\/uploads\/2025\/05\/Comte_Serres-300x101.png\",\"datePublished\":\"2024-12-09T10:34:27+00:00\",\"dateModified\":\"2025-08-11T14:19:22+00:00\",\"breadcrumb\":{\"@id\":\"https:\/\/www.caribaea.org\/en\/outreach\/photo-contest\/#breadcrumb\"},\"inLanguage\":\"es\",\"potentialAction\":[{\"@type\":\"ReadAction\",\"target\":[\"https:\/\/www.caribaea.org\/en\/outreach\/photo-contest\/\"]}]},{\"@type\":\"ImageObject\",\"inLanguage\":\"es\",\"@id\":\"https:\/\/www.caribaea.org\/en\/outreach\/photo-contest\/#primaryimage\",\"url\":\"https:\/\/www.caribaea.org\/wp-content\/uploads\/2025\/05\/Comte_Serres-300x101.png\",\"contentUrl\":\"https:\/\/www.caribaea.org\/wp-content\/uploads\/2025\/05\/Comte_Serres-300x101.png\"},{\"@type\":\"BreadcrumbList\",\"@id\":\"https:\/\/www.caribaea.org\/en\/outreach\/photo-contest\/#breadcrumb\",\"itemListElement\":[{\"@type\":\"ListItem\",\"position\":1,\"name\":\"Accueil\",\"item\":\"https:\/\/www.caribaea.org\/es\/\"},{\"@type\":\"ListItem\",\"position\":2,\"name\":\"Divulgaci\u00f3n\",\"item\":\"https:\/\/www.caribaea.org\/en\/outreach\/\"},{\"@type\":\"ListItem\",\"position\":3,\"name\":\"Concurso de fotograf\u00eda\"}]},{\"@type\":\"WebSite\",\"@id\":\"https:\/\/www.caribaea.org\/en\/#website\",\"url\":\"https:\/\/www.caribaea.org\/en\/\",\"name\":\"Caribaea Initiative\",\"description\":\"\",\"potentialAction\":[{\"@type\":\"SearchAction\",\"target\":{\"@type\":\"EntryPoint\",\"urlTemplate\":\"https:\/\/www.caribaea.org\/en\/?s={search_term_string}\"},\"query-input\":{\"@type\":\"PropertyValueSpecification\",\"valueRequired\":true,\"valueName\":\"search_term_string\"}}],\"inLanguage\":\"es\"}]}<\/script>\n<!-- \/ Yoast SEO plugin. -->","yoast_head_json":{"title":"Concurso de fotograf\u00eda - Caribaea Initiative","robots":{"index":"index","follow":"follow","max-snippet":"max-snippet:-1","max-image-preview":"max-image-preview:large","max-video-preview":"max-video-preview:-1"},"canonical":"https:\/\/www.caribaea.org\/en\/outreach\/photo-contest\/","og_locale":"es_ES","og_type":"article","og_title":"Concurso de fotograf\u00eda - Caribaea Initiative","og_description":"Sum\u00e9rgete en la biodiversidad excepcional de las islas del Caribe a trav\u00e9s de nuestro concurso de fotograf\u00eda. Aprovecha esta oportunidad \u00fanica para capturar y compartir la belleza singular de la fauna de esta regi\u00f3n. Tanto si eres fot\u00f3grafo aficionado como profesional, \u00fanete a nosotros para celebrar la incre\u00edble biodiversidad caribe\u00f1a. Comparte tus mejores fotos y [&hellip;]","og_url":"https:\/\/www.caribaea.org\/en\/outreach\/photo-contest\/","og_site_name":"Caribaea Initiative","article_modified_time":"2025-08-11T14:19:22+00:00","og_image":[{"url":"https:\/\/www.caribaea.org\/wp-content\/uploads\/2025\/05\/Comte_Serres-300x101.png","type":"","width":"","height":""}],"twitter_card":"summary_large_image","twitter_misc":{"Tiempo de lectura":"3 minutos"},"schema":{"@context":"https:\/\/schema.org","@graph":[{"@type":"WebPage","@id":"https:\/\/www.caribaea.org\/en\/outreach\/photo-contest\/","url":"https:\/\/www.caribaea.org\/en\/outreach\/photo-contest\/","name":"Concurso de fotograf\u00eda - Caribaea Initiative","isPartOf":{"@id":"https:\/\/www.caribaea.org\/en\/#website"},"primaryImageOfPage":{"@id":"https:\/\/www.caribaea.org\/en\/outreach\/photo-contest\/#primaryimage"},"image":{"@id":"https:\/\/www.caribaea.org\/en\/outreach\/photo-contest\/#primaryimage"},"thumbnailUrl":"https:\/\/www.caribaea.org\/wp-content\/uploads\/2025\/05\/Comte_Serres-300x101.png","datePublished":"2024-12-09T10:34:27+00:00","dateModified":"2025-08-11T14:19:22+00:00","breadcrumb":{"@id":"https:\/\/www.caribaea.org\/en\/outreach\/photo-contest\/#breadcrumb"},"inLanguage":"es","potentialAction":[{"@type":"ReadAction","target":["https:\/\/www.caribaea.org\/en\/outreach\/photo-contest\/"]}]},{"@type":"ImageObject","inLanguage":"es","@id":"https:\/\/www.caribaea.org\/en\/outreach\/photo-contest\/#primaryimage","url":"https:\/\/www.caribaea.org\/wp-content\/uploads\/2025\/05\/Comte_Serres-300x101.png","contentUrl":"https:\/\/www.caribaea.org\/wp-content\/uploads\/2025\/05\/Comte_Serres-300x101.png"},{"@type":"BreadcrumbList","@id":"https:\/\/www.caribaea.org\/en\/outreach\/photo-contest\/#breadcrumb","itemListElement":[{"@type":"ListItem","position":1,"name":"Accueil","item":"https:\/\/www.caribaea.org\/es\/"},{"@type":"ListItem","position":2,"name":"Divulgaci\u00f3n","item":"https:\/\/www.caribaea.org\/en\/outreach\/"},{"@type":"ListItem","position":3,"name":"Concurso de fotograf\u00eda"}]},{"@type":"WebSite","@id":"https:\/\/www.caribaea.org\/en\/#website","url":"https:\/\/www.caribaea.org\/en\/","name":"Caribaea Initiative","description":"","potentialAction":[{"@type":"SearchAction","target":{"@type":"EntryPoint","urlTemplate":"https:\/\/www.caribaea.org\/en\/?s={search_term_string}"},"query-input":{"@type":"PropertyValueSpecification","valueRequired":true,"valueName":"search_term_string"}}],"inLanguage":"es"}]}},"_links":{"self":[{"href":"https:\/\/www.caribaea.org\/es\/wp-json\/wp\/v2\/pages\/10541","targetHints":{"allow":["GET"]}}],"collection":[{"href":"https:\/\/www.caribaea.org\/es\/wp-json\/wp\/v2\/pages"}],"about":[{"href":"https:\/\/www.caribaea.org\/es\/wp-json\/wp\/v2\/types\/page"}],"author":[{"embeddable":true,"href":"https:\/\/www.caribaea.org\/es\/wp-json\/wp\/v2\/users\/34"}],"replies":[{"embeddable":true,"href":"https:\/\/www.caribaea.org\/es\/wp-json\/wp\/v2\/comments?post=10541"}],"version-history":[{"count":3,"href":"https:\/\/www.caribaea.org\/es\/wp-json\/wp\/v2\/pages\/10541\/revisions"}],"predecessor-version":[{"id":12210,"href":"https:\/\/www.caribaea.org\/es\/wp-json\/wp\/v2\/pages\/10541\/revisions\/12210"}],"up":[{"embeddable":true,"href":"https:\/\/www.caribaea.org\/es\/wp-json\/wp\/v2\/pages\/5218"}],"wp:attachment":[{"href":"https:\/\/www.caribaea.org\/es\/wp-json\/wp\/v2\/media?parent=10541"}],"curies":[{"name":"wp","href":"https:\/\/api.w.org\/{rel}","templated":true}]}}