{"id":11608,"date":"2025-03-19T11:05:50","date_gmt":"2025-03-19T10:05:50","guid":{"rendered":"https:\/\/www.caribaea.org\/?page_id=11608"},"modified":"2025-05-30T14:36:39","modified_gmt":"2025-05-30T12:36:39","slug":"simposio1","status":"publish","type":"page","link":"https:\/\/www.caribaea.org\/es\/divulgacion\/conferencias\/conferencia-2025\/simposio1\/","title":{"rendered":"Simposio \u00abCaza, gesti\u00f3n de fauna silvestre y conservaci\u00f3n en el Caribe insular\u00bb"},"content":{"rendered":"<div id=\"pl-11608\"  class=\"panel-layout\" ><div id=\"pg-11608-0\"  class=\"panel-grid panel-has-style\" ><div class=\"siteorigin-panels-stretch panel-row-style panel-row-style-for-11608-0\" data-stretch-type=\"full\" ><div id=\"pgc-11608-0-0\"  class=\"panel-grid-cell\" ><div id=\"panel-11608-0-0-0\" class=\"so-panel widget widget_sow-editor panel-first-child panel-last-child\" data-index=\"0\" ><div class=\"panel-widget-style panel-widget-style-for-11608-0-0-0\" ><div\n\t\t\t\n\t\t\tclass=\"so-widget-sow-editor so-widget-sow-editor-base\"\n\t\t\t\n\t\t>\n<div class=\"siteorigin-widget-tinymce textwidget\">\n\t<p>En el Caribe insular, la conservaci\u00f3n de las especies cineg\u00e9ticas y sus h\u00e1bitats es un tema crucial para preservar la biodiversidad regional. El simposio \"<strong>Caza, gesti\u00f3n de la fauna y conservaci\u00f3n en el Caribe insular<\/strong>\" tiene como objetivo evaluar los desaf\u00edos y oportunidades relacionados con la gesti\u00f3n sostenible de las especies cazables y fomentar la colaboraci\u00f3n constructiva entre cazadores, cient\u00edficos y actores de la conservaci\u00f3n.<\/p>\n<h5><span style=\"color: #e95b2b;\"><strong>Descripci\u00f3n y programa<\/strong><\/span><\/h5>\n<p><a href=\"https:\/\/www.caribaea.org\/wp-content\/uploads\/2025\/05\/Presentation-symposium-Chasse-et-conservation-dans-la-Caraibe.pdf\" target=\"_blank\" rel=\"noopener\">&gt;&gt; Descargar la descripci\u00f3n del simposio (PDF en franc\u00e9s)<\/a><\/p>\n<h5><span style=\"color: #e95b2b;\"><strong>Fecha y lugar<\/strong><\/span><\/h5>\n<p>Este simposio forma parte de la <a href=\"https:\/\/www.caribaea.org\/es\/divulgacion\/conferencias\/conferencia-2025\/\"><em>Caribaea Initiative Research &amp; Conservation Conference<\/em><\/a> y tendr\u00e1 lugar en el <strong>Hotel Karibea Sainte Luce, Martinica<\/strong>, el <strong>12 de junio de 2025<\/strong>.<\/p>\n<h5><span style=\"color: #e95b2b;\"><strong>Participantes<\/strong><\/span><\/h5>\n<p>El simposio est\u00e1 abierto a todos los asistentes registrados en la conferencia. Reunir\u00e1 a investigadores y estudiantes, gestores de fauna, miembros de federaciones de caza, representantes de diversas ONG internacionales y otros actores involucrados en la conservaci\u00f3n de la biodiversidad del Caribe.<\/p>\n<h5><span style=\"color: #e95b2b;\"><strong>Programa<\/strong><\/span><\/h5>\n<p>El simposio se llevar\u00e1 a cabo durante un d\u00eda completo e incluir\u00e1:<\/p>\n<ul>\n<li>Presentaciones generales y espec\u00edficas sobre los problemas relacionados con la caza y la conservaci\u00f3n en el Caribe insular<\/li>\n<li>Una mesa redonda que permitir\u00e1 el intercambio directo entre los diferentes actores<\/li>\n<\/ul>\n<h5><span style=\"color: #e95b2b;\"><strong>Conferencistas principales<\/strong><\/span><\/h5>\n<ul>\n<li><strong>Dr. Howard Nelson<\/strong> (Fauna and Flora International, Universidad de Cambridge): \"Pathways to sustainable hunting in the insular Caribbean\"<\/li>\n<li><strong>Dr. Erica Von Essen<\/strong> (Universidad de Estocolmo): \"Killing for conservation: Reconciling hunting with biodiversity agendas\"<\/li>\n<li><strong>Dr. Roger Pradel<\/strong> (CEFE CNRS, Montpellier): \"Monitoring harvested populations\"<\/li>\n<\/ul>\n<h5><span style=\"color: #e95b2b;\"><strong>Idioma<\/strong><\/span><\/h5>\n<p>El simposio se llevar\u00e1 a cabo en ingl\u00e9s. Se dispondr\u00e1 de interpretaci\u00f3n simult\u00e1nea ingl\u00e9s-franc\u00e9s durante todo el evento.<\/p>\n<h5><span style=\"color: #e95b2b;\"><strong>Inscripci\u00f3n y convocatoria de res\u00famenes<\/strong><\/span><\/h5>\n<p>La inscripci\u00f3n al simposio est\u00e1 incluida para todos los participantes registrados en la conferencia (<a href=\"https:\/\/www.caribaea.org\/en\/outreach\/conferences\/conference-2025\/\">ver la p\u00e1gina dedicada a la conferencia<\/a>).<br \/>\nTambi\u00e9n es posible inscribirse \u00fanicamente en el simposio por un costo de <strong>150 \u20ac<\/strong> (tarifa reducida de <strong>100 \u20ac<\/strong> para los miembros de las Federaciones de Caza de Martinica y Guadalupe). Para m\u00e1s informaci\u00f3n, cont\u00e1ctenos antes del 6 de junio en: <a href=\"mailto:conference2025@caribaea.org\">conference2025[at]caribaea.org<\/a>.<\/p>\n<p>Quienes deseen presentar en el simposio pueden enviar una propuesta utilizando <a href=\"https:\/\/www.caribaea.org\/wp-content\/uploads\/2025\/01\/Caribaea_Initiative_Conference2025_Abstract_Submission_form.docx\" target=\"_blank\" rel=\"noopener\">el formulario descargable disponible aqu\u00ed<\/a>. Por favor, aseg\u00farese de seguir todas las directrices de presentaci\u00f3n y env\u00ede el formulario completado a <a href=\"mailto:conference2025@caribaea.org\">conference2025[at]caribaea.org<\/a>. La fecha l\u00edmite para enviar propuestas de presentaciones orales es el 22 de abril de 2025, mientras que las propuestas de p\u00f3ster pueden enviarse hasta el 31 de mayo de 2025. Las propuestas ser\u00e1n revisadas por nuestro comit\u00e9 cient\u00edfico, y los autores ser\u00e1n notificados de las decisiones de manera continua.<\/p>\n<h5><span style=\"color: #e95b2b;\"><strong>Socios<\/strong><\/span><\/h5>\n<p>Agradecemos sinceramente a nuestros socios \"Gold\" por hacer posible este evento:<\/p>\n<ul>\n<li><strong>F\u00e9d\u00e9ration D\u00e9partementale des Chasseurs de Martinique<\/strong><\/li>\n<li><strong>F\u00e9d\u00e9ration D\u00e9partementale des Chasseurs de Guadeloupe<\/strong><\/li>\n<\/ul>\n<p>Estas federaciones de caza tambi\u00e9n son socias de Caribaea Initiative como parte de <a href=\"https:\/\/www.caribaea.org\/es\/nuestros-proyectos\/programas-de-investigacion-y-educacion\/proyecto-espacypa\/\">nuestro proyecto ESPACYPA<\/a>, dedicado al monitoreo de diversas especies de aves en las Antillas Menores.<\/p>\n<p><img loading=\"lazy\" decoding=\"async\" class=\"alignleft wp-image-9183\" src=\"https:\/\/www.caribaea.org\/wp-content\/uploads\/2023\/11\/F\u00e9d\u00e9ration_Chasseurs_Martinique-300x293.jpg\" alt=\"\" width=\"153\" height=\"150\" srcset=\"https:\/\/www.caribaea.org\/wp-content\/uploads\/2023\/11\/F\u00e9d\u00e9ration_Chasseurs_Martinique-300x293.jpg 300w, https:\/\/www.caribaea.org\/wp-content\/uploads\/2023\/11\/F\u00e9d\u00e9ration_Chasseurs_Martinique.jpg 318w\" sizes=\"auto, (max-width: 153px) 100vw, 153px\" \/><br \/>\n<img loading=\"lazy\" decoding=\"async\" class=\"alignleft wp-image-8783\" src=\"https:\/\/www.caribaea.org\/wp-content\/uploads\/2023\/05\/logo-fdcg-coul-300x228.png\" alt=\"\" width=\"198\" height=\"150\" srcset=\"https:\/\/www.caribaea.org\/wp-content\/uploads\/2023\/05\/logo-fdcg-coul-300x228.png 300w, https:\/\/www.caribaea.org\/wp-content\/uploads\/2023\/05\/logo-fdcg-coul-1024x777.png 1024w, https:\/\/www.caribaea.org\/wp-content\/uploads\/2023\/05\/logo-fdcg-coul-768x582.png 768w, https:\/\/www.caribaea.org\/wp-content\/uploads\/2023\/05\/logo-fdcg-coul-1536x1165.png 1536w, https:\/\/www.caribaea.org\/wp-content\/uploads\/2023\/05\/logo-fdcg-coul-2048x1553.png 2048w, https:\/\/www.caribaea.org\/wp-content\/uploads\/2023\/05\/logo-fdcg-coul-958x727.png 958w, https:\/\/www.caribaea.org\/wp-content\/uploads\/2023\/05\/logo-fdcg-coul-800x600.png 800w\" sizes=\"auto, (max-width: 198px) 100vw, 198px\" \/><\/p>\n<\/div>\n<\/div><\/div><\/div><\/div><\/div><\/div><\/div>","protected":false},"excerpt":{"rendered":"<p>En el Caribe insular, la conservaci\u00f3n de las especies cineg\u00e9ticas y sus h\u00e1bitats es un tema crucial para preservar la biodiversidad regional. El simposio \u00abCaza, gesti\u00f3n de la fauna y conservaci\u00f3n en el Caribe insular\u00bb tiene como objetivo evaluar los desaf\u00edos y oportunidades relacionados con la gesti\u00f3n sostenible de las especies cazables y fomentar la [&hellip;]<\/p>\n","protected":false},"author":34,"featured_media":0,"parent":10756,"menu_order":3,"comment_status":"closed","ping_status":"closed","template":"","meta":{"footnotes":""},"class_list":["post-11608","page","type-page","status-publish","hentry"],"yoast_head":"<!-- This site is optimized with the Yoast SEO plugin v26.6 - https:\/\/yoast.com\/wordpress\/plugins\/seo\/ -->\n<title>Simposio &quot;Caza, gesti\u00f3n de fauna silvestre y conservaci\u00f3n en el Caribe insular&quot; - Caribaea Initiative<\/title>\n<meta name=\"robots\" content=\"index, follow, max-snippet:-1, max-image-preview:large, max-video-preview:-1\" \/>\n<link rel=\"canonical\" href=\"https:\/\/www.caribaea.org\/es\/divulgacion\/conferencias\/conferencia-2025\/simposio1\/\" \/>\n<meta property=\"og:locale\" content=\"es_ES\" \/>\n<meta property=\"og:type\" content=\"article\" \/>\n<meta property=\"og:title\" content=\"Simposio &quot;Caza, gesti\u00f3n de fauna silvestre y conservaci\u00f3n en el Caribe insular&quot; - Caribaea Initiative\" \/>\n<meta property=\"og:description\" content=\"En el Caribe insular, la conservaci\u00f3n de las especies cineg\u00e9ticas y sus h\u00e1bitats es un tema crucial para preservar la biodiversidad regional. El simposio &quot;Caza, gesti\u00f3n de la fauna y conservaci\u00f3n en el Caribe insular&quot; tiene como objetivo evaluar los desaf\u00edos y oportunidades relacionados con la gesti\u00f3n sostenible de las especies cazables y fomentar la [&hellip;]\" \/>\n<meta property=\"og:url\" content=\"https:\/\/www.caribaea.org\/es\/divulgacion\/conferencias\/conferencia-2025\/simposio1\/\" \/>\n<meta property=\"og:site_name\" content=\"Caribaea Initiative\" \/>\n<meta property=\"article:modified_time\" content=\"2025-05-30T12:36:39+00:00\" \/>\n<meta property=\"og:image\" content=\"https:\/\/www.caribaea.org\/wp-content\/uploads\/2023\/05\/logo-fdcg-coul-300x228.png\" \/>\n<meta name=\"twitter:card\" content=\"summary_large_image\" \/>\n<meta name=\"twitter:label1\" content=\"Tiempo de lectura\" \/>\n\t<meta name=\"twitter:data1\" content=\"3 minutos\" \/>\n<script type=\"application\/ld+json\" class=\"yoast-schema-graph\">{\"@context\":\"https:\/\/schema.org\",\"@graph\":[{\"@type\":\"WebPage\",\"@id\":\"https:\/\/www.caribaea.org\/es\/divulgacion\/conferencias\/conferencia-2025\/simposio1\/\",\"url\":\"https:\/\/www.caribaea.org\/es\/divulgacion\/conferencias\/conferencia-2025\/simposio1\/\",\"name\":\"Simposio \\\"Caza, gesti\u00f3n de fauna silvestre y conservaci\u00f3n en el Caribe insular\\\" - Caribaea Initiative\",\"isPartOf\":{\"@id\":\"https:\/\/www.caribaea.org\/en\/#website\"},\"primaryImageOfPage\":{\"@id\":\"https:\/\/www.caribaea.org\/es\/divulgacion\/conferencias\/conferencia-2025\/simposio1\/#primaryimage\"},\"image\":{\"@id\":\"https:\/\/www.caribaea.org\/es\/divulgacion\/conferencias\/conferencia-2025\/simposio1\/#primaryimage\"},\"thumbnailUrl\":\"https:\/\/www.caribaea.org\/wp-content\/uploads\/2023\/05\/logo-fdcg-coul-300x228.png\",\"datePublished\":\"2025-03-19T10:05:50+00:00\",\"dateModified\":\"2025-05-30T12:36:39+00:00\",\"breadcrumb\":{\"@id\":\"https:\/\/www.caribaea.org\/es\/divulgacion\/conferencias\/conferencia-2025\/simposio1\/#breadcrumb\"},\"inLanguage\":\"es\",\"potentialAction\":[{\"@type\":\"ReadAction\",\"target\":[\"https:\/\/www.caribaea.org\/es\/divulgacion\/conferencias\/conferencia-2025\/simposio1\/\"]}]},{\"@type\":\"ImageObject\",\"inLanguage\":\"es\",\"@id\":\"https:\/\/www.caribaea.org\/es\/divulgacion\/conferencias\/conferencia-2025\/simposio1\/#primaryimage\",\"url\":\"https:\/\/www.caribaea.org\/wp-content\/uploads\/2023\/05\/logo-fdcg-coul-300x228.png\",\"contentUrl\":\"https:\/\/www.caribaea.org\/wp-content\/uploads\/2023\/05\/logo-fdcg-coul-300x228.png\"},{\"@type\":\"BreadcrumbList\",\"@id\":\"https:\/\/www.caribaea.org\/es\/divulgacion\/conferencias\/conferencia-2025\/simposio1\/#breadcrumb\",\"itemListElement\":[{\"@type\":\"ListItem\",\"position\":1,\"name\":\"Accueil\",\"item\":\"https:\/\/www.caribaea.org\/es\/\"},{\"@type\":\"ListItem\",\"position\":2,\"name\":\"Divulgaci\u00f3n\",\"item\":\"https:\/\/www.caribaea.org\/en\/outreach\/\"},{\"@type\":\"ListItem\",\"position\":3,\"name\":\"Conferencias\",\"item\":\"https:\/\/www.caribaea.org\/es\/divulgacion\/conferencias\/\"},{\"@type\":\"ListItem\",\"position\":4,\"name\":\"Conferencia 2025\",\"item\":\"https:\/\/www.caribaea.org\/es\/divulgacion\/conferencias\/conferencia-2025\/\"},{\"@type\":\"ListItem\",\"position\":5,\"name\":\"Simposio &#8220;Caza, gesti\u00f3n de fauna silvestre y conservaci\u00f3n en el Caribe insular&#8221;\"}]},{\"@type\":\"WebSite\",\"@id\":\"https:\/\/www.caribaea.org\/en\/#website\",\"url\":\"https:\/\/www.caribaea.org\/en\/\",\"name\":\"Caribaea Initiative\",\"description\":\"\",\"potentialAction\":[{\"@type\":\"SearchAction\",\"target\":{\"@type\":\"EntryPoint\",\"urlTemplate\":\"https:\/\/www.caribaea.org\/en\/?s={search_term_string}\"},\"query-input\":{\"@type\":\"PropertyValueSpecification\",\"valueRequired\":true,\"valueName\":\"search_term_string\"}}],\"inLanguage\":\"es\"}]}<\/script>\n<!-- \/ Yoast SEO plugin. -->","yoast_head_json":{"title":"Simposio \"Caza, gesti\u00f3n de fauna silvestre y conservaci\u00f3n en el Caribe insular\" - Caribaea Initiative","robots":{"index":"index","follow":"follow","max-snippet":"max-snippet:-1","max-image-preview":"max-image-preview:large","max-video-preview":"max-video-preview:-1"},"canonical":"https:\/\/www.caribaea.org\/es\/divulgacion\/conferencias\/conferencia-2025\/simposio1\/","og_locale":"es_ES","og_type":"article","og_title":"Simposio \"Caza, gesti\u00f3n de fauna silvestre y conservaci\u00f3n en el Caribe insular\" - Caribaea Initiative","og_description":"En el Caribe insular, la conservaci\u00f3n de las especies cineg\u00e9ticas y sus h\u00e1bitats es un tema crucial para preservar la biodiversidad regional. El simposio \"Caza, gesti\u00f3n de la fauna y conservaci\u00f3n en el Caribe insular\" tiene como objetivo evaluar los desaf\u00edos y oportunidades relacionados con la gesti\u00f3n sostenible de las especies cazables y fomentar la [&hellip;]","og_url":"https:\/\/www.caribaea.org\/es\/divulgacion\/conferencias\/conferencia-2025\/simposio1\/","og_site_name":"Caribaea Initiative","article_modified_time":"2025-05-30T12:36:39+00:00","og_image":[{"url":"https:\/\/www.caribaea.org\/wp-content\/uploads\/2023\/05\/logo-fdcg-coul-300x228.png","type":"","width":"","height":""}],"twitter_card":"summary_large_image","twitter_misc":{"Tiempo de lectura":"3 minutos"},"schema":{"@context":"https:\/\/schema.org","@graph":[{"@type":"WebPage","@id":"https:\/\/www.caribaea.org\/es\/divulgacion\/conferencias\/conferencia-2025\/simposio1\/","url":"https:\/\/www.caribaea.org\/es\/divulgacion\/conferencias\/conferencia-2025\/simposio1\/","name":"Simposio \"Caza, gesti\u00f3n de fauna silvestre y conservaci\u00f3n en el Caribe insular\" - Caribaea Initiative","isPartOf":{"@id":"https:\/\/www.caribaea.org\/en\/#website"},"primaryImageOfPage":{"@id":"https:\/\/www.caribaea.org\/es\/divulgacion\/conferencias\/conferencia-2025\/simposio1\/#primaryimage"},"image":{"@id":"https:\/\/www.caribaea.org\/es\/divulgacion\/conferencias\/conferencia-2025\/simposio1\/#primaryimage"},"thumbnailUrl":"https:\/\/www.caribaea.org\/wp-content\/uploads\/2023\/05\/logo-fdcg-coul-300x228.png","datePublished":"2025-03-19T10:05:50+00:00","dateModified":"2025-05-30T12:36:39+00:00","breadcrumb":{"@id":"https:\/\/www.caribaea.org\/es\/divulgacion\/conferencias\/conferencia-2025\/simposio1\/#breadcrumb"},"inLanguage":"es","potentialAction":[{"@type":"ReadAction","target":["https:\/\/www.caribaea.org\/es\/divulgacion\/conferencias\/conferencia-2025\/simposio1\/"]}]},{"@type":"ImageObject","inLanguage":"es","@id":"https:\/\/www.caribaea.org\/es\/divulgacion\/conferencias\/conferencia-2025\/simposio1\/#primaryimage","url":"https:\/\/www.caribaea.org\/wp-content\/uploads\/2023\/05\/logo-fdcg-coul-300x228.png","contentUrl":"https:\/\/www.caribaea.org\/wp-content\/uploads\/2023\/05\/logo-fdcg-coul-300x228.png"},{"@type":"BreadcrumbList","@id":"https:\/\/www.caribaea.org\/es\/divulgacion\/conferencias\/conferencia-2025\/simposio1\/#breadcrumb","itemListElement":[{"@type":"ListItem","position":1,"name":"Accueil","item":"https:\/\/www.caribaea.org\/es\/"},{"@type":"ListItem","position":2,"name":"Divulgaci\u00f3n","item":"https:\/\/www.caribaea.org\/en\/outreach\/"},{"@type":"ListItem","position":3,"name":"Conferencias","item":"https:\/\/www.caribaea.org\/es\/divulgacion\/conferencias\/"},{"@type":"ListItem","position":4,"name":"Conferencia 2025","item":"https:\/\/www.caribaea.org\/es\/divulgacion\/conferencias\/conferencia-2025\/"},{"@type":"ListItem","position":5,"name":"Simposio &#8220;Caza, gesti\u00f3n de fauna silvestre y conservaci\u00f3n en el Caribe insular&#8221;"}]},{"@type":"WebSite","@id":"https:\/\/www.caribaea.org\/en\/#website","url":"https:\/\/www.caribaea.org\/en\/","name":"Caribaea Initiative","description":"","potentialAction":[{"@type":"SearchAction","target":{"@type":"EntryPoint","urlTemplate":"https:\/\/www.caribaea.org\/en\/?s={search_term_string}"},"query-input":{"@type":"PropertyValueSpecification","valueRequired":true,"valueName":"search_term_string"}}],"inLanguage":"es"}]}},"_links":{"self":[{"href":"https:\/\/www.caribaea.org\/es\/wp-json\/wp\/v2\/pages\/11608","targetHints":{"allow":["GET"]}}],"collection":[{"href":"https:\/\/www.caribaea.org\/es\/wp-json\/wp\/v2\/pages"}],"about":[{"href":"https:\/\/www.caribaea.org\/es\/wp-json\/wp\/v2\/types\/page"}],"author":[{"embeddable":true,"href":"https:\/\/www.caribaea.org\/es\/wp-json\/wp\/v2\/users\/34"}],"replies":[{"embeddable":true,"href":"https:\/\/www.caribaea.org\/es\/wp-json\/wp\/v2\/comments?post=11608"}],"version-history":[{"count":3,"href":"https:\/\/www.caribaea.org\/es\/wp-json\/wp\/v2\/pages\/11608\/revisions"}],"predecessor-version":[{"id":12010,"href":"https:\/\/www.caribaea.org\/es\/wp-json\/wp\/v2\/pages\/11608\/revisions\/12010"}],"up":[{"embeddable":true,"href":"https:\/\/www.caribaea.org\/es\/wp-json\/wp\/v2\/pages\/10756"}],"wp:attachment":[{"href":"https:\/\/www.caribaea.org\/es\/wp-json\/wp\/v2\/media?parent=11608"}],"curies":[{"name":"wp","href":"https:\/\/api.w.org\/{rel}","templated":true}]}}