{"id":12370,"date":"2025-11-04T17:41:14","date_gmt":"2025-11-04T16:41:14","guid":{"rendered":"https:\/\/www.caribaea.org\/?page_id=12370"},"modified":"2026-03-27T16:49:53","modified_gmt":"2026-03-27T15:49:53","slug":"gekkomar","status":"publish","type":"page","link":"https:\/\/www.caribaea.org\/es\/nuestros-proyectos\/programas-de-investigacion-y-educacion\/gekkomar\/","title":{"rendered":"Proyecto GEKKOMAR"},"content":{"rendered":"<div id=\"pl-12370\"  class=\"panel-layout\" ><div id=\"pg-12370-0\"  class=\"panel-grid panel-no-style\" ><div id=\"pgc-12370-0-0\"  class=\"panel-grid-cell\" ><div id=\"panel-12370-0-0-0\" class=\"so-panel widget widget_sow-editor panel-first-child panel-last-child\" data-index=\"0\" ><div\n\t\t\t\n\t\t\tclass=\"so-widget-sow-editor so-widget-sow-editor-base\"\n\t\t\t\n\t\t>\n<div class=\"siteorigin-widget-tinymce textwidget\">\n\t<p><strong><img loading=\"lazy\" decoding=\"async\" width=\"300\" height=\"300\" class=\"size-medium wp-image-12373 alignright\" src=\"https:\/\/www.caribaea.org\/wp-content\/uploads\/2025\/11\/Logo_Gekkomar-300x300.jpg\" alt=\"\" srcset=\"https:\/\/www.caribaea.org\/wp-content\/uploads\/2025\/11\/Logo_Gekkomar-300x300.jpg 300w, https:\/\/www.caribaea.org\/wp-content\/uploads\/2025\/11\/Logo_Gekkomar-1024x1024.jpg 1024w, https:\/\/www.caribaea.org\/wp-content\/uploads\/2025\/11\/Logo_Gekkomar-150x150.jpg 150w, https:\/\/www.caribaea.org\/wp-content\/uploads\/2025\/11\/Logo_Gekkomar-768x768.jpg 768w, https:\/\/www.caribaea.org\/wp-content\/uploads\/2025\/11\/Logo_Gekkomar-1536x1536.jpg 1536w, https:\/\/www.caribaea.org\/wp-content\/uploads\/2025\/11\/Logo_Gekkomar-958x958.jpg 958w, https:\/\/www.caribaea.org\/wp-content\/uploads\/2025\/11\/Logo_Gekkomar-80x80.jpg 80w, https:\/\/www.caribaea.org\/wp-content\/uploads\/2025\/11\/Logo_Gekkomar-100x100.jpg 100w, https:\/\/www.caribaea.org\/wp-content\/uploads\/2025\/11\/Logo_Gekkomar.jpg 1951w\" sizes=\"auto, (max-width: 300px) 100vw, 300px\" \/>T\u00edtulo completo:<\/strong> Desarrollo e implementaci\u00f3n de un programa de erradicaci\u00f3n del Gecko Tokay<br data-start=\"95\" data-end=\"98\" \/>(<em data-start=\"99\" data-end=\"112\">Gekko gecko<\/em>) en Martinica \u2013 GEKKOMAR<\/p>\n<p><strong>Objetivo:\u00a0<\/strong>Implementar en Martinica un programa de erradicaci\u00f3n del Gecko Tokay para proteger las especies locales.<\/p>\n<p><strong>Ubicaci\u00f3n:\u00a0<\/strong>Martinica<\/p>\n<p><strong>Fechas:<\/strong> 2025-2027<\/p>\n<p><strong>Resumen: <\/strong>El proyecto tiene como objetivo reducir dr\u00e1sticamente la poblaci\u00f3n del Gecko Tokay (<em data-start=\"415\" data-end=\"428\">Gekko gecko<\/em>), un reptil originario del sudeste asi\u00e1tico que se ha vuelto invasor en Martinica, donde amenaza a especies locales como el lagarto <em data-start=\"579\" data-end=\"604\">Thecadactylus rapicauda <\/em>y lagarto <em data-start=\"641\" data-end=\"667\">Sphaerodactylus vincenti<\/em>. Se basa en un m\u00e9todo innovador que combina la instalaci\u00f3n de refugios artificiales con la captura manual de los individuos. Una campa\u00f1a de sensibilizaci\u00f3n p\u00fablica acompa\u00f1a las acciones de campo con el fin de promover la aceptaci\u00f3n de las medidas de gesti\u00f3n de especies ex\u00f3ticas invasoras.<\/p>\n<p data-start=\"316\" data-end=\"960\">\n<p data-start=\"962\" data-end=\"1233\">El proyecto GEKKOMAR se apoya en los resultados del <a href=\"https:\/\/www.merci-project.com\/en\/\" target=\"_blank\" rel=\"noopener\">proyecto MERCI<\/a> (2021\u20132023), dirigido por Caribaea Initiative con el apoyo de Interreg Cara\u00efbes, que permiti\u00f3 desarrollar un m\u00e9todo de captura adaptado. A continuaci\u00f3n, se presenta un video con las acciones realizadas:<\/p>\n<\/div>\n<\/div><\/div><\/div><\/div><div id=\"pg-12370-1\"  class=\"panel-grid panel-no-style\" ><div id=\"pgc-12370-1-0\"  class=\"panel-grid-cell panel-grid-cell-mobile-last\" ><div id=\"panel-12370-1-0-0\" class=\"so-panel widget widget_sow-video panel-first-child panel-last-child\" data-index=\"1\" ><div\n\t\t\t\n\t\t\tclass=\"so-widget-sow-video so-widget-sow-video-default-c08170c47cfb-12370\"\n\t\t\t\n\t\t>\n<div class=\"sow-video-wrapper\n\">\n\t\t\t<iframe loading=\"lazy\" title=\"[EN] Capturing tokay geckos in Martinique: scientific study about their diet\" width=\"680\" height=\"383\" src=\"https:\/\/www.youtube.com\/embed\/vA2qvDG6k7I?feature=oembed&enablejsapi=1\" frameborder=\"0\" allow=\"accelerometer; autoplay; clipboard-write; encrypted-media; gyroscope; picture-in-picture; web-share\" referrerpolicy=\"strict-origin-when-cross-origin\" allowfullscreen allowfullscreen mozallowfullscreen webkitallowfullscreen sandbox=\"allow-scripts allow-same-origin allow-presentation\"><\/iframe>\t<\/div>\n<\/div><\/div><\/div><div id=\"pgc-12370-1-1\"  class=\"panel-grid-cell panel-grid-cell-empty\" ><\/div><\/div><div id=\"pg-12370-2\"  class=\"panel-grid panel-no-style\" ><div id=\"pgc-12370-2-0\"  class=\"panel-grid-cell\" ><div id=\"panel-12370-2-0-0\" class=\"so-panel widget widget_spacer-widget panel-first-child\" data-index=\"2\" ><div\n\t\t\t\n\t\t\tclass=\"so-widget-spacer-widget so-widget-spacer-widget-base\"\n\t\t\t\n\t\t>\n<div class=\"clearfix\" style=\"height:40px\"><\/div><\/div><\/div><div id=\"panel-12370-2-0-1\" class=\"so-panel widget widget_sow-editor panel-last-child\" data-index=\"3\" ><div\n\t\t\t\n\t\t\tclass=\"so-widget-sow-editor so-widget-sow-editor-base\"\n\t\t\t\n\t\t>\n<div class=\"siteorigin-widget-tinymce textwidget\">\n\t<h3>Algunas fotos del trabajo de campo<\/h3>\n<hr \/>\n<\/div>\n<\/div><\/div><\/div><\/div><div id=\"pg-12370-3\"  class=\"panel-grid panel-no-style\" ><div id=\"pgc-12370-3-0\"  class=\"panel-grid-cell\" ><div id=\"panel-12370-3-0-0\" class=\"so-panel widget widget_media_image panel-first-child panel-last-child\" data-index=\"4\" ><img loading=\"lazy\" decoding=\"async\" width=\"300\" height=\"300\" src=\"https:\/\/www.caribaea.org\/wp-content\/uploads\/2025\/11\/PXL_20221130_134926996-1-300x300.jpg\" class=\"image wp-image-12398  attachment-medium size-medium\" alt=\"\" style=\"max-width: 100%; height: auto;\" srcset=\"https:\/\/www.caribaea.org\/wp-content\/uploads\/2025\/11\/PXL_20221130_134926996-1-300x300.jpg 300w, https:\/\/www.caribaea.org\/wp-content\/uploads\/2025\/11\/PXL_20221130_134926996-1-150x150.jpg 150w, https:\/\/www.caribaea.org\/wp-content\/uploads\/2025\/11\/PXL_20221130_134926996-1-80x80.jpg 80w, https:\/\/www.caribaea.org\/wp-content\/uploads\/2025\/11\/PXL_20221130_134926996-1-100x100.jpg 100w, https:\/\/www.caribaea.org\/wp-content\/uploads\/2025\/11\/PXL_20221130_134926996-1.jpg 700w\" sizes=\"auto, (max-width: 300px) 100vw, 300px\" \/><\/div><\/div><div id=\"pgc-12370-3-1\"  class=\"panel-grid-cell\" ><div id=\"panel-12370-3-1-0\" class=\"so-panel widget widget_media_image panel-first-child panel-last-child\" data-index=\"5\" ><img loading=\"lazy\" decoding=\"async\" width=\"300\" height=\"300\" src=\"https:\/\/www.caribaea.org\/wp-content\/uploads\/2025\/11\/PXL_20221128_194015862-1-300x300.jpg\" class=\"image wp-image-12395  attachment-medium size-medium\" alt=\"\" style=\"max-width: 100%; height: auto;\" srcset=\"https:\/\/www.caribaea.org\/wp-content\/uploads\/2025\/11\/PXL_20221128_194015862-1-300x300.jpg 300w, https:\/\/www.caribaea.org\/wp-content\/uploads\/2025\/11\/PXL_20221128_194015862-1-150x150.jpg 150w, https:\/\/www.caribaea.org\/wp-content\/uploads\/2025\/11\/PXL_20221128_194015862-1-80x80.jpg 80w, https:\/\/www.caribaea.org\/wp-content\/uploads\/2025\/11\/PXL_20221128_194015862-1-100x100.jpg 100w, https:\/\/www.caribaea.org\/wp-content\/uploads\/2025\/11\/PXL_20221128_194015862-1.jpg 700w\" sizes=\"auto, (max-width: 300px) 100vw, 300px\" \/><\/div><\/div><div id=\"pgc-12370-3-2\"  class=\"panel-grid-cell panel-grid-cell-mobile-last\" ><div id=\"panel-12370-3-2-0\" class=\"so-panel widget widget_media_image panel-first-child panel-last-child\" data-index=\"6\" ><img loading=\"lazy\" decoding=\"async\" width=\"300\" height=\"300\" src=\"https:\/\/www.caribaea.org\/wp-content\/uploads\/2025\/11\/WhatsApp-Image-2023-10-14-a-03.43.06_a6aacc2f-1-300x300.jpg\" class=\"image wp-image-12401  attachment-medium size-medium\" alt=\"\" style=\"max-width: 100%; height: auto;\" srcset=\"https:\/\/www.caribaea.org\/wp-content\/uploads\/2025\/11\/WhatsApp-Image-2023-10-14-a-03.43.06_a6aacc2f-1-300x300.jpg 300w, https:\/\/www.caribaea.org\/wp-content\/uploads\/2025\/11\/WhatsApp-Image-2023-10-14-a-03.43.06_a6aacc2f-1-150x150.jpg 150w, https:\/\/www.caribaea.org\/wp-content\/uploads\/2025\/11\/WhatsApp-Image-2023-10-14-a-03.43.06_a6aacc2f-1-80x80.jpg 80w, https:\/\/www.caribaea.org\/wp-content\/uploads\/2025\/11\/WhatsApp-Image-2023-10-14-a-03.43.06_a6aacc2f-1-100x100.jpg 100w, https:\/\/www.caribaea.org\/wp-content\/uploads\/2025\/11\/WhatsApp-Image-2023-10-14-a-03.43.06_a6aacc2f-1.jpg 720w\" sizes=\"auto, (max-width: 300px) 100vw, 300px\" \/><\/div><\/div><div id=\"pgc-12370-3-3\"  class=\"panel-grid-cell panel-grid-cell-empty\" ><\/div><\/div><div id=\"pg-12370-4\"  class=\"panel-grid panel-no-style\" ><div id=\"pgc-12370-4-0\"  class=\"panel-grid-cell\" ><div id=\"panel-12370-4-0-0\" class=\"so-panel widget widget_spacer-widget panel-first-child\" data-index=\"7\" ><div\n\t\t\t\n\t\t\tclass=\"so-widget-spacer-widget so-widget-spacer-widget-base\"\n\t\t\t\n\t\t>\n<div class=\"clearfix\" style=\"height:40px\"><\/div><\/div><\/div><div id=\"panel-12370-4-0-1\" class=\"so-panel widget widget_sow-editor panel-last-child\" data-index=\"8\" ><div\n\t\t\t\n\t\t\tclass=\"so-widget-sow-editor so-widget-sow-editor-base\"\n\t\t\t\n\t\t>\n<div class=\"siteorigin-widget-tinymce textwidget\">\n\t<h3><span class=\"HwtZe\" lang=\"es\"><span class=\"jCAhz ChMk0b\"><span class=\"ryNqvb\">M\u00e1s informaci\u00f3n sobre la especie<\/span><\/span><\/span><\/h3>\n<hr \/>\n<ul>\n<li><a href=\"https:\/\/www.merci-project.com\/wp-content\/uploads\/2024\/01\/PDF_Gekko_gecko_EN.pdf\" target=\"_blank\" rel=\"noopener\"><span class=\"HwtZe\" lang=\"es\"><span class=\"jCAhz ChMk0b\"><span class=\"ryNqvb\">Descarga la ficha informativa del gecko tokay (PDF - en ingl\u00e9s)<\/span><\/span><\/span><\/a><\/li>\n<\/ul>\n<\/div>\n<\/div><\/div><\/div><\/div><div id=\"pg-12370-5\"  class=\"panel-grid panel-no-style\" ><div id=\"pgc-12370-5-0\"  class=\"panel-grid-cell\" ><div id=\"panel-12370-5-0-0\" class=\"so-panel widget widget_spacer-widget panel-first-child\" data-index=\"9\" ><div\n\t\t\t\n\t\t\tclass=\"so-widget-spacer-widget so-widget-spacer-widget-base\"\n\t\t\t\n\t\t>\n<div class=\"clearfix\" style=\"height:40px\"><\/div><\/div><\/div><div id=\"panel-12370-5-0-1\" class=\"so-panel widget widget_sow-editor panel-last-child\" data-index=\"10\" ><div\n\t\t\t\n\t\t\tclass=\"so-widget-sow-editor so-widget-sow-editor-base\"\n\t\t\t\n\t\t>\n<div class=\"siteorigin-widget-tinymce textwidget\">\n\t<h3>Socios de proyectos<\/h3>\n<hr \/>\n<p>El proyecto GEKKOMAR est\u00e1 coordinado por Caribaea Initiative, con el apoyo financiero de la DEAL Martinica en el marco del Fondo Verde \u2013 Francia Naci\u00f3n Verde.<br \/>\n<img loading=\"lazy\" decoding=\"async\" class=\"alignnone wp-image-12550\" src=\"https:\/\/www.caribaea.org\/wp-content\/uploads\/2025\/11\/Fonds_verts_logo.jpg\" alt=\"\" width=\"226\" height=\"170\" \/><img loading=\"lazy\" decoding=\"async\" class=\"alignnone wp-image-13108\" src=\"https:\/\/www.caribaea.org\/wp-content\/uploads\/2026\/03\/pref_martinique___deal_horizontal-1024x408.jpg\" alt=\"\" width=\"427\" height=\"170\" srcset=\"https:\/\/www.caribaea.org\/wp-content\/uploads\/2026\/03\/pref_martinique___deal_horizontal-1024x408.jpg 1024w, https:\/\/www.caribaea.org\/wp-content\/uploads\/2026\/03\/pref_martinique___deal_horizontal-300x119.jpg 300w, https:\/\/www.caribaea.org\/wp-content\/uploads\/2026\/03\/pref_martinique___deal_horizontal-768x306.jpg 768w, https:\/\/www.caribaea.org\/wp-content\/uploads\/2026\/03\/pref_martinique___deal_horizontal-1536x611.jpg 1536w, https:\/\/www.caribaea.org\/wp-content\/uploads\/2026\/03\/pref_martinique___deal_horizontal-2048x815.jpg 2048w, https:\/\/www.caribaea.org\/wp-content\/uploads\/2026\/03\/pref_martinique___deal_horizontal-958x381.jpg 958w, https:\/\/www.caribaea.org\/wp-content\/uploads\/2026\/03\/pref_martinique___deal_horizontal-1000x400.jpg 1000w\" sizes=\"auto, (max-width: 427px) 100vw, 427px\" \/>\u00a0<img loading=\"lazy\" decoding=\"async\" class=\"alignnone wp-image-12647\" src=\"https:\/\/www.caribaea.org\/wp-content\/uploads\/2025\/11\/Fonds_vert_logo2-300x121.png\" alt=\"\" width=\"423\" height=\"170\" srcset=\"https:\/\/www.caribaea.org\/wp-content\/uploads\/2025\/11\/Fonds_vert_logo2-300x121.png 300w, https:\/\/www.caribaea.org\/wp-content\/uploads\/2025\/11\/Fonds_vert_logo2-1024x412.png 1024w, https:\/\/www.caribaea.org\/wp-content\/uploads\/2025\/11\/Fonds_vert_logo2-768x309.png 768w, https:\/\/www.caribaea.org\/wp-content\/uploads\/2025\/11\/Fonds_vert_logo2-958x385.png 958w, https:\/\/www.caribaea.org\/wp-content\/uploads\/2025\/11\/Fonds_vert_logo2-1000x400.png 1000w, https:\/\/www.caribaea.org\/wp-content\/uploads\/2025\/11\/Fonds_vert_logo2.png 1141w\" sizes=\"auto, (max-width: 423px) 100vw, 423px\" \/><\/p>\n<\/div>\n<\/div><\/div><\/div><\/div><\/div>","protected":false},"excerpt":{"rendered":"<p>T\u00edtulo completo: Desarrollo e implementaci\u00f3n de un programa de erradicaci\u00f3n del Gecko Tokay(Gekko gecko) en Martinica \u2013 GEKKOMAR Objetivo:\u00a0Implementar en Martinica un programa de erradicaci\u00f3n del Gecko Tokay para proteger las especies locales. Ubicaci\u00f3n:\u00a0Martinica Fechas: 2025-2027 Resumen: El proyecto tiene como objetivo reducir dr\u00e1sticamente la poblaci\u00f3n del Gecko Tokay (Gekko gecko), un reptil originario del [&hellip;]<\/p>\n","protected":false},"author":34,"featured_media":0,"parent":7584,"menu_order":4,"comment_status":"closed","ping_status":"closed","template":"","meta":{"footnotes":""},"class_list":["post-12370","page","type-page","status-publish","hentry"],"yoast_head":"<!-- This site is optimized with the Yoast SEO plugin v26.6 - https:\/\/yoast.com\/wordpress\/plugins\/seo\/ -->\n<title>Proyecto GEKKOMAR - Caribaea Initiative<\/title>\n<meta name=\"robots\" content=\"index, follow, max-snippet:-1, max-image-preview:large, max-video-preview:-1\" \/>\n<link rel=\"canonical\" href=\"https:\/\/www.caribaea.org\/es\/nuestros-proyectos\/programas-de-investigacion-y-educacion\/gekkomar\/\" \/>\n<meta property=\"og:locale\" content=\"es_ES\" \/>\n<meta property=\"og:type\" content=\"article\" \/>\n<meta property=\"og:title\" content=\"Proyecto GEKKOMAR - Caribaea Initiative\" \/>\n<meta property=\"og:description\" content=\"T\u00edtulo completo: Desarrollo e implementaci\u00f3n de un programa de erradicaci\u00f3n del Gecko Tokay(Gekko gecko) en Martinica \u2013 GEKKOMAR Objetivo:\u00a0Implementar en Martinica un programa de erradicaci\u00f3n del Gecko Tokay para proteger las especies locales. Ubicaci\u00f3n:\u00a0Martinica Fechas: 2025-2027 Resumen: El proyecto tiene como objetivo reducir dr\u00e1sticamente la poblaci\u00f3n del Gecko Tokay (Gekko gecko), un reptil originario del [&hellip;]\" \/>\n<meta property=\"og:url\" content=\"https:\/\/www.caribaea.org\/es\/nuestros-proyectos\/programas-de-investigacion-y-educacion\/gekkomar\/\" \/>\n<meta property=\"og:site_name\" content=\"Caribaea Initiative\" \/>\n<meta property=\"article:modified_time\" content=\"2026-03-27T15:49:53+00:00\" \/>\n<meta property=\"og:image\" content=\"https:\/\/www.caribaea.org\/wp-content\/uploads\/2025\/11\/Logo_Gekkomar.jpg\" \/>\n\t<meta property=\"og:image:width\" content=\"1951\" \/>\n\t<meta property=\"og:image:height\" content=\"1951\" \/>\n\t<meta property=\"og:image:type\" content=\"image\/jpeg\" \/>\n<meta name=\"twitter:card\" content=\"summary_large_image\" \/>\n<meta name=\"twitter:label1\" content=\"Tiempo de lectura\" \/>\n\t<meta name=\"twitter:data1\" content=\"3 minutos\" \/>\n<script type=\"application\/ld+json\" class=\"yoast-schema-graph\">{\"@context\":\"https:\/\/schema.org\",\"@graph\":[{\"@type\":\"WebPage\",\"@id\":\"https:\/\/www.caribaea.org\/es\/nuestros-proyectos\/programas-de-investigacion-y-educacion\/gekkomar\/\",\"url\":\"https:\/\/www.caribaea.org\/es\/nuestros-proyectos\/programas-de-investigacion-y-educacion\/gekkomar\/\",\"name\":\"Proyecto GEKKOMAR - Caribaea Initiative\",\"isPartOf\":{\"@id\":\"https:\/\/www.caribaea.org\/en\/#website\"},\"primaryImageOfPage\":{\"@id\":\"https:\/\/www.caribaea.org\/es\/nuestros-proyectos\/programas-de-investigacion-y-educacion\/gekkomar\/#primaryimage\"},\"image\":{\"@id\":\"https:\/\/www.caribaea.org\/es\/nuestros-proyectos\/programas-de-investigacion-y-educacion\/gekkomar\/#primaryimage\"},\"thumbnailUrl\":\"https:\/\/www.caribaea.org\/wp-content\/uploads\/2025\/11\/Logo_Gekkomar-300x300.jpg\",\"datePublished\":\"2025-11-04T16:41:14+00:00\",\"dateModified\":\"2026-03-27T15:49:53+00:00\",\"breadcrumb\":{\"@id\":\"https:\/\/www.caribaea.org\/es\/nuestros-proyectos\/programas-de-investigacion-y-educacion\/gekkomar\/#breadcrumb\"},\"inLanguage\":\"es\",\"potentialAction\":[{\"@type\":\"ReadAction\",\"target\":[\"https:\/\/www.caribaea.org\/es\/nuestros-proyectos\/programas-de-investigacion-y-educacion\/gekkomar\/\"]}]},{\"@type\":\"ImageObject\",\"inLanguage\":\"es\",\"@id\":\"https:\/\/www.caribaea.org\/es\/nuestros-proyectos\/programas-de-investigacion-y-educacion\/gekkomar\/#primaryimage\",\"url\":\"https:\/\/www.caribaea.org\/wp-content\/uploads\/2025\/11\/Logo_Gekkomar-300x300.jpg\",\"contentUrl\":\"https:\/\/www.caribaea.org\/wp-content\/uploads\/2025\/11\/Logo_Gekkomar-300x300.jpg\"},{\"@type\":\"BreadcrumbList\",\"@id\":\"https:\/\/www.caribaea.org\/es\/nuestros-proyectos\/programas-de-investigacion-y-educacion\/gekkomar\/#breadcrumb\",\"itemListElement\":[{\"@type\":\"ListItem\",\"position\":1,\"name\":\"Accueil\",\"item\":\"https:\/\/www.caribaea.org\/es\/\"},{\"@type\":\"ListItem\",\"position\":2,\"name\":\"Nuestros proyectos\",\"item\":\"https:\/\/www.caribaea.org\/es\/nuestros-proyectos\/\"},{\"@type\":\"ListItem\",\"position\":3,\"name\":\"Programas de investigaci\u00f3n y educaci\u00f3n\",\"item\":\"https:\/\/www.caribaea.org\/es\/nuestros-proyectos\/programas-de-investigacion-y-educacion\/\"},{\"@type\":\"ListItem\",\"position\":4,\"name\":\"Proyecto GEKKOMAR\"}]},{\"@type\":\"WebSite\",\"@id\":\"https:\/\/www.caribaea.org\/en\/#website\",\"url\":\"https:\/\/www.caribaea.org\/en\/\",\"name\":\"Caribaea Initiative\",\"description\":\"\",\"potentialAction\":[{\"@type\":\"SearchAction\",\"target\":{\"@type\":\"EntryPoint\",\"urlTemplate\":\"https:\/\/www.caribaea.org\/en\/?s={search_term_string}\"},\"query-input\":{\"@type\":\"PropertyValueSpecification\",\"valueRequired\":true,\"valueName\":\"search_term_string\"}}],\"inLanguage\":\"es\"}]}<\/script>\n<!-- \/ Yoast SEO plugin. -->","yoast_head_json":{"title":"Proyecto GEKKOMAR - Caribaea Initiative","robots":{"index":"index","follow":"follow","max-snippet":"max-snippet:-1","max-image-preview":"max-image-preview:large","max-video-preview":"max-video-preview:-1"},"canonical":"https:\/\/www.caribaea.org\/es\/nuestros-proyectos\/programas-de-investigacion-y-educacion\/gekkomar\/","og_locale":"es_ES","og_type":"article","og_title":"Proyecto GEKKOMAR - Caribaea Initiative","og_description":"T\u00edtulo completo: Desarrollo e implementaci\u00f3n de un programa de erradicaci\u00f3n del Gecko Tokay(Gekko gecko) en Martinica \u2013 GEKKOMAR Objetivo:\u00a0Implementar en Martinica un programa de erradicaci\u00f3n del Gecko Tokay para proteger las especies locales. Ubicaci\u00f3n:\u00a0Martinica Fechas: 2025-2027 Resumen: El proyecto tiene como objetivo reducir dr\u00e1sticamente la poblaci\u00f3n del Gecko Tokay (Gekko gecko), un reptil originario del [&hellip;]","og_url":"https:\/\/www.caribaea.org\/es\/nuestros-proyectos\/programas-de-investigacion-y-educacion\/gekkomar\/","og_site_name":"Caribaea Initiative","article_modified_time":"2026-03-27T15:49:53+00:00","og_image":[{"width":1951,"height":1951,"url":"https:\/\/www.caribaea.org\/wp-content\/uploads\/2025\/11\/Logo_Gekkomar.jpg","type":"image\/jpeg"}],"twitter_card":"summary_large_image","twitter_misc":{"Tiempo de lectura":"3 minutos"},"schema":{"@context":"https:\/\/schema.org","@graph":[{"@type":"WebPage","@id":"https:\/\/www.caribaea.org\/es\/nuestros-proyectos\/programas-de-investigacion-y-educacion\/gekkomar\/","url":"https:\/\/www.caribaea.org\/es\/nuestros-proyectos\/programas-de-investigacion-y-educacion\/gekkomar\/","name":"Proyecto GEKKOMAR - Caribaea Initiative","isPartOf":{"@id":"https:\/\/www.caribaea.org\/en\/#website"},"primaryImageOfPage":{"@id":"https:\/\/www.caribaea.org\/es\/nuestros-proyectos\/programas-de-investigacion-y-educacion\/gekkomar\/#primaryimage"},"image":{"@id":"https:\/\/www.caribaea.org\/es\/nuestros-proyectos\/programas-de-investigacion-y-educacion\/gekkomar\/#primaryimage"},"thumbnailUrl":"https:\/\/www.caribaea.org\/wp-content\/uploads\/2025\/11\/Logo_Gekkomar-300x300.jpg","datePublished":"2025-11-04T16:41:14+00:00","dateModified":"2026-03-27T15:49:53+00:00","breadcrumb":{"@id":"https:\/\/www.caribaea.org\/es\/nuestros-proyectos\/programas-de-investigacion-y-educacion\/gekkomar\/#breadcrumb"},"inLanguage":"es","potentialAction":[{"@type":"ReadAction","target":["https:\/\/www.caribaea.org\/es\/nuestros-proyectos\/programas-de-investigacion-y-educacion\/gekkomar\/"]}]},{"@type":"ImageObject","inLanguage":"es","@id":"https:\/\/www.caribaea.org\/es\/nuestros-proyectos\/programas-de-investigacion-y-educacion\/gekkomar\/#primaryimage","url":"https:\/\/www.caribaea.org\/wp-content\/uploads\/2025\/11\/Logo_Gekkomar-300x300.jpg","contentUrl":"https:\/\/www.caribaea.org\/wp-content\/uploads\/2025\/11\/Logo_Gekkomar-300x300.jpg"},{"@type":"BreadcrumbList","@id":"https:\/\/www.caribaea.org\/es\/nuestros-proyectos\/programas-de-investigacion-y-educacion\/gekkomar\/#breadcrumb","itemListElement":[{"@type":"ListItem","position":1,"name":"Accueil","item":"https:\/\/www.caribaea.org\/es\/"},{"@type":"ListItem","position":2,"name":"Nuestros proyectos","item":"https:\/\/www.caribaea.org\/es\/nuestros-proyectos\/"},{"@type":"ListItem","position":3,"name":"Programas de investigaci\u00f3n y educaci\u00f3n","item":"https:\/\/www.caribaea.org\/es\/nuestros-proyectos\/programas-de-investigacion-y-educacion\/"},{"@type":"ListItem","position":4,"name":"Proyecto GEKKOMAR"}]},{"@type":"WebSite","@id":"https:\/\/www.caribaea.org\/en\/#website","url":"https:\/\/www.caribaea.org\/en\/","name":"Caribaea Initiative","description":"","potentialAction":[{"@type":"SearchAction","target":{"@type":"EntryPoint","urlTemplate":"https:\/\/www.caribaea.org\/en\/?s={search_term_string}"},"query-input":{"@type":"PropertyValueSpecification","valueRequired":true,"valueName":"search_term_string"}}],"inLanguage":"es"}]}},"_links":{"self":[{"href":"https:\/\/www.caribaea.org\/es\/wp-json\/wp\/v2\/pages\/12370","targetHints":{"allow":["GET"]}}],"collection":[{"href":"https:\/\/www.caribaea.org\/es\/wp-json\/wp\/v2\/pages"}],"about":[{"href":"https:\/\/www.caribaea.org\/es\/wp-json\/wp\/v2\/types\/page"}],"author":[{"embeddable":true,"href":"https:\/\/www.caribaea.org\/es\/wp-json\/wp\/v2\/users\/34"}],"replies":[{"embeddable":true,"href":"https:\/\/www.caribaea.org\/es\/wp-json\/wp\/v2\/comments?post=12370"}],"version-history":[{"count":4,"href":"https:\/\/www.caribaea.org\/es\/wp-json\/wp\/v2\/pages\/12370\/revisions"}],"predecessor-version":[{"id":13114,"href":"https:\/\/www.caribaea.org\/es\/wp-json\/wp\/v2\/pages\/12370\/revisions\/13114"}],"up":[{"embeddable":true,"href":"https:\/\/www.caribaea.org\/es\/wp-json\/wp\/v2\/pages\/7584"}],"wp:attachment":[{"href":"https:\/\/www.caribaea.org\/es\/wp-json\/wp\/v2\/media?parent=12370"}],"curies":[{"name":"wp","href":"https:\/\/api.w.org\/{rel}","templated":true}]}}