{"id":12573,"date":"2025-11-17T15:23:57","date_gmt":"2025-11-17T14:23:57","guid":{"rendered":"https:\/\/www.caribaea.org\/?page_id=12573"},"modified":"2026-03-23T11:41:03","modified_gmt":"2026-03-23T10:41:03","slug":"cissw-2026","status":"publish","type":"page","link":"https:\/\/www.caribaea.org\/es\/divulgacion\/conferencias\/cissw-2026\/","title":{"rendered":"Simposio Especial y Taller 2026"},"content":{"rendered":"<div id=\"pl-12573\"  class=\"panel-layout\" ><div id=\"pg-12573-0\"  class=\"panel-grid panel-has-style\" ><div class=\"siteorigin-panels-stretch panel-row-style panel-row-style-for-12573-0\" data-stretch-type=\"full\" ><div id=\"pgc-12573-0-0\"  class=\"panel-grid-cell\" ><div id=\"panel-12573-0-0-0\" class=\"so-panel widget widget_sow-editor panel-first-child\" data-index=\"0\" ><div class=\"panel-widget-style panel-widget-style-for-12573-0-0-0\" ><div\n\t\t\t\n\t\t\tclass=\"so-widget-sow-editor so-widget-sow-editor-base\"\n\t\t\t\n\t\t>\n<div class=\"siteorigin-widget-tinymce textwidget\">\n\t<h1>Simposio Especial y Taller de formaci\u00f3n sobre el Estudio y la Gesti\u00f3n de Especies de Vertebrados Terrestres Invasores en el Caribe Insular<\/h1>\n<\/div>\n<\/div><\/div><\/div><div id=\"panel-12573-0-0-1\" class=\"so-panel widget widget_sow-editor\" data-index=\"1\" ><div class=\"panel-widget-style panel-widget-style-for-12573-0-0-1\" ><div\n\t\t\t\n\t\t\tclass=\"so-widget-sow-editor so-widget-sow-editor-base\"\n\t\t\t\n\t\t><h3 class=\"widget-title\">Presentaci\u00f3n del evento<\/h3>\n<div class=\"siteorigin-widget-tinymce textwidget\">\n\t<p data-start=\"3224\" data-end=\"3854\">El Caribe insular es uno de los principales puntos calientes de biodiversidad del mundo, pero tambi\u00e9n uno de los m\u00e1s amenazados. La regi\u00f3n es especialmente vulnerable a la introducci\u00f3n de especies ex\u00f3ticas invasoras, en particular de vertebrados terrestres. Aunque en los \u00faltimos a\u00f1os se han llevado a cabo estudios sobre estas especies y su impacto en la fauna local, su alcance sigue siendo limitado en comparaci\u00f3n con otras regiones del mundo. Adem\u00e1s, con frecuencia son realizados por investigadores afiliados a instituciones extranjeras, posiblemente debido a la falta de recursos humanos y materiales disponibles localmente.<\/p>\n<p>&nbsp;<\/p>\n<p data-start=\"3856\" data-end=\"4557\"><img loading=\"lazy\" decoding=\"async\" class=\"aligncenter wp-image-13053\" src=\"https:\/\/www.caribaea.org\/wp-content\/uploads\/2026\/03\/Visuel_03_symposium_2026_new_dates_red.jpg\" alt=\"\" width=\"800\" height=\"242\" srcset=\"https:\/\/www.caribaea.org\/wp-content\/uploads\/2026\/03\/Visuel_03_symposium_2026_new_dates_red.jpg 1000w, https:\/\/www.caribaea.org\/wp-content\/uploads\/2026\/03\/Visuel_03_symposium_2026_new_dates_red-300x91.jpg 300w, https:\/\/www.caribaea.org\/wp-content\/uploads\/2026\/03\/Visuel_03_symposium_2026_new_dates_red-768x233.jpg 768w, https:\/\/www.caribaea.org\/wp-content\/uploads\/2026\/03\/Visuel_03_symposium_2026_new_dates_red-958x290.jpg 958w\" sizes=\"auto, (max-width: 800px) 100vw, 800px\" \/><\/p>\n<p data-start=\"3856\" data-end=\"4557\">La escasez de informaci\u00f3n sobre los impactos ecol\u00f3gicos y sanitarios de las especies de vertebrados terrestres introducidas en las islas del Caribe constituye un claro obst\u00e1culo para la implementaci\u00f3n de medidas de control eficaces. En este contexto, Caribaea Initiative organiza un simposio especial junto con un taller de fortalecimiento de capacidades dedicado al estudio y la gesti\u00f3n de vertebrados terrestres invasores en el Caribe insular. El objetivo del evento es reunir a investigadores y gestores de \u00e1reas protegidas de toda la regi\u00f3n para dinamizar la investigaci\u00f3n, facilitar el intercambio de experiencias y reforzar la cooperaci\u00f3n entre pa\u00edses y territorios caribe\u00f1os.<\/p>\n<p data-start=\"3856\" data-end=\"4557\">\u26a0\ufe0f <strong data-start=\"346\" data-end=\"367\">Aviso importante:<\/strong> Dado el contexto internacional actual y el aumento de los costos del transporte a\u00e9reo, el evento ha sido reprogramado con el fin de garantizar una amplia participaci\u00f3n a nivel regional. Se celebrar\u00e1 del <strong data-start=\"569\" data-end=\"603\">22 al 24 de septiembre de 2026<\/strong>.<\/p>\n<p data-start=\"3856\" data-end=\"4557\">\n<\/div>\n<\/div><\/div><\/div><div id=\"panel-12573-0-0-2\" class=\"so-panel widget widget_sow-editor\" data-index=\"2\" ><div class=\"panel-widget-style panel-widget-style-for-12573-0-0-2\" ><div\n\t\t\t\n\t\t\tclass=\"so-widget-sow-editor so-widget-sow-editor-base\"\n\t\t\t\n\t\t><h3 class=\"widget-title\">Programa<\/h3>\n<div class=\"siteorigin-widget-tinymce textwidget\">\n\t<h5><span style=\"color: #e95b2b;\"><strong><a href=\"https:\/\/www.caribaea.org\/wp-content\/uploads\/2026\/03\/Simposio_especies_invasores_ES.pdf\" target=\"_blank\" rel=\"noopener\"><img loading=\"lazy\" decoding=\"async\" class=\"alignright wp-image-13076 size-medium\" src=\"https:\/\/www.caribaea.org\/wp-content\/uploads\/2026\/03\/Capture-decran-2026-03-18-161737-212x300.png\" alt=\"\" width=\"212\" height=\"300\" srcset=\"https:\/\/www.caribaea.org\/wp-content\/uploads\/2026\/03\/Capture-decran-2026-03-18-161737-212x300.png 212w, https:\/\/www.caribaea.org\/wp-content\/uploads\/2026\/03\/Capture-decran-2026-03-18-161737.png 669w\" sizes=\"auto, (max-width: 212px) 100vw, 212px\" \/><\/a>Formato y temas clave<\/strong><\/span><\/h5>\n<p data-start=\"4559\" data-end=\"4898\">El formato del evento combinar\u00e1 conferencias plenarias con presentaciones cient\u00edficas m\u00e1s breves que pondr\u00e1n de relieve diferentes tipos de acciones de control realizadas en el campo, as\u00ed como sesiones de formaci\u00f3n sobre nuevas herramientas, t\u00e9cnicas y metodolog\u00edas disponibles para el estudio y manejo de vertebrados terrestres invasores.<\/p>\n<p data-start=\"4900\" data-end=\"5637\">El programa del simposio y del taller abordar\u00e1 todas las etapas clave en la implementaci\u00f3n de medidas de control: detecci\u00f3n preliminar e identificaci\u00f3n de impactos ambientales, selecci\u00f3n multicriterio de herramientas y metodolog\u00edas adecuadas, evaluaci\u00f3n de la eficacia de las acciones de control, y actividades de informaci\u00f3n y sensibilizaci\u00f3n del p\u00fablico sobre los retos asociados a la regulaci\u00f3n de especies de vertebrados terrestres invasores. Tres mesas redondas completar\u00e1n el programa para analizar la pertinencia de los criterios \u00e9ticos en las acciones de control o erradicaci\u00f3n en el Caribe, reflexionar sobre la armonizaci\u00f3n de pol\u00edticas p\u00fablicas y regulaciones a escala regional, y reforzar la cooperaci\u00f3n cient\u00edfica y t\u00e9cnica.<\/p>\n<h5><span style=\"color: #e95b2b;\"><strong>Conferencistas Principales<\/strong><\/span><\/h5>\n<p><strong>Simposio<\/strong><\/p>\n<ul>\n<li><strong>Dr. Rafael Borroto-P\u00e1ez <\/strong>(Instituto Cubano de Biodiversidad, Cuba)<\/li>\n<li><strong>Prof. Aileen Mill <\/strong>(<span class=\"HwtZe\" lang=\"es\"><span class=\"jCAhz ChMk0b\"><span class=\"ryNqvb\">Universidad de Newcastle, Reino Unido)<\/span><\/span> <\/span><\/li>\n<li><strong>Mr. Francis Reyes <\/strong><span class=\"HwtZe\" lang=\"es\"><span class=\"jCAhz ChMk0b\"><span class=\"ryNqvb\">(Ministerio de Medio Ambiente y Recursos Naturales, Rep\u00fablica Dominicana)<\/span><\/span><\/span><\/li>\n<\/ul>\n<p><strong>Taller de formaci\u00f3n<\/strong><\/p>\n<ul>\n<li><strong>Dr. Roger <b>Pradel<\/b><\/strong> (CEFE CNRS, Montpellier, Francia)<\/li>\n<li><strong>Dr. Christopher Cambrone<\/strong> (Caribaea Initiative, Guadalupe)<\/li>\n<\/ul>\n<p data-start=\"4900\" data-end=\"5637\"><a href=\"https:\/\/www.caribaea.org\/wp-content\/uploads\/2026\/03\/Simposio_especies_invasores_ES.pdf\" target=\"_blank\" rel=\"noopener\">&gt;&gt; Descargar el cartel del evento (PDF)<\/a><\/p>\n<\/div>\n<\/div><\/div><\/div><div id=\"panel-12573-0-0-3\" class=\"so-panel widget widget_sow-editor\" data-index=\"3\" ><div class=\"panel-widget-style panel-widget-style-for-12573-0-0-3\" ><div\n\t\t\t\n\t\t\tclass=\"so-widget-sow-editor so-widget-sow-editor-base\"\n\t\t\t\n\t\t><h3 class=\"widget-title\">Convocatoria de comunicaciones<\/h3>\n<div class=\"siteorigin-widget-tinymce textwidget\">\n\t<p>Invitamos a todas las personas interesadas en presentar una comunicaci\u00f3n (oral o en formato p\u00f3ster) durante la conferencia a enviar su propuesta (t\u00edtulo y resumen) utilizando <a href=\"https:\/\/www.caribaea.org\/wp-content\/uploads\/2026\/03\/Caribaea_Initiative_Symposium2026_Abstract_Submission_form.docx\" target=\"_blank\" rel=\"noopener\">el formulario descargable aqu\u00ed<\/a>. Por favor, aseg\u00farese de seguir cuidadosamente todas las instrucciones y env\u00ede el formulario completo a la direcci\u00f3n de correo electr\u00f3nico: <a href=\"mailto:CISSW2026@caribaea.org\">CISSW2026[at]caribaea.org<\/a>.<\/p>\n<p><strong>Fecha l\u00edmite:<\/strong> La fecha l\u00edmite para el env\u00edo de propuestas de comunicaci\u00f3n oral es el 31 de julio de 2026. Las propuestas de p\u00f3ster se aceptar\u00e1n hasta el 31 de agosto de 2026. Las propuestas ser\u00e1n evaluadas por nuestro comit\u00e9 cient\u00edfico y los autores recibir\u00e1n las decisiones de manera continua.<\/p>\n<h5><span style=\"color: #e95b2b;\"><strong>Tipos de presentaciones<\/strong><\/span><\/h5>\n<ul>\n<li><strong>Presentaci\u00f3n oral<\/strong><strong>:<\/strong> 12 minutos de exposici\u00f3n seguidos de 3 minutos de discusi\u00f3n.<\/li>\n<li><strong>P\u00f3ster:<\/strong> Formato A0, orientaci\u00f3n vertical \u00fanicamente.<\/li>\n<\/ul>\n<p>La participaci\u00f3n ser\u00e1 definitiva una vez que se complete el proceso de inscripci\u00f3n.<\/p>\n<\/div>\n<\/div><\/div><\/div><div id=\"panel-12573-0-0-4\" class=\"so-panel widget widget_sow-editor\" data-index=\"4\" ><div class=\"panel-widget-style panel-widget-style-for-12573-0-0-4\" ><div\n\t\t\t\n\t\t\tclass=\"so-widget-sow-editor so-widget-sow-editor-base\"\n\t\t\t\n\t\t><h3 class=\"widget-title\">Inscripciones y tarifas<\/h3>\n<div class=\"siteorigin-widget-tinymce textwidget\">\n\t<p><strong>\u00a1La inscripci\u00f3nes ya est\u00e1n abiertas!<\/strong> Reserve su lugar hoy mismo para participar en este evento imprescindible:<\/p>\n<\/div>\n<\/div><\/div><\/div><div id=\"panel-12573-0-0-5\" class=\"so-panel widget widget_sow-button\" data-index=\"5\" ><div\n\t\t\t\n\t\t\tclass=\"so-widget-sow-button so-widget-sow-button-flat-7afaa6600a02-12573\"\n\t\t\t\n\t\t><div class=\"ow-button-base ow-button-align-center\"\n>\n\t\t\t<a\n\t\t\t\t\thref=\"https:\/\/www.caribaea.org\/es\/divulgacion\/conferencias\/inscripcion-2026\/\"\n\t\t\t\t\tclass=\"sowb-button ow-icon-placement-left ow-button-hover\" \t>\n\t\t<span>\n\t\t\t\n\t\t\tINSCRIBIRME\t\t<\/span>\n\t\t\t<\/a>\n\t<\/div>\n<\/div><\/div><div id=\"panel-12573-0-0-6\" class=\"so-panel widget widget_sow-editor\" data-index=\"6\" ><div class=\"panel-widget-style panel-widget-style-for-12573-0-0-6\" ><div\n\t\t\t\n\t\t\tclass=\"so-widget-sow-editor so-widget-sow-editor-base\"\n\t\t\t\n\t\t>\n<div class=\"siteorigin-widget-tinymce textwidget\">\n\t<table class=\"responsive-table\">\n<thead>\n<tr>\n<th><\/th>\n<th>\u00a0 Est\u00e1ndar<\/th>\n<th>\u00a0 Miembros<\/th>\n<th>\u00a0 Estudiantes<\/th>\n<\/tr>\n<\/thead>\n<tbody>\n<tr>\n<td style=\"font-weight: bold; text-align: left;\" colspan=\"4\">Inscripci\u00f3n a la conferencia<\/td>\n<\/tr>\n<tr>\n<td style=\"text-align: left;\" data-label=\"Option\">Inscripci\u00f3n hasta el 31 de julio<\/td>\n<td style=\"font-weight: bold; text-align: center;\" data-label=\"Standard\">360 \u20ac<\/td>\n<td style=\"font-weight: bold; text-align: center;\" data-label=\"Adh\u00e9rents\">320 \u20ac<\/td>\n<td style=\"font-weight: bold; text-align: center;\" data-label=\"\u00c9tudiants\">230 \u20ac<\/td>\n<\/tr>\n<tr>\n<td style=\"text-align: left;\" data-label=\"Option\">Inscripci\u00f3n a partir del 1 de agosto<\/td>\n<td style=\"font-weight: bold; text-align: center;\" data-label=\"Standard\">415 \u20ac<\/td>\n<td style=\"font-weight: bold; text-align: center;\" data-label=\"Adh\u00e9rents\">370 \u20ac<\/td>\n<td style=\"font-weight: bold; text-align: center;\" data-label=\"\u00c9tudiants\">265 \u20ac<\/td>\n<\/tr>\n<tr>\n<td style=\"font-weight: bold; text-align: left;\" colspan=\"4\"><strong>Cena de gala<\/strong><\/td>\n<\/tr>\n<tr>\n<td data-label=\"Option\"><\/td>\n<td style=\"font-weight: bold; text-align: center;\" data-label=\"Standard\">85 \u20ac<\/td>\n<td style=\"font-weight: bold; text-align: center;\" data-label=\"Adh\u00e9rents\">85 \u20ac<\/td>\n<td style=\"font-weight: bold; text-align: center;\" data-label=\"\u00c9tudiants\">75 \u20ac<\/td>\n<\/tr>\n<\/tbody>\n<\/table>\n<p>&nbsp;<\/p>\n<p><em>Las tarifas de inscripci\u00f3n incluyen acceso a todas\u00a0las sesiones cient\u00edficas, almuerzos y pausas para el caf\u00e9.<\/em><\/p>\n<p>En caso de necesitar cancelar, por favor cont\u00e1ctenos por correo electr\u00f3nico. Las solicitudes recibidas al menos 15 d\u00edas antes del inicio de la conferencia ser\u00e1n reembolsadas, menos una tarifa administrativa del 20%. Despu\u00e9s de este per\u00edodo, no se podr\u00e1n realizar reembolsos.<\/p>\n<\/div>\n<\/div><\/div><\/div><div id=\"panel-12573-0-0-7\" class=\"so-panel widget widget_sow-editor\" data-index=\"7\" ><div class=\"panel-widget-style panel-widget-style-for-12573-0-0-7\" ><div\n\t\t\t\n\t\t\tclass=\"so-widget-sow-editor so-widget-sow-editor-base\"\n\t\t\t\n\t\t><h3 class=\"widget-title\">Fechas importantes<\/h3>\n<div class=\"siteorigin-widget-tinymce textwidget\">\n\t<ul>\n<li><strong>5 de enero de 2026<\/strong> \u2013 Apertura de la convocatoria de comunicaciones<\/li>\n<li><strong>15 de enero de 2026<\/strong> \u2013 Apertura de las inscripciones<\/li>\n<li><strong>31 de julio de 2026<\/strong> \u2013 Fecha l\u00edmite para el env\u00edo de propuestas de comunicaci\u00f3n oral y fin de la tarifa Early Bird<\/li>\n<li><strong>31 de agosto de 2026<\/strong> \u2013 Fecha l\u00edmite para el env\u00edo de propuestas de comunicaci\u00f3n en formato p\u00f3ster<\/li>\n<\/ul>\n<\/div>\n<\/div><\/div><\/div><div id=\"panel-12573-0-0-8\" class=\"so-panel widget widget_sow-editor\" data-index=\"8\" ><div class=\"panel-widget-style panel-widget-style-for-12573-0-0-8\" ><div\n\t\t\t\n\t\t\tclass=\"so-widget-sow-editor so-widget-sow-editor-base\"\n\t\t\t\n\t\t><h3 class=\"widget-title\">Socios<\/h3>\n<div class=\"siteorigin-widget-tinymce textwidget\">\n\t<p><a href=\"https:\/\/cimba-project.org\/\" target=\"_blank\" rel=\"noopener\"><img loading=\"lazy\" decoding=\"async\" class=\"wp-image-12795 size-medium alignright\" src=\"https:\/\/www.caribaea.org\/wp-content\/uploads\/2026\/01\/CIMBA_Logo_Interreg_visuel-300x70.jpg\" alt=\"\" width=\"300\" height=\"70\" srcset=\"https:\/\/www.caribaea.org\/wp-content\/uploads\/2026\/01\/CIMBA_Logo_Interreg_visuel-300x70.jpg 300w, https:\/\/www.caribaea.org\/wp-content\/uploads\/2026\/01\/CIMBA_Logo_Interreg_visuel-1024x239.jpg 1024w, https:\/\/www.caribaea.org\/wp-content\/uploads\/2026\/01\/CIMBA_Logo_Interreg_visuel-768x179.jpg 768w, https:\/\/www.caribaea.org\/wp-content\/uploads\/2026\/01\/CIMBA_Logo_Interreg_visuel-1536x359.jpg 1536w, https:\/\/www.caribaea.org\/wp-content\/uploads\/2026\/01\/CIMBA_Logo_Interreg_visuel-2048x478.jpg 2048w, https:\/\/www.caribaea.org\/wp-content\/uploads\/2026\/01\/CIMBA_Logo_Interreg_visuel-958x224.jpg 958w\" sizes=\"auto, (max-width: 300px) 100vw, 300px\" \/><\/a>Una parte del evento estar\u00e1 dedicada a los mam\u00edferos ex\u00f3ticos invasores en el Caribe y se desarrollar\u00e1 en el marco <a href=\"https:\/\/cimba-project.org\/en\/the-project\/\" target=\"_blank\" rel=\"noopener\">del proyecto CIMBA<\/a>, cofinanciado por<strong data-start=\"525\" data-end=\"573\"> el Programa Interreg Caribe<\/strong>, durante el cual se presentar\u00e1n el proyecto y los principales resultados obtenidos hasta la fecha.<\/p>\n<p>&nbsp;<\/p>\n<\/div>\n<\/div><\/div><\/div><div id=\"panel-12573-0-0-9\" class=\"so-panel widget widget_sow-editor panel-last-child\" data-index=\"9\" ><div class=\"panel-widget-style panel-widget-style-for-12573-0-0-9\" ><div\n\t\t\t\n\t\t\tclass=\"so-widget-sow-editor so-widget-sow-editor-base\"\n\t\t\t\n\t\t><h3 class=\"widget-title\">Informaci\u00f3n pr\u00e1ctica<\/h3>\n<div class=\"siteorigin-widget-tinymce textwidget\">\n\t<h5><span style=\"color: #e95b2b;\"><strong>Fechas y lugar<\/strong><\/span><\/h5>\n<p>El evento se llevar\u00e1 a cabo en el <strong data-start=\"766\" data-end=\"797\">La Cr\u00e9ole Beach Hotel<\/strong> en Guadalupe <strong>del martes 22 al jueves 24 de septiembre de 2026<\/strong>.<\/p>\n<h5><span style=\"color: #e95b2b;\"><strong>Idioma<\/strong><\/span><\/h5>\n<p>El evento se llevar\u00e1 a cabo en ingl\u00e9s.<\/p>\n<h5><span style=\"color: #e95b2b;\"><strong>Alojamiento<\/strong><\/span><\/h5>\n<p>Los participantes tienen la posibilidad de alojarse directamente en el <strong data-start=\"766\" data-end=\"797\">La Cr\u00e9ole Beach Hotel<\/strong>, sede del simposio. Al estar ubicado en la zona hotelera de Le Gosier, existen otros establecimientos en las inmediaciones que ofrecen diferentes niveles de confort y precios, entre ellos: Zenitude \u2013 Le Salako, Karibea Beach Hotel Gosier (Salako, Prao, Clipper), Hotel Karaibes, Arawak Beach Resort, R\u00e9sidence Archipel &amp; Savane, Canella Beach Hotel y Hotel Mahogany.<\/p>\n<h5><span style=\"color: #e95b2b;\"><strong>Informaci\u00f3n de contacto<\/strong><\/span><\/h5>\n<p>Por favor, cont\u00e1ctenos en <a href=\"mailto:CISSW2026@caribaea.org\">CISSW2026[at]caribaea.org<\/a> para m\u00e1s informaci\u00f3n.<\/p>\n<\/div>\n<\/div><\/div><\/div><\/div><\/div><\/div><\/div>","protected":false},"excerpt":{"rendered":"<p>Simposio Especial y Taller de formaci\u00f3n sobre el Estudio y la Gesti\u00f3n de Especies de Vertebrados Terrestres Invasores en el Caribe Insular El Caribe insular es uno de los principales puntos calientes de biodiversidad del mundo, pero tambi\u00e9n uno de los m\u00e1s amenazados. La regi\u00f3n es especialmente vulnerable a la introducci\u00f3n de especies ex\u00f3ticas invasoras, [&hellip;]<\/p>\n","protected":false},"author":34,"featured_media":0,"parent":4255,"menu_order":2,"comment_status":"closed","ping_status":"closed","template":"","meta":{"footnotes":""},"class_list":["post-12573","page","type-page","status-publish","hentry"],"yoast_head":"<!-- This site is optimized with the Yoast SEO plugin v26.6 - https:\/\/yoast.com\/wordpress\/plugins\/seo\/ -->\n<title>Simposio Especial y Taller 2026 - Caribaea Initiative<\/title>\n<meta name=\"robots\" content=\"index, follow, max-snippet:-1, max-image-preview:large, max-video-preview:-1\" \/>\n<link rel=\"canonical\" href=\"https:\/\/www.caribaea.org\/es\/divulgacion\/conferencias\/cissw-2026\/\" \/>\n<meta property=\"og:locale\" content=\"es_ES\" \/>\n<meta property=\"og:type\" content=\"article\" \/>\n<meta property=\"og:title\" content=\"Simposio Especial y Taller 2026 - Caribaea Initiative\" \/>\n<meta property=\"og:description\" content=\"Simposio Especial y Taller de formaci\u00f3n sobre el Estudio y la Gesti\u00f3n de Especies de Vertebrados Terrestres Invasores en el Caribe Insular El Caribe insular es uno de los principales puntos calientes de biodiversidad del mundo, pero tambi\u00e9n uno de los m\u00e1s amenazados. La regi\u00f3n es especialmente vulnerable a la introducci\u00f3n de especies ex\u00f3ticas invasoras, [&hellip;]\" \/>\n<meta property=\"og:url\" content=\"https:\/\/www.caribaea.org\/es\/divulgacion\/conferencias\/cissw-2026\/\" \/>\n<meta property=\"og:site_name\" content=\"Caribaea Initiative\" \/>\n<meta property=\"article:modified_time\" content=\"2026-03-23T10:41:03+00:00\" \/>\n<meta property=\"og:image\" content=\"https:\/\/www.caribaea.org\/wp-content\/uploads\/2026\/03\/Visuel_03_symposium_2026_new_dates_red.jpg\" \/>\n\t<meta property=\"og:image:width\" content=\"1000\" \/>\n\t<meta property=\"og:image:height\" content=\"303\" \/>\n\t<meta property=\"og:image:type\" content=\"image\/jpeg\" \/>\n<meta name=\"twitter:card\" content=\"summary_large_image\" \/>\n<meta name=\"twitter:label1\" content=\"Tiempo de lectura\" \/>\n\t<meta name=\"twitter:data1\" content=\"6 minutos\" \/>\n<script type=\"application\/ld+json\" class=\"yoast-schema-graph\">{\"@context\":\"https:\/\/schema.org\",\"@graph\":[{\"@type\":\"WebPage\",\"@id\":\"https:\/\/www.caribaea.org\/es\/divulgacion\/conferencias\/cissw-2026\/\",\"url\":\"https:\/\/www.caribaea.org\/es\/divulgacion\/conferencias\/cissw-2026\/\",\"name\":\"Simposio Especial y Taller 2026 - Caribaea Initiative\",\"isPartOf\":{\"@id\":\"https:\/\/www.caribaea.org\/en\/#website\"},\"primaryImageOfPage\":{\"@id\":\"https:\/\/www.caribaea.org\/es\/divulgacion\/conferencias\/cissw-2026\/#primaryimage\"},\"image\":{\"@id\":\"https:\/\/www.caribaea.org\/es\/divulgacion\/conferencias\/cissw-2026\/#primaryimage\"},\"thumbnailUrl\":\"https:\/\/www.caribaea.org\/wp-content\/uploads\/2026\/03\/Visuel_03_symposium_2026_new_dates_red.jpg\",\"datePublished\":\"2025-11-17T14:23:57+00:00\",\"dateModified\":\"2026-03-23T10:41:03+00:00\",\"breadcrumb\":{\"@id\":\"https:\/\/www.caribaea.org\/es\/divulgacion\/conferencias\/cissw-2026\/#breadcrumb\"},\"inLanguage\":\"es\",\"potentialAction\":[{\"@type\":\"ReadAction\",\"target\":[\"https:\/\/www.caribaea.org\/es\/divulgacion\/conferencias\/cissw-2026\/\"]}]},{\"@type\":\"ImageObject\",\"inLanguage\":\"es\",\"@id\":\"https:\/\/www.caribaea.org\/es\/divulgacion\/conferencias\/cissw-2026\/#primaryimage\",\"url\":\"https:\/\/www.caribaea.org\/wp-content\/uploads\/2026\/03\/Visuel_03_symposium_2026_new_dates_red.jpg\",\"contentUrl\":\"https:\/\/www.caribaea.org\/wp-content\/uploads\/2026\/03\/Visuel_03_symposium_2026_new_dates_red.jpg\"},{\"@type\":\"BreadcrumbList\",\"@id\":\"https:\/\/www.caribaea.org\/es\/divulgacion\/conferencias\/cissw-2026\/#breadcrumb\",\"itemListElement\":[{\"@type\":\"ListItem\",\"position\":1,\"name\":\"Accueil\",\"item\":\"https:\/\/www.caribaea.org\/es\/\"},{\"@type\":\"ListItem\",\"position\":2,\"name\":\"Divulgaci\u00f3n\",\"item\":\"https:\/\/www.caribaea.org\/en\/outreach\/\"},{\"@type\":\"ListItem\",\"position\":3,\"name\":\"Conferencias\",\"item\":\"https:\/\/www.caribaea.org\/es\/divulgacion\/conferencias\/\"},{\"@type\":\"ListItem\",\"position\":4,\"name\":\"Simposio Especial y Taller 2026\"}]},{\"@type\":\"WebSite\",\"@id\":\"https:\/\/www.caribaea.org\/en\/#website\",\"url\":\"https:\/\/www.caribaea.org\/en\/\",\"name\":\"Caribaea Initiative\",\"description\":\"\",\"potentialAction\":[{\"@type\":\"SearchAction\",\"target\":{\"@type\":\"EntryPoint\",\"urlTemplate\":\"https:\/\/www.caribaea.org\/en\/?s={search_term_string}\"},\"query-input\":{\"@type\":\"PropertyValueSpecification\",\"valueRequired\":true,\"valueName\":\"search_term_string\"}}],\"inLanguage\":\"es\"}]}<\/script>\n<!-- \/ Yoast SEO plugin. -->","yoast_head_json":{"title":"Simposio Especial y Taller 2026 - Caribaea Initiative","robots":{"index":"index","follow":"follow","max-snippet":"max-snippet:-1","max-image-preview":"max-image-preview:large","max-video-preview":"max-video-preview:-1"},"canonical":"https:\/\/www.caribaea.org\/es\/divulgacion\/conferencias\/cissw-2026\/","og_locale":"es_ES","og_type":"article","og_title":"Simposio Especial y Taller 2026 - Caribaea Initiative","og_description":"Simposio Especial y Taller de formaci\u00f3n sobre el Estudio y la Gesti\u00f3n de Especies de Vertebrados Terrestres Invasores en el Caribe Insular El Caribe insular es uno de los principales puntos calientes de biodiversidad del mundo, pero tambi\u00e9n uno de los m\u00e1s amenazados. La regi\u00f3n es especialmente vulnerable a la introducci\u00f3n de especies ex\u00f3ticas invasoras, [&hellip;]","og_url":"https:\/\/www.caribaea.org\/es\/divulgacion\/conferencias\/cissw-2026\/","og_site_name":"Caribaea Initiative","article_modified_time":"2026-03-23T10:41:03+00:00","og_image":[{"width":1000,"height":303,"url":"https:\/\/www.caribaea.org\/wp-content\/uploads\/2026\/03\/Visuel_03_symposium_2026_new_dates_red.jpg","type":"image\/jpeg"}],"twitter_card":"summary_large_image","twitter_misc":{"Tiempo de lectura":"6 minutos"},"schema":{"@context":"https:\/\/schema.org","@graph":[{"@type":"WebPage","@id":"https:\/\/www.caribaea.org\/es\/divulgacion\/conferencias\/cissw-2026\/","url":"https:\/\/www.caribaea.org\/es\/divulgacion\/conferencias\/cissw-2026\/","name":"Simposio Especial y Taller 2026 - Caribaea Initiative","isPartOf":{"@id":"https:\/\/www.caribaea.org\/en\/#website"},"primaryImageOfPage":{"@id":"https:\/\/www.caribaea.org\/es\/divulgacion\/conferencias\/cissw-2026\/#primaryimage"},"image":{"@id":"https:\/\/www.caribaea.org\/es\/divulgacion\/conferencias\/cissw-2026\/#primaryimage"},"thumbnailUrl":"https:\/\/www.caribaea.org\/wp-content\/uploads\/2026\/03\/Visuel_03_symposium_2026_new_dates_red.jpg","datePublished":"2025-11-17T14:23:57+00:00","dateModified":"2026-03-23T10:41:03+00:00","breadcrumb":{"@id":"https:\/\/www.caribaea.org\/es\/divulgacion\/conferencias\/cissw-2026\/#breadcrumb"},"inLanguage":"es","potentialAction":[{"@type":"ReadAction","target":["https:\/\/www.caribaea.org\/es\/divulgacion\/conferencias\/cissw-2026\/"]}]},{"@type":"ImageObject","inLanguage":"es","@id":"https:\/\/www.caribaea.org\/es\/divulgacion\/conferencias\/cissw-2026\/#primaryimage","url":"https:\/\/www.caribaea.org\/wp-content\/uploads\/2026\/03\/Visuel_03_symposium_2026_new_dates_red.jpg","contentUrl":"https:\/\/www.caribaea.org\/wp-content\/uploads\/2026\/03\/Visuel_03_symposium_2026_new_dates_red.jpg"},{"@type":"BreadcrumbList","@id":"https:\/\/www.caribaea.org\/es\/divulgacion\/conferencias\/cissw-2026\/#breadcrumb","itemListElement":[{"@type":"ListItem","position":1,"name":"Accueil","item":"https:\/\/www.caribaea.org\/es\/"},{"@type":"ListItem","position":2,"name":"Divulgaci\u00f3n","item":"https:\/\/www.caribaea.org\/en\/outreach\/"},{"@type":"ListItem","position":3,"name":"Conferencias","item":"https:\/\/www.caribaea.org\/es\/divulgacion\/conferencias\/"},{"@type":"ListItem","position":4,"name":"Simposio Especial y Taller 2026"}]},{"@type":"WebSite","@id":"https:\/\/www.caribaea.org\/en\/#website","url":"https:\/\/www.caribaea.org\/en\/","name":"Caribaea Initiative","description":"","potentialAction":[{"@type":"SearchAction","target":{"@type":"EntryPoint","urlTemplate":"https:\/\/www.caribaea.org\/en\/?s={search_term_string}"},"query-input":{"@type":"PropertyValueSpecification","valueRequired":true,"valueName":"search_term_string"}}],"inLanguage":"es"}]}},"_links":{"self":[{"href":"https:\/\/www.caribaea.org\/es\/wp-json\/wp\/v2\/pages\/12573","targetHints":{"allow":["GET"]}}],"collection":[{"href":"https:\/\/www.caribaea.org\/es\/wp-json\/wp\/v2\/pages"}],"about":[{"href":"https:\/\/www.caribaea.org\/es\/wp-json\/wp\/v2\/types\/page"}],"author":[{"embeddable":true,"href":"https:\/\/www.caribaea.org\/es\/wp-json\/wp\/v2\/users\/34"}],"replies":[{"embeddable":true,"href":"https:\/\/www.caribaea.org\/es\/wp-json\/wp\/v2\/comments?post=12573"}],"version-history":[{"count":4,"href":"https:\/\/www.caribaea.org\/es\/wp-json\/wp\/v2\/pages\/12573\/revisions"}],"predecessor-version":[{"id":13104,"href":"https:\/\/www.caribaea.org\/es\/wp-json\/wp\/v2\/pages\/12573\/revisions\/13104"}],"up":[{"embeddable":true,"href":"https:\/\/www.caribaea.org\/es\/wp-json\/wp\/v2\/pages\/4255"}],"wp:attachment":[{"href":"https:\/\/www.caribaea.org\/es\/wp-json\/wp\/v2\/media?parent=12573"}],"curies":[{"name":"wp","href":"https:\/\/api.w.org\/{rel}","templated":true}]}}