{"id":13004,"date":"2026-03-09T15:43:04","date_gmt":"2026-03-09T14:43:04","guid":{"rendered":"https:\/\/www.caribaea.org\/?page_id=13004"},"modified":"2026-04-15T10:52:10","modified_gmt":"2026-04-15T08:52:10","slug":"proyecto-sccs","status":"publish","type":"page","link":"https:\/\/www.caribaea.org\/es\/nuestros-proyectos\/programas-de-investigacion-y-educacion\/proyecto-sccs\/","title":{"rendered":"Conservaci\u00f3n de la Amazona Imperial en Dominica"},"content":{"rendered":"<div id=\"pl-13004\"  class=\"panel-layout\" ><div id=\"pg-13004-0\"  class=\"panel-grid panel-no-style\" ><div id=\"pgc-13004-0-0\"  class=\"panel-grid-cell\" ><div id=\"panel-13004-0-0-0\" class=\"so-panel widget widget_sow-editor panel-first-child panel-last-child\" data-index=\"0\" ><div\n\t\t\t\n\t\t\tclass=\"so-widget-sow-editor so-widget-sow-editor-base\"\n\t\t\t\n\t\t>\n<div class=\"siteorigin-widget-tinymce textwidget\">\n\t<p><strong><img loading=\"lazy\" decoding=\"async\" width=\"300\" height=\"300\" class=\"size-medium wp-image-13008 alignright\" src=\"https:\/\/www.caribaea.org\/wp-content\/uploads\/2026\/03\/Logo_SCCS-300x300.png\" alt=\"\" srcset=\"https:\/\/www.caribaea.org\/wp-content\/uploads\/2026\/03\/Logo_SCCS-300x300.png 300w, https:\/\/www.caribaea.org\/wp-content\/uploads\/2026\/03\/Logo_SCCS-1024x1024.png 1024w, https:\/\/www.caribaea.org\/wp-content\/uploads\/2026\/03\/Logo_SCCS-150x150.png 150w, https:\/\/www.caribaea.org\/wp-content\/uploads\/2026\/03\/Logo_SCCS-768x768.png 768w, https:\/\/www.caribaea.org\/wp-content\/uploads\/2026\/03\/Logo_SCCS-1536x1536.png 1536w, https:\/\/www.caribaea.org\/wp-content\/uploads\/2026\/03\/Logo_SCCS-2048x2048.png 2048w, https:\/\/www.caribaea.org\/wp-content\/uploads\/2026\/03\/Logo_SCCS-958x958.png 958w, https:\/\/www.caribaea.org\/wp-content\/uploads\/2026\/03\/Logo_SCCS-80x80.png 80w, https:\/\/www.caribaea.org\/wp-content\/uploads\/2026\/03\/Logo_SCCS-100x100.png 100w\" sizes=\"auto, (max-width: 300px) 100vw, 300px\" \/>T\u00edtulo completo:<\/strong> Conserving the Imperial Amazon Parrot in Dominica (Conservaci\u00f3n de la Amazona Imperial en Dominica)<\/p>\n<p><strong>Objetivo:\u00a0<\/strong>El proyecto tiene como objetivo reforzar la conservaci\u00f3n de la Amazona imperial (<em data-start=\"351\" data-end=\"371\">Amazona imperialis<\/em>), un loro en peligro cr\u00edtico de extinci\u00f3n end\u00e9mico de Dominica y ave emblem\u00e1tica del pa\u00eds. El proyecto busca mejorar el conocimiento sobre el estado de la poblaci\u00f3n y la actividad reproductiva de la especie, reducir los conflictos entre fauna silvestre y agricultores, y fortalecer la capacidad de las organizaciones de la sociedad civil para contribuir a acciones de conservaci\u00f3n a largo plazo.<\/p>\n<p><strong>Ubicaci\u00f3n:\u00a0<\/strong>Dominica \u2013 principalmente dentro y alrededor de Morne Diablotin National Park, el principal basti\u00f3n de la poblaci\u00f3n de Amazona imperial.<\/p>\n<p><strong>Fechas:<\/strong> 2026-2027<\/p>\n<p><strong>Resumen:<\/strong>\u00a0La Amazona imperial (<em data-start=\"985\" data-end=\"1005\">Amazona imperialis<\/em>), tambi\u00e9n conocida como Sisserou, es el ave nacional de Dominica y una de las especies de loros m\u00e1s raras del mundo. End\u00e9mica de los bosques monta\u00f1osos de la isla, la especie est\u00e1 clasificada como En Peligro Cr\u00edtico en la Lista Roja de la UICN. Su poblaci\u00f3n ha disminuido significativamente desde el siglo XIX y sigue siendo altamente vulnerable a amenazas como el cambio clim\u00e1tico, la degradaci\u00f3n del h\u00e1bitat, los eventos clim\u00e1ticos extremos y los conflictos entre fauna silvestre y actividades agr\u00edcolas asociados a los da\u00f1os en cultivos.<\/p>\n<p data-start=\"1548\" data-end=\"1951\">El proyecto tiene como objetivo reforzar las acciones de conservaci\u00f3n mediante la combinaci\u00f3n de investigaci\u00f3n cient\u00edfica, fortalecimiento de capacidades y participaci\u00f3n comunitaria. Caribaea Initiative trabaja en colaboraci\u00f3n con la ONG dominicana EcoBalance Inc. y con actores locales para empoderar a la sociedad civil y permitirle contribuir activamente al monitoreo y la conservaci\u00f3n de la especie.\u00a0El proyecto desarrollar\u00e1 un programa de monitoreo utilizando herramientas modernas no invasivas, como grabadores ac\u00fasticos pasivos y c\u00e1maras trampa, con el fin de mejorar el conocimiento sobre el tama\u00f1o de la poblaci\u00f3n, su distribuci\u00f3n espacial y la actividad reproductiva. Adem\u00e1s, se dise\u00f1ar\u00e1n e instalar\u00e1n cajas nido artificiales para aumentar la disponibilidad de sitios de nidificaci\u00f3n y favorecer el \u00e9xito reproductivo.\u00a0Para reducir los conflictos entre loros y agricultores, el proyecto evaluar\u00e1 la magnitud de los da\u00f1os a los cultivos y pondr\u00e1 a prueba t\u00e9cnicas de disuasi\u00f3n no letales. Los resultados se recopilar\u00e1n en una gu\u00eda pr\u00e1ctica dirigida a los agricultores.\u00a0El proyecto tambi\u00e9n implementar\u00e1 campa\u00f1as de educaci\u00f3n y sensibilizaci\u00f3n dirigidas a agricultores, escuelas y al p\u00fablico en general, con el objetivo de mejorar la comprensi\u00f3n de la importancia ecol\u00f3gica de la Amazona imperial y de los desaf\u00edos planteados por el cambio clim\u00e1tico.\u00a0Finalmente, el proyecto conducir\u00e1 a la elaboraci\u00f3n de un plan de acci\u00f3n para la conservaci\u00f3n de la Amazona imperial a diez a\u00f1os, fortaleciendo la coordinaci\u00f3n entre la sociedad civil, las autoridades gubernamentales y las redes regionales de conservaci\u00f3n.<\/p>\n<\/div>\n<\/div><\/div><\/div><\/div><div id=\"pg-13004-1\"  class=\"panel-grid panel-no-style\" ><div id=\"pgc-13004-1-0\"  class=\"panel-grid-cell panel-grid-cell-mobile-last\" ><div id=\"panel-13004-1-0-0\" class=\"so-panel widget widget_sow-image panel-first-child panel-last-child\" data-index=\"1\" ><div\n\t\t\t\n\t\t\tclass=\"so-widget-sow-image so-widget-sow-image-default-8b5b6f678277-13004\"\n\t\t\t\n\t\t>\n<div class=\"sow-image-container\">\n\t\t<img \n\tsrc=\"https:\/\/www.caribaea.org\/wp-content\/uploads\/2026\/03\/Amazona_imperialis_red.jpg\" width=\"900\" height=\"630\" srcset=\"https:\/\/www.caribaea.org\/wp-content\/uploads\/2026\/03\/Amazona_imperialis_red.jpg 900w, https:\/\/www.caribaea.org\/wp-content\/uploads\/2026\/03\/Amazona_imperialis_red-300x210.jpg 300w, https:\/\/www.caribaea.org\/wp-content\/uploads\/2026\/03\/Amazona_imperialis_red-768x538.jpg 768w\" sizes=\"(max-width: 900px) 100vw, 900px\" alt=\"\" \t\tclass=\"so-widget-image\"\/>\n\t<\/div>\n\n<\/div><\/div><\/div><div id=\"pgc-13004-1-1\"  class=\"panel-grid-cell panel-grid-cell-empty\" ><\/div><\/div><div id=\"pg-13004-2\"  class=\"panel-grid panel-no-style\" ><div id=\"pgc-13004-2-0\"  class=\"panel-grid-cell\" ><div id=\"panel-13004-2-0-0\" class=\"so-panel widget widget_spacer-widget panel-first-child\" data-index=\"2\" ><div\n\t\t\t\n\t\t\tclass=\"so-widget-spacer-widget so-widget-spacer-widget-base\"\n\t\t\t\n\t\t>\n<div class=\"clearfix\" style=\"height:40px\"><\/div><\/div><\/div><div id=\"panel-13004-2-0-1\" class=\"so-panel widget widget_sow-editor panel-last-child\" data-index=\"3\" ><div\n\t\t\t\n\t\t\tclass=\"so-widget-sow-editor so-widget-sow-editor-base\"\n\t\t\t\n\t\t>\n<div class=\"siteorigin-widget-tinymce textwidget\">\n\t<h3>Socios de proyectos<\/h3>\n<hr \/>\n<p data-start=\"3197\" data-end=\"3543\">El proyecto es implementado por Caribaea Initiative en colaboraci\u00f3n con EcoBalance Inc., una organizaci\u00f3n de la sociedad civil dominicana involucrada en educaci\u00f3n ambiental y conservaci\u00f3n comunitaria. EcoBalance coordina las actividades locales, incluyendo el monitoreo de campo, la interacci\u00f3n con agricultores y las campa\u00f1as de sensibilizaci\u00f3n.<\/p>\n<p data-start=\"3545\" data-end=\"3860\">El proyecto se lleva a cabo en colaboraci\u00f3n con la Forestry, Wildlife and Parks Division (FWPD) de Dominica, la autoridad gubernamental responsable de la conservaci\u00f3n y gesti\u00f3n de la fauna silvestre en el pa\u00eds, que proporciona apoyo t\u00e9cnico y facilita la coordinaci\u00f3n con las prioridades nacionales de conservaci\u00f3n.<\/p>\n<p><img loading=\"lazy\" decoding=\"async\" class=\"alignnone wp-image-10618\" src=\"https:\/\/www.caribaea.org\/wp-content\/uploads\/2024\/01\/logo-300x300.jpg\" alt=\"\" width=\"200\" height=\"200\" srcset=\"https:\/\/www.caribaea.org\/wp-content\/uploads\/2024\/01\/logo-300x300.jpg 300w, https:\/\/www.caribaea.org\/wp-content\/uploads\/2024\/01\/logo-150x150.jpg 150w, https:\/\/www.caribaea.org\/wp-content\/uploads\/2024\/01\/logo-80x80.jpg 80w, https:\/\/www.caribaea.org\/wp-content\/uploads\/2024\/01\/logo-100x100.jpg 100w, https:\/\/www.caribaea.org\/wp-content\/uploads\/2024\/01\/logo.jpg 600w\" sizes=\"auto, (max-width: 200px) 100vw, 200px\" \/><a href=\"https:\/\/www.eco-balance.org\/\" target=\"_blank\" rel=\"noopener\"><img loading=\"lazy\" decoding=\"async\" class=\"alignnone wp-image-13018\" src=\"https:\/\/www.caribaea.org\/wp-content\/uploads\/2026\/03\/ecobalance-dominica_logo-1024x869-1-300x255.png\" alt=\"\" width=\"200\" height=\"170\" srcset=\"https:\/\/www.caribaea.org\/wp-content\/uploads\/2026\/03\/ecobalance-dominica_logo-1024x869-1-300x255.png 300w, https:\/\/www.caribaea.org\/wp-content\/uploads\/2026\/03\/ecobalance-dominica_logo-1024x869-1-768x652.png 768w, https:\/\/www.caribaea.org\/wp-content\/uploads\/2026\/03\/ecobalance-dominica_logo-1024x869-1-958x813.png 958w, https:\/\/www.caribaea.org\/wp-content\/uploads\/2026\/03\/ecobalance-dominica_logo-1024x869-1.png 1024w\" sizes=\"auto, (max-width: 200px) 100vw, 200px\" \/><\/a>\u00a0 \u00a0 \u00a0 \u00a0<a href=\"https:\/\/www.facebook.com\/DominicaForestryDivision\" target=\"_blank\" rel=\"noopener\"><img loading=\"lazy\" decoding=\"async\" class=\"alignnone wp-image-6218\" src=\"https:\/\/www.caribaea.org\/wp-content\/uploads\/2021\/10\/Dominica.jpg\" alt=\"\" width=\"200\" height=\"190\" \/><\/a><\/p>\n<\/div>\n<\/div><\/div><\/div><\/div><div id=\"pg-13004-3\"  class=\"panel-grid panel-no-style\" ><div id=\"pgc-13004-3-0\"  class=\"panel-grid-cell\" ><div id=\"panel-13004-3-0-0\" class=\"so-panel widget widget_spacer-widget panel-first-child\" data-index=\"4\" ><div\n\t\t\t\n\t\t\tclass=\"so-widget-spacer-widget so-widget-spacer-widget-base\"\n\t\t\t\n\t\t>\n<div class=\"clearfix\" style=\"height:40px\"><\/div><\/div><\/div><div id=\"panel-13004-3-0-1\" class=\"so-panel widget widget_sow-editor panel-last-child\" data-index=\"5\" ><div\n\t\t\t\n\t\t\tclass=\"so-widget-sow-editor so-widget-sow-editor-base\"\n\t\t\t\n\t\t>\n<div class=\"siteorigin-widget-tinymce textwidget\">\n\t<h3>Financiaci\u00f3n<\/h3>\n<hr \/>\n<p><a href=\"https:\/\/www.cepf.net\/\" target=\"_blank\" rel=\"noopener\"><img loading=\"lazy\" decoding=\"async\" class=\"alignright wp-image-13012 size-medium\" src=\"https:\/\/www.caribaea.org\/wp-content\/uploads\/2026\/03\/cepf-logo-medium-sized-jpeg-300x100.jpg\" alt=\"\" width=\"300\" height=\"100\" srcset=\"https:\/\/www.caribaea.org\/wp-content\/uploads\/2026\/03\/cepf-logo-medium-sized-jpeg-300x100.jpg 300w, https:\/\/www.caribaea.org\/wp-content\/uploads\/2026\/03\/cepf-logo-medium-sized-jpeg-768x255.jpg 768w, https:\/\/www.caribaea.org\/wp-content\/uploads\/2026\/03\/cepf-logo-medium-sized-jpeg-958x318.jpg 958w, https:\/\/www.caribaea.org\/wp-content\/uploads\/2026\/03\/cepf-logo-medium-sized-jpeg.jpg 1000w\" sizes=\"auto, (max-width: 300px) 100vw, 300px\" \/><\/a>Este proyecto est\u00e1 financiado por el Fondo de Alianzas para los Ecosistemas Cr\u00edticos.<\/p>\n<p data-start=\"3967\" data-end=\"4477\">El Fondo de Alianzas para los Ecosistemas Cr\u00edticos es una iniciativa conjunta de La Agencia Francesa de Desarrollo, Conservaci\u00f3n Internacional, la Uni\u00f3n Europea, la Fundaci\u00f3n Hans Wilsdorf, el Fondo para el Medio Ambiente Mundial, el Gobierno de Canad\u00e1, el Gobierno de Jap\u00f3n y el Banco Mundial. La inversi\u00f3n de la Fase II del CEPF (agosto de 2021 - julio de 2027) en el Hotspot de Biodiversidad de las Islas del Caribe se financia a trav\u00e9s del Proyecto del Hotspot de Biodiversidad del Banco Mundial - Fondo de Alianzas para los Ecosistemas Cr\u00edticos, utilizando fondos proporcionados por el Gobierno de Jap\u00f3n.<\/p>\n<p data-start=\"4479\" data-end=\"4519\">M\u00e1s informaci\u00f3n: <a href=\"https:\/\/www.cepf.net\/\" target=\"_blank\" rel=\"noopener\">https:\/\/www.cepf.net\/<\/a><\/p>\n<p>&nbsp;<\/p>\n<\/div>\n<\/div><\/div><\/div><\/div><div id=\"pg-13004-4\"  class=\"panel-grid panel-no-style\" ><div id=\"pgc-13004-4-0\"  class=\"panel-grid-cell\" ><div id=\"panel-13004-4-0-0\" class=\"so-panel widget widget_spacer-widget panel-first-child\" data-index=\"6\" ><div\n\t\t\t\n\t\t\tclass=\"so-widget-spacer-widget so-widget-spacer-widget-base\"\n\t\t\t\n\t\t>\n<div class=\"clearfix\" style=\"height:40px\"><\/div><\/div><\/div><div id=\"panel-13004-4-0-1\" class=\"so-panel widget widget_sow-editor panel-last-child\" data-index=\"7\" ><div\n\t\t\t\n\t\t\tclass=\"so-widget-sow-editor so-widget-sow-editor-base\"\n\t\t\t\n\t\t>\n<div class=\"siteorigin-widget-tinymce textwidget\">\n\t<h3>Mecanismo de quejas<\/h3>\n<hr \/>\n<p>Caribaea Initiative se compromete a garantizar la transparencia, la equidad y la rendici\u00f3n de cuentas en la implementaci\u00f3n de este proyecto. Cualquier persona o grupo involucrado en el proyecto, o afectado por el mismo, puede presentar una queja relacionada con las condiciones de trabajo, los derechos humanos, los derechos contractuales o cualquier otra preocupaci\u00f3n pertinente.<\/p>\n<p>Las quejas deben dirigirse al Director de Programas de Caribaea Initiative:<br \/>\n\ud83d\udce7 <a href=\"mailto:administration@caribaea.org\">administration[at]caribaea.org<\/a> | \ud83d\udcde +590 690 13 53 64<\/p>\n<p>Todas las quejas ser\u00e1n acusadas de recibo en un plazo de 48 horas y ser\u00e1n tratadas de manera oportuna, confidencial y constructiva.<\/p>\n<p>Si el reclamante no est\u00e1 satisfecho con la respuesta, la queja puede remitirse al Equipo Regional de Implementaci\u00f3n del CEPF y, si es necesario, a la l\u00ednea \u00e9tica de Conservation International.<\/p>\n<p><strong>Los detalles completos del mecanismo de quejas, incluyendo el proceso paso a paso y la informaci\u00f3n de contacto, est\u00e1n disponibles aqu\u00ed: <\/strong><a href=\"https:\/\/www.caribaea.org\/wp-content\/uploads\/2026\/04\/CEPF_117080_Grievance_mechanism.pdf\" target=\"_blank\" rel=\"noopener\">Descargar el mecanismo completo (PDF)<\/a><\/p>\n<\/div>\n<\/div><\/div><\/div><\/div><\/div>","protected":false},"excerpt":{"rendered":"<p>T\u00edtulo completo: Conserving the Imperial Amazon Parrot in Dominica (Conservaci\u00f3n de la Amazona Imperial en Dominica) Objetivo:\u00a0El proyecto tiene como objetivo reforzar la conservaci\u00f3n de la Amazona imperial (Amazona imperialis), un loro en peligro cr\u00edtico de extinci\u00f3n end\u00e9mico de Dominica y ave emblem\u00e1tica del pa\u00eds. El proyecto busca mejorar el conocimiento sobre el estado de [&hellip;]<\/p>\n","protected":false},"author":34,"featured_media":0,"parent":7584,"menu_order":4,"comment_status":"closed","ping_status":"closed","template":"","meta":{"footnotes":""},"class_list":["post-13004","page","type-page","status-publish","hentry"],"yoast_head":"<!-- This site is optimized with the Yoast SEO plugin v26.6 - https:\/\/yoast.com\/wordpress\/plugins\/seo\/ -->\n<title>Conservaci\u00f3n de la Amazona Imperial en Dominica - Caribaea Initiative<\/title>\n<meta name=\"robots\" content=\"index, follow, max-snippet:-1, max-image-preview:large, max-video-preview:-1\" \/>\n<link rel=\"canonical\" href=\"https:\/\/www.caribaea.org\/es\/nuestros-proyectos\/programas-de-investigacion-y-educacion\/proyecto-sccs\/\" \/>\n<meta property=\"og:locale\" content=\"es_ES\" \/>\n<meta property=\"og:type\" content=\"article\" \/>\n<meta property=\"og:title\" content=\"Conservaci\u00f3n de la Amazona Imperial en Dominica - Caribaea Initiative\" \/>\n<meta property=\"og:description\" content=\"T\u00edtulo completo: Conserving the Imperial Amazon Parrot in Dominica (Conservaci\u00f3n de la Amazona Imperial en Dominica) Objetivo:\u00a0El proyecto tiene como objetivo reforzar la conservaci\u00f3n de la Amazona imperial (Amazona imperialis), un loro en peligro cr\u00edtico de extinci\u00f3n end\u00e9mico de Dominica y ave emblem\u00e1tica del pa\u00eds. El proyecto busca mejorar el conocimiento sobre el estado de [&hellip;]\" \/>\n<meta property=\"og:url\" content=\"https:\/\/www.caribaea.org\/es\/nuestros-proyectos\/programas-de-investigacion-y-educacion\/proyecto-sccs\/\" \/>\n<meta property=\"og:site_name\" content=\"Caribaea Initiative\" \/>\n<meta property=\"article:modified_time\" content=\"2026-04-15T08:52:10+00:00\" \/>\n<meta property=\"og:image\" content=\"https:\/\/www.caribaea.org\/wp-content\/uploads\/2026\/03\/Logo_SCCS-scaled.png\" \/>\n\t<meta property=\"og:image:width\" content=\"2560\" \/>\n\t<meta property=\"og:image:height\" content=\"2560\" \/>\n\t<meta property=\"og:image:type\" content=\"image\/png\" \/>\n<meta name=\"twitter:card\" content=\"summary_large_image\" \/>\n<meta name=\"twitter:label1\" content=\"Tiempo de lectura\" \/>\n\t<meta name=\"twitter:data1\" content=\"6 minutos\" \/>\n<script type=\"application\/ld+json\" class=\"yoast-schema-graph\">{\"@context\":\"https:\/\/schema.org\",\"@graph\":[{\"@type\":\"WebPage\",\"@id\":\"https:\/\/www.caribaea.org\/es\/nuestros-proyectos\/programas-de-investigacion-y-educacion\/proyecto-sccs\/\",\"url\":\"https:\/\/www.caribaea.org\/es\/nuestros-proyectos\/programas-de-investigacion-y-educacion\/proyecto-sccs\/\",\"name\":\"Conservaci\u00f3n de la Amazona Imperial en Dominica - Caribaea Initiative\",\"isPartOf\":{\"@id\":\"https:\/\/www.caribaea.org\/en\/#website\"},\"primaryImageOfPage\":{\"@id\":\"https:\/\/www.caribaea.org\/es\/nuestros-proyectos\/programas-de-investigacion-y-educacion\/proyecto-sccs\/#primaryimage\"},\"image\":{\"@id\":\"https:\/\/www.caribaea.org\/es\/nuestros-proyectos\/programas-de-investigacion-y-educacion\/proyecto-sccs\/#primaryimage\"},\"thumbnailUrl\":\"https:\/\/www.caribaea.org\/wp-content\/uploads\/2026\/03\/Logo_SCCS-300x300.png\",\"datePublished\":\"2026-03-09T14:43:04+00:00\",\"dateModified\":\"2026-04-15T08:52:10+00:00\",\"breadcrumb\":{\"@id\":\"https:\/\/www.caribaea.org\/es\/nuestros-proyectos\/programas-de-investigacion-y-educacion\/proyecto-sccs\/#breadcrumb\"},\"inLanguage\":\"es\",\"potentialAction\":[{\"@type\":\"ReadAction\",\"target\":[\"https:\/\/www.caribaea.org\/es\/nuestros-proyectos\/programas-de-investigacion-y-educacion\/proyecto-sccs\/\"]}]},{\"@type\":\"ImageObject\",\"inLanguage\":\"es\",\"@id\":\"https:\/\/www.caribaea.org\/es\/nuestros-proyectos\/programas-de-investigacion-y-educacion\/proyecto-sccs\/#primaryimage\",\"url\":\"https:\/\/www.caribaea.org\/wp-content\/uploads\/2026\/03\/Logo_SCCS-300x300.png\",\"contentUrl\":\"https:\/\/www.caribaea.org\/wp-content\/uploads\/2026\/03\/Logo_SCCS-300x300.png\"},{\"@type\":\"BreadcrumbList\",\"@id\":\"https:\/\/www.caribaea.org\/es\/nuestros-proyectos\/programas-de-investigacion-y-educacion\/proyecto-sccs\/#breadcrumb\",\"itemListElement\":[{\"@type\":\"ListItem\",\"position\":1,\"name\":\"Accueil\",\"item\":\"https:\/\/www.caribaea.org\/es\/\"},{\"@type\":\"ListItem\",\"position\":2,\"name\":\"Nuestros proyectos\",\"item\":\"https:\/\/www.caribaea.org\/es\/nuestros-proyectos\/\"},{\"@type\":\"ListItem\",\"position\":3,\"name\":\"Programas de investigaci\u00f3n y educaci\u00f3n\",\"item\":\"https:\/\/www.caribaea.org\/es\/nuestros-proyectos\/programas-de-investigacion-y-educacion\/\"},{\"@type\":\"ListItem\",\"position\":4,\"name\":\"Conservaci\u00f3n de la Amazona Imperial en Dominica\"}]},{\"@type\":\"WebSite\",\"@id\":\"https:\/\/www.caribaea.org\/en\/#website\",\"url\":\"https:\/\/www.caribaea.org\/en\/\",\"name\":\"Caribaea Initiative\",\"description\":\"\",\"potentialAction\":[{\"@type\":\"SearchAction\",\"target\":{\"@type\":\"EntryPoint\",\"urlTemplate\":\"https:\/\/www.caribaea.org\/en\/?s={search_term_string}\"},\"query-input\":{\"@type\":\"PropertyValueSpecification\",\"valueRequired\":true,\"valueName\":\"search_term_string\"}}],\"inLanguage\":\"es\"}]}<\/script>\n<!-- \/ Yoast SEO plugin. -->","yoast_head_json":{"title":"Conservaci\u00f3n de la Amazona Imperial en Dominica - Caribaea Initiative","robots":{"index":"index","follow":"follow","max-snippet":"max-snippet:-1","max-image-preview":"max-image-preview:large","max-video-preview":"max-video-preview:-1"},"canonical":"https:\/\/www.caribaea.org\/es\/nuestros-proyectos\/programas-de-investigacion-y-educacion\/proyecto-sccs\/","og_locale":"es_ES","og_type":"article","og_title":"Conservaci\u00f3n de la Amazona Imperial en Dominica - Caribaea Initiative","og_description":"T\u00edtulo completo: Conserving the Imperial Amazon Parrot in Dominica (Conservaci\u00f3n de la Amazona Imperial en Dominica) Objetivo:\u00a0El proyecto tiene como objetivo reforzar la conservaci\u00f3n de la Amazona imperial (Amazona imperialis), un loro en peligro cr\u00edtico de extinci\u00f3n end\u00e9mico de Dominica y ave emblem\u00e1tica del pa\u00eds. El proyecto busca mejorar el conocimiento sobre el estado de [&hellip;]","og_url":"https:\/\/www.caribaea.org\/es\/nuestros-proyectos\/programas-de-investigacion-y-educacion\/proyecto-sccs\/","og_site_name":"Caribaea Initiative","article_modified_time":"2026-04-15T08:52:10+00:00","og_image":[{"width":2560,"height":2560,"url":"https:\/\/www.caribaea.org\/wp-content\/uploads\/2026\/03\/Logo_SCCS-scaled.png","type":"image\/png"}],"twitter_card":"summary_large_image","twitter_misc":{"Tiempo de lectura":"6 minutos"},"schema":{"@context":"https:\/\/schema.org","@graph":[{"@type":"WebPage","@id":"https:\/\/www.caribaea.org\/es\/nuestros-proyectos\/programas-de-investigacion-y-educacion\/proyecto-sccs\/","url":"https:\/\/www.caribaea.org\/es\/nuestros-proyectos\/programas-de-investigacion-y-educacion\/proyecto-sccs\/","name":"Conservaci\u00f3n de la Amazona Imperial en Dominica - Caribaea Initiative","isPartOf":{"@id":"https:\/\/www.caribaea.org\/en\/#website"},"primaryImageOfPage":{"@id":"https:\/\/www.caribaea.org\/es\/nuestros-proyectos\/programas-de-investigacion-y-educacion\/proyecto-sccs\/#primaryimage"},"image":{"@id":"https:\/\/www.caribaea.org\/es\/nuestros-proyectos\/programas-de-investigacion-y-educacion\/proyecto-sccs\/#primaryimage"},"thumbnailUrl":"https:\/\/www.caribaea.org\/wp-content\/uploads\/2026\/03\/Logo_SCCS-300x300.png","datePublished":"2026-03-09T14:43:04+00:00","dateModified":"2026-04-15T08:52:10+00:00","breadcrumb":{"@id":"https:\/\/www.caribaea.org\/es\/nuestros-proyectos\/programas-de-investigacion-y-educacion\/proyecto-sccs\/#breadcrumb"},"inLanguage":"es","potentialAction":[{"@type":"ReadAction","target":["https:\/\/www.caribaea.org\/es\/nuestros-proyectos\/programas-de-investigacion-y-educacion\/proyecto-sccs\/"]}]},{"@type":"ImageObject","inLanguage":"es","@id":"https:\/\/www.caribaea.org\/es\/nuestros-proyectos\/programas-de-investigacion-y-educacion\/proyecto-sccs\/#primaryimage","url":"https:\/\/www.caribaea.org\/wp-content\/uploads\/2026\/03\/Logo_SCCS-300x300.png","contentUrl":"https:\/\/www.caribaea.org\/wp-content\/uploads\/2026\/03\/Logo_SCCS-300x300.png"},{"@type":"BreadcrumbList","@id":"https:\/\/www.caribaea.org\/es\/nuestros-proyectos\/programas-de-investigacion-y-educacion\/proyecto-sccs\/#breadcrumb","itemListElement":[{"@type":"ListItem","position":1,"name":"Accueil","item":"https:\/\/www.caribaea.org\/es\/"},{"@type":"ListItem","position":2,"name":"Nuestros proyectos","item":"https:\/\/www.caribaea.org\/es\/nuestros-proyectos\/"},{"@type":"ListItem","position":3,"name":"Programas de investigaci\u00f3n y educaci\u00f3n","item":"https:\/\/www.caribaea.org\/es\/nuestros-proyectos\/programas-de-investigacion-y-educacion\/"},{"@type":"ListItem","position":4,"name":"Conservaci\u00f3n de la Amazona Imperial en Dominica"}]},{"@type":"WebSite","@id":"https:\/\/www.caribaea.org\/en\/#website","url":"https:\/\/www.caribaea.org\/en\/","name":"Caribaea Initiative","description":"","potentialAction":[{"@type":"SearchAction","target":{"@type":"EntryPoint","urlTemplate":"https:\/\/www.caribaea.org\/en\/?s={search_term_string}"},"query-input":{"@type":"PropertyValueSpecification","valueRequired":true,"valueName":"search_term_string"}}],"inLanguage":"es"}]}},"_links":{"self":[{"href":"https:\/\/www.caribaea.org\/es\/wp-json\/wp\/v2\/pages\/13004","targetHints":{"allow":["GET"]}}],"collection":[{"href":"https:\/\/www.caribaea.org\/es\/wp-json\/wp\/v2\/pages"}],"about":[{"href":"https:\/\/www.caribaea.org\/es\/wp-json\/wp\/v2\/types\/page"}],"author":[{"embeddable":true,"href":"https:\/\/www.caribaea.org\/es\/wp-json\/wp\/v2\/users\/34"}],"replies":[{"embeddable":true,"href":"https:\/\/www.caribaea.org\/es\/wp-json\/wp\/v2\/comments?post=13004"}],"version-history":[{"count":3,"href":"https:\/\/www.caribaea.org\/es\/wp-json\/wp\/v2\/pages\/13004\/revisions"}],"predecessor-version":[{"id":13160,"href":"https:\/\/www.caribaea.org\/es\/wp-json\/wp\/v2\/pages\/13004\/revisions\/13160"}],"up":[{"embeddable":true,"href":"https:\/\/www.caribaea.org\/es\/wp-json\/wp\/v2\/pages\/7584"}],"wp:attachment":[{"href":"https:\/\/www.caribaea.org\/es\/wp-json\/wp\/v2\/media?parent=13004"}],"curies":[{"name":"wp","href":"https:\/\/api.w.org\/{rel}","templated":true}]}}