{"id":3592,"date":"2020-11-17T03:32:15","date_gmt":"2020-11-17T02:32:15","guid":{"rendered":"https:\/\/www.caribaea.org\/?page_id=3592"},"modified":"2022-12-20T11:20:57","modified_gmt":"2022-12-20T10:20:57","slug":"accueil-es","status":"publish","type":"page","link":"https:\/\/www.caribaea.org\/es\/","title":{"rendered":"Accueil ES"},"content":{"rendered":"<div id=\"pl-10597\"  class=\"panel-layout\" ><div id=\"pg-10597-0\"  class=\"panel-grid panel-no-style\" ><div id=\"pgc-10597-0-0\"  class=\"panel-grid-cell\" ><div id=\"panel-10597-0-0-0\" class=\"so-panel widget widget_sow-editor panel-first-child panel-last-child\" data-index=\"0\" ><div\n\t\t\t\n\t\t\tclass=\"so-widget-sow-editor so-widget-sow-editor-base\"\n\t\t\t\n\t\t>\n<div class=\"siteorigin-widget-tinymce textwidget\">\n\t<p><strong>T\u00edtulo:<\/strong> Proyecto Ansapit \u2013 Preservaci\u00f3n de la biodiversidad y restauraci\u00f3n de los ecosistemas en el Parque Comunal Cacique Henri<\/p>\n<p><strong>Objetivo:<\/strong> Preservar la biodiversidad y restaurar los ecosistemas del Parque Comunal Cacique Henri (Hait\u00ed) mediante la sensibilizaci\u00f3n e implicaci\u00f3n de las comunidades locales en la gesti\u00f3n de su patrimonio natural.<\/p>\n<p><strong>Ubicaci\u00f3n:<\/strong> Hait\u00ed<\/p>\n<p><strong>Fechas:<\/strong> 2022-2026<\/p>\n<p><strong>Resumen:<\/strong> El Parque Comunal Cacique Henri, ubicado en Anse-\u00e0-Pitres, Hait\u00ed, es un \u00e1rea protegida de gran importancia ecol\u00f3gica, que alberga una biodiversidad \u00fanica. Este parque incluye especies vegetales raras, como cactus y palmeras, as\u00ed como animales en peligro, como la iguana de Ricord, una especie de iguana particularmente rara y amenazada de extinci\u00f3n, junto con varias otras especies de vertebrados de inter\u00e9s patrimonial. El proyecto Ansapit, realizado en colaboraci\u00f3n con la Fundaci\u00f3n FOKAL, tiene como objetivo preservar esta biodiversidad y restaurar los ecosistemas da\u00f1ados, especialmente el bosque seco y el manglar. Las acciones del proyecto incluyen, en primer lugar, una evaluaci\u00f3n rigurosa de la biodiversidad animal y vegetal del parque mediante varios m\u00e9todos de estudio, la restauraci\u00f3n de ecosistemas, en particular mediante la plantaci\u00f3n de cactus, y la sensibilizaci\u00f3n de las poblaciones locales a trav\u00e9s de materiales pedag\u00f3gicos adaptados.<\/p>\n<\/div>\n<\/div><\/div><\/div><\/div><div id=\"pg-10597-1\"  class=\"panel-grid panel-no-style\" ><div id=\"pgc-10597-1-0\"  class=\"panel-grid-cell\" ><div id=\"panel-10597-1-0-0\" class=\"so-panel widget widget_spacer-widget panel-first-child\" data-index=\"1\" ><div\n\t\t\t\n\t\t\tclass=\"so-widget-spacer-widget so-widget-spacer-widget-base\"\n\t\t\t\n\t\t>\n<div class=\"clearfix\" style=\"height:40px\"><\/div><\/div><\/div><div id=\"panel-10597-1-0-1\" class=\"so-panel widget widget_sow-editor panel-last-child\" data-index=\"2\" ><div\n\t\t\t\n\t\t\tclass=\"so-widget-sow-editor so-widget-sow-editor-base\"\n\t\t\t\n\t\t>\n<div class=\"siteorigin-widget-tinymce textwidget\">\n\t<h3>Plantaci\u00f3n de cactus<\/h3>\n<hr \/>\n<\/div>\n<\/div><\/div><\/div><\/div><div id=\"pg-10597-2\"  class=\"panel-grid panel-no-style\" ><div id=\"pgc-10597-2-0\"  class=\"panel-grid-cell\" ><div id=\"panel-10597-2-0-0\" class=\"so-panel widget widget_media_image panel-first-child panel-last-child\" data-index=\"3\" ><img loading=\"lazy\" decoding=\"async\" width=\"300\" height=\"300\" src=\"https:\/\/www.caribaea.org\/wp-content\/uploads\/2024\/10\/Image-reforestation-1-300x300.jpg\" class=\"image wp-image-10600  attachment-medium size-medium\" alt=\"\" style=\"max-width: 100%; height: auto;\" srcset=\"https:\/\/www.caribaea.org\/wp-content\/uploads\/2024\/10\/Image-reforestation-1-300x300.jpg 300w, https:\/\/www.caribaea.org\/wp-content\/uploads\/2024\/10\/Image-reforestation-1-150x150.jpg 150w, https:\/\/www.caribaea.org\/wp-content\/uploads\/2024\/10\/Image-reforestation-1-768x768.jpg 768w, https:\/\/www.caribaea.org\/wp-content\/uploads\/2024\/10\/Image-reforestation-1-958x958.jpg 958w, https:\/\/www.caribaea.org\/wp-content\/uploads\/2024\/10\/Image-reforestation-1-80x80.jpg 80w, https:\/\/www.caribaea.org\/wp-content\/uploads\/2024\/10\/Image-reforestation-1-100x100.jpg 100w, https:\/\/www.caribaea.org\/wp-content\/uploads\/2024\/10\/Image-reforestation-1.jpg 960w\" sizes=\"auto, (max-width: 300px) 100vw, 300px\" \/><\/div><\/div><div id=\"pgc-10597-2-1\"  class=\"panel-grid-cell\" ><div id=\"panel-10597-2-1-0\" class=\"so-panel widget widget_media_image panel-first-child panel-last-child\" data-index=\"4\" ><img loading=\"lazy\" decoding=\"async\" width=\"300\" height=\"300\" src=\"https:\/\/www.caribaea.org\/wp-content\/uploads\/2024\/10\/image-reforestation-5-300x300.jpg\" class=\"image wp-image-10609  attachment-medium size-medium\" alt=\"\" style=\"max-width: 100%; height: auto;\" srcset=\"https:\/\/www.caribaea.org\/wp-content\/uploads\/2024\/10\/image-reforestation-5-300x300.jpg 300w, https:\/\/www.caribaea.org\/wp-content\/uploads\/2024\/10\/image-reforestation-5-150x150.jpg 150w, https:\/\/www.caribaea.org\/wp-content\/uploads\/2024\/10\/image-reforestation-5-768x768.jpg 768w, https:\/\/www.caribaea.org\/wp-content\/uploads\/2024\/10\/image-reforestation-5-80x80.jpg 80w, https:\/\/www.caribaea.org\/wp-content\/uploads\/2024\/10\/image-reforestation-5-100x100.jpg 100w, https:\/\/www.caribaea.org\/wp-content\/uploads\/2024\/10\/image-reforestation-5.jpg 810w\" sizes=\"auto, (max-width: 300px) 100vw, 300px\" \/><\/div><\/div><div id=\"pgc-10597-2-2\"  class=\"panel-grid-cell\" ><div id=\"panel-10597-2-2-0\" class=\"so-panel widget widget_media_image panel-first-child panel-last-child\" data-index=\"5\" ><img loading=\"lazy\" decoding=\"async\" width=\"300\" height=\"300\" src=\"https:\/\/www.caribaea.org\/wp-content\/uploads\/2024\/10\/plantation-Leptocereus-undulosus-3-300x300.jpg\" class=\"image wp-image-10612  attachment-medium size-medium\" alt=\"\" style=\"max-width: 100%; height: auto;\" srcset=\"https:\/\/www.caribaea.org\/wp-content\/uploads\/2024\/10\/plantation-Leptocereus-undulosus-3-300x300.jpg 300w, https:\/\/www.caribaea.org\/wp-content\/uploads\/2024\/10\/plantation-Leptocereus-undulosus-3-150x150.jpg 150w, https:\/\/www.caribaea.org\/wp-content\/uploads\/2024\/10\/plantation-Leptocereus-undulosus-3-768x768.jpg 768w, https:\/\/www.caribaea.org\/wp-content\/uploads\/2024\/10\/plantation-Leptocereus-undulosus-3-80x80.jpg 80w, https:\/\/www.caribaea.org\/wp-content\/uploads\/2024\/10\/plantation-Leptocereus-undulosus-3-100x100.jpg 100w, https:\/\/www.caribaea.org\/wp-content\/uploads\/2024\/10\/plantation-Leptocereus-undulosus-3.jpg 810w\" sizes=\"auto, (max-width: 300px) 100vw, 300px\" \/><\/div><\/div><div id=\"pgc-10597-2-3\"  class=\"panel-grid-cell\" ><div id=\"panel-10597-2-3-0\" class=\"so-panel widget widget_media_image panel-first-child panel-last-child\" data-index=\"6\" ><img loading=\"lazy\" decoding=\"async\" width=\"300\" height=\"300\" src=\"https:\/\/www.caribaea.org\/wp-content\/uploads\/2024\/10\/Image-reforestation-4-300x300.jpg\" class=\"image wp-image-10606  attachment-medium size-medium\" alt=\"\" style=\"max-width: 100%; height: auto;\" srcset=\"https:\/\/www.caribaea.org\/wp-content\/uploads\/2024\/10\/Image-reforestation-4-300x300.jpg 300w, https:\/\/www.caribaea.org\/wp-content\/uploads\/2024\/10\/Image-reforestation-4-150x150.jpg 150w, https:\/\/www.caribaea.org\/wp-content\/uploads\/2024\/10\/Image-reforestation-4-768x768.jpg 768w, https:\/\/www.caribaea.org\/wp-content\/uploads\/2024\/10\/Image-reforestation-4-80x80.jpg 80w, https:\/\/www.caribaea.org\/wp-content\/uploads\/2024\/10\/Image-reforestation-4-100x100.jpg 100w, https:\/\/www.caribaea.org\/wp-content\/uploads\/2024\/10\/Image-reforestation-4.jpg 810w\" sizes=\"auto, (max-width: 300px) 100vw, 300px\" \/><\/div><\/div><div id=\"pgc-10597-2-4\"  class=\"panel-grid-cell panel-grid-cell-mobile-last\" ><div id=\"panel-10597-2-4-0\" class=\"so-panel widget widget_media_image panel-first-child panel-last-child\" data-index=\"7\" ><img loading=\"lazy\" decoding=\"async\" width=\"300\" height=\"300\" src=\"https:\/\/www.caribaea.org\/wp-content\/uploads\/2024\/10\/image-reforestation-3-300x300.jpg\" class=\"image wp-image-10603  attachment-medium size-medium\" alt=\"\" style=\"max-width: 100%; height: auto;\" srcset=\"https:\/\/www.caribaea.org\/wp-content\/uploads\/2024\/10\/image-reforestation-3-300x300.jpg 300w, https:\/\/www.caribaea.org\/wp-content\/uploads\/2024\/10\/image-reforestation-3-150x150.jpg 150w, https:\/\/www.caribaea.org\/wp-content\/uploads\/2024\/10\/image-reforestation-3-768x768.jpg 768w, https:\/\/www.caribaea.org\/wp-content\/uploads\/2024\/10\/image-reforestation-3-958x958.jpg 958w, https:\/\/www.caribaea.org\/wp-content\/uploads\/2024\/10\/image-reforestation-3-80x80.jpg 80w, https:\/\/www.caribaea.org\/wp-content\/uploads\/2024\/10\/image-reforestation-3-100x100.jpg 100w, https:\/\/www.caribaea.org\/wp-content\/uploads\/2024\/10\/image-reforestation-3.jpg 960w\" sizes=\"auto, (max-width: 300px) 100vw, 300px\" \/><\/div><\/div><div id=\"pgc-10597-2-5\"  class=\"panel-grid-cell panel-grid-cell-empty\" ><\/div><\/div><div id=\"pg-10597-3\"  class=\"panel-grid panel-no-style\" ><div id=\"pgc-10597-3-0\"  class=\"panel-grid-cell panel-grid-cell-mobile-last\" ><div id=\"panel-10597-3-0-0\" class=\"so-panel widget widget_spacer-widget panel-first-child\" data-index=\"8\" ><div\n\t\t\t\n\t\t\tclass=\"so-widget-spacer-widget so-widget-spacer-widget-base\"\n\t\t\t\n\t\t>\n<div class=\"clearfix\" style=\"height:40px\"><\/div><\/div><\/div><div id=\"panel-10597-3-0-1\" class=\"so-panel widget widget_sow-video panel-last-child\" data-index=\"9\" ><div\n\t\t\t\n\t\t\tclass=\"so-widget-sow-video so-widget-sow-video-default-c08170c47cfb-10597\"\n\t\t\t\n\t\t><h3 class=\"widget-title\">Video: Los iguanas en peligro en Hait\u00ed<\/h3>\n<div class=\"sow-video-wrapper\n use-fitvids\">\n\t\t\t<iframe loading=\"lazy\" title=\"Entre braconnage et le mur dominicain, les iguanes menac\u00e9s en Ha\u00efti\" width=\"680\" height=\"383\" src=\"https:\/\/www.youtube.com\/embed\/IXF5k8kYav4?feature=oembed&enablejsapi=1\" frameborder=\"0\" allow=\"accelerometer; autoplay; clipboard-write; encrypted-media; gyroscope; picture-in-picture; web-share\" referrerpolicy=\"strict-origin-when-cross-origin\" allowfullscreen allowfullscreen mozallowfullscreen webkitallowfullscreen sandbox=\"allow-scripts allow-same-origin allow-presentation\"><\/iframe>\t<\/div>\n<\/div><\/div><\/div><div id=\"pgc-10597-3-1\"  class=\"panel-grid-cell panel-grid-cell-empty\" ><\/div><\/div><div id=\"pg-10597-4\"  class=\"panel-grid panel-no-style\" ><div id=\"pgc-10597-4-0\"  class=\"panel-grid-cell\" ><div id=\"panel-10597-4-0-0\" class=\"so-panel widget widget_spacer-widget panel-first-child\" data-index=\"10\" ><div\n\t\t\t\n\t\t\tclass=\"so-widget-spacer-widget so-widget-spacer-widget-base\"\n\t\t\t\n\t\t>\n<div class=\"clearfix\" style=\"height:40px\"><\/div><\/div><\/div><div id=\"panel-10597-4-0-1\" class=\"so-panel widget widget_lsow-team-members panel-last-child\" data-index=\"11\" ><div\n\t\t\t\n\t\t\tclass=\"so-widget-lsow-team-members so-widget-lsow-team-members-style1-d75171398898-10597\"\n\t\t\t\n\t\t>\n<h3 class=\"widget-title\">El equipo del proyecto<\/h3><div class=\"lsow-team-members lsow-style1 lsow-grid-container  lsow-grid-desktop-5 lsow-grid-tablet-2 lsow-grid-mobile-1\"><div class=\"lsow-grid-item lsow-team-member-wrapper\"><div class=\"lsow-team-member \" ><div class=\"lsow-image-wrapper\"><img loading=\"lazy\" decoding=\"async\" width=\"150\" height=\"150\" src=\"https:\/\/www.caribaea.org\/wp-content\/uploads\/2024\/04\/Ren\u00e9_Jeune_carr\u00e9-150x150.jpg\" class=\"lsow-image\" alt=\"\" srcset=\"https:\/\/www.caribaea.org\/wp-content\/uploads\/2024\/04\/Ren\u00e9_Jeune_carr\u00e9-150x150.jpg 150w, https:\/\/www.caribaea.org\/wp-content\/uploads\/2024\/04\/Ren\u00e9_Jeune_carr\u00e9-300x300.jpg 300w, https:\/\/www.caribaea.org\/wp-content\/uploads\/2024\/04\/Ren\u00e9_Jeune_carr\u00e9-80x80.jpg 80w, https:\/\/www.caribaea.org\/wp-content\/uploads\/2024\/04\/Ren\u00e9_Jeune_carr\u00e9-100x100.jpg 100w, https:\/\/www.caribaea.org\/wp-content\/uploads\/2024\/04\/Ren\u00e9_Jeune_carr\u00e9.jpg 509w\" sizes=\"auto, (max-width: 150px) 100vw, 150px\" \/><div class=\"lsow-social-wrap\"><div class=\"lsow-social-list\"><\/div><!-- .lsow-social-list --><\/div><!-- .lsow-social-wrap --><\/div><!-- .lsow-image-wrapper --><div class=\"lsow-team-member-text\"><h3 class=\"lsow-title\">Ren\u00e9 Jeune<\/h3><div class=\"lsow-team-member-position\">Consultor de proyectos en Hait\u00ed<\/div><div class=\"lsow-team-member-details\"><\/div><\/div><!-- .lsow-team-member-text --><\/div><!-- .lsow-team-member --><\/div><!-- .lsow-team-member-wrapper --><div class=\"lsow-grid-item lsow-team-member-wrapper\"><div class=\"lsow-team-member \" ><div class=\"lsow-image-wrapper\"><img loading=\"lazy\" decoding=\"async\" width=\"150\" height=\"150\" src=\"https:\/\/www.caribaea.org\/wp-content\/uploads\/2023\/02\/Fichier-5-150x150.png\" class=\"lsow-image\" alt=\"\" srcset=\"https:\/\/www.caribaea.org\/wp-content\/uploads\/2023\/02\/Fichier-5-150x150.png 150w, https:\/\/www.caribaea.org\/wp-content\/uploads\/2023\/02\/Fichier-5-300x300.png 300w, https:\/\/www.caribaea.org\/wp-content\/uploads\/2023\/02\/Fichier-5-1024x1024.png 1024w, https:\/\/www.caribaea.org\/wp-content\/uploads\/2023\/02\/Fichier-5-768x768.png 768w, https:\/\/www.caribaea.org\/wp-content\/uploads\/2023\/02\/Fichier-5-958x958.png 958w, https:\/\/www.caribaea.org\/wp-content\/uploads\/2023\/02\/Fichier-5-80x80.png 80w, https:\/\/www.caribaea.org\/wp-content\/uploads\/2023\/02\/Fichier-5-100x100.png 100w, https:\/\/www.caribaea.org\/wp-content\/uploads\/2023\/02\/Fichier-5.png 1119w\" sizes=\"auto, (max-width: 150px) 100vw, 150px\" \/><div class=\"lsow-social-wrap\"><div class=\"lsow-social-list\"><\/div><!-- .lsow-social-list --><\/div><!-- .lsow-social-wrap --><\/div><!-- .lsow-image-wrapper --><div class=\"lsow-team-member-text\"><h3 class=\"lsow-title\">William Cin\u00e9a<\/h3><div class=\"lsow-team-member-position\">Bot\u00e1nico, director del Jard\u00edn Bot\u00e1nico de Los Cayos<\/div><div class=\"lsow-team-member-details\"><\/div><\/div><!-- .lsow-team-member-text --><\/div><!-- .lsow-team-member --><\/div><!-- .lsow-team-member-wrapper --><\/div><!-- .lsow-team-members --><div class=\"lsow-clear\"><\/div><\/div><\/div><\/div><\/div><div id=\"pg-10597-5\"  class=\"panel-grid panel-no-style\" ><div id=\"pgc-10597-5-0\"  class=\"panel-grid-cell\" ><div id=\"panel-10597-5-0-0\" class=\"so-panel widget widget_spacer-widget panel-first-child\" data-index=\"12\" ><div\n\t\t\t\n\t\t\tclass=\"so-widget-spacer-widget so-widget-spacer-widget-base\"\n\t\t\t\n\t\t>\n<div class=\"clearfix\" style=\"height:40px\"><\/div><\/div><\/div><div id=\"panel-10597-5-0-1\" class=\"so-panel widget widget_sow-editor panel-last-child\" data-index=\"13\" ><div\n\t\t\t\n\t\t\tclass=\"so-widget-sow-editor so-widget-sow-editor-base\"\n\t\t\t\n\t\t>\n<div class=\"siteorigin-widget-tinymce textwidget\">\n\t<h3>Socios de proyectos<\/h3>\n<hr \/>\n<p>El proyecto est\u00e1 actualmente financiado por la Fundaci\u00f3n FOKAL, Fondasyon Konesans Ak Lib\u00e8te, con sede en Puerto Pr\u00edncipe, Hait\u00ed, y Caribaea Initiative.<\/p>\n<p><img loading=\"lazy\" decoding=\"async\" class=\"wp-image-10615 alignnone\" src=\"https:\/\/www.caribaea.org\/wp-content\/uploads\/2024\/10\/FOKAL-201x300.png\" alt=\"\" width=\"102\" height=\"152\" srcset=\"https:\/\/www.caribaea.org\/wp-content\/uploads\/2024\/10\/FOKAL-201x300.png 201w, https:\/\/www.caribaea.org\/wp-content\/uploads\/2024\/10\/FOKAL-686x1024.png 686w, https:\/\/www.caribaea.org\/wp-content\/uploads\/2024\/10\/FOKAL-768x1146.png 768w, https:\/\/www.caribaea.org\/wp-content\/uploads\/2024\/10\/FOKAL-1029x1536.png 1029w, https:\/\/www.caribaea.org\/wp-content\/uploads\/2024\/10\/FOKAL-1373x2048.png 1373w, https:\/\/www.caribaea.org\/wp-content\/uploads\/2024\/10\/FOKAL-958x1429.png 958w, https:\/\/www.caribaea.org\/wp-content\/uploads\/2024\/10\/FOKAL.png 1904w\" sizes=\"auto, (max-width: 102px) 100vw, 102px\" \/> \u00a0\u00a0 <img loading=\"lazy\" decoding=\"async\" class=\"wp-image-9353 alignnone\" src=\"https:\/\/www.caribaea.org\/wp-content\/uploads\/2024\/01\/logo-300x300.jpg\" alt=\"\" width=\"150\" height=\"150\" srcset=\"https:\/\/www.caribaea.org\/wp-content\/uploads\/2024\/01\/logo-300x300.jpg 300w, https:\/\/www.caribaea.org\/wp-content\/uploads\/2024\/01\/logo-150x150.jpg 150w, https:\/\/www.caribaea.org\/wp-content\/uploads\/2024\/01\/logo-80x80.jpg 80w, https:\/\/www.caribaea.org\/wp-content\/uploads\/2024\/01\/logo-100x100.jpg 100w, https:\/\/www.caribaea.org\/wp-content\/uploads\/2024\/01\/logo.jpg 600w\" sizes=\"auto, (max-width: 150px) 100vw, 150px\" \/><\/p>\n<\/div>\n<\/div><\/div><\/div><\/div><\/div>","protected":false},"excerpt":{"rendered":"<p>T\u00edtulo: Proyecto Ansapit \u2013 Preservaci\u00f3n de la biodiversidad y restauraci\u00f3n de los ecosistemas en el Parque Comunal Cacique Henri Objetivo: Preservar la biodiversidad y restaurar los ecosistemas del Parque Comunal Cacique Henri (Hait\u00ed) mediante la sensibilizaci\u00f3n e implicaci\u00f3n de las comunidades locales en la gesti\u00f3n de su patrimonio natural. Ubicaci\u00f3n: Hait\u00ed Fechas: 2022-2026 Resumen: El [&hellip;]<\/p>\n","protected":false},"author":1,"featured_media":0,"parent":0,"menu_order":1,"comment_status":"closed","ping_status":"closed","template":"template-home-pb.php","meta":{"footnotes":""},"class_list":["post-3592","page","type-page","status-publish","hentry"],"yoast_head":"<!-- This site is optimized with the Yoast SEO plugin v26.6 - https:\/\/yoast.com\/wordpress\/plugins\/seo\/ -->\n<title>Caribaea Initiative - Proteger el patrimonio natural excepcional del Caribe insular<\/title>\n<meta name=\"robots\" content=\"index, follow, max-snippet:-1, max-image-preview:large, max-video-preview:-1\" \/>\n<link rel=\"canonical\" href=\"https:\/\/www.caribaea.org\/es\/\" \/>\n<meta property=\"og:locale\" content=\"es_ES\" \/>\n<meta property=\"og:type\" content=\"article\" \/>\n<meta property=\"og:title\" content=\"Caribaea Initiative - Proteger el patrimonio natural excepcional del Caribe insular\" \/>\n<meta property=\"og:description\" content=\"T\u00edtulo: Proyecto Ansapit \u2013 Preservaci\u00f3n de la biodiversidad y restauraci\u00f3n de los ecosistemas en el Parque Comunal Cacique Henri Objetivo: Preservar la biodiversidad y restaurar los ecosistemas del Parque Comunal Cacique Henri (Hait\u00ed) mediante la sensibilizaci\u00f3n e implicaci\u00f3n de las comunidades locales en la gesti\u00f3n de su patrimonio natural. Ubicaci\u00f3n: Hait\u00ed Fechas: 2022-2026 Resumen: El [&hellip;]\" \/>\n<meta property=\"og:url\" content=\"https:\/\/www.caribaea.org\/es\/\" \/>\n<meta property=\"og:site_name\" content=\"Caribaea Initiative\" \/>\n<meta property=\"article:modified_time\" content=\"2022-12-20T10:20:57+00:00\" \/>\n<meta name=\"twitter:card\" content=\"summary_large_image\" \/>\n<meta name=\"twitter:label1\" content=\"Tiempo de lectura\" \/>\n\t<meta name=\"twitter:data1\" content=\"2 minutos\" \/>\n<script type=\"application\/ld+json\" class=\"yoast-schema-graph\">{\"@context\":\"https:\/\/schema.org\",\"@graph\":[{\"@type\":\"WebPage\",\"@id\":\"https:\/\/www.caribaea.org\/es\/\",\"url\":\"https:\/\/www.caribaea.org\/es\/\",\"name\":\"Caribaea Initiative - Proteger el patrimonio natural excepcional del Caribe insular\",\"isPartOf\":{\"@id\":\"https:\/\/www.caribaea.org\/en\/#website\"},\"datePublished\":\"2020-11-17T02:32:15+00:00\",\"dateModified\":\"2022-12-20T10:20:57+00:00\",\"breadcrumb\":{\"@id\":\"https:\/\/www.caribaea.org\/es\/#breadcrumb\"},\"inLanguage\":\"es\",\"potentialAction\":[{\"@type\":\"ReadAction\",\"target\":[\"https:\/\/www.caribaea.org\/es\/\"]}]},{\"@type\":\"BreadcrumbList\",\"@id\":\"https:\/\/www.caribaea.org\/es\/#breadcrumb\",\"itemListElement\":[{\"@type\":\"ListItem\",\"position\":1,\"name\":\"Accueil\",\"item\":\"https:\/\/www.caribaea.org\/es\/\"},{\"@type\":\"ListItem\",\"position\":2,\"name\":\"Accueil ES\"}]},{\"@type\":\"WebSite\",\"@id\":\"https:\/\/www.caribaea.org\/en\/#website\",\"url\":\"https:\/\/www.caribaea.org\/en\/\",\"name\":\"Caribaea Initiative\",\"description\":\"\",\"potentialAction\":[{\"@type\":\"SearchAction\",\"target\":{\"@type\":\"EntryPoint\",\"urlTemplate\":\"https:\/\/www.caribaea.org\/en\/?s={search_term_string}\"},\"query-input\":{\"@type\":\"PropertyValueSpecification\",\"valueRequired\":true,\"valueName\":\"search_term_string\"}}],\"inLanguage\":\"es\"}]}<\/script>\n<!-- \/ Yoast SEO plugin. -->","yoast_head_json":{"title":"Caribaea Initiative - Proteger el patrimonio natural excepcional del Caribe insular","robots":{"index":"index","follow":"follow","max-snippet":"max-snippet:-1","max-image-preview":"max-image-preview:large","max-video-preview":"max-video-preview:-1"},"canonical":"https:\/\/www.caribaea.org\/es\/","og_locale":"es_ES","og_type":"article","og_title":"Caribaea Initiative - Proteger el patrimonio natural excepcional del Caribe insular","og_description":"T\u00edtulo: Proyecto Ansapit \u2013 Preservaci\u00f3n de la biodiversidad y restauraci\u00f3n de los ecosistemas en el Parque Comunal Cacique Henri Objetivo: Preservar la biodiversidad y restaurar los ecosistemas del Parque Comunal Cacique Henri (Hait\u00ed) mediante la sensibilizaci\u00f3n e implicaci\u00f3n de las comunidades locales en la gesti\u00f3n de su patrimonio natural. Ubicaci\u00f3n: Hait\u00ed Fechas: 2022-2026 Resumen: El [&hellip;]","og_url":"https:\/\/www.caribaea.org\/es\/","og_site_name":"Caribaea Initiative","article_modified_time":"2022-12-20T10:20:57+00:00","twitter_card":"summary_large_image","twitter_misc":{"Tiempo de lectura":"2 minutos"},"schema":{"@context":"https:\/\/schema.org","@graph":[{"@type":"WebPage","@id":"https:\/\/www.caribaea.org\/es\/","url":"https:\/\/www.caribaea.org\/es\/","name":"Caribaea Initiative - Proteger el patrimonio natural excepcional del Caribe insular","isPartOf":{"@id":"https:\/\/www.caribaea.org\/en\/#website"},"datePublished":"2020-11-17T02:32:15+00:00","dateModified":"2022-12-20T10:20:57+00:00","breadcrumb":{"@id":"https:\/\/www.caribaea.org\/es\/#breadcrumb"},"inLanguage":"es","potentialAction":[{"@type":"ReadAction","target":["https:\/\/www.caribaea.org\/es\/"]}]},{"@type":"BreadcrumbList","@id":"https:\/\/www.caribaea.org\/es\/#breadcrumb","itemListElement":[{"@type":"ListItem","position":1,"name":"Accueil","item":"https:\/\/www.caribaea.org\/es\/"},{"@type":"ListItem","position":2,"name":"Accueil ES"}]},{"@type":"WebSite","@id":"https:\/\/www.caribaea.org\/en\/#website","url":"https:\/\/www.caribaea.org\/en\/","name":"Caribaea Initiative","description":"","potentialAction":[{"@type":"SearchAction","target":{"@type":"EntryPoint","urlTemplate":"https:\/\/www.caribaea.org\/en\/?s={search_term_string}"},"query-input":{"@type":"PropertyValueSpecification","valueRequired":true,"valueName":"search_term_string"}}],"inLanguage":"es"}]}},"_links":{"self":[{"href":"https:\/\/www.caribaea.org\/es\/wp-json\/wp\/v2\/pages\/3592","targetHints":{"allow":["GET"]}}],"collection":[{"href":"https:\/\/www.caribaea.org\/es\/wp-json\/wp\/v2\/pages"}],"about":[{"href":"https:\/\/www.caribaea.org\/es\/wp-json\/wp\/v2\/types\/page"}],"author":[{"embeddable":true,"href":"https:\/\/www.caribaea.org\/es\/wp-json\/wp\/v2\/users\/1"}],"replies":[{"embeddable":true,"href":"https:\/\/www.caribaea.org\/es\/wp-json\/wp\/v2\/comments?post=3592"}],"version-history":[{"count":4,"href":"https:\/\/www.caribaea.org\/es\/wp-json\/wp\/v2\/pages\/3592\/revisions"}],"predecessor-version":[{"id":7341,"href":"https:\/\/www.caribaea.org\/es\/wp-json\/wp\/v2\/pages\/3592\/revisions\/7341"}],"wp:attachment":[{"href":"https:\/\/www.caribaea.org\/es\/wp-json\/wp\/v2\/media?parent=3592"}],"curies":[{"name":"wp","href":"https:\/\/api.w.org\/{rel}","templated":true}]}}