{"id":3616,"date":"2020-11-17T03:49:57","date_gmt":"2020-11-17T02:49:57","guid":{"rendered":"https:\/\/www.caribaea.org\/?page_id=3616"},"modified":"2023-01-03T14:12:20","modified_gmt":"2023-01-03T13:12:20","slug":"como-trabajamos","status":"publish","type":"page","link":"https:\/\/www.caribaea.org\/es\/quienes-somos\/como-trabajamos\/","title":{"rendered":"C\u00f3mo trabajamos"},"content":{"rendered":"<div id=\"pl-3616\"  class=\"panel-layout\" ><div id=\"pg-3616-0\"  class=\"panel-grid panel-has-style\" ><div class=\"siteorigin-panels-stretch panel-row-style panel-row-style-for-3616-0\" data-stretch-type=\"full\" ><div id=\"pgc-3616-0-0\"  class=\"panel-grid-cell\" ><div id=\"panel-3616-0-0-0\" class=\"so-panel widget widget_sow-editor panel-first-child panel-last-child\" data-index=\"0\" ><div\n\t\t\t\n\t\t\tclass=\"so-widget-sow-editor so-widget-sow-editor-base\"\n\t\t\t\n\t\t>\n<div class=\"siteorigin-widget-tinymce textwidget\">\n\t<p class=\"lead\">Nuestra acci\u00f3n consiste, principalmente, en la identificaci\u00f3n de los j\u00f3venes talentos caribe\u00f1os, suministr\u00e1ndoles los medios materiales, intelectuales y t\u00e9cnicos para que puedan emprender una carrera cient\u00edfica en el campo de la biolog\u00eda de la conservaci\u00f3n, ayud\u00e1ndolos a vincularse a una red de actores competentes. Para ello, intervenimos en los distintos niveles educativos, desde la escuela hasta la universidad, para contribuir a la concientizaci\u00f3n de los j\u00f3venes caribe\u00f1os sobre los desaf\u00edos relacionados con la protecci\u00f3n de la naturaleza, as\u00ed como para ayudar a despertar su vocaci\u00f3n.<\/p>\n<\/div>\n<\/div><\/div><\/div><\/div><\/div><div id=\"pg-3616-1\"  class=\"panel-grid panel-has-style\" ><div class=\"siteorigin-panels-stretch panel-row-style panel-row-style-for-3616-1\" data-stretch-type=\"full\" ><div id=\"pgc-3616-1-0\"  class=\"panel-grid-cell\" ><div id=\"panel-3616-1-0-0\" class=\"so-panel widget widget_sow-editor panel-first-child panel-last-child\" data-index=\"1\" ><div\n\t\t\t\n\t\t\tclass=\"so-widget-sow-editor so-widget-sow-editor-base\"\n\t\t\t\n\t\t><h3 class=\"widget-title\">Investigaci\u00f3n y educaci\u00f3n superior<\/h3>\n<div class=\"siteorigin-widget-tinymce textwidget\">\n\t<p><img loading=\"lazy\" decoding=\"async\" class=\"wp-image-3154 alignright\" src=\"http:\/\/caribaea.org\/v1\/wp-content\/uploads\/2020\/11\/recherche-et-enseignement-superieur-600x400-1.jpg\" alt=\"\" width=\"450\" height=\"300\" srcset=\"https:\/\/www.caribaea.org\/wp-content\/uploads\/2020\/11\/recherche-et-enseignement-superieur-600x400-1.jpg 600w, https:\/\/www.caribaea.org\/wp-content\/uploads\/2020\/11\/recherche-et-enseignement-superieur-600x400-1-300x200.jpg 300w, https:\/\/www.caribaea.org\/wp-content\/uploads\/2020\/11\/recherche-et-enseignement-superieur-600x400-1-272x182.jpg 272w\" sizes=\"auto, (max-width: 450px) 100vw, 450px\" \/>Los proyectos que desarrollemos deben cumplir los dos criterios siguientes: <strong>contribuir a un conocimiento que sea \u00fatil para la conservaci\u00f3n de la biodiversidad en las islas del Caribe<\/strong> y <strong>formar a un joven cient\u00edfico caribe\u00f1o con un alto nivel de especializaci\u00f3n.<\/strong><\/p>\n<p>Para cada proyecto, tratamos de lograr un equilibrio \u00f3ptimo entre esos dos imperativos. La publicaci\u00f3n de art\u00edculos cient\u00edficos en revistas cient\u00edficas internacionales revisadas por pares, basados en los resultados de los proyectos, constituye el principal indicador de su \u00e9xito.<\/p>\n<p>Todos nuestros proyectos de conservaci\u00f3n combinan la investigaci\u00f3n y la formaci\u00f3n universitaria. Cada uno de nuestros estudiantes se une a un proyecto de investigaci\u00f3n de conservaci\u00f3n biol\u00f3gica que sirve de base para su formaci\u00f3n universitaria hasta el nivel de licenciatura, maestr\u00eda o doctorado. El estudiante recibe apoyo y respaldo de investigadores confirmados que le asesoran en la selecci\u00f3n de su metodolog\u00eda, as\u00ed como en el an\u00e1lisis y explotaci\u00f3n de sus resultados. <\/p>\n<\/div>\n<\/div><\/div><\/div><\/div><\/div><div id=\"pg-3616-2\"  class=\"panel-grid panel-has-style\" ><div class=\"siteorigin-panels-stretch panel-row-style panel-row-style-for-3616-2\" data-stretch-type=\"full\" ><div id=\"pgc-3616-2-0\"  class=\"panel-grid-cell\" ><div id=\"panel-3616-2-0-0\" class=\"so-panel widget widget_sow-editor panel-first-child panel-last-child\" data-index=\"2\" ><div\n\t\t\t\n\t\t\tclass=\"so-widget-sow-editor so-widget-sow-editor-base\"\n\t\t\t\n\t\t><h3 class=\"widget-title\">Infraestructura para la investigaci\u00f3n y la vigilancia de la poblaci\u00f3n<\/h3>\n<div class=\"siteorigin-widget-tinymce textwidget\">\n\t<p><img loading=\"lazy\" decoding=\"async\" class=\"alignleft wp-image-4888\" src=\"http:\/\/caribaea.org\/v1\/wp-content\/uploads\/2020\/12\/infrastructures-for-research-and-population-monitoring-500x370-1.jpg\" alt=\"\" width=\"450\" height=\"333\" srcset=\"https:\/\/www.caribaea.org\/wp-content\/uploads\/2020\/12\/infrastructures-for-research-and-population-monitoring-500x370-1.jpg 500w, https:\/\/www.caribaea.org\/wp-content\/uploads\/2020\/12\/infrastructures-for-research-and-population-monitoring-500x370-1-300x222.jpg 300w\" sizes=\"auto, (max-width: 450px) 100vw, 450px\" \/>La cantidad y la calidad de las infraestructuras dedicadas al <strong>estudio y la conservaci\u00f3n de la biodiversidad<\/strong> en las islas del Caribe son insuficientes. Estamos trabajando con nuestros socios para facilitar el acceso de los estudiantes y cient\u00edficos caribe\u00f1os a equipos t\u00e9cnicos y m\u00e9todos de vanguardia que les permitan producir datos fiables.<\/p>\n<p>Desde su creaci\u00f3n, <strong>Caribaea Initiative<\/strong> ha proporcionado a los estudiantes y cient\u00edficos caribe\u00f1os que participan en sus programas acceso a una serie de equipos (telescopios, prism\u00e1ticos, c\u00e1maras, GPS, sensores para medir la calidad del agua, equipos para vigilar las poblaciones de vertebrados mediante captura-marcaje-recaptura) que son esenciales para la investigaci\u00f3n de campo y de laboratorio.<\/p>\n<p>En el futuro, deseamos desarrollar una red de estaciones de campo que ofrezca a los estudiantes y a los cient\u00edficos del Caribe las condiciones de trabajo adecuadas para llevar a <strong>cabo inventarios de la biodiversidad<\/strong>, <strong>ejecutar programas de vigilancia de ecosistemas sensibles<\/strong> y <strong>desarrollar la investigaci\u00f3n sobre especies de alto valor patrimonial<\/strong>.<\/p>\n<\/div>\n<\/div><\/div><\/div><\/div><\/div><div id=\"pg-3616-3\"  class=\"panel-grid panel-has-style\" ><div class=\"siteorigin-panels-stretch panel-row-style panel-row-style-for-3616-3\" data-stretch-type=\"full\" ><div id=\"pgc-3616-3-0\"  class=\"panel-grid-cell\" ><div id=\"panel-3616-3-0-0\" class=\"so-panel widget widget_sow-editor panel-first-child panel-last-child\" data-index=\"3\" ><div\n\t\t\t\n\t\t\tclass=\"so-widget-sow-editor so-widget-sow-editor-base\"\n\t\t\t\n\t\t><h3 class=\"widget-title\">Educaci\u00f3n secundaria<\/h3>\n<div class=\"siteorigin-widget-tinymce textwidget\">\n\t<p>Contribuimos al despertar de las vocaciones mediante el desarrollo de herramientas pedag\u00f3gicas destinadas a <strong>la ense\u00f1anza de las ciencias naturales en las escuelas<\/strong>. Con tal fin, hemos creado, junto con la <strong>asociaci\u00f3n AMAZONA<\/strong> y <strong>KloroFilms<\/strong>, una serie de videoclips presentando la <strong>fauna caribe\u00f1a<\/strong>. <\/p>\n<p>Actualmente estamos trabajando en la producci\u00f3n de soportes did\u00e1cticos novedosos para su uso por parte de estudiantes y profesores de escuelas medias y secundarias de las Antillas, para ilustrar <strong>los programas de ense\u00f1anza oficiales relacionados con la biodiversidad<\/strong> basada en <strong>la fauna y flora de las islas del Caribe<\/strong>.<\/p>\n<\/div>\n<\/div><\/div><\/div><\/div><\/div><div id=\"pg-3616-4\"  class=\"panel-grid panel-has-style\" ><div class=\"siteorigin-panels-stretch panel-row-style panel-row-style-for-3616-4\" data-stretch-type=\"full\" ><div id=\"pgc-3616-4-0\"  class=\"panel-grid-cell\" ><div id=\"panel-3616-4-0-0\" class=\"so-panel widget widget_sow-editor panel-first-child panel-last-child\" data-index=\"4\" ><div\n\t\t\t\n\t\t\tclass=\"so-widget-sow-editor so-widget-sow-editor-base\"\n\t\t\t\n\t\t><h3 class=\"widget-title\">Cursos de capacitaci\u00f3n<\/h3>\n<div class=\"siteorigin-widget-tinymce textwidget\">\n\t<p><img loading=\"lazy\" decoding=\"async\" class=\"wp-image-3153 alignright\" src=\"http:\/\/caribaea.org\/v1\/wp-content\/uploads\/2020\/11\/formation-600x400-1.jpg\" alt=\"\" width=\"450\" height=\"300\" srcset=\"https:\/\/www.caribaea.org\/wp-content\/uploads\/2020\/11\/formation-600x400-1.jpg 600w, https:\/\/www.caribaea.org\/wp-content\/uploads\/2020\/11\/formation-600x400-1-300x200.jpg 300w, https:\/\/www.caribaea.org\/wp-content\/uploads\/2020\/11\/formation-600x400-1-272x182.jpg 272w\" sizes=\"auto, (max-width: 450px) 100vw, 450px\" \/>Regularmente proveemos a nuestros estudiantes con <strong>entrenamiento especializado<\/strong> como complemento a sus cursos universitarios.<\/p>\n<p>Esta formaci\u00f3n puede estar relacionada con <strong>m\u00e9todos o t\u00e9cnicas recientemente desarrolladas para estudiar la biodiversidad<\/strong>, o con habilidades generales como <strong>cursos de idiomas<\/strong>, <strong>gesti\u00f3n de proyectos<\/strong> o <strong>redacci\u00f3n de solicitudes de financiamiento<\/strong>. <\/p>\n<\/div>\n<\/div><\/div><\/div><\/div><\/div><div id=\"pg-3616-5\"  class=\"panel-grid panel-has-style\" ><div class=\"siteorigin-panels-stretch panel-row-style panel-row-style-for-3616-5\" data-stretch-type=\"full\" ><div id=\"pgc-3616-5-0\"  class=\"panel-grid-cell\" ><div id=\"panel-3616-5-0-0\" class=\"so-panel widget widget_sow-editor panel-first-child panel-last-child\" data-index=\"5\" ><div\n\t\t\t\n\t\t\tclass=\"so-widget-sow-editor so-widget-sow-editor-base\"\n\t\t\t\n\t\t><h3 class=\"widget-title\">Diplomacia ambiental del Caribe<\/h3>\n<div class=\"siteorigin-widget-tinymce textwidget\">\n\t<p>Mediante un nuevo programa universitario que proporciona a los estudiantes <strong>una doble competencia en humanidades<\/strong> (derecho internacional, ciencias pol\u00edticas, geograf\u00eda) y en <strong>ciencias biol\u00f3gicas<\/strong> (ecolog\u00eda, evoluci\u00f3n, biolog\u00eda de la conservaci\u00f3n), esperamos <strong>contribuir a la formaci\u00f3n de los actuales y futuros diplom\u00e1ticos caribe\u00f1os<\/strong> especializados en negociaciones ambientales. <\/p>\n<\/div>\n<\/div><\/div><\/div><\/div><\/div><div id=\"pg-3616-6\"  class=\"panel-grid panel-has-style\" ><div class=\"siteorigin-panels-stretch panel-row-style panel-row-style-for-3616-6\" data-stretch-type=\"full\" ><div id=\"pgc-3616-6-0\"  class=\"panel-grid-cell\" ><div id=\"panel-3616-6-0-0\" class=\"so-panel widget widget_sow-editor panel-first-child panel-last-child\" data-index=\"6\" ><div\n\t\t\t\n\t\t\tclass=\"so-widget-sow-editor so-widget-sow-editor-base\"\n\t\t\t\n\t\t><h3 class=\"widget-title\">Proyectos educativos: sensibilizaci\u00f3n sobre cuestiones relacionadas con la protecci\u00f3n de la biodiversidad <\/h3>\n<div class=\"siteorigin-widget-tinymce textwidget\">\n\t<p><img loading=\"lazy\" decoding=\"async\" class=\"alignleft wp-image-3555\" src=\"http:\/\/caribaea.org\/v1\/wp-content\/uploads\/2020\/11\/projets-educatifs-enfants-450x600-1-225x300.jpg\" alt=\"\" width=\"255\" height=\"340\" srcset=\"https:\/\/www.caribaea.org\/wp-content\/uploads\/2020\/11\/projets-educatifs-enfants-450x600-1-225x300.jpg 225w, https:\/\/www.caribaea.org\/wp-content\/uploads\/2020\/11\/projets-educatifs-enfants-450x600-1.jpg 450w\" sizes=\"auto, (max-width: 255px) 100vw, 255px\" \/>La educaci\u00f3n ambiental se lleva a cabo en todas las edades. Pedimos a los estudiantes cuya formaci\u00f3n financiamos que participen en nuestros programas educativos. Estos programas se lanzaron para concientizar a los ni\u00f1os, j\u00f3venes y adultos sobre los temas que se estudian.  <\/p>\n<\/div>\n<\/div><\/div><\/div><\/div><\/div><div id=\"pg-3616-7\"  class=\"panel-grid panel-has-style\" ><div class=\"siteorigin-panels-stretch panel-row-style panel-row-style-for-3616-7\" data-stretch-type=\"full\" ><div id=\"pgc-3616-7-0\"  class=\"panel-grid-cell\" ><div id=\"panel-3616-7-0-0\" class=\"so-panel widget widget_sow-editor panel-first-child panel-last-child\" data-index=\"7\" ><div\n\t\t\t\n\t\t\tclass=\"so-widget-sow-editor so-widget-sow-editor-base\"\n\t\t\t\n\t\t><h3 class=\"widget-title\">Financiaci\u00f3n y responsabilidad<\/h3>\n<div class=\"siteorigin-widget-tinymce textwidget\">\n\t<div class=\"siteorigin-widget-tinymce textwidget\">\n<div class=\"siteorigin-widget-tinymce textwidget\">\n<p>Desde su creaci\u00f3n, <em>Caribaea Initiative<\/em> ha sido apoyada por la Fundaci\u00f3n MAVA. Nuestras otras fuentes de financiaci\u00f3n incluyen contratos con organizaciones p\u00fablicas y privadas, donantes privados y cuotas de socios. Nos comprometemos a comunicar la informaci\u00f3n sobre nuestra organizaci\u00f3n a nuestros miembros, donantes y socios. Nuestro presupuesto anual es aprobado por la asamblea general y verificado por una empresa de contabilidad independiente.<\/p>\n<\/div>\n<\/div>\n<\/div>\n<\/div><\/div><\/div><\/div><\/div><\/div>","protected":false},"excerpt":{"rendered":"<p>Nuestra acci\u00f3n consiste, principalmente, en la identificaci\u00f3n de los j\u00f3venes talentos caribe\u00f1os, suministr\u00e1ndoles los medios materiales, intelectuales y t\u00e9cnicos para que puedan emprender una carrera cient\u00edfica en el campo de la biolog\u00eda de la conservaci\u00f3n, ayud\u00e1ndolos a vincularse a una red de actores competentes. Para ello, intervenimos en los distintos niveles educativos, desde la escuela [&hellip;]<\/p>\n","protected":false},"author":1,"featured_media":0,"parent":4296,"menu_order":4,"comment_status":"closed","ping_status":"closed","template":"","meta":{"footnotes":""},"class_list":["post-3616","page","type-page","status-publish","hentry"],"yoast_head":"<!-- This site is optimized with the Yoast SEO plugin v26.6 - https:\/\/yoast.com\/wordpress\/plugins\/seo\/ -->\n<title>C\u00f3mo trabajamos - Caribaea Initiative<\/title>\n<meta name=\"robots\" content=\"index, follow, max-snippet:-1, max-image-preview:large, max-video-preview:-1\" \/>\n<link rel=\"canonical\" href=\"https:\/\/www.caribaea.org\/en\/about-us\/how-we-work\/\" \/>\n<meta property=\"og:locale\" content=\"es_ES\" \/>\n<meta property=\"og:type\" content=\"article\" \/>\n<meta property=\"og:title\" content=\"C\u00f3mo trabajamos - Caribaea Initiative\" \/>\n<meta property=\"og:description\" content=\"Nuestra acci\u00f3n consiste, principalmente, en la identificaci\u00f3n de los j\u00f3venes talentos caribe\u00f1os, suministr\u00e1ndoles los medios materiales, intelectuales y t\u00e9cnicos para que puedan emprender una carrera cient\u00edfica en el campo de la biolog\u00eda de la conservaci\u00f3n, ayud\u00e1ndolos a vincularse a una red de actores competentes. Para ello, intervenimos en los distintos niveles educativos, desde la escuela [&hellip;]\" \/>\n<meta property=\"og:url\" content=\"https:\/\/www.caribaea.org\/en\/about-us\/how-we-work\/\" \/>\n<meta property=\"og:site_name\" content=\"Caribaea Initiative\" \/>\n<meta property=\"article:modified_time\" content=\"2023-01-03T13:12:20+00:00\" \/>\n<meta property=\"og:image\" content=\"https:\/\/www.caribaea.org\/wp-content\/uploads\/2020\/11\/recherche-et-enseignement-superieur-600x400-1.jpg\" \/>\n\t<meta property=\"og:image:width\" content=\"600\" \/>\n\t<meta property=\"og:image:height\" content=\"400\" \/>\n\t<meta property=\"og:image:type\" content=\"image\/jpeg\" \/>\n<meta name=\"twitter:card\" content=\"summary_large_image\" \/>\n<meta name=\"twitter:label1\" content=\"Tiempo de lectura\" \/>\n\t<meta name=\"twitter:data1\" content=\"4 minutos\" \/>\n<script type=\"application\/ld+json\" class=\"yoast-schema-graph\">{\"@context\":\"https:\/\/schema.org\",\"@graph\":[{\"@type\":\"WebPage\",\"@id\":\"https:\/\/www.caribaea.org\/en\/about-us\/how-we-work\/\",\"url\":\"https:\/\/www.caribaea.org\/en\/about-us\/how-we-work\/\",\"name\":\"C\u00f3mo trabajamos - Caribaea Initiative\",\"isPartOf\":{\"@id\":\"https:\/\/www.caribaea.org\/en\/#website\"},\"primaryImageOfPage\":{\"@id\":\"https:\/\/www.caribaea.org\/en\/about-us\/how-we-work\/#primaryimage\"},\"image\":{\"@id\":\"https:\/\/www.caribaea.org\/en\/about-us\/how-we-work\/#primaryimage\"},\"thumbnailUrl\":\"http:\/\/caribaea.org\/v1\/wp-content\/uploads\/2020\/11\/recherche-et-enseignement-superieur-600x400-1.jpg\",\"datePublished\":\"2020-11-17T02:49:57+00:00\",\"dateModified\":\"2023-01-03T13:12:20+00:00\",\"breadcrumb\":{\"@id\":\"https:\/\/www.caribaea.org\/en\/about-us\/how-we-work\/#breadcrumb\"},\"inLanguage\":\"es\",\"potentialAction\":[{\"@type\":\"ReadAction\",\"target\":[\"https:\/\/www.caribaea.org\/en\/about-us\/how-we-work\/\"]}]},{\"@type\":\"ImageObject\",\"inLanguage\":\"es\",\"@id\":\"https:\/\/www.caribaea.org\/en\/about-us\/how-we-work\/#primaryimage\",\"url\":\"http:\/\/caribaea.org\/v1\/wp-content\/uploads\/2020\/11\/recherche-et-enseignement-superieur-600x400-1.jpg\",\"contentUrl\":\"http:\/\/caribaea.org\/v1\/wp-content\/uploads\/2020\/11\/recherche-et-enseignement-superieur-600x400-1.jpg\"},{\"@type\":\"BreadcrumbList\",\"@id\":\"https:\/\/www.caribaea.org\/en\/about-us\/how-we-work\/#breadcrumb\",\"itemListElement\":[{\"@type\":\"ListItem\",\"position\":1,\"name\":\"Accueil\",\"item\":\"https:\/\/www.caribaea.org\/es\/\"},{\"@type\":\"ListItem\",\"position\":2,\"name\":\"Qui\u00e9nes somos\",\"item\":\"https:\/\/www.caribaea.org\/es\/quienes-somos\/\"},{\"@type\":\"ListItem\",\"position\":3,\"name\":\"C\u00f3mo trabajamos\"}]},{\"@type\":\"WebSite\",\"@id\":\"https:\/\/www.caribaea.org\/en\/#website\",\"url\":\"https:\/\/www.caribaea.org\/en\/\",\"name\":\"Caribaea Initiative\",\"description\":\"\",\"potentialAction\":[{\"@type\":\"SearchAction\",\"target\":{\"@type\":\"EntryPoint\",\"urlTemplate\":\"https:\/\/www.caribaea.org\/en\/?s={search_term_string}\"},\"query-input\":{\"@type\":\"PropertyValueSpecification\",\"valueRequired\":true,\"valueName\":\"search_term_string\"}}],\"inLanguage\":\"es\"}]}<\/script>\n<!-- \/ Yoast SEO plugin. -->","yoast_head_json":{"title":"C\u00f3mo trabajamos - Caribaea Initiative","robots":{"index":"index","follow":"follow","max-snippet":"max-snippet:-1","max-image-preview":"max-image-preview:large","max-video-preview":"max-video-preview:-1"},"canonical":"https:\/\/www.caribaea.org\/en\/about-us\/how-we-work\/","og_locale":"es_ES","og_type":"article","og_title":"C\u00f3mo trabajamos - Caribaea Initiative","og_description":"Nuestra acci\u00f3n consiste, principalmente, en la identificaci\u00f3n de los j\u00f3venes talentos caribe\u00f1os, suministr\u00e1ndoles los medios materiales, intelectuales y t\u00e9cnicos para que puedan emprender una carrera cient\u00edfica en el campo de la biolog\u00eda de la conservaci\u00f3n, ayud\u00e1ndolos a vincularse a una red de actores competentes. Para ello, intervenimos en los distintos niveles educativos, desde la escuela [&hellip;]","og_url":"https:\/\/www.caribaea.org\/en\/about-us\/how-we-work\/","og_site_name":"Caribaea Initiative","article_modified_time":"2023-01-03T13:12:20+00:00","og_image":[{"width":600,"height":400,"url":"https:\/\/www.caribaea.org\/wp-content\/uploads\/2020\/11\/recherche-et-enseignement-superieur-600x400-1.jpg","type":"image\/jpeg"}],"twitter_card":"summary_large_image","twitter_misc":{"Tiempo de lectura":"4 minutos"},"schema":{"@context":"https:\/\/schema.org","@graph":[{"@type":"WebPage","@id":"https:\/\/www.caribaea.org\/en\/about-us\/how-we-work\/","url":"https:\/\/www.caribaea.org\/en\/about-us\/how-we-work\/","name":"C\u00f3mo trabajamos - Caribaea Initiative","isPartOf":{"@id":"https:\/\/www.caribaea.org\/en\/#website"},"primaryImageOfPage":{"@id":"https:\/\/www.caribaea.org\/en\/about-us\/how-we-work\/#primaryimage"},"image":{"@id":"https:\/\/www.caribaea.org\/en\/about-us\/how-we-work\/#primaryimage"},"thumbnailUrl":"http:\/\/caribaea.org\/v1\/wp-content\/uploads\/2020\/11\/recherche-et-enseignement-superieur-600x400-1.jpg","datePublished":"2020-11-17T02:49:57+00:00","dateModified":"2023-01-03T13:12:20+00:00","breadcrumb":{"@id":"https:\/\/www.caribaea.org\/en\/about-us\/how-we-work\/#breadcrumb"},"inLanguage":"es","potentialAction":[{"@type":"ReadAction","target":["https:\/\/www.caribaea.org\/en\/about-us\/how-we-work\/"]}]},{"@type":"ImageObject","inLanguage":"es","@id":"https:\/\/www.caribaea.org\/en\/about-us\/how-we-work\/#primaryimage","url":"http:\/\/caribaea.org\/v1\/wp-content\/uploads\/2020\/11\/recherche-et-enseignement-superieur-600x400-1.jpg","contentUrl":"http:\/\/caribaea.org\/v1\/wp-content\/uploads\/2020\/11\/recherche-et-enseignement-superieur-600x400-1.jpg"},{"@type":"BreadcrumbList","@id":"https:\/\/www.caribaea.org\/en\/about-us\/how-we-work\/#breadcrumb","itemListElement":[{"@type":"ListItem","position":1,"name":"Accueil","item":"https:\/\/www.caribaea.org\/es\/"},{"@type":"ListItem","position":2,"name":"Qui\u00e9nes somos","item":"https:\/\/www.caribaea.org\/es\/quienes-somos\/"},{"@type":"ListItem","position":3,"name":"C\u00f3mo trabajamos"}]},{"@type":"WebSite","@id":"https:\/\/www.caribaea.org\/en\/#website","url":"https:\/\/www.caribaea.org\/en\/","name":"Caribaea Initiative","description":"","potentialAction":[{"@type":"SearchAction","target":{"@type":"EntryPoint","urlTemplate":"https:\/\/www.caribaea.org\/en\/?s={search_term_string}"},"query-input":{"@type":"PropertyValueSpecification","valueRequired":true,"valueName":"search_term_string"}}],"inLanguage":"es"}]}},"_links":{"self":[{"href":"https:\/\/www.caribaea.org\/es\/wp-json\/wp\/v2\/pages\/3616","targetHints":{"allow":["GET"]}}],"collection":[{"href":"https:\/\/www.caribaea.org\/es\/wp-json\/wp\/v2\/pages"}],"about":[{"href":"https:\/\/www.caribaea.org\/es\/wp-json\/wp\/v2\/types\/page"}],"author":[{"embeddable":true,"href":"https:\/\/www.caribaea.org\/es\/wp-json\/wp\/v2\/users\/1"}],"replies":[{"embeddable":true,"href":"https:\/\/www.caribaea.org\/es\/wp-json\/wp\/v2\/comments?post=3616"}],"version-history":[{"count":3,"href":"https:\/\/www.caribaea.org\/es\/wp-json\/wp\/v2\/pages\/3616\/revisions"}],"predecessor-version":[{"id":7362,"href":"https:\/\/www.caribaea.org\/es\/wp-json\/wp\/v2\/pages\/3616\/revisions\/7362"}],"up":[{"embeddable":true,"href":"https:\/\/www.caribaea.org\/es\/wp-json\/wp\/v2\/pages\/4296"}],"wp:attachment":[{"href":"https:\/\/www.caribaea.org\/es\/wp-json\/wp\/v2\/media?parent=3616"}],"curies":[{"name":"wp","href":"https:\/\/api.w.org\/{rel}","templated":true}]}}