{"id":4085,"date":"2020-11-20T20:58:26","date_gmt":"2020-11-20T19:58:26","guid":{"rendered":"https:\/\/www.caribaea.org\/?page_id=4085"},"modified":"2026-01-09T16:38:56","modified_gmt":"2026-01-09T15:38:56","slug":"asesores-cientificos","status":"publish","type":"page","link":"https:\/\/www.caribaea.org\/es\/quienes-somos\/nuestro-equipo\/asesores-cientificos\/","title":{"rendered":"Asesores cient\u00edficos"},"content":{"rendered":"<div id=\"pl-4085\"  class=\"panel-layout\" ><div id=\"pg-4085-0\"  class=\"panel-grid panel-has-style\" ><div class=\"siteorigin-panels-stretch panel-row-style panel-row-style-for-4085-0\" data-stretch-type=\"full\" ><div id=\"pgc-4085-0-0\"  class=\"panel-grid-cell\" ><div id=\"panel-4085-0-0-0\" class=\"so-panel widget widget_sow-editor panel-first-child panel-last-child\" data-index=\"0\" ><div\n\t\t\t\n\t\t\tclass=\"so-widget-sow-editor so-widget-sow-editor-base\"\n\t\t\t\n\t\t><h3 class=\"widget-title\">Asesores cient\u00edficos<\/h3>\n<div class=\"siteorigin-widget-tinymce textwidget\">\n\t<ul style=\"list-style-type: disc; margin: 10px 0 10px 20px;\">\n<li>Dra. Anne Becker (Universidad de Ross, San Crist\u00f3bal y Nieves), Microbiolog\u00eda y Ecolog\u00eda de las Enfermedades<\/li>\n<li>Dr. Jean-Marc Blazy (INRA, Guadalupe), Agroecolog\u00eda<\/li>\n<li>MSc. Maikel Canizares (Instituto de Ecolog\u00eda y Sistem\u00e1tica, Cuba), Zoolog\u00eda<\/li>\n<li>Prof. Wilson Celestin (Universidad Estatal de Hait\u00ed), Agronom\u00eda y Ecolog\u00eda de Agua Dulce<\/li>\n<li>Dra. Charlotte Dromard (Universidad de las Antillas, Guadalupe), Biolog\u00eda Marina<\/li>\n<li>Prof. Sixto Inchaustegui (Universidad Aut\u00f3noma de Santo Domingo, Rep\u00fablica Dominicana), Biolog\u00eda de la Conservaci\u00f3n<\/li>\n<li>Dr. Roger Pradel (CNRS, Francia), Biolog\u00eda de las Poblaciones y Ecolog\u00eda Cuantitativa<\/li>\n<\/ul>\n<\/div>\n<\/div><\/div><\/div><\/div><\/div><\/div>","protected":false},"excerpt":{"rendered":"<p>Dra. Anne Becker (Universidad de Ross, San Crist\u00f3bal y Nieves), Microbiolog\u00eda y Ecolog\u00eda de las Enfermedades Dr. Jean-Marc Blazy (INRA, Guadalupe), Agroecolog\u00eda MSc. Maikel Canizares (Instituto de Ecolog\u00eda y Sistem\u00e1tica, Cuba), Zoolog\u00eda Prof. Wilson Celestin (Universidad Estatal de Hait\u00ed), Agronom\u00eda y Ecolog\u00eda de Agua Dulce Dra. Charlotte Dromard (Universidad de las Antillas, Guadalupe), Biolog\u00eda Marina [&hellip;]<\/p>\n","protected":false},"author":1,"featured_media":0,"parent":4078,"menu_order":2,"comment_status":"closed","ping_status":"closed","template":"","meta":{"footnotes":""},"class_list":["post-4085","page","type-page","status-publish","hentry"],"yoast_head":"<!-- This site is optimized with the Yoast SEO plugin v26.6 - https:\/\/yoast.com\/wordpress\/plugins\/seo\/ -->\n<title>Asesores cient\u00edficos - Caribaea Initiative<\/title>\n<meta name=\"robots\" content=\"index, follow, max-snippet:-1, max-image-preview:large, max-video-preview:-1\" \/>\n<link rel=\"canonical\" href=\"https:\/\/www.caribaea.org\/es\/quienes-somos\/nuestro-equipo\/asesores-cientificos\/\" \/>\n<meta property=\"og:locale\" content=\"es_ES\" \/>\n<meta property=\"og:type\" content=\"article\" \/>\n<meta property=\"og:title\" content=\"Asesores cient\u00edficos - Caribaea Initiative\" \/>\n<meta property=\"og:description\" content=\"Dra. Anne Becker (Universidad de Ross, San Crist\u00f3bal y Nieves), Microbiolog\u00eda y Ecolog\u00eda de las Enfermedades Dr. Jean-Marc Blazy (INRA, Guadalupe), Agroecolog\u00eda MSc. Maikel Canizares (Instituto de Ecolog\u00eda y Sistem\u00e1tica, Cuba), Zoolog\u00eda Prof. Wilson Celestin (Universidad Estatal de Hait\u00ed), Agronom\u00eda y Ecolog\u00eda de Agua Dulce Dra. Charlotte Dromard (Universidad de las Antillas, Guadalupe), Biolog\u00eda Marina [&hellip;]\" \/>\n<meta property=\"og:url\" content=\"https:\/\/www.caribaea.org\/es\/quienes-somos\/nuestro-equipo\/asesores-cientificos\/\" \/>\n<meta property=\"og:site_name\" content=\"Caribaea Initiative\" \/>\n<meta property=\"article:modified_time\" content=\"2026-01-09T15:38:56+00:00\" \/>\n<meta name=\"twitter:card\" content=\"summary_large_image\" \/>\n<meta name=\"twitter:label1\" content=\"Tiempo de lectura\" \/>\n\t<meta name=\"twitter:data1\" content=\"1 minuto\" \/>\n<script type=\"application\/ld+json\" class=\"yoast-schema-graph\">{\"@context\":\"https:\/\/schema.org\",\"@graph\":[{\"@type\":\"WebPage\",\"@id\":\"https:\/\/www.caribaea.org\/es\/quienes-somos\/nuestro-equipo\/asesores-cientificos\/\",\"url\":\"https:\/\/www.caribaea.org\/es\/quienes-somos\/nuestro-equipo\/asesores-cientificos\/\",\"name\":\"Asesores cient\u00edficos - Caribaea Initiative\",\"isPartOf\":{\"@id\":\"https:\/\/www.caribaea.org\/en\/#website\"},\"datePublished\":\"2020-11-20T19:58:26+00:00\",\"dateModified\":\"2026-01-09T15:38:56+00:00\",\"breadcrumb\":{\"@id\":\"https:\/\/www.caribaea.org\/es\/quienes-somos\/nuestro-equipo\/asesores-cientificos\/#breadcrumb\"},\"inLanguage\":\"es\",\"potentialAction\":[{\"@type\":\"ReadAction\",\"target\":[\"https:\/\/www.caribaea.org\/es\/quienes-somos\/nuestro-equipo\/asesores-cientificos\/\"]}]},{\"@type\":\"BreadcrumbList\",\"@id\":\"https:\/\/www.caribaea.org\/es\/quienes-somos\/nuestro-equipo\/asesores-cientificos\/#breadcrumb\",\"itemListElement\":[{\"@type\":\"ListItem\",\"position\":1,\"name\":\"Accueil\",\"item\":\"https:\/\/www.caribaea.org\/es\/\"},{\"@type\":\"ListItem\",\"position\":2,\"name\":\"Qui\u00e9nes somos\",\"item\":\"https:\/\/www.caribaea.org\/es\/quienes-somos\/\"},{\"@type\":\"ListItem\",\"position\":3,\"name\":\"Nuestro equipo\",\"item\":\"https:\/\/www.caribaea.org\/es\/quienes-somos\/nuestro-equipo\/\"},{\"@type\":\"ListItem\",\"position\":4,\"name\":\"Asesores cient\u00edficos\"}]},{\"@type\":\"WebSite\",\"@id\":\"https:\/\/www.caribaea.org\/en\/#website\",\"url\":\"https:\/\/www.caribaea.org\/en\/\",\"name\":\"Caribaea Initiative\",\"description\":\"\",\"potentialAction\":[{\"@type\":\"SearchAction\",\"target\":{\"@type\":\"EntryPoint\",\"urlTemplate\":\"https:\/\/www.caribaea.org\/en\/?s={search_term_string}\"},\"query-input\":{\"@type\":\"PropertyValueSpecification\",\"valueRequired\":true,\"valueName\":\"search_term_string\"}}],\"inLanguage\":\"es\"}]}<\/script>\n<!-- \/ Yoast SEO plugin. -->","yoast_head_json":{"title":"Asesores cient\u00edficos - Caribaea Initiative","robots":{"index":"index","follow":"follow","max-snippet":"max-snippet:-1","max-image-preview":"max-image-preview:large","max-video-preview":"max-video-preview:-1"},"canonical":"https:\/\/www.caribaea.org\/es\/quienes-somos\/nuestro-equipo\/asesores-cientificos\/","og_locale":"es_ES","og_type":"article","og_title":"Asesores cient\u00edficos - Caribaea Initiative","og_description":"Dra. Anne Becker (Universidad de Ross, San Crist\u00f3bal y Nieves), Microbiolog\u00eda y Ecolog\u00eda de las Enfermedades Dr. Jean-Marc Blazy (INRA, Guadalupe), Agroecolog\u00eda MSc. Maikel Canizares (Instituto de Ecolog\u00eda y Sistem\u00e1tica, Cuba), Zoolog\u00eda Prof. Wilson Celestin (Universidad Estatal de Hait\u00ed), Agronom\u00eda y Ecolog\u00eda de Agua Dulce Dra. Charlotte Dromard (Universidad de las Antillas, Guadalupe), Biolog\u00eda Marina [&hellip;]","og_url":"https:\/\/www.caribaea.org\/es\/quienes-somos\/nuestro-equipo\/asesores-cientificos\/","og_site_name":"Caribaea Initiative","article_modified_time":"2026-01-09T15:38:56+00:00","twitter_card":"summary_large_image","twitter_misc":{"Tiempo de lectura":"1 minuto"},"schema":{"@context":"https:\/\/schema.org","@graph":[{"@type":"WebPage","@id":"https:\/\/www.caribaea.org\/es\/quienes-somos\/nuestro-equipo\/asesores-cientificos\/","url":"https:\/\/www.caribaea.org\/es\/quienes-somos\/nuestro-equipo\/asesores-cientificos\/","name":"Asesores cient\u00edficos - Caribaea Initiative","isPartOf":{"@id":"https:\/\/www.caribaea.org\/en\/#website"},"datePublished":"2020-11-20T19:58:26+00:00","dateModified":"2026-01-09T15:38:56+00:00","breadcrumb":{"@id":"https:\/\/www.caribaea.org\/es\/quienes-somos\/nuestro-equipo\/asesores-cientificos\/#breadcrumb"},"inLanguage":"es","potentialAction":[{"@type":"ReadAction","target":["https:\/\/www.caribaea.org\/es\/quienes-somos\/nuestro-equipo\/asesores-cientificos\/"]}]},{"@type":"BreadcrumbList","@id":"https:\/\/www.caribaea.org\/es\/quienes-somos\/nuestro-equipo\/asesores-cientificos\/#breadcrumb","itemListElement":[{"@type":"ListItem","position":1,"name":"Accueil","item":"https:\/\/www.caribaea.org\/es\/"},{"@type":"ListItem","position":2,"name":"Qui\u00e9nes somos","item":"https:\/\/www.caribaea.org\/es\/quienes-somos\/"},{"@type":"ListItem","position":3,"name":"Nuestro equipo","item":"https:\/\/www.caribaea.org\/es\/quienes-somos\/nuestro-equipo\/"},{"@type":"ListItem","position":4,"name":"Asesores cient\u00edficos"}]},{"@type":"WebSite","@id":"https:\/\/www.caribaea.org\/en\/#website","url":"https:\/\/www.caribaea.org\/en\/","name":"Caribaea Initiative","description":"","potentialAction":[{"@type":"SearchAction","target":{"@type":"EntryPoint","urlTemplate":"https:\/\/www.caribaea.org\/en\/?s={search_term_string}"},"query-input":{"@type":"PropertyValueSpecification","valueRequired":true,"valueName":"search_term_string"}}],"inLanguage":"es"}]}},"_links":{"self":[{"href":"https:\/\/www.caribaea.org\/es\/wp-json\/wp\/v2\/pages\/4085","targetHints":{"allow":["GET"]}}],"collection":[{"href":"https:\/\/www.caribaea.org\/es\/wp-json\/wp\/v2\/pages"}],"about":[{"href":"https:\/\/www.caribaea.org\/es\/wp-json\/wp\/v2\/types\/page"}],"author":[{"embeddable":true,"href":"https:\/\/www.caribaea.org\/es\/wp-json\/wp\/v2\/users\/1"}],"replies":[{"embeddable":true,"href":"https:\/\/www.caribaea.org\/es\/wp-json\/wp\/v2\/comments?post=4085"}],"version-history":[{"count":3,"href":"https:\/\/www.caribaea.org\/es\/wp-json\/wp\/v2\/pages\/4085\/revisions"}],"predecessor-version":[{"id":12846,"href":"https:\/\/www.caribaea.org\/es\/wp-json\/wp\/v2\/pages\/4085\/revisions\/12846"}],"up":[{"embeddable":true,"href":"https:\/\/www.caribaea.org\/es\/wp-json\/wp\/v2\/pages\/4078"}],"wp:attachment":[{"href":"https:\/\/www.caribaea.org\/es\/wp-json\/wp\/v2\/media?parent=4085"}],"curies":[{"name":"wp","href":"https:\/\/api.w.org\/{rel}","templated":true}]}}