{"id":4185,"date":"2020-11-26T03:13:21","date_gmt":"2020-11-26T02:13:21","guid":{"rendered":"https:\/\/www.caribaea.org\/?page_id=4185"},"modified":"2021-04-28T09:18:14","modified_gmt":"2021-04-28T07:18:14","slug":"biologia-de-la-poblacion-y-conservacion-de-especies-endemicas-del-caribe","status":"publish","type":"page","link":"https:\/\/www.caribaea.org\/es\/nuestros-proyectos\/biologia-de-la-poblacion-y-conservacion-de-especies-endemicas-del-caribe\/","title":{"rendered":"Biolog\u00eda de la poblaci\u00f3n y conservaci\u00f3n de especies end\u00e9micas del Caribe"},"content":{"rendered":"<div id=\"pl-4185\"  class=\"panel-layout\" ><div id=\"pg-4185-0\"  class=\"panel-grid panel-no-style\" ><div id=\"pgc-4185-0-0\"  class=\"panel-grid-cell\" ><div id=\"panel-4185-0-0-0\" class=\"so-panel widget widget_sow-editor panel-first-child panel-last-child\" data-index=\"0\" ><div\n\t\t\t\n\t\t\tclass=\"so-widget-sow-editor so-widget-sow-editor-base\"\n\t\t\t\n\t\t>\n<div class=\"siteorigin-widget-tinymce textwidget\">\n\t<p class=\"lead\">Caribaea Initiative contribuye a la conservaci\u00f3n de aves end\u00e9micas del Caribe a trav\u00e9s de programas de investigaci\u00f3n que tienen como objetivo brindar informaci\u00f3n confiable sobre las tendencias poblacionales, la selecci\u00f3n de h\u00e1bitat, el comportamiento, la diferenciaci\u00f3n gen\u00e9tica y los movimientos entre islas, adem\u00e1s del estado de salud de varias especies, particularmente aquellas amenazadas por la caza indiscriminada y la destrucci\u00f3n del h\u00e1bitat.<\/p>\n<p>Las especies end\u00e9micas del Caribe est\u00e1n expuestas a muchas amenazas, como la p\u00e9rdida de h\u00e1bitat, las especies ex\u00f3ticas invasoras, el cambio global y la caza no regulada. Desarrollamos muchos proyectos dedicados a las aves, un grupo importante en el Caribe insular donde se pueden observar alrededor de 700 especies de aves, incluidas 190 especies end\u00e9micas. Adem\u00e1s, se est\u00e1n preparando proyectos sobre otras especies, como los anfibios<\/p>\n<\/div>\n<\/div><\/div><\/div><\/div><\/div>","protected":false},"excerpt":{"rendered":"<p>Caribaea Initiative contribuye a la conservaci\u00f3n de aves end\u00e9micas del Caribe a trav\u00e9s de programas de investigaci\u00f3n que tienen como objetivo brindar informaci\u00f3n confiable sobre las tendencias poblacionales, la selecci\u00f3n de h\u00e1bitat, el comportamiento, la diferenciaci\u00f3n gen\u00e9tica y los movimientos entre islas, adem\u00e1s del estado de salud de varias especies, particularmente aquellas amenazadas por la [&hellip;]<\/p>\n","protected":false},"author":1,"featured_media":3502,"parent":4181,"menu_order":4,"comment_status":"closed","ping_status":"closed","template":"theme-projets.php","meta":{"footnotes":""},"class_list":["post-4185","page","type-page","status-publish","has-post-thumbnail","hentry"],"yoast_head":"<!-- This site is optimized with the Yoast SEO plugin v26.6 - https:\/\/yoast.com\/wordpress\/plugins\/seo\/ -->\n<title>Biolog\u00eda de la poblaci\u00f3n y conservaci\u00f3n de especies end\u00e9micas del Caribe - Caribaea Initiative<\/title>\n<meta name=\"robots\" content=\"index, follow, max-snippet:-1, max-image-preview:large, max-video-preview:-1\" \/>\n<link rel=\"canonical\" href=\"https:\/\/www.caribaea.org\/es\/nuestros-proyectos\/biologia-de-la-poblacion-y-conservacion-de-especies-endemicas-del-caribe\/\" \/>\n<meta property=\"og:locale\" content=\"es_ES\" \/>\n<meta property=\"og:type\" content=\"article\" \/>\n<meta property=\"og:title\" content=\"Biolog\u00eda de la poblaci\u00f3n y conservaci\u00f3n de especies end\u00e9micas del Caribe - Caribaea Initiative\" \/>\n<meta property=\"og:description\" content=\"Caribaea Initiative contribuye a la conservaci\u00f3n de aves end\u00e9micas del Caribe a trav\u00e9s de programas de investigaci\u00f3n que tienen como objetivo brindar informaci\u00f3n confiable sobre las tendencias poblacionales, la selecci\u00f3n de h\u00e1bitat, el comportamiento, la diferenciaci\u00f3n gen\u00e9tica y los movimientos entre islas, adem\u00e1s del estado de salud de varias especies, particularmente aquellas amenazadas por la [&hellip;]\" \/>\n<meta property=\"og:url\" content=\"https:\/\/www.caribaea.org\/es\/nuestros-proyectos\/biologia-de-la-poblacion-y-conservacion-de-especies-endemicas-del-caribe\/\" \/>\n<meta property=\"og:site_name\" content=\"Caribaea Initiative\" \/>\n<meta property=\"article:modified_time\" content=\"2021-04-28T07:18:14+00:00\" \/>\n<meta property=\"og:image\" content=\"https:\/\/www.caribaea.org\/wp-content\/uploads\/2020\/10\/colombe-a-croissants-900x600-1.jpg\" \/>\n\t<meta property=\"og:image:width\" content=\"900\" \/>\n\t<meta property=\"og:image:height\" content=\"600\" \/>\n\t<meta property=\"og:image:type\" content=\"image\/jpeg\" \/>\n<meta name=\"twitter:card\" content=\"summary_large_image\" \/>\n<meta name=\"twitter:label1\" content=\"Tiempo de lectura\" \/>\n\t<meta name=\"twitter:data1\" content=\"1 minuto\" \/>\n<script type=\"application\/ld+json\" class=\"yoast-schema-graph\">{\"@context\":\"https:\/\/schema.org\",\"@graph\":[{\"@type\":\"WebPage\",\"@id\":\"https:\/\/www.caribaea.org\/es\/nuestros-proyectos\/biologia-de-la-poblacion-y-conservacion-de-especies-endemicas-del-caribe\/\",\"url\":\"https:\/\/www.caribaea.org\/es\/nuestros-proyectos\/biologia-de-la-poblacion-y-conservacion-de-especies-endemicas-del-caribe\/\",\"name\":\"Biolog\u00eda de la poblaci\u00f3n y conservaci\u00f3n de especies end\u00e9micas del Caribe - Caribaea Initiative\",\"isPartOf\":{\"@id\":\"https:\/\/www.caribaea.org\/en\/#website\"},\"primaryImageOfPage\":{\"@id\":\"https:\/\/www.caribaea.org\/es\/nuestros-proyectos\/biologia-de-la-poblacion-y-conservacion-de-especies-endemicas-del-caribe\/#primaryimage\"},\"image\":{\"@id\":\"https:\/\/www.caribaea.org\/es\/nuestros-proyectos\/biologia-de-la-poblacion-y-conservacion-de-especies-endemicas-del-caribe\/#primaryimage\"},\"thumbnailUrl\":\"https:\/\/www.caribaea.org\/wp-content\/uploads\/2020\/10\/colombe-a-croissants-900x600-1.jpg\",\"datePublished\":\"2020-11-26T02:13:21+00:00\",\"dateModified\":\"2021-04-28T07:18:14+00:00\",\"breadcrumb\":{\"@id\":\"https:\/\/www.caribaea.org\/es\/nuestros-proyectos\/biologia-de-la-poblacion-y-conservacion-de-especies-endemicas-del-caribe\/#breadcrumb\"},\"inLanguage\":\"es\",\"potentialAction\":[{\"@type\":\"ReadAction\",\"target\":[\"https:\/\/www.caribaea.org\/es\/nuestros-proyectos\/biologia-de-la-poblacion-y-conservacion-de-especies-endemicas-del-caribe\/\"]}]},{\"@type\":\"ImageObject\",\"inLanguage\":\"es\",\"@id\":\"https:\/\/www.caribaea.org\/es\/nuestros-proyectos\/biologia-de-la-poblacion-y-conservacion-de-especies-endemicas-del-caribe\/#primaryimage\",\"url\":\"https:\/\/www.caribaea.org\/wp-content\/uploads\/2020\/10\/colombe-a-croissants-900x600-1.jpg\",\"contentUrl\":\"https:\/\/www.caribaea.org\/wp-content\/uploads\/2020\/10\/colombe-a-croissants-900x600-1.jpg\",\"width\":900,\"height\":600,\"caption\":\"Geotrygon mystaceca \u00a9 Frantz Delcroix\"},{\"@type\":\"BreadcrumbList\",\"@id\":\"https:\/\/www.caribaea.org\/es\/nuestros-proyectos\/biologia-de-la-poblacion-y-conservacion-de-especies-endemicas-del-caribe\/#breadcrumb\",\"itemListElement\":[{\"@type\":\"ListItem\",\"position\":1,\"name\":\"Accueil\",\"item\":\"https:\/\/www.caribaea.org\/es\/\"},{\"@type\":\"ListItem\",\"position\":2,\"name\":\"Nuestros proyectos\",\"item\":\"https:\/\/www.caribaea.org\/es\/nuestros-proyectos\/\"},{\"@type\":\"ListItem\",\"position\":3,\"name\":\"Biolog\u00eda de la poblaci\u00f3n y conservaci\u00f3n de especies end\u00e9micas del Caribe\"}]},{\"@type\":\"WebSite\",\"@id\":\"https:\/\/www.caribaea.org\/en\/#website\",\"url\":\"https:\/\/www.caribaea.org\/en\/\",\"name\":\"Caribaea Initiative\",\"description\":\"\",\"potentialAction\":[{\"@type\":\"SearchAction\",\"target\":{\"@type\":\"EntryPoint\",\"urlTemplate\":\"https:\/\/www.caribaea.org\/en\/?s={search_term_string}\"},\"query-input\":{\"@type\":\"PropertyValueSpecification\",\"valueRequired\":true,\"valueName\":\"search_term_string\"}}],\"inLanguage\":\"es\"}]}<\/script>\n<!-- \/ Yoast SEO plugin. -->","yoast_head_json":{"title":"Biolog\u00eda de la poblaci\u00f3n y conservaci\u00f3n de especies end\u00e9micas del Caribe - Caribaea Initiative","robots":{"index":"index","follow":"follow","max-snippet":"max-snippet:-1","max-image-preview":"max-image-preview:large","max-video-preview":"max-video-preview:-1"},"canonical":"https:\/\/www.caribaea.org\/es\/nuestros-proyectos\/biologia-de-la-poblacion-y-conservacion-de-especies-endemicas-del-caribe\/","og_locale":"es_ES","og_type":"article","og_title":"Biolog\u00eda de la poblaci\u00f3n y conservaci\u00f3n de especies end\u00e9micas del Caribe - Caribaea Initiative","og_description":"Caribaea Initiative contribuye a la conservaci\u00f3n de aves end\u00e9micas del Caribe a trav\u00e9s de programas de investigaci\u00f3n que tienen como objetivo brindar informaci\u00f3n confiable sobre las tendencias poblacionales, la selecci\u00f3n de h\u00e1bitat, el comportamiento, la diferenciaci\u00f3n gen\u00e9tica y los movimientos entre islas, adem\u00e1s del estado de salud de varias especies, particularmente aquellas amenazadas por la [&hellip;]","og_url":"https:\/\/www.caribaea.org\/es\/nuestros-proyectos\/biologia-de-la-poblacion-y-conservacion-de-especies-endemicas-del-caribe\/","og_site_name":"Caribaea Initiative","article_modified_time":"2021-04-28T07:18:14+00:00","og_image":[{"width":900,"height":600,"url":"https:\/\/www.caribaea.org\/wp-content\/uploads\/2020\/10\/colombe-a-croissants-900x600-1.jpg","type":"image\/jpeg"}],"twitter_card":"summary_large_image","twitter_misc":{"Tiempo de lectura":"1 minuto"},"schema":{"@context":"https:\/\/schema.org","@graph":[{"@type":"WebPage","@id":"https:\/\/www.caribaea.org\/es\/nuestros-proyectos\/biologia-de-la-poblacion-y-conservacion-de-especies-endemicas-del-caribe\/","url":"https:\/\/www.caribaea.org\/es\/nuestros-proyectos\/biologia-de-la-poblacion-y-conservacion-de-especies-endemicas-del-caribe\/","name":"Biolog\u00eda de la poblaci\u00f3n y conservaci\u00f3n de especies end\u00e9micas del Caribe - Caribaea Initiative","isPartOf":{"@id":"https:\/\/www.caribaea.org\/en\/#website"},"primaryImageOfPage":{"@id":"https:\/\/www.caribaea.org\/es\/nuestros-proyectos\/biologia-de-la-poblacion-y-conservacion-de-especies-endemicas-del-caribe\/#primaryimage"},"image":{"@id":"https:\/\/www.caribaea.org\/es\/nuestros-proyectos\/biologia-de-la-poblacion-y-conservacion-de-especies-endemicas-del-caribe\/#primaryimage"},"thumbnailUrl":"https:\/\/www.caribaea.org\/wp-content\/uploads\/2020\/10\/colombe-a-croissants-900x600-1.jpg","datePublished":"2020-11-26T02:13:21+00:00","dateModified":"2021-04-28T07:18:14+00:00","breadcrumb":{"@id":"https:\/\/www.caribaea.org\/es\/nuestros-proyectos\/biologia-de-la-poblacion-y-conservacion-de-especies-endemicas-del-caribe\/#breadcrumb"},"inLanguage":"es","potentialAction":[{"@type":"ReadAction","target":["https:\/\/www.caribaea.org\/es\/nuestros-proyectos\/biologia-de-la-poblacion-y-conservacion-de-especies-endemicas-del-caribe\/"]}]},{"@type":"ImageObject","inLanguage":"es","@id":"https:\/\/www.caribaea.org\/es\/nuestros-proyectos\/biologia-de-la-poblacion-y-conservacion-de-especies-endemicas-del-caribe\/#primaryimage","url":"https:\/\/www.caribaea.org\/wp-content\/uploads\/2020\/10\/colombe-a-croissants-900x600-1.jpg","contentUrl":"https:\/\/www.caribaea.org\/wp-content\/uploads\/2020\/10\/colombe-a-croissants-900x600-1.jpg","width":900,"height":600,"caption":"Geotrygon mystaceca \u00a9 Frantz Delcroix"},{"@type":"BreadcrumbList","@id":"https:\/\/www.caribaea.org\/es\/nuestros-proyectos\/biologia-de-la-poblacion-y-conservacion-de-especies-endemicas-del-caribe\/#breadcrumb","itemListElement":[{"@type":"ListItem","position":1,"name":"Accueil","item":"https:\/\/www.caribaea.org\/es\/"},{"@type":"ListItem","position":2,"name":"Nuestros proyectos","item":"https:\/\/www.caribaea.org\/es\/nuestros-proyectos\/"},{"@type":"ListItem","position":3,"name":"Biolog\u00eda de la poblaci\u00f3n y conservaci\u00f3n de especies end\u00e9micas del Caribe"}]},{"@type":"WebSite","@id":"https:\/\/www.caribaea.org\/en\/#website","url":"https:\/\/www.caribaea.org\/en\/","name":"Caribaea Initiative","description":"","potentialAction":[{"@type":"SearchAction","target":{"@type":"EntryPoint","urlTemplate":"https:\/\/www.caribaea.org\/en\/?s={search_term_string}"},"query-input":{"@type":"PropertyValueSpecification","valueRequired":true,"valueName":"search_term_string"}}],"inLanguage":"es"}]}},"_links":{"self":[{"href":"https:\/\/www.caribaea.org\/es\/wp-json\/wp\/v2\/pages\/4185","targetHints":{"allow":["GET"]}}],"collection":[{"href":"https:\/\/www.caribaea.org\/es\/wp-json\/wp\/v2\/pages"}],"about":[{"href":"https:\/\/www.caribaea.org\/es\/wp-json\/wp\/v2\/types\/page"}],"author":[{"embeddable":true,"href":"https:\/\/www.caribaea.org\/es\/wp-json\/wp\/v2\/users\/1"}],"replies":[{"embeddable":true,"href":"https:\/\/www.caribaea.org\/es\/wp-json\/wp\/v2\/comments?post=4185"}],"version-history":[{"count":3,"href":"https:\/\/www.caribaea.org\/es\/wp-json\/wp\/v2\/pages\/4185\/revisions"}],"predecessor-version":[{"id":5669,"href":"https:\/\/www.caribaea.org\/es\/wp-json\/wp\/v2\/pages\/4185\/revisions\/5669"}],"up":[{"embeddable":true,"href":"https:\/\/www.caribaea.org\/es\/wp-json\/wp\/v2\/pages\/4181"}],"wp:featuredmedia":[{"embeddable":true,"href":"https:\/\/www.caribaea.org\/es\/wp-json\/wp\/v2\/media\/3502"}],"wp:attachment":[{"href":"https:\/\/www.caribaea.org\/es\/wp-json\/wp\/v2\/media?parent=4185"}],"curies":[{"name":"wp","href":"https:\/\/api.w.org\/{rel}","templated":true}]}}