{"id":4188,"date":"2020-11-26T03:15:38","date_gmt":"2020-11-26T02:15:38","guid":{"rendered":"https:\/\/www.caribaea.org\/?page_id=4188"},"modified":"2021-04-24T18:32:34","modified_gmt":"2021-04-24T16:32:34","slug":"adaptacion-de-las-especies-endemicas-del-caribe-al-cambio-climatico","status":"publish","type":"page","link":"https:\/\/www.caribaea.org\/es\/nuestros-proyectos\/adaptacion-de-las-especies-endemicas-del-caribe-al-cambio-climatico\/","title":{"rendered":"Adaptaci\u00f3n de las especies end\u00e9micas del Caribe al cambio clim\u00e1tico"},"content":{"rendered":"<div id=\"pl-4188\"  class=\"panel-layout\" ><div id=\"pg-4188-0\"  class=\"panel-grid panel-no-style\" ><div id=\"pgc-4188-0-0\"  class=\"panel-grid-cell\" ><div id=\"panel-4188-0-0-0\" class=\"so-panel widget widget_sow-editor panel-first-child panel-last-child\" data-index=\"0\" ><div\n\t\t\t\n\t\t\tclass=\"so-widget-sow-editor so-widget-sow-editor-base\"\n\t\t\t\n\t\t>\n<div class=\"siteorigin-widget-tinymce textwidget\">\n\t<p class=\"lead\">Una cuesti\u00f3n crucial en la biolog\u00eda de la conservaci\u00f3n es hasta qu\u00e9 punto las especies pueden adaptarse al cambio clim\u00e1tico. Para responder a esta pregunta, los investigadores deben combinar las observaciones de campo con experimentos cuidadosamente realizados. Los resultados obtenidos permiten hacer predicciones sobre las tendencias y movimientos de las poblaciones, as\u00ed como para el manejo de las mismas.<\/p>\n<p>Nuestra primera contribuci\u00f3n en esta \u00e1rea de investigaci\u00f3n se refiere a la ecolog\u00eda t\u00e9rmica de los lagartos end\u00e9micos del Caribe. <span class=\"VIiyi\" lang=\"es\"><span class=\"JLqJ4b ChMk0b\" data-language-for-alternatives=\"es\" data-language-to-translate-into=\"fr\" data-phrase-index=\"0\">Tambi\u00e9n estamos desarrollando nuevos proyectos sobre otras especies end\u00e9micas del Caribe.<\/span><\/span><\/p>\n<\/div>\n<\/div><\/div><\/div><\/div><\/div>","protected":false},"excerpt":{"rendered":"<p>Una cuesti\u00f3n crucial en la biolog\u00eda de la conservaci\u00f3n es hasta qu\u00e9 punto las especies pueden adaptarse al cambio clim\u00e1tico. Para responder a esta pregunta, los investigadores deben combinar las observaciones de campo con experimentos cuidadosamente realizados. Los resultados obtenidos permiten hacer predicciones sobre las tendencias y movimientos de las poblaciones, as\u00ed como para el [&hellip;]<\/p>\n","protected":false},"author":1,"featured_media":3504,"parent":4181,"menu_order":5,"comment_status":"closed","ping_status":"closed","template":"theme-projets.php","meta":{"footnotes":""},"class_list":["post-4188","page","type-page","status-publish","has-post-thumbnail","hentry"],"yoast_head":"<!-- This site is optimized with the Yoast SEO plugin v26.6 - https:\/\/yoast.com\/wordpress\/plugins\/seo\/ -->\n<title>Adaptaci\u00f3n de las especies end\u00e9micas del Caribe al cambio clim\u00e1tico - Caribaea Initiative<\/title>\n<meta name=\"robots\" content=\"index, follow, max-snippet:-1, max-image-preview:large, max-video-preview:-1\" \/>\n<link rel=\"canonical\" href=\"https:\/\/www.caribaea.org\/en\/our-projects\/adaptation-of-caribbean-endemic-species-to-climate-change\/\" \/>\n<meta property=\"og:locale\" content=\"es_ES\" \/>\n<meta property=\"og:type\" content=\"article\" \/>\n<meta property=\"og:title\" content=\"Adaptaci\u00f3n de las especies end\u00e9micas del Caribe al cambio clim\u00e1tico - Caribaea Initiative\" \/>\n<meta property=\"og:description\" content=\"Una cuesti\u00f3n crucial en la biolog\u00eda de la conservaci\u00f3n es hasta qu\u00e9 punto las especies pueden adaptarse al cambio clim\u00e1tico. Para responder a esta pregunta, los investigadores deben combinar las observaciones de campo con experimentos cuidadosamente realizados. Los resultados obtenidos permiten hacer predicciones sobre las tendencias y movimientos de las poblaciones, as\u00ed como para el [&hellip;]\" \/>\n<meta property=\"og:url\" content=\"https:\/\/www.caribaea.org\/en\/our-projects\/adaptation-of-caribbean-endemic-species-to-climate-change\/\" \/>\n<meta property=\"og:site_name\" content=\"Caribaea Initiative\" \/>\n<meta property=\"article:modified_time\" content=\"2021-04-24T16:32:34+00:00\" \/>\n<meta property=\"og:image\" content=\"https:\/\/www.caribaea.org\/wp-content\/uploads\/2020\/05\/anolis-porcatus-900x600-1.jpg\" \/>\n\t<meta property=\"og:image:width\" content=\"900\" \/>\n\t<meta property=\"og:image:height\" content=\"600\" \/>\n\t<meta property=\"og:image:type\" content=\"image\/jpeg\" \/>\n<meta name=\"twitter:card\" content=\"summary_large_image\" \/>\n<meta name=\"twitter:label1\" content=\"Tiempo de lectura\" \/>\n\t<meta name=\"twitter:data1\" content=\"1 minuto\" \/>\n<script type=\"application\/ld+json\" class=\"yoast-schema-graph\">{\"@context\":\"https:\/\/schema.org\",\"@graph\":[{\"@type\":\"WebPage\",\"@id\":\"https:\/\/www.caribaea.org\/en\/our-projects\/adaptation-of-caribbean-endemic-species-to-climate-change\/\",\"url\":\"https:\/\/www.caribaea.org\/en\/our-projects\/adaptation-of-caribbean-endemic-species-to-climate-change\/\",\"name\":\"Adaptaci\u00f3n de las especies end\u00e9micas del Caribe al cambio clim\u00e1tico - Caribaea Initiative\",\"isPartOf\":{\"@id\":\"https:\/\/www.caribaea.org\/en\/#website\"},\"primaryImageOfPage\":{\"@id\":\"https:\/\/www.caribaea.org\/en\/our-projects\/adaptation-of-caribbean-endemic-species-to-climate-change\/#primaryimage\"},\"image\":{\"@id\":\"https:\/\/www.caribaea.org\/en\/our-projects\/adaptation-of-caribbean-endemic-species-to-climate-change\/#primaryimage\"},\"thumbnailUrl\":\"https:\/\/www.caribaea.org\/wp-content\/uploads\/2020\/05\/anolis-porcatus-900x600-1.jpg\",\"datePublished\":\"2020-11-26T02:15:38+00:00\",\"dateModified\":\"2021-04-24T16:32:34+00:00\",\"breadcrumb\":{\"@id\":\"https:\/\/www.caribaea.org\/en\/our-projects\/adaptation-of-caribbean-endemic-species-to-climate-change\/#breadcrumb\"},\"inLanguage\":\"es\",\"potentialAction\":[{\"@type\":\"ReadAction\",\"target\":[\"https:\/\/www.caribaea.org\/en\/our-projects\/adaptation-of-caribbean-endemic-species-to-climate-change\/\"]}]},{\"@type\":\"ImageObject\",\"inLanguage\":\"es\",\"@id\":\"https:\/\/www.caribaea.org\/en\/our-projects\/adaptation-of-caribbean-endemic-species-to-climate-change\/#primaryimage\",\"url\":\"https:\/\/www.caribaea.org\/wp-content\/uploads\/2020\/05\/anolis-porcatus-900x600-1.jpg\",\"contentUrl\":\"https:\/\/www.caribaea.org\/wp-content\/uploads\/2020\/05\/anolis-porcatus-900x600-1.jpg\",\"width\":900,\"height\":600,\"caption\":\"Anolis porcatus \u00a9 Raimundo L\u00f3pez-Silvero\"},{\"@type\":\"BreadcrumbList\",\"@id\":\"https:\/\/www.caribaea.org\/en\/our-projects\/adaptation-of-caribbean-endemic-species-to-climate-change\/#breadcrumb\",\"itemListElement\":[{\"@type\":\"ListItem\",\"position\":1,\"name\":\"Accueil\",\"item\":\"https:\/\/www.caribaea.org\/es\/\"},{\"@type\":\"ListItem\",\"position\":2,\"name\":\"Nuestros proyectos\",\"item\":\"https:\/\/www.caribaea.org\/es\/nuestros-proyectos\/\"},{\"@type\":\"ListItem\",\"position\":3,\"name\":\"Adaptaci\u00f3n de las especies end\u00e9micas del Caribe al cambio clim\u00e1tico\"}]},{\"@type\":\"WebSite\",\"@id\":\"https:\/\/www.caribaea.org\/en\/#website\",\"url\":\"https:\/\/www.caribaea.org\/en\/\",\"name\":\"Caribaea Initiative\",\"description\":\"\",\"potentialAction\":[{\"@type\":\"SearchAction\",\"target\":{\"@type\":\"EntryPoint\",\"urlTemplate\":\"https:\/\/www.caribaea.org\/en\/?s={search_term_string}\"},\"query-input\":{\"@type\":\"PropertyValueSpecification\",\"valueRequired\":true,\"valueName\":\"search_term_string\"}}],\"inLanguage\":\"es\"}]}<\/script>\n<!-- \/ Yoast SEO plugin. -->","yoast_head_json":{"title":"Adaptaci\u00f3n de las especies end\u00e9micas del Caribe al cambio clim\u00e1tico - Caribaea Initiative","robots":{"index":"index","follow":"follow","max-snippet":"max-snippet:-1","max-image-preview":"max-image-preview:large","max-video-preview":"max-video-preview:-1"},"canonical":"https:\/\/www.caribaea.org\/en\/our-projects\/adaptation-of-caribbean-endemic-species-to-climate-change\/","og_locale":"es_ES","og_type":"article","og_title":"Adaptaci\u00f3n de las especies end\u00e9micas del Caribe al cambio clim\u00e1tico - Caribaea Initiative","og_description":"Una cuesti\u00f3n crucial en la biolog\u00eda de la conservaci\u00f3n es hasta qu\u00e9 punto las especies pueden adaptarse al cambio clim\u00e1tico. Para responder a esta pregunta, los investigadores deben combinar las observaciones de campo con experimentos cuidadosamente realizados. Los resultados obtenidos permiten hacer predicciones sobre las tendencias y movimientos de las poblaciones, as\u00ed como para el [&hellip;]","og_url":"https:\/\/www.caribaea.org\/en\/our-projects\/adaptation-of-caribbean-endemic-species-to-climate-change\/","og_site_name":"Caribaea Initiative","article_modified_time":"2021-04-24T16:32:34+00:00","og_image":[{"width":900,"height":600,"url":"https:\/\/www.caribaea.org\/wp-content\/uploads\/2020\/05\/anolis-porcatus-900x600-1.jpg","type":"image\/jpeg"}],"twitter_card":"summary_large_image","twitter_misc":{"Tiempo de lectura":"1 minuto"},"schema":{"@context":"https:\/\/schema.org","@graph":[{"@type":"WebPage","@id":"https:\/\/www.caribaea.org\/en\/our-projects\/adaptation-of-caribbean-endemic-species-to-climate-change\/","url":"https:\/\/www.caribaea.org\/en\/our-projects\/adaptation-of-caribbean-endemic-species-to-climate-change\/","name":"Adaptaci\u00f3n de las especies end\u00e9micas del Caribe al cambio clim\u00e1tico - Caribaea Initiative","isPartOf":{"@id":"https:\/\/www.caribaea.org\/en\/#website"},"primaryImageOfPage":{"@id":"https:\/\/www.caribaea.org\/en\/our-projects\/adaptation-of-caribbean-endemic-species-to-climate-change\/#primaryimage"},"image":{"@id":"https:\/\/www.caribaea.org\/en\/our-projects\/adaptation-of-caribbean-endemic-species-to-climate-change\/#primaryimage"},"thumbnailUrl":"https:\/\/www.caribaea.org\/wp-content\/uploads\/2020\/05\/anolis-porcatus-900x600-1.jpg","datePublished":"2020-11-26T02:15:38+00:00","dateModified":"2021-04-24T16:32:34+00:00","breadcrumb":{"@id":"https:\/\/www.caribaea.org\/en\/our-projects\/adaptation-of-caribbean-endemic-species-to-climate-change\/#breadcrumb"},"inLanguage":"es","potentialAction":[{"@type":"ReadAction","target":["https:\/\/www.caribaea.org\/en\/our-projects\/adaptation-of-caribbean-endemic-species-to-climate-change\/"]}]},{"@type":"ImageObject","inLanguage":"es","@id":"https:\/\/www.caribaea.org\/en\/our-projects\/adaptation-of-caribbean-endemic-species-to-climate-change\/#primaryimage","url":"https:\/\/www.caribaea.org\/wp-content\/uploads\/2020\/05\/anolis-porcatus-900x600-1.jpg","contentUrl":"https:\/\/www.caribaea.org\/wp-content\/uploads\/2020\/05\/anolis-porcatus-900x600-1.jpg","width":900,"height":600,"caption":"Anolis porcatus \u00a9 Raimundo L\u00f3pez-Silvero"},{"@type":"BreadcrumbList","@id":"https:\/\/www.caribaea.org\/en\/our-projects\/adaptation-of-caribbean-endemic-species-to-climate-change\/#breadcrumb","itemListElement":[{"@type":"ListItem","position":1,"name":"Accueil","item":"https:\/\/www.caribaea.org\/es\/"},{"@type":"ListItem","position":2,"name":"Nuestros proyectos","item":"https:\/\/www.caribaea.org\/es\/nuestros-proyectos\/"},{"@type":"ListItem","position":3,"name":"Adaptaci\u00f3n de las especies end\u00e9micas del Caribe al cambio clim\u00e1tico"}]},{"@type":"WebSite","@id":"https:\/\/www.caribaea.org\/en\/#website","url":"https:\/\/www.caribaea.org\/en\/","name":"Caribaea Initiative","description":"","potentialAction":[{"@type":"SearchAction","target":{"@type":"EntryPoint","urlTemplate":"https:\/\/www.caribaea.org\/en\/?s={search_term_string}"},"query-input":{"@type":"PropertyValueSpecification","valueRequired":true,"valueName":"search_term_string"}}],"inLanguage":"es"}]}},"_links":{"self":[{"href":"https:\/\/www.caribaea.org\/es\/wp-json\/wp\/v2\/pages\/4188","targetHints":{"allow":["GET"]}}],"collection":[{"href":"https:\/\/www.caribaea.org\/es\/wp-json\/wp\/v2\/pages"}],"about":[{"href":"https:\/\/www.caribaea.org\/es\/wp-json\/wp\/v2\/types\/page"}],"author":[{"embeddable":true,"href":"https:\/\/www.caribaea.org\/es\/wp-json\/wp\/v2\/users\/1"}],"replies":[{"embeddable":true,"href":"https:\/\/www.caribaea.org\/es\/wp-json\/wp\/v2\/comments?post=4188"}],"version-history":[{"count":3,"href":"https:\/\/www.caribaea.org\/es\/wp-json\/wp\/v2\/pages\/4188\/revisions"}],"predecessor-version":[{"id":5648,"href":"https:\/\/www.caribaea.org\/es\/wp-json\/wp\/v2\/pages\/4188\/revisions\/5648"}],"up":[{"embeddable":true,"href":"https:\/\/www.caribaea.org\/es\/wp-json\/wp\/v2\/pages\/4181"}],"wp:featuredmedia":[{"embeddable":true,"href":"https:\/\/www.caribaea.org\/es\/wp-json\/wp\/v2\/media\/3504"}],"wp:attachment":[{"href":"https:\/\/www.caribaea.org\/es\/wp-json\/wp\/v2\/media?parent=4188"}],"curies":[{"name":"wp","href":"https:\/\/api.w.org\/{rel}","templated":true}]}}