{"id":4191,"date":"2020-11-26T03:18:33","date_gmt":"2020-11-26T02:18:33","guid":{"rendered":"https:\/\/www.caribaea.org\/?page_id=4191"},"modified":"2020-12-23T02:08:30","modified_gmt":"2020-12-23T01:08:30","slug":"conservacion-y-ecologia-urbana-en-el-caribe-insular","status":"publish","type":"page","link":"https:\/\/www.caribaea.org\/es\/nuestros-proyectos\/conservacion-y-ecologia-urbana-en-el-caribe-insular\/","title":{"rendered":"Conservaci\u00f3n y ecolog\u00eda urbana en el Caribe insular"},"content":{"rendered":"<div id=\"pl-4191\"  class=\"panel-layout\" ><div id=\"pg-4191-0\"  class=\"panel-grid panel-no-style\" ><div id=\"pgc-4191-0-0\"  class=\"panel-grid-cell\" ><div id=\"panel-4191-0-0-0\" class=\"so-panel widget widget_sow-editor panel-first-child panel-last-child\" data-index=\"0\" ><div\n\t\t\t\n\t\t\tclass=\"so-widget-sow-editor so-widget-sow-editor-base\"\n\t\t\t\n\t\t>\n<div class=\"siteorigin-widget-tinymce textwidget\">\n\t<p class=\"lead\">Una de las principales causas de modificaciones del h\u00e1bitat natural de las especies en el siglo XXI es el r\u00e1pido crecimiento de la poblaci\u00f3n humana en las \u00e1reas urbanas. En la actualidad, el 54% de la poblaci\u00f3n humana mundial vive en \u00e1reas urbanas y, para el 2050, se espera que este n\u00famero alcance el 66%. El Caribe insular est\u00e1 particularmente amenazado.<\/p>\n<p>La ecolog\u00eda urbana aborda la ecolog\u00eda de los organismos vivos que se encuentran en las \u00e1reas urbanas, as\u00ed como la sostenibilidad ecol\u00f3gica de las ciudades, lo que incluye el mantenimiento de ensambles de especies ricos y diversos, mediante un manejo adaptada.<\/p>\n<p>Caribaea Initiative tiene como objetivo estimular la investigaci\u00f3n en ecolog\u00eda urbana en el Caribe insular mediante el apoyo a proyectos de investigaci\u00f3n originales e innovadores.<\/p>\n<\/div>\n<\/div><\/div><\/div><\/div><\/div>","protected":false},"excerpt":{"rendered":"<p>Una de las principales causas de modificaciones del h\u00e1bitat natural de las especies en el siglo XXI es el r\u00e1pido crecimiento de la poblaci\u00f3n humana en las \u00e1reas urbanas. En la actualidad, el 54% de la poblaci\u00f3n humana mundial vive en \u00e1reas urbanas y, para el 2050, se espera que este n\u00famero alcance el 66%. [&hellip;]<\/p>\n","protected":false},"author":1,"featured_media":3508,"parent":4181,"menu_order":6,"comment_status":"closed","ping_status":"closed","template":"theme-projets.php","meta":{"footnotes":""},"class_list":["post-4191","page","type-page","status-publish","has-post-thumbnail","hentry"],"yoast_head":"<!-- This site is optimized with the Yoast SEO plugin v26.6 - https:\/\/yoast.com\/wordpress\/plugins\/seo\/ -->\n<title>Conservaci\u00f3n y ecolog\u00eda urbana en el Caribe insular - Caribaea Initiative<\/title>\n<meta name=\"robots\" content=\"index, follow, max-snippet:-1, max-image-preview:large, max-video-preview:-1\" \/>\n<link rel=\"canonical\" href=\"https:\/\/www.caribaea.org\/en\/our-projects\/conservation-and-urban-ecology-in-the-insular-caribbean\/\" \/>\n<meta property=\"og:locale\" content=\"es_ES\" \/>\n<meta property=\"og:type\" content=\"article\" \/>\n<meta property=\"og:title\" content=\"Conservaci\u00f3n y ecolog\u00eda urbana en el Caribe insular - Caribaea Initiative\" \/>\n<meta property=\"og:description\" content=\"Una de las principales causas de modificaciones del h\u00e1bitat natural de las especies en el siglo XXI es el r\u00e1pido crecimiento de la poblaci\u00f3n humana en las \u00e1reas urbanas. En la actualidad, el 54% de la poblaci\u00f3n humana mundial vive en \u00e1reas urbanas y, para el 2050, se espera que este n\u00famero alcance el 66%. [&hellip;]\" \/>\n<meta property=\"og:url\" content=\"https:\/\/www.caribaea.org\/en\/our-projects\/conservation-and-urban-ecology-in-the-insular-caribbean\/\" \/>\n<meta property=\"og:site_name\" content=\"Caribaea Initiative\" \/>\n<meta property=\"article:modified_time\" content=\"2020-12-23T01:08:30+00:00\" \/>\n<meta property=\"og:image\" content=\"https:\/\/www.caribaea.org\/wp-content\/uploads\/2020\/10\/black-crowned-palm-tanager-900x600-1.jpg\" \/>\n\t<meta property=\"og:image:width\" content=\"900\" \/>\n\t<meta property=\"og:image:height\" content=\"600\" \/>\n\t<meta property=\"og:image:type\" content=\"image\/jpeg\" \/>\n<meta name=\"twitter:card\" content=\"summary_large_image\" \/>\n<meta name=\"twitter:label1\" content=\"Tiempo de lectura\" \/>\n\t<meta name=\"twitter:data1\" content=\"1 minuto\" \/>\n<script type=\"application\/ld+json\" class=\"yoast-schema-graph\">{\"@context\":\"https:\/\/schema.org\",\"@graph\":[{\"@type\":\"WebPage\",\"@id\":\"https:\/\/www.caribaea.org\/en\/our-projects\/conservation-and-urban-ecology-in-the-insular-caribbean\/\",\"url\":\"https:\/\/www.caribaea.org\/en\/our-projects\/conservation-and-urban-ecology-in-the-insular-caribbean\/\",\"name\":\"Conservaci\u00f3n y ecolog\u00eda urbana en el Caribe insular - Caribaea Initiative\",\"isPartOf\":{\"@id\":\"https:\/\/www.caribaea.org\/en\/#website\"},\"primaryImageOfPage\":{\"@id\":\"https:\/\/www.caribaea.org\/en\/our-projects\/conservation-and-urban-ecology-in-the-insular-caribbean\/#primaryimage\"},\"image\":{\"@id\":\"https:\/\/www.caribaea.org\/en\/our-projects\/conservation-and-urban-ecology-in-the-insular-caribbean\/#primaryimage\"},\"thumbnailUrl\":\"https:\/\/www.caribaea.org\/wp-content\/uploads\/2020\/10\/black-crowned-palm-tanager-900x600-1.jpg\",\"datePublished\":\"2020-11-26T02:18:33+00:00\",\"dateModified\":\"2020-12-23T01:08:30+00:00\",\"breadcrumb\":{\"@id\":\"https:\/\/www.caribaea.org\/en\/our-projects\/conservation-and-urban-ecology-in-the-insular-caribbean\/#breadcrumb\"},\"inLanguage\":\"es\",\"potentialAction\":[{\"@type\":\"ReadAction\",\"target\":[\"https:\/\/www.caribaea.org\/en\/our-projects\/conservation-and-urban-ecology-in-the-insular-caribbean\/\"]}]},{\"@type\":\"ImageObject\",\"inLanguage\":\"es\",\"@id\":\"https:\/\/www.caribaea.org\/en\/our-projects\/conservation-and-urban-ecology-in-the-insular-caribbean\/#primaryimage\",\"url\":\"https:\/\/www.caribaea.org\/wp-content\/uploads\/2020\/10\/black-crowned-palm-tanager-900x600-1.jpg\",\"contentUrl\":\"https:\/\/www.caribaea.org\/wp-content\/uploads\/2020\/10\/black-crowned-palm-tanager-900x600-1.jpg\",\"width\":900,\"height\":600},{\"@type\":\"BreadcrumbList\",\"@id\":\"https:\/\/www.caribaea.org\/en\/our-projects\/conservation-and-urban-ecology-in-the-insular-caribbean\/#breadcrumb\",\"itemListElement\":[{\"@type\":\"ListItem\",\"position\":1,\"name\":\"Accueil\",\"item\":\"https:\/\/www.caribaea.org\/es\/\"},{\"@type\":\"ListItem\",\"position\":2,\"name\":\"Nuestros proyectos\",\"item\":\"https:\/\/www.caribaea.org\/es\/nuestros-proyectos\/\"},{\"@type\":\"ListItem\",\"position\":3,\"name\":\"Conservaci\u00f3n y ecolog\u00eda urbana en el Caribe insular\"}]},{\"@type\":\"WebSite\",\"@id\":\"https:\/\/www.caribaea.org\/en\/#website\",\"url\":\"https:\/\/www.caribaea.org\/en\/\",\"name\":\"Caribaea Initiative\",\"description\":\"\",\"potentialAction\":[{\"@type\":\"SearchAction\",\"target\":{\"@type\":\"EntryPoint\",\"urlTemplate\":\"https:\/\/www.caribaea.org\/en\/?s={search_term_string}\"},\"query-input\":{\"@type\":\"PropertyValueSpecification\",\"valueRequired\":true,\"valueName\":\"search_term_string\"}}],\"inLanguage\":\"es\"}]}<\/script>\n<!-- \/ Yoast SEO plugin. -->","yoast_head_json":{"title":"Conservaci\u00f3n y ecolog\u00eda urbana en el Caribe insular - Caribaea Initiative","robots":{"index":"index","follow":"follow","max-snippet":"max-snippet:-1","max-image-preview":"max-image-preview:large","max-video-preview":"max-video-preview:-1"},"canonical":"https:\/\/www.caribaea.org\/en\/our-projects\/conservation-and-urban-ecology-in-the-insular-caribbean\/","og_locale":"es_ES","og_type":"article","og_title":"Conservaci\u00f3n y ecolog\u00eda urbana en el Caribe insular - Caribaea Initiative","og_description":"Una de las principales causas de modificaciones del h\u00e1bitat natural de las especies en el siglo XXI es el r\u00e1pido crecimiento de la poblaci\u00f3n humana en las \u00e1reas urbanas. En la actualidad, el 54% de la poblaci\u00f3n humana mundial vive en \u00e1reas urbanas y, para el 2050, se espera que este n\u00famero alcance el 66%. [&hellip;]","og_url":"https:\/\/www.caribaea.org\/en\/our-projects\/conservation-and-urban-ecology-in-the-insular-caribbean\/","og_site_name":"Caribaea Initiative","article_modified_time":"2020-12-23T01:08:30+00:00","og_image":[{"width":900,"height":600,"url":"https:\/\/www.caribaea.org\/wp-content\/uploads\/2020\/10\/black-crowned-palm-tanager-900x600-1.jpg","type":"image\/jpeg"}],"twitter_card":"summary_large_image","twitter_misc":{"Tiempo de lectura":"1 minuto"},"schema":{"@context":"https:\/\/schema.org","@graph":[{"@type":"WebPage","@id":"https:\/\/www.caribaea.org\/en\/our-projects\/conservation-and-urban-ecology-in-the-insular-caribbean\/","url":"https:\/\/www.caribaea.org\/en\/our-projects\/conservation-and-urban-ecology-in-the-insular-caribbean\/","name":"Conservaci\u00f3n y ecolog\u00eda urbana en el Caribe insular - Caribaea Initiative","isPartOf":{"@id":"https:\/\/www.caribaea.org\/en\/#website"},"primaryImageOfPage":{"@id":"https:\/\/www.caribaea.org\/en\/our-projects\/conservation-and-urban-ecology-in-the-insular-caribbean\/#primaryimage"},"image":{"@id":"https:\/\/www.caribaea.org\/en\/our-projects\/conservation-and-urban-ecology-in-the-insular-caribbean\/#primaryimage"},"thumbnailUrl":"https:\/\/www.caribaea.org\/wp-content\/uploads\/2020\/10\/black-crowned-palm-tanager-900x600-1.jpg","datePublished":"2020-11-26T02:18:33+00:00","dateModified":"2020-12-23T01:08:30+00:00","breadcrumb":{"@id":"https:\/\/www.caribaea.org\/en\/our-projects\/conservation-and-urban-ecology-in-the-insular-caribbean\/#breadcrumb"},"inLanguage":"es","potentialAction":[{"@type":"ReadAction","target":["https:\/\/www.caribaea.org\/en\/our-projects\/conservation-and-urban-ecology-in-the-insular-caribbean\/"]}]},{"@type":"ImageObject","inLanguage":"es","@id":"https:\/\/www.caribaea.org\/en\/our-projects\/conservation-and-urban-ecology-in-the-insular-caribbean\/#primaryimage","url":"https:\/\/www.caribaea.org\/wp-content\/uploads\/2020\/10\/black-crowned-palm-tanager-900x600-1.jpg","contentUrl":"https:\/\/www.caribaea.org\/wp-content\/uploads\/2020\/10\/black-crowned-palm-tanager-900x600-1.jpg","width":900,"height":600},{"@type":"BreadcrumbList","@id":"https:\/\/www.caribaea.org\/en\/our-projects\/conservation-and-urban-ecology-in-the-insular-caribbean\/#breadcrumb","itemListElement":[{"@type":"ListItem","position":1,"name":"Accueil","item":"https:\/\/www.caribaea.org\/es\/"},{"@type":"ListItem","position":2,"name":"Nuestros proyectos","item":"https:\/\/www.caribaea.org\/es\/nuestros-proyectos\/"},{"@type":"ListItem","position":3,"name":"Conservaci\u00f3n y ecolog\u00eda urbana en el Caribe insular"}]},{"@type":"WebSite","@id":"https:\/\/www.caribaea.org\/en\/#website","url":"https:\/\/www.caribaea.org\/en\/","name":"Caribaea Initiative","description":"","potentialAction":[{"@type":"SearchAction","target":{"@type":"EntryPoint","urlTemplate":"https:\/\/www.caribaea.org\/en\/?s={search_term_string}"},"query-input":{"@type":"PropertyValueSpecification","valueRequired":true,"valueName":"search_term_string"}}],"inLanguage":"es"}]}},"_links":{"self":[{"href":"https:\/\/www.caribaea.org\/es\/wp-json\/wp\/v2\/pages\/4191","targetHints":{"allow":["GET"]}}],"collection":[{"href":"https:\/\/www.caribaea.org\/es\/wp-json\/wp\/v2\/pages"}],"about":[{"href":"https:\/\/www.caribaea.org\/es\/wp-json\/wp\/v2\/types\/page"}],"author":[{"embeddable":true,"href":"https:\/\/www.caribaea.org\/es\/wp-json\/wp\/v2\/users\/1"}],"replies":[{"embeddable":true,"href":"https:\/\/www.caribaea.org\/es\/wp-json\/wp\/v2\/comments?post=4191"}],"version-history":[{"count":3,"href":"https:\/\/www.caribaea.org\/es\/wp-json\/wp\/v2\/pages\/4191\/revisions"}],"predecessor-version":[{"id":5263,"href":"https:\/\/www.caribaea.org\/es\/wp-json\/wp\/v2\/pages\/4191\/revisions\/5263"}],"up":[{"embeddable":true,"href":"https:\/\/www.caribaea.org\/es\/wp-json\/wp\/v2\/pages\/4181"}],"wp:featuredmedia":[{"embeddable":true,"href":"https:\/\/www.caribaea.org\/es\/wp-json\/wp\/v2\/media\/3508"}],"wp:attachment":[{"href":"https:\/\/www.caribaea.org\/es\/wp-json\/wp\/v2\/media?parent=4191"}],"curies":[{"name":"wp","href":"https:\/\/api.w.org\/{rel}","templated":true}]}}