{"id":4200,"date":"2020-11-26T03:22:48","date_gmt":"2020-11-26T02:22:48","guid":{"rendered":"https:\/\/www.caribaea.org\/?page_id=4200"},"modified":"2020-12-23T02:09:00","modified_gmt":"2020-12-23T01:09:00","slug":"ecologia-de-comunidades-y-evaluacion-de-la-biodiversidad","status":"publish","type":"page","link":"https:\/\/www.caribaea.org\/es\/nuestros-proyectos\/ecologia-de-comunidades-y-evaluacion-de-la-biodiversidad\/","title":{"rendered":"Ecolog\u00eda de comunidades y evaluaci\u00f3n de la biodiversidad"},"content":{"rendered":"<div id=\"pl-4200\"  class=\"panel-layout\" ><div id=\"pg-4200-0\"  class=\"panel-grid panel-no-style\" ><div id=\"pgc-4200-0-0\"  class=\"panel-grid-cell\" ><div id=\"panel-4200-0-0-0\" class=\"so-panel widget widget_sow-editor panel-first-child panel-last-child\" data-index=\"0\" ><div\n\t\t\t\n\t\t\tclass=\"so-widget-sow-editor so-widget-sow-editor-base\"\n\t\t\t\n\t\t>\n<div class=\"siteorigin-widget-tinymce textwidget\">\n\t<p class=\"lead\">Solo se conoce una parte de la biodiversidad del Caribe insular y a\u00fan quedan por descubrir numerosas especies, principalmente entre los invertebrados o en \u00e1reas geogr\u00e1ficas que rara vez han sido prospectadas.<\/p>\n<p>Por dem\u00e1s, identificar cu\u00e1les son los factores que influyen en la riqueza y diversidad de especies en los ecosistemas es de vital importancia en la biolog\u00eda de la conservaci\u00f3n. La investigaci\u00f3n en esta \u00e1rea combina m\u00e9todos de muestreo adaptados con herramientas estad\u00edsticas sofisticadas. Otro aspecto importante de la ecolog\u00eda de comunidades es comprender los mecanismos y procesos que condicionan la coexistencia de las especies.<\/p>\n<p>Varios de nuestros proyectos contribuyen a incrementar el conocimiento sobre la biodiversidad en el Caribe insular al revelar la existencia de nuevas especies y documentar patrones de riqueza y diversidad de especies en diferentes escalas geogr\u00e1ficas y temporales.<\/p>\n<\/div>\n<\/div><\/div><\/div><\/div><\/div>","protected":false},"excerpt":{"rendered":"<p>Solo se conoce una parte de la biodiversidad del Caribe insular y a\u00fan quedan por descubrir numerosas especies, principalmente entre los invertebrados o en \u00e1reas geogr\u00e1ficas que rara vez han sido prospectadas. Por dem\u00e1s, identificar cu\u00e1les son los factores que influyen en la riqueza y diversidad de especies en los ecosistemas es de vital importancia [&hellip;]<\/p>\n","protected":false},"author":1,"featured_media":3434,"parent":4181,"menu_order":8,"comment_status":"closed","ping_status":"closed","template":"theme-projets.php","meta":{"footnotes":""},"class_list":["post-4200","page","type-page","status-publish","has-post-thumbnail","hentry"],"yoast_head":"<!-- This site is optimized with the Yoast SEO plugin v26.6 - https:\/\/yoast.com\/wordpress\/plugins\/seo\/ -->\n<title>Ecolog\u00eda de comunidades y evaluaci\u00f3n de la biodiversidad - Caribaea Initiative<\/title>\n<meta name=\"robots\" content=\"index, follow, max-snippet:-1, max-image-preview:large, max-video-preview:-1\" \/>\n<link rel=\"canonical\" href=\"https:\/\/www.caribaea.org\/es\/nuestros-proyectos\/ecologia-de-comunidades-y-evaluacion-de-la-biodiversidad\/\" \/>\n<meta property=\"og:locale\" content=\"es_ES\" \/>\n<meta property=\"og:type\" content=\"article\" \/>\n<meta property=\"og:title\" content=\"Ecolog\u00eda de comunidades y evaluaci\u00f3n de la biodiversidad - Caribaea Initiative\" \/>\n<meta property=\"og:description\" content=\"Solo se conoce una parte de la biodiversidad del Caribe insular y a\u00fan quedan por descubrir numerosas especies, principalmente entre los invertebrados o en \u00e1reas geogr\u00e1ficas que rara vez han sido prospectadas. Por dem\u00e1s, identificar cu\u00e1les son los factores que influyen en la riqueza y diversidad de especies en los ecosistemas es de vital importancia [&hellip;]\" \/>\n<meta property=\"og:url\" content=\"https:\/\/www.caribaea.org\/es\/nuestros-proyectos\/ecologia-de-comunidades-y-evaluacion-de-la-biodiversidad\/\" \/>\n<meta property=\"og:site_name\" content=\"Caribaea Initiative\" \/>\n<meta property=\"article:modified_time\" content=\"2020-12-23T01:09:00+00:00\" \/>\n<meta property=\"og:image\" content=\"https:\/\/www.caribaea.org\/wp-content\/uploads\/2020\/10\/odonates-macrothemis-celeno-Pierre-Michard-Beaujour-900x600-1.jpg\" \/>\n\t<meta property=\"og:image:width\" content=\"900\" \/>\n\t<meta property=\"og:image:height\" content=\"600\" \/>\n\t<meta property=\"og:image:type\" content=\"image\/jpeg\" \/>\n<meta name=\"twitter:card\" content=\"summary_large_image\" \/>\n<meta name=\"twitter:label1\" content=\"Tiempo de lectura\" \/>\n\t<meta name=\"twitter:data1\" content=\"1 minuto\" \/>\n<script type=\"application\/ld+json\" class=\"yoast-schema-graph\">{\"@context\":\"https:\/\/schema.org\",\"@graph\":[{\"@type\":\"WebPage\",\"@id\":\"https:\/\/www.caribaea.org\/es\/nuestros-proyectos\/ecologia-de-comunidades-y-evaluacion-de-la-biodiversidad\/\",\"url\":\"https:\/\/www.caribaea.org\/es\/nuestros-proyectos\/ecologia-de-comunidades-y-evaluacion-de-la-biodiversidad\/\",\"name\":\"Ecolog\u00eda de comunidades y evaluaci\u00f3n de la biodiversidad - Caribaea Initiative\",\"isPartOf\":{\"@id\":\"https:\/\/www.caribaea.org\/en\/#website\"},\"primaryImageOfPage\":{\"@id\":\"https:\/\/www.caribaea.org\/es\/nuestros-proyectos\/ecologia-de-comunidades-y-evaluacion-de-la-biodiversidad\/#primaryimage\"},\"image\":{\"@id\":\"https:\/\/www.caribaea.org\/es\/nuestros-proyectos\/ecologia-de-comunidades-y-evaluacion-de-la-biodiversidad\/#primaryimage\"},\"thumbnailUrl\":\"https:\/\/www.caribaea.org\/wp-content\/uploads\/2020\/10\/odonates-macrothemis-celeno-Pierre-Michard-Beaujour-900x600-1.jpg\",\"datePublished\":\"2020-11-26T02:22:48+00:00\",\"dateModified\":\"2020-12-23T01:09:00+00:00\",\"breadcrumb\":{\"@id\":\"https:\/\/www.caribaea.org\/es\/nuestros-proyectos\/ecologia-de-comunidades-y-evaluacion-de-la-biodiversidad\/#breadcrumb\"},\"inLanguage\":\"es\",\"potentialAction\":[{\"@type\":\"ReadAction\",\"target\":[\"https:\/\/www.caribaea.org\/es\/nuestros-proyectos\/ecologia-de-comunidades-y-evaluacion-de-la-biodiversidad\/\"]}]},{\"@type\":\"ImageObject\",\"inLanguage\":\"es\",\"@id\":\"https:\/\/www.caribaea.org\/es\/nuestros-proyectos\/ecologia-de-comunidades-y-evaluacion-de-la-biodiversidad\/#primaryimage\",\"url\":\"https:\/\/www.caribaea.org\/wp-content\/uploads\/2020\/10\/odonates-macrothemis-celeno-Pierre-Michard-Beaujour-900x600-1.jpg\",\"contentUrl\":\"https:\/\/www.caribaea.org\/wp-content\/uploads\/2020\/10\/odonates-macrothemis-celeno-Pierre-Michard-Beaujour-900x600-1.jpg\",\"width\":900,\"height\":600},{\"@type\":\"BreadcrumbList\",\"@id\":\"https:\/\/www.caribaea.org\/es\/nuestros-proyectos\/ecologia-de-comunidades-y-evaluacion-de-la-biodiversidad\/#breadcrumb\",\"itemListElement\":[{\"@type\":\"ListItem\",\"position\":1,\"name\":\"Accueil\",\"item\":\"https:\/\/www.caribaea.org\/es\/\"},{\"@type\":\"ListItem\",\"position\":2,\"name\":\"Nuestros proyectos\",\"item\":\"https:\/\/www.caribaea.org\/es\/nuestros-proyectos\/\"},{\"@type\":\"ListItem\",\"position\":3,\"name\":\"Ecolog\u00eda de comunidades y evaluaci\u00f3n de la biodiversidad\"}]},{\"@type\":\"WebSite\",\"@id\":\"https:\/\/www.caribaea.org\/en\/#website\",\"url\":\"https:\/\/www.caribaea.org\/en\/\",\"name\":\"Caribaea Initiative\",\"description\":\"\",\"potentialAction\":[{\"@type\":\"SearchAction\",\"target\":{\"@type\":\"EntryPoint\",\"urlTemplate\":\"https:\/\/www.caribaea.org\/en\/?s={search_term_string}\"},\"query-input\":{\"@type\":\"PropertyValueSpecification\",\"valueRequired\":true,\"valueName\":\"search_term_string\"}}],\"inLanguage\":\"es\"}]}<\/script>\n<!-- \/ Yoast SEO plugin. -->","yoast_head_json":{"title":"Ecolog\u00eda de comunidades y evaluaci\u00f3n de la biodiversidad - Caribaea Initiative","robots":{"index":"index","follow":"follow","max-snippet":"max-snippet:-1","max-image-preview":"max-image-preview:large","max-video-preview":"max-video-preview:-1"},"canonical":"https:\/\/www.caribaea.org\/es\/nuestros-proyectos\/ecologia-de-comunidades-y-evaluacion-de-la-biodiversidad\/","og_locale":"es_ES","og_type":"article","og_title":"Ecolog\u00eda de comunidades y evaluaci\u00f3n de la biodiversidad - Caribaea Initiative","og_description":"Solo se conoce una parte de la biodiversidad del Caribe insular y a\u00fan quedan por descubrir numerosas especies, principalmente entre los invertebrados o en \u00e1reas geogr\u00e1ficas que rara vez han sido prospectadas. Por dem\u00e1s, identificar cu\u00e1les son los factores que influyen en la riqueza y diversidad de especies en los ecosistemas es de vital importancia [&hellip;]","og_url":"https:\/\/www.caribaea.org\/es\/nuestros-proyectos\/ecologia-de-comunidades-y-evaluacion-de-la-biodiversidad\/","og_site_name":"Caribaea Initiative","article_modified_time":"2020-12-23T01:09:00+00:00","og_image":[{"width":900,"height":600,"url":"https:\/\/www.caribaea.org\/wp-content\/uploads\/2020\/10\/odonates-macrothemis-celeno-Pierre-Michard-Beaujour-900x600-1.jpg","type":"image\/jpeg"}],"twitter_card":"summary_large_image","twitter_misc":{"Tiempo de lectura":"1 minuto"},"schema":{"@context":"https:\/\/schema.org","@graph":[{"@type":"WebPage","@id":"https:\/\/www.caribaea.org\/es\/nuestros-proyectos\/ecologia-de-comunidades-y-evaluacion-de-la-biodiversidad\/","url":"https:\/\/www.caribaea.org\/es\/nuestros-proyectos\/ecologia-de-comunidades-y-evaluacion-de-la-biodiversidad\/","name":"Ecolog\u00eda de comunidades y evaluaci\u00f3n de la biodiversidad - Caribaea Initiative","isPartOf":{"@id":"https:\/\/www.caribaea.org\/en\/#website"},"primaryImageOfPage":{"@id":"https:\/\/www.caribaea.org\/es\/nuestros-proyectos\/ecologia-de-comunidades-y-evaluacion-de-la-biodiversidad\/#primaryimage"},"image":{"@id":"https:\/\/www.caribaea.org\/es\/nuestros-proyectos\/ecologia-de-comunidades-y-evaluacion-de-la-biodiversidad\/#primaryimage"},"thumbnailUrl":"https:\/\/www.caribaea.org\/wp-content\/uploads\/2020\/10\/odonates-macrothemis-celeno-Pierre-Michard-Beaujour-900x600-1.jpg","datePublished":"2020-11-26T02:22:48+00:00","dateModified":"2020-12-23T01:09:00+00:00","breadcrumb":{"@id":"https:\/\/www.caribaea.org\/es\/nuestros-proyectos\/ecologia-de-comunidades-y-evaluacion-de-la-biodiversidad\/#breadcrumb"},"inLanguage":"es","potentialAction":[{"@type":"ReadAction","target":["https:\/\/www.caribaea.org\/es\/nuestros-proyectos\/ecologia-de-comunidades-y-evaluacion-de-la-biodiversidad\/"]}]},{"@type":"ImageObject","inLanguage":"es","@id":"https:\/\/www.caribaea.org\/es\/nuestros-proyectos\/ecologia-de-comunidades-y-evaluacion-de-la-biodiversidad\/#primaryimage","url":"https:\/\/www.caribaea.org\/wp-content\/uploads\/2020\/10\/odonates-macrothemis-celeno-Pierre-Michard-Beaujour-900x600-1.jpg","contentUrl":"https:\/\/www.caribaea.org\/wp-content\/uploads\/2020\/10\/odonates-macrothemis-celeno-Pierre-Michard-Beaujour-900x600-1.jpg","width":900,"height":600},{"@type":"BreadcrumbList","@id":"https:\/\/www.caribaea.org\/es\/nuestros-proyectos\/ecologia-de-comunidades-y-evaluacion-de-la-biodiversidad\/#breadcrumb","itemListElement":[{"@type":"ListItem","position":1,"name":"Accueil","item":"https:\/\/www.caribaea.org\/es\/"},{"@type":"ListItem","position":2,"name":"Nuestros proyectos","item":"https:\/\/www.caribaea.org\/es\/nuestros-proyectos\/"},{"@type":"ListItem","position":3,"name":"Ecolog\u00eda de comunidades y evaluaci\u00f3n de la biodiversidad"}]},{"@type":"WebSite","@id":"https:\/\/www.caribaea.org\/en\/#website","url":"https:\/\/www.caribaea.org\/en\/","name":"Caribaea Initiative","description":"","potentialAction":[{"@type":"SearchAction","target":{"@type":"EntryPoint","urlTemplate":"https:\/\/www.caribaea.org\/en\/?s={search_term_string}"},"query-input":{"@type":"PropertyValueSpecification","valueRequired":true,"valueName":"search_term_string"}}],"inLanguage":"es"}]}},"_links":{"self":[{"href":"https:\/\/www.caribaea.org\/es\/wp-json\/wp\/v2\/pages\/4200","targetHints":{"allow":["GET"]}}],"collection":[{"href":"https:\/\/www.caribaea.org\/es\/wp-json\/wp\/v2\/pages"}],"about":[{"href":"https:\/\/www.caribaea.org\/es\/wp-json\/wp\/v2\/types\/page"}],"author":[{"embeddable":true,"href":"https:\/\/www.caribaea.org\/es\/wp-json\/wp\/v2\/users\/1"}],"replies":[{"embeddable":true,"href":"https:\/\/www.caribaea.org\/es\/wp-json\/wp\/v2\/comments?post=4200"}],"version-history":[{"count":3,"href":"https:\/\/www.caribaea.org\/es\/wp-json\/wp\/v2\/pages\/4200\/revisions"}],"predecessor-version":[{"id":5265,"href":"https:\/\/www.caribaea.org\/es\/wp-json\/wp\/v2\/pages\/4200\/revisions\/5265"}],"up":[{"embeddable":true,"href":"https:\/\/www.caribaea.org\/es\/wp-json\/wp\/v2\/pages\/4181"}],"wp:featuredmedia":[{"embeddable":true,"href":"https:\/\/www.caribaea.org\/es\/wp-json\/wp\/v2\/media\/3434"}],"wp:attachment":[{"href":"https:\/\/www.caribaea.org\/es\/wp-json\/wp\/v2\/media?parent=4200"}],"curies":[{"name":"wp","href":"https:\/\/api.w.org\/{rel}","templated":true}]}}