{"id":4203,"date":"2020-11-26T03:24:34","date_gmt":"2020-11-26T02:24:34","guid":{"rendered":"https:\/\/www.caribaea.org\/?page_id=4203"},"modified":"2020-12-23T02:09:13","modified_gmt":"2020-12-23T01:09:13","slug":"interacciones-entre-especies-exoticas-invasoras-y-especies-endemicas-del-caribe","status":"publish","type":"page","link":"https:\/\/www.caribaea.org\/es\/nuestros-proyectos\/interacciones-entre-especies-exoticas-invasoras-y-especies-endemicas-del-caribe\/","title":{"rendered":"Interacciones entre especies ex\u00f3ticas invasoras y especies end\u00e9micas del Caribe"},"content":{"rendered":"<div id=\"pl-4203\"  class=\"panel-layout\" ><div id=\"pg-4203-0\"  class=\"panel-grid panel-no-style\" ><div id=\"pgc-4203-0-0\"  class=\"panel-grid-cell\" ><div id=\"panel-4203-0-0-0\" class=\"so-panel widget widget_sow-editor panel-first-child panel-last-child\" data-index=\"0\" ><div\n\t\t\t\n\t\t\tclass=\"so-widget-sow-editor so-widget-sow-editor-base\"\n\t\t\t\n\t\t>\n<div class=\"siteorigin-widget-tinymce textwidget\">\n\t<p class=\"lead\">Las especies ex\u00f3ticas invasoras son una gran amenaza para la biodiversidad, especialmente en entornos insulares. Nuestra capacidad para predecir, detectar y, posiblemente, prevenir la invasi\u00f3n de nuevas especies ex\u00f3ticas o, luego de su introducci\u00f3n, monitorear su impacto en los ecosistemas y las especies nativas, depende, en gran medida, de la evidencia cient\u00edfica.<\/p>\n<p>Nuestros proyectos combinan trabajo de campo, estudios gen\u00e9ticos y modelos matem\u00e1ticos para predecir y documentar mejor el impacto de especies ex\u00f3ticas invasoras en el Caribe insular.<\/p>\n<\/div>\n<\/div><\/div><\/div><\/div><\/div>","protected":false},"excerpt":{"rendered":"<p>Las especies ex\u00f3ticas invasoras son una gran amenaza para la biodiversidad, especialmente en entornos insulares. Nuestra capacidad para predecir, detectar y, posiblemente, prevenir la invasi\u00f3n de nuevas especies ex\u00f3ticas o, luego de su introducci\u00f3n, monitorear su impacto en los ecosistemas y las especies nativas, depende, en gran medida, de la evidencia cient\u00edfica. Nuestros proyectos combinan [&hellip;]<\/p>\n","protected":false},"author":1,"featured_media":3526,"parent":4181,"menu_order":9,"comment_status":"closed","ping_status":"closed","template":"theme-projets.php","meta":{"footnotes":""},"class_list":["post-4203","page","type-page","status-publish","has-post-thumbnail","hentry"],"yoast_head":"<!-- This site is optimized with the Yoast SEO plugin v26.6 - https:\/\/yoast.com\/wordpress\/plugins\/seo\/ -->\n<title>Interacciones entre especies ex\u00f3ticas invasoras y especies end\u00e9micas del Caribe - Caribaea Initiative<\/title>\n<meta name=\"robots\" content=\"index, follow, max-snippet:-1, max-image-preview:large, max-video-preview:-1\" \/>\n<link rel=\"canonical\" href=\"https:\/\/www.caribaea.org\/en\/our-projects\/interactions-between-caribbean-endemic-and-exotic-invasive-species\/\" \/>\n<meta property=\"og:locale\" content=\"es_ES\" \/>\n<meta property=\"og:type\" content=\"article\" \/>\n<meta property=\"og:title\" content=\"Interacciones entre especies ex\u00f3ticas invasoras y especies end\u00e9micas del Caribe - Caribaea Initiative\" \/>\n<meta property=\"og:description\" content=\"Las especies ex\u00f3ticas invasoras son una gran amenaza para la biodiversidad, especialmente en entornos insulares. Nuestra capacidad para predecir, detectar y, posiblemente, prevenir la invasi\u00f3n de nuevas especies ex\u00f3ticas o, luego de su introducci\u00f3n, monitorear su impacto en los ecosistemas y las especies nativas, depende, en gran medida, de la evidencia cient\u00edfica. Nuestros proyectos combinan [&hellip;]\" \/>\n<meta property=\"og:url\" content=\"https:\/\/www.caribaea.org\/en\/our-projects\/interactions-between-caribbean-endemic-and-exotic-invasive-species\/\" \/>\n<meta property=\"og:site_name\" content=\"Caribaea Initiative\" \/>\n<meta property=\"article:modified_time\" content=\"2020-12-23T01:09:13+00:00\" \/>\n<meta property=\"og:image\" content=\"https:\/\/www.caribaea.org\/wp-content\/uploads\/2020\/10\/trachemys-decorata-900x600-1.jpg\" \/>\n\t<meta property=\"og:image:width\" content=\"900\" \/>\n\t<meta property=\"og:image:height\" content=\"600\" \/>\n\t<meta property=\"og:image:type\" content=\"image\/jpeg\" \/>\n<meta name=\"twitter:card\" content=\"summary_large_image\" \/>\n<script type=\"application\/ld+json\" class=\"yoast-schema-graph\">{\"@context\":\"https:\/\/schema.org\",\"@graph\":[{\"@type\":\"WebPage\",\"@id\":\"https:\/\/www.caribaea.org\/en\/our-projects\/interactions-between-caribbean-endemic-and-exotic-invasive-species\/\",\"url\":\"https:\/\/www.caribaea.org\/en\/our-projects\/interactions-between-caribbean-endemic-and-exotic-invasive-species\/\",\"name\":\"Interacciones entre especies ex\u00f3ticas invasoras y especies end\u00e9micas del Caribe - Caribaea Initiative\",\"isPartOf\":{\"@id\":\"https:\/\/www.caribaea.org\/en\/#website\"},\"primaryImageOfPage\":{\"@id\":\"https:\/\/www.caribaea.org\/en\/our-projects\/interactions-between-caribbean-endemic-and-exotic-invasive-species\/#primaryimage\"},\"image\":{\"@id\":\"https:\/\/www.caribaea.org\/en\/our-projects\/interactions-between-caribbean-endemic-and-exotic-invasive-species\/#primaryimage\"},\"thumbnailUrl\":\"https:\/\/www.caribaea.org\/wp-content\/uploads\/2020\/10\/trachemys-decorata-900x600-1.jpg\",\"datePublished\":\"2020-11-26T02:24:34+00:00\",\"dateModified\":\"2020-12-23T01:09:13+00:00\",\"breadcrumb\":{\"@id\":\"https:\/\/www.caribaea.org\/en\/our-projects\/interactions-between-caribbean-endemic-and-exotic-invasive-species\/#breadcrumb\"},\"inLanguage\":\"es\",\"potentialAction\":[{\"@type\":\"ReadAction\",\"target\":[\"https:\/\/www.caribaea.org\/en\/our-projects\/interactions-between-caribbean-endemic-and-exotic-invasive-species\/\"]}]},{\"@type\":\"ImageObject\",\"inLanguage\":\"es\",\"@id\":\"https:\/\/www.caribaea.org\/en\/our-projects\/interactions-between-caribbean-endemic-and-exotic-invasive-species\/#primaryimage\",\"url\":\"https:\/\/www.caribaea.org\/wp-content\/uploads\/2020\/10\/trachemys-decorata-900x600-1.jpg\",\"contentUrl\":\"https:\/\/www.caribaea.org\/wp-content\/uploads\/2020\/10\/trachemys-decorata-900x600-1.jpg\",\"width\":900,\"height\":600,\"caption\":\"Trachemys decorata \u00a9 Brian Gratwicke\"},{\"@type\":\"BreadcrumbList\",\"@id\":\"https:\/\/www.caribaea.org\/en\/our-projects\/interactions-between-caribbean-endemic-and-exotic-invasive-species\/#breadcrumb\",\"itemListElement\":[{\"@type\":\"ListItem\",\"position\":1,\"name\":\"Accueil\",\"item\":\"https:\/\/www.caribaea.org\/es\/\"},{\"@type\":\"ListItem\",\"position\":2,\"name\":\"Nuestros proyectos\",\"item\":\"https:\/\/www.caribaea.org\/es\/nuestros-proyectos\/\"},{\"@type\":\"ListItem\",\"position\":3,\"name\":\"Interacciones entre especies ex\u00f3ticas invasoras y especies end\u00e9micas del Caribe\"}]},{\"@type\":\"WebSite\",\"@id\":\"https:\/\/www.caribaea.org\/en\/#website\",\"url\":\"https:\/\/www.caribaea.org\/en\/\",\"name\":\"Caribaea Initiative\",\"description\":\"\",\"potentialAction\":[{\"@type\":\"SearchAction\",\"target\":{\"@type\":\"EntryPoint\",\"urlTemplate\":\"https:\/\/www.caribaea.org\/en\/?s={search_term_string}\"},\"query-input\":{\"@type\":\"PropertyValueSpecification\",\"valueRequired\":true,\"valueName\":\"search_term_string\"}}],\"inLanguage\":\"es\"}]}<\/script>\n<!-- \/ Yoast SEO plugin. -->","yoast_head_json":{"title":"Interacciones entre especies ex\u00f3ticas invasoras y especies end\u00e9micas del Caribe - Caribaea Initiative","robots":{"index":"index","follow":"follow","max-snippet":"max-snippet:-1","max-image-preview":"max-image-preview:large","max-video-preview":"max-video-preview:-1"},"canonical":"https:\/\/www.caribaea.org\/en\/our-projects\/interactions-between-caribbean-endemic-and-exotic-invasive-species\/","og_locale":"es_ES","og_type":"article","og_title":"Interacciones entre especies ex\u00f3ticas invasoras y especies end\u00e9micas del Caribe - Caribaea Initiative","og_description":"Las especies ex\u00f3ticas invasoras son una gran amenaza para la biodiversidad, especialmente en entornos insulares. Nuestra capacidad para predecir, detectar y, posiblemente, prevenir la invasi\u00f3n de nuevas especies ex\u00f3ticas o, luego de su introducci\u00f3n, monitorear su impacto en los ecosistemas y las especies nativas, depende, en gran medida, de la evidencia cient\u00edfica. Nuestros proyectos combinan [&hellip;]","og_url":"https:\/\/www.caribaea.org\/en\/our-projects\/interactions-between-caribbean-endemic-and-exotic-invasive-species\/","og_site_name":"Caribaea Initiative","article_modified_time":"2020-12-23T01:09:13+00:00","og_image":[{"width":900,"height":600,"url":"https:\/\/www.caribaea.org\/wp-content\/uploads\/2020\/10\/trachemys-decorata-900x600-1.jpg","type":"image\/jpeg"}],"twitter_card":"summary_large_image","schema":{"@context":"https:\/\/schema.org","@graph":[{"@type":"WebPage","@id":"https:\/\/www.caribaea.org\/en\/our-projects\/interactions-between-caribbean-endemic-and-exotic-invasive-species\/","url":"https:\/\/www.caribaea.org\/en\/our-projects\/interactions-between-caribbean-endemic-and-exotic-invasive-species\/","name":"Interacciones entre especies ex\u00f3ticas invasoras y especies end\u00e9micas del Caribe - Caribaea Initiative","isPartOf":{"@id":"https:\/\/www.caribaea.org\/en\/#website"},"primaryImageOfPage":{"@id":"https:\/\/www.caribaea.org\/en\/our-projects\/interactions-between-caribbean-endemic-and-exotic-invasive-species\/#primaryimage"},"image":{"@id":"https:\/\/www.caribaea.org\/en\/our-projects\/interactions-between-caribbean-endemic-and-exotic-invasive-species\/#primaryimage"},"thumbnailUrl":"https:\/\/www.caribaea.org\/wp-content\/uploads\/2020\/10\/trachemys-decorata-900x600-1.jpg","datePublished":"2020-11-26T02:24:34+00:00","dateModified":"2020-12-23T01:09:13+00:00","breadcrumb":{"@id":"https:\/\/www.caribaea.org\/en\/our-projects\/interactions-between-caribbean-endemic-and-exotic-invasive-species\/#breadcrumb"},"inLanguage":"es","potentialAction":[{"@type":"ReadAction","target":["https:\/\/www.caribaea.org\/en\/our-projects\/interactions-between-caribbean-endemic-and-exotic-invasive-species\/"]}]},{"@type":"ImageObject","inLanguage":"es","@id":"https:\/\/www.caribaea.org\/en\/our-projects\/interactions-between-caribbean-endemic-and-exotic-invasive-species\/#primaryimage","url":"https:\/\/www.caribaea.org\/wp-content\/uploads\/2020\/10\/trachemys-decorata-900x600-1.jpg","contentUrl":"https:\/\/www.caribaea.org\/wp-content\/uploads\/2020\/10\/trachemys-decorata-900x600-1.jpg","width":900,"height":600,"caption":"Trachemys decorata \u00a9 Brian Gratwicke"},{"@type":"BreadcrumbList","@id":"https:\/\/www.caribaea.org\/en\/our-projects\/interactions-between-caribbean-endemic-and-exotic-invasive-species\/#breadcrumb","itemListElement":[{"@type":"ListItem","position":1,"name":"Accueil","item":"https:\/\/www.caribaea.org\/es\/"},{"@type":"ListItem","position":2,"name":"Nuestros proyectos","item":"https:\/\/www.caribaea.org\/es\/nuestros-proyectos\/"},{"@type":"ListItem","position":3,"name":"Interacciones entre especies ex\u00f3ticas invasoras y especies end\u00e9micas del Caribe"}]},{"@type":"WebSite","@id":"https:\/\/www.caribaea.org\/en\/#website","url":"https:\/\/www.caribaea.org\/en\/","name":"Caribaea Initiative","description":"","potentialAction":[{"@type":"SearchAction","target":{"@type":"EntryPoint","urlTemplate":"https:\/\/www.caribaea.org\/en\/?s={search_term_string}"},"query-input":{"@type":"PropertyValueSpecification","valueRequired":true,"valueName":"search_term_string"}}],"inLanguage":"es"}]}},"_links":{"self":[{"href":"https:\/\/www.caribaea.org\/es\/wp-json\/wp\/v2\/pages\/4203","targetHints":{"allow":["GET"]}}],"collection":[{"href":"https:\/\/www.caribaea.org\/es\/wp-json\/wp\/v2\/pages"}],"about":[{"href":"https:\/\/www.caribaea.org\/es\/wp-json\/wp\/v2\/types\/page"}],"author":[{"embeddable":true,"href":"https:\/\/www.caribaea.org\/es\/wp-json\/wp\/v2\/users\/1"}],"replies":[{"embeddable":true,"href":"https:\/\/www.caribaea.org\/es\/wp-json\/wp\/v2\/comments?post=4203"}],"version-history":[{"count":3,"href":"https:\/\/www.caribaea.org\/es\/wp-json\/wp\/v2\/pages\/4203\/revisions"}],"predecessor-version":[{"id":5266,"href":"https:\/\/www.caribaea.org\/es\/wp-json\/wp\/v2\/pages\/4203\/revisions\/5266"}],"up":[{"embeddable":true,"href":"https:\/\/www.caribaea.org\/es\/wp-json\/wp\/v2\/pages\/4181"}],"wp:featuredmedia":[{"embeddable":true,"href":"https:\/\/www.caribaea.org\/es\/wp-json\/wp\/v2\/media\/3526"}],"wp:attachment":[{"href":"https:\/\/www.caribaea.org\/es\/wp-json\/wp\/v2\/media?parent=4203"}],"curies":[{"name":"wp","href":"https:\/\/api.w.org\/{rel}","templated":true}]}}