{"id":4251,"date":"2020-11-26T05:35:15","date_gmt":"2020-11-26T04:35:15","guid":{"rendered":"https:\/\/www.caribaea.org\/?page_id=4251"},"modified":"2022-08-23T16:43:16","modified_gmt":"2022-08-23T14:43:16","slug":"caribaea-campus","status":"publish","type":"page","link":"https:\/\/www.caribaea.org\/es\/divulgacion\/caribaea-campus\/","title":{"rendered":"Caribaea Campus"},"content":{"rendered":"<div id=\"pl-4251\"  class=\"panel-layout\" ><div id=\"pg-4251-0\"  class=\"panel-grid panel-no-style\" ><div id=\"pgc-4251-0-0\"  class=\"panel-grid-cell\" ><div id=\"panel-4251-0-0-0\" class=\"so-panel widget widget_sow-editor panel-first-child panel-last-child\" data-index=\"0\" ><div\n\t\t\t\n\t\t\tclass=\"so-widget-sow-editor so-widget-sow-editor-base\"\n\t\t\t\n\t\t>\n<div class=\"siteorigin-widget-tinymce textwidget\">\n\t<p><em><strong>Caribaea Campus <\/strong><\/em>es una red apoyada por Caribaea Initiative a nivel local, particularmente en Guadalupe (Caribaea Campus Gwadloup) y Cuba (Caribaea Campus Cuba).<\/p>\n<p><img loading=\"lazy\" decoding=\"async\" class=\"aligncenter wp-image-6483 size-large\" src=\"https:\/\/www.caribaea.org\/wp-content\/uploads\/2022\/03\/Caribaea_Campus-1024x296.png\" alt=\"\" width=\"680\" height=\"197\" srcset=\"https:\/\/www.caribaea.org\/wp-content\/uploads\/2022\/03\/Caribaea_Campus-1024x296.png 1024w, https:\/\/www.caribaea.org\/wp-content\/uploads\/2022\/03\/Caribaea_Campus-300x87.png 300w, https:\/\/www.caribaea.org\/wp-content\/uploads\/2022\/03\/Caribaea_Campus-768x222.png 768w, https:\/\/www.caribaea.org\/wp-content\/uploads\/2022\/03\/Caribaea_Campus-1536x444.png 1536w, https:\/\/www.caribaea.org\/wp-content\/uploads\/2022\/03\/Caribaea_Campus-2048x591.png 2048w, https:\/\/www.caribaea.org\/wp-content\/uploads\/2022\/03\/Caribaea_Campus-958x277.png 958w\" sizes=\"auto, (max-width: 680px) 100vw, 680px\" \/><\/p>\n<p>El prop\u00f3sito de la red es sensibilizar a los estudiantes caribe\u00f1os sobre la protecci\u00f3n ambiental y la conservaci\u00f3n de la biodiversidad, ayudarles a encontrar pasant\u00edas e informarles mejor sobre las carreras disponibles en el campo de la conservaci\u00f3n. Trabajar as\u00ed a favor de la preservaci\u00f3n del patrimonio natural y la biodiversidad del Caribe insular a trav\u00e9s de la educaci\u00f3n y el desarrollo del conocimiento naturalista y cient\u00edfico, promoviendo la comunicaci\u00f3n y colaboraci\u00f3n entre j\u00f3venes universitarios caribe\u00f1os que comparten los mismos intereses.<\/p>\n<p>En Guadalupe, la asociaci\u00f3n ya cuenta con una docena de estudiantes miembros, matriculados en la Universit\u00e9 des Antilles en carreras de biolog\u00eda que van desde el primer a\u00f1o de licenciatura hasta el segundo a\u00f1o de maestr\u00eda. Estos estudiantes se beneficiar\u00e1n de diversas acciones dirigidas en particular a mejorar la difusi\u00f3n del conocimiento relacionado con la biodiversidad y el manejo de las poblaciones animales en el Caribe insular. Estas acciones se refieren a la organizaci\u00f3n de viajes, talleres y seminarios naturalistas y cient\u00edficos, asistencia a los estudiantes en su b\u00fasqueda de pasant\u00edas en ecolog\u00eda y biolog\u00eda de la conservaci\u00f3n y en el dise\u00f1o de sus proyectos cient\u00edficos o naturalistas, apoyo para su participaci\u00f3n en coloquios nacionales y regionales o congresos, o sensibilizar a los alumnos de secundaria a trav\u00e9s de foros, ferias o directamente dentro de las escuelas.<\/p>\n<p>&nbsp;<\/p>\n<p><strong><img loading=\"lazy\" decoding=\"async\" class=\"alignright wp-image-6918 size-medium\" src=\"https:\/\/www.caribaea.org\/wp-content\/uploads\/2022\/08\/Caribaea_Campus-300x225.jpg\" alt=\"\" width=\"300\" height=\"225\" srcset=\"https:\/\/www.caribaea.org\/wp-content\/uploads\/2022\/08\/Caribaea_Campus-300x225.jpg 300w, https:\/\/www.caribaea.org\/wp-content\/uploads\/2022\/08\/Caribaea_Campus-768x576.jpg 768w, https:\/\/www.caribaea.org\/wp-content\/uploads\/2022\/08\/Caribaea_Campus-800x600.jpg 800w, https:\/\/www.caribaea.org\/wp-content\/uploads\/2022\/08\/Caribaea_Campus.jpg 921w\" sizes=\"auto, (max-width: 300px) 100vw, 300px\" \/>Eventos por venir:<\/strong><\/p>\n<ul>\n<li>Presentaci\u00f3n de la investigaci\u00f3n de doctorado de Annabelle Vidal<\/li>\n<li>Presentaci\u00f3n de la investigaci\u00f3n de doctorado de Jeffey Paul Mackenzy<\/li>\n<li>Seminario de presentaci\u00f3n del proyecto MERCI sobre especies de reptiles ex\u00f3ticos invasores<\/li>\n<\/ul>\n<p>&nbsp;<\/p>\n<p><strong>Eventos pasados \u200b\u200b:<\/strong><\/p>\n<ul>\n<li>Viaje de campo de un naturalista sobre las t\u00e9cnicas de seguimiento de las aves en un bosque seco de Guadalupe (<a href=\"https:\/\/www.caribaea.org\/es\/alumnos-de-caribaea-campus-descubren-el-mundo-de-la-ornitologia\/\">lea el art\u00edculo<\/a>)<\/li>\n<li>Paseo naturalista ornitol\u00f3gico en la selva tropical con la observaci\u00f3n del \u00fanico ave end\u00e9mica de Guadelupe<\/li>\n<li>Participaci\u00f3n en la encuesta de trampas de foto y audio como parte de un proyecto de investigaci\u00f3n (<a href=\"https:\/\/www.caribaea.org\/es\/proyecto-prospoverg-un-seguimiento-meticuloso-de-aves-y-mamiferos-en-guadalupe\/\">lea el art\u00edculo<\/a>)<\/li>\n<\/ul>\n<\/div>\n<\/div><\/div><\/div><\/div><\/div>","protected":false},"excerpt":{"rendered":"<p>Caribaea Campus es una red apoyada por Caribaea Initiative a nivel local, particularmente en Guadalupe (Caribaea Campus Gwadloup) y Cuba (Caribaea Campus Cuba). El prop\u00f3sito de la red es sensibilizar a los estudiantes caribe\u00f1os sobre la protecci\u00f3n ambiental y la conservaci\u00f3n de la biodiversidad, ayudarles a encontrar pasant\u00edas e informarles mejor sobre las carreras disponibles [&hellip;]<\/p>\n","protected":false},"author":1,"featured_media":0,"parent":5218,"menu_order":2,"comment_status":"closed","ping_status":"closed","template":"","meta":{"footnotes":""},"class_list":["post-4251","page","type-page","status-publish","hentry"],"yoast_head":"<!-- This site is optimized with the Yoast SEO plugin v26.6 - https:\/\/yoast.com\/wordpress\/plugins\/seo\/ -->\n<title>Caribaea Campus - Caribaea Initiative<\/title>\n<meta name=\"robots\" content=\"index, follow, max-snippet:-1, max-image-preview:large, max-video-preview:-1\" \/>\n<link rel=\"canonical\" href=\"https:\/\/www.caribaea.org\/en\/outreach\/caribaea-campus\/\" \/>\n<meta property=\"og:locale\" content=\"es_ES\" \/>\n<meta property=\"og:type\" content=\"article\" \/>\n<meta property=\"og:title\" content=\"Caribaea Campus - Caribaea Initiative\" \/>\n<meta property=\"og:description\" content=\"Caribaea Campus es una red apoyada por Caribaea Initiative a nivel local, particularmente en Guadalupe (Caribaea Campus Gwadloup) y Cuba (Caribaea Campus Cuba). El prop\u00f3sito de la red es sensibilizar a los estudiantes caribe\u00f1os sobre la protecci\u00f3n ambiental y la conservaci\u00f3n de la biodiversidad, ayudarles a encontrar pasant\u00edas e informarles mejor sobre las carreras disponibles [&hellip;]\" \/>\n<meta property=\"og:url\" content=\"https:\/\/www.caribaea.org\/en\/outreach\/caribaea-campus\/\" \/>\n<meta property=\"og:site_name\" content=\"Caribaea Initiative\" \/>\n<meta property=\"article:modified_time\" content=\"2022-08-23T14:43:16+00:00\" \/>\n<meta property=\"og:image\" content=\"https:\/\/www.caribaea.org\/wp-content\/uploads\/2022\/03\/Caribaea_Campus.png\" \/>\n\t<meta property=\"og:image:width\" content=\"6192\" \/>\n\t<meta property=\"og:image:height\" content=\"1788\" \/>\n\t<meta property=\"og:image:type\" content=\"image\/png\" \/>\n<meta name=\"twitter:card\" content=\"summary_large_image\" \/>\n<meta name=\"twitter:label1\" content=\"Tiempo de lectura\" \/>\n\t<meta name=\"twitter:data1\" content=\"2 minutos\" \/>\n<script type=\"application\/ld+json\" class=\"yoast-schema-graph\">{\"@context\":\"https:\/\/schema.org\",\"@graph\":[{\"@type\":\"WebPage\",\"@id\":\"https:\/\/www.caribaea.org\/en\/outreach\/caribaea-campus\/\",\"url\":\"https:\/\/www.caribaea.org\/en\/outreach\/caribaea-campus\/\",\"name\":\"Caribaea Campus - Caribaea Initiative\",\"isPartOf\":{\"@id\":\"https:\/\/www.caribaea.org\/en\/#website\"},\"primaryImageOfPage\":{\"@id\":\"https:\/\/www.caribaea.org\/en\/outreach\/caribaea-campus\/#primaryimage\"},\"image\":{\"@id\":\"https:\/\/www.caribaea.org\/en\/outreach\/caribaea-campus\/#primaryimage\"},\"thumbnailUrl\":\"https:\/\/www.caribaea.org\/wp-content\/uploads\/2022\/03\/Caribaea_Campus-1024x296.png\",\"datePublished\":\"2020-11-26T04:35:15+00:00\",\"dateModified\":\"2022-08-23T14:43:16+00:00\",\"breadcrumb\":{\"@id\":\"https:\/\/www.caribaea.org\/en\/outreach\/caribaea-campus\/#breadcrumb\"},\"inLanguage\":\"es\",\"potentialAction\":[{\"@type\":\"ReadAction\",\"target\":[\"https:\/\/www.caribaea.org\/en\/outreach\/caribaea-campus\/\"]}]},{\"@type\":\"ImageObject\",\"inLanguage\":\"es\",\"@id\":\"https:\/\/www.caribaea.org\/en\/outreach\/caribaea-campus\/#primaryimage\",\"url\":\"https:\/\/www.caribaea.org\/wp-content\/uploads\/2022\/03\/Caribaea_Campus-1024x296.png\",\"contentUrl\":\"https:\/\/www.caribaea.org\/wp-content\/uploads\/2022\/03\/Caribaea_Campus-1024x296.png\"},{\"@type\":\"BreadcrumbList\",\"@id\":\"https:\/\/www.caribaea.org\/en\/outreach\/caribaea-campus\/#breadcrumb\",\"itemListElement\":[{\"@type\":\"ListItem\",\"position\":1,\"name\":\"Accueil\",\"item\":\"https:\/\/www.caribaea.org\/es\/\"},{\"@type\":\"ListItem\",\"position\":2,\"name\":\"Divulgaci\u00f3n\",\"item\":\"https:\/\/www.caribaea.org\/en\/outreach\/\"},{\"@type\":\"ListItem\",\"position\":3,\"name\":\"Caribaea Campus\"}]},{\"@type\":\"WebSite\",\"@id\":\"https:\/\/www.caribaea.org\/en\/#website\",\"url\":\"https:\/\/www.caribaea.org\/en\/\",\"name\":\"Caribaea Initiative\",\"description\":\"\",\"potentialAction\":[{\"@type\":\"SearchAction\",\"target\":{\"@type\":\"EntryPoint\",\"urlTemplate\":\"https:\/\/www.caribaea.org\/en\/?s={search_term_string}\"},\"query-input\":{\"@type\":\"PropertyValueSpecification\",\"valueRequired\":true,\"valueName\":\"search_term_string\"}}],\"inLanguage\":\"es\"}]}<\/script>\n<!-- \/ Yoast SEO plugin. -->","yoast_head_json":{"title":"Caribaea Campus - Caribaea Initiative","robots":{"index":"index","follow":"follow","max-snippet":"max-snippet:-1","max-image-preview":"max-image-preview:large","max-video-preview":"max-video-preview:-1"},"canonical":"https:\/\/www.caribaea.org\/en\/outreach\/caribaea-campus\/","og_locale":"es_ES","og_type":"article","og_title":"Caribaea Campus - Caribaea Initiative","og_description":"Caribaea Campus es una red apoyada por Caribaea Initiative a nivel local, particularmente en Guadalupe (Caribaea Campus Gwadloup) y Cuba (Caribaea Campus Cuba). El prop\u00f3sito de la red es sensibilizar a los estudiantes caribe\u00f1os sobre la protecci\u00f3n ambiental y la conservaci\u00f3n de la biodiversidad, ayudarles a encontrar pasant\u00edas e informarles mejor sobre las carreras disponibles [&hellip;]","og_url":"https:\/\/www.caribaea.org\/en\/outreach\/caribaea-campus\/","og_site_name":"Caribaea Initiative","article_modified_time":"2022-08-23T14:43:16+00:00","og_image":[{"width":6192,"height":1788,"url":"https:\/\/www.caribaea.org\/wp-content\/uploads\/2022\/03\/Caribaea_Campus.png","type":"image\/png"}],"twitter_card":"summary_large_image","twitter_misc":{"Tiempo de lectura":"2 minutos"},"schema":{"@context":"https:\/\/schema.org","@graph":[{"@type":"WebPage","@id":"https:\/\/www.caribaea.org\/en\/outreach\/caribaea-campus\/","url":"https:\/\/www.caribaea.org\/en\/outreach\/caribaea-campus\/","name":"Caribaea Campus - Caribaea Initiative","isPartOf":{"@id":"https:\/\/www.caribaea.org\/en\/#website"},"primaryImageOfPage":{"@id":"https:\/\/www.caribaea.org\/en\/outreach\/caribaea-campus\/#primaryimage"},"image":{"@id":"https:\/\/www.caribaea.org\/en\/outreach\/caribaea-campus\/#primaryimage"},"thumbnailUrl":"https:\/\/www.caribaea.org\/wp-content\/uploads\/2022\/03\/Caribaea_Campus-1024x296.png","datePublished":"2020-11-26T04:35:15+00:00","dateModified":"2022-08-23T14:43:16+00:00","breadcrumb":{"@id":"https:\/\/www.caribaea.org\/en\/outreach\/caribaea-campus\/#breadcrumb"},"inLanguage":"es","potentialAction":[{"@type":"ReadAction","target":["https:\/\/www.caribaea.org\/en\/outreach\/caribaea-campus\/"]}]},{"@type":"ImageObject","inLanguage":"es","@id":"https:\/\/www.caribaea.org\/en\/outreach\/caribaea-campus\/#primaryimage","url":"https:\/\/www.caribaea.org\/wp-content\/uploads\/2022\/03\/Caribaea_Campus-1024x296.png","contentUrl":"https:\/\/www.caribaea.org\/wp-content\/uploads\/2022\/03\/Caribaea_Campus-1024x296.png"},{"@type":"BreadcrumbList","@id":"https:\/\/www.caribaea.org\/en\/outreach\/caribaea-campus\/#breadcrumb","itemListElement":[{"@type":"ListItem","position":1,"name":"Accueil","item":"https:\/\/www.caribaea.org\/es\/"},{"@type":"ListItem","position":2,"name":"Divulgaci\u00f3n","item":"https:\/\/www.caribaea.org\/en\/outreach\/"},{"@type":"ListItem","position":3,"name":"Caribaea Campus"}]},{"@type":"WebSite","@id":"https:\/\/www.caribaea.org\/en\/#website","url":"https:\/\/www.caribaea.org\/en\/","name":"Caribaea Initiative","description":"","potentialAction":[{"@type":"SearchAction","target":{"@type":"EntryPoint","urlTemplate":"https:\/\/www.caribaea.org\/en\/?s={search_term_string}"},"query-input":{"@type":"PropertyValueSpecification","valueRequired":true,"valueName":"search_term_string"}}],"inLanguage":"es"}]}},"_links":{"self":[{"href":"https:\/\/www.caribaea.org\/es\/wp-json\/wp\/v2\/pages\/4251","targetHints":{"allow":["GET"]}}],"collection":[{"href":"https:\/\/www.caribaea.org\/es\/wp-json\/wp\/v2\/pages"}],"about":[{"href":"https:\/\/www.caribaea.org\/es\/wp-json\/wp\/v2\/types\/page"}],"author":[{"embeddable":true,"href":"https:\/\/www.caribaea.org\/es\/wp-json\/wp\/v2\/users\/1"}],"replies":[{"embeddable":true,"href":"https:\/\/www.caribaea.org\/es\/wp-json\/wp\/v2\/comments?post=4251"}],"version-history":[{"count":3,"href":"https:\/\/www.caribaea.org\/es\/wp-json\/wp\/v2\/pages\/4251\/revisions"}],"predecessor-version":[{"id":6921,"href":"https:\/\/www.caribaea.org\/es\/wp-json\/wp\/v2\/pages\/4251\/revisions\/6921"}],"up":[{"embeddable":true,"href":"https:\/\/www.caribaea.org\/es\/wp-json\/wp\/v2\/pages\/5218"}],"wp:attachment":[{"href":"https:\/\/www.caribaea.org\/es\/wp-json\/wp\/v2\/media?parent=4251"}],"curies":[{"name":"wp","href":"https:\/\/api.w.org\/{rel}","templated":true}]}}