{"id":4255,"date":"2020-11-26T05:36:35","date_gmt":"2020-11-26T04:36:35","guid":{"rendered":"https:\/\/www.caribaea.org\/?page_id=4255"},"modified":"2026-03-18T15:06:22","modified_gmt":"2026-03-18T14:06:22","slug":"conferencias","status":"publish","type":"page","link":"https:\/\/www.caribaea.org\/es\/divulgacion\/conferencias\/","title":{"rendered":"Conferencias"},"content":{"rendered":"<div id=\"pl-4255\"  class=\"panel-layout\" ><div id=\"pg-4255-0\"  class=\"panel-grid panel-no-style\" ><div id=\"pgc-4255-0-0\"  class=\"panel-grid-cell\" ><div id=\"panel-4255-0-0-0\" class=\"so-panel widget widget_sow-editor panel-first-child panel-last-child\" data-index=\"0\" ><div\n\t\t\t\n\t\t\tclass=\"so-widget-sow-editor so-widget-sow-editor-base\"\n\t\t\t\n\t\t>\n<div class=\"siteorigin-widget-tinymce textwidget\">\n\t<p class=\"lead\">Desde 2016, organizamos <strong>conferencias internacionales<\/strong> que permiten reunir a estudiantes, investigadores y gestores que trabajan con la <strong>fauna del Caribe insular<\/strong>.<\/p>\n<p>En los a\u00f1os impares, nuestra \u201c<strong>Caribaea Initiative Research &amp; Conservation Conference<\/strong>\u201d re\u00fane a investigadores y conservacionistas enfocados en el estudio, protecci\u00f3n y gesti\u00f3n de la vida silvestre del Caribe. Esta reuni\u00f3n, \u00fanica en el Caribe, es reconocida como un foro para discutir y compartir una visi\u00f3n sobre <strong>la preservaci\u00f3n de la biodiversidad animal en el Caribe<\/strong> mientras se fortalece la capacidad de la experiencia local. El programa cient\u00edfico incluye sesiones sobre diversos aspectos del <strong>estudio y la conservaci\u00f3n de la fauna caribe\u00f1a<\/strong> y mini-simposios sobre temas espec\u00edficos. Adem\u00e1s, se otorga el premio Dawn AT Phillip a la mejor presentaci\u00f3n estudiantil. Ganadores de a\u00f1os anteriores: Rachel Batista-Alvarez (2018), Christopher Cambrone (2019) y Carla Ivette Rivera-P\u00e9rez (2025).<\/p>\n<p>En los a\u00f1os pares, nuestro \u201c<strong>Caribaea Initiative Training and Reinforcement Workshop<\/strong>\u201d se centra en desarrollar habilidades fundamentales y t\u00e9cnicas en conservaci\u00f3n, abordando en particular <strong>los avances te\u00f3ricos y metodol\u00f3gicos recientes<\/strong>. Este evento est\u00e1 particularmente destinado a estudiantes caribe\u00f1os de posgrado y posdoctorado, as\u00ed como a investigadores caribe\u00f1os en sus primeros a\u00f1os de carrera. Durante el taller, tambi\u00e9n presentamos el \"Premio al Mejor P\u00f3ster.\" Ganadores de a\u00f1os anteriores: Sergio del Castillo (2024).<\/p>\n<\/div>\n<\/div><\/div><\/div><\/div><div id=\"pg-4255-1\"  class=\"panel-grid panel-has-style\" ><div class=\"siteorigin-panels-stretch panel-row-style panel-row-style-for-4255-1\" data-stretch-type=\"full\" ><div id=\"pgc-4255-1-0\"  class=\"panel-grid-cell\" ><div id=\"panel-4255-1-0-0\" class=\"so-panel widget widget_sow-editor panel-first-child\" data-index=\"1\" ><div class=\"panel-widget-style panel-widget-style-for-4255-1-0-0\" ><div\n\t\t\t\n\t\t\tclass=\"so-widget-sow-editor so-widget-sow-editor-base\"\n\t\t\t\n\t\t><h3 class=\"widget-title\">Pr\u00f3ximos eventos<\/h3>\n<div class=\"siteorigin-widget-tinymce textwidget\">\n\t<\/div>\n<\/div><\/div><\/div><div id=\"panel-4255-1-0-1\" class=\"so-panel widget widget_sow-editor\" data-index=\"2\" ><div class=\"panel-widget-style panel-widget-style-for-4255-1-0-1\" ><div\n\t\t\t\n\t\t\tclass=\"so-widget-sow-editor so-widget-sow-editor-base\"\n\t\t\t\n\t\t>\n<div class=\"siteorigin-widget-tinymce textwidget\">\n\t<p data-start=\"46\" data-end=\"177\"><a href=\"https:\/\/www.caribaea.org\/es\/divulgacion\/conferencias\/cissw-2026\/\"><img loading=\"lazy\" decoding=\"async\" class=\"aligncenter wp-image-13053\" src=\"https:\/\/www.caribaea.org\/wp-content\/uploads\/2026\/03\/Visuel_03_symposium_2026_new_dates_red.jpg\" alt=\"\" width=\"800\" height=\"242\" srcset=\"https:\/\/www.caribaea.org\/wp-content\/uploads\/2026\/03\/Visuel_03_symposium_2026_new_dates_red.jpg 1000w, https:\/\/www.caribaea.org\/wp-content\/uploads\/2026\/03\/Visuel_03_symposium_2026_new_dates_red-300x91.jpg 300w, https:\/\/www.caribaea.org\/wp-content\/uploads\/2026\/03\/Visuel_03_symposium_2026_new_dates_red-768x233.jpg 768w, https:\/\/www.caribaea.org\/wp-content\/uploads\/2026\/03\/Visuel_03_symposium_2026_new_dates_red-958x290.jpg 958w\" sizes=\"auto, (max-width: 800px) 100vw, 800px\" \/><\/a><\/p>\n<p data-start=\"46\" data-end=\"177\"><strong data-start=\"46\" data-end=\"175\">Simposio especial y taller de formaci\u00f3n sobre el estudio y la gesti\u00f3n de especies de vertebrados terrestres invasores en el Caribe insular<\/strong><\/p>\n<p data-start=\"179\" data-end=\"207\"><em>Guadalupe - 22-24 de septiembre de 2026<\/em><\/p>\n<p>Un evento cient\u00edfico que reunir\u00e1 a investigadores y gestores de \u00e1reas protegidas para abordar los desaf\u00edos relacionados con los vertebrados terrestres invasores en el Caribe. El programa incluir\u00e1 presentaciones cient\u00edficas, talleres t\u00e9cnicos y espacios de intercambio sobre herramientas, m\u00e9todos y estrategias de gesti\u00f3n.<\/p>\n<\/div>\n<\/div><\/div><\/div><div id=\"panel-4255-1-0-2\" class=\"so-panel widget widget_sow-button panel-last-child\" data-index=\"3\" ><div\n\t\t\t\n\t\t\tclass=\"so-widget-sow-button so-widget-sow-button-atom-776afaa73709-4255\"\n\t\t\t\n\t\t><div class=\"ow-button-base ow-button-align-center\"\n>\n\t\t\t<a\n\t\t\t\t\thref=\"https:\/\/www.caribaea.org\/es\/divulgacion\/conferencias\/cissw-2026\/\"\n\t\t\t\t\tclass=\"sowb-button ow-icon-placement-left ow-button-hover\" \t>\n\t\t<span>\n\t\t\t\n\t\t\tM\u00c1S INFORMACI\u00d3N\t\t<\/span>\n\t\t\t<\/a>\n\t<\/div>\n<\/div><\/div><\/div><\/div><\/div><div id=\"pg-4255-2\"  class=\"panel-grid panel-has-style\" ><div class=\"siteorigin-panels-stretch panel-row-style panel-row-style-for-4255-2\" data-stretch-type=\"full\" ><div id=\"pgc-4255-2-0\"  class=\"panel-grid-cell\" ><div id=\"panel-4255-2-0-0\" class=\"so-panel widget widget_sow-editor panel-first-child\" data-index=\"4\" ><div class=\"panel-widget-style panel-widget-style-for-4255-2-0-0\" ><div\n\t\t\t\n\t\t\tclass=\"so-widget-sow-editor so-widget-sow-editor-base\"\n\t\t\t\n\t\t><h3 class=\"widget-title\">Eventos pasados<\/h3>\n<div class=\"siteorigin-widget-tinymce textwidget\">\n\t<\/div>\n<\/div><\/div><\/div><div id=\"panel-4255-2-0-1\" class=\"so-panel widget widget_sow-editor\" data-index=\"5\" ><div class=\"panel-widget-style panel-widget-style-for-4255-2-0-1\" ><div\n\t\t\t\n\t\t\tclass=\"so-widget-sow-editor so-widget-sow-editor-base\"\n\t\t\t\n\t\t>\n<div class=\"siteorigin-widget-tinymce textwidget\">\n\t<p><strong>5\u00aa Caribaea Initiative Research &amp; Conservation Conference<\/strong><br \/>\nHotel Karibea Sainte-Luce, Martinica \/\/ 10 - 12 de junio de 2025<\/p>\n<p><a href=\"https:\/\/www.caribaea.org\/es\/divulgacion\/conferencias\/conferencia-2025\/\">&gt;&gt; M\u00e1s informaci\u00f3n<\/a><\/p>\n<\/div>\n<\/div><\/div><\/div><div id=\"panel-4255-2-0-2\" class=\"so-panel widget widget_sow-editor\" data-index=\"6\" ><div class=\"panel-widget-style panel-widget-style-for-4255-2-0-2\" ><div\n\t\t\t\n\t\t\tclass=\"so-widget-sow-editor so-widget-sow-editor-base\"\n\t\t\t\n\t\t>\n<div class=\"siteorigin-widget-tinymce textwidget\">\n\t<p><strong>2024 Caribaea Initiative Training and Reinforcement Workshop<\/strong><br \/>\nH\u00f4tel Zenitude Le Salako, Guadalupe \/\/ 03 - 06 de junio de 2024<\/p>\n<p><a href=\"https:\/\/www.caribaea.org\/es\/divulgacion\/conferencias\/workshop2024\/\">&gt;&gt; M\u00e1s informaci\u00f3n<\/a><\/p>\n<\/div>\n<\/div><\/div><\/div><div id=\"panel-4255-2-0-3\" class=\"so-panel widget widget_sow-editor\" data-index=\"7\" ><div class=\"panel-widget-style panel-widget-style-for-4255-2-0-3\" ><div\n\t\t\t\n\t\t\tclass=\"so-widget-sow-editor so-widget-sow-editor-base\"\n\t\t\t\n\t\t>\n<div class=\"siteorigin-widget-tinymce textwidget\">\n\t<p><strong>4<sup>ta<\/sup> Conferencia de Investigaci\u00f3n y Conservaci\u00f3n de Caribaea Initiative<\/strong><br \/>\nCrowne Plaza, Rep\u00fablica Dominicana \/\/ 15-17 de mayo de 2019<br \/>\nOrganizada en colaboraci\u00f3n con la Escuela de Biolog\u00eda de la Universidad Aut\u00f3noma de Santo Domingo (UASD)<\/p>\n<\/div>\n<\/div><\/div><\/div><div id=\"panel-4255-2-0-4\" class=\"so-panel widget widget_sow-editor\" data-index=\"8\" ><div class=\"panel-widget-style panel-widget-style-for-4255-2-0-4\" ><div\n\t\t\t\n\t\t\tclass=\"so-widget-sow-editor so-widget-sow-editor-base\"\n\t\t\t\n\t\t>\n<div class=\"siteorigin-widget-tinymce textwidget\">\n\t<p><strong>3<sup>er<\/sup> Taller de Investigaci\u00f3n y Conservaci\u00f3n de Caribaea Initiative<\/strong><br \/>\nCreole Beach Hotel, Guadalupe \/\/ 28 de mayo - 01 de junio de 2018<br \/>\nOrganizado en colaboraci\u00f3n con la Universidad de las Antillas<\/p>\n<\/div>\n<\/div><\/div><\/div><div id=\"panel-4255-2-0-5\" class=\"so-panel widget widget_sow-editor\" data-index=\"9\" ><div class=\"panel-widget-style panel-widget-style-for-4255-2-0-5\" ><div\n\t\t\t\n\t\t\tclass=\"so-widget-sow-editor so-widget-sow-editor-base\"\n\t\t\t\n\t\t>\n<div class=\"siteorigin-widget-tinymce textwidget\">\n\t<p><strong>2<sup>do<\/sup> Taller de Investigaci\u00f3n y Conservaci\u00f3n de Caribaea Initiative <\/strong><br \/>\nMarriott St Kitts Resort, Saint-Kitts \/\/ 31 de mayo - 4 de junio de 2017<br \/>\nCoorganizado con la Facultad de Medicina Veterinaria de la Universidad de Ross<\/p>\n<\/div>\n<\/div><\/div><\/div><div id=\"panel-4255-2-0-6\" class=\"so-panel widget widget_sow-editor panel-last-child\" data-index=\"10\" ><div class=\"panel-widget-style panel-widget-style-for-4255-2-0-6\" ><div\n\t\t\t\n\t\t\tclass=\"so-widget-sow-editor so-widget-sow-editor-base\"\n\t\t\t\n\t\t>\n<div class=\"siteorigin-widget-tinymce textwidget\">\n\t<p><strong>1<sup>er<\/sup> Taller de Investigaci\u00f3n y Conservaci\u00f3n de Caribaea Initiative<\/strong><br \/>\nCentre International de S\u00e9jour, Martinica \/\/ 22-24 de marzo de 2016<\/p>\n<\/div>\n<\/div><\/div><\/div><\/div><\/div><\/div><\/div>","protected":false},"excerpt":{"rendered":"<p>Desde 2016, organizamos conferencias internacionales que permiten reunir a estudiantes, investigadores y gestores que trabajan con la fauna del Caribe insular. En los a\u00f1os impares, nuestra \u201cCaribaea Initiative Research &amp; Conservation Conference\u201d re\u00fane a investigadores y conservacionistas enfocados en el estudio, protecci\u00f3n y gesti\u00f3n de la vida silvestre del Caribe. Esta reuni\u00f3n, \u00fanica en el [&hellip;]<\/p>\n","protected":false},"author":1,"featured_media":0,"parent":5218,"menu_order":1,"comment_status":"closed","ping_status":"closed","template":"","meta":{"footnotes":""},"class_list":["post-4255","page","type-page","status-publish","hentry"],"yoast_head":"<!-- This site is optimized with the Yoast SEO plugin v26.6 - https:\/\/yoast.com\/wordpress\/plugins\/seo\/ -->\n<title>Conferencias - Caribaea Initiative<\/title>\n<meta name=\"robots\" content=\"index, follow, max-snippet:-1, max-image-preview:large, max-video-preview:-1\" \/>\n<link rel=\"canonical\" href=\"https:\/\/www.caribaea.org\/es\/divulgacion\/conferencias\/\" \/>\n<meta property=\"og:locale\" content=\"es_ES\" \/>\n<meta property=\"og:type\" content=\"article\" \/>\n<meta property=\"og:title\" content=\"Conferencias - Caribaea Initiative\" \/>\n<meta property=\"og:description\" content=\"Desde 2016, organizamos conferencias internacionales que permiten reunir a estudiantes, investigadores y gestores que trabajan con la fauna del Caribe insular. En los a\u00f1os impares, nuestra \u201cCaribaea Initiative Research &amp; Conservation Conference\u201d re\u00fane a investigadores y conservacionistas enfocados en el estudio, protecci\u00f3n y gesti\u00f3n de la vida silvestre del Caribe. Esta reuni\u00f3n, \u00fanica en el [&hellip;]\" \/>\n<meta property=\"og:url\" content=\"https:\/\/www.caribaea.org\/es\/divulgacion\/conferencias\/\" \/>\n<meta property=\"og:site_name\" content=\"Caribaea Initiative\" \/>\n<meta property=\"article:modified_time\" content=\"2026-03-18T14:06:22+00:00\" \/>\n<meta property=\"og:image\" content=\"https:\/\/www.caribaea.org\/wp-content\/uploads\/2026\/03\/Visuel_03_symposium_2026_new_dates_red.jpg\" \/>\n\t<meta property=\"og:image:width\" content=\"1000\" \/>\n\t<meta property=\"og:image:height\" content=\"303\" \/>\n\t<meta property=\"og:image:type\" content=\"image\/jpeg\" \/>\n<meta name=\"twitter:card\" content=\"summary_large_image\" \/>\n<meta name=\"twitter:label1\" content=\"Tiempo de lectura\" \/>\n\t<meta name=\"twitter:data1\" content=\"3 minutos\" \/>\n<script type=\"application\/ld+json\" class=\"yoast-schema-graph\">{\"@context\":\"https:\/\/schema.org\",\"@graph\":[{\"@type\":\"WebPage\",\"@id\":\"https:\/\/www.caribaea.org\/es\/divulgacion\/conferencias\/\",\"url\":\"https:\/\/www.caribaea.org\/es\/divulgacion\/conferencias\/\",\"name\":\"Conferencias - Caribaea Initiative\",\"isPartOf\":{\"@id\":\"https:\/\/www.caribaea.org\/en\/#website\"},\"primaryImageOfPage\":{\"@id\":\"https:\/\/www.caribaea.org\/es\/divulgacion\/conferencias\/#primaryimage\"},\"image\":{\"@id\":\"https:\/\/www.caribaea.org\/es\/divulgacion\/conferencias\/#primaryimage\"},\"thumbnailUrl\":\"https:\/\/www.caribaea.org\/wp-content\/uploads\/2026\/03\/Visuel_03_symposium_2026_new_dates_red.jpg\",\"datePublished\":\"2020-11-26T04:36:35+00:00\",\"dateModified\":\"2026-03-18T14:06:22+00:00\",\"breadcrumb\":{\"@id\":\"https:\/\/www.caribaea.org\/es\/divulgacion\/conferencias\/#breadcrumb\"},\"inLanguage\":\"es\",\"potentialAction\":[{\"@type\":\"ReadAction\",\"target\":[\"https:\/\/www.caribaea.org\/es\/divulgacion\/conferencias\/\"]}]},{\"@type\":\"ImageObject\",\"inLanguage\":\"es\",\"@id\":\"https:\/\/www.caribaea.org\/es\/divulgacion\/conferencias\/#primaryimage\",\"url\":\"https:\/\/www.caribaea.org\/wp-content\/uploads\/2026\/03\/Visuel_03_symposium_2026_new_dates_red.jpg\",\"contentUrl\":\"https:\/\/www.caribaea.org\/wp-content\/uploads\/2026\/03\/Visuel_03_symposium_2026_new_dates_red.jpg\"},{\"@type\":\"BreadcrumbList\",\"@id\":\"https:\/\/www.caribaea.org\/es\/divulgacion\/conferencias\/#breadcrumb\",\"itemListElement\":[{\"@type\":\"ListItem\",\"position\":1,\"name\":\"Accueil\",\"item\":\"https:\/\/www.caribaea.org\/es\/\"},{\"@type\":\"ListItem\",\"position\":2,\"name\":\"Divulgaci\u00f3n\",\"item\":\"https:\/\/www.caribaea.org\/en\/outreach\/\"},{\"@type\":\"ListItem\",\"position\":3,\"name\":\"Conferencias\"}]},{\"@type\":\"WebSite\",\"@id\":\"https:\/\/www.caribaea.org\/en\/#website\",\"url\":\"https:\/\/www.caribaea.org\/en\/\",\"name\":\"Caribaea Initiative\",\"description\":\"\",\"potentialAction\":[{\"@type\":\"SearchAction\",\"target\":{\"@type\":\"EntryPoint\",\"urlTemplate\":\"https:\/\/www.caribaea.org\/en\/?s={search_term_string}\"},\"query-input\":{\"@type\":\"PropertyValueSpecification\",\"valueRequired\":true,\"valueName\":\"search_term_string\"}}],\"inLanguage\":\"es\"}]}<\/script>\n<!-- \/ Yoast SEO plugin. -->","yoast_head_json":{"title":"Conferencias - Caribaea Initiative","robots":{"index":"index","follow":"follow","max-snippet":"max-snippet:-1","max-image-preview":"max-image-preview:large","max-video-preview":"max-video-preview:-1"},"canonical":"https:\/\/www.caribaea.org\/es\/divulgacion\/conferencias\/","og_locale":"es_ES","og_type":"article","og_title":"Conferencias - Caribaea Initiative","og_description":"Desde 2016, organizamos conferencias internacionales que permiten reunir a estudiantes, investigadores y gestores que trabajan con la fauna del Caribe insular. En los a\u00f1os impares, nuestra \u201cCaribaea Initiative Research &amp; Conservation Conference\u201d re\u00fane a investigadores y conservacionistas enfocados en el estudio, protecci\u00f3n y gesti\u00f3n de la vida silvestre del Caribe. Esta reuni\u00f3n, \u00fanica en el [&hellip;]","og_url":"https:\/\/www.caribaea.org\/es\/divulgacion\/conferencias\/","og_site_name":"Caribaea Initiative","article_modified_time":"2026-03-18T14:06:22+00:00","og_image":[{"width":1000,"height":303,"url":"https:\/\/www.caribaea.org\/wp-content\/uploads\/2026\/03\/Visuel_03_symposium_2026_new_dates_red.jpg","type":"image\/jpeg"}],"twitter_card":"summary_large_image","twitter_misc":{"Tiempo de lectura":"3 minutos"},"schema":{"@context":"https:\/\/schema.org","@graph":[{"@type":"WebPage","@id":"https:\/\/www.caribaea.org\/es\/divulgacion\/conferencias\/","url":"https:\/\/www.caribaea.org\/es\/divulgacion\/conferencias\/","name":"Conferencias - Caribaea Initiative","isPartOf":{"@id":"https:\/\/www.caribaea.org\/en\/#website"},"primaryImageOfPage":{"@id":"https:\/\/www.caribaea.org\/es\/divulgacion\/conferencias\/#primaryimage"},"image":{"@id":"https:\/\/www.caribaea.org\/es\/divulgacion\/conferencias\/#primaryimage"},"thumbnailUrl":"https:\/\/www.caribaea.org\/wp-content\/uploads\/2026\/03\/Visuel_03_symposium_2026_new_dates_red.jpg","datePublished":"2020-11-26T04:36:35+00:00","dateModified":"2026-03-18T14:06:22+00:00","breadcrumb":{"@id":"https:\/\/www.caribaea.org\/es\/divulgacion\/conferencias\/#breadcrumb"},"inLanguage":"es","potentialAction":[{"@type":"ReadAction","target":["https:\/\/www.caribaea.org\/es\/divulgacion\/conferencias\/"]}]},{"@type":"ImageObject","inLanguage":"es","@id":"https:\/\/www.caribaea.org\/es\/divulgacion\/conferencias\/#primaryimage","url":"https:\/\/www.caribaea.org\/wp-content\/uploads\/2026\/03\/Visuel_03_symposium_2026_new_dates_red.jpg","contentUrl":"https:\/\/www.caribaea.org\/wp-content\/uploads\/2026\/03\/Visuel_03_symposium_2026_new_dates_red.jpg"},{"@type":"BreadcrumbList","@id":"https:\/\/www.caribaea.org\/es\/divulgacion\/conferencias\/#breadcrumb","itemListElement":[{"@type":"ListItem","position":1,"name":"Accueil","item":"https:\/\/www.caribaea.org\/es\/"},{"@type":"ListItem","position":2,"name":"Divulgaci\u00f3n","item":"https:\/\/www.caribaea.org\/en\/outreach\/"},{"@type":"ListItem","position":3,"name":"Conferencias"}]},{"@type":"WebSite","@id":"https:\/\/www.caribaea.org\/en\/#website","url":"https:\/\/www.caribaea.org\/en\/","name":"Caribaea Initiative","description":"","potentialAction":[{"@type":"SearchAction","target":{"@type":"EntryPoint","urlTemplate":"https:\/\/www.caribaea.org\/en\/?s={search_term_string}"},"query-input":{"@type":"PropertyValueSpecification","valueRequired":true,"valueName":"search_term_string"}}],"inLanguage":"es"}]}},"_links":{"self":[{"href":"https:\/\/www.caribaea.org\/es\/wp-json\/wp\/v2\/pages\/4255","targetHints":{"allow":["GET"]}}],"collection":[{"href":"https:\/\/www.caribaea.org\/es\/wp-json\/wp\/v2\/pages"}],"about":[{"href":"https:\/\/www.caribaea.org\/es\/wp-json\/wp\/v2\/types\/page"}],"author":[{"embeddable":true,"href":"https:\/\/www.caribaea.org\/es\/wp-json\/wp\/v2\/users\/1"}],"replies":[{"embeddable":true,"href":"https:\/\/www.caribaea.org\/es\/wp-json\/wp\/v2\/comments?post=4255"}],"version-history":[{"count":3,"href":"https:\/\/www.caribaea.org\/es\/wp-json\/wp\/v2\/pages\/4255\/revisions"}],"predecessor-version":[{"id":13056,"href":"https:\/\/www.caribaea.org\/es\/wp-json\/wp\/v2\/pages\/4255\/revisions\/13056"}],"up":[{"embeddable":true,"href":"https:\/\/www.caribaea.org\/es\/wp-json\/wp\/v2\/pages\/5218"}],"wp:attachment":[{"href":"https:\/\/www.caribaea.org\/es\/wp-json\/wp\/v2\/media?parent=4255"}],"curies":[{"name":"wp","href":"https:\/\/api.w.org\/{rel}","templated":true}]}}