{"id":4258,"date":"2020-11-26T05:37:53","date_gmt":"2020-11-26T04:37:53","guid":{"rendered":"https:\/\/www.caribaea.org\/?page_id=4258"},"modified":"2025-05-20T10:18:32","modified_gmt":"2025-05-20T08:18:32","slug":"contacto","status":"publish","type":"page","link":"https:\/\/www.caribaea.org\/es\/quienes-somos\/contacto\/","title":{"rendered":"Contacto"},"content":{"rendered":"<div id=\"pl-4258\"  class=\"panel-layout\" ><div id=\"pg-4258-0\"  class=\"panel-grid panel-has-style\" ><div class=\"siteorigin-panels-stretch panel-row-style panel-row-style-for-4258-0\" data-stretch-type=\"full\" ><div id=\"pgc-4258-0-0\"  class=\"panel-grid-cell\" ><div id=\"panel-4258-0-0-0\" class=\"so-panel widget widget_sow-editor panel-first-child panel-last-child\" data-index=\"0\" ><div\n\t\t\t\n\t\t\tclass=\"so-widget-sow-editor so-widget-sow-editor-base\"\n\t\t\t\n\t\t>\n<div class=\"siteorigin-widget-tinymce textwidget\">\n\t<p><strong>CARIBAEA INITIATIVE<\/strong><br \/>\n<a href=\"mailto:contact@caribaea.org\">contact[at]caribaea.org<\/a><\/p>\n<p><strong>Domicilio social<\/strong><br \/>\n37, rue Jean Jaur\u00e8s, Le Raizet, 97139 Les Abymes, Guadeloupe<br \/>\nadministration[at]caribaea.org<\/p>\n<p><strong>Oficina descentralizada<\/strong><br \/>\n40, chemin de l\u2019\u00e9glise, Le Sambuc, 13200 Arles, Francia<\/p>\n<p><strong>Responsable de Comunicaci\u00f3n<\/strong><br \/>\nSophie Labaude<br \/>\nsophie.labaude[at]caribaea.org<\/p>\n<\/div>\n<\/div><\/div><\/div><div id=\"pgc-4258-0-1\"  class=\"panel-grid-cell\" ><div id=\"panel-4258-0-1-0\" class=\"so-panel widget widget_sow-editor panel-first-child panel-last-child\" data-index=\"1\" ><div\n\t\t\t\n\t\t\tclass=\"so-widget-sow-editor so-widget-sow-editor-base\"\n\t\t\t\n\t\t>\n<div class=\"siteorigin-widget-tinymce textwidget\">\n\t<p>No dude en ponerse en contacto con nosotros rellenando este formulario con su solicitud.<\/p>\n<p>Estaremos encantados de estudiar oportunidades de asociaci\u00f3n con entidades jur\u00eddicas (organizaciones gubernamentales o no gubernamentales, instituciones de investigaci\u00f3n y el sector privado). Tenga en cuenta que la asociaci\u00f3n no responde a solicitudes no solicitadas de pr\u00e1cticas o apoyo financiero.<\/p>\n<div role=\"form\" class=\"wpcf7\" id=\"wpcf7-f5047-o1\" lang=\"es-ES\" dir=\"ltr\">\n<div class=\"screen-reader-response\" role=\"alert\" aria-live=\"polite\"><\/div>\n<form action=\"\/es\/wp-json\/wp\/v2\/pages\/4258#wpcf7-f5047-o1\" method=\"post\" class=\"wpcf7-form init\" novalidate=\"novalidate\">\n<div style=\"display: none;\">\n<input type=\"hidden\" name=\"_wpcf7\" value=\"5047\" \/>\n<input type=\"hidden\" name=\"_wpcf7_version\" value=\"5.2.2\" \/>\n<input type=\"hidden\" name=\"_wpcf7_locale\" value=\"es_ES\" \/>\n<input type=\"hidden\" name=\"_wpcf7_unit_tag\" value=\"wpcf7-f5047-o1\" \/>\n<input type=\"hidden\" name=\"_wpcf7_container_post\" value=\"0\" \/>\n<input type=\"hidden\" name=\"_wpcf7_posted_data_hash\" value=\"\" \/>\n<input type=\"hidden\" name=\"_wpcf7_recaptcha_response\" value=\"\" \/>\n<\/div>\n<p><label> Nombre *<br \/>\n    <span class=\"wpcf7-form-control-wrap your-name\"><input type=\"text\" name=\"your-name\" value=\"\" size=\"40\" class=\"wpcf7-form-control wpcf7-text wpcf7-validates-as-required\" aria-required=\"true\" aria-invalid=\"false\" \/><\/span> <\/label><\/p>\n<p><label> Direcci\u00f3n de correo electr\u00f3nico *<br \/>\n    <span class=\"wpcf7-form-control-wrap your-email\"><input type=\"email\" name=\"your-email\" value=\"\" size=\"40\" class=\"wpcf7-form-control wpcf7-text wpcf7-email wpcf7-validates-as-required wpcf7-validates-as-email\" aria-required=\"true\" aria-invalid=\"false\" \/><\/span> <\/label><\/p>\n<p><label> Asunto<br \/>\n    <span class=\"wpcf7-form-control-wrap your-subject\"><input type=\"text\" name=\"your-subject\" value=\"\" size=\"40\" class=\"wpcf7-form-control wpcf7-text\" aria-invalid=\"false\" \/><\/span> <\/label><\/p>\n<p><label> Su mensaje<br \/>\n    <span class=\"wpcf7-form-control-wrap your-message\"><textarea name=\"your-message\" cols=\"40\" rows=\"10\" class=\"wpcf7-form-control wpcf7-textarea\" aria-invalid=\"false\"><\/textarea><\/span> <\/label><\/p>\n<p><label><span class=\"wpcf7-form-control-wrap check-consentement\"><span class=\"wpcf7-form-control wpcf7-checkbox wpcf7-validates-as-required\"><span class=\"wpcf7-list-item first last\"><input type=\"checkbox\" name=\"check-consentement[]\" value=\"* Autorizo la recopilaci\u00f3n y almacenamiento de mis datos transmitidos a trav\u00e9s de este formulario como parte de mi solicitud de contacto.\" \/><span class=\"wpcf7-list-item-label\">* Autorizo la recopilaci\u00f3n y almacenamiento de mis datos transmitidos a trav\u00e9s de este formulario como parte de mi solicitud de contacto.<\/span><\/span><\/span><\/span><\/label><br \/>\n<span>No se har\u00e1 ning\u00fan uso comercial de los datos almacenados. Vea nuestra <a href=\"https:\/\/www.caribaea.org\/es\/aviso-legal\/\" target=\"_blank\">pol\u00edtica de gesti\u00f3n de datos personales<\/a>.<\/span><\/p>\n<p>* Campos obligatorios<\/p>\n<p><input type=\"submit\" value=\"Envoyer\" class=\"wpcf7-form-control wpcf7-submit\" \/><\/p>\n<div class=\"wpcf7-response-output\" role=\"alert\" aria-hidden=\"true\"><\/div><\/form><\/div>\n<\/div>\n<\/div><\/div><\/div><\/div><\/div><\/div>","protected":false},"excerpt":{"rendered":"<p>CARIBAEA INITIATIVE contact[at]caribaea.org Domicilio social 37, rue Jean Jaur\u00e8s, Le Raizet, 97139 Les Abymes, Guadeloupe administration[at]caribaea.org Oficina descentralizada 40, chemin de l\u2019\u00e9glise, Le Sambuc, 13200 Arles, Francia Responsable de Comunicaci\u00f3n Sophie Labaude sophie.labaude[at]caribaea.org No dude en ponerse en contacto con nosotros rellenando este formulario con su solicitud. Estaremos encantados de estudiar oportunidades de asociaci\u00f3n con [&hellip;]<\/p>\n","protected":false},"author":1,"featured_media":0,"parent":4296,"menu_order":6,"comment_status":"closed","ping_status":"closed","template":"","meta":{"footnotes":""},"class_list":["post-4258","page","type-page","status-publish","hentry"],"yoast_head":"<!-- This site is optimized with the Yoast SEO plugin v26.6 - https:\/\/yoast.com\/wordpress\/plugins\/seo\/ -->\n<title>Contacto - Caribaea Initiative<\/title>\n<meta name=\"robots\" content=\"index, follow, max-snippet:-1, max-image-preview:large, max-video-preview:-1\" \/>\n<link rel=\"canonical\" href=\"https:\/\/www.caribaea.org\/en\/about-us\/contact\/\" \/>\n<meta property=\"og:locale\" content=\"es_ES\" \/>\n<meta property=\"og:type\" content=\"article\" \/>\n<meta property=\"og:title\" content=\"Contacto - Caribaea Initiative\" \/>\n<meta property=\"og:description\" content=\"CARIBAEA INITIATIVE contact[at]caribaea.org Domicilio social 37, rue Jean Jaur\u00e8s, Le Raizet, 97139 Les Abymes, Guadeloupe administration[at]caribaea.org Oficina descentralizada 40, chemin de l\u2019\u00e9glise, Le Sambuc, 13200 Arles, Francia Responsable de Comunicaci\u00f3n Sophie Labaude sophie.labaude[at]caribaea.org No dude en ponerse en contacto con nosotros rellenando este formulario con su solicitud. Estaremos encantados de estudiar oportunidades de asociaci\u00f3n con [&hellip;]\" \/>\n<meta property=\"og:url\" content=\"https:\/\/www.caribaea.org\/en\/about-us\/contact\/\" \/>\n<meta property=\"og:site_name\" content=\"Caribaea Initiative\" \/>\n<meta property=\"article:modified_time\" content=\"2025-05-20T08:18:32+00:00\" \/>\n<meta name=\"twitter:card\" content=\"summary_large_image\" \/>\n<meta name=\"twitter:label1\" content=\"Tiempo de lectura\" \/>\n\t<meta name=\"twitter:data1\" content=\"1 minuto\" \/>\n<script type=\"application\/ld+json\" class=\"yoast-schema-graph\">{\"@context\":\"https:\/\/schema.org\",\"@graph\":[{\"@type\":\"WebPage\",\"@id\":\"https:\/\/www.caribaea.org\/en\/about-us\/contact\/\",\"url\":\"https:\/\/www.caribaea.org\/en\/about-us\/contact\/\",\"name\":\"Contacto - Caribaea Initiative\",\"isPartOf\":{\"@id\":\"https:\/\/www.caribaea.org\/en\/#website\"},\"datePublished\":\"2020-11-26T04:37:53+00:00\",\"dateModified\":\"2025-05-20T08:18:32+00:00\",\"breadcrumb\":{\"@id\":\"https:\/\/www.caribaea.org\/en\/about-us\/contact\/#breadcrumb\"},\"inLanguage\":\"es\",\"potentialAction\":[{\"@type\":\"ReadAction\",\"target\":[\"https:\/\/www.caribaea.org\/en\/about-us\/contact\/\"]}]},{\"@type\":\"BreadcrumbList\",\"@id\":\"https:\/\/www.caribaea.org\/en\/about-us\/contact\/#breadcrumb\",\"itemListElement\":[{\"@type\":\"ListItem\",\"position\":1,\"name\":\"Accueil\",\"item\":\"https:\/\/www.caribaea.org\/es\/\"},{\"@type\":\"ListItem\",\"position\":2,\"name\":\"Qui\u00e9nes somos\",\"item\":\"https:\/\/www.caribaea.org\/es\/quienes-somos\/\"},{\"@type\":\"ListItem\",\"position\":3,\"name\":\"Contacto\"}]},{\"@type\":\"WebSite\",\"@id\":\"https:\/\/www.caribaea.org\/en\/#website\",\"url\":\"https:\/\/www.caribaea.org\/en\/\",\"name\":\"Caribaea Initiative\",\"description\":\"\",\"potentialAction\":[{\"@type\":\"SearchAction\",\"target\":{\"@type\":\"EntryPoint\",\"urlTemplate\":\"https:\/\/www.caribaea.org\/en\/?s={search_term_string}\"},\"query-input\":{\"@type\":\"PropertyValueSpecification\",\"valueRequired\":true,\"valueName\":\"search_term_string\"}}],\"inLanguage\":\"es\"}]}<\/script>\n<!-- \/ Yoast SEO plugin. -->","yoast_head_json":{"title":"Contacto - Caribaea Initiative","robots":{"index":"index","follow":"follow","max-snippet":"max-snippet:-1","max-image-preview":"max-image-preview:large","max-video-preview":"max-video-preview:-1"},"canonical":"https:\/\/www.caribaea.org\/en\/about-us\/contact\/","og_locale":"es_ES","og_type":"article","og_title":"Contacto - Caribaea Initiative","og_description":"CARIBAEA INITIATIVE contact[at]caribaea.org Domicilio social 37, rue Jean Jaur\u00e8s, Le Raizet, 97139 Les Abymes, Guadeloupe administration[at]caribaea.org Oficina descentralizada 40, chemin de l\u2019\u00e9glise, Le Sambuc, 13200 Arles, Francia Responsable de Comunicaci\u00f3n Sophie Labaude sophie.labaude[at]caribaea.org No dude en ponerse en contacto con nosotros rellenando este formulario con su solicitud. Estaremos encantados de estudiar oportunidades de asociaci\u00f3n con [&hellip;]","og_url":"https:\/\/www.caribaea.org\/en\/about-us\/contact\/","og_site_name":"Caribaea Initiative","article_modified_time":"2025-05-20T08:18:32+00:00","twitter_card":"summary_large_image","twitter_misc":{"Tiempo de lectura":"1 minuto"},"schema":{"@context":"https:\/\/schema.org","@graph":[{"@type":"WebPage","@id":"https:\/\/www.caribaea.org\/en\/about-us\/contact\/","url":"https:\/\/www.caribaea.org\/en\/about-us\/contact\/","name":"Contacto - Caribaea Initiative","isPartOf":{"@id":"https:\/\/www.caribaea.org\/en\/#website"},"datePublished":"2020-11-26T04:37:53+00:00","dateModified":"2025-05-20T08:18:32+00:00","breadcrumb":{"@id":"https:\/\/www.caribaea.org\/en\/about-us\/contact\/#breadcrumb"},"inLanguage":"es","potentialAction":[{"@type":"ReadAction","target":["https:\/\/www.caribaea.org\/en\/about-us\/contact\/"]}]},{"@type":"BreadcrumbList","@id":"https:\/\/www.caribaea.org\/en\/about-us\/contact\/#breadcrumb","itemListElement":[{"@type":"ListItem","position":1,"name":"Accueil","item":"https:\/\/www.caribaea.org\/es\/"},{"@type":"ListItem","position":2,"name":"Qui\u00e9nes somos","item":"https:\/\/www.caribaea.org\/es\/quienes-somos\/"},{"@type":"ListItem","position":3,"name":"Contacto"}]},{"@type":"WebSite","@id":"https:\/\/www.caribaea.org\/en\/#website","url":"https:\/\/www.caribaea.org\/en\/","name":"Caribaea Initiative","description":"","potentialAction":[{"@type":"SearchAction","target":{"@type":"EntryPoint","urlTemplate":"https:\/\/www.caribaea.org\/en\/?s={search_term_string}"},"query-input":{"@type":"PropertyValueSpecification","valueRequired":true,"valueName":"search_term_string"}}],"inLanguage":"es"}]}},"_links":{"self":[{"href":"https:\/\/www.caribaea.org\/es\/wp-json\/wp\/v2\/pages\/4258","targetHints":{"allow":["GET"]}}],"collection":[{"href":"https:\/\/www.caribaea.org\/es\/wp-json\/wp\/v2\/pages"}],"about":[{"href":"https:\/\/www.caribaea.org\/es\/wp-json\/wp\/v2\/types\/page"}],"author":[{"embeddable":true,"href":"https:\/\/www.caribaea.org\/es\/wp-json\/wp\/v2\/users\/1"}],"replies":[{"embeddable":true,"href":"https:\/\/www.caribaea.org\/es\/wp-json\/wp\/v2\/comments?post=4258"}],"version-history":[{"count":4,"href":"https:\/\/www.caribaea.org\/es\/wp-json\/wp\/v2\/pages\/4258\/revisions"}],"predecessor-version":[{"id":11936,"href":"https:\/\/www.caribaea.org\/es\/wp-json\/wp\/v2\/pages\/4258\/revisions\/11936"}],"up":[{"embeddable":true,"href":"https:\/\/www.caribaea.org\/es\/wp-json\/wp\/v2\/pages\/4296"}],"wp:attachment":[{"href":"https:\/\/www.caribaea.org\/es\/wp-json\/wp\/v2\/media?parent=4258"}],"curies":[{"name":"wp","href":"https:\/\/api.w.org\/{rel}","templated":true}]}}