{"id":4261,"date":"2020-11-26T05:39:59","date_gmt":"2020-11-26T04:39:59","guid":{"rendered":"https:\/\/www.caribaea.org\/?page_id=4261"},"modified":"2023-11-27T09:59:44","modified_gmt":"2023-11-27T08:59:44","slug":"hacerse-miembro","status":"publish","type":"page","link":"https:\/\/www.caribaea.org\/es\/membresia-y-donaciones\/hacerse-miembro\/","title":{"rendered":"Hacerse miembro"},"content":{"rendered":"<div id=\"pl-4261\"  class=\"panel-layout\" ><div id=\"pg-4261-0\"  class=\"panel-grid panel-no-style\" ><div id=\"pgc-4261-0-0\"  class=\"panel-grid-cell\" ><div id=\"panel-4261-0-0-0\" class=\"so-panel widget widget_sow-editor panel-first-child panel-last-child\" data-index=\"0\" ><div\n\t\t\t\n\t\t\tclass=\"so-widget-sow-editor so-widget-sow-editor-base\"\n\t\t\t\n\t\t>\n<div class=\"siteorigin-widget-tinymce textwidget\">\n\t<p class=\"lead\">A trav\u00e9s de su membres\u00eda, usted nos ayuda a desarrollar la investigaci\u00f3n y la educaci\u00f3n sobre la biodiversidad y la conservaci\u00f3n de la vida silvestre en el Caribe.<\/p>\n<\/div>\n<\/div><\/div><\/div><\/div><div id=\"pg-4261-1\"  class=\"panel-grid panel-no-style\" ><div id=\"pgc-4261-1-0\"  class=\"panel-grid-cell\" ><div id=\"panel-4261-1-0-0\" class=\"so-panel widget widget_sow-editor panel-first-child panel-last-child\" data-index=\"1\" ><div\n\t\t\t\n\t\t\tclass=\"so-widget-sow-editor so-widget-sow-editor-base\"\n\t\t\t\n\t\t><h3 class=\"widget-title\">\u00bfPor qu\u00e9 unirse a nosotros?<\/h3>\n<div class=\"siteorigin-widget-tinymce textwidget\">\n\t<p>Al elegir ser miembro de Caribaea Initiative, contribuyes a apoyar nuestros proyectos. La membres\u00eda tambi\u00e9n le permite participar en las actividades de la asociaci\u00f3n y recibir informaci\u00f3n de manera privilegiada.<\/p>\n<\/div>\n<\/div><\/div><\/div><\/div><div id=\"pg-4261-2\"  class=\"panel-grid panel-no-style\" ><div id=\"pgc-4261-2-0\"  class=\"panel-grid-cell\" ><div id=\"panel-4261-2-0-0\" class=\"so-panel widget widget_sow-editor panel-first-child\" data-index=\"2\" ><div\n\t\t\t\n\t\t\tclass=\"so-widget-sow-editor so-widget-sow-editor-base\"\n\t\t\t\n\t\t><h3 class=\"widget-title\">\u00bfC\u00f3mo unirse?<\/h3>\n<div class=\"siteorigin-widget-tinymce textwidget\">\n\t<p>Elija una de nuestras opciones de afiliaci\u00f3n a continuaci\u00f3n para acceder al formulario de registro (registro efectivo tras la validaci\u00f3n de la asociaci\u00f3n en los dos meses siguientes a la solicitud).<\/p>\n<\/div>\n<\/div><\/div><div id=\"panel-4261-2-0-1\" class=\"so-panel widget widget_sow-editor panel-last-child\" data-index=\"3\" ><div\n\t\t\t\n\t\t\tclass=\"so-widget-sow-editor so-widget-sow-editor-base\"\n\t\t\t\n\t\t>\n<div class=\"siteorigin-widget-tinymce textwidget\">\n\t<style>.ich_level_wrap{}<\/style><div class=\"ich_level_wrap ihc_level_template_8\"><div class=\"ihc-level-item\"><div class=\"ihc-level-item-wrap\"><div class=\"ihc-level-item-top\"><div class=\"ihc-level-item-title\">Miembros regulares<\/div><\/div><div class=\"ihc-level-item-price\">10 \u20ac \/ a\u00f1o<\/div><div class=\"ihc-level-item-content\"><img decoding=\"async\" class=\"size-full wp-image-2521 aligncenter\" src=\"https:\/\/www.caribaea.org\/wp-content\/uploads\/2020\/11\/badge_membre_01.png\" alt=\"\" \/>\n<p style=\"text-align: center;\"><strong>Miembros regulares<\/strong><\/p>\n\n<ul>\n \t<li>Bolet\u00edn de Caribaea Initiative cuatro veces al a\u00f1o<\/li>\n \t<li>Descuento para acceder a talleres o cualquier otra reuni\u00f3n organizada por Caribaea Initiative<\/li>\n<\/ul><\/div><div class=\"ihc-level-item-bottom\"><div onClick=\"ihcBuyNewLevel('https:\/\/www.caribaea.org\/en\/register\/?lid=4');\" class=\"ihc-level-item-link \" style=\"cursor: pointer;\">Registro<\/div><div class=\"iump-clear\"><\/div><\/div><\/div><\/div><div class=\"ihc-level-item\"><div class=\"ihc-level-item-wrap\"><div class=\"ihc-level-item-top\"><div class=\"ihc-level-item-title\">Estudiantes* \/ J\u00f3venes*<\/div><\/div><div class=\"ihc-level-item-price\">Gratuito<\/div><div class=\"ihc-level-item-content\"><img decoding=\"async\" class=\"size-full wp-image-2521 aligncenter\" src=\"https:\/\/www.caribaea.org\/wp-content\/uploads\/2020\/11\/badge_membre_00.png\" alt=\"\" \/>\n<p style=\"text-align: center;\"><strong>Estudiantes caribe\u00f1os* \/ J\u00f3venes caribe\u00f1os*<\/strong><\/p>\n\n<ul>\n \t<li>Bolet\u00edn de Caribaea Initiative cuatro veces al a\u00f1o<\/li>\n \t<li>Descuento para acceder a talleres o cualquier otra reuni\u00f3n organizada por Caribaea Initiative<\/li>\n<\/ul><\/div><div class=\"ihc-level-item-bottom\"><div onClick=\"ihcBuyNewLevel('https:\/\/www.caribaea.org\/en\/register\/?lid=5');\" class=\"ihc-level-item-link \" style=\"cursor: pointer;\">Registro<\/div><div class=\"iump-clear\"><\/div><\/div><\/div><\/div><div class=\"ihc-level-item\"><div class=\"ihc-level-item-wrap\"><div class=\"ihc-level-item-top\"><div class=\"ihc-level-item-title\">Miembros de apoyo<\/div><\/div><div class=\"ihc-level-item-price\">30 \u20ac \/ a\u00f1o<\/div><div class=\"ihc-level-item-content\"><img decoding=\"async\" class=\"size-full wp-image-2521 aligncenter\" src=\"https:\/\/www.caribaea.org\/wp-content\/uploads\/2020\/11\/badge_membre_02.png\" alt=\"\" \/>\n<p style=\"text-align: center;\"><strong>Miembros de apoyo<\/strong><\/p>\n\n<ul>\n \t<li>Bolet\u00edn de Caribaea Initiative cuatro veces al a\u00f1o<\/li>\n \t<li>Descuento para acceder a talleres o cualquier otra reuni\u00f3n organizada por Caribaea Initiative<\/li>\n \t<li>Informes de maestr\u00eda y doctorado de los estudiantes apoyados por Caribaea Initiative<\/li>\n<\/ul><\/div><div class=\"ihc-level-item-bottom\"><div onClick=\"ihcBuyNewLevel('https:\/\/www.caribaea.org\/en\/register\/?lid=6');\" class=\"ihc-level-item-link \" style=\"cursor: pointer;\">Registro<\/div><div class=\"iump-clear\"><\/div><\/div><\/div><\/div><div class=\"ihc-level-item\"><div class=\"ihc-level-item-wrap\"><div class=\"ihc-level-item-top\"><div class=\"ihc-level-item-title\">Miembros Benefactores<\/div><\/div><div class=\"ihc-level-item-price\">Desde 150 \u20ac \/ a\u00f1o<\/div><div class=\"ihc-level-item-content\"><img decoding=\"async\" class=\"aligncenter size-full wp-image-2524\" src=\"https:\/\/www.caribaea.org\/wp-content\/uploads\/2020\/11\/badge_membre_03.png\" alt=\"\" \/>\n\n<p><strong>Miembros Benefactores<\/strong><\/p>\n<ul><li>Bolet\u00edn de Caribaea Initiative cuatro veces al a\u00f1o<\/li>\n<li>Descuento para acceder a talleres o cualquier otro evento organizado por Caribaea Initiative<\/li>\n<li>Informes de maestr\u00eda y doctorado de los estudiantes apoyados por Caribaea Initiative<\/li>\n<\/ul><\/div><div class=\"ihc-level-item-bottom\"><div onClick=\"ihcBuyNewLevel('https:\/\/www.caribaea.org\/en\/register\/?lid=7');\" class=\"ihc-level-item-link \" style=\"cursor: pointer;\">Registro<\/div><div class=\"iump-clear\"><\/div><\/div><\/div><\/div><div class=\"ihc-level-item\"><div class=\"ihc-level-item-wrap\"><div class=\"ihc-level-item-top\"><div class=\"ihc-level-item-title\">Miembros vitalicios<\/div><\/div><div class=\"ihc-level-item-price\">1 500 \u20ac<\/div><div class=\"ihc-level-item-content\"><img decoding=\"async\" class=\"aligncenter size-full wp-image-2525\" src=\"https:\/\/www.caribaea.org\/wp-content\/uploads\/2020\/11\/badge_membre_04.png\" alt=\"\" \/>\n\n<p><strong>Miembros vitalicios<\/strong><\/p>\n\n<ul><li>Bolet\u00edn de Caribaea Initiative cuatro veces al a\u00f1o<\/li>\n<li>Libre acceso a conferencias o cualquier otra reuni\u00f3n organizada por Caribaea Initiative<\/li>\n<li>Informes de maestr\u00eda y doctorado de los estudiantes apoyados por Caribaea Initiative<\/li>\n<li>La donaci\u00f3n ser\u00e1 visible en nuestra p\u00e1gina web, si as\u00ed lo desea<\/li>\n<li>Invitaciones a eventos especiales<\/li>\n<\/ul><\/div><div class=\"ihc-level-item-bottom\"><div onClick=\"ihcBuyNewLevel('https:\/\/www.caribaea.org\/en\/register\/?lid=8');\" class=\"ihc-level-item-link \" style=\"cursor: pointer;\">Registro<\/div><div class=\"iump-clear\"><\/div><\/div><\/div><\/div><\/div>\n<p><span class=\"VIiyi\" lang=\"es\"><span class=\"JLqJ4b ChMk0b\" data-language-for-alternatives=\"es\" data-language-to-translate-into=\"en\" data-phrase-index=\"0\" data-number-of-phrases=\"1\">* Gratuito para estudiantes (proporcione prueba de educaci\u00f3n) o personas menores de 18 a\u00f1os antes del 1 de mayo del a\u00f1o en curso (proporcione prueba de edad).<br \/>\n<\/span><\/span><\/p>\n<\/div>\n<\/div><\/div><\/div><\/div><\/div>","protected":false},"excerpt":{"rendered":"<p>A trav\u00e9s de su membres\u00eda, usted nos ayuda a desarrollar la investigaci\u00f3n y la educaci\u00f3n sobre la biodiversidad y la conservaci\u00f3n de la vida silvestre en el Caribe. Al elegir ser miembro de Caribaea Initiative, contribuyes a apoyar nuestros proyectos. La membres\u00eda tambi\u00e9n le permite participar en las actividades de la asociaci\u00f3n y recibir informaci\u00f3n [&hellip;]<\/p>\n","protected":false},"author":1,"featured_media":0,"parent":5221,"menu_order":1,"comment_status":"closed","ping_status":"closed","template":"","meta":{"footnotes":""},"class_list":["post-4261","page","type-page","status-publish","hentry"],"yoast_head":"<!-- This site is optimized with the Yoast SEO plugin v26.6 - https:\/\/yoast.com\/wordpress\/plugins\/seo\/ -->\n<title>Hacerse miembro - Caribaea Initiative<\/title>\n<meta name=\"robots\" content=\"index, follow, max-snippet:-1, max-image-preview:large, max-video-preview:-1\" \/>\n<link rel=\"canonical\" href=\"https:\/\/www.caribaea.org\/en\/membership-and-donations\/become-a-member\/\" \/>\n<meta property=\"og:locale\" content=\"es_ES\" \/>\n<meta property=\"og:type\" content=\"article\" \/>\n<meta property=\"og:title\" content=\"Hacerse miembro - Caribaea Initiative\" \/>\n<meta property=\"og:description\" content=\"A trav\u00e9s de su membres\u00eda, usted nos ayuda a desarrollar la investigaci\u00f3n y la educaci\u00f3n sobre la biodiversidad y la conservaci\u00f3n de la vida silvestre en el Caribe. Al elegir ser miembro de Caribaea Initiative, contribuyes a apoyar nuestros proyectos. La membres\u00eda tambi\u00e9n le permite participar en las actividades de la asociaci\u00f3n y recibir informaci\u00f3n [&hellip;]\" \/>\n<meta property=\"og:url\" content=\"https:\/\/www.caribaea.org\/en\/membership-and-donations\/become-a-member\/\" \/>\n<meta property=\"og:site_name\" content=\"Caribaea Initiative\" \/>\n<meta property=\"article:modified_time\" content=\"2023-11-27T08:59:44+00:00\" \/>\n<meta name=\"twitter:card\" content=\"summary_large_image\" \/>\n<meta name=\"twitter:label1\" content=\"Tiempo de lectura\" \/>\n\t<meta name=\"twitter:data1\" content=\"1 minuto\" \/>\n<script type=\"application\/ld+json\" class=\"yoast-schema-graph\">{\"@context\":\"https:\/\/schema.org\",\"@graph\":[{\"@type\":\"WebPage\",\"@id\":\"https:\/\/www.caribaea.org\/en\/membership-and-donations\/become-a-member\/\",\"url\":\"https:\/\/www.caribaea.org\/en\/membership-and-donations\/become-a-member\/\",\"name\":\"Hacerse miembro - Caribaea Initiative\",\"isPartOf\":{\"@id\":\"https:\/\/www.caribaea.org\/en\/#website\"},\"datePublished\":\"2020-11-26T04:39:59+00:00\",\"dateModified\":\"2023-11-27T08:59:44+00:00\",\"breadcrumb\":{\"@id\":\"https:\/\/www.caribaea.org\/en\/membership-and-donations\/become-a-member\/#breadcrumb\"},\"inLanguage\":\"es\",\"potentialAction\":[{\"@type\":\"ReadAction\",\"target\":[\"https:\/\/www.caribaea.org\/en\/membership-and-donations\/become-a-member\/\"]}]},{\"@type\":\"BreadcrumbList\",\"@id\":\"https:\/\/www.caribaea.org\/en\/membership-and-donations\/become-a-member\/#breadcrumb\",\"itemListElement\":[{\"@type\":\"ListItem\",\"position\":1,\"name\":\"Accueil\",\"item\":\"https:\/\/www.caribaea.org\/es\/\"},{\"@type\":\"ListItem\",\"position\":2,\"name\":\"Membres\u00eda y donaciones\",\"item\":\"https:\/\/www.caribaea.org\/en\/membership-and-donations\/\"},{\"@type\":\"ListItem\",\"position\":3,\"name\":\"Hacerse miembro\"}]},{\"@type\":\"WebSite\",\"@id\":\"https:\/\/www.caribaea.org\/en\/#website\",\"url\":\"https:\/\/www.caribaea.org\/en\/\",\"name\":\"Caribaea Initiative\",\"description\":\"\",\"potentialAction\":[{\"@type\":\"SearchAction\",\"target\":{\"@type\":\"EntryPoint\",\"urlTemplate\":\"https:\/\/www.caribaea.org\/en\/?s={search_term_string}\"},\"query-input\":{\"@type\":\"PropertyValueSpecification\",\"valueRequired\":true,\"valueName\":\"search_term_string\"}}],\"inLanguage\":\"es\"}]}<\/script>\n<!-- \/ Yoast SEO plugin. -->","yoast_head_json":{"title":"Hacerse miembro - Caribaea Initiative","robots":{"index":"index","follow":"follow","max-snippet":"max-snippet:-1","max-image-preview":"max-image-preview:large","max-video-preview":"max-video-preview:-1"},"canonical":"https:\/\/www.caribaea.org\/en\/membership-and-donations\/become-a-member\/","og_locale":"es_ES","og_type":"article","og_title":"Hacerse miembro - Caribaea Initiative","og_description":"A trav\u00e9s de su membres\u00eda, usted nos ayuda a desarrollar la investigaci\u00f3n y la educaci\u00f3n sobre la biodiversidad y la conservaci\u00f3n de la vida silvestre en el Caribe. Al elegir ser miembro de Caribaea Initiative, contribuyes a apoyar nuestros proyectos. La membres\u00eda tambi\u00e9n le permite participar en las actividades de la asociaci\u00f3n y recibir informaci\u00f3n [&hellip;]","og_url":"https:\/\/www.caribaea.org\/en\/membership-and-donations\/become-a-member\/","og_site_name":"Caribaea Initiative","article_modified_time":"2023-11-27T08:59:44+00:00","twitter_card":"summary_large_image","twitter_misc":{"Tiempo de lectura":"1 minuto"},"schema":{"@context":"https:\/\/schema.org","@graph":[{"@type":"WebPage","@id":"https:\/\/www.caribaea.org\/en\/membership-and-donations\/become-a-member\/","url":"https:\/\/www.caribaea.org\/en\/membership-and-donations\/become-a-member\/","name":"Hacerse miembro - Caribaea Initiative","isPartOf":{"@id":"https:\/\/www.caribaea.org\/en\/#website"},"datePublished":"2020-11-26T04:39:59+00:00","dateModified":"2023-11-27T08:59:44+00:00","breadcrumb":{"@id":"https:\/\/www.caribaea.org\/en\/membership-and-donations\/become-a-member\/#breadcrumb"},"inLanguage":"es","potentialAction":[{"@type":"ReadAction","target":["https:\/\/www.caribaea.org\/en\/membership-and-donations\/become-a-member\/"]}]},{"@type":"BreadcrumbList","@id":"https:\/\/www.caribaea.org\/en\/membership-and-donations\/become-a-member\/#breadcrumb","itemListElement":[{"@type":"ListItem","position":1,"name":"Accueil","item":"https:\/\/www.caribaea.org\/es\/"},{"@type":"ListItem","position":2,"name":"Membres\u00eda y donaciones","item":"https:\/\/www.caribaea.org\/en\/membership-and-donations\/"},{"@type":"ListItem","position":3,"name":"Hacerse miembro"}]},{"@type":"WebSite","@id":"https:\/\/www.caribaea.org\/en\/#website","url":"https:\/\/www.caribaea.org\/en\/","name":"Caribaea Initiative","description":"","potentialAction":[{"@type":"SearchAction","target":{"@type":"EntryPoint","urlTemplate":"https:\/\/www.caribaea.org\/en\/?s={search_term_string}"},"query-input":{"@type":"PropertyValueSpecification","valueRequired":true,"valueName":"search_term_string"}}],"inLanguage":"es"}]}},"_links":{"self":[{"href":"https:\/\/www.caribaea.org\/es\/wp-json\/wp\/v2\/pages\/4261","targetHints":{"allow":["GET"]}}],"collection":[{"href":"https:\/\/www.caribaea.org\/es\/wp-json\/wp\/v2\/pages"}],"about":[{"href":"https:\/\/www.caribaea.org\/es\/wp-json\/wp\/v2\/types\/page"}],"author":[{"embeddable":true,"href":"https:\/\/www.caribaea.org\/es\/wp-json\/wp\/v2\/users\/1"}],"replies":[{"embeddable":true,"href":"https:\/\/www.caribaea.org\/es\/wp-json\/wp\/v2\/comments?post=4261"}],"version-history":[{"count":3,"href":"https:\/\/www.caribaea.org\/es\/wp-json\/wp\/v2\/pages\/4261\/revisions"}],"predecessor-version":[{"id":9147,"href":"https:\/\/www.caribaea.org\/es\/wp-json\/wp\/v2\/pages\/4261\/revisions\/9147"}],"up":[{"embeddable":true,"href":"https:\/\/www.caribaea.org\/es\/wp-json\/wp\/v2\/pages\/5221"}],"wp:attachment":[{"href":"https:\/\/www.caribaea.org\/es\/wp-json\/wp\/v2\/media?parent=4261"}],"curies":[{"name":"wp","href":"https:\/\/api.w.org\/{rel}","templated":true}]}}