{"id":4265,"date":"2020-11-26T05:46:27","date_gmt":"2020-11-26T04:46:27","guid":{"rendered":"https:\/\/www.caribaea.org\/?page_id=4265"},"modified":"2023-07-02T15:49:49","modified_gmt":"2023-07-02T13:49:49","slug":"exposiciones","status":"publish","type":"page","link":"https:\/\/www.caribaea.org\/es\/divulgacion\/exposiciones\/","title":{"rendered":"Exposiciones"},"content":{"rendered":"<div id=\"pl-4265\"  class=\"panel-layout\" ><div id=\"pg-4265-0\"  class=\"panel-grid panel-no-style\" ><div id=\"pgc-4265-0-0\"  class=\"panel-grid-cell\" ><div id=\"panel-4265-0-0-0\" class=\"so-panel widget widget_sow-editor panel-first-child panel-last-child\" data-index=\"0\" ><div\n\t\t\t\n\t\t\tclass=\"so-widget-sow-editor so-widget-sow-editor-base\"\n\t\t\t\n\t\t>\n<div class=\"siteorigin-widget-tinymce textwidget\">\n\t<p class=\"lead\">Contribuimos a la sensibilizaci\u00f3n sobre la biodiversidad de las islas del Caribe mediante exposiciones abiertas al p\u00fablico en general.<\/p>\n<p><strong>Jungles et oiseaux d\u2019Am\u00e9rique tropicale<\/strong><br \/>\nPinturas de Alain Thomas. Exposici\u00f3n del 17 al 21 de mayo de 2023 para el Festival de la Camarga, Port-Saint-Louis-du-Rh\u00f4ne<\/p>\n<p><strong>S\u00f3lo en Cuba<\/strong><br \/>\nExposici\u00f3n del 10 de julio al 29 de septiembre de 2019, Parc de Lunaret, Montpellier<\/p>\n<p><strong>La Vie Sauvage au Macaya (Ha\u00efti)<\/strong><br \/>\nExposici\u00f3n del 11 de abril al 30 de junio de 2018, Parc de Lunaret, Montpellier<\/p>\n<\/div>\n<\/div><\/div><\/div><\/div><\/div>","protected":false},"excerpt":{"rendered":"<p>Contribuimos a la sensibilizaci\u00f3n sobre la biodiversidad de las islas del Caribe mediante exposiciones abiertas al p\u00fablico en general. Jungles et oiseaux d\u2019Am\u00e9rique tropicale Pinturas de Alain Thomas. Exposici\u00f3n del 17 al 21 de mayo de 2023 para el Festival de la Camarga, Port-Saint-Louis-du-Rh\u00f4ne S\u00f3lo en Cuba Exposici\u00f3n del 10 de julio al 29 de [&hellip;]<\/p>\n","protected":false},"author":1,"featured_media":0,"parent":5218,"menu_order":5,"comment_status":"closed","ping_status":"closed","template":"","meta":{"footnotes":""},"class_list":["post-4265","page","type-page","status-publish","hentry"],"yoast_head":"<!-- This site is optimized with the Yoast SEO plugin v26.6 - https:\/\/yoast.com\/wordpress\/plugins\/seo\/ -->\n<title>Exposiciones - Caribaea Initiative<\/title>\n<meta name=\"robots\" content=\"index, follow, max-snippet:-1, max-image-preview:large, max-video-preview:-1\" \/>\n<link rel=\"canonical\" href=\"https:\/\/www.caribaea.org\/en\/outreach\/exhibitions\/\" \/>\n<meta property=\"og:locale\" content=\"es_ES\" \/>\n<meta property=\"og:type\" content=\"article\" \/>\n<meta property=\"og:title\" content=\"Exposiciones - Caribaea Initiative\" \/>\n<meta property=\"og:description\" content=\"Contribuimos a la sensibilizaci\u00f3n sobre la biodiversidad de las islas del Caribe mediante exposiciones abiertas al p\u00fablico en general. Jungles et oiseaux d\u2019Am\u00e9rique tropicale Pinturas de Alain Thomas. Exposici\u00f3n del 17 al 21 de mayo de 2023 para el Festival de la Camarga, Port-Saint-Louis-du-Rh\u00f4ne S\u00f3lo en Cuba Exposici\u00f3n del 10 de julio al 29 de [&hellip;]\" \/>\n<meta property=\"og:url\" content=\"https:\/\/www.caribaea.org\/en\/outreach\/exhibitions\/\" \/>\n<meta property=\"og:site_name\" content=\"Caribaea Initiative\" \/>\n<meta property=\"article:modified_time\" content=\"2023-07-02T13:49:49+00:00\" \/>\n<meta name=\"twitter:card\" content=\"summary_large_image\" \/>\n<script type=\"application\/ld+json\" class=\"yoast-schema-graph\">{\"@context\":\"https:\/\/schema.org\",\"@graph\":[{\"@type\":\"WebPage\",\"@id\":\"https:\/\/www.caribaea.org\/en\/outreach\/exhibitions\/\",\"url\":\"https:\/\/www.caribaea.org\/en\/outreach\/exhibitions\/\",\"name\":\"Exposiciones - Caribaea Initiative\",\"isPartOf\":{\"@id\":\"https:\/\/www.caribaea.org\/en\/#website\"},\"datePublished\":\"2020-11-26T04:46:27+00:00\",\"dateModified\":\"2023-07-02T13:49:49+00:00\",\"breadcrumb\":{\"@id\":\"https:\/\/www.caribaea.org\/en\/outreach\/exhibitions\/#breadcrumb\"},\"inLanguage\":\"es\",\"potentialAction\":[{\"@type\":\"ReadAction\",\"target\":[\"https:\/\/www.caribaea.org\/en\/outreach\/exhibitions\/\"]}]},{\"@type\":\"BreadcrumbList\",\"@id\":\"https:\/\/www.caribaea.org\/en\/outreach\/exhibitions\/#breadcrumb\",\"itemListElement\":[{\"@type\":\"ListItem\",\"position\":1,\"name\":\"Accueil\",\"item\":\"https:\/\/www.caribaea.org\/es\/\"},{\"@type\":\"ListItem\",\"position\":2,\"name\":\"Divulgaci\u00f3n\",\"item\":\"https:\/\/www.caribaea.org\/en\/outreach\/\"},{\"@type\":\"ListItem\",\"position\":3,\"name\":\"Exposiciones\"}]},{\"@type\":\"WebSite\",\"@id\":\"https:\/\/www.caribaea.org\/en\/#website\",\"url\":\"https:\/\/www.caribaea.org\/en\/\",\"name\":\"Caribaea Initiative\",\"description\":\"\",\"potentialAction\":[{\"@type\":\"SearchAction\",\"target\":{\"@type\":\"EntryPoint\",\"urlTemplate\":\"https:\/\/www.caribaea.org\/en\/?s={search_term_string}\"},\"query-input\":{\"@type\":\"PropertyValueSpecification\",\"valueRequired\":true,\"valueName\":\"search_term_string\"}}],\"inLanguage\":\"es\"}]}<\/script>\n<!-- \/ Yoast SEO plugin. -->","yoast_head_json":{"title":"Exposiciones - Caribaea Initiative","robots":{"index":"index","follow":"follow","max-snippet":"max-snippet:-1","max-image-preview":"max-image-preview:large","max-video-preview":"max-video-preview:-1"},"canonical":"https:\/\/www.caribaea.org\/en\/outreach\/exhibitions\/","og_locale":"es_ES","og_type":"article","og_title":"Exposiciones - Caribaea Initiative","og_description":"Contribuimos a la sensibilizaci\u00f3n sobre la biodiversidad de las islas del Caribe mediante exposiciones abiertas al p\u00fablico en general. Jungles et oiseaux d\u2019Am\u00e9rique tropicale Pinturas de Alain Thomas. Exposici\u00f3n del 17 al 21 de mayo de 2023 para el Festival de la Camarga, Port-Saint-Louis-du-Rh\u00f4ne S\u00f3lo en Cuba Exposici\u00f3n del 10 de julio al 29 de [&hellip;]","og_url":"https:\/\/www.caribaea.org\/en\/outreach\/exhibitions\/","og_site_name":"Caribaea Initiative","article_modified_time":"2023-07-02T13:49:49+00:00","twitter_card":"summary_large_image","schema":{"@context":"https:\/\/schema.org","@graph":[{"@type":"WebPage","@id":"https:\/\/www.caribaea.org\/en\/outreach\/exhibitions\/","url":"https:\/\/www.caribaea.org\/en\/outreach\/exhibitions\/","name":"Exposiciones - Caribaea Initiative","isPartOf":{"@id":"https:\/\/www.caribaea.org\/en\/#website"},"datePublished":"2020-11-26T04:46:27+00:00","dateModified":"2023-07-02T13:49:49+00:00","breadcrumb":{"@id":"https:\/\/www.caribaea.org\/en\/outreach\/exhibitions\/#breadcrumb"},"inLanguage":"es","potentialAction":[{"@type":"ReadAction","target":["https:\/\/www.caribaea.org\/en\/outreach\/exhibitions\/"]}]},{"@type":"BreadcrumbList","@id":"https:\/\/www.caribaea.org\/en\/outreach\/exhibitions\/#breadcrumb","itemListElement":[{"@type":"ListItem","position":1,"name":"Accueil","item":"https:\/\/www.caribaea.org\/es\/"},{"@type":"ListItem","position":2,"name":"Divulgaci\u00f3n","item":"https:\/\/www.caribaea.org\/en\/outreach\/"},{"@type":"ListItem","position":3,"name":"Exposiciones"}]},{"@type":"WebSite","@id":"https:\/\/www.caribaea.org\/en\/#website","url":"https:\/\/www.caribaea.org\/en\/","name":"Caribaea Initiative","description":"","potentialAction":[{"@type":"SearchAction","target":{"@type":"EntryPoint","urlTemplate":"https:\/\/www.caribaea.org\/en\/?s={search_term_string}"},"query-input":{"@type":"PropertyValueSpecification","valueRequired":true,"valueName":"search_term_string"}}],"inLanguage":"es"}]}},"_links":{"self":[{"href":"https:\/\/www.caribaea.org\/es\/wp-json\/wp\/v2\/pages\/4265","targetHints":{"allow":["GET"]}}],"collection":[{"href":"https:\/\/www.caribaea.org\/es\/wp-json\/wp\/v2\/pages"}],"about":[{"href":"https:\/\/www.caribaea.org\/es\/wp-json\/wp\/v2\/types\/page"}],"author":[{"embeddable":true,"href":"https:\/\/www.caribaea.org\/es\/wp-json\/wp\/v2\/users\/1"}],"replies":[{"embeddable":true,"href":"https:\/\/www.caribaea.org\/es\/wp-json\/wp\/v2\/comments?post=4265"}],"version-history":[{"count":3,"href":"https:\/\/www.caribaea.org\/es\/wp-json\/wp\/v2\/pages\/4265\/revisions"}],"predecessor-version":[{"id":8428,"href":"https:\/\/www.caribaea.org\/es\/wp-json\/wp\/v2\/pages\/4265\/revisions\/8428"}],"up":[{"embeddable":true,"href":"https:\/\/www.caribaea.org\/es\/wp-json\/wp\/v2\/pages\/5218"}],"wp:attachment":[{"href":"https:\/\/www.caribaea.org\/es\/wp-json\/wp\/v2\/media?parent=4265"}],"curies":[{"name":"wp","href":"https:\/\/api.w.org\/{rel}","templated":true}]}}