{"id":4270,"date":"2020-11-26T05:47:45","date_gmt":"2020-11-26T04:47:45","guid":{"rendered":"https:\/\/www.caribaea.org\/?page_id=4270"},"modified":"2026-02-05T14:12:44","modified_gmt":"2026-02-05T13:12:44","slug":"hacer-una-donacion","status":"publish","type":"page","link":"https:\/\/www.caribaea.org\/es\/membresia-y-donaciones\/hacer-una-donacion\/","title":{"rendered":"Hacer una donaci\u00f3n"},"content":{"rendered":"<div id=\"pl-4270\"  class=\"panel-layout\" ><div id=\"pg-4270-0\"  class=\"panel-grid panel-has-style\" ><div class=\"siteorigin-panels-stretch panel-row-style panel-row-style-for-4270-0\" data-stretch-type=\"full\" ><div id=\"pgc-4270-0-0\"  class=\"panel-grid-cell\" ><div id=\"panel-4270-0-0-0\" class=\"so-panel widget widget_sow-editor panel-first-child\" data-index=\"0\" ><div\n\t\t\t\n\t\t\tclass=\"so-widget-sow-editor so-widget-sow-editor-base\"\n\t\t\t\n\t\t>\n<div class=\"siteorigin-widget-tinymce textwidget\">\n\t<p class=\"lead\">\u00a1Juntos, <span class=\"VIiyi\" lang=\"es\"><span class=\"JLqJ4b ChMk0b\"><span class=\"Q4iAWc\">actuemos por la biodiversidad!<\/span><\/span><\/span><\/p>\n<p><strong>Caribaea Initiative<\/strong> te necesita. \u00a1Cada donaci\u00f3n, aunque sea simb\u00f3lica, nos da la posibilidad de tomar medidas! Puedes apoyarnos haciendo una donaci\u00f3n deducible de impuestos*\u00a0por transferencia bancaria (informaci\u00f3n bancaria a continuaci\u00f3n) o en HelloAsso.<\/p>\n<p>Caribaea Initiative le agradece su valioso apoyo.<\/p>\n<\/div>\n<\/div><\/div><div id=\"panel-4270-0-0-1\" class=\"widget_text so-panel widget widget_custom_html\" data-index=\"1\" ><div class=\"textwidget custom-html-widget\"><script src=\"https:\/\/www.paypal.com\/sdk\/js?client-id=BAAwCYKFlacDtE0Fko5ApbDQmJUEsO9reYLo4igFaY5a0EU_1QT5N-5LDZ0Ywcwx_XPe9AJ0tkFNlbYb1E&components=hosted-buttons&disable-funding=venmo&currency=EUR\"><\/script>\n<div id=\"paypal-container-2XYJGX8XENM8L\"><\/div>\n<script>\n  paypal.HostedButtons({\n    hostedButtonId: \"2XYJGX8XENM8L\",\n  }).render(\"#paypal-container-2XYJGX8XENM8L\")\n<\/script><\/div><\/div><div id=\"panel-4270-0-0-2\" class=\"so-panel widget widget_spacer-widget\" data-index=\"2\" ><div\n\t\t\t\n\t\t\tclass=\"so-widget-spacer-widget so-widget-spacer-widget-base\"\n\t\t\t\n\t\t>\n<div class=\"clearfix\" style=\"height:30px\"><\/div><\/div><\/div><div id=\"panel-4270-0-0-3\" class=\"so-panel widget widget_sow-editor\" data-index=\"3\" ><div\n\t\t\t\n\t\t\tclass=\"so-widget-sow-editor so-widget-sow-editor-base\"\n\t\t\t\n\t\t>\n<div class=\"siteorigin-widget-tinymce textwidget\">\n\t<p><strong>Hacer una donaci\u00f3n en helloasso:<\/strong><\/p>\n<\/div>\n<\/div><\/div><div id=\"panel-4270-0-0-4\" class=\"so-panel widget widget_sow-button\" data-index=\"4\" ><div\n\t\t\t\n\t\t\tclass=\"so-widget-sow-button so-widget-sow-button-flat-585f44293839-4270\"\n\t\t\t\n\t\t><div class=\"ow-button-base ow-button-align-left\"\n>\n\t\t\t<a\n\t\t\t\t\thref=\"https:\/\/www.helloasso.com\/associations\/caribaea-initiative\/formulaires\/6\/en\"\n\t\t\t\t\tclass=\"sowb-button ow-icon-placement-left ow-button-hover\" target=\"_blank\" rel=\"noopener noreferrer\" \t>\n\t\t<span>\n\t\t\t\n\t\t\tHACER UNA DONACI\u00d3N\t\t<\/span>\n\t\t\t<\/a>\n\t<\/div>\n<\/div><\/div><div id=\"panel-4270-0-0-5\" class=\"so-panel widget widget_spacer-widget\" data-index=\"5\" ><div\n\t\t\t\n\t\t\tclass=\"so-widget-spacer-widget so-widget-spacer-widget-base\"\n\t\t\t\n\t\t>\n<div class=\"clearfix\" style=\"height:30px\"><\/div><\/div><\/div><div id=\"panel-4270-0-0-6\" class=\"so-panel widget widget_sow-editor panel-last-child\" data-index=\"6\" ><div\n\t\t\t\n\t\t\tclass=\"so-widget-sow-editor so-widget-sow-editor-base\"\n\t\t\t\n\t\t>\n<div class=\"siteorigin-widget-tinymce textwidget\">\n\t<p><strong>Hacer una donaci\u00f3n por transferencia bancaria<\/strong><\/p>\n<p>Pago por transferencia bancaria s\u00f3lo en Euros:<\/p>\n<p>Nombre: ASSOC. CARIBAEA INITIATIVE<br \/>\nIBAN: FR76 1130 6000 0048 1050 0111 094<br \/>\nBIC \/ SWIFT: AGRIFRPP813<br \/>\nDomiciliaci\u00f3n: Cr\u00e9dit Agricole Arles Lices<\/p>\n<p>&nbsp;<\/p>\n<p>&nbsp;<\/p>\n<p><strong>Personas que residen en Suiza:<\/strong> para <span class=\"HwtZe\" lang=\"es\"><span class=\"jCAhz ChMk0b\"><span class=\"ryNqvb\">hacer una donaci\u00f3n<\/span><\/span><\/span> a nuestra sucursal suiza <em>Caribaea Initiative - Suisse<\/em> y beneficiarse de una reducci\u00f3n de impuestos <span class=\"HwtZe\" lang=\"es\"><span class=\"jCAhz ChMk0b\"><span class=\"ryNqvb\">en Suiza<\/span><\/span><\/span>, <a href=\"https:\/\/www.caribaea.ch\/en\/make-a-donation\/\" target=\"_blank\" rel=\"noopener\">visite el sitio web dedicado<\/a>.<\/p>\n<p>&nbsp;<\/p>\n<p><span style=\"font-size: 13px;\">*Donaci\u00f3n deducible de impuestos para personas que viven en Francia.<br \/>\n<\/span><\/p>\n<\/div>\n<\/div><\/div><\/div><\/div><\/div><\/div>","protected":false},"excerpt":{"rendered":"<p>\u00a1Juntos, actuemos por la biodiversidad! Caribaea Initiative te necesita. \u00a1Cada donaci\u00f3n, aunque sea simb\u00f3lica, nos da la posibilidad de tomar medidas! Puedes apoyarnos haciendo una donaci\u00f3n deducible de impuestos*\u00a0por transferencia bancaria (informaci\u00f3n bancaria a continuaci\u00f3n) o en HelloAsso. Caribaea Initiative le agradece su valioso apoyo. Hacer una donaci\u00f3n en helloasso: Hacer una donaci\u00f3n por transferencia [&hellip;]<\/p>\n","protected":false},"author":1,"featured_media":0,"parent":5221,"menu_order":10,"comment_status":"closed","ping_status":"closed","template":"","meta":{"footnotes":""},"class_list":["post-4270","page","type-page","status-publish","hentry"],"yoast_head":"<!-- This site is optimized with the Yoast SEO plugin v26.6 - https:\/\/yoast.com\/wordpress\/plugins\/seo\/ -->\n<title>Hacer une donaci\u00f3n - Caribaea Initiative<\/title>\n<meta name=\"robots\" content=\"index, follow, max-snippet:-1, max-image-preview:large, max-video-preview:-1\" \/>\n<link rel=\"canonical\" href=\"https:\/\/www.caribaea.org\/es\/membresia-y-donaciones\/hacer-una-donacion\/\" \/>\n<meta property=\"og:locale\" content=\"es_ES\" \/>\n<meta property=\"og:type\" content=\"article\" \/>\n<meta property=\"og:title\" content=\"Hacer une donaci\u00f3n - Caribaea Initiative\" \/>\n<meta property=\"og:description\" content=\"\u00a1Juntos, actuemos por la biodiversidad! Caribaea Initiative te necesita. \u00a1Cada donaci\u00f3n, aunque sea simb\u00f3lica, nos da la posibilidad de tomar medidas! Puedes apoyarnos haciendo una donaci\u00f3n deducible de impuestos*\u00a0por transferencia bancaria (informaci\u00f3n bancaria a continuaci\u00f3n) o en HelloAsso. Caribaea Initiative le agradece su valioso apoyo. Hacer una donaci\u00f3n en helloasso: Hacer una donaci\u00f3n por transferencia [&hellip;]\" \/>\n<meta property=\"og:url\" content=\"https:\/\/www.caribaea.org\/es\/membresia-y-donaciones\/hacer-una-donacion\/\" \/>\n<meta property=\"og:site_name\" content=\"Caribaea Initiative\" \/>\n<meta property=\"article:modified_time\" content=\"2026-02-05T13:12:44+00:00\" \/>\n<meta name=\"twitter:card\" content=\"summary_large_image\" \/>\n<meta name=\"twitter:label1\" content=\"Tiempo de lectura\" \/>\n\t<meta name=\"twitter:data1\" content=\"1 minuto\" \/>\n<script type=\"application\/ld+json\" class=\"yoast-schema-graph\">{\"@context\":\"https:\/\/schema.org\",\"@graph\":[{\"@type\":\"WebPage\",\"@id\":\"https:\/\/www.caribaea.org\/es\/membresia-y-donaciones\/hacer-una-donacion\/\",\"url\":\"https:\/\/www.caribaea.org\/es\/membresia-y-donaciones\/hacer-una-donacion\/\",\"name\":\"Hacer une donaci\u00f3n - Caribaea Initiative\",\"isPartOf\":{\"@id\":\"https:\/\/www.caribaea.org\/en\/#website\"},\"datePublished\":\"2020-11-26T04:47:45+00:00\",\"dateModified\":\"2026-02-05T13:12:44+00:00\",\"breadcrumb\":{\"@id\":\"https:\/\/www.caribaea.org\/es\/membresia-y-donaciones\/hacer-una-donacion\/#breadcrumb\"},\"inLanguage\":\"es\",\"potentialAction\":[{\"@type\":\"ReadAction\",\"target\":[\"https:\/\/www.caribaea.org\/es\/membresia-y-donaciones\/hacer-una-donacion\/\"]}]},{\"@type\":\"BreadcrumbList\",\"@id\":\"https:\/\/www.caribaea.org\/es\/membresia-y-donaciones\/hacer-una-donacion\/#breadcrumb\",\"itemListElement\":[{\"@type\":\"ListItem\",\"position\":1,\"name\":\"Accueil\",\"item\":\"https:\/\/www.caribaea.org\/es\/\"},{\"@type\":\"ListItem\",\"position\":2,\"name\":\"Membres\u00eda y donaciones\",\"item\":\"https:\/\/www.caribaea.org\/en\/membership-and-donations\/\"},{\"@type\":\"ListItem\",\"position\":3,\"name\":\"Hacer una donaci\u00f3n\"}]},{\"@type\":\"WebSite\",\"@id\":\"https:\/\/www.caribaea.org\/en\/#website\",\"url\":\"https:\/\/www.caribaea.org\/en\/\",\"name\":\"Caribaea Initiative\",\"description\":\"\",\"potentialAction\":[{\"@type\":\"SearchAction\",\"target\":{\"@type\":\"EntryPoint\",\"urlTemplate\":\"https:\/\/www.caribaea.org\/en\/?s={search_term_string}\"},\"query-input\":{\"@type\":\"PropertyValueSpecification\",\"valueRequired\":true,\"valueName\":\"search_term_string\"}}],\"inLanguage\":\"es\"}]}<\/script>\n<!-- \/ Yoast SEO plugin. -->","yoast_head_json":{"title":"Hacer une donaci\u00f3n - Caribaea Initiative","robots":{"index":"index","follow":"follow","max-snippet":"max-snippet:-1","max-image-preview":"max-image-preview:large","max-video-preview":"max-video-preview:-1"},"canonical":"https:\/\/www.caribaea.org\/es\/membresia-y-donaciones\/hacer-una-donacion\/","og_locale":"es_ES","og_type":"article","og_title":"Hacer une donaci\u00f3n - Caribaea Initiative","og_description":"\u00a1Juntos, actuemos por la biodiversidad! Caribaea Initiative te necesita. \u00a1Cada donaci\u00f3n, aunque sea simb\u00f3lica, nos da la posibilidad de tomar medidas! Puedes apoyarnos haciendo una donaci\u00f3n deducible de impuestos*\u00a0por transferencia bancaria (informaci\u00f3n bancaria a continuaci\u00f3n) o en HelloAsso. Caribaea Initiative le agradece su valioso apoyo. Hacer una donaci\u00f3n en helloasso: Hacer una donaci\u00f3n por transferencia [&hellip;]","og_url":"https:\/\/www.caribaea.org\/es\/membresia-y-donaciones\/hacer-una-donacion\/","og_site_name":"Caribaea Initiative","article_modified_time":"2026-02-05T13:12:44+00:00","twitter_card":"summary_large_image","twitter_misc":{"Tiempo de lectura":"1 minuto"},"schema":{"@context":"https:\/\/schema.org","@graph":[{"@type":"WebPage","@id":"https:\/\/www.caribaea.org\/es\/membresia-y-donaciones\/hacer-una-donacion\/","url":"https:\/\/www.caribaea.org\/es\/membresia-y-donaciones\/hacer-una-donacion\/","name":"Hacer une donaci\u00f3n - Caribaea Initiative","isPartOf":{"@id":"https:\/\/www.caribaea.org\/en\/#website"},"datePublished":"2020-11-26T04:47:45+00:00","dateModified":"2026-02-05T13:12:44+00:00","breadcrumb":{"@id":"https:\/\/www.caribaea.org\/es\/membresia-y-donaciones\/hacer-una-donacion\/#breadcrumb"},"inLanguage":"es","potentialAction":[{"@type":"ReadAction","target":["https:\/\/www.caribaea.org\/es\/membresia-y-donaciones\/hacer-una-donacion\/"]}]},{"@type":"BreadcrumbList","@id":"https:\/\/www.caribaea.org\/es\/membresia-y-donaciones\/hacer-una-donacion\/#breadcrumb","itemListElement":[{"@type":"ListItem","position":1,"name":"Accueil","item":"https:\/\/www.caribaea.org\/es\/"},{"@type":"ListItem","position":2,"name":"Membres\u00eda y donaciones","item":"https:\/\/www.caribaea.org\/en\/membership-and-donations\/"},{"@type":"ListItem","position":3,"name":"Hacer una donaci\u00f3n"}]},{"@type":"WebSite","@id":"https:\/\/www.caribaea.org\/en\/#website","url":"https:\/\/www.caribaea.org\/en\/","name":"Caribaea Initiative","description":"","potentialAction":[{"@type":"SearchAction","target":{"@type":"EntryPoint","urlTemplate":"https:\/\/www.caribaea.org\/en\/?s={search_term_string}"},"query-input":{"@type":"PropertyValueSpecification","valueRequired":true,"valueName":"search_term_string"}}],"inLanguage":"es"}]}},"_links":{"self":[{"href":"https:\/\/www.caribaea.org\/es\/wp-json\/wp\/v2\/pages\/4270","targetHints":{"allow":["GET"]}}],"collection":[{"href":"https:\/\/www.caribaea.org\/es\/wp-json\/wp\/v2\/pages"}],"about":[{"href":"https:\/\/www.caribaea.org\/es\/wp-json\/wp\/v2\/types\/page"}],"author":[{"embeddable":true,"href":"https:\/\/www.caribaea.org\/es\/wp-json\/wp\/v2\/users\/1"}],"replies":[{"embeddable":true,"href":"https:\/\/www.caribaea.org\/es\/wp-json\/wp\/v2\/comments?post=4270"}],"version-history":[{"count":4,"href":"https:\/\/www.caribaea.org\/es\/wp-json\/wp\/v2\/pages\/4270\/revisions"}],"predecessor-version":[{"id":12907,"href":"https:\/\/www.caribaea.org\/es\/wp-json\/wp\/v2\/pages\/4270\/revisions\/12907"}],"up":[{"embeddable":true,"href":"https:\/\/www.caribaea.org\/es\/wp-json\/wp\/v2\/pages\/5221"}],"wp:attachment":[{"href":"https:\/\/www.caribaea.org\/es\/wp-json\/wp\/v2\/media?parent=4270"}],"curies":[{"name":"wp","href":"https:\/\/api.w.org\/{rel}","templated":true}]}}