{"id":4285,"date":"2020-11-26T05:53:09","date_gmt":"2020-11-26T04:53:09","guid":{"rendered":"https:\/\/www.caribaea.org\/?page_id=4285"},"modified":"2023-01-03T14:42:54","modified_gmt":"2023-01-03T13:42:54","slug":"nuestra-historia","status":"publish","type":"page","link":"https:\/\/www.caribaea.org\/es\/quienes-somos\/nuestra-historia\/","title":{"rendered":"Nuestra historia"},"content":{"rendered":"<div id=\"pl-4285\"  class=\"panel-layout\" ><div id=\"pg-4285-0\"  class=\"panel-grid panel-has-style\" ><div class=\"siteorigin-panels-stretch panel-row-style panel-row-style-for-4285-0\" data-stretch-type=\"full\" ><div id=\"pgc-4285-0-0\"  class=\"panel-grid-cell\" ><div id=\"panel-4285-0-0-0\" class=\"so-panel widget widget_sow-editor panel-first-child panel-last-child\" data-index=\"0\" ><div\n\t\t\t\n\t\t\tclass=\"so-widget-sow-editor so-widget-sow-editor-base\"\n\t\t\t\n\t\t>\n<div class=\"siteorigin-widget-tinymce textwidget\">\n\t<p class=\"lead\"><strong>Caribaea Initiative<\/strong> es una ONG j, creada en 2014 gracias al apoyo de <strong>Vera Michalski-Hoffmann<\/strong> y de la <strong>Fundaci\u00f3n MAVA<\/strong>.<\/p>\n<p>El proyecto inicial surgi\u00f3 al constatar que las islas del Caribe carec\u00edan de conocimiento cient\u00edfico en materia de biolog\u00eda de la conservaci\u00f3n. En un principio, la sede de la asociaci\u00f3n se encontraba en Tour du Valat, en La Camarga, en el sur de Francia; el 1 de enero de 2019 fue trasladada oficialmente a la <strong>Universidad de las Antillas Francesas<\/strong>, en el campus de Fouillole, en <strong>Guadalupe<\/strong>. La oficina administrativa todav\u00eda se encuentra en Tour du Valat. En noviembre de 2022, se cre\u00f3 una sucursal independiente de la asociaci\u00f3n: <a href=\"https:\/\/www.caribaea.org\/es\/rama-suiza\/\">Caribaea Initiative - Suisse<\/a>.<\/p>\n<p>Desde su creaci\u00f3n, Caribaea Initiative ha desarrollado proyectos de investigaci\u00f3n y formaci\u00f3n en Cuba, Hait\u00ed, Rep\u00fablica Dominicana, San Crist\u00f3bal y Nieves, Guadalupe, Martinica, Barbados y en Trinidad y Tobago, siempre en colaboraci\u00f3n con socios locales. En la actualidad, nuestra acci\u00f3n cuentan con el apoyo de una red de investigadores y especialistas internacionales que comparten una visi\u00f3n y valores comunes.<\/p>\n<\/div>\n<\/div><\/div><\/div><\/div><\/div><\/div>","protected":false},"excerpt":{"rendered":"<p>Caribaea Initiative es una ONG j, creada en 2014 gracias al apoyo de Vera Michalski-Hoffmann y de la Fundaci\u00f3n MAVA. El proyecto inicial surgi\u00f3 al constatar que las islas del Caribe carec\u00edan de conocimiento cient\u00edfico en materia de biolog\u00eda de la conservaci\u00f3n. En un principio, la sede de la asociaci\u00f3n se encontraba en Tour du [&hellip;]<\/p>\n","protected":false},"author":1,"featured_media":0,"parent":4296,"menu_order":5,"comment_status":"closed","ping_status":"closed","template":"","meta":{"footnotes":""},"class_list":["post-4285","page","type-page","status-publish","hentry"],"yoast_head":"<!-- This site is optimized with the Yoast SEO plugin v26.6 - https:\/\/yoast.com\/wordpress\/plugins\/seo\/ -->\n<title>Nuestra historia - Caribaea Initiative<\/title>\n<meta name=\"robots\" content=\"index, follow, max-snippet:-1, max-image-preview:large, max-video-preview:-1\" \/>\n<link rel=\"canonical\" href=\"https:\/\/www.caribaea.org\/en\/about-us\/our-history\/\" \/>\n<meta property=\"og:locale\" content=\"es_ES\" \/>\n<meta property=\"og:type\" content=\"article\" \/>\n<meta property=\"og:title\" content=\"Nuestra historia - Caribaea Initiative\" \/>\n<meta property=\"og:description\" content=\"Caribaea Initiative es una ONG j, creada en 2014 gracias al apoyo de Vera Michalski-Hoffmann y de la Fundaci\u00f3n MAVA. El proyecto inicial surgi\u00f3 al constatar que las islas del Caribe carec\u00edan de conocimiento cient\u00edfico en materia de biolog\u00eda de la conservaci\u00f3n. En un principio, la sede de la asociaci\u00f3n se encontraba en Tour du [&hellip;]\" \/>\n<meta property=\"og:url\" content=\"https:\/\/www.caribaea.org\/en\/about-us\/our-history\/\" \/>\n<meta property=\"og:site_name\" content=\"Caribaea Initiative\" \/>\n<meta property=\"article:modified_time\" content=\"2023-01-03T13:42:54+00:00\" \/>\n<meta name=\"twitter:card\" content=\"summary_large_image\" \/>\n<meta name=\"twitter:label1\" content=\"Tiempo de lectura\" \/>\n\t<meta name=\"twitter:data1\" content=\"1 minuto\" \/>\n<script type=\"application\/ld+json\" class=\"yoast-schema-graph\">{\"@context\":\"https:\/\/schema.org\",\"@graph\":[{\"@type\":\"WebPage\",\"@id\":\"https:\/\/www.caribaea.org\/en\/about-us\/our-history\/\",\"url\":\"https:\/\/www.caribaea.org\/en\/about-us\/our-history\/\",\"name\":\"Nuestra historia - Caribaea Initiative\",\"isPartOf\":{\"@id\":\"https:\/\/www.caribaea.org\/en\/#website\"},\"datePublished\":\"2020-11-26T04:53:09+00:00\",\"dateModified\":\"2023-01-03T13:42:54+00:00\",\"breadcrumb\":{\"@id\":\"https:\/\/www.caribaea.org\/en\/about-us\/our-history\/#breadcrumb\"},\"inLanguage\":\"es\",\"potentialAction\":[{\"@type\":\"ReadAction\",\"target\":[\"https:\/\/www.caribaea.org\/en\/about-us\/our-history\/\"]}]},{\"@type\":\"BreadcrumbList\",\"@id\":\"https:\/\/www.caribaea.org\/en\/about-us\/our-history\/#breadcrumb\",\"itemListElement\":[{\"@type\":\"ListItem\",\"position\":1,\"name\":\"Accueil\",\"item\":\"https:\/\/www.caribaea.org\/es\/\"},{\"@type\":\"ListItem\",\"position\":2,\"name\":\"Qui\u00e9nes somos\",\"item\":\"https:\/\/www.caribaea.org\/es\/quienes-somos\/\"},{\"@type\":\"ListItem\",\"position\":3,\"name\":\"Nuestra historia\"}]},{\"@type\":\"WebSite\",\"@id\":\"https:\/\/www.caribaea.org\/en\/#website\",\"url\":\"https:\/\/www.caribaea.org\/en\/\",\"name\":\"Caribaea Initiative\",\"description\":\"\",\"potentialAction\":[{\"@type\":\"SearchAction\",\"target\":{\"@type\":\"EntryPoint\",\"urlTemplate\":\"https:\/\/www.caribaea.org\/en\/?s={search_term_string}\"},\"query-input\":{\"@type\":\"PropertyValueSpecification\",\"valueRequired\":true,\"valueName\":\"search_term_string\"}}],\"inLanguage\":\"es\"}]}<\/script>\n<!-- \/ Yoast SEO plugin. -->","yoast_head_json":{"title":"Nuestra historia - Caribaea Initiative","robots":{"index":"index","follow":"follow","max-snippet":"max-snippet:-1","max-image-preview":"max-image-preview:large","max-video-preview":"max-video-preview:-1"},"canonical":"https:\/\/www.caribaea.org\/en\/about-us\/our-history\/","og_locale":"es_ES","og_type":"article","og_title":"Nuestra historia - Caribaea Initiative","og_description":"Caribaea Initiative es una ONG j, creada en 2014 gracias al apoyo de Vera Michalski-Hoffmann y de la Fundaci\u00f3n MAVA. El proyecto inicial surgi\u00f3 al constatar que las islas del Caribe carec\u00edan de conocimiento cient\u00edfico en materia de biolog\u00eda de la conservaci\u00f3n. En un principio, la sede de la asociaci\u00f3n se encontraba en Tour du [&hellip;]","og_url":"https:\/\/www.caribaea.org\/en\/about-us\/our-history\/","og_site_name":"Caribaea Initiative","article_modified_time":"2023-01-03T13:42:54+00:00","twitter_card":"summary_large_image","twitter_misc":{"Tiempo de lectura":"1 minuto"},"schema":{"@context":"https:\/\/schema.org","@graph":[{"@type":"WebPage","@id":"https:\/\/www.caribaea.org\/en\/about-us\/our-history\/","url":"https:\/\/www.caribaea.org\/en\/about-us\/our-history\/","name":"Nuestra historia - Caribaea Initiative","isPartOf":{"@id":"https:\/\/www.caribaea.org\/en\/#website"},"datePublished":"2020-11-26T04:53:09+00:00","dateModified":"2023-01-03T13:42:54+00:00","breadcrumb":{"@id":"https:\/\/www.caribaea.org\/en\/about-us\/our-history\/#breadcrumb"},"inLanguage":"es","potentialAction":[{"@type":"ReadAction","target":["https:\/\/www.caribaea.org\/en\/about-us\/our-history\/"]}]},{"@type":"BreadcrumbList","@id":"https:\/\/www.caribaea.org\/en\/about-us\/our-history\/#breadcrumb","itemListElement":[{"@type":"ListItem","position":1,"name":"Accueil","item":"https:\/\/www.caribaea.org\/es\/"},{"@type":"ListItem","position":2,"name":"Qui\u00e9nes somos","item":"https:\/\/www.caribaea.org\/es\/quienes-somos\/"},{"@type":"ListItem","position":3,"name":"Nuestra historia"}]},{"@type":"WebSite","@id":"https:\/\/www.caribaea.org\/en\/#website","url":"https:\/\/www.caribaea.org\/en\/","name":"Caribaea Initiative","description":"","potentialAction":[{"@type":"SearchAction","target":{"@type":"EntryPoint","urlTemplate":"https:\/\/www.caribaea.org\/en\/?s={search_term_string}"},"query-input":{"@type":"PropertyValueSpecification","valueRequired":true,"valueName":"search_term_string"}}],"inLanguage":"es"}]}},"_links":{"self":[{"href":"https:\/\/www.caribaea.org\/es\/wp-json\/wp\/v2\/pages\/4285","targetHints":{"allow":["GET"]}}],"collection":[{"href":"https:\/\/www.caribaea.org\/es\/wp-json\/wp\/v2\/pages"}],"about":[{"href":"https:\/\/www.caribaea.org\/es\/wp-json\/wp\/v2\/types\/page"}],"author":[{"embeddable":true,"href":"https:\/\/www.caribaea.org\/es\/wp-json\/wp\/v2\/users\/1"}],"replies":[{"embeddable":true,"href":"https:\/\/www.caribaea.org\/es\/wp-json\/wp\/v2\/comments?post=4285"}],"version-history":[{"count":3,"href":"https:\/\/www.caribaea.org\/es\/wp-json\/wp\/v2\/pages\/4285\/revisions"}],"predecessor-version":[{"id":7366,"href":"https:\/\/www.caribaea.org\/es\/wp-json\/wp\/v2\/pages\/4285\/revisions\/7366"}],"up":[{"embeddable":true,"href":"https:\/\/www.caribaea.org\/es\/wp-json\/wp\/v2\/pages\/4296"}],"wp:attachment":[{"href":"https:\/\/www.caribaea.org\/es\/wp-json\/wp\/v2\/media?parent=4285"}],"curies":[{"name":"wp","href":"https:\/\/api.w.org\/{rel}","templated":true}]}}