{"id":4289,"date":"2020-11-26T05:54:26","date_gmt":"2020-11-26T04:54:26","guid":{"rendered":"https:\/\/www.caribaea.org\/?page_id=4289"},"modified":"2022-12-19T11:08:04","modified_gmt":"2022-12-19T10:08:04","slug":"nuestra-mision","status":"publish","type":"page","link":"https:\/\/www.caribaea.org\/es\/quienes-somos\/nuestra-mision\/","title":{"rendered":"Nuestra misi\u00f3n"},"content":{"rendered":"<div id=\"pl-4289\"  class=\"panel-layout\" ><div id=\"pg-4289-0\"  class=\"panel-grid panel-has-style\" ><div class=\"siteorigin-panels-stretch panel-row-style panel-row-style-for-4289-0\" data-stretch-type=\"full\" ><div id=\"pgc-4289-0-0\"  class=\"panel-grid-cell\" ><div id=\"panel-4289-0-0-0\" class=\"so-panel widget widget_sow-editor panel-first-child panel-last-child\" data-index=\"0\" ><div\n\t\t\t\n\t\t\tclass=\"so-widget-sow-editor so-widget-sow-editor-base\"\n\t\t\t\n\t\t>\n<div class=\"siteorigin-widget-tinymce textwidget\">\n\t<p class=\"lead\">Nuestra misi\u00f3n consiste en fortalecer los conocimientos cient\u00edficos del Caribe insular relativos al estudio y la conservaci\u00f3n de la biodiversidad excepcional de la regi\u00f3n.<\/p>\n<\/div>\n<\/div><\/div><\/div><\/div><\/div><div id=\"pg-4289-1\"  class=\"panel-grid panel-has-style\" ><div class=\"siteorigin-panels-stretch panel-row-style panel-row-style-for-4289-1\" data-stretch-type=\"full\" ><div id=\"pgc-4289-1-0\"  class=\"panel-grid-cell\" ><div id=\"panel-4289-1-0-0\" class=\"so-panel widget widget_sow-editor panel-first-child panel-last-child\" data-index=\"1\" ><div\n\t\t\t\n\t\t\tclass=\"so-widget-sow-editor so-widget-sow-editor-base\"\n\t\t\t\n\t\t>\n<div class=\"siteorigin-widget-tinymce textwidget\">\n\t<p><strong>Caribaea Initiative<\/strong> es la \u00fanica organizaci\u00f3n internacional dedicada al <strong>estudio cient\u00edfico y la conservaci\u00f3n de la biodiversidad caribe\u00f1a<\/strong>. Adem\u00e1s de su valor intr\u00ednseco, la <strong>biodiversidad <\/strong>constituye la base de m\u00faltiples servicios ecosist\u00e9micos de los que dependen sectores econ\u00f3micos importantes como la agricultura o el turismo. <\/p>\n<p>Creemos que, tanto en el Caribe insular como en otros sitios, la elaboraci\u00f3n y promoci\u00f3n de mejores pr\u00e1cticas de administraci\u00f3n de la biodiversidad deber\u00edan estar basadas en el conocimiento cient\u00edfico. Por este motivo, trabajamos en pos del surgimiento de una nueva generaci\u00f3n de cient\u00edficas y cient\u00edficos caribe\u00f1os organizados en torno a una red de expertos aut\u00f3nomos, capaces de generar los conocimientos cient\u00edficos necesarios para la elaboraci\u00f3n de estrategias de administraci\u00f3n de la biodiversidad adaptadas al contexto pol\u00edtico, cultural y econ\u00f3mico del Caribe insular. <\/p>\n<\/div>\n<\/div><\/div><\/div><div id=\"pgc-4289-1-1\"  class=\"panel-grid-cell\" ><div id=\"panel-4289-1-1-0\" class=\"so-panel widget widget_media_image panel-first-child panel-last-child\" data-index=\"2\" ><img loading=\"lazy\" decoding=\"async\" width=\"600\" height=\"400\" src=\"https:\/\/www.caribaea.org\/wp-content\/uploads\/2020\/11\/img-notre-mission-600x400-1.jpg\" class=\"image wp-image-3113  attachment-full size-full\" alt=\"\" style=\"max-width: 100%; height: auto;\" srcset=\"https:\/\/www.caribaea.org\/wp-content\/uploads\/2020\/11\/img-notre-mission-600x400-1.jpg 600w, https:\/\/www.caribaea.org\/wp-content\/uploads\/2020\/11\/img-notre-mission-600x400-1-300x200.jpg 300w, https:\/\/www.caribaea.org\/wp-content\/uploads\/2020\/11\/img-notre-mission-600x400-1-272x182.jpg 272w\" sizes=\"auto, (max-width: 600px) 100vw, 600px\" \/><\/div><\/div><\/div><\/div><div id=\"pg-4289-2\"  class=\"panel-grid panel-no-style\" ><div id=\"pgc-4289-2-0\"  class=\"panel-grid-cell panel-grid-cell-mobile-last\" ><div id=\"panel-4289-2-0-0\" class=\"so-panel widget widget_media_video panel-first-child panel-last-child\" data-index=\"3\" ><h3 class=\"widget-title\">Presentaci\u00f3n de Caribaea Initiative (franc\u00e9s o ingl\u00e9s)<\/h3><div style=\"width:100%;\" class=\"wp-video\"><video class=\"wp-video-shortcode\" id=\"video-4289-2\" preload=\"metadata\" controls=\"controls\"><source type=\"video\/youtube\" src=\"https:\/\/youtu.be\/CteLwlCbvUc?_=2\" \/><a href=\"https:\/\/youtu.be\/CteLwlCbvUc\">https:\/\/youtu.be\/CteLwlCbvUc<\/a><\/video><\/div><\/div><\/div><div id=\"pgc-4289-2-1\"  class=\"panel-grid-cell panel-grid-cell-empty\" ><\/div><\/div><\/div>","protected":false},"excerpt":{"rendered":"<p>Nuestra misi\u00f3n consiste en fortalecer los conocimientos cient\u00edficos del Caribe insular relativos al estudio y la conservaci\u00f3n de la biodiversidad excepcional de la regi\u00f3n. Caribaea Initiative es la \u00fanica organizaci\u00f3n internacional dedicada al estudio cient\u00edfico y la conservaci\u00f3n de la biodiversidad caribe\u00f1a. Adem\u00e1s de su valor intr\u00ednseco, la biodiversidad constituye la base de m\u00faltiples servicios [&hellip;]<\/p>\n","protected":false},"author":1,"featured_media":0,"parent":4296,"menu_order":1,"comment_status":"closed","ping_status":"closed","template":"","meta":{"footnotes":""},"class_list":["post-4289","page","type-page","status-publish","hentry"],"yoast_head":"<!-- This site is optimized with the Yoast SEO plugin v26.6 - https:\/\/yoast.com\/wordpress\/plugins\/seo\/ -->\n<title>Nuestra misi\u00f3n - Caribaea Initiative<\/title>\n<meta name=\"robots\" content=\"index, follow, max-snippet:-1, max-image-preview:large, max-video-preview:-1\" \/>\n<link rel=\"canonical\" href=\"https:\/\/www.caribaea.org\/en\/about-us\/our-mission\/\" \/>\n<meta property=\"og:locale\" content=\"es_ES\" \/>\n<meta property=\"og:type\" content=\"article\" \/>\n<meta property=\"og:title\" content=\"Nuestra misi\u00f3n - Caribaea Initiative\" \/>\n<meta property=\"og:description\" content=\"Nuestra misi\u00f3n consiste en fortalecer los conocimientos cient\u00edficos del Caribe insular relativos al estudio y la conservaci\u00f3n de la biodiversidad excepcional de la regi\u00f3n. Caribaea Initiative es la \u00fanica organizaci\u00f3n internacional dedicada al estudio cient\u00edfico y la conservaci\u00f3n de la biodiversidad caribe\u00f1a. Adem\u00e1s de su valor intr\u00ednseco, la biodiversidad constituye la base de m\u00faltiples servicios [&hellip;]\" \/>\n<meta property=\"og:url\" content=\"https:\/\/www.caribaea.org\/en\/about-us\/our-mission\/\" \/>\n<meta property=\"og:site_name\" content=\"Caribaea Initiative\" \/>\n<meta property=\"article:modified_time\" content=\"2022-12-19T10:08:04+00:00\" \/>\n<meta name=\"twitter:card\" content=\"summary_large_image\" \/>\n<meta name=\"twitter:label1\" content=\"Tiempo de lectura\" \/>\n\t<meta name=\"twitter:data1\" content=\"1 minuto\" \/>\n<script type=\"application\/ld+json\" class=\"yoast-schema-graph\">{\"@context\":\"https:\/\/schema.org\",\"@graph\":[{\"@type\":\"WebPage\",\"@id\":\"https:\/\/www.caribaea.org\/en\/about-us\/our-mission\/\",\"url\":\"https:\/\/www.caribaea.org\/en\/about-us\/our-mission\/\",\"name\":\"Nuestra misi\u00f3n - Caribaea Initiative\",\"isPartOf\":{\"@id\":\"https:\/\/www.caribaea.org\/en\/#website\"},\"datePublished\":\"2020-11-26T04:54:26+00:00\",\"dateModified\":\"2022-12-19T10:08:04+00:00\",\"breadcrumb\":{\"@id\":\"https:\/\/www.caribaea.org\/en\/about-us\/our-mission\/#breadcrumb\"},\"inLanguage\":\"es\",\"potentialAction\":[{\"@type\":\"ReadAction\",\"target\":[\"https:\/\/www.caribaea.org\/en\/about-us\/our-mission\/\"]}]},{\"@type\":\"BreadcrumbList\",\"@id\":\"https:\/\/www.caribaea.org\/en\/about-us\/our-mission\/#breadcrumb\",\"itemListElement\":[{\"@type\":\"ListItem\",\"position\":1,\"name\":\"Accueil\",\"item\":\"https:\/\/www.caribaea.org\/es\/\"},{\"@type\":\"ListItem\",\"position\":2,\"name\":\"Qui\u00e9nes somos\",\"item\":\"https:\/\/www.caribaea.org\/es\/quienes-somos\/\"},{\"@type\":\"ListItem\",\"position\":3,\"name\":\"Nuestra misi\u00f3n\"}]},{\"@type\":\"WebSite\",\"@id\":\"https:\/\/www.caribaea.org\/en\/#website\",\"url\":\"https:\/\/www.caribaea.org\/en\/\",\"name\":\"Caribaea Initiative\",\"description\":\"\",\"potentialAction\":[{\"@type\":\"SearchAction\",\"target\":{\"@type\":\"EntryPoint\",\"urlTemplate\":\"https:\/\/www.caribaea.org\/en\/?s={search_term_string}\"},\"query-input\":{\"@type\":\"PropertyValueSpecification\",\"valueRequired\":true,\"valueName\":\"search_term_string\"}}],\"inLanguage\":\"es\"}]}<\/script>\n<!-- \/ Yoast SEO plugin. -->","yoast_head_json":{"title":"Nuestra misi\u00f3n - Caribaea Initiative","robots":{"index":"index","follow":"follow","max-snippet":"max-snippet:-1","max-image-preview":"max-image-preview:large","max-video-preview":"max-video-preview:-1"},"canonical":"https:\/\/www.caribaea.org\/en\/about-us\/our-mission\/","og_locale":"es_ES","og_type":"article","og_title":"Nuestra misi\u00f3n - Caribaea Initiative","og_description":"Nuestra misi\u00f3n consiste en fortalecer los conocimientos cient\u00edficos del Caribe insular relativos al estudio y la conservaci\u00f3n de la biodiversidad excepcional de la regi\u00f3n. Caribaea Initiative es la \u00fanica organizaci\u00f3n internacional dedicada al estudio cient\u00edfico y la conservaci\u00f3n de la biodiversidad caribe\u00f1a. Adem\u00e1s de su valor intr\u00ednseco, la biodiversidad constituye la base de m\u00faltiples servicios [&hellip;]","og_url":"https:\/\/www.caribaea.org\/en\/about-us\/our-mission\/","og_site_name":"Caribaea Initiative","article_modified_time":"2022-12-19T10:08:04+00:00","twitter_card":"summary_large_image","twitter_misc":{"Tiempo de lectura":"1 minuto"},"schema":{"@context":"https:\/\/schema.org","@graph":[{"@type":"WebPage","@id":"https:\/\/www.caribaea.org\/en\/about-us\/our-mission\/","url":"https:\/\/www.caribaea.org\/en\/about-us\/our-mission\/","name":"Nuestra misi\u00f3n - Caribaea Initiative","isPartOf":{"@id":"https:\/\/www.caribaea.org\/en\/#website"},"datePublished":"2020-11-26T04:54:26+00:00","dateModified":"2022-12-19T10:08:04+00:00","breadcrumb":{"@id":"https:\/\/www.caribaea.org\/en\/about-us\/our-mission\/#breadcrumb"},"inLanguage":"es","potentialAction":[{"@type":"ReadAction","target":["https:\/\/www.caribaea.org\/en\/about-us\/our-mission\/"]}]},{"@type":"BreadcrumbList","@id":"https:\/\/www.caribaea.org\/en\/about-us\/our-mission\/#breadcrumb","itemListElement":[{"@type":"ListItem","position":1,"name":"Accueil","item":"https:\/\/www.caribaea.org\/es\/"},{"@type":"ListItem","position":2,"name":"Qui\u00e9nes somos","item":"https:\/\/www.caribaea.org\/es\/quienes-somos\/"},{"@type":"ListItem","position":3,"name":"Nuestra misi\u00f3n"}]},{"@type":"WebSite","@id":"https:\/\/www.caribaea.org\/en\/#website","url":"https:\/\/www.caribaea.org\/en\/","name":"Caribaea Initiative","description":"","potentialAction":[{"@type":"SearchAction","target":{"@type":"EntryPoint","urlTemplate":"https:\/\/www.caribaea.org\/en\/?s={search_term_string}"},"query-input":{"@type":"PropertyValueSpecification","valueRequired":true,"valueName":"search_term_string"}}],"inLanguage":"es"}]}},"_links":{"self":[{"href":"https:\/\/www.caribaea.org\/es\/wp-json\/wp\/v2\/pages\/4289","targetHints":{"allow":["GET"]}}],"collection":[{"href":"https:\/\/www.caribaea.org\/es\/wp-json\/wp\/v2\/pages"}],"about":[{"href":"https:\/\/www.caribaea.org\/es\/wp-json\/wp\/v2\/types\/page"}],"author":[{"embeddable":true,"href":"https:\/\/www.caribaea.org\/es\/wp-json\/wp\/v2\/users\/1"}],"replies":[{"embeddable":true,"href":"https:\/\/www.caribaea.org\/es\/wp-json\/wp\/v2\/comments?post=4289"}],"version-history":[{"count":3,"href":"https:\/\/www.caribaea.org\/es\/wp-json\/wp\/v2\/pages\/4289\/revisions"}],"predecessor-version":[{"id":7270,"href":"https:\/\/www.caribaea.org\/es\/wp-json\/wp\/v2\/pages\/4289\/revisions\/7270"}],"up":[{"embeddable":true,"href":"https:\/\/www.caribaea.org\/es\/wp-json\/wp\/v2\/pages\/4296"}],"wp:attachment":[{"href":"https:\/\/www.caribaea.org\/es\/wp-json\/wp\/v2\/media?parent=4289"}],"curies":[{"name":"wp","href":"https:\/\/api.w.org\/{rel}","templated":true}]}}