{"id":4299,"date":"2020-11-26T05:59:12","date_gmt":"2020-11-26T04:59:12","guid":{"rendered":"https:\/\/www.caribaea.org\/?page_id=4299"},"modified":"2025-11-04T15:48:50","modified_gmt":"2025-11-04T14:48:50","slug":"videos","status":"publish","type":"page","link":"https:\/\/www.caribaea.org\/es\/divulgacion\/videos\/","title":{"rendered":"Videos"},"content":{"rendered":"<div id=\"pl-4299\"  class=\"panel-layout\" ><div id=\"pg-4299-0\"  class=\"panel-grid panel-no-style\" ><div id=\"pgc-4299-0-0\"  class=\"panel-grid-cell\" ><div id=\"panel-4299-0-0-0\" class=\"so-panel widget widget_sow-editor panel-first-child panel-last-child\" data-index=\"0\" ><div\n\t\t\t\n\t\t\tclass=\"so-widget-sow-editor so-widget-sow-editor-base\"\n\t\t\t\n\t\t>\n<div class=\"siteorigin-widget-tinymce textwidget\">\n\t<p><a href=\"https:\/\/www.youtube.com\/channel\/UCg-xFASyWhF6cIGR6KgFq2w\/videos\" target=\"_blank\" rel=\"noopener noreferrer\"><img loading=\"lazy\" decoding=\"async\" class=\"alignleft wp-image-6942 size-thumbnail\" src=\"https:\/\/www.caribaea.org\/wp-content\/uploads\/2022\/08\/youtube-500x500-1-150x150.png\" alt=\"\" width=\"150\" height=\"150\" srcset=\"https:\/\/www.caribaea.org\/wp-content\/uploads\/2022\/08\/youtube-500x500-1-150x150.png 150w, https:\/\/www.caribaea.org\/wp-content\/uploads\/2022\/08\/youtube-500x500-1-300x300.png 300w, https:\/\/www.caribaea.org\/wp-content\/uploads\/2022\/08\/youtube-500x500-1-80x80.png 80w, https:\/\/www.caribaea.org\/wp-content\/uploads\/2022\/08\/youtube-500x500-1-100x100.png 100w, https:\/\/www.caribaea.org\/wp-content\/uploads\/2022\/08\/youtube-500x500-1.png 500w\" sizes=\"auto, (max-width: 150px) 100vw, 150px\" \/><\/a><\/p>\n<p>&nbsp;<\/p>\n<p><span class=\"VIiyi\" lang=\"es\"><span class=\"JLqJ4b ChMk0b\" data-language-for-alternatives=\"es\" data-language-to-translate-into=\"en\" data-phrase-index=\"0\" data-number-of-phrases=\"3\"><span class=\"Q4iAWc\">Visita nuestro<\/span><\/span><\/span> <a href=\"https:\/\/www.youtube.com\/channel\/UCg-xFASyWhF6cIGR6KgFq2w\/videos\" target=\"_blank\" rel=\"noopener noreferrer\">canal de YouTube<\/a> <span class=\"VIiyi\" lang=\"es\"><span class=\"JLqJ4b ChMk0b\" data-language-for-alternatives=\"es\" data-language-to-translate-into=\"en\" data-phrase-index=\"0\" data-number-of-phrases=\"3\"><span class=\"Q4iAWc\">para acceder a todos nuestros videos<\/span><\/span><\/span><br \/>\n<span class=\"VIiyi\" lang=\"es\"><span class=\"JLqJ4b ChMk0b\" data-language-for-alternatives=\"es\" data-language-to-translate-into=\"en\" data-phrase-index=\"2\" data-number-of-phrases=\"3\"><span class=\"Q4iAWc\">o mira nuestros <span class=\"HwtZe\" lang=\"es\"><span class=\"jCAhz ChMk0b\"><span class=\"ryNqvb\">\u00faltimos <\/span><\/span><\/span>videos directamente en esta p\u00e1gina<br \/>\n(la mayor\u00eda de nuestros videos est\u00e1n disponibles en ingl\u00e9s y franc\u00e9s).<\/span><\/span><\/span><\/p>\n<\/div>\n<\/div><\/div><\/div><\/div><div id=\"pg-4299-1\"  class=\"panel-grid panel-no-style\" ><div id=\"pgc-4299-1-0\"  class=\"panel-grid-cell panel-grid-cell-mobile-last\" ><div id=\"panel-4299-1-0-0\" class=\"so-panel widget widget_media_video panel-first-child panel-last-child\" data-index=\"1\" ><h3 class=\"widget-title\">[FR\/EN] Presentaci\u00f3n de Caribaea Initiative<\/h3><div style=\"width:100%;\" class=\"wp-video\"><video class=\"wp-video-shortcode\" id=\"video-4299-23\" preload=\"metadata\" controls=\"controls\"><source type=\"video\/youtube\" src=\"https:\/\/youtu.be\/CteLwlCbvUc?_=23\" \/><a href=\"https:\/\/youtu.be\/CteLwlCbvUc\">https:\/\/youtu.be\/CteLwlCbvUc<\/a><\/video><\/div><\/div><\/div><div id=\"pgc-4299-1-1\"  class=\"panel-grid-cell panel-grid-cell-empty\" ><\/div><\/div><div id=\"pg-4299-2\"  class=\"panel-grid panel-no-style\" ><div id=\"pgc-4299-2-0\"  class=\"panel-grid-cell\" ><div id=\"panel-4299-2-0-0\" class=\"so-panel widget widget_spacer-widget panel-first-child\" data-index=\"2\" ><div\n\t\t\t\n\t\t\tclass=\"so-widget-spacer-widget so-widget-spacer-widget-base\"\n\t\t\t\n\t\t>\n<div class=\"clearfix\" style=\"height:30px\"><\/div><\/div><\/div><div id=\"panel-4299-2-0-1\" class=\"so-panel widget widget_sow-headline panel-last-child\" data-index=\"3\" ><div\n\t\t\t\n\t\t\tclass=\"so-widget-sow-headline so-widget-sow-headline-default-1e79a628589b-4299\"\n\t\t\t\n\t\t><div class=\"sow-headline-container \">\n\t\t\t\t\t\t\t<h2 class=\"sow-headline\">\n\t\t\t\t\t\tNuestros proyectos\t\t\t\t\t\t<\/h2>\n\t\t\t\t\t\t\t\t\t\t\t<div class=\"decoration\">\n\t\t\t\t\t\t<div class=\"decoration-inside\"><\/div>\n\t\t\t\t\t<\/div>\n\t\t\t\t\t<\/div>\n<\/div><\/div><\/div><\/div><div id=\"pg-4299-3\"  class=\"panel-grid panel-no-style\" ><div id=\"pgc-4299-3-0\"  class=\"panel-grid-cell\" ><div id=\"panel-4299-3-0-0\" class=\"so-panel widget widget_media_video panel-first-child\" data-index=\"4\" ><h3 class=\"widget-title\">[FR] Projet DEVIMTOR<\/h3><div style=\"width:100%;\" class=\"wp-video\"><video class=\"wp-video-shortcode\" id=\"video-4299-24\" preload=\"metadata\" controls=\"controls\"><source type=\"video\/youtube\" src=\"https:\/\/youtu.be\/y91caoy3q4A?si=UPd6OyVkaj-PqEcl&#038;_=24\" \/><a href=\"https:\/\/youtu.be\/y91caoy3q4A?si=UPd6OyVkaj-PqEcl\">https:\/\/youtu.be\/y91caoy3q4A?si=UPd6OyVkaj-PqEcl<\/a><\/video><\/div><\/div><div id=\"panel-4299-3-0-1\" class=\"so-panel widget widget_media_video\" data-index=\"5\" ><h3 class=\"widget-title\">[EN] MERCI project &#8211; gecko mission<\/h3><div style=\"width:100%;\" class=\"wp-video\"><video class=\"wp-video-shortcode\" id=\"video-4299-25\" preload=\"metadata\" controls=\"controls\"><source type=\"video\/youtube\" src=\"https:\/\/youtu.be\/vA2qvDG6k7I?_=25\" \/><a href=\"https:\/\/youtu.be\/vA2qvDG6k7I\">https:\/\/youtu.be\/vA2qvDG6k7I<\/a><\/video><\/div><\/div><div id=\"panel-4299-3-0-2\" class=\"so-panel widget widget_media_video panel-last-child\" data-index=\"6\" ><h3 class=\"widget-title\">[FR] Projet REVPOL<\/h3><div style=\"width:100%;\" class=\"wp-video\"><video class=\"wp-video-shortcode\" id=\"video-4299-26\" preload=\"metadata\" controls=\"controls\"><source type=\"video\/youtube\" src=\"https:\/\/youtu.be\/iQj1PfeZxhs?_=26\" \/><a href=\"https:\/\/youtu.be\/iQj1PfeZxhs\">https:\/\/youtu.be\/iQj1PfeZxhs<\/a><\/video><\/div><\/div><\/div><div id=\"pgc-4299-3-1\"  class=\"panel-grid-cell\" ><div id=\"panel-4299-3-1-0\" class=\"so-panel widget widget_media_video panel-first-child\" data-index=\"7\" ><h3 class=\"widget-title\">[FR] El zorzal de La Espa\u00f1ola en Hait\u00ed<\/h3><div style=\"width:100%;\" class=\"wp-video\"><video class=\"wp-video-shortcode\" id=\"video-4299-27\" preload=\"metadata\" controls=\"controls\"><source type=\"video\/youtube\" src=\"https:\/\/youtu.be\/MhxJ6Y7xVhg?_=27\" \/><a href=\"https:\/\/youtu.be\/MhxJ6Y7xVhg\">https:\/\/youtu.be\/MhxJ6Y7xVhg<\/a><\/video><\/div><\/div><div id=\"panel-4299-3-1-1\" class=\"so-panel widget widget_media_video\" data-index=\"8\" ><h3 class=\"widget-title\">[FR] Projet MERCI<\/h3><div style=\"width:100%;\" class=\"wp-video\"><video class=\"wp-video-shortcode\" id=\"video-4299-28\" preload=\"metadata\" controls=\"controls\"><source type=\"video\/youtube\" src=\"https:\/\/youtu.be\/61FiFZmRXFc?si=QuM8gO6GDLaZo5W0&#038;_=28\" \/><a href=\"https:\/\/youtu.be\/61FiFZmRXFc?si=QuM8gO6GDLaZo5W0\">https:\/\/youtu.be\/61FiFZmRXFc?si=QuM8gO6GDLaZo5W0<\/a><\/video><\/div><\/div><div id=\"panel-4299-3-1-2\" class=\"so-panel widget widget_media_video panel-last-child\" data-index=\"9\" ><h3 class=\"widget-title\">[FR] Projet PROSPOVERG<\/h3><div style=\"width:100%;\" class=\"wp-video\"><video class=\"wp-video-shortcode\" id=\"video-4299-29\" preload=\"metadata\" controls=\"controls\"><source type=\"video\/youtube\" src=\"https:\/\/youtu.be\/f0mFreDvxEI?_=29\" \/><a href=\"https:\/\/youtu.be\/f0mFreDvxEI\">https:\/\/youtu.be\/f0mFreDvxEI<\/a><\/video><\/div><\/div><\/div><div id=\"pgc-4299-3-2\"  class=\"panel-grid-cell\" ><div id=\"panel-4299-3-2-0\" class=\"so-panel widget widget_media_video panel-first-child\" data-index=\"10\" ><h3 class=\"widget-title\">[EN] MERCI project<\/h3><div style=\"width:100%;\" class=\"wp-video\"><video class=\"wp-video-shortcode\" id=\"video-4299-30\" preload=\"metadata\" controls=\"controls\"><source type=\"video\/youtube\" src=\"https:\/\/youtu.be\/AbZpBNa5rmI?_=30\" \/><a href=\"https:\/\/youtu.be\/AbZpBNa5rmI\">https:\/\/youtu.be\/AbZpBNa5rmI<\/a><\/video><\/div><\/div><div id=\"panel-4299-3-2-1\" class=\"so-panel widget widget_media_video\" data-index=\"11\" ><h3 class=\"widget-title\">[FR] MERCI project &#8211; mission tortues<\/h3><div style=\"width:100%;\" class=\"wp-video\"><video class=\"wp-video-shortcode\" id=\"video-4299-31\" preload=\"metadata\" controls=\"controls\"><source type=\"video\/youtube\" src=\"https:\/\/youtu.be\/x8MrMYQ0TPs?_=31\" \/><a href=\"https:\/\/youtu.be\/x8MrMYQ0TPs\">https:\/\/youtu.be\/x8MrMYQ0TPs<\/a><\/video><\/div><\/div><div id=\"panel-4299-3-2-2\" class=\"so-panel widget widget_media_video panel-last-child\" data-index=\"12\" ><h3 class=\"widget-title\">[EN] Monitoring dragonflies in Haiti<\/h3><div style=\"width:100%;\" class=\"wp-video\"><video class=\"wp-video-shortcode\" id=\"video-4299-32\" preload=\"metadata\" controls=\"controls\"><source type=\"video\/youtube\" src=\"https:\/\/youtu.be\/wDvgJ-OVtgk?_=32\" \/><a href=\"https:\/\/youtu.be\/wDvgJ-OVtgk\">https:\/\/youtu.be\/wDvgJ-OVtgk<\/a><\/video><\/div><\/div><\/div><\/div><div id=\"pg-4299-4\"  class=\"panel-grid panel-no-style\" ><div id=\"pgc-4299-4-0\"  class=\"panel-grid-cell\" ><div id=\"panel-4299-4-0-0\" class=\"so-panel widget widget_spacer-widget panel-first-child\" data-index=\"13\" ><div\n\t\t\t\n\t\t\tclass=\"so-widget-spacer-widget so-widget-spacer-widget-base\"\n\t\t\t\n\t\t>\n<div class=\"clearfix\" style=\"height:30px\"><\/div><\/div><\/div><div id=\"panel-4299-4-0-1\" class=\"so-panel widget widget_sow-headline panel-last-child\" data-index=\"14\" ><div\n\t\t\t\n\t\t\tclass=\"so-widget-sow-headline so-widget-sow-headline-default-1e79a628589b-4299\"\n\t\t\t\n\t\t><div class=\"sow-headline-container \">\n\t\t\t\t\t\t\t<h2 class=\"sow-headline\">\n\t\t\t\t\t\tEntrevistas a nuestros alumnos\t\t\t\t\t\t<\/h2>\n\t\t\t\t\t\t\t\t\t\t\t<div class=\"decoration\">\n\t\t\t\t\t\t<div class=\"decoration-inside\"><\/div>\n\t\t\t\t\t<\/div>\n\t\t\t\t\t<\/div>\n<\/div><\/div><\/div><\/div><div id=\"pg-4299-5\"  class=\"panel-grid panel-no-style\" ><div id=\"pgc-4299-5-0\"  class=\"panel-grid-cell\" ><div id=\"panel-4299-5-0-0\" class=\"so-panel widget widget_media_video panel-first-child\" data-index=\"15\" ><h3 class=\"widget-title\">[EN] Nicole Atherley<\/h3><div style=\"width:100%;\" class=\"wp-video\"><video class=\"wp-video-shortcode\" id=\"video-4299-33\" preload=\"metadata\" controls=\"controls\"><source type=\"video\/youtube\" src=\"https:\/\/youtu.be\/zjVXPNWkyFU?_=33\" \/><a href=\"https:\/\/youtu.be\/zjVXPNWkyFU\">https:\/\/youtu.be\/zjVXPNWkyFU<\/a><\/video><\/div><\/div><div id=\"panel-4299-5-0-1\" class=\"so-panel widget widget_media_video\" data-index=\"16\" ><h3 class=\"widget-title\">[FR] Christopher Cambrone<\/h3><div style=\"width:100%;\" class=\"wp-video\"><video class=\"wp-video-shortcode\" id=\"video-4299-34\" preload=\"metadata\" controls=\"controls\"><source type=\"video\/youtube\" src=\"https:\/\/youtu.be\/7OsmYdjeMFs?_=34\" \/><a href=\"https:\/\/youtu.be\/7OsmYdjeMFs\">https:\/\/youtu.be\/7OsmYdjeMFs<\/a><\/video><\/div><\/div><div id=\"panel-4299-5-0-2\" class=\"so-panel widget widget_media_video panel-last-child\" data-index=\"17\" ><h3 class=\"widget-title\">[FR] Gloria Chance<\/h3><div style=\"width:100%;\" class=\"wp-video\"><video class=\"wp-video-shortcode\" id=\"video-4299-35\" preload=\"metadata\" controls=\"controls\"><source type=\"video\/youtube\" src=\"https:\/\/youtu.be\/isl1guOxUiY?_=35\" \/><a href=\"https:\/\/youtu.be\/isl1guOxUiY\">https:\/\/youtu.be\/isl1guOxUiY<\/a><\/video><\/div><\/div><\/div><div id=\"pgc-4299-5-1\"  class=\"panel-grid-cell\" ><div id=\"panel-4299-5-1-0\" class=\"so-panel widget widget_media_video panel-first-child\" data-index=\"18\" ><h3 class=\"widget-title\">[FR] Yuna M\u00e9lane<\/h3><div style=\"width:100%;\" class=\"wp-video\"><video class=\"wp-video-shortcode\" id=\"video-4299-36\" preload=\"metadata\" controls=\"controls\"><source type=\"video\/youtube\" src=\"https:\/\/youtu.be\/ypvZ_sTxtno?_=36\" \/><a href=\"https:\/\/youtu.be\/ypvZ_sTxtno\">https:\/\/youtu.be\/ypvZ_sTxtno<\/a><\/video><\/div><\/div><div id=\"panel-4299-5-1-1\" class=\"so-panel widget widget_media_video panel-last-child\" data-index=\"19\" ><h3 class=\"widget-title\">[FR] Maryne Romuald<\/h3><div style=\"width:100%;\" class=\"wp-video\"><video class=\"wp-video-shortcode\" id=\"video-4299-37\" preload=\"metadata\" controls=\"controls\"><source type=\"video\/youtube\" src=\"https:\/\/youtu.be\/dK_h_urUIq8?_=37\" \/><a href=\"https:\/\/youtu.be\/dK_h_urUIq8\">https:\/\/youtu.be\/dK_h_urUIq8<\/a><\/video><\/div><\/div><\/div><div id=\"pgc-4299-5-2\"  class=\"panel-grid-cell\" ><div id=\"panel-4299-5-2-0\" class=\"so-panel widget widget_media_video panel-first-child\" data-index=\"20\" ><h3 class=\"widget-title\">[FR] Annabelle Vidal<\/h3><div style=\"width:100%;\" class=\"wp-video\"><video class=\"wp-video-shortcode\" id=\"video-4299-38\" preload=\"metadata\" controls=\"controls\"><source type=\"video\/youtube\" src=\"https:\/\/youtu.be\/mB-XjjGe5dc?_=38\" \/><a href=\"https:\/\/youtu.be\/mB-XjjGe5dc\">https:\/\/youtu.be\/mB-XjjGe5dc<\/a><\/video><\/div><\/div><div id=\"panel-4299-5-2-1\" class=\"so-panel widget widget_media_video panel-last-child\" data-index=\"21\" ><h3 class=\"widget-title\">[FR] Jean-Marry Exantus<\/h3><div style=\"width:100%;\" class=\"wp-video\"><video class=\"wp-video-shortcode\" id=\"video-4299-39\" preload=\"metadata\" controls=\"controls\"><source type=\"video\/youtube\" src=\"https:\/\/youtu.be\/GvHyQgc6h6M?si=pbStnnILX_sCofAo&#038;_=39\" \/><a href=\"https:\/\/youtu.be\/GvHyQgc6h6M?si=pbStnnILX_sCofAo\">https:\/\/youtu.be\/GvHyQgc6h6M?si=pbStnnILX_sCofAo<\/a><\/video><\/div><\/div><\/div><\/div><div id=\"pg-4299-6\"  class=\"panel-grid panel-no-style\" ><div id=\"pgc-4299-6-0\"  class=\"panel-grid-cell\" ><div id=\"panel-4299-6-0-0\" class=\"so-panel widget widget_spacer-widget panel-first-child\" data-index=\"22\" ><div\n\t\t\t\n\t\t\tclass=\"so-widget-spacer-widget so-widget-spacer-widget-base\"\n\t\t\t\n\t\t>\n<div class=\"clearfix\" style=\"height:30px\"><\/div><\/div><\/div><div id=\"panel-4299-6-0-1\" class=\"so-panel widget widget_sow-headline panel-last-child\" data-index=\"23\" ><div\n\t\t\t\n\t\t\tclass=\"so-widget-sow-headline so-widget-sow-headline-default-1e79a628589b-4299\"\n\t\t\t\n\t\t><div class=\"sow-headline-container \">\n\t\t\t\t\t\t\t<h2 class=\"sow-headline\">\n\t\t\t\t\t\tSerie de minipel\u00edculas sobre biodiversidad\t\t\t\t\t\t<\/h2>\n\t\t\t\t\t\t\t\t\t\t\t<div class=\"decoration\">\n\t\t\t\t\t\t<div class=\"decoration-inside\"><\/div>\n\t\t\t\t\t<\/div>\n\t\t\t\t\t<\/div>\n<\/div><\/div><\/div><\/div><div id=\"pg-4299-7\"  class=\"panel-grid panel-no-style\" ><div id=\"pgc-4299-7-0\"  class=\"panel-grid-cell\" ><div id=\"panel-4299-7-0-0\" class=\"so-panel widget widget_media_video panel-first-child\" data-index=\"24\" ><h3 class=\"widget-title\">[EN] The world of butterflies<\/h3><div style=\"width:100%;\" class=\"wp-video\"><video class=\"wp-video-shortcode\" id=\"video-4299-40\" preload=\"metadata\" controls=\"controls\"><source type=\"video\/youtube\" src=\"https:\/\/youtu.be\/XvQHxVsGj8A?_=40\" \/><a href=\"https:\/\/youtu.be\/XvQHxVsGj8A\">https:\/\/youtu.be\/XvQHxVsGj8A<\/a><\/video><\/div><\/div><div id=\"panel-4299-7-0-1\" class=\"so-panel widget widget_media_video panel-last-child\" data-index=\"25\" ><h3 class=\"widget-title\">[EN] Reptiles<\/h3><div style=\"width:100%;\" class=\"wp-video\"><video class=\"wp-video-shortcode\" id=\"video-4299-41\" preload=\"metadata\" controls=\"controls\"><source type=\"video\/youtube\" src=\"https:\/\/youtu.be\/UbQmNU4Rw4k?_=41\" \/><a href=\"https:\/\/youtu.be\/UbQmNU4Rw4k\">https:\/\/youtu.be\/UbQmNU4Rw4k<\/a><\/video><\/div><\/div><\/div><div id=\"pgc-4299-7-1\"  class=\"panel-grid-cell\" ><div id=\"panel-4299-7-1-0\" class=\"so-panel widget widget_media_video panel-first-child\" data-index=\"26\" ><h3 class=\"widget-title\">[EN] Sea turtles<\/h3><div style=\"width:100%;\" class=\"wp-video\"><video class=\"wp-video-shortcode\" id=\"video-4299-42\" preload=\"metadata\" controls=\"controls\"><source type=\"video\/youtube\" src=\"https:\/\/youtu.be\/aXo1Pgt_qn0?_=42\" \/><a href=\"https:\/\/youtu.be\/aXo1Pgt_qn0\">https:\/\/youtu.be\/aXo1Pgt_qn0<\/a><\/video><\/div><\/div><div id=\"panel-4299-7-1-1\" class=\"so-panel widget widget_media_video panel-last-child\" data-index=\"27\" ><h3 class=\"widget-title\">[FR] Le Pic de la Guadeloupe<\/h3><div style=\"width:100%;\" class=\"wp-video\"><video class=\"wp-video-shortcode\" id=\"video-4299-43\" preload=\"metadata\" controls=\"controls\"><source type=\"video\/youtube\" src=\"https:\/\/youtu.be\/AEPZmaSUpg0?_=43\" \/><a href=\"https:\/\/youtu.be\/AEPZmaSUpg0\">https:\/\/youtu.be\/AEPZmaSUpg0<\/a><\/video><\/div><\/div><\/div><div id=\"pgc-4299-7-2\"  class=\"panel-grid-cell\" ><div id=\"panel-4299-7-2-0\" class=\"so-panel widget widget_media_video panel-first-child panel-last-child\" data-index=\"28\" ><h3 class=\"widget-title\">[EN] Invasive species<\/h3><div style=\"width:100%;\" class=\"wp-video\"><video class=\"wp-video-shortcode\" id=\"video-4299-44\" preload=\"metadata\" controls=\"controls\"><source type=\"video\/youtube\" src=\"https:\/\/youtu.be\/toIDGXHebrI?_=44\" \/><a href=\"https:\/\/youtu.be\/toIDGXHebrI\">https:\/\/youtu.be\/toIDGXHebrI<\/a><\/video><\/div><\/div><\/div><\/div><\/div>","protected":false},"excerpt":{"rendered":"<p>&nbsp; Visita nuestro canal de YouTube para acceder a todos nuestros videos o mira nuestros \u00faltimos videos directamente en esta p\u00e1gina (la mayor\u00eda de nuestros videos est\u00e1n disponibles en ingl\u00e9s y franc\u00e9s).<\/p>\n","protected":false},"author":1,"featured_media":0,"parent":5218,"menu_order":4,"comment_status":"closed","ping_status":"closed","template":"","meta":{"footnotes":""},"class_list":["post-4299","page","type-page","status-publish","hentry"],"yoast_head":"<!-- This site is optimized with the Yoast SEO plugin v26.6 - https:\/\/yoast.com\/wordpress\/plugins\/seo\/ -->\n<title>Videos - Caribaea Initiative<\/title>\n<meta name=\"robots\" content=\"index, follow, max-snippet:-1, max-image-preview:large, max-video-preview:-1\" \/>\n<link rel=\"canonical\" href=\"https:\/\/www.caribaea.org\/en\/outreach\/videos\/\" \/>\n<meta property=\"og:locale\" content=\"es_ES\" \/>\n<meta property=\"og:type\" content=\"article\" \/>\n<meta property=\"og:title\" content=\"Videos - Caribaea Initiative\" \/>\n<meta property=\"og:description\" content=\"&nbsp; Visita nuestro canal de YouTube para acceder a todos nuestros videos o mira nuestros \u00faltimos videos directamente en esta p\u00e1gina (la mayor\u00eda de nuestros videos est\u00e1n disponibles en ingl\u00e9s y franc\u00e9s).\" \/>\n<meta property=\"og:url\" content=\"https:\/\/www.caribaea.org\/en\/outreach\/videos\/\" \/>\n<meta property=\"og:site_name\" content=\"Caribaea Initiative\" \/>\n<meta property=\"article:modified_time\" content=\"2025-11-04T14:48:50+00:00\" \/>\n<meta property=\"og:image\" content=\"https:\/\/www.caribaea.org\/wp-content\/uploads\/2022\/08\/youtube-500x500-1.png\" \/>\n\t<meta property=\"og:image:width\" content=\"500\" \/>\n\t<meta property=\"og:image:height\" content=\"500\" \/>\n\t<meta property=\"og:image:type\" content=\"image\/png\" \/>\n<meta name=\"twitter:card\" content=\"summary_large_image\" \/>\n<meta name=\"twitter:label1\" content=\"Tiempo de lectura\" \/>\n\t<meta name=\"twitter:data1\" content=\"1 minuto\" \/>\n<script type=\"application\/ld+json\" class=\"yoast-schema-graph\">{\"@context\":\"https:\/\/schema.org\",\"@graph\":[{\"@type\":\"WebPage\",\"@id\":\"https:\/\/www.caribaea.org\/en\/outreach\/videos\/\",\"url\":\"https:\/\/www.caribaea.org\/en\/outreach\/videos\/\",\"name\":\"Videos - Caribaea Initiative\",\"isPartOf\":{\"@id\":\"https:\/\/www.caribaea.org\/en\/#website\"},\"primaryImageOfPage\":{\"@id\":\"https:\/\/www.caribaea.org\/en\/outreach\/videos\/#primaryimage\"},\"image\":{\"@id\":\"https:\/\/www.caribaea.org\/en\/outreach\/videos\/#primaryimage\"},\"thumbnailUrl\":\"https:\/\/www.caribaea.org\/wp-content\/uploads\/2022\/08\/youtube-500x500-1-150x150.png\",\"datePublished\":\"2020-11-26T04:59:12+00:00\",\"dateModified\":\"2025-11-04T14:48:50+00:00\",\"breadcrumb\":{\"@id\":\"https:\/\/www.caribaea.org\/en\/outreach\/videos\/#breadcrumb\"},\"inLanguage\":\"es\",\"potentialAction\":[{\"@type\":\"ReadAction\",\"target\":[\"https:\/\/www.caribaea.org\/en\/outreach\/videos\/\"]}]},{\"@type\":\"ImageObject\",\"inLanguage\":\"es\",\"@id\":\"https:\/\/www.caribaea.org\/en\/outreach\/videos\/#primaryimage\",\"url\":\"https:\/\/www.caribaea.org\/wp-content\/uploads\/2022\/08\/youtube-500x500-1-150x150.png\",\"contentUrl\":\"https:\/\/www.caribaea.org\/wp-content\/uploads\/2022\/08\/youtube-500x500-1-150x150.png\"},{\"@type\":\"BreadcrumbList\",\"@id\":\"https:\/\/www.caribaea.org\/en\/outreach\/videos\/#breadcrumb\",\"itemListElement\":[{\"@type\":\"ListItem\",\"position\":1,\"name\":\"Accueil\",\"item\":\"https:\/\/www.caribaea.org\/es\/\"},{\"@type\":\"ListItem\",\"position\":2,\"name\":\"Divulgaci\u00f3n\",\"item\":\"https:\/\/www.caribaea.org\/en\/outreach\/\"},{\"@type\":\"ListItem\",\"position\":3,\"name\":\"Videos\"}]},{\"@type\":\"WebSite\",\"@id\":\"https:\/\/www.caribaea.org\/en\/#website\",\"url\":\"https:\/\/www.caribaea.org\/en\/\",\"name\":\"Caribaea Initiative\",\"description\":\"\",\"potentialAction\":[{\"@type\":\"SearchAction\",\"target\":{\"@type\":\"EntryPoint\",\"urlTemplate\":\"https:\/\/www.caribaea.org\/en\/?s={search_term_string}\"},\"query-input\":{\"@type\":\"PropertyValueSpecification\",\"valueRequired\":true,\"valueName\":\"search_term_string\"}}],\"inLanguage\":\"es\"}]}<\/script>\n<!-- \/ Yoast SEO plugin. -->","yoast_head_json":{"title":"Videos - Caribaea Initiative","robots":{"index":"index","follow":"follow","max-snippet":"max-snippet:-1","max-image-preview":"max-image-preview:large","max-video-preview":"max-video-preview:-1"},"canonical":"https:\/\/www.caribaea.org\/en\/outreach\/videos\/","og_locale":"es_ES","og_type":"article","og_title":"Videos - Caribaea Initiative","og_description":"&nbsp; Visita nuestro canal de YouTube para acceder a todos nuestros videos o mira nuestros \u00faltimos videos directamente en esta p\u00e1gina (la mayor\u00eda de nuestros videos est\u00e1n disponibles en ingl\u00e9s y franc\u00e9s).","og_url":"https:\/\/www.caribaea.org\/en\/outreach\/videos\/","og_site_name":"Caribaea Initiative","article_modified_time":"2025-11-04T14:48:50+00:00","og_image":[{"width":500,"height":500,"url":"https:\/\/www.caribaea.org\/wp-content\/uploads\/2022\/08\/youtube-500x500-1.png","type":"image\/png"}],"twitter_card":"summary_large_image","twitter_misc":{"Tiempo de lectura":"1 minuto"},"schema":{"@context":"https:\/\/schema.org","@graph":[{"@type":"WebPage","@id":"https:\/\/www.caribaea.org\/en\/outreach\/videos\/","url":"https:\/\/www.caribaea.org\/en\/outreach\/videos\/","name":"Videos - Caribaea Initiative","isPartOf":{"@id":"https:\/\/www.caribaea.org\/en\/#website"},"primaryImageOfPage":{"@id":"https:\/\/www.caribaea.org\/en\/outreach\/videos\/#primaryimage"},"image":{"@id":"https:\/\/www.caribaea.org\/en\/outreach\/videos\/#primaryimage"},"thumbnailUrl":"https:\/\/www.caribaea.org\/wp-content\/uploads\/2022\/08\/youtube-500x500-1-150x150.png","datePublished":"2020-11-26T04:59:12+00:00","dateModified":"2025-11-04T14:48:50+00:00","breadcrumb":{"@id":"https:\/\/www.caribaea.org\/en\/outreach\/videos\/#breadcrumb"},"inLanguage":"es","potentialAction":[{"@type":"ReadAction","target":["https:\/\/www.caribaea.org\/en\/outreach\/videos\/"]}]},{"@type":"ImageObject","inLanguage":"es","@id":"https:\/\/www.caribaea.org\/en\/outreach\/videos\/#primaryimage","url":"https:\/\/www.caribaea.org\/wp-content\/uploads\/2022\/08\/youtube-500x500-1-150x150.png","contentUrl":"https:\/\/www.caribaea.org\/wp-content\/uploads\/2022\/08\/youtube-500x500-1-150x150.png"},{"@type":"BreadcrumbList","@id":"https:\/\/www.caribaea.org\/en\/outreach\/videos\/#breadcrumb","itemListElement":[{"@type":"ListItem","position":1,"name":"Accueil","item":"https:\/\/www.caribaea.org\/es\/"},{"@type":"ListItem","position":2,"name":"Divulgaci\u00f3n","item":"https:\/\/www.caribaea.org\/en\/outreach\/"},{"@type":"ListItem","position":3,"name":"Videos"}]},{"@type":"WebSite","@id":"https:\/\/www.caribaea.org\/en\/#website","url":"https:\/\/www.caribaea.org\/en\/","name":"Caribaea Initiative","description":"","potentialAction":[{"@type":"SearchAction","target":{"@type":"EntryPoint","urlTemplate":"https:\/\/www.caribaea.org\/en\/?s={search_term_string}"},"query-input":{"@type":"PropertyValueSpecification","valueRequired":true,"valueName":"search_term_string"}}],"inLanguage":"es"}]}},"_links":{"self":[{"href":"https:\/\/www.caribaea.org\/es\/wp-json\/wp\/v2\/pages\/4299","targetHints":{"allow":["GET"]}}],"collection":[{"href":"https:\/\/www.caribaea.org\/es\/wp-json\/wp\/v2\/pages"}],"about":[{"href":"https:\/\/www.caribaea.org\/es\/wp-json\/wp\/v2\/types\/page"}],"author":[{"embeddable":true,"href":"https:\/\/www.caribaea.org\/es\/wp-json\/wp\/v2\/users\/1"}],"replies":[{"embeddable":true,"href":"https:\/\/www.caribaea.org\/es\/wp-json\/wp\/v2\/comments?post=4299"}],"version-history":[{"count":4,"href":"https:\/\/www.caribaea.org\/es\/wp-json\/wp\/v2\/pages\/4299\/revisions"}],"predecessor-version":[{"id":12365,"href":"https:\/\/www.caribaea.org\/es\/wp-json\/wp\/v2\/pages\/4299\/revisions\/12365"}],"up":[{"embeddable":true,"href":"https:\/\/www.caribaea.org\/es\/wp-json\/wp\/v2\/pages\/5218"}],"wp:attachment":[{"href":"https:\/\/www.caribaea.org\/es\/wp-json\/wp\/v2\/media?parent=4299"}],"curies":[{"name":"wp","href":"https:\/\/api.w.org\/{rel}","templated":true}]}}