{"id":4665,"date":"2020-12-01T05:27:06","date_gmt":"2020-12-01T04:27:06","guid":{"rendered":"https:\/\/www.caribaea.org\/?page_id=4665"},"modified":"2023-01-10T11:10:57","modified_gmt":"2023-01-10T10:10:57","slug":"conexion","status":"publish","type":"page","link":"https:\/\/www.caribaea.org\/es\/conexion\/","title":{"rendered":"Membres\u00eda > Conexi\u00f3n"},"content":{"rendered":"<div id=\"pl-4665\"  class=\"panel-layout\" ><div id=\"pg-4665-0\"  class=\"panel-grid panel-no-style\" ><div id=\"pgc-4665-0-0\"  class=\"panel-grid-cell\" ><div id=\"panel-4665-0-0-0\" class=\"so-panel widget widget_sow-editor panel-first-child panel-last-child\" data-index=\"0\" ><div\n\t\t\t\n\t\t\tclass=\"so-widget-sow-editor so-widget-sow-editor-base\"\n\t\t\t\n\t\t>\n<div class=\"siteorigin-widget-tinymce textwidget\">\n\t<p class=\"lead\">\u00bfYa era miembro?<\/p>\n<p>Inicie sesi\u00f3n en su cuenta de miembro y sus datos.<\/p>\n<p>Esta p\u00e1gina es solo para miembros de Caribaea Initiative. La <a href=\"https:\/\/www.caribaea.org\/es\/rama-suiza\/\" target=\"_blank\" rel=\"noopener noreferrer\">asociaci\u00f3n Caribaea Initiative \u2013 Suisse<\/a> no dispone de una plataforma de conexi\u00f3n online.<\/p>\n<div class=\"ihc-login-form-wrap ihc-login-template-10\"><form action=\"\" method=\"post\" id=\"ihc_login_form\"><input type=\"hidden\" name=\"ihcaction\" value=\"login\" \/><input type=\"hidden\" name=\"ihc_login_nonce\" value=\"5473d001be\" \/><div class=\"impu-form-line-fr\"><i class=\"fa-ihc fa-username-ihc\"><\/i><input type=\"text\" value=\"\" id=\"iump_login_username\" name=\"log\" placeholder=\"Username\"\/><\/div><div class=\"impu-form-line-fr\"><i class=\"fa-ihc fa-pass-ihc\"><\/i><input type=\"password\" value=\"\" id=\"iump_login_password\" name=\"pwd\" placeholder=\"Contrase\u00f1a\"\/><\/div><div class=\"impu-remember-wrapper\"><input type=\"checkbox\" value=\"forever\" name=\"rememberme\" class=\"impu-form-input-remember\" \/><span class=\"impu-form-label-remember\">Se souvenir de moi<\/span> <\/div><div class=\"impu-form-links-pass\"><a href=\"https:\/\/www.caribaea.org\/en\/forgot-your-password\/\">\u00bfOlvid\u00f3 su contrase\u00f1a?<\/a><\/div><div class=\"ihc-clear\"><\/div><div class=\"impu-form-line-fr impu-form-submit\"><input type=\"submit\" value=\"Log In\" name=\"Submit\"  \/><\/div><div  class=\"impu-form-links\"><\/div><\/form><\/div><script>\r\n\t\tjQuery(document).ready(\r\n\t\t\tfunction(){\r\n\t\t\t\tjQuery('#iump_login_username').on('blur', function(){\r\n\t\t\t\t\tihcCheckLoginField('log', 'Please complete all required fields!');\r\n\t\t\t\t});\r\n\t\t\t\tjQuery('#iump_login_password').on('blur', function(){\r\n\t\t\t\t\tihcCheckLoginField('pwd', 'Please complete all required fields!');\r\n\t\t\t\t});\r\n\t\t\t\tjQuery('#ihc_login_form').on('submit', function(e){\r\n\t\t\t\t\te.preventDefault();\r\n\t\t\t\t\tvar u = jQuery('#ihc_login_form [name=log]').val();\r\n\t\t\t\t\tvar p = jQuery('#ihc_login_form [name=pwd]').val();\r\n\t\t\t\t\tif (u!='' && p!=''){\r\n\t\t\t\t\t\tjQuery('#ihc_login_form').unbind('submit').submit();\r\n\t\t\t\t\t} else {\r\n\t\t\t\t\t\tihcCheckLoginField('log', 'Please complete all required fields!');\r\n\t\t\t\t\t\tihcCheckLoginField('pwd', 'Please complete all required fields!');\r\n\t\t\t\t\t\treturn FALSE;\r\n\t\t\t\t\t}\r\n\t\t\t\t});\r\n\t\t\t}\r\n\t\t);\r\n\t<\/script>\n<\/div>\n<\/div><\/div><\/div><\/div><\/div>","protected":false},"excerpt":{"rendered":"<p>\u00bfYa era miembro? Inicie sesi\u00f3n en su cuenta de miembro y sus datos. Esta p\u00e1gina es solo para miembros de Caribaea Initiative. La asociaci\u00f3n Caribaea Initiative \u2013 Suisse no dispone de una plataforma de conexi\u00f3n online.<\/p>\n","protected":false},"author":1,"featured_media":0,"parent":0,"menu_order":54,"comment_status":"closed","ping_status":"closed","template":"","meta":{"footnotes":""},"class_list":["post-4665","page","type-page","status-publish","hentry"],"yoast_head":"<!-- This site is optimized with the Yoast SEO plugin v26.6 - https:\/\/yoast.com\/wordpress\/plugins\/seo\/ -->\n<title>Membres\u00eda &gt; Conexi\u00f3n - Caribaea Initiative<\/title>\n<meta name=\"robots\" content=\"index, follow, max-snippet:-1, max-image-preview:large, max-video-preview:-1\" \/>\n<link rel=\"canonical\" href=\"https:\/\/www.caribaea.org\/es\/conexion\/\" \/>\n<meta property=\"og:locale\" content=\"es_ES\" \/>\n<meta property=\"og:type\" content=\"article\" \/>\n<meta property=\"og:title\" content=\"Membres\u00eda &gt; Conexi\u00f3n - Caribaea Initiative\" \/>\n<meta property=\"og:description\" content=\"\u00bfYa era miembro? Inicie sesi\u00f3n en su cuenta de miembro y sus datos. Esta p\u00e1gina es solo para miembros de Caribaea Initiative. La asociaci\u00f3n Caribaea Initiative \u2013 Suisse no dispone de una plataforma de conexi\u00f3n online.\" \/>\n<meta property=\"og:url\" content=\"https:\/\/www.caribaea.org\/es\/conexion\/\" \/>\n<meta property=\"og:site_name\" content=\"Caribaea Initiative\" \/>\n<meta property=\"article:modified_time\" content=\"2023-01-10T10:10:57+00:00\" \/>\n<meta name=\"twitter:card\" content=\"summary_large_image\" \/>\n<script type=\"application\/ld+json\" class=\"yoast-schema-graph\">{\"@context\":\"https:\/\/schema.org\",\"@graph\":[{\"@type\":\"WebPage\",\"@id\":\"https:\/\/www.caribaea.org\/es\/conexion\/\",\"url\":\"https:\/\/www.caribaea.org\/es\/conexion\/\",\"name\":\"Membres\u00eda > Conexi\u00f3n - Caribaea Initiative\",\"isPartOf\":{\"@id\":\"https:\/\/www.caribaea.org\/en\/#website\"},\"datePublished\":\"2020-12-01T04:27:06+00:00\",\"dateModified\":\"2023-01-10T10:10:57+00:00\",\"breadcrumb\":{\"@id\":\"https:\/\/www.caribaea.org\/es\/conexion\/#breadcrumb\"},\"inLanguage\":\"es\",\"potentialAction\":[{\"@type\":\"ReadAction\",\"target\":[\"https:\/\/www.caribaea.org\/es\/conexion\/\"]}]},{\"@type\":\"BreadcrumbList\",\"@id\":\"https:\/\/www.caribaea.org\/es\/conexion\/#breadcrumb\",\"itemListElement\":[{\"@type\":\"ListItem\",\"position\":1,\"name\":\"Accueil\",\"item\":\"https:\/\/www.caribaea.org\/es\/\"},{\"@type\":\"ListItem\",\"position\":2,\"name\":\"Membres\u00eda > Conexi\u00f3n\"}]},{\"@type\":\"WebSite\",\"@id\":\"https:\/\/www.caribaea.org\/en\/#website\",\"url\":\"https:\/\/www.caribaea.org\/en\/\",\"name\":\"Caribaea Initiative\",\"description\":\"\",\"potentialAction\":[{\"@type\":\"SearchAction\",\"target\":{\"@type\":\"EntryPoint\",\"urlTemplate\":\"https:\/\/www.caribaea.org\/en\/?s={search_term_string}\"},\"query-input\":{\"@type\":\"PropertyValueSpecification\",\"valueRequired\":true,\"valueName\":\"search_term_string\"}}],\"inLanguage\":\"es\"}]}<\/script>\n<!-- \/ Yoast SEO plugin. -->","yoast_head_json":{"title":"Membres\u00eda > Conexi\u00f3n - Caribaea Initiative","robots":{"index":"index","follow":"follow","max-snippet":"max-snippet:-1","max-image-preview":"max-image-preview:large","max-video-preview":"max-video-preview:-1"},"canonical":"https:\/\/www.caribaea.org\/es\/conexion\/","og_locale":"es_ES","og_type":"article","og_title":"Membres\u00eda > Conexi\u00f3n - Caribaea Initiative","og_description":"\u00bfYa era miembro? Inicie sesi\u00f3n en su cuenta de miembro y sus datos. Esta p\u00e1gina es solo para miembros de Caribaea Initiative. La asociaci\u00f3n Caribaea Initiative \u2013 Suisse no dispone de una plataforma de conexi\u00f3n online.","og_url":"https:\/\/www.caribaea.org\/es\/conexion\/","og_site_name":"Caribaea Initiative","article_modified_time":"2023-01-10T10:10:57+00:00","twitter_card":"summary_large_image","schema":{"@context":"https:\/\/schema.org","@graph":[{"@type":"WebPage","@id":"https:\/\/www.caribaea.org\/es\/conexion\/","url":"https:\/\/www.caribaea.org\/es\/conexion\/","name":"Membres\u00eda > Conexi\u00f3n - Caribaea Initiative","isPartOf":{"@id":"https:\/\/www.caribaea.org\/en\/#website"},"datePublished":"2020-12-01T04:27:06+00:00","dateModified":"2023-01-10T10:10:57+00:00","breadcrumb":{"@id":"https:\/\/www.caribaea.org\/es\/conexion\/#breadcrumb"},"inLanguage":"es","potentialAction":[{"@type":"ReadAction","target":["https:\/\/www.caribaea.org\/es\/conexion\/"]}]},{"@type":"BreadcrumbList","@id":"https:\/\/www.caribaea.org\/es\/conexion\/#breadcrumb","itemListElement":[{"@type":"ListItem","position":1,"name":"Accueil","item":"https:\/\/www.caribaea.org\/es\/"},{"@type":"ListItem","position":2,"name":"Membres\u00eda > Conexi\u00f3n"}]},{"@type":"WebSite","@id":"https:\/\/www.caribaea.org\/en\/#website","url":"https:\/\/www.caribaea.org\/en\/","name":"Caribaea Initiative","description":"","potentialAction":[{"@type":"SearchAction","target":{"@type":"EntryPoint","urlTemplate":"https:\/\/www.caribaea.org\/en\/?s={search_term_string}"},"query-input":{"@type":"PropertyValueSpecification","valueRequired":true,"valueName":"search_term_string"}}],"inLanguage":"es"}]}},"_links":{"self":[{"href":"https:\/\/www.caribaea.org\/es\/wp-json\/wp\/v2\/pages\/4665","targetHints":{"allow":["GET"]}}],"collection":[{"href":"https:\/\/www.caribaea.org\/es\/wp-json\/wp\/v2\/pages"}],"about":[{"href":"https:\/\/www.caribaea.org\/es\/wp-json\/wp\/v2\/types\/page"}],"author":[{"embeddable":true,"href":"https:\/\/www.caribaea.org\/es\/wp-json\/wp\/v2\/users\/1"}],"replies":[{"embeddable":true,"href":"https:\/\/www.caribaea.org\/es\/wp-json\/wp\/v2\/comments?post=4665"}],"version-history":[{"count":4,"href":"https:\/\/www.caribaea.org\/es\/wp-json\/wp\/v2\/pages\/4665\/revisions"}],"predecessor-version":[{"id":7494,"href":"https:\/\/www.caribaea.org\/es\/wp-json\/wp\/v2\/pages\/4665\/revisions\/7494"}],"wp:attachment":[{"href":"https:\/\/www.caribaea.org\/es\/wp-json\/wp\/v2\/media?parent=4665"}],"curies":[{"name":"wp","href":"https:\/\/api.w.org\/{rel}","templated":true}]}}