{"id":4844,"date":"2020-12-03T05:17:43","date_gmt":"2020-12-03T04:17:43","guid":{"rendered":"https:\/\/www.caribaea.org\/?page_id=4844"},"modified":"2025-05-20T10:24:52","modified_gmt":"2025-05-20T08:24:52","slug":"aviso-legal","status":"publish","type":"page","link":"https:\/\/www.caribaea.org\/es\/aviso-legal\/","title":{"rendered":"Aviso legal"},"content":{"rendered":"<div id=\"pl-4844\"  class=\"panel-layout\" ><div id=\"pg-4844-0\"  class=\"panel-grid panel-no-style\" ><div id=\"pgc-4844-0-0\"  class=\"panel-grid-cell\" ><div id=\"panel-4844-0-0-0\" class=\"so-panel widget widget_sow-editor panel-first-child panel-last-child\" data-index=\"0\" ><div\n\t\t\t\n\t\t\tclass=\"so-widget-sow-editor so-widget-sow-editor-base\"\n\t\t\t\n\t\t>\n<div class=\"siteorigin-widget-tinymce textwidget\">\n\t<h3>1. Presentaci\u00f3n del sitio<\/h3>\n<p>De conformidad con el art\u00edculo 6 de la Ley 2004-575, del 21 de junio de 2004, relativa a la confianza en la econom\u00eda digital, se informa a los usuarios del sitio web <a href=\"http:\/\/www.caribaea.org\">www.caribaea.org<\/a> de la identidad de las diversas partes que participan en su aplicaci\u00f3n y seguimiento:<\/p>\n<p><strong>Editor del sitio: <\/strong><br \/>\nCARIBAEA INITIATIVE, Asociaci\u00f3n - Siret : 811 334 549 00045 - 37, rue Jean Jaur\u00e8s, Le Raizet, 97139 Les Abymes, Guadalupe - <a href=\"mailto:contact@caribaea.org\">contact[at]caribaea.org<\/a><\/p>\n<p><strong>Director de la publicaci\u00f3n:<\/strong> Prof. Alain Sandoz - <a href=\"mailto:contact@caribaea.org\">contact[at]caribaea.org<\/a><br \/>\nLa persona responsable de la publicaci\u00f3n es una persona f\u00edsica o jur\u00eddica.<\/p>\n<p><strong>Dise\u00f1o y desarrollo : <\/strong><br \/>\nDELTA FLASH - 3, calle Yvan Audouard, 13200 Arles - <a href=\"https:\/\/www.deltaflash.fr\" target=\"_blank\" rel=\"noopener noreferrer\">www.deltaflash.fr<\/a><\/p>\n<p><strong>Alojamiento : <\/strong><br \/>\nOVH - 2 calle Kellermann, 59100 Roubaix - Francia<\/p>\n<h3>2. Condiciones generales de uso del sitio y servicios ofrecidos<\/h3>\n<p>El uso del sitio web <a href=\"http:\/\/www.caribaea.org\">www.caribaea.org<\/a> implica la aceptaci\u00f3n plena y completa de las condiciones generales de uso que se describen a continuaci\u00f3n. La redacci\u00f3n se reserva el derecho de modificar o corregir el contenido de este sitio y estos avisos legales en cualquier momento y sin previo aviso.<\/p>\n<p>El sitio web <a href=\"http:\/\/www.caribaea.org\">www.caribaea.org<\/a> es accesible las 24 horas del d\u00eda y los 7 d\u00edas de la semana, salvo en casos de fuerza mayor, dificultades inform\u00e1ticas, dificultades relacionadas con las redes de telecomunicaciones o dificultades t\u00e9cnicas. Por razones de mantenimiento, CARIBAEA INITIATIVE puede interrumpir el acceso al sitio y se esforzar\u00e1 por advertir a los usuarios con antelaci\u00f3n.<\/p>\n<p>CARIBAEA INITIATIVE no se hace responsable de ning\u00fan da\u00f1o directo o indirecto que pueda resultar del acceso o del uso del sitio, incluyendo la inaccesibilidad, la p\u00e9rdida de datos, los da\u00f1os, la destrucci\u00f3n o los virus que puedan afectar al equipo inform\u00e1tico del usuario, y\/o la presencia de virus en su sitio.<\/p>\n<h3>3. Descripci\u00f3n de los servicios prestados<\/h3>\n<p>El prop\u00f3sito del sitio web <a href=\"http:\/\/www.caribaea.org\">www.caribaea.org<\/a> es proporcionar informaci\u00f3n sobre todas las actividades de la asociaci\u00f3n.<\/p>\n<p>CARIBAEA INITIATIVE se esfuerza por proporcionar en el sitio <a href=\"http:\/\/www.caribaea.org\">www.caribaea.org<\/a> \u00a0informaci\u00f3n lo m\u00e1s precisa posible. Sin embargo, no puede considerarse responsable de las omisiones, inexactitudes y deficiencias en la actualizaci\u00f3n, ya sea que las haya causado \u00e9l mismo o los terceros asociados que le proporcionen esta informaci\u00f3n.<\/p>\n<p>Toda la informaci\u00f3n indicada en el sitio <a href=\"http:\/\/www.caribaea.org\">www.caribaea.org<\/a> se da a t\u00edtulo indicativo, y es probable que evolucione. Adem\u00e1s, la informaci\u00f3n del sitio web <a href=\"http:\/\/www.caribaea.org\">www.caribaea.org<\/a> no es exhaustiva. Se proporcionan a reserva de que se hayan realizado modificaciones desde que se pusieron en l\u00ednea.<\/p>\n<h3>4. Limitaciones contractuales de los datos t\u00e9cnicos<\/h3>\n<p>El sitio utiliza la tecnolog\u00eda JavaScript.<br \/>\nCARIBAEA INITIATIVE no puede ser considerado responsable de ning\u00fan da\u00f1o material relacionado con el uso del sitio. Adem\u00e1s, el usuario del sitio se compromete a acceder al mismo utilizando material reciente, libre de virus y con un navegador actualizado de \u00faltima generaci\u00f3n.<\/p>\n<h3>5. Propiedad intelectual<\/h3>\n<p>CARIBAEA INITIATIVE es propietaria de los derechos de propiedad intelectual o posee los derechos de uso sobre todos los elementos accesibles en el sitio, en particular, los textos, im\u00e1genes, gr\u00e1ficos, logotipos, \u00edconos, sonidos, software.<\/p>\n<p>Cr\u00e9ditos fotogr\u00e1ficos: todas las im\u00e1genes, a menos que se especifique en la propia imagen, son propiedad de CARIBAEA INITIATIVE.<br \/>\nLas im\u00e1genes con un cr\u00e9dito fotogr\u00e1fico diferente y especificado pertenecen al autor y se prestan a CARIBAEA INITIATIVE para su uso en el sitio web <a href=\"http:\/\/www.caribaea.org\">www.caribaea.org<\/a> \u00a0exclusivamente.<\/p>\n<p>Queda prohibida toda reproducci\u00f3n, representaci\u00f3n, modificaci\u00f3n, publicaci\u00f3n, adaptaci\u00f3n y\/o traducci\u00f3n de todo o parte de los elementos del sitio, cualquiera que sea el medio o el procedimiento utilizado, salvo autorizaci\u00f3n previa por escrito de CARIBAEA INITIATIVE.<\/p>\n<p>Toda utilizaci\u00f3n no autorizada del sitio o de cualquiera de los elementos que contiene se considerar\u00e1 una infracci\u00f3n y ser\u00e1 perseguida de conformidad con las disposiciones de los art\u00edculos L.335-2 y siguientes, del C\u00f3digo de la Propiedad Intelectual.<\/p>\n<h3>6. Limitaciones de la responsabilidad<\/h3>\n<p>CARIBAEA INITIATIVE no se hace responsable de los da\u00f1os directos o indirectos causados al equipo del usuario, al acceder al sitio <a href=\"http:\/\/www.caribaea.org\">www.caribaea.org<\/a>.<\/p>\n<p>CARIBAEA INITIATIVE tampoco ser\u00e1 responsable de los da\u00f1os indirectos (como la p\u00e9rdida de negocios o la p\u00e9rdida de oportunidades) que resulten del uso del sitio web <a href=\"http:\/\/www.caribaea.org\">www.caribaea.org<\/a> .<\/p>\n<p>Los usuarios disponen de espacios interactivos (posibilidad de hacer preguntas en la zona de contacto). CARIBAEA INITIATIVE se reserva el derecho de suprimir, sin previo aviso, cualquier contenido publicado en este espacio que contravenga la legislaci\u00f3n aplicable en Francia, en particular, las disposiciones relativas a la protecci\u00f3n de datos. Si es necesario, CARIBAEA INITIATIVE tambi\u00e9n se reserva el derecho de cuestionar la responsabilidad civil y\/o penal del usuario, en particular en el caso de un mensaje de car\u00e1cter racista, insultante, difamatorio o pornogr\u00e1fico, independientemente del medio utilizado (texto, fotograf\u00eda, etc.).<\/p>\n<h3>7. Gesti\u00f3n de los datos personales<\/h3>\n<p>El tratamiento de datos personales realizado en el sitio web <a href=\"https:\/\/www.caribaea.org\">www.caribaea.org<\/a> se basa en el inter\u00e9s leg\u00edtimo de prestar servicios a los usuarios y enviarles informaci\u00f3n sobre actividades adaptadas a su situaci\u00f3n.<br \/>\nEn particular, se informa a los usuarios de que los datos que facilitan voluntariamente (apellidos, nombre, n\u00famero de tel\u00e9fono, direcci\u00f3n de correo electr\u00f3nico) a trav\u00e9s de los formularios del sitio son necesarios para responder a su solicitud y est\u00e1n destinados a los servicios encargados de responder a su solicitud a efectos del seguimiento de la misma. Se informa a los usuarios de si est\u00e1n obligados o no a facilitar esta informaci\u00f3n.<\/p>\n<p>De conformidad con lo dispuesto en los art\u00edculos 39 y 40 de la Ley n.\u00ba 78-17, de 6 de enero de 1978, relativa a la inform\u00e1tica, los archivos y las libertades (LIL), en su versi\u00f3n modificada, y en el Reglamento (UE) 2016\/679 del Parlamento Europeo y del Consejo, de 27 de abril de 2016, relativo a la protecci\u00f3n de las personas f\u00edsicas en lo que respecta al tratamiento de datos personales y a la libre circulaci\u00f3n de estos datos y por el que se deroga la Directiva 95\/46\/CE \"Reglamento general de protecci\u00f3n de datos\", cualquier usuario podr\u00e1 oponerse en cualquier momento a recibir informaci\u00f3n utilizando el enlace para darse de baja que aparece en cada mensaje de CARIBAEA INICIATIVA, solicitar el acceso, la portabilidad a un tercero, la rectificaci\u00f3n o la supresi\u00f3n de la informaci\u00f3n que le concierne tratada por CARIBAEA INICIATIVA. El usuario tambi\u00e9n podr\u00e1 oponerse, por motivos leg\u00edtimos, a que sus datos sean tratados y, sin motivo y sin coste alguno, a que sus datos sean utilizados con fines de prospecci\u00f3n comercial.<\/p>\n<p>Para ejercer este derecho, el Usuario puede dirigirse por escrito a la siguiente direcci\u00f3n: <a href=\"mailto:contact@caribaea.org\">contact[at]caribaea.org<\/a>, o por correo postal a <strong>CARIBAEA INITIATIVE, 37, rue Jean Jaur\u00e8s, Le Raizet, 97139 Les Abymes, Guadalupe<\/strong>, especificando \"Derechos personales\" en el asunto de la carta y adjuntando una copia del documento de identidad.<br \/>\nPara obtener m\u00e1s informaci\u00f3n sobre el tratamiento de sus datos personales y sus derechos, se invita a los Usuarios a consultar la <a href=\"https:\/\/www.caribaea.org\/es\/politica-de-privacidad\/\">Carta de Protecci\u00f3n de Datos Personales<\/a>.<\/p>\n<p>Ninguna informaci\u00f3n personal del Usuario del sitio <a href=\"https:\/\/www.caribaea.org\">www.caribaea.org<\/a> es publicada sin su conocimiento, intercambiada, transferida, cedida o vendida en ning\u00fan soporte a terceros.<\/p>\n<p>Desde la entrada en vigor del RGPD, ya no es obligatorio declarar los sitios web a la CNIL. Por lo tanto, este sitio no ha sido declarado.<\/p>\n<p>Las bases de datos est\u00e1n protegidas por las disposiciones de la Ley de 1 de julio de 1998 por la que se transpone la Directiva 96\/9 de 11 de marzo de 1996 sobre la protecci\u00f3n jur\u00eddica de las bases de datos.<\/p>\n<h3>8. Enlaces de hipertexto y cookies<\/h3>\n<p>El sitio <a href=\"https:\/\/www.caribaea.org\">www.caribaea.org<\/a> puede contener un cierto n\u00famero de enlaces de hipertexto a otros sitios, establecidos con la autorizaci\u00f3n de CARIBAEA INITIATIVE. Sin embargo, CARIBAEA INITIATIVE no se hace responsable de la falta de disponibilidad de los sitios de terceros, su contenido, publicidad u otros elementos disponibles en estos sitios. Por lo tanto, CARIBAEA INITIATIVE no puede ser considerada responsable de ning\u00fan sitio de terceros al que pueda haber tenido acceso.<\/p>\n<p>Los sitios externos pueden contener enlaces de hipertexto que apuntan a este sitio. Dicho enlace no puede ser instalado sin el consentimiento previo y por escrito de CARIBAEA INITIATIVE.<\/p>\n<p>La navegaci\u00f3n por el sitio web <a href=\"https:\/\/www.caribaea.org\">www.caribaea.org<\/a> puede provocar la instalaci\u00f3n de cookies en el ordenador del usuario. Una cookie es un peque\u00f1o archivo que no permite identificar al usuario, pero que registra informaci\u00f3n relativa a la navegaci\u00f3n de un ordenador en un sitio. Los datos obtenidos de este modo est\u00e1n destinados a facilitar la navegaci\u00f3n posterior por el sitio y tambi\u00e9n se utilizan para medir el n\u00famero de visitantes. Adem\u00e1s, si el usuario autoriza las cookies, \u00e9stas se utilizar\u00e1n para elaborar estad\u00edsticas an\u00f3nimas sobre el tr\u00e1fico del sitio.<br \/>\nPara m\u00e1s detalles sobre nuestra pol\u00edtica de cookies, consulte la <a href=\"https:\/\/www.caribaea.org\/es\/politica-de-privacidad\/\">Carta de Protecci\u00f3n de Datos Personales<\/a>.<\/p>\n<h3>9. Derecho aplicable en caso de controversia<\/h3>\n<p>Toda controversia relacionada con el uso del sitio <a href=\"http:\/\/www.caribaea.org\">www.caribaea.org<\/a> \u00a0est\u00e1 sujeta a la legislaci\u00f3n francesa. La jurisdicci\u00f3n exclusiva se otorga a los tribunales franceses competentes.<\/p>\n<p>&nbsp;<\/p>\n<\/div>\n<\/div><\/div><\/div><\/div><\/div>","protected":false},"excerpt":{"rendered":"<p>1. Presentaci\u00f3n del sitio De conformidad con el art\u00edculo 6 de la Ley 2004-575, del 21 de junio de 2004, relativa a la confianza en la econom\u00eda digital, se informa a los usuarios del sitio web www.caribaea.org de la identidad de las diversas partes que participan en su aplicaci\u00f3n y seguimiento: Editor del sitio: CARIBAEA [&hellip;]<\/p>\n","protected":false},"author":1,"featured_media":0,"parent":0,"menu_order":30,"comment_status":"closed","ping_status":"closed","template":"","meta":{"footnotes":""},"class_list":["post-4844","page","type-page","status-publish","hentry"],"yoast_head":"<!-- This site is optimized with the Yoast SEO plugin v26.6 - https:\/\/yoast.com\/wordpress\/plugins\/seo\/ -->\n<title>Aviso legal - Caribaea Initiative<\/title>\n<meta name=\"robots\" content=\"index, follow, max-snippet:-1, max-image-preview:large, max-video-preview:-1\" \/>\n<link rel=\"canonical\" href=\"https:\/\/www.caribaea.org\/en\/legal-notices\/\" \/>\n<meta property=\"og:locale\" content=\"es_ES\" \/>\n<meta property=\"og:type\" content=\"article\" \/>\n<meta property=\"og:title\" content=\"Aviso legal - Caribaea Initiative\" \/>\n<meta property=\"og:description\" content=\"1. Presentaci\u00f3n del sitio De conformidad con el art\u00edculo 6 de la Ley 2004-575, del 21 de junio de 2004, relativa a la confianza en la econom\u00eda digital, se informa a los usuarios del sitio web www.caribaea.org de la identidad de las diversas partes que participan en su aplicaci\u00f3n y seguimiento: Editor del sitio: CARIBAEA [&hellip;]\" \/>\n<meta property=\"og:url\" content=\"https:\/\/www.caribaea.org\/en\/legal-notices\/\" \/>\n<meta property=\"og:site_name\" content=\"Caribaea Initiative\" \/>\n<meta property=\"article:modified_time\" content=\"2025-05-20T08:24:52+00:00\" \/>\n<meta name=\"twitter:card\" content=\"summary_large_image\" \/>\n<meta name=\"twitter:label1\" content=\"Tiempo de lectura\" \/>\n\t<meta name=\"twitter:data1\" content=\"8 minutos\" \/>\n<script type=\"application\/ld+json\" class=\"yoast-schema-graph\">{\"@context\":\"https:\/\/schema.org\",\"@graph\":[{\"@type\":\"WebPage\",\"@id\":\"https:\/\/www.caribaea.org\/en\/legal-notices\/\",\"url\":\"https:\/\/www.caribaea.org\/en\/legal-notices\/\",\"name\":\"Aviso legal - Caribaea Initiative\",\"isPartOf\":{\"@id\":\"https:\/\/www.caribaea.org\/en\/#website\"},\"datePublished\":\"2020-12-03T04:17:43+00:00\",\"dateModified\":\"2025-05-20T08:24:52+00:00\",\"breadcrumb\":{\"@id\":\"https:\/\/www.caribaea.org\/en\/legal-notices\/#breadcrumb\"},\"inLanguage\":\"es\",\"potentialAction\":[{\"@type\":\"ReadAction\",\"target\":[\"https:\/\/www.caribaea.org\/en\/legal-notices\/\"]}]},{\"@type\":\"BreadcrumbList\",\"@id\":\"https:\/\/www.caribaea.org\/en\/legal-notices\/#breadcrumb\",\"itemListElement\":[{\"@type\":\"ListItem\",\"position\":1,\"name\":\"Accueil\",\"item\":\"https:\/\/www.caribaea.org\/es\/\"},{\"@type\":\"ListItem\",\"position\":2,\"name\":\"Aviso legal\"}]},{\"@type\":\"WebSite\",\"@id\":\"https:\/\/www.caribaea.org\/en\/#website\",\"url\":\"https:\/\/www.caribaea.org\/en\/\",\"name\":\"Caribaea Initiative\",\"description\":\"\",\"potentialAction\":[{\"@type\":\"SearchAction\",\"target\":{\"@type\":\"EntryPoint\",\"urlTemplate\":\"https:\/\/www.caribaea.org\/en\/?s={search_term_string}\"},\"query-input\":{\"@type\":\"PropertyValueSpecification\",\"valueRequired\":true,\"valueName\":\"search_term_string\"}}],\"inLanguage\":\"es\"}]}<\/script>\n<!-- \/ Yoast SEO plugin. -->","yoast_head_json":{"title":"Aviso legal - Caribaea Initiative","robots":{"index":"index","follow":"follow","max-snippet":"max-snippet:-1","max-image-preview":"max-image-preview:large","max-video-preview":"max-video-preview:-1"},"canonical":"https:\/\/www.caribaea.org\/en\/legal-notices\/","og_locale":"es_ES","og_type":"article","og_title":"Aviso legal - Caribaea Initiative","og_description":"1. Presentaci\u00f3n del sitio De conformidad con el art\u00edculo 6 de la Ley 2004-575, del 21 de junio de 2004, relativa a la confianza en la econom\u00eda digital, se informa a los usuarios del sitio web www.caribaea.org de la identidad de las diversas partes que participan en su aplicaci\u00f3n y seguimiento: Editor del sitio: CARIBAEA [&hellip;]","og_url":"https:\/\/www.caribaea.org\/en\/legal-notices\/","og_site_name":"Caribaea Initiative","article_modified_time":"2025-05-20T08:24:52+00:00","twitter_card":"summary_large_image","twitter_misc":{"Tiempo de lectura":"8 minutos"},"schema":{"@context":"https:\/\/schema.org","@graph":[{"@type":"WebPage","@id":"https:\/\/www.caribaea.org\/en\/legal-notices\/","url":"https:\/\/www.caribaea.org\/en\/legal-notices\/","name":"Aviso legal - Caribaea Initiative","isPartOf":{"@id":"https:\/\/www.caribaea.org\/en\/#website"},"datePublished":"2020-12-03T04:17:43+00:00","dateModified":"2025-05-20T08:24:52+00:00","breadcrumb":{"@id":"https:\/\/www.caribaea.org\/en\/legal-notices\/#breadcrumb"},"inLanguage":"es","potentialAction":[{"@type":"ReadAction","target":["https:\/\/www.caribaea.org\/en\/legal-notices\/"]}]},{"@type":"BreadcrumbList","@id":"https:\/\/www.caribaea.org\/en\/legal-notices\/#breadcrumb","itemListElement":[{"@type":"ListItem","position":1,"name":"Accueil","item":"https:\/\/www.caribaea.org\/es\/"},{"@type":"ListItem","position":2,"name":"Aviso legal"}]},{"@type":"WebSite","@id":"https:\/\/www.caribaea.org\/en\/#website","url":"https:\/\/www.caribaea.org\/en\/","name":"Caribaea Initiative","description":"","potentialAction":[{"@type":"SearchAction","target":{"@type":"EntryPoint","urlTemplate":"https:\/\/www.caribaea.org\/en\/?s={search_term_string}"},"query-input":{"@type":"PropertyValueSpecification","valueRequired":true,"valueName":"search_term_string"}}],"inLanguage":"es"}]}},"_links":{"self":[{"href":"https:\/\/www.caribaea.org\/es\/wp-json\/wp\/v2\/pages\/4844","targetHints":{"allow":["GET"]}}],"collection":[{"href":"https:\/\/www.caribaea.org\/es\/wp-json\/wp\/v2\/pages"}],"about":[{"href":"https:\/\/www.caribaea.org\/es\/wp-json\/wp\/v2\/types\/page"}],"author":[{"embeddable":true,"href":"https:\/\/www.caribaea.org\/es\/wp-json\/wp\/v2\/users\/1"}],"replies":[{"embeddable":true,"href":"https:\/\/www.caribaea.org\/es\/wp-json\/wp\/v2\/comments?post=4844"}],"version-history":[{"count":4,"href":"https:\/\/www.caribaea.org\/es\/wp-json\/wp\/v2\/pages\/4844\/revisions"}],"predecessor-version":[{"id":11940,"href":"https:\/\/www.caribaea.org\/es\/wp-json\/wp\/v2\/pages\/4844\/revisions\/11940"}],"wp:attachment":[{"href":"https:\/\/www.caribaea.org\/es\/wp-json\/wp\/v2\/media?parent=4844"}],"curies":[{"name":"wp","href":"https:\/\/api.w.org\/{rel}","templated":true}]}}