{"id":5429,"date":"2021-03-07T18:54:37","date_gmt":"2021-03-07T17:54:37","guid":{"rendered":"https:\/\/www.caribaea.org\/?page_id=5429"},"modified":"2025-02-07T09:58:43","modified_gmt":"2025-02-07T08:58:43","slug":"ofertas-de-empleo","status":"publish","type":"page","link":"https:\/\/www.caribaea.org\/es\/ofertas-de-empleo\/","title":{"rendered":"Ofertas de empleo"},"content":{"rendered":"<div id=\"pl-5429\"  class=\"panel-layout\" ><div id=\"pg-5429-0\"  class=\"panel-grid panel-no-style\" ><div id=\"pgc-5429-0-0\"  class=\"panel-grid-cell\" ><div id=\"panel-5429-0-0-0\" class=\"so-panel widget widget_sow-editor panel-first-child\" data-index=\"0\" ><div\n\t\t\t\n\t\t\tclass=\"so-widget-sow-editor so-widget-sow-editor-base\"\n\t\t\t\n\t\t><h3 class=\"widget-title\">Gestor de proyectos - Especies ex\u00f3ticas invasoras<\/h3>\n<div class=\"siteorigin-widget-tinymce textwidget\">\n\t<p><em><span style=\"color: #808080;\">Tipo de contrato: plazo fijo - Guadalupe - Plazo de solicitud: 17 de febrero de 2025<br \/>\n<\/span><\/em><\/p>\n<p><a href=\"https:\/\/www.caribaea.org\/wp-content\/uploads\/2025\/02\/2025_Offre_emploi-Charge_de_mission_CIMBA.pdf\" target=\"_blank\" rel=\"noopener noreferrer\">&gt;&gt; Descripci\u00f3n de la oferta (en franc\u00e9s) &lt;&lt;<\/a><\/p>\n<\/div>\n<\/div><\/div><div id=\"panel-5429-0-0-1\" class=\"so-panel widget widget_sow-editor\" data-index=\"1\" ><div\n\t\t\t\n\t\t\tclass=\"so-widget-sow-editor so-widget-sow-editor-base\"\n\t\t\t\n\t\t><h3 class=\"widget-title\">T\u00e9cnico de Campo <\/h3>\n<div class=\"siteorigin-widget-tinymce textwidget\">\n\t<p><em><span style=\"color: #808080;\">Tipo de contrato: plazo fijo - Martinica - Plazo de solicitud: 31 de enero de 2025<br \/>\n<\/span><\/em><\/p>\n<p><a href=\"https:\/\/www.caribaea.org\/wp-content\/uploads\/2025\/01\/2025_Job_Offer_Caribaea_Initiative_field_technician.pdf\" target=\"_blank\" rel=\"noopener noreferrer\">&gt;&gt; Descripci\u00f3n de la oferta (en Ingl\u00e9s) &lt;&lt;<\/a><\/p>\n<\/div>\n<\/div><\/div><div id=\"panel-5429-0-0-2\" class=\"so-panel widget widget_sow-editor\" data-index=\"2\" ><div\n\t\t\t\n\t\t\tclass=\"so-widget-sow-editor so-widget-sow-editor-base\"\n\t\t\t\n\t\t><h3 class=\"widget-title\">T\u00e9cnico de Campo <\/h3>\n<div class=\"siteorigin-widget-tinymce textwidget\">\n\t<p><em><span style=\"color: #808080;\">Tipo de contrato: plazo fijo - Guadalupe - Plazo de solicitud: 19 de enero de 2025<br \/>\n<\/span><\/em><\/p>\n<p><a href=\"https:\/\/www.caribaea.org\/wp-content\/uploads\/2024\/12\/2024_Offre_emploi-Charge_de_mission_BioEco-PROJET_DEVIMTOR.pdf\" target=\"_blank\" rel=\"noopener noreferrer\">&gt;&gt; Descripci\u00f3n de la oferta (en franc\u00e9s) &lt;&lt;<\/a><\/p>\n<\/div>\n<\/div><\/div><div id=\"panel-5429-0-0-3\" class=\"so-panel widget widget_sow-editor\" data-index=\"3\" ><div\n\t\t\t\n\t\t\tclass=\"so-widget-sow-editor so-widget-sow-editor-base\"\n\t\t\t\n\t\t><h3 class=\"widget-title\">T\u00e9cnico de Campo <\/h3>\n<div class=\"siteorigin-widget-tinymce textwidget\">\n\t<p><em><span style=\"color: #808080;\">Tipo de contrato: plazo fijo - Guadalupe - Plazo de solicitud: 15 de agosto de 2024<br \/>\n<\/span><\/em><\/p>\n<p><a href=\"https:\/\/www.caribaea.org\/wp-content\/uploads\/2024\/07\/2024_Offre_emploi_Technicien_de_terrain.pdf\" target=\"_blank\" rel=\"noopener noreferrer\">&gt;&gt; Descripci\u00f3n de la oferta (en franc\u00e9s) &lt;&lt;<\/a><\/p>\n<\/div>\n<\/div><\/div><div id=\"panel-5429-0-0-4\" class=\"so-panel widget widget_sow-editor\" data-index=\"4\" ><div\n\t\t\t\n\t\t\tclass=\"so-widget-sow-editor so-widget-sow-editor-base\"\n\t\t\t\n\t\t><h3 class=\"widget-title\">Gestor de proyectos - seguimiento de especies aviares <\/h3>\n<div class=\"siteorigin-widget-tinymce textwidget\">\n\t<p><em><span style=\"color: #808080;\">Tipo de contrato: plazo fijo - Martinica - Plazo de solicitud: 31 de enero de 2024<\/span><\/em><\/p>\n<p><a href=\"https:\/\/www.caribaea.org\/wp-content\/uploads\/2023\/11\/2024_Offre_emploi_Charge_de_mission_BioEco.pdf\" target=\"_blank\" rel=\"noopener noreferrer\">&gt;&gt; Descripci\u00f3n de la oferta (en franc\u00e9s) &lt;&lt;<\/a><\/p>\n<\/div>\n<\/div><\/div><div id=\"panel-5429-0-0-5\" class=\"so-panel widget widget_sow-editor\" data-index=\"5\" ><div\n\t\t\t\n\t\t\tclass=\"so-widget-sow-editor so-widget-sow-editor-base\"\n\t\t\t\n\t\t><h3 class=\"widget-title\">T\u00e9cnico de Campo en Ornitolog\u00eda<\/h3>\n<div class=\"siteorigin-widget-tinymce textwidget\">\n\t<em><span style=\"color: #808080;\">Tipo de contrato: plazo fijo - Guadalupe \/ San Mart\u00edn - Plazo de solicitud: 10 de marzo de 2023<\/span><\/em>\n\n<a href=\"https:\/\/www.caribaea.org\/wp-content\/uploads\/2023\/02\/2023_Offre_emploi_technicien_BioEco.pdf\" target=\"_blank\" rel=\"noopener noreferrer\">&gt;&gt; Descripci\u00f3n de la oferta (en franc\u00e9s) &lt;&lt;<\/a><\/div>\n<\/div><\/div><div id=\"panel-5429-0-0-6\" class=\"so-panel widget widget_sow-editor panel-last-child\" data-index=\"6\" ><div\n\t\t\t\n\t\t\tclass=\"so-widget-sow-editor so-widget-sow-editor-base\"\n\t\t\t\n\t\t><h3 class=\"widget-title\">Director de Programas M\/F<\/h3>\n<div class=\"siteorigin-widget-tinymce textwidget\">\n\t<em><span style=\"color: #808080;\">Tipo de contrato: Indefinido - Guadalupe \/ Rep\u00fablica Dominicana - P<span class=\"VIiyi\" lang=\"es\"><span class=\"JLqJ4b ChMk0b\" data-language-for-alternatives=\"es\" data-language-to-translate-into=\"auto\" data-phrase-index=\"0\">lazo de solicitud<\/span><\/span>: 15 de abril de 2021<\/span><\/em>\n\n<br \/><br \/><a href=\"https:\/\/www.caribaea.org\/wp-content\/uploads\/2021\/03\/Director_de_Programas.pdf\" target=\"_blank\" rel=\"noopener noreferrer\">&gt;&gt; Descripci\u00f3n de la oferta &lt;&lt;<\/a><\/div>\n<\/div><\/div><\/div><\/div><\/div>","protected":false},"excerpt":{"rendered":"<p>Tipo de contrato: plazo fijo &#8211; Guadalupe &#8211; Plazo de solicitud: 17 de febrero de 2025 &gt;&gt; Descripci\u00f3n de la oferta (en franc\u00e9s) &lt;&lt; Tipo de contrato: plazo fijo &#8211; Martinica &#8211; Plazo de solicitud: 31 de enero de 2025 &gt;&gt; Descripci\u00f3n de la oferta (en Ingl\u00e9s) &lt;&lt; Tipo de contrato: plazo fijo &#8211; Guadalupe [&hellip;]<\/p>\n","protected":false},"author":34,"featured_media":0,"parent":0,"menu_order":26,"comment_status":"closed","ping_status":"closed","template":"","meta":{"footnotes":""},"class_list":["post-5429","page","type-page","status-publish","hentry"],"yoast_head":"<!-- This site is optimized with the Yoast SEO plugin v26.6 - https:\/\/yoast.com\/wordpress\/plugins\/seo\/ -->\n<title>Ofertas de empleo - Caribaea Initiative<\/title>\n<meta name=\"robots\" content=\"index, follow, max-snippet:-1, max-image-preview:large, max-video-preview:-1\" \/>\n<link rel=\"canonical\" href=\"https:\/\/www.caribaea.org\/en\/job-offers\/\" \/>\n<meta property=\"og:locale\" content=\"es_ES\" \/>\n<meta property=\"og:type\" content=\"article\" \/>\n<meta property=\"og:title\" content=\"Ofertas de empleo - Caribaea Initiative\" \/>\n<meta property=\"og:description\" content=\"Tipo de contrato: plazo fijo - Guadalupe - Plazo de solicitud: 17 de febrero de 2025 &gt;&gt; Descripci\u00f3n de la oferta (en franc\u00e9s) &lt;&lt; Tipo de contrato: plazo fijo - Martinica - Plazo de solicitud: 31 de enero de 2025 &gt;&gt; Descripci\u00f3n de la oferta (en Ingl\u00e9s) &lt;&lt; Tipo de contrato: plazo fijo - Guadalupe [&hellip;]\" \/>\n<meta property=\"og:url\" content=\"https:\/\/www.caribaea.org\/en\/job-offers\/\" \/>\n<meta property=\"og:site_name\" content=\"Caribaea Initiative\" \/>\n<meta property=\"article:modified_time\" content=\"2025-02-07T08:58:43+00:00\" \/>\n<meta name=\"twitter:card\" content=\"summary_large_image\" \/>\n<meta name=\"twitter:label1\" content=\"Tiempo de lectura\" \/>\n\t<meta name=\"twitter:data1\" content=\"1 minuto\" \/>\n<script type=\"application\/ld+json\" class=\"yoast-schema-graph\">{\"@context\":\"https:\/\/schema.org\",\"@graph\":[{\"@type\":\"WebPage\",\"@id\":\"https:\/\/www.caribaea.org\/en\/job-offers\/\",\"url\":\"https:\/\/www.caribaea.org\/en\/job-offers\/\",\"name\":\"Ofertas de empleo - Caribaea Initiative\",\"isPartOf\":{\"@id\":\"https:\/\/www.caribaea.org\/en\/#website\"},\"datePublished\":\"2021-03-07T17:54:37+00:00\",\"dateModified\":\"2025-02-07T08:58:43+00:00\",\"breadcrumb\":{\"@id\":\"https:\/\/www.caribaea.org\/en\/job-offers\/#breadcrumb\"},\"inLanguage\":\"es\",\"potentialAction\":[{\"@type\":\"ReadAction\",\"target\":[\"https:\/\/www.caribaea.org\/en\/job-offers\/\"]}]},{\"@type\":\"BreadcrumbList\",\"@id\":\"https:\/\/www.caribaea.org\/en\/job-offers\/#breadcrumb\",\"itemListElement\":[{\"@type\":\"ListItem\",\"position\":1,\"name\":\"Accueil\",\"item\":\"https:\/\/www.caribaea.org\/es\/\"},{\"@type\":\"ListItem\",\"position\":2,\"name\":\"Ofertas de empleo\"}]},{\"@type\":\"WebSite\",\"@id\":\"https:\/\/www.caribaea.org\/en\/#website\",\"url\":\"https:\/\/www.caribaea.org\/en\/\",\"name\":\"Caribaea Initiative\",\"description\":\"\",\"potentialAction\":[{\"@type\":\"SearchAction\",\"target\":{\"@type\":\"EntryPoint\",\"urlTemplate\":\"https:\/\/www.caribaea.org\/en\/?s={search_term_string}\"},\"query-input\":{\"@type\":\"PropertyValueSpecification\",\"valueRequired\":true,\"valueName\":\"search_term_string\"}}],\"inLanguage\":\"es\"}]}<\/script>\n<!-- \/ Yoast SEO plugin. -->","yoast_head_json":{"title":"Ofertas de empleo - Caribaea Initiative","robots":{"index":"index","follow":"follow","max-snippet":"max-snippet:-1","max-image-preview":"max-image-preview:large","max-video-preview":"max-video-preview:-1"},"canonical":"https:\/\/www.caribaea.org\/en\/job-offers\/","og_locale":"es_ES","og_type":"article","og_title":"Ofertas de empleo - Caribaea Initiative","og_description":"Tipo de contrato: plazo fijo - Guadalupe - Plazo de solicitud: 17 de febrero de 2025 &gt;&gt; Descripci\u00f3n de la oferta (en franc\u00e9s) &lt;&lt; Tipo de contrato: plazo fijo - Martinica - Plazo de solicitud: 31 de enero de 2025 &gt;&gt; Descripci\u00f3n de la oferta (en Ingl\u00e9s) &lt;&lt; Tipo de contrato: plazo fijo - Guadalupe [&hellip;]","og_url":"https:\/\/www.caribaea.org\/en\/job-offers\/","og_site_name":"Caribaea Initiative","article_modified_time":"2025-02-07T08:58:43+00:00","twitter_card":"summary_large_image","twitter_misc":{"Tiempo de lectura":"1 minuto"},"schema":{"@context":"https:\/\/schema.org","@graph":[{"@type":"WebPage","@id":"https:\/\/www.caribaea.org\/en\/job-offers\/","url":"https:\/\/www.caribaea.org\/en\/job-offers\/","name":"Ofertas de empleo - Caribaea Initiative","isPartOf":{"@id":"https:\/\/www.caribaea.org\/en\/#website"},"datePublished":"2021-03-07T17:54:37+00:00","dateModified":"2025-02-07T08:58:43+00:00","breadcrumb":{"@id":"https:\/\/www.caribaea.org\/en\/job-offers\/#breadcrumb"},"inLanguage":"es","potentialAction":[{"@type":"ReadAction","target":["https:\/\/www.caribaea.org\/en\/job-offers\/"]}]},{"@type":"BreadcrumbList","@id":"https:\/\/www.caribaea.org\/en\/job-offers\/#breadcrumb","itemListElement":[{"@type":"ListItem","position":1,"name":"Accueil","item":"https:\/\/www.caribaea.org\/es\/"},{"@type":"ListItem","position":2,"name":"Ofertas de empleo"}]},{"@type":"WebSite","@id":"https:\/\/www.caribaea.org\/en\/#website","url":"https:\/\/www.caribaea.org\/en\/","name":"Caribaea Initiative","description":"","potentialAction":[{"@type":"SearchAction","target":{"@type":"EntryPoint","urlTemplate":"https:\/\/www.caribaea.org\/en\/?s={search_term_string}"},"query-input":{"@type":"PropertyValueSpecification","valueRequired":true,"valueName":"search_term_string"}}],"inLanguage":"es"}]}},"_links":{"self":[{"href":"https:\/\/www.caribaea.org\/es\/wp-json\/wp\/v2\/pages\/5429","targetHints":{"allow":["GET"]}}],"collection":[{"href":"https:\/\/www.caribaea.org\/es\/wp-json\/wp\/v2\/pages"}],"about":[{"href":"https:\/\/www.caribaea.org\/es\/wp-json\/wp\/v2\/types\/page"}],"author":[{"embeddable":true,"href":"https:\/\/www.caribaea.org\/es\/wp-json\/wp\/v2\/users\/34"}],"replies":[{"embeddable":true,"href":"https:\/\/www.caribaea.org\/es\/wp-json\/wp\/v2\/comments?post=5429"}],"version-history":[{"count":4,"href":"https:\/\/www.caribaea.org\/es\/wp-json\/wp\/v2\/pages\/5429\/revisions"}],"predecessor-version":[{"id":11444,"href":"https:\/\/www.caribaea.org\/es\/wp-json\/wp\/v2\/pages\/5429\/revisions\/11444"}],"wp:attachment":[{"href":"https:\/\/www.caribaea.org\/es\/wp-json\/wp\/v2\/media?parent=5429"}],"curies":[{"name":"wp","href":"https:\/\/api.w.org\/{rel}","templated":true}]}}