{"id":7513,"date":"2023-02-07T03:17:01","date_gmt":"2023-02-07T02:17:01","guid":{"rendered":"https:\/\/www.caribaea.org\/?page_id=7513"},"modified":"2023-11-07T11:52:42","modified_gmt":"2023-11-07T10:52:42","slug":"proyectos-estudiantiles","status":"publish","type":"page","link":"https:\/\/www.caribaea.org\/es\/nuestros-proyectos\/proyectos-estudiantiles\/","title":{"rendered":"Proyectos estudiantiles"},"content":{"rendered":"<div id=\"pl-7513\"  class=\"panel-layout\" ><div id=\"pg-7513-0\"  class=\"panel-grid panel-no-style\" ><div id=\"pgc-7513-0-0\"  class=\"panel-grid-cell\" ><div id=\"panel-7513-0-0-0\" class=\"so-panel widget widget_text panel-first-child\" data-index=\"0\" >\t\t\t<div class=\"textwidget\"><p>Nuestra misi\u00f3n consiste en fortalecer los conocimientos cient\u00edficos del Caribe insular relativos al estudio y la conservaci\u00f3n de la biodiversidad excepcional de la regi\u00f3n. Con este fin, apoyamos estudios y proyectos de investigaci\u00f3n de estudiantes, principalmente a nivel de m\u00e1ster y doctorado. A continuaci\u00f3n figuran los proyectos de investigaci\u00f3n de estudiantes apoyados por Caribaea Initiative.<\/p>\n<p>Tenga en cuenta que la asociaci\u00f3n no responde a solicitudes no solicitadas de pr\u00e1cticas o apoyo financiero.<\/p>\n<\/div>\n\t\t<\/div><div id=\"panel-7513-0-0-1\" class=\"so-panel widget widget_sow-editor panel-last-child\" data-index=\"1\" ><div\n\t\t\t\n\t\t\tclass=\"so-widget-sow-editor so-widget-sow-editor-base\"\n\t\t\t\n\t\t>\n<div class=\"siteorigin-widget-tinymce textwidget\">\n\t<\/div>\n<\/div><\/div><\/div><\/div><\/div>","protected":false},"excerpt":{"rendered":"<p>Nuestra misi\u00f3n consiste en fortalecer los conocimientos cient\u00edficos del Caribe insular relativos al estudio y la conservaci\u00f3n de la biodiversidad excepcional de la regi\u00f3n. Con este fin, apoyamos estudios y proyectos de investigaci\u00f3n de estudiantes, principalmente a nivel de m\u00e1ster y doctorado. A continuaci\u00f3n figuran los proyectos de investigaci\u00f3n de estudiantes apoyados por Caribaea Initiative. [&hellip;]<\/p>\n","protected":false},"author":1,"featured_media":0,"parent":4181,"menu_order":2,"comment_status":"closed","ping_status":"closed","template":"projets-themes-tous.php","meta":{"footnotes":""},"class_list":["post-7513","page","type-page","status-publish","hentry"],"yoast_head":"<!-- This site is optimized with the Yoast SEO plugin v26.6 - https:\/\/yoast.com\/wordpress\/plugins\/seo\/ -->\n<title>Proyectos estudiantiles - Caribaea Initiative<\/title>\n<meta name=\"robots\" content=\"index, follow, max-snippet:-1, max-image-preview:large, max-video-preview:-1\" \/>\n<link rel=\"canonical\" href=\"https:\/\/www.caribaea.org\/es\/nuestros-proyectos\/proyectos-estudiantiles\/\" \/>\n<meta property=\"og:locale\" content=\"es_ES\" \/>\n<meta property=\"og:type\" content=\"article\" \/>\n<meta property=\"og:title\" content=\"Proyectos estudiantiles - Caribaea Initiative\" \/>\n<meta property=\"og:description\" content=\"Nuestra misi\u00f3n consiste en fortalecer los conocimientos cient\u00edficos del Caribe insular relativos al estudio y la conservaci\u00f3n de la biodiversidad excepcional de la regi\u00f3n. Con este fin, apoyamos estudios y proyectos de investigaci\u00f3n de estudiantes, principalmente a nivel de m\u00e1ster y doctorado. A continuaci\u00f3n figuran los proyectos de investigaci\u00f3n de estudiantes apoyados por Caribaea Initiative. [&hellip;]\" \/>\n<meta property=\"og:url\" content=\"https:\/\/www.caribaea.org\/es\/nuestros-proyectos\/proyectos-estudiantiles\/\" \/>\n<meta property=\"og:site_name\" content=\"Caribaea Initiative\" \/>\n<meta property=\"article:modified_time\" content=\"2023-11-07T10:52:42+00:00\" \/>\n<meta name=\"twitter:card\" content=\"summary_large_image\" \/>\n<script type=\"application\/ld+json\" class=\"yoast-schema-graph\">{\"@context\":\"https:\/\/schema.org\",\"@graph\":[{\"@type\":\"WebPage\",\"@id\":\"https:\/\/www.caribaea.org\/es\/nuestros-proyectos\/proyectos-estudiantiles\/\",\"url\":\"https:\/\/www.caribaea.org\/es\/nuestros-proyectos\/proyectos-estudiantiles\/\",\"name\":\"Proyectos estudiantiles - Caribaea Initiative\",\"isPartOf\":{\"@id\":\"https:\/\/www.caribaea.org\/en\/#website\"},\"datePublished\":\"2023-02-07T02:17:01+00:00\",\"dateModified\":\"2023-11-07T10:52:42+00:00\",\"breadcrumb\":{\"@id\":\"https:\/\/www.caribaea.org\/es\/nuestros-proyectos\/proyectos-estudiantiles\/#breadcrumb\"},\"inLanguage\":\"es\",\"potentialAction\":[{\"@type\":\"ReadAction\",\"target\":[\"https:\/\/www.caribaea.org\/es\/nuestros-proyectos\/proyectos-estudiantiles\/\"]}]},{\"@type\":\"BreadcrumbList\",\"@id\":\"https:\/\/www.caribaea.org\/es\/nuestros-proyectos\/proyectos-estudiantiles\/#breadcrumb\",\"itemListElement\":[{\"@type\":\"ListItem\",\"position\":1,\"name\":\"Accueil\",\"item\":\"https:\/\/www.caribaea.org\/es\/\"},{\"@type\":\"ListItem\",\"position\":2,\"name\":\"Nuestros proyectos\",\"item\":\"https:\/\/www.caribaea.org\/es\/nuestros-proyectos\/\"},{\"@type\":\"ListItem\",\"position\":3,\"name\":\"Proyectos estudiantiles\"}]},{\"@type\":\"WebSite\",\"@id\":\"https:\/\/www.caribaea.org\/en\/#website\",\"url\":\"https:\/\/www.caribaea.org\/en\/\",\"name\":\"Caribaea Initiative\",\"description\":\"\",\"potentialAction\":[{\"@type\":\"SearchAction\",\"target\":{\"@type\":\"EntryPoint\",\"urlTemplate\":\"https:\/\/www.caribaea.org\/en\/?s={search_term_string}\"},\"query-input\":{\"@type\":\"PropertyValueSpecification\",\"valueRequired\":true,\"valueName\":\"search_term_string\"}}],\"inLanguage\":\"es\"}]}<\/script>\n<!-- \/ Yoast SEO plugin. -->","yoast_head_json":{"title":"Proyectos estudiantiles - Caribaea Initiative","robots":{"index":"index","follow":"follow","max-snippet":"max-snippet:-1","max-image-preview":"max-image-preview:large","max-video-preview":"max-video-preview:-1"},"canonical":"https:\/\/www.caribaea.org\/es\/nuestros-proyectos\/proyectos-estudiantiles\/","og_locale":"es_ES","og_type":"article","og_title":"Proyectos estudiantiles - Caribaea Initiative","og_description":"Nuestra misi\u00f3n consiste en fortalecer los conocimientos cient\u00edficos del Caribe insular relativos al estudio y la conservaci\u00f3n de la biodiversidad excepcional de la regi\u00f3n. Con este fin, apoyamos estudios y proyectos de investigaci\u00f3n de estudiantes, principalmente a nivel de m\u00e1ster y doctorado. A continuaci\u00f3n figuran los proyectos de investigaci\u00f3n de estudiantes apoyados por Caribaea Initiative. [&hellip;]","og_url":"https:\/\/www.caribaea.org\/es\/nuestros-proyectos\/proyectos-estudiantiles\/","og_site_name":"Caribaea Initiative","article_modified_time":"2023-11-07T10:52:42+00:00","twitter_card":"summary_large_image","schema":{"@context":"https:\/\/schema.org","@graph":[{"@type":"WebPage","@id":"https:\/\/www.caribaea.org\/es\/nuestros-proyectos\/proyectos-estudiantiles\/","url":"https:\/\/www.caribaea.org\/es\/nuestros-proyectos\/proyectos-estudiantiles\/","name":"Proyectos estudiantiles - Caribaea Initiative","isPartOf":{"@id":"https:\/\/www.caribaea.org\/en\/#website"},"datePublished":"2023-02-07T02:17:01+00:00","dateModified":"2023-11-07T10:52:42+00:00","breadcrumb":{"@id":"https:\/\/www.caribaea.org\/es\/nuestros-proyectos\/proyectos-estudiantiles\/#breadcrumb"},"inLanguage":"es","potentialAction":[{"@type":"ReadAction","target":["https:\/\/www.caribaea.org\/es\/nuestros-proyectos\/proyectos-estudiantiles\/"]}]},{"@type":"BreadcrumbList","@id":"https:\/\/www.caribaea.org\/es\/nuestros-proyectos\/proyectos-estudiantiles\/#breadcrumb","itemListElement":[{"@type":"ListItem","position":1,"name":"Accueil","item":"https:\/\/www.caribaea.org\/es\/"},{"@type":"ListItem","position":2,"name":"Nuestros proyectos","item":"https:\/\/www.caribaea.org\/es\/nuestros-proyectos\/"},{"@type":"ListItem","position":3,"name":"Proyectos estudiantiles"}]},{"@type":"WebSite","@id":"https:\/\/www.caribaea.org\/en\/#website","url":"https:\/\/www.caribaea.org\/en\/","name":"Caribaea Initiative","description":"","potentialAction":[{"@type":"SearchAction","target":{"@type":"EntryPoint","urlTemplate":"https:\/\/www.caribaea.org\/en\/?s={search_term_string}"},"query-input":{"@type":"PropertyValueSpecification","valueRequired":true,"valueName":"search_term_string"}}],"inLanguage":"es"}]}},"_links":{"self":[{"href":"https:\/\/www.caribaea.org\/es\/wp-json\/wp\/v2\/pages\/7513","targetHints":{"allow":["GET"]}}],"collection":[{"href":"https:\/\/www.caribaea.org\/es\/wp-json\/wp\/v2\/pages"}],"about":[{"href":"https:\/\/www.caribaea.org\/es\/wp-json\/wp\/v2\/types\/page"}],"author":[{"embeddable":true,"href":"https:\/\/www.caribaea.org\/es\/wp-json\/wp\/v2\/users\/1"}],"replies":[{"embeddable":true,"href":"https:\/\/www.caribaea.org\/es\/wp-json\/wp\/v2\/comments?post=7513"}],"version-history":[{"count":3,"href":"https:\/\/www.caribaea.org\/es\/wp-json\/wp\/v2\/pages\/7513\/revisions"}],"predecessor-version":[{"id":9007,"href":"https:\/\/www.caribaea.org\/es\/wp-json\/wp\/v2\/pages\/7513\/revisions\/9007"}],"up":[{"embeddable":true,"href":"https:\/\/www.caribaea.org\/es\/wp-json\/wp\/v2\/pages\/4181"}],"wp:attachment":[{"href":"https:\/\/www.caribaea.org\/es\/wp-json\/wp\/v2\/media?parent=7513"}],"curies":[{"name":"wp","href":"https:\/\/api.w.org\/{rel}","templated":true}]}}