{"id":10542,"date":"2024-10-03T12:13:31","date_gmt":"2024-10-03T10:13:31","guid":{"rendered":"https:\/\/www.caribaea.org\/?page_id=10542"},"modified":"2025-08-11T16:16:01","modified_gmt":"2025-08-11T14:16:01","slug":"concours-photo","status":"publish","type":"page","link":"https:\/\/www.caribaea.org\/fr\/communication\/concours-photo\/","title":{"rendered":"Concours photo"},"content":{"rendered":"<div id=\"pl-10542\"  class=\"panel-layout\" ><div id=\"pg-10542-0\"  class=\"panel-grid panel-no-style\" ><div id=\"pgc-10542-0-0\"  class=\"panel-grid-cell\" ><div id=\"panel-10542-0-0-0\" class=\"so-panel widget widget_sow-editor panel-first-child\" data-index=\"0\" ><div\n\t\t\t\n\t\t\tclass=\"so-widget-sow-editor so-widget-sow-editor-base\"\n\t\t\t\n\t\t><h3 class=\"widget-title\">Bienvenue sur la page de notre concours photo \"Caribaea Initiative Wildlife Photo Contest\"<\/h3>\n<div class=\"siteorigin-widget-tinymce textwidget\">\n\t<p>Plongez au c\u0153ur de la biodiversit\u00e9 exceptionnelle des \u00eeles de la Cara\u00efbe gr\u00e2ce \u00e0 notre concours photo. Saisissez cette occasion id\u00e9ale de capturer et de partager la beaut\u00e9 unique de la faune de cette r\u00e9gion. Que vous soyez photographe amateur ou exp\u00e9riment\u00e9, rejoignez-nous pour c\u00e9l\u00e9brer l'incroyable biodiversit\u00e9 carib\u00e9enne. Partagez vos plus belles photos et contribuez \u00e0 notre mission de protection et de valorisation du patrimoine naturel de la Cara\u00efbe insulaire.<\/p>\n<\/div>\n<\/div><\/div><div id=\"panel-10542-0-0-1\" class=\"so-panel widget widget_sow-editor\" data-index=\"1\" ><div\n\t\t\t\n\t\t\tclass=\"so-widget-sow-editor so-widget-sow-editor-base\"\n\t\t\t\n\t\t><h3 class=\"widget-title\">R\u00e9sultats du concours - \u00e9dition 2025<\/h3>\n<div class=\"siteorigin-widget-tinymce textwidget\">\n\t<p data-start=\"65\" data-end=\"282\">Nous avons le plaisir d\u2019annoncer les <strong data-start=\"102\" data-end=\"157\">laur\u00e9ats du Concours Photo Caribaea Initiative 2025<\/strong> ! Apr\u00e8s avoir examin\u00e9 un grand nombre de clich\u00e9s de tr\u00e8s grande qualit\u00e9, le jury a s\u00e9lectionn\u00e9 les trois gagnants suivants :<\/p>\n<p data-start=\"284\" data-end=\"410\">\ud83e\udd47 <strong data-start=\"287\" data-end=\"302\">Kevin Sammy<\/strong> (Trinit\u00e9-et-Tobago)<br data-start=\"322\" data-end=\"325\" \/>\ud83e\udd48 <strong data-start=\"328\" data-end=\"343\">Daniel Mele<\/strong> (\u00celes Vierges des \u00c9tats-Unis)<br data-start=\"373\" data-end=\"376\" \/>\ud83e\udd49 <strong data-start=\"379\" data-end=\"397\">Jos\u00e9 Almadovar<\/strong> (Porto Rico)<\/p>\n<p data-start=\"412\" data-end=\"447\">F\u00e9licitations \u00e0 tous les trois !<\/p>\n<\/div>\n<\/div><\/div><div id=\"panel-10542-0-0-2\" class=\"so-panel widget widget_media_video panel-last-child\" data-index=\"2\" ><div style=\"width:100%;\" class=\"wp-video\"><video class=\"wp-video-shortcode\" id=\"video-10542-2\" preload=\"metadata\" controls=\"controls\"><source type=\"video\/youtube\" src=\"https:\/\/www.youtube.com\/watch?v=R7oxMHJSHiI&#038;t=120s&#038;_=2\" \/><a href=\"https:\/\/www.youtube.com\/watch?v=R7oxMHJSHiI&#038;t=120s\">https:\/\/www.youtube.com\/watch?v=R7oxMHJSHiI&#038;t=120s<\/a><\/video><\/div><\/div><\/div><\/div><div id=\"pg-10542-1\"  class=\"panel-grid panel-no-style\" ><div id=\"pgc-10542-1-0\"  class=\"panel-grid-cell\" ><div id=\"panel-10542-1-0-0\" class=\"so-panel widget widget_sow-editor panel-first-child\" data-index=\"3\" ><div\n\t\t\t\n\t\t\tclass=\"so-widget-sow-editor so-widget-sow-editor-base\"\n\t\t\t\n\t\t><h3 class=\"widget-title\">Prix<\/h3>\n<div class=\"siteorigin-widget-tinymce textwidget\">\n\t<ul>\n<li><strong>1er prix<\/strong> : 2000 \u20ac<\/li>\n<li><strong>2\u00e8me prix<\/strong> : 800 \u20ac<\/li>\n<li><strong>3\u00e8me prix<\/strong> : 300 \u20ac<\/li>\n<li>22 Mentions honorables<\/li>\n<\/ul>\n<p>Tous les gagnants ont \u00e9galement re\u00e7u un certificat. Les 25 photos laur\u00e9ates ont \u00e9t\u00e9 d\u00e9voil\u00e9es lors de notre <strong>Caribaea Initiative Research &amp; Conservation Conference, <\/strong>qui a eu lieu en juin 2025 en Martinique.<\/p>\n<\/div>\n<\/div><\/div><div id=\"panel-10542-1-0-1\" class=\"so-panel widget widget_sow-editor panel-last-child\" data-index=\"4\" ><div\n\t\t\t\n\t\t\tclass=\"so-widget-sow-editor so-widget-sow-editor-base\"\n\t\t\t\n\t\t><h3 class=\"widget-title\">Jury<\/h3>\n<div class=\"siteorigin-widget-tinymce textwidget\">\n\t<p>Nous sommes fiers d\u2019avoir un jury constitu\u00e9 de femmes et d\u2019hommes d\u2019origines g\u00e9ographiques et de formation vari\u00e9es, regroupant des personnes de l\u2019\u00e9quipe de Caribaea Initiative, de son Conseil Scientifique et de son Conseil d\u2019Administration, ainsi que des photographes professionnels. Les photos sont \u00e9valu\u00e9es ind\u00e9pendamment par chaque membre du jury et de mani\u00e8re anonyme.<\/p>\n<ul>\n<li><strong>Dr. Christopher Cambrone<\/strong> \u2013 Caribaea Initiative, Coordinateur scientifique<\/li>\n<li><strong>Mme Chantal Comte<\/strong> \u2013 Pr\u00e9sidente du Conseil de Surveillance du groupe Comte-Serres et dirigeante de Rhum Chantal Comte, membre du Conseil d\u2019administration de Caribaea Initiative<\/li>\n<li><strong>Dr. Reia Guppy<\/strong> \u2013 Associate Professor, Universit\u00e9 de Trinidad and Tobago, membre du Conseil Scientifique de Caribaea Initiative<\/li>\n<li><strong>Dr. Nicole Herbert<\/strong> \u2013 Post-doctoral researcher, Ross University School of Veterinary Medicine, membre du Conseil d\u2019Administration de Caribaea Initiative<\/li>\n<li><strong>Prof. Jos\u00e9-David Hernandez-Martich<\/strong> \u2013 Universidad Autonoma de Santo Domingo,t membre du Conseil Scientifique de Caribaea Initiative<\/li>\n<li><strong>Dr. Sophie Labaude<\/strong> \u2013 Caribaea Initiative, Charg\u00e9e de communication et valorisation des projets<\/li>\n<li><strong>M. Samuel Nugues<\/strong> \u2013 Photographe ind\u00e9pendant \u2013 <a href=\"https:\/\/www.samuelnugues.com\/nature\" target=\"_blank\" rel=\"noopener\">site web<\/a> \u2013 <a href=\"https:\/\/www.instagram.com\/samuelnugues_wildlife\" target=\"_blank\" rel=\"noopener\">Instagram<\/a><\/li>\n<li><strong>M. Hugo Pichol<\/strong> \u2013 Photographe animalier subaquatique et hydrobiologiste \u2013 <a href=\"https:\/\/www.fluviatilis.fr\/\" target=\"_blank\" rel=\"noopener\">site web<\/a> \u2013 <a href=\"https:\/\/www.instagram.com\/hugo_pichol_fluviatilis\" target=\"_blank\" rel=\"noopener\">Instagram<\/a><\/li>\n<li><strong>M. Thomas Prat<\/strong> \u2013 Photographe animalier et professeur de fran\u00e7ais langue \u00e9trang\u00e8re \u2013 <a href=\"https:\/\/www.thomas-prat.com\/\" target=\"_blank\" rel=\"noopener\">site web<\/a> \u2013 <a href=\"https:\/\/www.instagram.com\/tom_prat_wildlife\" target=\"_blank\" rel=\"noopener\">Instagram<\/a><\/li>\n<\/ul>\n<\/div>\n<\/div><\/div><\/div><div id=\"pgc-10542-1-1\"  class=\"panel-grid-cell\" ><div id=\"panel-10542-1-1-0\" class=\"so-panel widget widget_sow-image panel-first-child panel-last-child\" data-index=\"5\" ><div\n\t\t\t\n\t\t\tclass=\"so-widget-sow-image so-widget-sow-image-default-8b5b6f678277-10542\"\n\t\t\t\n\t\t>\n<div class=\"sow-image-container\">\n\t\t\t<a href=\"https:\/\/www.caribaea.org\/wp-content\/uploads\/2025\/01\/Affiche_concours_photo_FR.pdf\"\n\t\t\ttarget=\"_blank\" rel=\"noopener noreferrer\" \t\t>\n\t\t\t<img \n\tsrc=\"https:\/\/www.caribaea.org\/wp-content\/uploads\/2025\/01\/Photo_contest_CI_FR-scaled.jpg\" width=\"1810\" height=\"2560\" srcset=\"https:\/\/www.caribaea.org\/wp-content\/uploads\/2025\/01\/Photo_contest_CI_FR-scaled.jpg 1810w, https:\/\/www.caribaea.org\/wp-content\/uploads\/2025\/01\/Photo_contest_CI_FR-212x300.jpg 212w, https:\/\/www.caribaea.org\/wp-content\/uploads\/2025\/01\/Photo_contest_CI_FR-724x1024.jpg 724w, https:\/\/www.caribaea.org\/wp-content\/uploads\/2025\/01\/Photo_contest_CI_FR-768x1086.jpg 768w, https:\/\/www.caribaea.org\/wp-content\/uploads\/2025\/01\/Photo_contest_CI_FR-1086x1536.jpg 1086w, https:\/\/www.caribaea.org\/wp-content\/uploads\/2025\/01\/Photo_contest_CI_FR-1448x2048.jpg 1448w, https:\/\/www.caribaea.org\/wp-content\/uploads\/2025\/01\/Photo_contest_CI_FR-958x1355.jpg 958w\" sizes=\"(max-width: 1810px) 100vw, 1810px\" title=\"Photo_contest_CI_FR\" alt=\"\" \t\tclass=\"so-widget-image\"\/>\n\t\t\t<\/a><\/div>\n\n<\/div><\/div><\/div><\/div><div id=\"pg-10542-2\"  class=\"panel-grid panel-no-style\" ><div id=\"pgc-10542-2-0\"  class=\"panel-grid-cell\" ><div id=\"panel-10542-2-0-0\" class=\"so-panel widget widget_sow-editor panel-first-child\" data-index=\"6\" ><div\n\t\t\t\n\t\t\tclass=\"so-widget-sow-editor so-widget-sow-editor-base\"\n\t\t\t\n\t\t><h3 class=\"widget-title\">Remerciements<\/h3>\n<div class=\"siteorigin-widget-tinymce textwidget\">\n\t<p>Le concours photo de Caribaea Initiative a vu le jour gr\u00e2ce \u00e0 l'engagement et au soutien financier du <strong data-start=\"244\" data-end=\"267\">groupe Comte-Serres<\/strong> et des <strong data-start=\"275\" data-end=\"298\">Rhums Chantal Comte<\/strong>, que nous remercions tr\u00e8s sinc\u00e8rement.<br data-start=\"337\" data-end=\"340\" \/>Nous adressons une reconnaissance toute particuli\u00e8re \u00e0 <strong data-start=\"395\" data-end=\"419\">Madame Chantal Comte<\/strong>, membre du Conseil d\u2019Administration de Caribaea Initiative, \u00e0 l\u2019origine de cette initiative. Son implication personnelle et son appui constant ont \u00e9t\u00e9 d\u00e9terminants dans la r\u00e9ussite de ce projet.<\/p>\n<p><img loading=\"lazy\" decoding=\"async\" width=\"300\" height=\"101\" class=\"alignleft size-medium wp-image-11956\" src=\"https:\/\/www.caribaea.org\/wp-content\/uploads\/2025\/05\/Comte_Serres-300x101.png\" alt=\"\" srcset=\"https:\/\/www.caribaea.org\/wp-content\/uploads\/2025\/05\/Comte_Serres-300x101.png 300w, https:\/\/www.caribaea.org\/wp-content\/uploads\/2025\/05\/Comte_Serres-1024x344.png 1024w, https:\/\/www.caribaea.org\/wp-content\/uploads\/2025\/05\/Comte_Serres-768x258.png 768w, https:\/\/www.caribaea.org\/wp-content\/uploads\/2025\/05\/Comte_Serres-958x322.png 958w, https:\/\/www.caribaea.org\/wp-content\/uploads\/2025\/05\/Comte_Serres-1280x437.png 1280w, https:\/\/www.caribaea.org\/wp-content\/uploads\/2025\/05\/Comte_Serres.png 1301w\" sizes=\"auto, (max-width: 300px) 100vw, 300px\" \/> <img loading=\"lazy\" decoding=\"async\" class=\"alignleft wp-image-11959\" src=\"https:\/\/www.caribaea.org\/wp-content\/uploads\/2025\/05\/Rhum_Chantal_Comte-300x215.jpg\" alt=\"\" width=\"141\" height=\"101\" srcset=\"https:\/\/www.caribaea.org\/wp-content\/uploads\/2025\/05\/Rhum_Chantal_Comte-300x215.jpg 300w, https:\/\/www.caribaea.org\/wp-content\/uploads\/2025\/05\/Rhum_Chantal_Comte.jpg 600w\" sizes=\"auto, (max-width: 141px) 100vw, 141px\" \/><\/p>\n<\/div>\n<\/div><\/div><div id=\"panel-10542-2-0-1\" class=\"so-panel widget widget_sow-editor\" data-index=\"7\" ><div\n\t\t\t\n\t\t\tclass=\"so-widget-sow-editor so-widget-sow-editor-base\"\n\t\t\t\n\t\t><h3 class=\"widget-title\">T\u00e9l\u00e9charger le r\u00e8glement complet du concours<\/h3>\n<div class=\"siteorigin-widget-tinymce textwidget\">\n\t<p>Le r\u00e8glement complet du concours photo est <a href=\"https:\/\/www.caribaea.org\/wp-content\/uploads\/2024\/12\/Reglement_concours_Photo_CI.pdf\" target=\"_blank\" rel=\"noopener\">disponible en t\u00e9l\u00e9chargement ici<\/a>.<\/p>\n<\/div>\n<\/div><\/div><div id=\"panel-10542-2-0-2\" class=\"so-panel widget widget_sow-editor panel-last-child\" data-index=\"8\" ><div\n\t\t\t\n\t\t\tclass=\"so-widget-sow-editor so-widget-sow-editor-base\"\n\t\t\t\n\t\t><h3 class=\"widget-title\">Merci pour votre participation !<\/h3>\n<div class=\"siteorigin-widget-tinymce textwidget\">\n\t<p>En participant \u00e0 ce concours, vous contribuez \u00e0 soutenir notre mission de protection de la biodiversit\u00e9 de la Cara\u00efbe insulaire. Suivez-nous sur les r\u00e9seaux sociaux ou devenez membre pour rester inform\u00e9 de nos futurs \u00e9v\u00e9nements !<\/p>\n<\/div>\n<\/div><\/div><\/div><\/div><\/div>","protected":false},"excerpt":{"rendered":"<p>Plongez au c\u0153ur de la biodiversit\u00e9 exceptionnelle des \u00eeles de la Cara\u00efbe gr\u00e2ce \u00e0 notre concours photo. Saisissez cette occasion id\u00e9ale de capturer et de partager la beaut\u00e9 unique de la faune de cette r\u00e9gion. Que vous soyez photographe amateur ou exp\u00e9riment\u00e9, rejoignez-nous pour c\u00e9l\u00e9brer l&rsquo;incroyable biodiversit\u00e9 carib\u00e9enne. Partagez vos plus belles photos et contribuez [&hellip;]<\/p>\n","protected":false},"author":34,"featured_media":0,"parent":5201,"menu_order":5,"comment_status":"closed","ping_status":"closed","template":"","meta":{"footnotes":""},"class_list":["post-10542","page","type-page","status-publish","hentry"],"yoast_head":"<!-- This site is optimized with the Yoast SEO plugin v26.6 - https:\/\/yoast.com\/wordpress\/plugins\/seo\/ -->\n<title>Concours photo - Caribaea Initiative<\/title>\n<meta name=\"robots\" content=\"index, follow, max-snippet:-1, max-image-preview:large, max-video-preview:-1\" \/>\n<link rel=\"canonical\" href=\"https:\/\/www.caribaea.org\/fr\/communication\/concours-photo\/\" \/>\n<meta property=\"og:locale\" content=\"fr_FR\" \/>\n<meta property=\"og:type\" content=\"article\" \/>\n<meta property=\"og:title\" content=\"Concours photo - Caribaea Initiative\" \/>\n<meta property=\"og:description\" content=\"Plongez au c\u0153ur de la biodiversit\u00e9 exceptionnelle des \u00eeles de la Cara\u00efbe gr\u00e2ce \u00e0 notre concours photo. Saisissez cette occasion id\u00e9ale de capturer et de partager la beaut\u00e9 unique de la faune de cette r\u00e9gion. Que vous soyez photographe amateur ou exp\u00e9riment\u00e9, rejoignez-nous pour c\u00e9l\u00e9brer l&#039;incroyable biodiversit\u00e9 carib\u00e9enne. Partagez vos plus belles photos et contribuez [&hellip;]\" \/>\n<meta property=\"og:url\" content=\"https:\/\/www.caribaea.org\/fr\/communication\/concours-photo\/\" \/>\n<meta property=\"og:site_name\" content=\"Caribaea Initiative\" \/>\n<meta property=\"article:modified_time\" content=\"2025-08-11T14:16:01+00:00\" \/>\n<meta property=\"og:image\" content=\"https:\/\/www.caribaea.org\/wp-content\/uploads\/2025\/05\/Comte_Serres-300x101.png\" \/>\n<meta name=\"twitter:card\" content=\"summary_large_image\" \/>\n<meta name=\"twitter:label1\" content=\"Dur\u00e9e de lecture estim\u00e9e\" \/>\n\t<meta name=\"twitter:data1\" content=\"3 minutes\" \/>\n<script type=\"application\/ld+json\" class=\"yoast-schema-graph\">{\"@context\":\"https:\/\/schema.org\",\"@graph\":[{\"@type\":\"WebPage\",\"@id\":\"https:\/\/www.caribaea.org\/fr\/communication\/concours-photo\/\",\"url\":\"https:\/\/www.caribaea.org\/fr\/communication\/concours-photo\/\",\"name\":\"Concours photo - Caribaea Initiative\",\"isPartOf\":{\"@id\":\"https:\/\/www.caribaea.org\/en\/#website\"},\"primaryImageOfPage\":{\"@id\":\"https:\/\/www.caribaea.org\/fr\/communication\/concours-photo\/#primaryimage\"},\"image\":{\"@id\":\"https:\/\/www.caribaea.org\/fr\/communication\/concours-photo\/#primaryimage\"},\"thumbnailUrl\":\"https:\/\/www.caribaea.org\/wp-content\/uploads\/2025\/05\/Comte_Serres-300x101.png\",\"datePublished\":\"2024-10-03T10:13:31+00:00\",\"dateModified\":\"2025-08-11T14:16:01+00:00\",\"breadcrumb\":{\"@id\":\"https:\/\/www.caribaea.org\/fr\/communication\/concours-photo\/#breadcrumb\"},\"inLanguage\":\"fr-FR\",\"potentialAction\":[{\"@type\":\"ReadAction\",\"target\":[\"https:\/\/www.caribaea.org\/fr\/communication\/concours-photo\/\"]}]},{\"@type\":\"ImageObject\",\"inLanguage\":\"fr-FR\",\"@id\":\"https:\/\/www.caribaea.org\/fr\/communication\/concours-photo\/#primaryimage\",\"url\":\"https:\/\/www.caribaea.org\/wp-content\/uploads\/2025\/05\/Comte_Serres-300x101.png\",\"contentUrl\":\"https:\/\/www.caribaea.org\/wp-content\/uploads\/2025\/05\/Comte_Serres-300x101.png\"},{\"@type\":\"BreadcrumbList\",\"@id\":\"https:\/\/www.caribaea.org\/fr\/communication\/concours-photo\/#breadcrumb\",\"itemListElement\":[{\"@type\":\"ListItem\",\"position\":1,\"name\":\"Accueil\",\"item\":\"https:\/\/www.caribaea.org\/fr\/\"},{\"@type\":\"ListItem\",\"position\":2,\"name\":\"Communication\",\"item\":\"https:\/\/www.caribaea.org\/fr\/communication\/\"},{\"@type\":\"ListItem\",\"position\":3,\"name\":\"Concours photo\"}]},{\"@type\":\"WebSite\",\"@id\":\"https:\/\/www.caribaea.org\/en\/#website\",\"url\":\"https:\/\/www.caribaea.org\/en\/\",\"name\":\"Caribaea Initiative\",\"description\":\"\",\"potentialAction\":[{\"@type\":\"SearchAction\",\"target\":{\"@type\":\"EntryPoint\",\"urlTemplate\":\"https:\/\/www.caribaea.org\/en\/?s={search_term_string}\"},\"query-input\":{\"@type\":\"PropertyValueSpecification\",\"valueRequired\":true,\"valueName\":\"search_term_string\"}}],\"inLanguage\":\"fr-FR\"}]}<\/script>\n<!-- \/ Yoast SEO plugin. -->","yoast_head_json":{"title":"Concours photo - Caribaea Initiative","robots":{"index":"index","follow":"follow","max-snippet":"max-snippet:-1","max-image-preview":"max-image-preview:large","max-video-preview":"max-video-preview:-1"},"canonical":"https:\/\/www.caribaea.org\/fr\/communication\/concours-photo\/","og_locale":"fr_FR","og_type":"article","og_title":"Concours photo - Caribaea Initiative","og_description":"Plongez au c\u0153ur de la biodiversit\u00e9 exceptionnelle des \u00eeles de la Cara\u00efbe gr\u00e2ce \u00e0 notre concours photo. Saisissez cette occasion id\u00e9ale de capturer et de partager la beaut\u00e9 unique de la faune de cette r\u00e9gion. Que vous soyez photographe amateur ou exp\u00e9riment\u00e9, rejoignez-nous pour c\u00e9l\u00e9brer l'incroyable biodiversit\u00e9 carib\u00e9enne. Partagez vos plus belles photos et contribuez [&hellip;]","og_url":"https:\/\/www.caribaea.org\/fr\/communication\/concours-photo\/","og_site_name":"Caribaea Initiative","article_modified_time":"2025-08-11T14:16:01+00:00","og_image":[{"url":"https:\/\/www.caribaea.org\/wp-content\/uploads\/2025\/05\/Comte_Serres-300x101.png","type":"","width":"","height":""}],"twitter_card":"summary_large_image","twitter_misc":{"Dur\u00e9e de lecture estim\u00e9e":"3 minutes"},"schema":{"@context":"https:\/\/schema.org","@graph":[{"@type":"WebPage","@id":"https:\/\/www.caribaea.org\/fr\/communication\/concours-photo\/","url":"https:\/\/www.caribaea.org\/fr\/communication\/concours-photo\/","name":"Concours photo - Caribaea Initiative","isPartOf":{"@id":"https:\/\/www.caribaea.org\/en\/#website"},"primaryImageOfPage":{"@id":"https:\/\/www.caribaea.org\/fr\/communication\/concours-photo\/#primaryimage"},"image":{"@id":"https:\/\/www.caribaea.org\/fr\/communication\/concours-photo\/#primaryimage"},"thumbnailUrl":"https:\/\/www.caribaea.org\/wp-content\/uploads\/2025\/05\/Comte_Serres-300x101.png","datePublished":"2024-10-03T10:13:31+00:00","dateModified":"2025-08-11T14:16:01+00:00","breadcrumb":{"@id":"https:\/\/www.caribaea.org\/fr\/communication\/concours-photo\/#breadcrumb"},"inLanguage":"fr-FR","potentialAction":[{"@type":"ReadAction","target":["https:\/\/www.caribaea.org\/fr\/communication\/concours-photo\/"]}]},{"@type":"ImageObject","inLanguage":"fr-FR","@id":"https:\/\/www.caribaea.org\/fr\/communication\/concours-photo\/#primaryimage","url":"https:\/\/www.caribaea.org\/wp-content\/uploads\/2025\/05\/Comte_Serres-300x101.png","contentUrl":"https:\/\/www.caribaea.org\/wp-content\/uploads\/2025\/05\/Comte_Serres-300x101.png"},{"@type":"BreadcrumbList","@id":"https:\/\/www.caribaea.org\/fr\/communication\/concours-photo\/#breadcrumb","itemListElement":[{"@type":"ListItem","position":1,"name":"Accueil","item":"https:\/\/www.caribaea.org\/fr\/"},{"@type":"ListItem","position":2,"name":"Communication","item":"https:\/\/www.caribaea.org\/fr\/communication\/"},{"@type":"ListItem","position":3,"name":"Concours photo"}]},{"@type":"WebSite","@id":"https:\/\/www.caribaea.org\/en\/#website","url":"https:\/\/www.caribaea.org\/en\/","name":"Caribaea Initiative","description":"","potentialAction":[{"@type":"SearchAction","target":{"@type":"EntryPoint","urlTemplate":"https:\/\/www.caribaea.org\/en\/?s={search_term_string}"},"query-input":{"@type":"PropertyValueSpecification","valueRequired":true,"valueName":"search_term_string"}}],"inLanguage":"fr-FR"}]}},"_links":{"self":[{"href":"https:\/\/www.caribaea.org\/fr\/wp-json\/wp\/v2\/pages\/10542","targetHints":{"allow":["GET"]}}],"collection":[{"href":"https:\/\/www.caribaea.org\/fr\/wp-json\/wp\/v2\/pages"}],"about":[{"href":"https:\/\/www.caribaea.org\/fr\/wp-json\/wp\/v2\/types\/page"}],"author":[{"embeddable":true,"href":"https:\/\/www.caribaea.org\/fr\/wp-json\/wp\/v2\/users\/34"}],"replies":[{"embeddable":true,"href":"https:\/\/www.caribaea.org\/fr\/wp-json\/wp\/v2\/comments?post=10542"}],"version-history":[{"count":3,"href":"https:\/\/www.caribaea.org\/fr\/wp-json\/wp\/v2\/pages\/10542\/revisions"}],"predecessor-version":[{"id":12202,"href":"https:\/\/www.caribaea.org\/fr\/wp-json\/wp\/v2\/pages\/10542\/revisions\/12202"}],"up":[{"embeddable":true,"href":"https:\/\/www.caribaea.org\/fr\/wp-json\/wp\/v2\/pages\/5201"}],"wp:attachment":[{"href":"https:\/\/www.caribaea.org\/fr\/wp-json\/wp\/v2\/media?parent=10542"}],"curies":[{"name":"wp","href":"https:\/\/api.w.org\/{rel}","templated":true}]}}