{"id":10595,"date":"2024-10-10T16:13:42","date_gmt":"2024-10-10T14:13:42","guid":{"rendered":"https:\/\/www.caribaea.org\/?page_id=10595"},"modified":"2026-01-26T11:24:35","modified_gmt":"2026-01-26T10:24:35","slug":"ansapit","status":"publish","type":"page","link":"https:\/\/www.caribaea.org\/fr\/nos-projets\/programmes-de-recherche-et-d-education\/ansapit\/","title":{"rendered":"Projet Ansapit"},"content":{"rendered":"<div id=\"pl-10595\"  class=\"panel-layout\" ><div id=\"pg-10595-0\"  class=\"panel-grid panel-no-style\" ><div id=\"pgc-10595-0-0\"  class=\"panel-grid-cell\" ><div id=\"panel-10595-0-0-0\" class=\"so-panel widget widget_sow-editor panel-first-child panel-last-child\" data-index=\"0\" ><div\n\t\t\t\n\t\t\tclass=\"so-widget-sow-editor so-widget-sow-editor-base\"\n\t\t\t\n\t\t>\n<div class=\"siteorigin-widget-tinymce textwidget\">\n\t<p><strong>Titre :<\/strong> Projet Ansapit \u2013 Pr\u00e9servation de la biodiversit\u00e9 et restauration des \u00e9cosyst\u00e8mes au sein du Parc communal Cacique Henri<\/p>\n<p><strong>Objectif :<\/strong> Pr\u00e9server la biodiversit\u00e9 et restaurer les \u00e9cosyst\u00e8mes du Parc communal Cacique Henri (Ha\u00efti) en sensibilisant et en impliquant les communaut\u00e9s locales dans la gestion de leur patrimoine naturel.<\/p>\n<p><strong>Localisation :<\/strong> Ha\u00efti<\/p>\n<p><strong>Dates :<\/strong> 2022-2026<\/p>\n<p><strong>R\u00e9sum\u00e9 :\u00a0<\/strong>Le Parc communal Cacique Henri, situ\u00e9 \u00e0 Anse-\u00e0-Pitres, Ha\u00efti, est une aire prot\u00e9g\u00e9e de grande importance \u00e9cologique, abritant une biodiversit\u00e9 unique. Ce parc inclut des esp\u00e8ces v\u00e9g\u00e9tales rares comme des cactus et des palmiers, ainsi que des animaux menac\u00e9s tels que le Cyclure de Ricord, une esp\u00e8ce d'iguane, particuli\u00e8rement rare et menac\u00e9e d'extinction, et plusieurs autres esp\u00e8ces de vert\u00e9br\u00e9s d'int\u00e9r\u00eat patrimonial. Le projet Ansapit, men\u00e9 en partenariat avec la Fondation FOKAL, vise \u00e0 pr\u00e9server cette biodiversit\u00e9 et \u00e0 restaurer les \u00e9cosyst\u00e8mes endommag\u00e9s, notamment la for\u00eat s\u00e8che et la mangrove. Les actions du projet incluent tout d\u2019abord une \u00e9valuation rigoureuse de la biodiversit\u00e9 animale et v\u00e9g\u00e9tale du parc via plusieurs m\u00e9thodes d\u2019\u00e9tude, la restauration d\u2019\u00e9cosyst\u00e8mes notamment via la plantation de cactus, ou encore la sensibilisation des populations locales via des supports p\u00e9dagogiques adapt\u00e9s.<\/p>\n<\/div>\n<\/div><\/div><\/div><\/div><div id=\"pg-10595-1\"  class=\"panel-grid panel-no-style\" ><div id=\"pgc-10595-1-0\"  class=\"panel-grid-cell\" ><div id=\"panel-10595-1-0-0\" class=\"so-panel widget widget_spacer-widget panel-first-child\" data-index=\"1\" ><div\n\t\t\t\n\t\t\tclass=\"so-widget-spacer-widget so-widget-spacer-widget-base\"\n\t\t\t\n\t\t>\n<div class=\"clearfix\" style=\"height:40px\"><\/div><\/div><\/div><div id=\"panel-10595-1-0-1\" class=\"so-panel widget widget_sow-editor panel-last-child\" data-index=\"2\" ><div\n\t\t\t\n\t\t\tclass=\"so-widget-sow-editor so-widget-sow-editor-base\"\n\t\t\t\n\t\t>\n<div class=\"siteorigin-widget-tinymce textwidget\">\n\t<h3>Plantation de cactus<\/h3>\n<hr \/>\n<\/div>\n<\/div><\/div><\/div><\/div><div id=\"pg-10595-2\"  class=\"panel-grid panel-no-style\" ><div id=\"pgc-10595-2-0\"  class=\"panel-grid-cell\" ><div id=\"panel-10595-2-0-0\" class=\"so-panel widget widget_media_image panel-first-child panel-last-child\" data-index=\"3\" ><img loading=\"lazy\" decoding=\"async\" width=\"300\" height=\"300\" src=\"https:\/\/www.caribaea.org\/wp-content\/uploads\/2024\/10\/Image-reforestation-1-300x300.jpg\" class=\"image wp-image-10598  attachment-medium size-medium\" alt=\"\" style=\"max-width: 100%; height: auto;\" srcset=\"https:\/\/www.caribaea.org\/wp-content\/uploads\/2024\/10\/Image-reforestation-1-300x300.jpg 300w, https:\/\/www.caribaea.org\/wp-content\/uploads\/2024\/10\/Image-reforestation-1-150x150.jpg 150w, https:\/\/www.caribaea.org\/wp-content\/uploads\/2024\/10\/Image-reforestation-1-768x768.jpg 768w, https:\/\/www.caribaea.org\/wp-content\/uploads\/2024\/10\/Image-reforestation-1-958x958.jpg 958w, https:\/\/www.caribaea.org\/wp-content\/uploads\/2024\/10\/Image-reforestation-1-80x80.jpg 80w, https:\/\/www.caribaea.org\/wp-content\/uploads\/2024\/10\/Image-reforestation-1-100x100.jpg 100w, https:\/\/www.caribaea.org\/wp-content\/uploads\/2024\/10\/Image-reforestation-1.jpg 960w\" sizes=\"auto, (max-width: 300px) 100vw, 300px\" \/><\/div><\/div><div id=\"pgc-10595-2-1\"  class=\"panel-grid-cell\" ><div id=\"panel-10595-2-1-0\" class=\"so-panel widget widget_media_image panel-first-child panel-last-child\" data-index=\"4\" ><img loading=\"lazy\" decoding=\"async\" width=\"300\" height=\"300\" src=\"https:\/\/www.caribaea.org\/wp-content\/uploads\/2024\/10\/image-reforestation-5-300x300.jpg\" class=\"image wp-image-10607  attachment-medium size-medium\" alt=\"\" style=\"max-width: 100%; height: auto;\" srcset=\"https:\/\/www.caribaea.org\/wp-content\/uploads\/2024\/10\/image-reforestation-5-300x300.jpg 300w, https:\/\/www.caribaea.org\/wp-content\/uploads\/2024\/10\/image-reforestation-5-150x150.jpg 150w, https:\/\/www.caribaea.org\/wp-content\/uploads\/2024\/10\/image-reforestation-5-768x768.jpg 768w, https:\/\/www.caribaea.org\/wp-content\/uploads\/2024\/10\/image-reforestation-5-80x80.jpg 80w, https:\/\/www.caribaea.org\/wp-content\/uploads\/2024\/10\/image-reforestation-5-100x100.jpg 100w, https:\/\/www.caribaea.org\/wp-content\/uploads\/2024\/10\/image-reforestation-5.jpg 810w\" sizes=\"auto, (max-width: 300px) 100vw, 300px\" \/><\/div><\/div><div id=\"pgc-10595-2-2\"  class=\"panel-grid-cell\" ><div id=\"panel-10595-2-2-0\" class=\"so-panel widget widget_media_image panel-first-child panel-last-child\" data-index=\"5\" ><img loading=\"lazy\" decoding=\"async\" width=\"300\" height=\"300\" src=\"https:\/\/www.caribaea.org\/wp-content\/uploads\/2024\/10\/plantation-Leptocereus-undulosus-3-300x300.jpg\" class=\"image wp-image-10610  attachment-medium size-medium\" alt=\"\" style=\"max-width: 100%; height: auto;\" srcset=\"https:\/\/www.caribaea.org\/wp-content\/uploads\/2024\/10\/plantation-Leptocereus-undulosus-3-300x300.jpg 300w, https:\/\/www.caribaea.org\/wp-content\/uploads\/2024\/10\/plantation-Leptocereus-undulosus-3-150x150.jpg 150w, https:\/\/www.caribaea.org\/wp-content\/uploads\/2024\/10\/plantation-Leptocereus-undulosus-3-768x768.jpg 768w, https:\/\/www.caribaea.org\/wp-content\/uploads\/2024\/10\/plantation-Leptocereus-undulosus-3-80x80.jpg 80w, https:\/\/www.caribaea.org\/wp-content\/uploads\/2024\/10\/plantation-Leptocereus-undulosus-3-100x100.jpg 100w, https:\/\/www.caribaea.org\/wp-content\/uploads\/2024\/10\/plantation-Leptocereus-undulosus-3.jpg 810w\" sizes=\"auto, (max-width: 300px) 100vw, 300px\" \/><\/div><\/div><div id=\"pgc-10595-2-3\"  class=\"panel-grid-cell\" ><div id=\"panel-10595-2-3-0\" class=\"so-panel widget widget_media_image panel-first-child panel-last-child\" data-index=\"6\" ><img loading=\"lazy\" decoding=\"async\" width=\"300\" height=\"300\" src=\"https:\/\/www.caribaea.org\/wp-content\/uploads\/2024\/10\/Image-reforestation-4-300x300.jpg\" class=\"image wp-image-10604  attachment-medium size-medium\" alt=\"\" style=\"max-width: 100%; height: auto;\" srcset=\"https:\/\/www.caribaea.org\/wp-content\/uploads\/2024\/10\/Image-reforestation-4-300x300.jpg 300w, https:\/\/www.caribaea.org\/wp-content\/uploads\/2024\/10\/Image-reforestation-4-150x150.jpg 150w, https:\/\/www.caribaea.org\/wp-content\/uploads\/2024\/10\/Image-reforestation-4-768x768.jpg 768w, https:\/\/www.caribaea.org\/wp-content\/uploads\/2024\/10\/Image-reforestation-4-80x80.jpg 80w, https:\/\/www.caribaea.org\/wp-content\/uploads\/2024\/10\/Image-reforestation-4-100x100.jpg 100w, https:\/\/www.caribaea.org\/wp-content\/uploads\/2024\/10\/Image-reforestation-4.jpg 810w\" sizes=\"auto, (max-width: 300px) 100vw, 300px\" \/><\/div><\/div><div id=\"pgc-10595-2-4\"  class=\"panel-grid-cell panel-grid-cell-mobile-last\" ><div id=\"panel-10595-2-4-0\" class=\"so-panel widget widget_media_image panel-first-child panel-last-child\" data-index=\"7\" ><img loading=\"lazy\" decoding=\"async\" width=\"300\" height=\"300\" src=\"https:\/\/www.caribaea.org\/wp-content\/uploads\/2024\/10\/image-reforestation-3-300x300.jpg\" class=\"image wp-image-10601  attachment-medium size-medium\" alt=\"\" style=\"max-width: 100%; height: auto;\" srcset=\"https:\/\/www.caribaea.org\/wp-content\/uploads\/2024\/10\/image-reforestation-3-300x300.jpg 300w, https:\/\/www.caribaea.org\/wp-content\/uploads\/2024\/10\/image-reforestation-3-150x150.jpg 150w, https:\/\/www.caribaea.org\/wp-content\/uploads\/2024\/10\/image-reforestation-3-768x768.jpg 768w, https:\/\/www.caribaea.org\/wp-content\/uploads\/2024\/10\/image-reforestation-3-958x958.jpg 958w, https:\/\/www.caribaea.org\/wp-content\/uploads\/2024\/10\/image-reforestation-3-80x80.jpg 80w, https:\/\/www.caribaea.org\/wp-content\/uploads\/2024\/10\/image-reforestation-3-100x100.jpg 100w, https:\/\/www.caribaea.org\/wp-content\/uploads\/2024\/10\/image-reforestation-3.jpg 960w\" sizes=\"auto, (max-width: 300px) 100vw, 300px\" \/><\/div><\/div><div id=\"pgc-10595-2-5\"  class=\"panel-grid-cell panel-grid-cell-empty\" ><\/div><\/div><div id=\"pg-10595-3\"  class=\"panel-grid panel-no-style\" ><div id=\"pgc-10595-3-0\"  class=\"panel-grid-cell panel-grid-cell-mobile-last\" ><div id=\"panel-10595-3-0-0\" class=\"so-panel widget widget_spacer-widget panel-first-child\" data-index=\"8\" ><div\n\t\t\t\n\t\t\tclass=\"so-widget-spacer-widget so-widget-spacer-widget-base\"\n\t\t\t\n\t\t>\n<div class=\"clearfix\" style=\"height:40px\"><\/div><\/div><\/div><div id=\"panel-10595-3-0-1\" class=\"so-panel widget widget_sow-video panel-last-child\" data-index=\"9\" ><div\n\t\t\t\n\t\t\tclass=\"so-widget-sow-video so-widget-sow-video-default-c08170c47cfb-10595\"\n\t\t\t\n\t\t><h3 class=\"widget-title\">Vid\u00e9o : Les iguanes menac\u00e9s en Ha\u00efti<\/h3>\n<div class=\"sow-video-wrapper\n use-fitvids\">\n\t\t\t<iframe loading=\"lazy\" title=\"Entre braconnage et le mur dominicain, les iguanes menac\u00e9s en Ha\u00efti\" width=\"680\" height=\"383\" src=\"https:\/\/www.youtube.com\/embed\/IXF5k8kYav4?feature=oembed&enablejsapi=1\" frameborder=\"0\" allow=\"accelerometer; autoplay; clipboard-write; encrypted-media; gyroscope; picture-in-picture; web-share\" referrerpolicy=\"strict-origin-when-cross-origin\" allowfullscreen allowfullscreen mozallowfullscreen webkitallowfullscreen sandbox=\"allow-scripts allow-same-origin allow-presentation\"><\/iframe>\t<\/div>\n<\/div><\/div><\/div><div id=\"pgc-10595-3-1\"  class=\"panel-grid-cell panel-grid-cell-empty\" ><\/div><\/div><div id=\"pg-10595-4\"  class=\"panel-grid panel-no-style\" ><div id=\"pgc-10595-4-0\"  class=\"panel-grid-cell\" ><div id=\"panel-10595-4-0-0\" class=\"so-panel widget widget_spacer-widget panel-first-child\" data-index=\"10\" ><div\n\t\t\t\n\t\t\tclass=\"so-widget-spacer-widget so-widget-spacer-widget-base\"\n\t\t\t\n\t\t>\n<div class=\"clearfix\" style=\"height:40px\"><\/div><\/div><\/div><div id=\"panel-10595-4-0-1\" class=\"so-panel widget widget_lsow-team-members panel-last-child\" data-index=\"11\" ><div\n\t\t\t\n\t\t\tclass=\"so-widget-lsow-team-members so-widget-lsow-team-members-style1-d75171398898-10595\"\n\t\t\t\n\t\t>\n<h3 class=\"widget-title\">L&#039;\u00e9quipe du projet<\/h3><div class=\"lsow-team-members lsow-style1 lsow-grid-container  lsow-grid-desktop-5 lsow-grid-tablet-2 lsow-grid-mobile-1\"><div class=\"lsow-grid-item lsow-team-member-wrapper\"><div class=\"lsow-team-member \" ><div class=\"lsow-image-wrapper\"><img loading=\"lazy\" decoding=\"async\" width=\"150\" height=\"150\" src=\"https:\/\/www.caribaea.org\/wp-content\/uploads\/2024\/04\/Ren\u00e9_Jeune_carr\u00e9-150x150.jpg\" class=\"lsow-image\" alt=\"\" srcset=\"https:\/\/www.caribaea.org\/wp-content\/uploads\/2024\/04\/Ren\u00e9_Jeune_carr\u00e9-150x150.jpg 150w, https:\/\/www.caribaea.org\/wp-content\/uploads\/2024\/04\/Ren\u00e9_Jeune_carr\u00e9-300x300.jpg 300w, https:\/\/www.caribaea.org\/wp-content\/uploads\/2024\/04\/Ren\u00e9_Jeune_carr\u00e9-80x80.jpg 80w, https:\/\/www.caribaea.org\/wp-content\/uploads\/2024\/04\/Ren\u00e9_Jeune_carr\u00e9-100x100.jpg 100w, https:\/\/www.caribaea.org\/wp-content\/uploads\/2024\/04\/Ren\u00e9_Jeune_carr\u00e9.jpg 509w\" sizes=\"auto, (max-width: 150px) 100vw, 150px\" \/><div class=\"lsow-social-wrap\"><div class=\"lsow-social-list\"><\/div><!-- .lsow-social-list --><\/div><!-- .lsow-social-wrap --><\/div><!-- .lsow-image-wrapper --><div class=\"lsow-team-member-text\"><h3 class=\"lsow-title\">Ren\u00e9 Jeune<\/h3><div class=\"lsow-team-member-position\">Technicien consultant en Ha\u00efti<\/div><div class=\"lsow-team-member-details\"><\/div><\/div><!-- .lsow-team-member-text --><\/div><!-- .lsow-team-member --><\/div><!-- .lsow-team-member-wrapper --><div class=\"lsow-grid-item lsow-team-member-wrapper\"><div class=\"lsow-team-member \" ><div class=\"lsow-image-wrapper\"><img loading=\"lazy\" decoding=\"async\" width=\"150\" height=\"150\" src=\"https:\/\/www.caribaea.org\/wp-content\/uploads\/2023\/02\/Fichier-5-150x150.png\" class=\"lsow-image\" alt=\"\" srcset=\"https:\/\/www.caribaea.org\/wp-content\/uploads\/2023\/02\/Fichier-5-150x150.png 150w, https:\/\/www.caribaea.org\/wp-content\/uploads\/2023\/02\/Fichier-5-300x300.png 300w, https:\/\/www.caribaea.org\/wp-content\/uploads\/2023\/02\/Fichier-5-1024x1024.png 1024w, https:\/\/www.caribaea.org\/wp-content\/uploads\/2023\/02\/Fichier-5-768x768.png 768w, https:\/\/www.caribaea.org\/wp-content\/uploads\/2023\/02\/Fichier-5-958x958.png 958w, https:\/\/www.caribaea.org\/wp-content\/uploads\/2023\/02\/Fichier-5-80x80.png 80w, https:\/\/www.caribaea.org\/wp-content\/uploads\/2023\/02\/Fichier-5-100x100.png 100w, https:\/\/www.caribaea.org\/wp-content\/uploads\/2023\/02\/Fichier-5.png 1119w\" sizes=\"auto, (max-width: 150px) 100vw, 150px\" \/><div class=\"lsow-social-wrap\"><div class=\"lsow-social-list\"><\/div><!-- .lsow-social-list --><\/div><!-- .lsow-social-wrap --><\/div><!-- .lsow-image-wrapper --><div class=\"lsow-team-member-text\"><h3 class=\"lsow-title\">William Cin\u00e9a<\/h3><div class=\"lsow-team-member-position\">Botaniste, directeur du Jardin botanique des Cayes<\/div><div class=\"lsow-team-member-details\"><\/div><\/div><!-- .lsow-team-member-text --><\/div><!-- .lsow-team-member --><\/div><!-- .lsow-team-member-wrapper --><\/div><!-- .lsow-team-members --><div class=\"lsow-clear\"><\/div><\/div><\/div><\/div><\/div><div id=\"pg-10595-5\"  class=\"panel-grid panel-no-style\" ><div id=\"pgc-10595-5-0\"  class=\"panel-grid-cell\" ><div id=\"panel-10595-5-0-0\" class=\"so-panel widget widget_spacer-widget panel-first-child\" data-index=\"12\" ><div\n\t\t\t\n\t\t\tclass=\"so-widget-spacer-widget so-widget-spacer-widget-base\"\n\t\t\t\n\t\t>\n<div class=\"clearfix\" style=\"height:40px\"><\/div><\/div><\/div><div id=\"panel-10595-5-0-1\" class=\"so-panel widget widget_sow-editor panel-last-child\" data-index=\"13\" ><div\n\t\t\t\n\t\t\tclass=\"so-widget-sow-editor so-widget-sow-editor-base\"\n\t\t\t\n\t\t>\n<div class=\"siteorigin-widget-tinymce textwidget\">\n\t<h3>Partenaires du projet<\/h3>\n<hr \/>\n<p>Le projet est actuellement financ\u00e9 par la Fondation FOKAL, Fondasyon Konesans Ak Lib\u00e8te, bas\u00e9e \u00e0 Port-au-Prince, Ha\u00efti et Caribaea Initiative<\/p>\n<p><img loading=\"lazy\" decoding=\"async\" class=\"wp-image-10615 alignnone\" src=\"https:\/\/www.caribaea.org\/wp-content\/uploads\/2024\/10\/FOKAL-201x300.png\" alt=\"\" width=\"102\" height=\"152\" srcset=\"https:\/\/www.caribaea.org\/wp-content\/uploads\/2024\/10\/FOKAL-201x300.png 201w, https:\/\/www.caribaea.org\/wp-content\/uploads\/2024\/10\/FOKAL-686x1024.png 686w, https:\/\/www.caribaea.org\/wp-content\/uploads\/2024\/10\/FOKAL-768x1146.png 768w, https:\/\/www.caribaea.org\/wp-content\/uploads\/2024\/10\/FOKAL-1029x1536.png 1029w, https:\/\/www.caribaea.org\/wp-content\/uploads\/2024\/10\/FOKAL-1373x2048.png 1373w, https:\/\/www.caribaea.org\/wp-content\/uploads\/2024\/10\/FOKAL-958x1429.png 958w, https:\/\/www.caribaea.org\/wp-content\/uploads\/2024\/10\/FOKAL.png 1904w\" sizes=\"auto, (max-width: 102px) 100vw, 102px\" \/> \u00a0\u00a0 <img loading=\"lazy\" decoding=\"async\" class=\"wp-image-9353 alignnone\" src=\"https:\/\/www.caribaea.org\/wp-content\/uploads\/2024\/01\/logo-300x300.jpg\" alt=\"\" width=\"150\" height=\"150\" srcset=\"https:\/\/www.caribaea.org\/wp-content\/uploads\/2024\/01\/logo-300x300.jpg 300w, https:\/\/www.caribaea.org\/wp-content\/uploads\/2024\/01\/logo-150x150.jpg 150w, https:\/\/www.caribaea.org\/wp-content\/uploads\/2024\/01\/logo-80x80.jpg 80w, https:\/\/www.caribaea.org\/wp-content\/uploads\/2024\/01\/logo-100x100.jpg 100w, https:\/\/www.caribaea.org\/wp-content\/uploads\/2024\/01\/logo.jpg 600w\" sizes=\"auto, (max-width: 150px) 100vw, 150px\" \/><\/p>\n<\/div>\n<\/div><\/div><\/div><\/div><\/div>","protected":false},"excerpt":{"rendered":"<p>Titre : Projet Ansapit \u2013 Pr\u00e9servation de la biodiversit\u00e9 et restauration des \u00e9cosyst\u00e8mes au sein du Parc communal Cacique Henri Objectif : Pr\u00e9server la biodiversit\u00e9 et restaurer les \u00e9cosyst\u00e8mes du Parc communal Cacique Henri (Ha\u00efti) en sensibilisant et en impliquant les communaut\u00e9s locales dans la gestion de leur patrimoine naturel. Localisation : Ha\u00efti Dates : [&hellip;]<\/p>\n","protected":false},"author":34,"featured_media":0,"parent":7582,"menu_order":4,"comment_status":"closed","ping_status":"closed","template":"","meta":{"footnotes":""},"class_list":["post-10595","page","type-page","status-publish","hentry"],"yoast_head":"<!-- This site is optimized with the Yoast SEO plugin v26.6 - https:\/\/yoast.com\/wordpress\/plugins\/seo\/ -->\n<title>Projet Ansapit - Caribaea Initiative<\/title>\n<meta name=\"robots\" content=\"index, follow, max-snippet:-1, max-image-preview:large, max-video-preview:-1\" \/>\n<link rel=\"canonical\" href=\"https:\/\/www.caribaea.org\/fr\/nos-projets\/programmes-de-recherche-et-d-education\/ansapit\/\" \/>\n<meta property=\"og:locale\" content=\"fr_FR\" \/>\n<meta property=\"og:type\" content=\"article\" \/>\n<meta property=\"og:title\" content=\"Projet Ansapit - Caribaea Initiative\" \/>\n<meta property=\"og:description\" content=\"Titre : Projet Ansapit \u2013 Pr\u00e9servation de la biodiversit\u00e9 et restauration des \u00e9cosyst\u00e8mes au sein du Parc communal Cacique Henri Objectif : Pr\u00e9server la biodiversit\u00e9 et restaurer les \u00e9cosyst\u00e8mes du Parc communal Cacique Henri (Ha\u00efti) en sensibilisant et en impliquant les communaut\u00e9s locales dans la gestion de leur patrimoine naturel. Localisation : Ha\u00efti Dates : [&hellip;]\" \/>\n<meta property=\"og:url\" content=\"https:\/\/www.caribaea.org\/fr\/nos-projets\/programmes-de-recherche-et-d-education\/ansapit\/\" \/>\n<meta property=\"og:site_name\" content=\"Caribaea Initiative\" \/>\n<meta property=\"article:modified_time\" content=\"2026-01-26T10:24:35+00:00\" \/>\n<meta property=\"og:image\" content=\"https:\/\/www.caribaea.org\/wp-content\/uploads\/2024\/10\/FOKAL-201x300.png\" \/>\n<meta name=\"twitter:card\" content=\"summary_large_image\" \/>\n<meta name=\"twitter:label1\" content=\"Dur\u00e9e de lecture estim\u00e9e\" \/>\n\t<meta name=\"twitter:data1\" content=\"3 minutes\" \/>\n<script type=\"application\/ld+json\" class=\"yoast-schema-graph\">{\"@context\":\"https:\/\/schema.org\",\"@graph\":[{\"@type\":\"WebPage\",\"@id\":\"https:\/\/www.caribaea.org\/fr\/nos-projets\/programmes-de-recherche-et-d-education\/ansapit\/\",\"url\":\"https:\/\/www.caribaea.org\/fr\/nos-projets\/programmes-de-recherche-et-d-education\/ansapit\/\",\"name\":\"Projet Ansapit - Caribaea Initiative\",\"isPartOf\":{\"@id\":\"https:\/\/www.caribaea.org\/en\/#website\"},\"primaryImageOfPage\":{\"@id\":\"https:\/\/www.caribaea.org\/fr\/nos-projets\/programmes-de-recherche-et-d-education\/ansapit\/#primaryimage\"},\"image\":{\"@id\":\"https:\/\/www.caribaea.org\/fr\/nos-projets\/programmes-de-recherche-et-d-education\/ansapit\/#primaryimage\"},\"thumbnailUrl\":\"https:\/\/www.caribaea.org\/wp-content\/uploads\/2024\/10\/FOKAL-201x300.png\",\"datePublished\":\"2024-10-10T14:13:42+00:00\",\"dateModified\":\"2026-01-26T10:24:35+00:00\",\"breadcrumb\":{\"@id\":\"https:\/\/www.caribaea.org\/fr\/nos-projets\/programmes-de-recherche-et-d-education\/ansapit\/#breadcrumb\"},\"inLanguage\":\"fr-FR\",\"potentialAction\":[{\"@type\":\"ReadAction\",\"target\":[\"https:\/\/www.caribaea.org\/fr\/nos-projets\/programmes-de-recherche-et-d-education\/ansapit\/\"]}]},{\"@type\":\"ImageObject\",\"inLanguage\":\"fr-FR\",\"@id\":\"https:\/\/www.caribaea.org\/fr\/nos-projets\/programmes-de-recherche-et-d-education\/ansapit\/#primaryimage\",\"url\":\"https:\/\/www.caribaea.org\/wp-content\/uploads\/2024\/10\/FOKAL-201x300.png\",\"contentUrl\":\"https:\/\/www.caribaea.org\/wp-content\/uploads\/2024\/10\/FOKAL-201x300.png\"},{\"@type\":\"BreadcrumbList\",\"@id\":\"https:\/\/www.caribaea.org\/fr\/nos-projets\/programmes-de-recherche-et-d-education\/ansapit\/#breadcrumb\",\"itemListElement\":[{\"@type\":\"ListItem\",\"position\":1,\"name\":\"Accueil\",\"item\":\"https:\/\/www.caribaea.org\/fr\/\"},{\"@type\":\"ListItem\",\"position\":2,\"name\":\"Nos projets\",\"item\":\"https:\/\/www.caribaea.org\/fr\/nos-projets\/\"},{\"@type\":\"ListItem\",\"position\":3,\"name\":\"Programmes de recherche et d\u2019\u00e9ducation\",\"item\":\"https:\/\/www.caribaea.org\/fr\/nos-projets\/programmes-de-recherche-et-d-education\/\"},{\"@type\":\"ListItem\",\"position\":4,\"name\":\"Projet Ansapit\"}]},{\"@type\":\"WebSite\",\"@id\":\"https:\/\/www.caribaea.org\/en\/#website\",\"url\":\"https:\/\/www.caribaea.org\/en\/\",\"name\":\"Caribaea Initiative\",\"description\":\"\",\"potentialAction\":[{\"@type\":\"SearchAction\",\"target\":{\"@type\":\"EntryPoint\",\"urlTemplate\":\"https:\/\/www.caribaea.org\/en\/?s={search_term_string}\"},\"query-input\":{\"@type\":\"PropertyValueSpecification\",\"valueRequired\":true,\"valueName\":\"search_term_string\"}}],\"inLanguage\":\"fr-FR\"}]}<\/script>\n<!-- \/ Yoast SEO plugin. -->","yoast_head_json":{"title":"Projet Ansapit - Caribaea Initiative","robots":{"index":"index","follow":"follow","max-snippet":"max-snippet:-1","max-image-preview":"max-image-preview:large","max-video-preview":"max-video-preview:-1"},"canonical":"https:\/\/www.caribaea.org\/fr\/nos-projets\/programmes-de-recherche-et-d-education\/ansapit\/","og_locale":"fr_FR","og_type":"article","og_title":"Projet Ansapit - Caribaea Initiative","og_description":"Titre : Projet Ansapit \u2013 Pr\u00e9servation de la biodiversit\u00e9 et restauration des \u00e9cosyst\u00e8mes au sein du Parc communal Cacique Henri Objectif : Pr\u00e9server la biodiversit\u00e9 et restaurer les \u00e9cosyst\u00e8mes du Parc communal Cacique Henri (Ha\u00efti) en sensibilisant et en impliquant les communaut\u00e9s locales dans la gestion de leur patrimoine naturel. Localisation : Ha\u00efti Dates : [&hellip;]","og_url":"https:\/\/www.caribaea.org\/fr\/nos-projets\/programmes-de-recherche-et-d-education\/ansapit\/","og_site_name":"Caribaea Initiative","article_modified_time":"2026-01-26T10:24:35+00:00","og_image":[{"url":"https:\/\/www.caribaea.org\/wp-content\/uploads\/2024\/10\/FOKAL-201x300.png","type":"","width":"","height":""}],"twitter_card":"summary_large_image","twitter_misc":{"Dur\u00e9e de lecture estim\u00e9e":"3 minutes"},"schema":{"@context":"https:\/\/schema.org","@graph":[{"@type":"WebPage","@id":"https:\/\/www.caribaea.org\/fr\/nos-projets\/programmes-de-recherche-et-d-education\/ansapit\/","url":"https:\/\/www.caribaea.org\/fr\/nos-projets\/programmes-de-recherche-et-d-education\/ansapit\/","name":"Projet Ansapit - Caribaea Initiative","isPartOf":{"@id":"https:\/\/www.caribaea.org\/en\/#website"},"primaryImageOfPage":{"@id":"https:\/\/www.caribaea.org\/fr\/nos-projets\/programmes-de-recherche-et-d-education\/ansapit\/#primaryimage"},"image":{"@id":"https:\/\/www.caribaea.org\/fr\/nos-projets\/programmes-de-recherche-et-d-education\/ansapit\/#primaryimage"},"thumbnailUrl":"https:\/\/www.caribaea.org\/wp-content\/uploads\/2024\/10\/FOKAL-201x300.png","datePublished":"2024-10-10T14:13:42+00:00","dateModified":"2026-01-26T10:24:35+00:00","breadcrumb":{"@id":"https:\/\/www.caribaea.org\/fr\/nos-projets\/programmes-de-recherche-et-d-education\/ansapit\/#breadcrumb"},"inLanguage":"fr-FR","potentialAction":[{"@type":"ReadAction","target":["https:\/\/www.caribaea.org\/fr\/nos-projets\/programmes-de-recherche-et-d-education\/ansapit\/"]}]},{"@type":"ImageObject","inLanguage":"fr-FR","@id":"https:\/\/www.caribaea.org\/fr\/nos-projets\/programmes-de-recherche-et-d-education\/ansapit\/#primaryimage","url":"https:\/\/www.caribaea.org\/wp-content\/uploads\/2024\/10\/FOKAL-201x300.png","contentUrl":"https:\/\/www.caribaea.org\/wp-content\/uploads\/2024\/10\/FOKAL-201x300.png"},{"@type":"BreadcrumbList","@id":"https:\/\/www.caribaea.org\/fr\/nos-projets\/programmes-de-recherche-et-d-education\/ansapit\/#breadcrumb","itemListElement":[{"@type":"ListItem","position":1,"name":"Accueil","item":"https:\/\/www.caribaea.org\/fr\/"},{"@type":"ListItem","position":2,"name":"Nos projets","item":"https:\/\/www.caribaea.org\/fr\/nos-projets\/"},{"@type":"ListItem","position":3,"name":"Programmes de recherche et d\u2019\u00e9ducation","item":"https:\/\/www.caribaea.org\/fr\/nos-projets\/programmes-de-recherche-et-d-education\/"},{"@type":"ListItem","position":4,"name":"Projet Ansapit"}]},{"@type":"WebSite","@id":"https:\/\/www.caribaea.org\/en\/#website","url":"https:\/\/www.caribaea.org\/en\/","name":"Caribaea Initiative","description":"","potentialAction":[{"@type":"SearchAction","target":{"@type":"EntryPoint","urlTemplate":"https:\/\/www.caribaea.org\/en\/?s={search_term_string}"},"query-input":{"@type":"PropertyValueSpecification","valueRequired":true,"valueName":"search_term_string"}}],"inLanguage":"fr-FR"}]}},"_links":{"self":[{"href":"https:\/\/www.caribaea.org\/fr\/wp-json\/wp\/v2\/pages\/10595","targetHints":{"allow":["GET"]}}],"collection":[{"href":"https:\/\/www.caribaea.org\/fr\/wp-json\/wp\/v2\/pages"}],"about":[{"href":"https:\/\/www.caribaea.org\/fr\/wp-json\/wp\/v2\/types\/page"}],"author":[{"embeddable":true,"href":"https:\/\/www.caribaea.org\/fr\/wp-json\/wp\/v2\/users\/34"}],"replies":[{"embeddable":true,"href":"https:\/\/www.caribaea.org\/fr\/wp-json\/wp\/v2\/comments?post=10595"}],"version-history":[{"count":3,"href":"https:\/\/www.caribaea.org\/fr\/wp-json\/wp\/v2\/pages\/10595\/revisions"}],"predecessor-version":[{"id":12900,"href":"https:\/\/www.caribaea.org\/fr\/wp-json\/wp\/v2\/pages\/10595\/revisions\/12900"}],"up":[{"embeddable":true,"href":"https:\/\/www.caribaea.org\/fr\/wp-json\/wp\/v2\/pages\/7582"}],"wp:attachment":[{"href":"https:\/\/www.caribaea.org\/fr\/wp-json\/wp\/v2\/media?parent=10595"}],"curies":[{"name":"wp","href":"https:\/\/api.w.org\/{rel}","templated":true}]}}