{"id":11606,"date":"2025-03-19T10:29:22","date_gmt":"2025-03-19T09:29:22","guid":{"rendered":"https:\/\/www.caribaea.org\/?page_id=11606"},"modified":"2025-05-30T14:34:33","modified_gmt":"2025-05-30T12:34:33","slug":"symposium1","status":"publish","type":"page","link":"https:\/\/www.caribaea.org\/fr\/communication\/conferences\/conference-2025\/symposium1\/","title":{"rendered":"Symposium \u00ab\u00a0Chasse, gestion de la faune sauvage et conservation dans la Cara\u00efbe insulaire\u00a0\u00bb"},"content":{"rendered":"<div id=\"pl-11606\"  class=\"panel-layout\" ><div id=\"pg-11606-0\"  class=\"panel-grid panel-has-style\" ><div class=\"siteorigin-panels-stretch panel-row-style panel-row-style-for-11606-0\" data-stretch-type=\"full\" ><div id=\"pgc-11606-0-0\"  class=\"panel-grid-cell\" ><div id=\"panel-11606-0-0-0\" class=\"so-panel widget widget_sow-editor panel-first-child panel-last-child\" data-index=\"0\" ><div class=\"panel-widget-style panel-widget-style-for-11606-0-0-0\" ><div\n\t\t\t\n\t\t\tclass=\"so-widget-sow-editor so-widget-sow-editor-base\"\n\t\t\t\n\t\t>\n<div class=\"siteorigin-widget-tinymce textwidget\">\n\t<p>Dans la Cara\u00efbe insulaire, la conservation des esp\u00e8ces gibiers et de leurs habitats est un enjeu crucial pour la pr\u00e9servation de la biodiversit\u00e9 r\u00e9gionale. Le symposium \"<strong>Chasse, gestion de la faune sauvage et conservation dans la Cara\u00efbe insulaire<\/strong>\" vise \u00e0 faire le point sur les d\u00e9fis et opportunit\u00e9s concernant la gestion durable des esp\u00e8ces chassables et \u00e0 stimuler une collaboration constructive entre les chasseurs, les scientifiques et les acteurs de la conservation.<\/p>\n<h5><span style=\"color: #e95b2b;\"><strong>Descriptif et programme<\/strong><\/span><\/h5>\n<p><a href=\"https:\/\/www.caribaea.org\/wp-content\/uploads\/2025\/05\/Presentation-symposium-Chasse-et-conservation-dans-la-Caraibe.pdf\" target=\"_blank\" rel=\"noopener\">&gt;&gt; T\u00e9l\u00e9charger le descriptif du symposium<\/a><\/p>\n<h5><span style=\"color: #e95b2b;\"><strong>Date et lieu<\/strong><\/span><\/h5>\n<p>Ce symposium s'inscrit dans le cadre de la <em><a href=\"https:\/\/www.caribaea.org\/fr\/communication\/conferences\/conference-2025\/\">Caribaea Initiative Research &amp; Conservation Conference<\/a><\/em> et aura lieu <strong>\u00e0 l'H\u00f4tel Karibea Sainte Luce, en Martinique<\/strong>, le <strong>12 juin 2025<\/strong>.<\/p>\n<h5><span style=\"color: #e95b2b;\"><strong>Participants<\/strong><\/span><\/h5>\n<p>Le symposium est ouvert \u00e0 toutes les personnes inscrites \u00e0 la conf\u00e9rence. Il r\u00e9unira des chercheurs et \u00e9tudiants, des gestionnaires de la faune sauvage, des membres des F\u00e9d\u00e9rations de chasse, des membres de diverses ONG internationales et d\u2019autres acteurs concern\u00e9s par la conservation de la biodiversit\u00e9 carib\u00e9enne.<\/p>\n<h5><span style=\"color: #e95b2b;\"><strong>Programme<\/strong><\/span><\/h5>\n<p>Le symposium se d\u00e9roulera sur une journ\u00e9e enti\u00e8re et comprendra :<\/p>\n<ul>\n<li>Des synth\u00e8ses g\u00e9n\u00e9rales et des pr\u00e9sentations plus sp\u00e9cifiques sur les enjeux associ\u00e9s \u00e0 la chasse et \u00e0 la conservation dans la Cara\u00efbe insulaire<\/li>\n<li>Une table ronde permettant un \u00e9change direct entre les diff\u00e9rents acteurs<\/li>\n<\/ul>\n<h5><span style=\"color: #e95b2b;\"><strong>Conf\u00e9renciers pl\u00e9niers<\/strong><\/span><\/h5>\n<ul>\n<li><strong>Dr. Howard Nelson<\/strong> (Fauna and Flora International, University of Cambridge) : \"Pathways to sustainable hunting in the insular Caribbean\"<\/li>\n<li><strong>Dr. Erica Von Essen<\/strong> (Universit\u00e9 de Stockholm) : \"Killing for conservation: Reconciling hunting with biodiversity agendas\"<\/li>\n<li><strong>Dr. Roger Pradel<\/strong> (CEFE CNRS, Montpellier) : \"Monitoring harvested populations\"<\/li>\n<\/ul>\n<h5><span style=\"color: #e95b2b;\"><strong>Langue<\/strong><\/span><\/h5>\n<p>L'ensemble de la conf\u00e9rence se d\u00e9roulera en anglais. Une interpr\u00e9tation simultan\u00e9e anglais-fran\u00e7ais sera disponible durant tout le symposium.<\/p>\n<h5><span style=\"color: #e95b2b;\"><strong>Inscriptions et appel \u00e0 communication<\/strong><\/span><\/h5>\n<p>L'inscription au symposium est incluse pour toutes les personnes inscrites \u00e0 la conf\u00e9rence (<a href=\"https:\/\/www.caribaea.org\/fr\/communication\/conferences\/conference-2025\/\">voir page d\u00e9di\u00e9e \u00e0 la conf\u00e9rence<\/a>).<\/p>\n<p>Il est \u00e9galement possible de s'inscrire uniquement pour cette journ\u00e9e <strong>au tarif de 150 \u20ac<\/strong> (tarif r\u00e9duit \u00e0 <strong>100 \u20ac<\/strong> pour les membres des F\u00e9d\u00e9rations D\u00e9partementales des Chasseurs de Martinique et de Guadeloupe). Merci de nous contacter avant le 6 juin \u00e0 : <a href=\"mailto:conference2025@caribaea.org\">conference2025[at]caribaea.org<\/a><\/p>\n<p>Les personnes int\u00e9ress\u00e9es \u00e0 faire une communication peuvent nous envoyer une proposition en utilisant <a href=\"https:\/\/www.caribaea.org\/wp-content\/uploads\/2025\/01\/Caribaea_Initiative_Conference2025_Abstract_Submission_form.docx\" target=\"_blank\" rel=\"noopener\">le formulaire t\u00e9l\u00e9chargeable ici<\/a>. Merci de prendre soin de respecter toutes les instructions et de nous faire parvenir le formulaire une fois rempli \u00e0 l\u2019adresse suivante : <a href=\"mailto:conference2025@caribaea.org\">conference2025[at]caribaea.org<\/a>. La date limite de soumission des communications orales est fix\u00e9e au 22 avril 2025, tandis que les propositions de communication sous forme de poster peuvent \u00eatre envoy\u00e9es jusqu\u2019au 31 mai 2025. Les propositions seront \u00e9valu\u00e9es par notre comit\u00e9 scientifique et les auteurs seront avertis de la d\u00e9cision au fil de l\u2019eau.<\/p>\n<h5><span style=\"color: #e95b2b;\"><strong>Partenaires<\/strong><\/span><\/h5>\n<p>Nous remercions chaleureusement nos partenaires \"Gold\" qui rendent possible l'organisation de cet \u00e9v\u00e9nement :<\/p>\n<ul>\n<li><strong>F\u00e9d\u00e9ration D\u00e9partementale des Chasseurs de Martinique<\/strong><\/li>\n<li><strong>F\u00e9d\u00e9ration D\u00e9partementale des Chasseurs de Guadeloupe<\/strong><\/li>\n<\/ul>\n<p>Ces f\u00e9d\u00e9rations sont \u00e9galement des partenaires de Caribaea Initiative dans le cadre de <a href=\"https:\/\/www.caribaea.org\/fr\/nos-projets\/programmes-de-recherche-et-d-education\/projet-espacypa\/\">notre projet ESPACYPA<\/a> d\u00e9di\u00e9 au suivi de plusieurs esp\u00e8ces aviaires dans les Petites Antilles.<\/p>\n<p><img loading=\"lazy\" decoding=\"async\" class=\"alignleft wp-image-9184\" src=\"https:\/\/www.caribaea.org\/wp-content\/uploads\/2023\/11\/F\u00e9d\u00e9ration_Chasseurs_Martinique-300x293.jpg\" alt=\"\" width=\"153\" height=\"150\" srcset=\"https:\/\/www.caribaea.org\/wp-content\/uploads\/2023\/11\/F\u00e9d\u00e9ration_Chasseurs_Martinique-300x293.jpg 300w, https:\/\/www.caribaea.org\/wp-content\/uploads\/2023\/11\/F\u00e9d\u00e9ration_Chasseurs_Martinique.jpg 318w\" sizes=\"auto, (max-width: 153px) 100vw, 153px\" \/><img loading=\"lazy\" decoding=\"async\" class=\"alignleft wp-image-8782\" src=\"https:\/\/www.caribaea.org\/wp-content\/uploads\/2023\/05\/logo-fdcg-coul-300x228.png\" alt=\"\" width=\"198\" height=\"150\" srcset=\"https:\/\/www.caribaea.org\/wp-content\/uploads\/2023\/05\/logo-fdcg-coul-300x228.png 300w, https:\/\/www.caribaea.org\/wp-content\/uploads\/2023\/05\/logo-fdcg-coul-1024x777.png 1024w, https:\/\/www.caribaea.org\/wp-content\/uploads\/2023\/05\/logo-fdcg-coul-768x582.png 768w, https:\/\/www.caribaea.org\/wp-content\/uploads\/2023\/05\/logo-fdcg-coul-1536x1165.png 1536w, https:\/\/www.caribaea.org\/wp-content\/uploads\/2023\/05\/logo-fdcg-coul-2048x1553.png 2048w, https:\/\/www.caribaea.org\/wp-content\/uploads\/2023\/05\/logo-fdcg-coul-958x727.png 958w, https:\/\/www.caribaea.org\/wp-content\/uploads\/2023\/05\/logo-fdcg-coul-800x600.png 800w\" sizes=\"auto, (max-width: 198px) 100vw, 198px\" \/><\/p>\n<\/div>\n<\/div><\/div><\/div><\/div><\/div><\/div><\/div>","protected":false},"excerpt":{"rendered":"<p>Dans la Cara\u00efbe insulaire, la conservation des esp\u00e8ces gibiers et de leurs habitats est un enjeu crucial pour la pr\u00e9servation de la biodiversit\u00e9 r\u00e9gionale. Le symposium \u00ab\u00a0Chasse, gestion de la faune sauvage et conservation dans la Cara\u00efbe insulaire\u00a0\u00bb vise \u00e0 faire le point sur les d\u00e9fis et opportunit\u00e9s concernant la gestion durable des esp\u00e8ces chassables [&hellip;]<\/p>\n","protected":false},"author":34,"featured_media":0,"parent":10754,"menu_order":3,"comment_status":"closed","ping_status":"closed","template":"","meta":{"footnotes":""},"class_list":["post-11606","page","type-page","status-publish","hentry"],"yoast_head":"<!-- This site is optimized with the Yoast SEO plugin v26.6 - https:\/\/yoast.com\/wordpress\/plugins\/seo\/ -->\n<title>Symposium &quot;Chasse, gestion de la faune sauvage et conservation dans la Cara\u00efbe insulaire&quot; - Caribaea Initiative<\/title>\n<meta name=\"robots\" content=\"index, follow, max-snippet:-1, max-image-preview:large, max-video-preview:-1\" \/>\n<link rel=\"canonical\" href=\"https:\/\/www.caribaea.org\/fr\/communication\/conferences\/conference-2025\/symposium1\/\" \/>\n<meta property=\"og:locale\" content=\"fr_FR\" \/>\n<meta property=\"og:type\" content=\"article\" \/>\n<meta property=\"og:title\" content=\"Symposium &quot;Chasse, gestion de la faune sauvage et conservation dans la Cara\u00efbe insulaire&quot; - Caribaea Initiative\" \/>\n<meta property=\"og:description\" content=\"Dans la Cara\u00efbe insulaire, la conservation des esp\u00e8ces gibiers et de leurs habitats est un enjeu crucial pour la pr\u00e9servation de la biodiversit\u00e9 r\u00e9gionale. Le symposium &quot;Chasse, gestion de la faune sauvage et conservation dans la Cara\u00efbe insulaire&quot; vise \u00e0 faire le point sur les d\u00e9fis et opportunit\u00e9s concernant la gestion durable des esp\u00e8ces chassables [&hellip;]\" \/>\n<meta property=\"og:url\" content=\"https:\/\/www.caribaea.org\/fr\/communication\/conferences\/conference-2025\/symposium1\/\" \/>\n<meta property=\"og:site_name\" content=\"Caribaea Initiative\" \/>\n<meta property=\"article:modified_time\" content=\"2025-05-30T12:34:33+00:00\" \/>\n<meta property=\"og:image\" content=\"https:\/\/www.caribaea.org\/wp-content\/uploads\/2023\/05\/logo-fdcg-coul-300x228.png\" \/>\n<meta name=\"twitter:card\" content=\"summary_large_image\" \/>\n<meta name=\"twitter:label1\" content=\"Dur\u00e9e de lecture estim\u00e9e\" \/>\n\t<meta name=\"twitter:data1\" content=\"3 minutes\" \/>\n<script type=\"application\/ld+json\" class=\"yoast-schema-graph\">{\"@context\":\"https:\/\/schema.org\",\"@graph\":[{\"@type\":\"WebPage\",\"@id\":\"https:\/\/www.caribaea.org\/fr\/communication\/conferences\/conference-2025\/symposium1\/\",\"url\":\"https:\/\/www.caribaea.org\/fr\/communication\/conferences\/conference-2025\/symposium1\/\",\"name\":\"Symposium \\\"Chasse, gestion de la faune sauvage et conservation dans la Cara\u00efbe insulaire\\\" - Caribaea Initiative\",\"isPartOf\":{\"@id\":\"https:\/\/www.caribaea.org\/en\/#website\"},\"primaryImageOfPage\":{\"@id\":\"https:\/\/www.caribaea.org\/fr\/communication\/conferences\/conference-2025\/symposium1\/#primaryimage\"},\"image\":{\"@id\":\"https:\/\/www.caribaea.org\/fr\/communication\/conferences\/conference-2025\/symposium1\/#primaryimage\"},\"thumbnailUrl\":\"https:\/\/www.caribaea.org\/wp-content\/uploads\/2023\/05\/logo-fdcg-coul-300x228.png\",\"datePublished\":\"2025-03-19T09:29:22+00:00\",\"dateModified\":\"2025-05-30T12:34:33+00:00\",\"breadcrumb\":{\"@id\":\"https:\/\/www.caribaea.org\/fr\/communication\/conferences\/conference-2025\/symposium1\/#breadcrumb\"},\"inLanguage\":\"fr-FR\",\"potentialAction\":[{\"@type\":\"ReadAction\",\"target\":[\"https:\/\/www.caribaea.org\/fr\/communication\/conferences\/conference-2025\/symposium1\/\"]}]},{\"@type\":\"ImageObject\",\"inLanguage\":\"fr-FR\",\"@id\":\"https:\/\/www.caribaea.org\/fr\/communication\/conferences\/conference-2025\/symposium1\/#primaryimage\",\"url\":\"https:\/\/www.caribaea.org\/wp-content\/uploads\/2023\/05\/logo-fdcg-coul-300x228.png\",\"contentUrl\":\"https:\/\/www.caribaea.org\/wp-content\/uploads\/2023\/05\/logo-fdcg-coul-300x228.png\"},{\"@type\":\"BreadcrumbList\",\"@id\":\"https:\/\/www.caribaea.org\/fr\/communication\/conferences\/conference-2025\/symposium1\/#breadcrumb\",\"itemListElement\":[{\"@type\":\"ListItem\",\"position\":1,\"name\":\"Accueil\",\"item\":\"https:\/\/www.caribaea.org\/fr\/\"},{\"@type\":\"ListItem\",\"position\":2,\"name\":\"Communication\",\"item\":\"https:\/\/www.caribaea.org\/fr\/communication\/\"},{\"@type\":\"ListItem\",\"position\":3,\"name\":\"Conf\u00e9rences\",\"item\":\"https:\/\/www.caribaea.org\/fr\/communication\/conferences\/\"},{\"@type\":\"ListItem\",\"position\":4,\"name\":\"Conf\u00e9rence 2025\",\"item\":\"https:\/\/www.caribaea.org\/fr\/communication\/conferences\/conference-2025\/\"},{\"@type\":\"ListItem\",\"position\":5,\"name\":\"Symposium \u00ab\u00a0Chasse, gestion de la faune sauvage et conservation dans la Cara\u00efbe insulaire\u00a0\u00bb\"}]},{\"@type\":\"WebSite\",\"@id\":\"https:\/\/www.caribaea.org\/en\/#website\",\"url\":\"https:\/\/www.caribaea.org\/en\/\",\"name\":\"Caribaea Initiative\",\"description\":\"\",\"potentialAction\":[{\"@type\":\"SearchAction\",\"target\":{\"@type\":\"EntryPoint\",\"urlTemplate\":\"https:\/\/www.caribaea.org\/en\/?s={search_term_string}\"},\"query-input\":{\"@type\":\"PropertyValueSpecification\",\"valueRequired\":true,\"valueName\":\"search_term_string\"}}],\"inLanguage\":\"fr-FR\"}]}<\/script>\n<!-- \/ Yoast SEO plugin. -->","yoast_head_json":{"title":"Symposium \"Chasse, gestion de la faune sauvage et conservation dans la Cara\u00efbe insulaire\" - Caribaea Initiative","robots":{"index":"index","follow":"follow","max-snippet":"max-snippet:-1","max-image-preview":"max-image-preview:large","max-video-preview":"max-video-preview:-1"},"canonical":"https:\/\/www.caribaea.org\/fr\/communication\/conferences\/conference-2025\/symposium1\/","og_locale":"fr_FR","og_type":"article","og_title":"Symposium \"Chasse, gestion de la faune sauvage et conservation dans la Cara\u00efbe insulaire\" - Caribaea Initiative","og_description":"Dans la Cara\u00efbe insulaire, la conservation des esp\u00e8ces gibiers et de leurs habitats est un enjeu crucial pour la pr\u00e9servation de la biodiversit\u00e9 r\u00e9gionale. Le symposium \"Chasse, gestion de la faune sauvage et conservation dans la Cara\u00efbe insulaire\" vise \u00e0 faire le point sur les d\u00e9fis et opportunit\u00e9s concernant la gestion durable des esp\u00e8ces chassables [&hellip;]","og_url":"https:\/\/www.caribaea.org\/fr\/communication\/conferences\/conference-2025\/symposium1\/","og_site_name":"Caribaea Initiative","article_modified_time":"2025-05-30T12:34:33+00:00","og_image":[{"url":"https:\/\/www.caribaea.org\/wp-content\/uploads\/2023\/05\/logo-fdcg-coul-300x228.png","type":"","width":"","height":""}],"twitter_card":"summary_large_image","twitter_misc":{"Dur\u00e9e de lecture estim\u00e9e":"3 minutes"},"schema":{"@context":"https:\/\/schema.org","@graph":[{"@type":"WebPage","@id":"https:\/\/www.caribaea.org\/fr\/communication\/conferences\/conference-2025\/symposium1\/","url":"https:\/\/www.caribaea.org\/fr\/communication\/conferences\/conference-2025\/symposium1\/","name":"Symposium \"Chasse, gestion de la faune sauvage et conservation dans la Cara\u00efbe insulaire\" - Caribaea Initiative","isPartOf":{"@id":"https:\/\/www.caribaea.org\/en\/#website"},"primaryImageOfPage":{"@id":"https:\/\/www.caribaea.org\/fr\/communication\/conferences\/conference-2025\/symposium1\/#primaryimage"},"image":{"@id":"https:\/\/www.caribaea.org\/fr\/communication\/conferences\/conference-2025\/symposium1\/#primaryimage"},"thumbnailUrl":"https:\/\/www.caribaea.org\/wp-content\/uploads\/2023\/05\/logo-fdcg-coul-300x228.png","datePublished":"2025-03-19T09:29:22+00:00","dateModified":"2025-05-30T12:34:33+00:00","breadcrumb":{"@id":"https:\/\/www.caribaea.org\/fr\/communication\/conferences\/conference-2025\/symposium1\/#breadcrumb"},"inLanguage":"fr-FR","potentialAction":[{"@type":"ReadAction","target":["https:\/\/www.caribaea.org\/fr\/communication\/conferences\/conference-2025\/symposium1\/"]}]},{"@type":"ImageObject","inLanguage":"fr-FR","@id":"https:\/\/www.caribaea.org\/fr\/communication\/conferences\/conference-2025\/symposium1\/#primaryimage","url":"https:\/\/www.caribaea.org\/wp-content\/uploads\/2023\/05\/logo-fdcg-coul-300x228.png","contentUrl":"https:\/\/www.caribaea.org\/wp-content\/uploads\/2023\/05\/logo-fdcg-coul-300x228.png"},{"@type":"BreadcrumbList","@id":"https:\/\/www.caribaea.org\/fr\/communication\/conferences\/conference-2025\/symposium1\/#breadcrumb","itemListElement":[{"@type":"ListItem","position":1,"name":"Accueil","item":"https:\/\/www.caribaea.org\/fr\/"},{"@type":"ListItem","position":2,"name":"Communication","item":"https:\/\/www.caribaea.org\/fr\/communication\/"},{"@type":"ListItem","position":3,"name":"Conf\u00e9rences","item":"https:\/\/www.caribaea.org\/fr\/communication\/conferences\/"},{"@type":"ListItem","position":4,"name":"Conf\u00e9rence 2025","item":"https:\/\/www.caribaea.org\/fr\/communication\/conferences\/conference-2025\/"},{"@type":"ListItem","position":5,"name":"Symposium \u00ab\u00a0Chasse, gestion de la faune sauvage et conservation dans la Cara\u00efbe insulaire\u00a0\u00bb"}]},{"@type":"WebSite","@id":"https:\/\/www.caribaea.org\/en\/#website","url":"https:\/\/www.caribaea.org\/en\/","name":"Caribaea Initiative","description":"","potentialAction":[{"@type":"SearchAction","target":{"@type":"EntryPoint","urlTemplate":"https:\/\/www.caribaea.org\/en\/?s={search_term_string}"},"query-input":{"@type":"PropertyValueSpecification","valueRequired":true,"valueName":"search_term_string"}}],"inLanguage":"fr-FR"}]}},"_links":{"self":[{"href":"https:\/\/www.caribaea.org\/fr\/wp-json\/wp\/v2\/pages\/11606","targetHints":{"allow":["GET"]}}],"collection":[{"href":"https:\/\/www.caribaea.org\/fr\/wp-json\/wp\/v2\/pages"}],"about":[{"href":"https:\/\/www.caribaea.org\/fr\/wp-json\/wp\/v2\/types\/page"}],"author":[{"embeddable":true,"href":"https:\/\/www.caribaea.org\/fr\/wp-json\/wp\/v2\/users\/34"}],"replies":[{"embeddable":true,"href":"https:\/\/www.caribaea.org\/fr\/wp-json\/wp\/v2\/comments?post=11606"}],"version-history":[{"count":4,"href":"https:\/\/www.caribaea.org\/fr\/wp-json\/wp\/v2\/pages\/11606\/revisions"}],"predecessor-version":[{"id":12009,"href":"https:\/\/www.caribaea.org\/fr\/wp-json\/wp\/v2\/pages\/11606\/revisions\/12009"}],"up":[{"embeddable":true,"href":"https:\/\/www.caribaea.org\/fr\/wp-json\/wp\/v2\/pages\/10754"}],"wp:attachment":[{"href":"https:\/\/www.caribaea.org\/fr\/wp-json\/wp\/v2\/media?parent=11606"}],"curies":[{"name":"wp","href":"https:\/\/api.w.org\/{rel}","templated":true}]}}