{"id":12368,"date":"2025-11-04T17:18:49","date_gmt":"2025-11-04T16:18:49","guid":{"rendered":"https:\/\/www.caribaea.org\/?page_id=12368"},"modified":"2026-03-27T16:50:29","modified_gmt":"2026-03-27T15:50:29","slug":"gekkomar","status":"publish","type":"page","link":"https:\/\/www.caribaea.org\/fr\/nos-projets\/programmes-de-recherche-et-d-education\/gekkomar\/","title":{"rendered":"Projet GEKKOMAR"},"content":{"rendered":"<div id=\"pl-12368\"  class=\"panel-layout\" ><div id=\"pg-12368-0\"  class=\"panel-grid panel-no-style\" ><div id=\"pgc-12368-0-0\"  class=\"panel-grid-cell\" ><div id=\"panel-12368-0-0-0\" class=\"so-panel widget widget_sow-editor panel-first-child panel-last-child\" data-index=\"0\" ><div\n\t\t\t\n\t\t\tclass=\"so-widget-sow-editor so-widget-sow-editor-base\"\n\t\t\t\n\t\t>\n<div class=\"siteorigin-widget-tinymce textwidget\">\n\t<p><strong><img loading=\"lazy\" decoding=\"async\" width=\"300\" height=\"300\" class=\"size-medium wp-image-12371 alignright\" src=\"https:\/\/www.caribaea.org\/wp-content\/uploads\/2025\/11\/Logo_Gekkomar-300x300.jpg\" alt=\"\" srcset=\"https:\/\/www.caribaea.org\/wp-content\/uploads\/2025\/11\/Logo_Gekkomar-300x300.jpg 300w, https:\/\/www.caribaea.org\/wp-content\/uploads\/2025\/11\/Logo_Gekkomar-1024x1024.jpg 1024w, https:\/\/www.caribaea.org\/wp-content\/uploads\/2025\/11\/Logo_Gekkomar-150x150.jpg 150w, https:\/\/www.caribaea.org\/wp-content\/uploads\/2025\/11\/Logo_Gekkomar-768x768.jpg 768w, https:\/\/www.caribaea.org\/wp-content\/uploads\/2025\/11\/Logo_Gekkomar-1536x1536.jpg 1536w, https:\/\/www.caribaea.org\/wp-content\/uploads\/2025\/11\/Logo_Gekkomar-958x958.jpg 958w, https:\/\/www.caribaea.org\/wp-content\/uploads\/2025\/11\/Logo_Gekkomar-80x80.jpg 80w, https:\/\/www.caribaea.org\/wp-content\/uploads\/2025\/11\/Logo_Gekkomar-100x100.jpg 100w, https:\/\/www.caribaea.org\/wp-content\/uploads\/2025\/11\/Logo_Gekkomar.jpg 1951w\" sizes=\"auto, (max-width: 300px) 100vw, 300px\" \/>Titre complet :<\/strong> D\u00e9veloppement et mise en \u0153uvre d'un programme d'\u00e9radication du Gecko tokay<br \/>\n(<em>Gekko gecko<\/em>), en Martinique - GEKKOMAR<\/p>\n<p><strong>Objectif : <\/strong>Mettre en \u0153uvre en Martinique un programme d\u2019\u00e9radication du Gecko tokay afin de prot\u00e9ger les esp\u00e8ces locales.<\/p>\n<p><strong>Localisation :<\/strong> Martinique<\/p>\n<p><strong>Dates :<\/strong> 2025-2027<\/p>\n<p><strong>R\u00e9sum\u00e9 :\u00a0<\/strong>Le projet vise \u00e0 diminuer drastiquement la population de Gecko tokay (<em data-start=\"47\" data-end=\"60\">Gekko gecko<\/em>), un reptile originaire d\u2019Asie du Sud-Est devenu envahissant en Martinique, o\u00f9 il menace les esp\u00e8ces locales telles que le Th\u00e9cadactyle \u00e0 queue turbin\u00e9e et le Sph\u00e9rodactyle de Saint-Vincent. Il repose sur une m\u00e9thode innovante combinant l\u2019installation de refuges artificiels et la capture manuelle des individus. Une campagne de sensibilisation aupr\u00e8s du public accompagne les actions de terrain afin de favoriser l\u2019adh\u00e9sion \u00e0 la gestion des esp\u00e8ces exotiques envahissantes.<\/p>\n<p>&nbsp;<\/p>\n<p>Le projet GEKKOMAR s\u2019appuie sur les r\u00e9sultats du <a href=\"https:\/\/www.merci-project.com\/\" target=\"_blank\" rel=\"noopener\">projet MERCI<\/a> (2021-2023), men\u00e9 par Caribaea Initiative avec le soutien d\u2019Interreg Cara\u00efbes, qui a permis de d\u00e9velopper une m\u00e9thode de capture adapt\u00e9e. Retrouvez ci-dessous une vid\u00e9o des actions men\u00e9es :<\/p>\n<\/div>\n<\/div><\/div><\/div><\/div><div id=\"pg-12368-1\"  class=\"panel-grid panel-no-style\" ><div id=\"pgc-12368-1-0\"  class=\"panel-grid-cell panel-grid-cell-mobile-last\" ><div id=\"panel-12368-1-0-0\" class=\"so-panel widget widget_sow-video panel-first-child panel-last-child\" data-index=\"1\" ><div\n\t\t\t\n\t\t\tclass=\"so-widget-sow-video so-widget-sow-video-default-c08170c47cfb-12368\"\n\t\t\t\n\t\t>\n<div class=\"sow-video-wrapper\n\">\n\t\t\t<iframe loading=\"lazy\" title=\"[FR] Mission geckos tokay en Martinique : capture et \u00e9tude scientifique de leur r\u00e9gime alimentaire\" width=\"680\" height=\"383\" src=\"https:\/\/www.youtube.com\/embed\/wEj8KJ9OdxY?feature=oembed&enablejsapi=1\" frameborder=\"0\" allow=\"accelerometer; autoplay; clipboard-write; encrypted-media; gyroscope; picture-in-picture; web-share\" referrerpolicy=\"strict-origin-when-cross-origin\" allowfullscreen allowfullscreen mozallowfullscreen webkitallowfullscreen sandbox=\"allow-scripts allow-same-origin allow-presentation\"><\/iframe>\t<\/div>\n<\/div><\/div><\/div><div id=\"pgc-12368-1-1\"  class=\"panel-grid-cell panel-grid-cell-empty\" ><\/div><\/div><div id=\"pg-12368-2\"  class=\"panel-grid panel-no-style\" ><div id=\"pgc-12368-2-0\"  class=\"panel-grid-cell\" ><div id=\"panel-12368-2-0-0\" class=\"so-panel widget widget_spacer-widget panel-first-child\" data-index=\"2\" ><div\n\t\t\t\n\t\t\tclass=\"so-widget-spacer-widget so-widget-spacer-widget-base\"\n\t\t\t\n\t\t>\n<div class=\"clearfix\" style=\"height:40px\"><\/div><\/div><\/div><div id=\"panel-12368-2-0-1\" class=\"so-panel widget widget_sow-editor panel-last-child\" data-index=\"3\" ><div\n\t\t\t\n\t\t\tclass=\"so-widget-sow-editor so-widget-sow-editor-base\"\n\t\t\t\n\t\t>\n<div class=\"siteorigin-widget-tinymce textwidget\">\n\t<h3>Quelques photos du terrain<\/h3>\n<hr \/>\n<\/div>\n<\/div><\/div><\/div><\/div><div id=\"pg-12368-3\"  class=\"panel-grid panel-no-style\" ><div id=\"pgc-12368-3-0\"  class=\"panel-grid-cell\" ><div id=\"panel-12368-3-0-0\" class=\"so-panel widget widget_media_image panel-first-child panel-last-child\" data-index=\"4\" ><img loading=\"lazy\" decoding=\"async\" width=\"300\" height=\"300\" src=\"https:\/\/www.caribaea.org\/wp-content\/uploads\/2025\/11\/PXL_20221130_134926996-1-300x300.jpg\" class=\"image wp-image-12396  attachment-medium size-medium\" alt=\"\" style=\"max-width: 100%; height: auto;\" srcset=\"https:\/\/www.caribaea.org\/wp-content\/uploads\/2025\/11\/PXL_20221130_134926996-1-300x300.jpg 300w, https:\/\/www.caribaea.org\/wp-content\/uploads\/2025\/11\/PXL_20221130_134926996-1-150x150.jpg 150w, https:\/\/www.caribaea.org\/wp-content\/uploads\/2025\/11\/PXL_20221130_134926996-1-80x80.jpg 80w, https:\/\/www.caribaea.org\/wp-content\/uploads\/2025\/11\/PXL_20221130_134926996-1-100x100.jpg 100w, https:\/\/www.caribaea.org\/wp-content\/uploads\/2025\/11\/PXL_20221130_134926996-1.jpg 700w\" sizes=\"auto, (max-width: 300px) 100vw, 300px\" \/><\/div><\/div><div id=\"pgc-12368-3-1\"  class=\"panel-grid-cell\" ><div id=\"panel-12368-3-1-0\" class=\"so-panel widget widget_media_image panel-first-child panel-last-child\" data-index=\"5\" ><img loading=\"lazy\" decoding=\"async\" width=\"300\" height=\"300\" src=\"https:\/\/www.caribaea.org\/wp-content\/uploads\/2025\/11\/PXL_20221128_194015862-1-300x300.jpg\" class=\"image wp-image-12393  attachment-medium size-medium\" alt=\"\" style=\"max-width: 100%; height: auto;\" srcset=\"https:\/\/www.caribaea.org\/wp-content\/uploads\/2025\/11\/PXL_20221128_194015862-1-300x300.jpg 300w, https:\/\/www.caribaea.org\/wp-content\/uploads\/2025\/11\/PXL_20221128_194015862-1-150x150.jpg 150w, https:\/\/www.caribaea.org\/wp-content\/uploads\/2025\/11\/PXL_20221128_194015862-1-80x80.jpg 80w, https:\/\/www.caribaea.org\/wp-content\/uploads\/2025\/11\/PXL_20221128_194015862-1-100x100.jpg 100w, https:\/\/www.caribaea.org\/wp-content\/uploads\/2025\/11\/PXL_20221128_194015862-1.jpg 700w\" sizes=\"auto, (max-width: 300px) 100vw, 300px\" \/><\/div><\/div><div id=\"pgc-12368-3-2\"  class=\"panel-grid-cell panel-grid-cell-mobile-last\" ><div id=\"panel-12368-3-2-0\" class=\"so-panel widget widget_media_image panel-first-child panel-last-child\" data-index=\"6\" ><img loading=\"lazy\" decoding=\"async\" width=\"300\" height=\"300\" src=\"https:\/\/www.caribaea.org\/wp-content\/uploads\/2025\/11\/WhatsApp-Image-2023-10-14-a-03.43.06_a6aacc2f-1-300x300.jpg\" class=\"image wp-image-12399  attachment-medium size-medium\" alt=\"\" style=\"max-width: 100%; height: auto;\" srcset=\"https:\/\/www.caribaea.org\/wp-content\/uploads\/2025\/11\/WhatsApp-Image-2023-10-14-a-03.43.06_a6aacc2f-1-300x300.jpg 300w, https:\/\/www.caribaea.org\/wp-content\/uploads\/2025\/11\/WhatsApp-Image-2023-10-14-a-03.43.06_a6aacc2f-1-150x150.jpg 150w, https:\/\/www.caribaea.org\/wp-content\/uploads\/2025\/11\/WhatsApp-Image-2023-10-14-a-03.43.06_a6aacc2f-1-80x80.jpg 80w, https:\/\/www.caribaea.org\/wp-content\/uploads\/2025\/11\/WhatsApp-Image-2023-10-14-a-03.43.06_a6aacc2f-1-100x100.jpg 100w, https:\/\/www.caribaea.org\/wp-content\/uploads\/2025\/11\/WhatsApp-Image-2023-10-14-a-03.43.06_a6aacc2f-1.jpg 720w\" sizes=\"auto, (max-width: 300px) 100vw, 300px\" \/><\/div><\/div><div id=\"pgc-12368-3-3\"  class=\"panel-grid-cell panel-grid-cell-empty\" ><\/div><\/div><div id=\"pg-12368-4\"  class=\"panel-grid panel-no-style\" ><div id=\"pgc-12368-4-0\"  class=\"panel-grid-cell\" ><div id=\"panel-12368-4-0-0\" class=\"so-panel widget widget_spacer-widget panel-first-child\" data-index=\"7\" ><div\n\t\t\t\n\t\t\tclass=\"so-widget-spacer-widget so-widget-spacer-widget-base\"\n\t\t\t\n\t\t>\n<div class=\"clearfix\" style=\"height:40px\"><\/div><\/div><\/div><div id=\"panel-12368-4-0-1\" class=\"so-panel widget widget_sow-editor panel-last-child\" data-index=\"8\" ><div\n\t\t\t\n\t\t\tclass=\"so-widget-sow-editor so-widget-sow-editor-base\"\n\t\t\t\n\t\t><h3 class=\"widget-title\">Plus d'infos sur l'esp\u00e8ces<\/h3>\n<div class=\"siteorigin-widget-tinymce textwidget\">\n\t<ul>\n<li><a href=\"https:\/\/www.merci-project.com\/wp-content\/uploads\/2024\/01\/PDF_Gekko_gecko_FR.pdf\" target=\"_blank\" rel=\"noopener\">T\u00e9l\u00e9chargez une fiche descriptive - Gecko tokay<\/a><\/li>\n<\/ul>\n<\/div>\n<\/div><\/div><\/div><\/div><div id=\"pg-12368-5\"  class=\"panel-grid panel-no-style\" ><div id=\"pgc-12368-5-0\"  class=\"panel-grid-cell\" ><div id=\"panel-12368-5-0-0\" class=\"so-panel widget widget_spacer-widget panel-first-child\" data-index=\"9\" ><div\n\t\t\t\n\t\t\tclass=\"so-widget-spacer-widget so-widget-spacer-widget-base\"\n\t\t\t\n\t\t>\n<div class=\"clearfix\" style=\"height:40px\"><\/div><\/div><\/div><div id=\"panel-12368-5-0-1\" class=\"so-panel widget widget_sow-editor panel-last-child\" data-index=\"10\" ><div\n\t\t\t\n\t\t\tclass=\"so-widget-sow-editor so-widget-sow-editor-base\"\n\t\t\t\n\t\t>\n<div class=\"siteorigin-widget-tinymce textwidget\">\n\t<h3>Partenaires du projet<\/h3>\n<hr \/>\n<p>Le projet GEKKOMAR est coordonn\u00e9 par Caribaea Initiative, avec le soutien financier de la DEAL Martinique dans le cadre du Fonds vert \u2013 France nation verte.<br \/>\n<img loading=\"lazy\" decoding=\"async\" class=\"alignnone wp-image-12550\" src=\"https:\/\/www.caribaea.org\/wp-content\/uploads\/2025\/11\/Fonds_verts_logo.jpg\" alt=\"\" width=\"226\" height=\"170\" \/><img loading=\"lazy\" decoding=\"async\" class=\"alignnone wp-image-13108\" src=\"https:\/\/www.caribaea.org\/wp-content\/uploads\/2026\/03\/pref_martinique___deal_horizontal-1024x408.jpg\" alt=\"\" width=\"427\" height=\"170\" srcset=\"https:\/\/www.caribaea.org\/wp-content\/uploads\/2026\/03\/pref_martinique___deal_horizontal-1024x408.jpg 1024w, https:\/\/www.caribaea.org\/wp-content\/uploads\/2026\/03\/pref_martinique___deal_horizontal-300x119.jpg 300w, https:\/\/www.caribaea.org\/wp-content\/uploads\/2026\/03\/pref_martinique___deal_horizontal-768x306.jpg 768w, https:\/\/www.caribaea.org\/wp-content\/uploads\/2026\/03\/pref_martinique___deal_horizontal-1536x611.jpg 1536w, https:\/\/www.caribaea.org\/wp-content\/uploads\/2026\/03\/pref_martinique___deal_horizontal-2048x815.jpg 2048w, https:\/\/www.caribaea.org\/wp-content\/uploads\/2026\/03\/pref_martinique___deal_horizontal-958x381.jpg 958w, https:\/\/www.caribaea.org\/wp-content\/uploads\/2026\/03\/pref_martinique___deal_horizontal-1000x400.jpg 1000w\" sizes=\"auto, (max-width: 427px) 100vw, 427px\" \/>\u00a0<img loading=\"lazy\" decoding=\"async\" class=\"alignnone wp-image-12647\" src=\"https:\/\/www.caribaea.org\/wp-content\/uploads\/2025\/11\/Fonds_vert_logo2-300x121.png\" alt=\"\" width=\"423\" height=\"170\" srcset=\"https:\/\/www.caribaea.org\/wp-content\/uploads\/2025\/11\/Fonds_vert_logo2-300x121.png 300w, https:\/\/www.caribaea.org\/wp-content\/uploads\/2025\/11\/Fonds_vert_logo2-1024x412.png 1024w, https:\/\/www.caribaea.org\/wp-content\/uploads\/2025\/11\/Fonds_vert_logo2-768x309.png 768w, https:\/\/www.caribaea.org\/wp-content\/uploads\/2025\/11\/Fonds_vert_logo2-958x385.png 958w, https:\/\/www.caribaea.org\/wp-content\/uploads\/2025\/11\/Fonds_vert_logo2-1000x400.png 1000w, https:\/\/www.caribaea.org\/wp-content\/uploads\/2025\/11\/Fonds_vert_logo2.png 1141w\" sizes=\"auto, (max-width: 423px) 100vw, 423px\" \/><\/p>\n<\/div>\n<\/div><\/div><\/div><\/div><\/div>","protected":false},"excerpt":{"rendered":"<p>Titre complet : D\u00e9veloppement et mise en \u0153uvre d&rsquo;un programme d&rsquo;\u00e9radication du Gecko tokay (Gekko gecko), en Martinique &#8211; GEKKOMAR Objectif : Mettre en \u0153uvre en Martinique un programme d\u2019\u00e9radication du Gecko tokay afin de prot\u00e9ger les esp\u00e8ces locales. Localisation : Martinique Dates : 2025-2027 R\u00e9sum\u00e9 :\u00a0Le projet vise \u00e0 diminuer drastiquement la population de [&hellip;]<\/p>\n","protected":false},"author":34,"featured_media":0,"parent":7582,"menu_order":4,"comment_status":"closed","ping_status":"closed","template":"","meta":{"footnotes":""},"class_list":["post-12368","page","type-page","status-publish","hentry"],"yoast_head":"<!-- This site is optimized with the Yoast SEO plugin v26.6 - https:\/\/yoast.com\/wordpress\/plugins\/seo\/ -->\n<title>Projet GEKKOMAR - Caribaea Initiative<\/title>\n<meta name=\"robots\" content=\"index, follow, max-snippet:-1, max-image-preview:large, max-video-preview:-1\" \/>\n<link rel=\"canonical\" href=\"https:\/\/www.caribaea.org\/fr\/nos-projets\/programmes-de-recherche-et-d-education\/gekkomar\/\" \/>\n<meta property=\"og:locale\" content=\"fr_FR\" \/>\n<meta property=\"og:type\" content=\"article\" \/>\n<meta property=\"og:title\" content=\"Projet GEKKOMAR - Caribaea Initiative\" \/>\n<meta property=\"og:description\" content=\"Titre complet : D\u00e9veloppement et mise en \u0153uvre d&#039;un programme d&#039;\u00e9radication du Gecko tokay (Gekko gecko), en Martinique - GEKKOMAR Objectif : Mettre en \u0153uvre en Martinique un programme d\u2019\u00e9radication du Gecko tokay afin de prot\u00e9ger les esp\u00e8ces locales. Localisation : Martinique Dates : 2025-2027 R\u00e9sum\u00e9 :\u00a0Le projet vise \u00e0 diminuer drastiquement la population de [&hellip;]\" \/>\n<meta property=\"og:url\" content=\"https:\/\/www.caribaea.org\/fr\/nos-projets\/programmes-de-recherche-et-d-education\/gekkomar\/\" \/>\n<meta property=\"og:site_name\" content=\"Caribaea Initiative\" \/>\n<meta property=\"article:modified_time\" content=\"2026-03-27T15:50:29+00:00\" \/>\n<meta property=\"og:image\" content=\"https:\/\/www.caribaea.org\/wp-content\/uploads\/2025\/11\/Logo_Gekkomar.jpg\" \/>\n\t<meta property=\"og:image:width\" content=\"1951\" \/>\n\t<meta property=\"og:image:height\" content=\"1951\" \/>\n\t<meta property=\"og:image:type\" content=\"image\/jpeg\" \/>\n<meta name=\"twitter:card\" content=\"summary_large_image\" \/>\n<meta name=\"twitter:label1\" content=\"Dur\u00e9e de lecture estim\u00e9e\" \/>\n\t<meta name=\"twitter:data1\" content=\"3 minutes\" \/>\n<script type=\"application\/ld+json\" class=\"yoast-schema-graph\">{\"@context\":\"https:\/\/schema.org\",\"@graph\":[{\"@type\":\"WebPage\",\"@id\":\"https:\/\/www.caribaea.org\/fr\/nos-projets\/programmes-de-recherche-et-d-education\/gekkomar\/\",\"url\":\"https:\/\/www.caribaea.org\/fr\/nos-projets\/programmes-de-recherche-et-d-education\/gekkomar\/\",\"name\":\"Projet GEKKOMAR - Caribaea Initiative\",\"isPartOf\":{\"@id\":\"https:\/\/www.caribaea.org\/en\/#website\"},\"primaryImageOfPage\":{\"@id\":\"https:\/\/www.caribaea.org\/fr\/nos-projets\/programmes-de-recherche-et-d-education\/gekkomar\/#primaryimage\"},\"image\":{\"@id\":\"https:\/\/www.caribaea.org\/fr\/nos-projets\/programmes-de-recherche-et-d-education\/gekkomar\/#primaryimage\"},\"thumbnailUrl\":\"https:\/\/www.caribaea.org\/wp-content\/uploads\/2025\/11\/Logo_Gekkomar-300x300.jpg\",\"datePublished\":\"2025-11-04T16:18:49+00:00\",\"dateModified\":\"2026-03-27T15:50:29+00:00\",\"breadcrumb\":{\"@id\":\"https:\/\/www.caribaea.org\/fr\/nos-projets\/programmes-de-recherche-et-d-education\/gekkomar\/#breadcrumb\"},\"inLanguage\":\"fr-FR\",\"potentialAction\":[{\"@type\":\"ReadAction\",\"target\":[\"https:\/\/www.caribaea.org\/fr\/nos-projets\/programmes-de-recherche-et-d-education\/gekkomar\/\"]}]},{\"@type\":\"ImageObject\",\"inLanguage\":\"fr-FR\",\"@id\":\"https:\/\/www.caribaea.org\/fr\/nos-projets\/programmes-de-recherche-et-d-education\/gekkomar\/#primaryimage\",\"url\":\"https:\/\/www.caribaea.org\/wp-content\/uploads\/2025\/11\/Logo_Gekkomar-300x300.jpg\",\"contentUrl\":\"https:\/\/www.caribaea.org\/wp-content\/uploads\/2025\/11\/Logo_Gekkomar-300x300.jpg\"},{\"@type\":\"BreadcrumbList\",\"@id\":\"https:\/\/www.caribaea.org\/fr\/nos-projets\/programmes-de-recherche-et-d-education\/gekkomar\/#breadcrumb\",\"itemListElement\":[{\"@type\":\"ListItem\",\"position\":1,\"name\":\"Accueil\",\"item\":\"https:\/\/www.caribaea.org\/fr\/\"},{\"@type\":\"ListItem\",\"position\":2,\"name\":\"Nos projets\",\"item\":\"https:\/\/www.caribaea.org\/fr\/nos-projets\/\"},{\"@type\":\"ListItem\",\"position\":3,\"name\":\"Programmes de recherche et d\u2019\u00e9ducation\",\"item\":\"https:\/\/www.caribaea.org\/fr\/nos-projets\/programmes-de-recherche-et-d-education\/\"},{\"@type\":\"ListItem\",\"position\":4,\"name\":\"Projet GEKKOMAR\"}]},{\"@type\":\"WebSite\",\"@id\":\"https:\/\/www.caribaea.org\/en\/#website\",\"url\":\"https:\/\/www.caribaea.org\/en\/\",\"name\":\"Caribaea Initiative\",\"description\":\"\",\"potentialAction\":[{\"@type\":\"SearchAction\",\"target\":{\"@type\":\"EntryPoint\",\"urlTemplate\":\"https:\/\/www.caribaea.org\/en\/?s={search_term_string}\"},\"query-input\":{\"@type\":\"PropertyValueSpecification\",\"valueRequired\":true,\"valueName\":\"search_term_string\"}}],\"inLanguage\":\"fr-FR\"}]}<\/script>\n<!-- \/ Yoast SEO plugin. -->","yoast_head_json":{"title":"Projet GEKKOMAR - Caribaea Initiative","robots":{"index":"index","follow":"follow","max-snippet":"max-snippet:-1","max-image-preview":"max-image-preview:large","max-video-preview":"max-video-preview:-1"},"canonical":"https:\/\/www.caribaea.org\/fr\/nos-projets\/programmes-de-recherche-et-d-education\/gekkomar\/","og_locale":"fr_FR","og_type":"article","og_title":"Projet GEKKOMAR - Caribaea Initiative","og_description":"Titre complet : D\u00e9veloppement et mise en \u0153uvre d'un programme d'\u00e9radication du Gecko tokay (Gekko gecko), en Martinique - GEKKOMAR Objectif : Mettre en \u0153uvre en Martinique un programme d\u2019\u00e9radication du Gecko tokay afin de prot\u00e9ger les esp\u00e8ces locales. Localisation : Martinique Dates : 2025-2027 R\u00e9sum\u00e9 :\u00a0Le projet vise \u00e0 diminuer drastiquement la population de [&hellip;]","og_url":"https:\/\/www.caribaea.org\/fr\/nos-projets\/programmes-de-recherche-et-d-education\/gekkomar\/","og_site_name":"Caribaea Initiative","article_modified_time":"2026-03-27T15:50:29+00:00","og_image":[{"width":1951,"height":1951,"url":"https:\/\/www.caribaea.org\/wp-content\/uploads\/2025\/11\/Logo_Gekkomar.jpg","type":"image\/jpeg"}],"twitter_card":"summary_large_image","twitter_misc":{"Dur\u00e9e de lecture estim\u00e9e":"3 minutes"},"schema":{"@context":"https:\/\/schema.org","@graph":[{"@type":"WebPage","@id":"https:\/\/www.caribaea.org\/fr\/nos-projets\/programmes-de-recherche-et-d-education\/gekkomar\/","url":"https:\/\/www.caribaea.org\/fr\/nos-projets\/programmes-de-recherche-et-d-education\/gekkomar\/","name":"Projet GEKKOMAR - Caribaea Initiative","isPartOf":{"@id":"https:\/\/www.caribaea.org\/en\/#website"},"primaryImageOfPage":{"@id":"https:\/\/www.caribaea.org\/fr\/nos-projets\/programmes-de-recherche-et-d-education\/gekkomar\/#primaryimage"},"image":{"@id":"https:\/\/www.caribaea.org\/fr\/nos-projets\/programmes-de-recherche-et-d-education\/gekkomar\/#primaryimage"},"thumbnailUrl":"https:\/\/www.caribaea.org\/wp-content\/uploads\/2025\/11\/Logo_Gekkomar-300x300.jpg","datePublished":"2025-11-04T16:18:49+00:00","dateModified":"2026-03-27T15:50:29+00:00","breadcrumb":{"@id":"https:\/\/www.caribaea.org\/fr\/nos-projets\/programmes-de-recherche-et-d-education\/gekkomar\/#breadcrumb"},"inLanguage":"fr-FR","potentialAction":[{"@type":"ReadAction","target":["https:\/\/www.caribaea.org\/fr\/nos-projets\/programmes-de-recherche-et-d-education\/gekkomar\/"]}]},{"@type":"ImageObject","inLanguage":"fr-FR","@id":"https:\/\/www.caribaea.org\/fr\/nos-projets\/programmes-de-recherche-et-d-education\/gekkomar\/#primaryimage","url":"https:\/\/www.caribaea.org\/wp-content\/uploads\/2025\/11\/Logo_Gekkomar-300x300.jpg","contentUrl":"https:\/\/www.caribaea.org\/wp-content\/uploads\/2025\/11\/Logo_Gekkomar-300x300.jpg"},{"@type":"BreadcrumbList","@id":"https:\/\/www.caribaea.org\/fr\/nos-projets\/programmes-de-recherche-et-d-education\/gekkomar\/#breadcrumb","itemListElement":[{"@type":"ListItem","position":1,"name":"Accueil","item":"https:\/\/www.caribaea.org\/fr\/"},{"@type":"ListItem","position":2,"name":"Nos projets","item":"https:\/\/www.caribaea.org\/fr\/nos-projets\/"},{"@type":"ListItem","position":3,"name":"Programmes de recherche et d\u2019\u00e9ducation","item":"https:\/\/www.caribaea.org\/fr\/nos-projets\/programmes-de-recherche-et-d-education\/"},{"@type":"ListItem","position":4,"name":"Projet GEKKOMAR"}]},{"@type":"WebSite","@id":"https:\/\/www.caribaea.org\/en\/#website","url":"https:\/\/www.caribaea.org\/en\/","name":"Caribaea Initiative","description":"","potentialAction":[{"@type":"SearchAction","target":{"@type":"EntryPoint","urlTemplate":"https:\/\/www.caribaea.org\/en\/?s={search_term_string}"},"query-input":{"@type":"PropertyValueSpecification","valueRequired":true,"valueName":"search_term_string"}}],"inLanguage":"fr-FR"}]}},"_links":{"self":[{"href":"https:\/\/www.caribaea.org\/fr\/wp-json\/wp\/v2\/pages\/12368","targetHints":{"allow":["GET"]}}],"collection":[{"href":"https:\/\/www.caribaea.org\/fr\/wp-json\/wp\/v2\/pages"}],"about":[{"href":"https:\/\/www.caribaea.org\/fr\/wp-json\/wp\/v2\/types\/page"}],"author":[{"embeddable":true,"href":"https:\/\/www.caribaea.org\/fr\/wp-json\/wp\/v2\/users\/34"}],"replies":[{"embeddable":true,"href":"https:\/\/www.caribaea.org\/fr\/wp-json\/wp\/v2\/comments?post=12368"}],"version-history":[{"count":4,"href":"https:\/\/www.caribaea.org\/fr\/wp-json\/wp\/v2\/pages\/12368\/revisions"}],"predecessor-version":[{"id":13115,"href":"https:\/\/www.caribaea.org\/fr\/wp-json\/wp\/v2\/pages\/12368\/revisions\/13115"}],"up":[{"embeddable":true,"href":"https:\/\/www.caribaea.org\/fr\/wp-json\/wp\/v2\/pages\/7582"}],"wp:attachment":[{"href":"https:\/\/www.caribaea.org\/fr\/wp-json\/wp\/v2\/media?parent=12368"}],"curies":[{"name":"wp","href":"https:\/\/api.w.org\/{rel}","templated":true}]}}