{"id":13005,"date":"2026-03-09T15:50:51","date_gmt":"2026-03-09T14:50:51","guid":{"rendered":"https:\/\/www.caribaea.org\/?page_id=13005"},"modified":"2026-04-15T11:04:22","modified_gmt":"2026-04-15T09:04:22","slug":"projet-sccs","status":"publish","type":"page","link":"https:\/\/www.caribaea.org\/fr\/nos-projets\/programmes-de-recherche-et-d-education\/projet-sccs\/","title":{"rendered":"Conservation de l\u2019Amazone imp\u00e9riale \u00e0 la Dominique"},"content":{"rendered":"<div id=\"pl-13005\"  class=\"panel-layout\" ><div id=\"pg-13005-0\"  class=\"panel-grid panel-no-style\" ><div id=\"pgc-13005-0-0\"  class=\"panel-grid-cell\" ><div id=\"panel-13005-0-0-0\" class=\"so-panel widget widget_sow-editor panel-first-child panel-last-child\" data-index=\"0\" ><div\n\t\t\t\n\t\t\tclass=\"so-widget-sow-editor so-widget-sow-editor-base\"\n\t\t\t\n\t\t>\n<div class=\"siteorigin-widget-tinymce textwidget\">\n\t<p><strong><img loading=\"lazy\" decoding=\"async\" width=\"300\" height=\"300\" class=\"size-medium wp-image-13007 alignright\" src=\"https:\/\/www.caribaea.org\/wp-content\/uploads\/2026\/03\/Logo_SCCS-300x300.png\" alt=\"\" srcset=\"https:\/\/www.caribaea.org\/wp-content\/uploads\/2026\/03\/Logo_SCCS-300x300.png 300w, https:\/\/www.caribaea.org\/wp-content\/uploads\/2026\/03\/Logo_SCCS-1024x1024.png 1024w, https:\/\/www.caribaea.org\/wp-content\/uploads\/2026\/03\/Logo_SCCS-150x150.png 150w, https:\/\/www.caribaea.org\/wp-content\/uploads\/2026\/03\/Logo_SCCS-768x768.png 768w, https:\/\/www.caribaea.org\/wp-content\/uploads\/2026\/03\/Logo_SCCS-1536x1536.png 1536w, https:\/\/www.caribaea.org\/wp-content\/uploads\/2026\/03\/Logo_SCCS-2048x2048.png 2048w, https:\/\/www.caribaea.org\/wp-content\/uploads\/2026\/03\/Logo_SCCS-958x958.png 958w, https:\/\/www.caribaea.org\/wp-content\/uploads\/2026\/03\/Logo_SCCS-80x80.png 80w, https:\/\/www.caribaea.org\/wp-content\/uploads\/2026\/03\/Logo_SCCS-100x100.png 100w\" sizes=\"auto, (max-width: 300px) 100vw, 300px\" \/>Titre complet :<\/strong>\u00a0Conserving the Imperial Amazon Parrot in Dominica (Conservation de l\u2019Amazone imp\u00e9riale \u00e0 la Dominique)<\/p>\n<p><strong>Objectif : <\/strong>Le projet vise \u00e0 renforcer la conservation de l\u2019Amazone imp\u00e9riale (<em data-start=\"341\" data-end=\"361\">Amazona imperialis<\/em>), un perroquet en danger critique d\u2019extinction end\u00e9mique de la Dominique et oiseau embl\u00e9matique du pays. Il a pour objectif d\u2019am\u00e9liorer les connaissances sur l\u2019\u00e9tat de la population et l\u2019activit\u00e9 de reproduction de l\u2019esp\u00e8ce, de r\u00e9duire les conflits entre la faune sauvage et les agriculteurs, et de renforcer les capacit\u00e9s des organisations de la soci\u00e9t\u00e9 civile \u00e0 contribuer \u00e0 des actions de conservation \u00e0 long terme.<\/p>\n<p><strong>Localisation :<\/strong> Dominique \u2013 principalement \u00e0 l\u2019int\u00e9rieur et autour de <em>Morne Diablotin National Park<\/em>, principal bastion de la population d\u2019Amazones imp\u00e9riales.<\/p>\n<p><strong>Dates :<\/strong> 2026-2027<\/p>\n<p><strong>R\u00e9sum\u00e9 :\u00a0<\/strong>L\u2019Amazone imp\u00e9riale (<em data-start=\"1008\" data-end=\"1028\">Amazona imperialis<\/em>), \u00e9galement appel\u00e9e Sisserou, est l\u2019oiseau national de la Dominique et l\u2019une des esp\u00e8ces de perroquets les plus rares au monde. End\u00e9mique des for\u00eats montagneuses de l\u2019\u00eele, l\u2019esp\u00e8ce est class\u00e9e En danger critique d\u2019extinction sur la Liste rouge de l\u2019UICN. Sa population a fortement d\u00e9clin\u00e9 depuis le XIX\u1d49 si\u00e8cle et demeure aujourd\u2019hui tr\u00e8s vuln\u00e9rable face \u00e0 des menaces telles que le changement climatique, la d\u00e9gradation de l\u2019habitat, les \u00e9v\u00e9nements climatiques extr\u00eames et les conflits entre la faune sauvage et les activit\u00e9s agricoles li\u00e9s aux dommages caus\u00e9s aux cultures.<\/p>\n<p data-start=\"1606\" data-end=\"1989\">Le projet vise \u00e0 renforcer les actions de conservation en combinant recherche scientifique, renforcement des capacit\u00e9s et mobilisation des communaut\u00e9s locales. Caribaea Initiative travaille en partenariat avec l\u2019ONG dominicaise EcoBalance Inc. et avec diff\u00e9rents acteurs locaux afin de permettre \u00e0 la soci\u00e9t\u00e9 civile de contribuer activement au suivi et \u00e0 la conservation de l\u2019esp\u00e8ce.\u00a0Le projet mettra en place un programme de suivi utilisant des outils modernes non invasifs, tels que des enregistreurs acoustiques passifs et des pi\u00e8ges photographiques, afin d\u2019am\u00e9liorer les connaissances sur la taille de la population, sa r\u00e9partition spatiale et l\u2019activit\u00e9 de reproduction. Par ailleurs, des nichoirs artificiels seront con\u00e7us et install\u00e9s afin d\u2019augmenter la disponibilit\u00e9 de sites de nidification et de favoriser le succ\u00e8s reproducteur.\u00a0Afin de r\u00e9duire les conflits entre les perroquets et les agriculteurs, le projet \u00e9valuera l\u2019ampleur des dommages caus\u00e9s aux cultures et testera des techniques de dissuasion non l\u00e9tales. Les r\u00e9sultats seront compil\u00e9s dans un guide pratique destin\u00e9 aux agriculteurs.\u00a0Le projet mettra \u00e9galement en \u0153uvre des campagnes d\u2019\u00e9ducation et de sensibilisation destin\u00e9es aux agriculteurs, aux \u00e9coles et au grand public, afin d\u2019am\u00e9liorer la compr\u00e9hension de l\u2019importance \u00e9cologique de l\u2019Amazone imp\u00e9riale et des enjeux li\u00e9s au changement climatique.\u00a0Enfin, le projet conduira \u00e0 l\u2019\u00e9laboration d\u2019un plan d\u2019action pour la conservation de l\u2019Amazone imp\u00e9riale sur dix ans, renfor\u00e7ant la coordination entre la soci\u00e9t\u00e9 civile, les autorit\u00e9s gouvernementales et les r\u00e9seaux r\u00e9gionaux de conservation.<\/p>\n<\/div>\n<\/div><\/div><\/div><\/div><div id=\"pg-13005-1\"  class=\"panel-grid panel-no-style\" ><div id=\"pgc-13005-1-0\"  class=\"panel-grid-cell panel-grid-cell-mobile-last\" ><div id=\"panel-13005-1-0-0\" class=\"so-panel widget widget_sow-image panel-first-child panel-last-child\" data-index=\"1\" ><div\n\t\t\t\n\t\t\tclass=\"so-widget-sow-image so-widget-sow-image-default-8b5b6f678277-13005\"\n\t\t\t\n\t\t>\n<div class=\"sow-image-container\">\n\t\t<img \n\tsrc=\"https:\/\/www.caribaea.org\/wp-content\/uploads\/2026\/03\/Amazona_imperialis_red.jpg\" width=\"900\" height=\"630\" srcset=\"https:\/\/www.caribaea.org\/wp-content\/uploads\/2026\/03\/Amazona_imperialis_red.jpg 900w, https:\/\/www.caribaea.org\/wp-content\/uploads\/2026\/03\/Amazona_imperialis_red-300x210.jpg 300w, https:\/\/www.caribaea.org\/wp-content\/uploads\/2026\/03\/Amazona_imperialis_red-768x538.jpg 768w\" sizes=\"(max-width: 900px) 100vw, 900px\" alt=\"\" \t\tclass=\"so-widget-image\"\/>\n\t<\/div>\n\n<\/div><\/div><\/div><div id=\"pgc-13005-1-1\"  class=\"panel-grid-cell panel-grid-cell-empty\" ><\/div><\/div><div id=\"pg-13005-2\"  class=\"panel-grid panel-no-style\" ><div id=\"pgc-13005-2-0\"  class=\"panel-grid-cell\" ><div id=\"panel-13005-2-0-0\" class=\"so-panel widget widget_spacer-widget panel-first-child\" data-index=\"2\" ><div\n\t\t\t\n\t\t\tclass=\"so-widget-spacer-widget so-widget-spacer-widget-base\"\n\t\t\t\n\t\t>\n<div class=\"clearfix\" style=\"height:40px\"><\/div><\/div><\/div><div id=\"panel-13005-2-0-1\" class=\"so-panel widget widget_sow-editor panel-last-child\" data-index=\"3\" ><div\n\t\t\t\n\t\t\tclass=\"so-widget-sow-editor so-widget-sow-editor-base\"\n\t\t\t\n\t\t>\n<div class=\"siteorigin-widget-tinymce textwidget\">\n\t<h3>Partenaires du projet<\/h3>\n<hr \/>\n<p data-start=\"3264\" data-end=\"3620\">Le projet est mis en \u0153uvre par Caribaea Initiative en partenariat avec EcoBalance Inc., une organisation de la soci\u00e9t\u00e9 civile dominicaise impliqu\u00e9e dans l\u2019\u00e9ducation environnementale et la conservation communautaire. EcoBalance coordonne les activit\u00e9s locales, notamment le suivi de terrain, l\u2019implication des agriculteurs et les actions de sensibilisation.<\/p>\n<p data-start=\"3622\" data-end=\"3942\">Le projet est men\u00e9 en collaboration avec la Forestry, Wildlife and Parks Division (FWPD) de la Dominique, l\u2019autorit\u00e9 gouvernementale responsable de la conservation et de la gestion de la faune sauvage dans le pays, qui apporte un appui technique et facilite la coordination avec les priorit\u00e9s nationales de conservation.<\/p>\n<p><img loading=\"lazy\" decoding=\"async\" class=\"alignnone wp-image-10618\" src=\"https:\/\/www.caribaea.org\/wp-content\/uploads\/2024\/01\/logo-300x300.jpg\" alt=\"\" width=\"200\" height=\"200\" srcset=\"https:\/\/www.caribaea.org\/wp-content\/uploads\/2024\/01\/logo-300x300.jpg 300w, https:\/\/www.caribaea.org\/wp-content\/uploads\/2024\/01\/logo-150x150.jpg 150w, https:\/\/www.caribaea.org\/wp-content\/uploads\/2024\/01\/logo-80x80.jpg 80w, https:\/\/www.caribaea.org\/wp-content\/uploads\/2024\/01\/logo-100x100.jpg 100w, https:\/\/www.caribaea.org\/wp-content\/uploads\/2024\/01\/logo.jpg 600w\" sizes=\"auto, (max-width: 200px) 100vw, 200px\" \/><a href=\"https:\/\/www.eco-balance.org\/\" target=\"_blank\" rel=\"noopener\"><img loading=\"lazy\" decoding=\"async\" class=\"alignnone wp-image-13018\" src=\"https:\/\/www.caribaea.org\/wp-content\/uploads\/2026\/03\/ecobalance-dominica_logo-1024x869-1-300x255.png\" alt=\"\" width=\"200\" height=\"170\" srcset=\"https:\/\/www.caribaea.org\/wp-content\/uploads\/2026\/03\/ecobalance-dominica_logo-1024x869-1-300x255.png 300w, https:\/\/www.caribaea.org\/wp-content\/uploads\/2026\/03\/ecobalance-dominica_logo-1024x869-1-768x652.png 768w, https:\/\/www.caribaea.org\/wp-content\/uploads\/2026\/03\/ecobalance-dominica_logo-1024x869-1-958x813.png 958w, https:\/\/www.caribaea.org\/wp-content\/uploads\/2026\/03\/ecobalance-dominica_logo-1024x869-1.png 1024w\" sizes=\"auto, (max-width: 200px) 100vw, 200px\" \/><\/a>\u00a0 \u00a0 \u00a0 \u00a0<a href=\"https:\/\/www.facebook.com\/DominicaForestryDivision\" target=\"_blank\" rel=\"noopener\"><img loading=\"lazy\" decoding=\"async\" class=\"alignnone wp-image-6218\" src=\"https:\/\/www.caribaea.org\/wp-content\/uploads\/2021\/10\/Dominica.jpg\" alt=\"\" width=\"200\" height=\"190\" \/><\/a><\/p>\n<\/div>\n<\/div><\/div><\/div><\/div><div id=\"pg-13005-3\"  class=\"panel-grid panel-no-style\" ><div id=\"pgc-13005-3-0\"  class=\"panel-grid-cell\" ><div id=\"panel-13005-3-0-0\" class=\"so-panel widget widget_spacer-widget panel-first-child\" data-index=\"4\" ><div\n\t\t\t\n\t\t\tclass=\"so-widget-spacer-widget so-widget-spacer-widget-base\"\n\t\t\t\n\t\t>\n<div class=\"clearfix\" style=\"height:40px\"><\/div><\/div><\/div><div id=\"panel-13005-3-0-1\" class=\"so-panel widget widget_sow-editor panel-last-child\" data-index=\"5\" ><div\n\t\t\t\n\t\t\tclass=\"so-widget-sow-editor so-widget-sow-editor-base\"\n\t\t\t\n\t\t>\n<div class=\"siteorigin-widget-tinymce textwidget\">\n\t<h3>Financement<\/h3>\n<hr \/>\n<p><a href=\"https:\/\/www.cepf.net\/\" target=\"_blank\" rel=\"noopener\"><img loading=\"lazy\" decoding=\"async\" class=\"alignright wp-image-13012 size-medium\" src=\"https:\/\/www.caribaea.org\/wp-content\/uploads\/2026\/03\/cepf-logo-medium-sized-jpeg-300x100.jpg\" alt=\"\" width=\"300\" height=\"100\" srcset=\"https:\/\/www.caribaea.org\/wp-content\/uploads\/2026\/03\/cepf-logo-medium-sized-jpeg-300x100.jpg 300w, https:\/\/www.caribaea.org\/wp-content\/uploads\/2026\/03\/cepf-logo-medium-sized-jpeg-768x255.jpg 768w, https:\/\/www.caribaea.org\/wp-content\/uploads\/2026\/03\/cepf-logo-medium-sized-jpeg-958x318.jpg 958w, https:\/\/www.caribaea.org\/wp-content\/uploads\/2026\/03\/cepf-logo-medium-sized-jpeg.jpg 1000w\" sizes=\"auto, (max-width: 300px) 100vw, 300px\" \/><\/a>Ce projet est financ\u00e9 par le Fonds de partenariat pour les \u00e9cosyst\u00e8mes critiques.<\/p>\n<p data-start=\"4040\" data-end=\"4581\">Le Fonds de partenariat pour les \u00e9cosyst\u00e8mes critiques est une initiative conjointe de l\u2019Agence fran\u00e7aise de d\u00e9veloppement, de Conservation International, de l\u2019Union europ\u00e9enne, de la Fondation Hans Wilsdorf, du Fonds pour l\u2019environnement mondial, du Gouvernement du Canada, du Gouvernement du Japon et de la Banque mondiale. L\u2019investissement du CEPF Phase II (Aout 2021 \u2013 Juillet 2026) dans le Hotspot de Biodiversit\u00e9 des Iles des Cara\u00efbes est finance par le Fonds de Partenariat pour les Ecosyst\u00e8mes \u2013 Projet Hotspot Carib\u00e9en de la Banque Mondiale, \u00e0 l\u2019aide de fonds fournis par le Gouvernement du Japon.<\/p>\n<p data-start=\"4583\" data-end=\"4628\">Plus d\u2019informations :\u00a0<a href=\"https:\/\/www.cepf.net\/\" target=\"_blank\" rel=\"noopener\">https:\/\/www.cepf.net\/<\/a><\/p>\n<p>&nbsp;<\/p>\n<\/div>\n<\/div><\/div><\/div><\/div><div id=\"pg-13005-4\"  class=\"panel-grid panel-no-style\" ><div id=\"pgc-13005-4-0\"  class=\"panel-grid-cell\" ><div id=\"panel-13005-4-0-0\" class=\"so-panel widget widget_spacer-widget panel-first-child\" data-index=\"6\" ><div\n\t\t\t\n\t\t\tclass=\"so-widget-spacer-widget so-widget-spacer-widget-base\"\n\t\t\t\n\t\t>\n<div class=\"clearfix\" style=\"height:40px\"><\/div><\/div><\/div><div id=\"panel-13005-4-0-1\" class=\"so-panel widget widget_sow-editor panel-last-child\" data-index=\"7\" ><div\n\t\t\t\n\t\t\tclass=\"so-widget-sow-editor so-widget-sow-editor-base\"\n\t\t\t\n\t\t>\n<div class=\"siteorigin-widget-tinymce textwidget\">\n\t<h3>M\u00e9canisme de gestion des plaintes<\/h3>\n<hr \/>\n<p>Caribaea Initiative s\u2019engage \u00e0 garantir la transparence, l\u2019\u00e9quit\u00e9 et la responsabilit\u00e9 dans la mise en \u0153uvre de ce projet. Toute personne ou tout groupe impliqu\u00e9 dans le projet, ou affect\u00e9 par celui-ci, peut soumettre une plainte relative aux conditions de travail, aux droits humains, aux droits contractuels ou \u00e0 toute autre pr\u00e9occupation pertinente.<\/p>\n<p>Les plaintes doivent \u00eatre adress\u00e9es au Directeur des programmes de Caribaea Initiative :<br \/>\n\ud83d\udce7 <a href=\"mailto:administration@caribaea.org\">administration[at]caribaea.org<\/a> | \ud83d\udcde +590 690 13 53 64<\/p>\n<p>Toutes les plaintes feront l\u2019objet d\u2019un accus\u00e9 de r\u00e9ception dans un d\u00e9lai de 48 heures et seront trait\u00e9es de mani\u00e8re rapide, confidentielle et constructive.<\/p>\n<p>Si le plaignant n\u2019est pas satisfait de la r\u00e9ponse apport\u00e9e, la plainte peut \u00eatre transmise \u00e0 l\u2019\u00e9quipe r\u00e9gionale de mise en \u0153uvre du CEPF et, si n\u00e9cessaire, \u00e0 la ligne \u00e9thique de Conservation International.<\/p>\n<p><strong>Les d\u00e9tails complets du m\u00e9canisme de gestion des plaintes, y compris les diff\u00e9rentes \u00e9tapes et les informations de contact, sont disponibles ici : <\/strong><a href=\"https:\/\/www.caribaea.org\/wp-content\/uploads\/2026\/04\/CEPF_117080_Grievance_mechanism.pdf\" target=\"_blank\" rel=\"noopener\">T\u00e9l\u00e9charger le m\u00e9canisme complet (PDF)<\/a><\/p>\n<\/div>\n<\/div><\/div><\/div><\/div><\/div>","protected":false},"excerpt":{"rendered":"<p>Titre complet :\u00a0Conserving the Imperial Amazon Parrot in Dominica (Conservation de l\u2019Amazone imp\u00e9riale \u00e0 la Dominique) Objectif : Le projet vise \u00e0 renforcer la conservation de l\u2019Amazone imp\u00e9riale (Amazona imperialis), un perroquet en danger critique d\u2019extinction end\u00e9mique de la Dominique et oiseau embl\u00e9matique du pays. Il a pour objectif d\u2019am\u00e9liorer les connaissances sur l\u2019\u00e9tat de [&hellip;]<\/p>\n","protected":false},"author":34,"featured_media":0,"parent":7582,"menu_order":4,"comment_status":"closed","ping_status":"closed","template":"","meta":{"footnotes":""},"class_list":["post-13005","page","type-page","status-publish","hentry"],"yoast_head":"<!-- This site is optimized with the Yoast SEO plugin v26.6 - https:\/\/yoast.com\/wordpress\/plugins\/seo\/ -->\n<title>Conservation de l\u2019Amazone imp\u00e9riale \u00e0 la Dominique - Caribaea Initiative<\/title>\n<meta name=\"robots\" content=\"index, follow, max-snippet:-1, max-image-preview:large, max-video-preview:-1\" \/>\n<link rel=\"canonical\" href=\"https:\/\/www.caribaea.org\/fr\/nos-projets\/programmes-de-recherche-et-d-education\/projet-sccs\/\" \/>\n<meta property=\"og:locale\" content=\"fr_FR\" \/>\n<meta property=\"og:type\" content=\"article\" \/>\n<meta property=\"og:title\" content=\"Conservation de l\u2019Amazone imp\u00e9riale \u00e0 la Dominique - Caribaea Initiative\" \/>\n<meta property=\"og:description\" content=\"Titre complet :\u00a0Conserving the Imperial Amazon Parrot in Dominica (Conservation de l\u2019Amazone imp\u00e9riale \u00e0 la Dominique) Objectif : Le projet vise \u00e0 renforcer la conservation de l\u2019Amazone imp\u00e9riale (Amazona imperialis), un perroquet en danger critique d\u2019extinction end\u00e9mique de la Dominique et oiseau embl\u00e9matique du pays. Il a pour objectif d\u2019am\u00e9liorer les connaissances sur l\u2019\u00e9tat de [&hellip;]\" \/>\n<meta property=\"og:url\" content=\"https:\/\/www.caribaea.org\/fr\/nos-projets\/programmes-de-recherche-et-d-education\/projet-sccs\/\" \/>\n<meta property=\"og:site_name\" content=\"Caribaea Initiative\" \/>\n<meta property=\"article:modified_time\" content=\"2026-04-15T09:04:22+00:00\" \/>\n<meta property=\"og:image\" content=\"https:\/\/www.caribaea.org\/wp-content\/uploads\/2026\/03\/Logo_SCCS-scaled.png\" \/>\n\t<meta property=\"og:image:width\" content=\"2560\" \/>\n\t<meta property=\"og:image:height\" content=\"2560\" \/>\n\t<meta property=\"og:image:type\" content=\"image\/png\" \/>\n<meta name=\"twitter:card\" content=\"summary_large_image\" \/>\n<meta name=\"twitter:label1\" content=\"Dur\u00e9e de lecture estim\u00e9e\" \/>\n\t<meta name=\"twitter:data1\" content=\"6 minutes\" \/>\n<script type=\"application\/ld+json\" class=\"yoast-schema-graph\">{\"@context\":\"https:\/\/schema.org\",\"@graph\":[{\"@type\":\"WebPage\",\"@id\":\"https:\/\/www.caribaea.org\/fr\/nos-projets\/programmes-de-recherche-et-d-education\/projet-sccs\/\",\"url\":\"https:\/\/www.caribaea.org\/fr\/nos-projets\/programmes-de-recherche-et-d-education\/projet-sccs\/\",\"name\":\"Conservation de l\u2019Amazone imp\u00e9riale \u00e0 la Dominique - Caribaea Initiative\",\"isPartOf\":{\"@id\":\"https:\/\/www.caribaea.org\/en\/#website\"},\"primaryImageOfPage\":{\"@id\":\"https:\/\/www.caribaea.org\/fr\/nos-projets\/programmes-de-recherche-et-d-education\/projet-sccs\/#primaryimage\"},\"image\":{\"@id\":\"https:\/\/www.caribaea.org\/fr\/nos-projets\/programmes-de-recherche-et-d-education\/projet-sccs\/#primaryimage\"},\"thumbnailUrl\":\"https:\/\/www.caribaea.org\/wp-content\/uploads\/2026\/03\/Logo_SCCS-300x300.png\",\"datePublished\":\"2026-03-09T14:50:51+00:00\",\"dateModified\":\"2026-04-15T09:04:22+00:00\",\"breadcrumb\":{\"@id\":\"https:\/\/www.caribaea.org\/fr\/nos-projets\/programmes-de-recherche-et-d-education\/projet-sccs\/#breadcrumb\"},\"inLanguage\":\"fr-FR\",\"potentialAction\":[{\"@type\":\"ReadAction\",\"target\":[\"https:\/\/www.caribaea.org\/fr\/nos-projets\/programmes-de-recherche-et-d-education\/projet-sccs\/\"]}]},{\"@type\":\"ImageObject\",\"inLanguage\":\"fr-FR\",\"@id\":\"https:\/\/www.caribaea.org\/fr\/nos-projets\/programmes-de-recherche-et-d-education\/projet-sccs\/#primaryimage\",\"url\":\"https:\/\/www.caribaea.org\/wp-content\/uploads\/2026\/03\/Logo_SCCS-300x300.png\",\"contentUrl\":\"https:\/\/www.caribaea.org\/wp-content\/uploads\/2026\/03\/Logo_SCCS-300x300.png\"},{\"@type\":\"BreadcrumbList\",\"@id\":\"https:\/\/www.caribaea.org\/fr\/nos-projets\/programmes-de-recherche-et-d-education\/projet-sccs\/#breadcrumb\",\"itemListElement\":[{\"@type\":\"ListItem\",\"position\":1,\"name\":\"Accueil\",\"item\":\"https:\/\/www.caribaea.org\/fr\/\"},{\"@type\":\"ListItem\",\"position\":2,\"name\":\"Nos projets\",\"item\":\"https:\/\/www.caribaea.org\/fr\/nos-projets\/\"},{\"@type\":\"ListItem\",\"position\":3,\"name\":\"Programmes de recherche et d\u2019\u00e9ducation\",\"item\":\"https:\/\/www.caribaea.org\/fr\/nos-projets\/programmes-de-recherche-et-d-education\/\"},{\"@type\":\"ListItem\",\"position\":4,\"name\":\"Conservation de l\u2019Amazone imp\u00e9riale \u00e0 la Dominique\"}]},{\"@type\":\"WebSite\",\"@id\":\"https:\/\/www.caribaea.org\/en\/#website\",\"url\":\"https:\/\/www.caribaea.org\/en\/\",\"name\":\"Caribaea Initiative\",\"description\":\"\",\"potentialAction\":[{\"@type\":\"SearchAction\",\"target\":{\"@type\":\"EntryPoint\",\"urlTemplate\":\"https:\/\/www.caribaea.org\/en\/?s={search_term_string}\"},\"query-input\":{\"@type\":\"PropertyValueSpecification\",\"valueRequired\":true,\"valueName\":\"search_term_string\"}}],\"inLanguage\":\"fr-FR\"}]}<\/script>\n<!-- \/ Yoast SEO plugin. -->","yoast_head_json":{"title":"Conservation de l\u2019Amazone imp\u00e9riale \u00e0 la Dominique - Caribaea Initiative","robots":{"index":"index","follow":"follow","max-snippet":"max-snippet:-1","max-image-preview":"max-image-preview:large","max-video-preview":"max-video-preview:-1"},"canonical":"https:\/\/www.caribaea.org\/fr\/nos-projets\/programmes-de-recherche-et-d-education\/projet-sccs\/","og_locale":"fr_FR","og_type":"article","og_title":"Conservation de l\u2019Amazone imp\u00e9riale \u00e0 la Dominique - Caribaea Initiative","og_description":"Titre complet :\u00a0Conserving the Imperial Amazon Parrot in Dominica (Conservation de l\u2019Amazone imp\u00e9riale \u00e0 la Dominique) Objectif : Le projet vise \u00e0 renforcer la conservation de l\u2019Amazone imp\u00e9riale (Amazona imperialis), un perroquet en danger critique d\u2019extinction end\u00e9mique de la Dominique et oiseau embl\u00e9matique du pays. Il a pour objectif d\u2019am\u00e9liorer les connaissances sur l\u2019\u00e9tat de [&hellip;]","og_url":"https:\/\/www.caribaea.org\/fr\/nos-projets\/programmes-de-recherche-et-d-education\/projet-sccs\/","og_site_name":"Caribaea Initiative","article_modified_time":"2026-04-15T09:04:22+00:00","og_image":[{"width":2560,"height":2560,"url":"https:\/\/www.caribaea.org\/wp-content\/uploads\/2026\/03\/Logo_SCCS-scaled.png","type":"image\/png"}],"twitter_card":"summary_large_image","twitter_misc":{"Dur\u00e9e de lecture estim\u00e9e":"6 minutes"},"schema":{"@context":"https:\/\/schema.org","@graph":[{"@type":"WebPage","@id":"https:\/\/www.caribaea.org\/fr\/nos-projets\/programmes-de-recherche-et-d-education\/projet-sccs\/","url":"https:\/\/www.caribaea.org\/fr\/nos-projets\/programmes-de-recherche-et-d-education\/projet-sccs\/","name":"Conservation de l\u2019Amazone imp\u00e9riale \u00e0 la Dominique - Caribaea Initiative","isPartOf":{"@id":"https:\/\/www.caribaea.org\/en\/#website"},"primaryImageOfPage":{"@id":"https:\/\/www.caribaea.org\/fr\/nos-projets\/programmes-de-recherche-et-d-education\/projet-sccs\/#primaryimage"},"image":{"@id":"https:\/\/www.caribaea.org\/fr\/nos-projets\/programmes-de-recherche-et-d-education\/projet-sccs\/#primaryimage"},"thumbnailUrl":"https:\/\/www.caribaea.org\/wp-content\/uploads\/2026\/03\/Logo_SCCS-300x300.png","datePublished":"2026-03-09T14:50:51+00:00","dateModified":"2026-04-15T09:04:22+00:00","breadcrumb":{"@id":"https:\/\/www.caribaea.org\/fr\/nos-projets\/programmes-de-recherche-et-d-education\/projet-sccs\/#breadcrumb"},"inLanguage":"fr-FR","potentialAction":[{"@type":"ReadAction","target":["https:\/\/www.caribaea.org\/fr\/nos-projets\/programmes-de-recherche-et-d-education\/projet-sccs\/"]}]},{"@type":"ImageObject","inLanguage":"fr-FR","@id":"https:\/\/www.caribaea.org\/fr\/nos-projets\/programmes-de-recherche-et-d-education\/projet-sccs\/#primaryimage","url":"https:\/\/www.caribaea.org\/wp-content\/uploads\/2026\/03\/Logo_SCCS-300x300.png","contentUrl":"https:\/\/www.caribaea.org\/wp-content\/uploads\/2026\/03\/Logo_SCCS-300x300.png"},{"@type":"BreadcrumbList","@id":"https:\/\/www.caribaea.org\/fr\/nos-projets\/programmes-de-recherche-et-d-education\/projet-sccs\/#breadcrumb","itemListElement":[{"@type":"ListItem","position":1,"name":"Accueil","item":"https:\/\/www.caribaea.org\/fr\/"},{"@type":"ListItem","position":2,"name":"Nos projets","item":"https:\/\/www.caribaea.org\/fr\/nos-projets\/"},{"@type":"ListItem","position":3,"name":"Programmes de recherche et d\u2019\u00e9ducation","item":"https:\/\/www.caribaea.org\/fr\/nos-projets\/programmes-de-recherche-et-d-education\/"},{"@type":"ListItem","position":4,"name":"Conservation de l\u2019Amazone imp\u00e9riale \u00e0 la Dominique"}]},{"@type":"WebSite","@id":"https:\/\/www.caribaea.org\/en\/#website","url":"https:\/\/www.caribaea.org\/en\/","name":"Caribaea Initiative","description":"","potentialAction":[{"@type":"SearchAction","target":{"@type":"EntryPoint","urlTemplate":"https:\/\/www.caribaea.org\/en\/?s={search_term_string}"},"query-input":{"@type":"PropertyValueSpecification","valueRequired":true,"valueName":"search_term_string"}}],"inLanguage":"fr-FR"}]}},"_links":{"self":[{"href":"https:\/\/www.caribaea.org\/fr\/wp-json\/wp\/v2\/pages\/13005","targetHints":{"allow":["GET"]}}],"collection":[{"href":"https:\/\/www.caribaea.org\/fr\/wp-json\/wp\/v2\/pages"}],"about":[{"href":"https:\/\/www.caribaea.org\/fr\/wp-json\/wp\/v2\/types\/page"}],"author":[{"embeddable":true,"href":"https:\/\/www.caribaea.org\/fr\/wp-json\/wp\/v2\/users\/34"}],"replies":[{"embeddable":true,"href":"https:\/\/www.caribaea.org\/fr\/wp-json\/wp\/v2\/comments?post=13005"}],"version-history":[{"count":3,"href":"https:\/\/www.caribaea.org\/fr\/wp-json\/wp\/v2\/pages\/13005\/revisions"}],"predecessor-version":[{"id":13161,"href":"https:\/\/www.caribaea.org\/fr\/wp-json\/wp\/v2\/pages\/13005\/revisions\/13161"}],"up":[{"embeddable":true,"href":"https:\/\/www.caribaea.org\/fr\/wp-json\/wp\/v2\/pages\/7582"}],"wp:attachment":[{"href":"https:\/\/www.caribaea.org\/fr\/wp-json\/wp\/v2\/media?parent=13005"}],"curies":[{"name":"wp","href":"https:\/\/api.w.org\/{rel}","templated":true}]}}