{"id":1614,"date":"2020-09-03T19:57:31","date_gmt":"2020-09-03T17:57:31","guid":{"rendered":"http:\/\/127.0.0.1:8080\/caribaea\/_maquette\/v2\/member-login\/"},"modified":"2023-01-10T11:08:12","modified_gmt":"2023-01-10T10:08:12","slug":"connexion","status":"publish","type":"page","link":"https:\/\/www.caribaea.org\/fr\/connexion\/","title":{"rendered":"Membres > Connexion"},"content":{"rendered":"<div id=\"pl-1614\"  class=\"panel-layout\" ><div id=\"pg-1614-0\"  class=\"panel-grid panel-no-style\" ><div id=\"pgc-1614-0-0\"  class=\"panel-grid-cell\" ><div id=\"panel-1614-0-0-0\" class=\"so-panel widget widget_sow-editor panel-first-child panel-last-child\" data-index=\"0\" ><div\n\t\t\t\n\t\t\tclass=\"so-widget-sow-editor so-widget-sow-editor-base\"\n\t\t\t\n\t\t>\n<div class=\"siteorigin-widget-tinymce textwidget\">\n\t<p class=\"lead\">Vous \u00eates adh\u00e9rent(e) ?<\/p>\n<p>Connectez-vous sur votre espace adh\u00e9rent avec vos identifiants.<\/p>\n<p>Cette page ne concerne que les membres de Caribaea Initiative. <a href=\"https:\/\/www.caribaea.org\/fr\/branche-suisse\/\" target=\"_blank\" rel=\"noopener noreferrer\">L\u2019association <em>Caribaea Initiative \u2013 Suisse<\/em><\/a> ne dispose pas d\u2019une plateforme de connexion en ligne.<\/p>\n<div class=\"ihc-login-form-wrap ihc-login-template-10\"><form action=\"\" method=\"post\" id=\"ihc_login_form\"><input type=\"hidden\" name=\"ihcaction\" value=\"login\" \/><input type=\"hidden\" name=\"ihc_login_nonce\" value=\"5473d001be\" \/><div class=\"impu-form-line-fr\"><i class=\"fa-ihc fa-username-ihc\"><\/i><input type=\"text\" value=\"\" id=\"iump_login_username\" name=\"log\" placeholder=\"Utilisateur\"\/><\/div><div class=\"impu-form-line-fr\"><i class=\"fa-ihc fa-pass-ihc\"><\/i><input type=\"password\" value=\"\" id=\"iump_login_password\" name=\"pwd\" placeholder=\"Mot de passe\"\/><\/div><div class=\"impu-remember-wrapper\"><input type=\"checkbox\" value=\"forever\" name=\"rememberme\" class=\"impu-form-input-remember\" \/><span class=\"impu-form-label-remember\">Se souvenir de moi<\/span> <\/div><div class=\"impu-form-links-pass\"><a href=\"https:\/\/www.caribaea.org\/en\/forgot-your-password\/\">Mot de passe oubli\u00e9 ?<\/a><\/div><div class=\"ihc-clear\"><\/div><div class=\"impu-form-line-fr impu-form-submit\"><input type=\"submit\" value=\"Se connecter\" name=\"Submit\"  \/><\/div><div  class=\"impu-form-links\"><\/div><\/form><\/div><script>\r\n\t\tjQuery(document).ready(\r\n\t\t\tfunction(){\r\n\t\t\t\tjQuery('#iump_login_username').on('blur', function(){\r\n\t\t\t\t\tihcCheckLoginField('log', 'Please complete all required fields!');\r\n\t\t\t\t});\r\n\t\t\t\tjQuery('#iump_login_password').on('blur', function(){\r\n\t\t\t\t\tihcCheckLoginField('pwd', 'Please complete all required fields!');\r\n\t\t\t\t});\r\n\t\t\t\tjQuery('#ihc_login_form').on('submit', function(e){\r\n\t\t\t\t\te.preventDefault();\r\n\t\t\t\t\tvar u = jQuery('#ihc_login_form [name=log]').val();\r\n\t\t\t\t\tvar p = jQuery('#ihc_login_form [name=pwd]').val();\r\n\t\t\t\t\tif (u!='' && p!=''){\r\n\t\t\t\t\t\tjQuery('#ihc_login_form').unbind('submit').submit();\r\n\t\t\t\t\t} else {\r\n\t\t\t\t\t\tihcCheckLoginField('log', 'Please complete all required fields!');\r\n\t\t\t\t\t\tihcCheckLoginField('pwd', 'Please complete all required fields!');\r\n\t\t\t\t\t\treturn FALSE;\r\n\t\t\t\t\t}\r\n\t\t\t\t});\r\n\t\t\t}\r\n\t\t);\r\n\t<\/script>\n<\/div>\n<\/div><\/div><\/div><\/div><\/div>","protected":false},"excerpt":{"rendered":"<p>Vous \u00eates adh\u00e9rent(e) ? Connectez-vous sur votre espace adh\u00e9rent avec vos identifiants. Cette page ne concerne que les membres de Caribaea Initiative. L\u2019association Caribaea Initiative \u2013 Suisse ne dispose pas d\u2019une plateforme de connexion en ligne.<\/p>\n","protected":false},"author":1,"featured_media":0,"parent":0,"menu_order":54,"comment_status":"closed","ping_status":"closed","template":"","meta":{"footnotes":""},"class_list":["post-1614","page","type-page","status-publish","hentry"],"yoast_head":"<!-- This site is optimized with the Yoast SEO plugin v26.6 - https:\/\/yoast.com\/wordpress\/plugins\/seo\/ -->\n<title>Membres &gt; Connexion - Caribaea Initiative<\/title>\n<meta name=\"robots\" content=\"index, follow, max-snippet:-1, max-image-preview:large, max-video-preview:-1\" \/>\n<link rel=\"canonical\" href=\"https:\/\/www.caribaea.org\/en\/member-login\/\" \/>\n<meta property=\"og:locale\" content=\"fr_FR\" \/>\n<meta property=\"og:type\" content=\"article\" \/>\n<meta property=\"og:title\" content=\"Membres &gt; Connexion - Caribaea Initiative\" \/>\n<meta property=\"og:description\" content=\"Vous \u00eates adh\u00e9rent(e) ? Connectez-vous sur votre espace adh\u00e9rent avec vos identifiants. Cette page ne concerne que les membres de Caribaea Initiative. L\u2019association Caribaea Initiative \u2013 Suisse ne dispose pas d\u2019une plateforme de connexion en ligne.\" \/>\n<meta property=\"og:url\" content=\"https:\/\/www.caribaea.org\/en\/member-login\/\" \/>\n<meta property=\"og:site_name\" content=\"Caribaea Initiative\" \/>\n<meta property=\"article:modified_time\" content=\"2023-01-10T10:08:12+00:00\" \/>\n<meta name=\"twitter:card\" content=\"summary_large_image\" \/>\n<script type=\"application\/ld+json\" class=\"yoast-schema-graph\">{\"@context\":\"https:\/\/schema.org\",\"@graph\":[{\"@type\":\"WebPage\",\"@id\":\"https:\/\/www.caribaea.org\/en\/member-login\/\",\"url\":\"https:\/\/www.caribaea.org\/en\/member-login\/\",\"name\":\"Membres > Connexion - Caribaea Initiative\",\"isPartOf\":{\"@id\":\"https:\/\/www.caribaea.org\/en\/#website\"},\"datePublished\":\"2020-09-03T17:57:31+00:00\",\"dateModified\":\"2023-01-10T10:08:12+00:00\",\"breadcrumb\":{\"@id\":\"https:\/\/www.caribaea.org\/en\/member-login\/#breadcrumb\"},\"inLanguage\":\"fr-FR\",\"potentialAction\":[{\"@type\":\"ReadAction\",\"target\":[\"https:\/\/www.caribaea.org\/en\/member-login\/\"]}]},{\"@type\":\"BreadcrumbList\",\"@id\":\"https:\/\/www.caribaea.org\/en\/member-login\/#breadcrumb\",\"itemListElement\":[{\"@type\":\"ListItem\",\"position\":1,\"name\":\"Accueil\",\"item\":\"https:\/\/www.caribaea.org\/fr\/\"},{\"@type\":\"ListItem\",\"position\":2,\"name\":\"Membres > Connexion\"}]},{\"@type\":\"WebSite\",\"@id\":\"https:\/\/www.caribaea.org\/en\/#website\",\"url\":\"https:\/\/www.caribaea.org\/en\/\",\"name\":\"Caribaea Initiative\",\"description\":\"\",\"potentialAction\":[{\"@type\":\"SearchAction\",\"target\":{\"@type\":\"EntryPoint\",\"urlTemplate\":\"https:\/\/www.caribaea.org\/en\/?s={search_term_string}\"},\"query-input\":{\"@type\":\"PropertyValueSpecification\",\"valueRequired\":true,\"valueName\":\"search_term_string\"}}],\"inLanguage\":\"fr-FR\"}]}<\/script>\n<!-- \/ Yoast SEO plugin. -->","yoast_head_json":{"title":"Membres > Connexion - Caribaea Initiative","robots":{"index":"index","follow":"follow","max-snippet":"max-snippet:-1","max-image-preview":"max-image-preview:large","max-video-preview":"max-video-preview:-1"},"canonical":"https:\/\/www.caribaea.org\/en\/member-login\/","og_locale":"fr_FR","og_type":"article","og_title":"Membres > Connexion - Caribaea Initiative","og_description":"Vous \u00eates adh\u00e9rent(e) ? Connectez-vous sur votre espace adh\u00e9rent avec vos identifiants. Cette page ne concerne que les membres de Caribaea Initiative. L\u2019association Caribaea Initiative \u2013 Suisse ne dispose pas d\u2019une plateforme de connexion en ligne.","og_url":"https:\/\/www.caribaea.org\/en\/member-login\/","og_site_name":"Caribaea Initiative","article_modified_time":"2023-01-10T10:08:12+00:00","twitter_card":"summary_large_image","schema":{"@context":"https:\/\/schema.org","@graph":[{"@type":"WebPage","@id":"https:\/\/www.caribaea.org\/en\/member-login\/","url":"https:\/\/www.caribaea.org\/en\/member-login\/","name":"Membres > Connexion - Caribaea Initiative","isPartOf":{"@id":"https:\/\/www.caribaea.org\/en\/#website"},"datePublished":"2020-09-03T17:57:31+00:00","dateModified":"2023-01-10T10:08:12+00:00","breadcrumb":{"@id":"https:\/\/www.caribaea.org\/en\/member-login\/#breadcrumb"},"inLanguage":"fr-FR","potentialAction":[{"@type":"ReadAction","target":["https:\/\/www.caribaea.org\/en\/member-login\/"]}]},{"@type":"BreadcrumbList","@id":"https:\/\/www.caribaea.org\/en\/member-login\/#breadcrumb","itemListElement":[{"@type":"ListItem","position":1,"name":"Accueil","item":"https:\/\/www.caribaea.org\/fr\/"},{"@type":"ListItem","position":2,"name":"Membres > Connexion"}]},{"@type":"WebSite","@id":"https:\/\/www.caribaea.org\/en\/#website","url":"https:\/\/www.caribaea.org\/en\/","name":"Caribaea Initiative","description":"","potentialAction":[{"@type":"SearchAction","target":{"@type":"EntryPoint","urlTemplate":"https:\/\/www.caribaea.org\/en\/?s={search_term_string}"},"query-input":{"@type":"PropertyValueSpecification","valueRequired":true,"valueName":"search_term_string"}}],"inLanguage":"fr-FR"}]}},"_links":{"self":[{"href":"https:\/\/www.caribaea.org\/fr\/wp-json\/wp\/v2\/pages\/1614","targetHints":{"allow":["GET"]}}],"collection":[{"href":"https:\/\/www.caribaea.org\/fr\/wp-json\/wp\/v2\/pages"}],"about":[{"href":"https:\/\/www.caribaea.org\/fr\/wp-json\/wp\/v2\/types\/page"}],"author":[{"embeddable":true,"href":"https:\/\/www.caribaea.org\/fr\/wp-json\/wp\/v2\/users\/1"}],"replies":[{"embeddable":true,"href":"https:\/\/www.caribaea.org\/fr\/wp-json\/wp\/v2\/comments?post=1614"}],"version-history":[{"count":4,"href":"https:\/\/www.caribaea.org\/fr\/wp-json\/wp\/v2\/pages\/1614\/revisions"}],"predecessor-version":[{"id":7492,"href":"https:\/\/www.caribaea.org\/fr\/wp-json\/wp\/v2\/pages\/1614\/revisions\/7492"}],"wp:attachment":[{"href":"https:\/\/www.caribaea.org\/fr\/wp-json\/wp\/v2\/media?parent=1614"}],"curies":[{"name":"wp","href":"https:\/\/api.w.org\/{rel}","templated":true}]}}