{"id":1630,"date":"2020-09-07T21:03:27","date_gmt":"2020-09-07T19:03:27","guid":{"rendered":"http:\/\/127.0.0.1:8080\/caribaea\/_maquette\/v2\/?page_id=1630"},"modified":"2026-03-18T15:09:36","modified_gmt":"2026-03-18T14:09:36","slug":"conferences","status":"publish","type":"page","link":"https:\/\/www.caribaea.org\/fr\/communication\/conferences\/","title":{"rendered":"Conf\u00e9rences"},"content":{"rendered":"<div id=\"pl-1630\"  class=\"panel-layout\" ><div id=\"pg-1630-0\"  class=\"panel-grid panel-no-style\" ><div id=\"pgc-1630-0-0\"  class=\"panel-grid-cell\" ><div id=\"panel-1630-0-0-0\" class=\"so-panel widget widget_sow-editor panel-first-child panel-last-child\" data-index=\"0\" ><div\n\t\t\t\n\t\t\tclass=\"so-widget-sow-editor so-widget-sow-editor-base\"\n\t\t\t\n\t\t>\n<div class=\"siteorigin-widget-tinymce textwidget\">\n\t<p class=\"lead\">Depuis 2016, nous organisons chaque ann\u00e9e un <strong>\u00e9v\u00e8nement international<\/strong> qui permet de r\u00e9unir \u00e9tudiants, chercheurs et gestionnaires travaillant sur la <strong>faune de la Cara\u00efbe insulaire<\/strong>.<\/p>\n<p>Pendant les ann\u00e9es impaires, notre \"<strong>Caribaea Initiative Research &amp; Conservation Conference<\/strong>\" r\u00e9unit des chercheurs et des acteurs en conservation int\u00e9ress\u00e9s par l'\u00e9tude, la protection et la gestion de la faune de la Cara\u00efbe. Cet \u00e9v\u00e8nement unique en son genre dans la Cara\u00efbe insulaire s'affirme d'ann\u00e9e en ann\u00e9e comme un v\u00e9ritable forum d'\u00e9changes et de discussions autour d'une vision commune de la <strong>pr\u00e9servation de la biodiversit\u00e9 animale dans la Cara\u00efbe<\/strong> et du <strong>renforcement de la capacit\u00e9 d'expertise locale<\/strong>. Le programme scientifique comprend des sessions sur divers aspects de <strong>l'\u00e9tude et de la conservation de la faune carib\u00e9enne, <\/strong>ainsi que des mini-symposiums sur des th\u00e8mes sp\u00e9cifiques. Le <em>Dawn AT Phillip award<\/em> y est d\u00e9cern\u00e9 \u00e0 la meilleure pr\u00e9sentation d\u2019un \u00e9tudiant. Laur\u00e9ats des ann\u00e9es pr\u00e9c\u00e9dentes : Rachel Batista-Alvarez (2018), Christopher Cambrone (2019), et Carla Ivette Rivera-P\u00e9rez (2025).<\/p>\n<p>Pendant les ann\u00e9es paires, notre \"<strong>Caribaea Initiative Training and Reinforcement Workshop<\/strong>\" se concentre sur le d\u00e9veloppement de comp\u00e9tences fondamentales et techniques en conservation, en abordant en particulier les <strong>avanc\u00e9es th\u00e9oriques et m\u00e9thodologiques r\u00e9centes<\/strong>. Cet \u00e9v\u00e9nement est principalement destin\u00e9 aux \u00e9tudiants carib\u00e9ens en master et en doctorat, ainsi qu'aux jeunes chercheurs de la r\u00e9gion. Lors de l'atelier, nous d\u00e9cernons le P<em>rix du Meilleur Poster<\/em>. Laur\u00e9at des ann\u00e9es pr\u00e9c\u00e9dentes : Sergio del Castillo (2024).<\/p>\n<\/div>\n<\/div><\/div><\/div><\/div><div id=\"pg-1630-1\"  class=\"panel-grid panel-has-style\" ><div class=\"siteorigin-panels-stretch panel-row-style panel-row-style-for-1630-1\" data-stretch-type=\"full\" ><div id=\"pgc-1630-1-0\"  class=\"panel-grid-cell\" ><div id=\"panel-1630-1-0-0\" class=\"so-panel widget widget_sow-editor panel-first-child\" data-index=\"1\" ><div class=\"panel-widget-style panel-widget-style-for-1630-1-0-0\" ><div\n\t\t\t\n\t\t\tclass=\"so-widget-sow-editor so-widget-sow-editor-base\"\n\t\t\t\n\t\t><h3 class=\"widget-title\">Ev\u00e8nements \u00e0 venir<\/h3>\n<div class=\"siteorigin-widget-tinymce textwidget\">\n\t<\/div>\n<\/div><\/div><\/div><div id=\"panel-1630-1-0-1\" class=\"so-panel widget widget_sow-editor\" data-index=\"2\" ><div class=\"panel-widget-style panel-widget-style-for-1630-1-0-1\" ><div\n\t\t\t\n\t\t\tclass=\"so-widget-sow-editor so-widget-sow-editor-base\"\n\t\t\t\n\t\t>\n<div class=\"siteorigin-widget-tinymce textwidget\">\n\t<p><a href=\"https:\/\/www.caribaea.org\/fr\/communication\/conferences\/cissw-2026\/\"><img loading=\"lazy\" decoding=\"async\" class=\"aligncenter wp-image-13052\" src=\"https:\/\/www.caribaea.org\/wp-content\/uploads\/2026\/03\/Visuel_03_symposium_2026_new_dates_red.jpg\" alt=\"\" width=\"800\" height=\"242\" srcset=\"https:\/\/www.caribaea.org\/wp-content\/uploads\/2026\/03\/Visuel_03_symposium_2026_new_dates_red.jpg 1000w, https:\/\/www.caribaea.org\/wp-content\/uploads\/2026\/03\/Visuel_03_symposium_2026_new_dates_red-300x91.jpg 300w, https:\/\/www.caribaea.org\/wp-content\/uploads\/2026\/03\/Visuel_03_symposium_2026_new_dates_red-768x233.jpg 768w, https:\/\/www.caribaea.org\/wp-content\/uploads\/2026\/03\/Visuel_03_symposium_2026_new_dates_red-958x290.jpg 958w\" sizes=\"auto, (max-width: 800px) 100vw, 800px\" \/><\/a><\/p>\n<p><strong>Symposium sp\u00e9cial et atelier de formation sur l'\u00e9tude et la gestion <\/strong><strong>des esp\u00e8ces de vert\u00e9br\u00e9s terrestres envahissants dans la Cara\u00efbe insulaire<\/strong><\/p>\n<p><em>Guadeloupe - 22-24 septembre 2026<\/em><\/p>\n<p>Un \u00e9v\u00e8nement scientifique r\u00e9unissant chercheurs et gestionnaires d\u2019aires prot\u00e9g\u00e9es autour des enjeux li\u00e9s aux vert\u00e9br\u00e9s terrestres invasifs dans la Cara\u00efbe. Le programme combinera pr\u00e9sentations scientifiques, ateliers techniques et \u00e9changes sur les outils, m\u00e9thodes et strat\u00e9gies de gestion.<\/p>\n<\/div>\n<\/div><\/div><\/div><div id=\"panel-1630-1-0-2\" class=\"so-panel widget widget_sow-button panel-last-child\" data-index=\"3\" ><div\n\t\t\t\n\t\t\tclass=\"so-widget-sow-button so-widget-sow-button-atom-776afaa73709-1630\"\n\t\t\t\n\t\t><div class=\"ow-button-base ow-button-align-center\"\n>\n\t\t\t<a\n\t\t\t\t\thref=\"https:\/\/www.caribaea.org\/fr\/communication\/conferences\/cissw-2026\/\"\n\t\t\t\t\tclass=\"sowb-button ow-icon-placement-left ow-button-hover\" \t>\n\t\t<span>\n\t\t\t\n\t\t\tEN SAVOIR PLUS\t\t<\/span>\n\t\t\t<\/a>\n\t<\/div>\n<\/div><\/div><\/div><\/div><\/div><div id=\"pg-1630-2\"  class=\"panel-grid panel-has-style\" ><div class=\"siteorigin-panels-stretch panel-row-style panel-row-style-for-1630-2\" data-stretch-type=\"full\" ><div id=\"pgc-1630-2-0\"  class=\"panel-grid-cell\" ><div id=\"panel-1630-2-0-0\" class=\"so-panel widget widget_sow-editor panel-first-child\" data-index=\"4\" ><div class=\"panel-widget-style panel-widget-style-for-1630-2-0-0\" ><div\n\t\t\t\n\t\t\tclass=\"so-widget-sow-editor so-widget-sow-editor-base\"\n\t\t\t\n\t\t><h3 class=\"widget-title\">Ev\u00e8nements pass\u00e9s<\/h3>\n<div class=\"siteorigin-widget-tinymce textwidget\">\n\t<\/div>\n<\/div><\/div><\/div><div id=\"panel-1630-2-0-1\" class=\"so-panel widget widget_sow-editor\" data-index=\"5\" ><div class=\"panel-widget-style panel-widget-style-for-1630-2-0-1\" ><div\n\t\t\t\n\t\t\tclass=\"so-widget-sow-editor so-widget-sow-editor-base\"\n\t\t\t\n\t\t>\n<div class=\"siteorigin-widget-tinymce textwidget\">\n\t<p><strong>5\u00e8me Caribaea Initiative Research &amp; Conservation Conference<\/strong><br \/>\nH\u00f4tel Karibea Sainte Luce, Martinique \/\/ 10 - 12 juin 2025<\/p>\n<p><a href=\"https:\/\/www.caribaea.org\/fr\/communication\/conferences\/conference-2025\/\">&gt;&gt; Plus d'informations<\/a><\/p>\n<\/div>\n<\/div><\/div><\/div><div id=\"panel-1630-2-0-2\" class=\"so-panel widget widget_sow-editor\" data-index=\"6\" ><div class=\"panel-widget-style panel-widget-style-for-1630-2-0-2\" ><div\n\t\t\t\n\t\t\tclass=\"so-widget-sow-editor so-widget-sow-editor-base\"\n\t\t\t\n\t\t>\n<div class=\"siteorigin-widget-tinymce textwidget\">\n\t<p><strong>2024 Caribaea Initiative Training and Reinforcement Workshop<\/strong><br \/>\nH\u00f4tel Zenitude Le Salako, Guadeloupe \/\/ 03 - 06 Juin 2024<\/p>\n<p><a href=\"https:\/\/www.caribaea.org\/fr\/communication\/conferences\/workshop2024\/\">&gt;&gt; Plus d'informations<\/a><\/p>\n<\/div>\n<\/div><\/div><\/div><div id=\"panel-1630-2-0-3\" class=\"so-panel widget widget_sow-editor\" data-index=\"7\" ><div class=\"panel-widget-style panel-widget-style-for-1630-2-0-3\" ><div\n\t\t\t\n\t\t\tclass=\"so-widget-sow-editor so-widget-sow-editor-base\"\n\t\t\t\n\t\t>\n<div class=\"siteorigin-widget-tinymce textwidget\">\n\t<p><strong>4\u00e8me Caribaea Initiative Research &amp; Conservation Conference<\/strong><br \/>\nCrowne Plaza, R\u00e9publique Dominicaine \/\/ 15 - 17 Mai 2019<br \/>\nCo-organis\u00e9e par The School of Biology \u2013 Universidad Aut\u00f3noma de Santo Domingo<\/p>\n<\/div>\n<\/div><\/div><\/div><div id=\"panel-1630-2-0-4\" class=\"so-panel widget widget_sow-editor\" data-index=\"8\" ><div class=\"panel-widget-style panel-widget-style-for-1630-2-0-4\" ><div\n\t\t\t\n\t\t\tclass=\"so-widget-sow-editor so-widget-sow-editor-base\"\n\t\t\t\n\t\t>\n<div class=\"siteorigin-widget-tinymce textwidget\">\n\t<p><strong>3rd Caribaea Initiative Research &amp; Conservation Workshop<\/strong><br \/>\nCreole Beach Hotel, Guadeloupe \/\/ 28 Mai - 01 Juin 2018<br \/>\nCo-organis\u00e9e par l'Universit\u00e9 des Antilles<\/p>\n<\/div>\n<\/div><\/div><\/div><div id=\"panel-1630-2-0-5\" class=\"so-panel widget widget_sow-editor\" data-index=\"9\" ><div class=\"panel-widget-style panel-widget-style-for-1630-2-0-5\" ><div\n\t\t\t\n\t\t\tclass=\"so-widget-sow-editor so-widget-sow-editor-base\"\n\t\t\t\n\t\t>\n<div class=\"siteorigin-widget-tinymce textwidget\">\n\t<p><strong>2nd Caribaea Initiative Research &amp; Conservation Workshop<\/strong><br \/>\nMarriott St Kitts Resort, St Kitts &amp; Nevis \/\/ 31 Mai - 04 Juin 2017<br \/>\nCo-organis\u00e9e par Ross University School of Veterinary Medicine<\/p>\n<\/div>\n<\/div><\/div><\/div><div id=\"panel-1630-2-0-6\" class=\"so-panel widget widget_sow-editor panel-last-child\" data-index=\"10\" ><div class=\"panel-widget-style panel-widget-style-for-1630-2-0-6\" ><div\n\t\t\t\n\t\t\tclass=\"so-widget-sow-editor so-widget-sow-editor-base\"\n\t\t\t\n\t\t>\n<div class=\"siteorigin-widget-tinymce textwidget\">\n\t<p><strong>1st Caribaea Initiative Research &amp; Conservation Workshop<\/strong><br \/>\nCentre International de S\u00e9jour, Martinique \/\/ 22 - 24 Mars 2016<br \/>\n\u201cAnimal invasive species in the Antilles: the relevance of scientific research to conservation\u201d<\/p>\n<\/div>\n<\/div><\/div><\/div><\/div><\/div><\/div><\/div>","protected":false},"excerpt":{"rendered":"<p>Depuis 2016, nous organisons chaque ann\u00e9e un \u00e9v\u00e8nement international qui permet de r\u00e9unir \u00e9tudiants, chercheurs et gestionnaires travaillant sur la faune de la Cara\u00efbe insulaire. Pendant les ann\u00e9es impaires, notre \u00ab\u00a0Caribaea Initiative Research &amp; Conservation Conference\u00a0\u00bb r\u00e9unit des chercheurs et des acteurs en conservation int\u00e9ress\u00e9s par l&rsquo;\u00e9tude, la protection et la gestion de la faune [&hellip;]<\/p>\n","protected":false},"author":1,"featured_media":0,"parent":5201,"menu_order":1,"comment_status":"closed","ping_status":"closed","template":"","meta":{"footnotes":""},"class_list":["post-1630","page","type-page","status-publish","hentry"],"yoast_head":"<!-- This site is optimized with the Yoast SEO plugin v26.6 - https:\/\/yoast.com\/wordpress\/plugins\/seo\/ -->\n<title>Conf\u00e9rences - Caribaea Initiative<\/title>\n<meta name=\"robots\" content=\"index, follow, max-snippet:-1, max-image-preview:large, max-video-preview:-1\" \/>\n<link rel=\"canonical\" href=\"https:\/\/www.caribaea.org\/fr\/communication\/conferences\/\" \/>\n<meta property=\"og:locale\" content=\"fr_FR\" \/>\n<meta property=\"og:type\" content=\"article\" \/>\n<meta property=\"og:title\" content=\"Conf\u00e9rences - Caribaea Initiative\" \/>\n<meta property=\"og:description\" content=\"Depuis 2016, nous organisons chaque ann\u00e9e un \u00e9v\u00e8nement international qui permet de r\u00e9unir \u00e9tudiants, chercheurs et gestionnaires travaillant sur la faune de la Cara\u00efbe insulaire. Pendant les ann\u00e9es impaires, notre &quot;Caribaea Initiative Research &amp; Conservation Conference&quot; r\u00e9unit des chercheurs et des acteurs en conservation int\u00e9ress\u00e9s par l&#039;\u00e9tude, la protection et la gestion de la faune [&hellip;]\" \/>\n<meta property=\"og:url\" content=\"https:\/\/www.caribaea.org\/fr\/communication\/conferences\/\" \/>\n<meta property=\"og:site_name\" content=\"Caribaea Initiative\" \/>\n<meta property=\"article:modified_time\" content=\"2026-03-18T14:09:36+00:00\" \/>\n<meta property=\"og:image\" content=\"https:\/\/www.caribaea.org\/wp-content\/uploads\/2026\/03\/Visuel_03_symposium_2026_new_dates_red.jpg\" \/>\n\t<meta property=\"og:image:width\" content=\"1000\" \/>\n\t<meta property=\"og:image:height\" content=\"303\" \/>\n\t<meta property=\"og:image:type\" content=\"image\/jpeg\" \/>\n<meta name=\"twitter:card\" content=\"summary_large_image\" \/>\n<meta name=\"twitter:label1\" content=\"Dur\u00e9e de lecture estim\u00e9e\" \/>\n\t<meta name=\"twitter:data1\" content=\"3 minutes\" \/>\n<script type=\"application\/ld+json\" class=\"yoast-schema-graph\">{\"@context\":\"https:\/\/schema.org\",\"@graph\":[{\"@type\":\"WebPage\",\"@id\":\"https:\/\/www.caribaea.org\/fr\/communication\/conferences\/\",\"url\":\"https:\/\/www.caribaea.org\/fr\/communication\/conferences\/\",\"name\":\"Conf\u00e9rences - Caribaea Initiative\",\"isPartOf\":{\"@id\":\"https:\/\/www.caribaea.org\/en\/#website\"},\"primaryImageOfPage\":{\"@id\":\"https:\/\/www.caribaea.org\/fr\/communication\/conferences\/#primaryimage\"},\"image\":{\"@id\":\"https:\/\/www.caribaea.org\/fr\/communication\/conferences\/#primaryimage\"},\"thumbnailUrl\":\"https:\/\/www.caribaea.org\/wp-content\/uploads\/2026\/03\/Visuel_03_symposium_2026_new_dates_red.jpg\",\"datePublished\":\"2020-09-07T19:03:27+00:00\",\"dateModified\":\"2026-03-18T14:09:36+00:00\",\"breadcrumb\":{\"@id\":\"https:\/\/www.caribaea.org\/fr\/communication\/conferences\/#breadcrumb\"},\"inLanguage\":\"fr-FR\",\"potentialAction\":[{\"@type\":\"ReadAction\",\"target\":[\"https:\/\/www.caribaea.org\/fr\/communication\/conferences\/\"]}]},{\"@type\":\"ImageObject\",\"inLanguage\":\"fr-FR\",\"@id\":\"https:\/\/www.caribaea.org\/fr\/communication\/conferences\/#primaryimage\",\"url\":\"https:\/\/www.caribaea.org\/wp-content\/uploads\/2026\/03\/Visuel_03_symposium_2026_new_dates_red.jpg\",\"contentUrl\":\"https:\/\/www.caribaea.org\/wp-content\/uploads\/2026\/03\/Visuel_03_symposium_2026_new_dates_red.jpg\"},{\"@type\":\"BreadcrumbList\",\"@id\":\"https:\/\/www.caribaea.org\/fr\/communication\/conferences\/#breadcrumb\",\"itemListElement\":[{\"@type\":\"ListItem\",\"position\":1,\"name\":\"Accueil\",\"item\":\"https:\/\/www.caribaea.org\/fr\/\"},{\"@type\":\"ListItem\",\"position\":2,\"name\":\"Communication\",\"item\":\"https:\/\/www.caribaea.org\/fr\/communication\/\"},{\"@type\":\"ListItem\",\"position\":3,\"name\":\"Conf\u00e9rences\"}]},{\"@type\":\"WebSite\",\"@id\":\"https:\/\/www.caribaea.org\/en\/#website\",\"url\":\"https:\/\/www.caribaea.org\/en\/\",\"name\":\"Caribaea Initiative\",\"description\":\"\",\"potentialAction\":[{\"@type\":\"SearchAction\",\"target\":{\"@type\":\"EntryPoint\",\"urlTemplate\":\"https:\/\/www.caribaea.org\/en\/?s={search_term_string}\"},\"query-input\":{\"@type\":\"PropertyValueSpecification\",\"valueRequired\":true,\"valueName\":\"search_term_string\"}}],\"inLanguage\":\"fr-FR\"}]}<\/script>\n<!-- \/ Yoast SEO plugin. -->","yoast_head_json":{"title":"Conf\u00e9rences - Caribaea Initiative","robots":{"index":"index","follow":"follow","max-snippet":"max-snippet:-1","max-image-preview":"max-image-preview:large","max-video-preview":"max-video-preview:-1"},"canonical":"https:\/\/www.caribaea.org\/fr\/communication\/conferences\/","og_locale":"fr_FR","og_type":"article","og_title":"Conf\u00e9rences - Caribaea Initiative","og_description":"Depuis 2016, nous organisons chaque ann\u00e9e un \u00e9v\u00e8nement international qui permet de r\u00e9unir \u00e9tudiants, chercheurs et gestionnaires travaillant sur la faune de la Cara\u00efbe insulaire. Pendant les ann\u00e9es impaires, notre \"Caribaea Initiative Research &amp; Conservation Conference\" r\u00e9unit des chercheurs et des acteurs en conservation int\u00e9ress\u00e9s par l'\u00e9tude, la protection et la gestion de la faune [&hellip;]","og_url":"https:\/\/www.caribaea.org\/fr\/communication\/conferences\/","og_site_name":"Caribaea Initiative","article_modified_time":"2026-03-18T14:09:36+00:00","og_image":[{"width":1000,"height":303,"url":"https:\/\/www.caribaea.org\/wp-content\/uploads\/2026\/03\/Visuel_03_symposium_2026_new_dates_red.jpg","type":"image\/jpeg"}],"twitter_card":"summary_large_image","twitter_misc":{"Dur\u00e9e de lecture estim\u00e9e":"3 minutes"},"schema":{"@context":"https:\/\/schema.org","@graph":[{"@type":"WebPage","@id":"https:\/\/www.caribaea.org\/fr\/communication\/conferences\/","url":"https:\/\/www.caribaea.org\/fr\/communication\/conferences\/","name":"Conf\u00e9rences - Caribaea Initiative","isPartOf":{"@id":"https:\/\/www.caribaea.org\/en\/#website"},"primaryImageOfPage":{"@id":"https:\/\/www.caribaea.org\/fr\/communication\/conferences\/#primaryimage"},"image":{"@id":"https:\/\/www.caribaea.org\/fr\/communication\/conferences\/#primaryimage"},"thumbnailUrl":"https:\/\/www.caribaea.org\/wp-content\/uploads\/2026\/03\/Visuel_03_symposium_2026_new_dates_red.jpg","datePublished":"2020-09-07T19:03:27+00:00","dateModified":"2026-03-18T14:09:36+00:00","breadcrumb":{"@id":"https:\/\/www.caribaea.org\/fr\/communication\/conferences\/#breadcrumb"},"inLanguage":"fr-FR","potentialAction":[{"@type":"ReadAction","target":["https:\/\/www.caribaea.org\/fr\/communication\/conferences\/"]}]},{"@type":"ImageObject","inLanguage":"fr-FR","@id":"https:\/\/www.caribaea.org\/fr\/communication\/conferences\/#primaryimage","url":"https:\/\/www.caribaea.org\/wp-content\/uploads\/2026\/03\/Visuel_03_symposium_2026_new_dates_red.jpg","contentUrl":"https:\/\/www.caribaea.org\/wp-content\/uploads\/2026\/03\/Visuel_03_symposium_2026_new_dates_red.jpg"},{"@type":"BreadcrumbList","@id":"https:\/\/www.caribaea.org\/fr\/communication\/conferences\/#breadcrumb","itemListElement":[{"@type":"ListItem","position":1,"name":"Accueil","item":"https:\/\/www.caribaea.org\/fr\/"},{"@type":"ListItem","position":2,"name":"Communication","item":"https:\/\/www.caribaea.org\/fr\/communication\/"},{"@type":"ListItem","position":3,"name":"Conf\u00e9rences"}]},{"@type":"WebSite","@id":"https:\/\/www.caribaea.org\/en\/#website","url":"https:\/\/www.caribaea.org\/en\/","name":"Caribaea Initiative","description":"","potentialAction":[{"@type":"SearchAction","target":{"@type":"EntryPoint","urlTemplate":"https:\/\/www.caribaea.org\/en\/?s={search_term_string}"},"query-input":{"@type":"PropertyValueSpecification","valueRequired":true,"valueName":"search_term_string"}}],"inLanguage":"fr-FR"}]}},"_links":{"self":[{"href":"https:\/\/www.caribaea.org\/fr\/wp-json\/wp\/v2\/pages\/1630","targetHints":{"allow":["GET"]}}],"collection":[{"href":"https:\/\/www.caribaea.org\/fr\/wp-json\/wp\/v2\/pages"}],"about":[{"href":"https:\/\/www.caribaea.org\/fr\/wp-json\/wp\/v2\/types\/page"}],"author":[{"embeddable":true,"href":"https:\/\/www.caribaea.org\/fr\/wp-json\/wp\/v2\/users\/1"}],"replies":[{"embeddable":true,"href":"https:\/\/www.caribaea.org\/fr\/wp-json\/wp\/v2\/comments?post=1630"}],"version-history":[{"count":4,"href":"https:\/\/www.caribaea.org\/fr\/wp-json\/wp\/v2\/pages\/1630\/revisions"}],"predecessor-version":[{"id":13057,"href":"https:\/\/www.caribaea.org\/fr\/wp-json\/wp\/v2\/pages\/1630\/revisions\/13057"}],"up":[{"embeddable":true,"href":"https:\/\/www.caribaea.org\/fr\/wp-json\/wp\/v2\/pages\/5201"}],"wp:attachment":[{"href":"https:\/\/www.caribaea.org\/fr\/wp-json\/wp\/v2\/media?parent=1630"}],"curies":[{"name":"wp","href":"https:\/\/api.w.org\/{rel}","templated":true}]}}