{"id":1635,"date":"2020-09-08T02:17:42","date_gmt":"2020-09-08T00:17:42","guid":{"rendered":"http:\/\/127.0.0.1:8080\/caribaea\/_maquette\/v2\/?page_id=1635"},"modified":"2022-12-19T11:05:03","modified_gmt":"2022-12-19T10:05:03","slug":"notre-mission","status":"publish","type":"page","link":"https:\/\/www.caribaea.org\/fr\/qui-sommes-nous-caribaea-initiative\/notre-mission\/","title":{"rendered":"Notre mission"},"content":{"rendered":"<div id=\"pl-1635\"  class=\"panel-layout\" ><div id=\"pg-1635-0\"  class=\"panel-grid panel-has-style\" ><div class=\"siteorigin-panels-stretch panel-row-style panel-row-style-for-1635-0\" data-stretch-type=\"full\" ><div id=\"pgc-1635-0-0\"  class=\"panel-grid-cell\" ><div id=\"panel-1635-0-0-0\" class=\"so-panel widget widget_sow-editor panel-first-child panel-last-child\" data-index=\"0\" ><div\n\t\t\t\n\t\t\tclass=\"so-widget-sow-editor so-widget-sow-editor-base\"\n\t\t\t\n\t\t>\n<div class=\"siteorigin-widget-tinymce textwidget\">\n\t<p class=\"lead\">Notre mission consiste \u00e0 renforcer l\u2019expertise scientifique de la Cara\u00efbe insulaire en mati\u00e8re d\u2019\u00e9tude et de pr\u00e9servation de l'exceptionnelle biodiversit\u00e9 de la r\u00e9gion.<\/p>\n<\/div>\n<\/div><\/div><\/div><\/div><\/div><div id=\"pg-1635-1\"  class=\"panel-grid panel-has-style\" ><div class=\"siteorigin-panels-stretch panel-row-style panel-row-style-for-1635-1\" data-stretch-type=\"full\" ><div id=\"pgc-1635-1-0\"  class=\"panel-grid-cell\" ><div id=\"panel-1635-1-0-0\" class=\"so-panel widget widget_sow-editor panel-first-child panel-last-child\" data-index=\"1\" ><div\n\t\t\t\n\t\t\tclass=\"so-widget-sow-editor so-widget-sow-editor-base\"\n\t\t\t\n\t\t>\n<div class=\"siteorigin-widget-tinymce textwidget\">\n\t<p class=\"\"><strong>Caribaea Initiative<\/strong> est la seule organisation internationale d\u00e9di\u00e9e \u00e0 <strong>l\u2019\u00e9tude scientifique et la conservation de la biodiversit\u00e9 carib\u00e9enne<\/strong>. Au-del\u00e0 de sa valeur intrins\u00e8que, la <strong>biodiversit\u00e9<\/strong> est \u00e0 la base de multiples services \u00e9cosyst\u00e9miques dont d\u00e9pendent des secteurs \u00e9conomiques importants, tels que l'agriculture ou le tourisme.<\/p>\n<p class=\"\">Nous consid\u00e9rons que, dans la Cara\u00efbe insulaire comme ailleurs, l'\u00e9laboration et la promotion des meilleures pratiques de <strong>gestion de la biodiversit\u00e9<\/strong> doivent \u00eatre fond\u00e9es sur l'expertise scientifique. C'est pourquoi nous travaillons \u00e0 l'\u00e9mergence d'une nouvelle g\u00e9n\u00e9ration de scientifiques carib\u00e9en(ne)s, organis\u00e9s en un r\u00e9seau d'experts autonomes, capables de produire les connaissances scientifiques n\u00e9cessaires \u00e0 l'\u00e9laboration de strat\u00e9gies de gestion de la biodiversit\u00e9 adapt\u00e9es au contexte politique, culturel et \u00e9conomique de la Cara\u00efbe insulaire.<\/p>\n<\/div>\n<\/div><\/div><\/div><div id=\"pgc-1635-1-1\"  class=\"panel-grid-cell\" ><div id=\"panel-1635-1-1-0\" class=\"so-panel widget widget_media_image panel-first-child panel-last-child\" data-index=\"2\" ><img loading=\"lazy\" decoding=\"async\" width=\"600\" height=\"400\" src=\"https:\/\/www.caribaea.org\/wp-content\/uploads\/2020\/11\/img-notre-mission-600x400-1.jpg\" class=\"image wp-image-3113  attachment-full size-full\" alt=\"\" style=\"max-width: 100%; height: auto;\" srcset=\"https:\/\/www.caribaea.org\/wp-content\/uploads\/2020\/11\/img-notre-mission-600x400-1.jpg 600w, https:\/\/www.caribaea.org\/wp-content\/uploads\/2020\/11\/img-notre-mission-600x400-1-300x200.jpg 300w, https:\/\/www.caribaea.org\/wp-content\/uploads\/2020\/11\/img-notre-mission-600x400-1-272x182.jpg 272w\" sizes=\"auto, (max-width: 600px) 100vw, 600px\" \/><\/div><\/div><\/div><\/div><div id=\"pg-1635-2\"  class=\"panel-grid panel-no-style\" ><div id=\"pgc-1635-2-0\"  class=\"panel-grid-cell panel-grid-cell-mobile-last\" ><div id=\"panel-1635-2-0-0\" class=\"so-panel widget widget_media_video panel-first-child panel-last-child\" data-index=\"3\" ><h3 class=\"widget-title\">Caribaea Initiative en images<\/h3><div style=\"width:100%;\" class=\"wp-video\"><video class=\"wp-video-shortcode\" id=\"video-1635-2\" preload=\"metadata\" controls=\"controls\"><source type=\"video\/youtube\" src=\"https:\/\/youtu.be\/CteLwlCbvUc?_=2\" \/><a href=\"https:\/\/youtu.be\/CteLwlCbvUc\">https:\/\/youtu.be\/CteLwlCbvUc<\/a><\/video><\/div><\/div><\/div><div id=\"pgc-1635-2-1\"  class=\"panel-grid-cell panel-grid-cell-empty\" ><\/div><\/div><\/div>","protected":false},"excerpt":{"rendered":"<p>Notre mission consiste \u00e0 renforcer l\u2019expertise scientifique de la Cara\u00efbe insulaire en mati\u00e8re d\u2019\u00e9tude et de pr\u00e9servation de l&rsquo;exceptionnelle biodiversit\u00e9 de la r\u00e9gion. Caribaea Initiative est la seule organisation internationale d\u00e9di\u00e9e \u00e0 l\u2019\u00e9tude scientifique et la conservation de la biodiversit\u00e9 carib\u00e9enne. Au-del\u00e0 de sa valeur intrins\u00e8que, la biodiversit\u00e9 est \u00e0 la base de multiples services [&hellip;]<\/p>\n","protected":false},"author":1,"featured_media":0,"parent":1666,"menu_order":1,"comment_status":"closed","ping_status":"closed","template":"","meta":{"footnotes":""},"class_list":["post-1635","page","type-page","status-publish","hentry"],"yoast_head":"<!-- This site is optimized with the Yoast SEO plugin v26.6 - https:\/\/yoast.com\/wordpress\/plugins\/seo\/ -->\n<title>Notre mission - Caribaea Initiative<\/title>\n<meta name=\"robots\" content=\"index, follow, max-snippet:-1, max-image-preview:large, max-video-preview:-1\" \/>\n<link rel=\"canonical\" href=\"https:\/\/www.caribaea.org\/fr\/qui-sommes-nous-caribaea-initiative\/notre-mission\/\" \/>\n<meta property=\"og:locale\" content=\"fr_FR\" \/>\n<meta property=\"og:type\" content=\"article\" \/>\n<meta property=\"og:title\" content=\"Notre mission - Caribaea Initiative\" \/>\n<meta property=\"og:description\" content=\"Notre mission consiste \u00e0 renforcer l\u2019expertise scientifique de la Cara\u00efbe insulaire en mati\u00e8re d\u2019\u00e9tude et de pr\u00e9servation de l&#039;exceptionnelle biodiversit\u00e9 de la r\u00e9gion. Caribaea Initiative est la seule organisation internationale d\u00e9di\u00e9e \u00e0 l\u2019\u00e9tude scientifique et la conservation de la biodiversit\u00e9 carib\u00e9enne. Au-del\u00e0 de sa valeur intrins\u00e8que, la biodiversit\u00e9 est \u00e0 la base de multiples services [&hellip;]\" \/>\n<meta property=\"og:url\" content=\"https:\/\/www.caribaea.org\/fr\/qui-sommes-nous-caribaea-initiative\/notre-mission\/\" \/>\n<meta property=\"og:site_name\" content=\"Caribaea Initiative\" \/>\n<meta property=\"article:modified_time\" content=\"2022-12-19T10:05:03+00:00\" \/>\n<meta name=\"twitter:card\" content=\"summary_large_image\" \/>\n<meta name=\"twitter:label1\" content=\"Dur\u00e9e de lecture estim\u00e9e\" \/>\n\t<meta name=\"twitter:data1\" content=\"1 minute\" \/>\n<script type=\"application\/ld+json\" class=\"yoast-schema-graph\">{\"@context\":\"https:\/\/schema.org\",\"@graph\":[{\"@type\":\"WebPage\",\"@id\":\"https:\/\/www.caribaea.org\/fr\/qui-sommes-nous-caribaea-initiative\/notre-mission\/\",\"url\":\"https:\/\/www.caribaea.org\/fr\/qui-sommes-nous-caribaea-initiative\/notre-mission\/\",\"name\":\"Notre mission - Caribaea Initiative\",\"isPartOf\":{\"@id\":\"https:\/\/www.caribaea.org\/en\/#website\"},\"datePublished\":\"2020-09-08T00:17:42+00:00\",\"dateModified\":\"2022-12-19T10:05:03+00:00\",\"breadcrumb\":{\"@id\":\"https:\/\/www.caribaea.org\/fr\/qui-sommes-nous-caribaea-initiative\/notre-mission\/#breadcrumb\"},\"inLanguage\":\"fr-FR\",\"potentialAction\":[{\"@type\":\"ReadAction\",\"target\":[\"https:\/\/www.caribaea.org\/fr\/qui-sommes-nous-caribaea-initiative\/notre-mission\/\"]}]},{\"@type\":\"BreadcrumbList\",\"@id\":\"https:\/\/www.caribaea.org\/fr\/qui-sommes-nous-caribaea-initiative\/notre-mission\/#breadcrumb\",\"itemListElement\":[{\"@type\":\"ListItem\",\"position\":1,\"name\":\"Accueil\",\"item\":\"https:\/\/www.caribaea.org\/fr\/\"},{\"@type\":\"ListItem\",\"position\":2,\"name\":\"Qui sommes-nous ?\",\"item\":\"https:\/\/www.caribaea.org\/fr\/qui-sommes-nous-caribaea-initiative\/\"},{\"@type\":\"ListItem\",\"position\":3,\"name\":\"Notre mission\"}]},{\"@type\":\"WebSite\",\"@id\":\"https:\/\/www.caribaea.org\/en\/#website\",\"url\":\"https:\/\/www.caribaea.org\/en\/\",\"name\":\"Caribaea Initiative\",\"description\":\"\",\"potentialAction\":[{\"@type\":\"SearchAction\",\"target\":{\"@type\":\"EntryPoint\",\"urlTemplate\":\"https:\/\/www.caribaea.org\/en\/?s={search_term_string}\"},\"query-input\":{\"@type\":\"PropertyValueSpecification\",\"valueRequired\":true,\"valueName\":\"search_term_string\"}}],\"inLanguage\":\"fr-FR\"}]}<\/script>\n<!-- \/ Yoast SEO plugin. -->","yoast_head_json":{"title":"Notre mission - Caribaea Initiative","robots":{"index":"index","follow":"follow","max-snippet":"max-snippet:-1","max-image-preview":"max-image-preview:large","max-video-preview":"max-video-preview:-1"},"canonical":"https:\/\/www.caribaea.org\/fr\/qui-sommes-nous-caribaea-initiative\/notre-mission\/","og_locale":"fr_FR","og_type":"article","og_title":"Notre mission - Caribaea Initiative","og_description":"Notre mission consiste \u00e0 renforcer l\u2019expertise scientifique de la Cara\u00efbe insulaire en mati\u00e8re d\u2019\u00e9tude et de pr\u00e9servation de l'exceptionnelle biodiversit\u00e9 de la r\u00e9gion. Caribaea Initiative est la seule organisation internationale d\u00e9di\u00e9e \u00e0 l\u2019\u00e9tude scientifique et la conservation de la biodiversit\u00e9 carib\u00e9enne. Au-del\u00e0 de sa valeur intrins\u00e8que, la biodiversit\u00e9 est \u00e0 la base de multiples services [&hellip;]","og_url":"https:\/\/www.caribaea.org\/fr\/qui-sommes-nous-caribaea-initiative\/notre-mission\/","og_site_name":"Caribaea Initiative","article_modified_time":"2022-12-19T10:05:03+00:00","twitter_card":"summary_large_image","twitter_misc":{"Dur\u00e9e de lecture estim\u00e9e":"1 minute"},"schema":{"@context":"https:\/\/schema.org","@graph":[{"@type":"WebPage","@id":"https:\/\/www.caribaea.org\/fr\/qui-sommes-nous-caribaea-initiative\/notre-mission\/","url":"https:\/\/www.caribaea.org\/fr\/qui-sommes-nous-caribaea-initiative\/notre-mission\/","name":"Notre mission - Caribaea Initiative","isPartOf":{"@id":"https:\/\/www.caribaea.org\/en\/#website"},"datePublished":"2020-09-08T00:17:42+00:00","dateModified":"2022-12-19T10:05:03+00:00","breadcrumb":{"@id":"https:\/\/www.caribaea.org\/fr\/qui-sommes-nous-caribaea-initiative\/notre-mission\/#breadcrumb"},"inLanguage":"fr-FR","potentialAction":[{"@type":"ReadAction","target":["https:\/\/www.caribaea.org\/fr\/qui-sommes-nous-caribaea-initiative\/notre-mission\/"]}]},{"@type":"BreadcrumbList","@id":"https:\/\/www.caribaea.org\/fr\/qui-sommes-nous-caribaea-initiative\/notre-mission\/#breadcrumb","itemListElement":[{"@type":"ListItem","position":1,"name":"Accueil","item":"https:\/\/www.caribaea.org\/fr\/"},{"@type":"ListItem","position":2,"name":"Qui sommes-nous ?","item":"https:\/\/www.caribaea.org\/fr\/qui-sommes-nous-caribaea-initiative\/"},{"@type":"ListItem","position":3,"name":"Notre mission"}]},{"@type":"WebSite","@id":"https:\/\/www.caribaea.org\/en\/#website","url":"https:\/\/www.caribaea.org\/en\/","name":"Caribaea Initiative","description":"","potentialAction":[{"@type":"SearchAction","target":{"@type":"EntryPoint","urlTemplate":"https:\/\/www.caribaea.org\/en\/?s={search_term_string}"},"query-input":{"@type":"PropertyValueSpecification","valueRequired":true,"valueName":"search_term_string"}}],"inLanguage":"fr-FR"}]}},"_links":{"self":[{"href":"https:\/\/www.caribaea.org\/fr\/wp-json\/wp\/v2\/pages\/1635","targetHints":{"allow":["GET"]}}],"collection":[{"href":"https:\/\/www.caribaea.org\/fr\/wp-json\/wp\/v2\/pages"}],"about":[{"href":"https:\/\/www.caribaea.org\/fr\/wp-json\/wp\/v2\/types\/page"}],"author":[{"embeddable":true,"href":"https:\/\/www.caribaea.org\/fr\/wp-json\/wp\/v2\/users\/1"}],"replies":[{"embeddable":true,"href":"https:\/\/www.caribaea.org\/fr\/wp-json\/wp\/v2\/comments?post=1635"}],"version-history":[{"count":3,"href":"https:\/\/www.caribaea.org\/fr\/wp-json\/wp\/v2\/pages\/1635\/revisions"}],"predecessor-version":[{"id":7266,"href":"https:\/\/www.caribaea.org\/fr\/wp-json\/wp\/v2\/pages\/1635\/revisions\/7266"}],"up":[{"embeddable":true,"href":"https:\/\/www.caribaea.org\/fr\/wp-json\/wp\/v2\/pages\/1666"}],"wp:attachment":[{"href":"https:\/\/www.caribaea.org\/fr\/wp-json\/wp\/v2\/media?parent=1635"}],"curies":[{"name":"wp","href":"https:\/\/api.w.org\/{rel}","templated":true}]}}