{"id":1643,"date":"2020-09-08T02:43:06","date_gmt":"2020-09-08T00:43:06","guid":{"rendered":"http:\/\/127.0.0.1:8080\/caribaea\/_maquette\/v2\/?page_id=1643"},"modified":"2020-12-23T16:50:55","modified_gmt":"2020-12-23T15:50:55","slug":"comment-nous-operons","status":"publish","type":"page","link":"https:\/\/www.caribaea.org\/fr\/qui-sommes-nous-caribaea-initiative\/comment-nous-operons\/","title":{"rendered":"Comment nous op\u00e9rons"},"content":{"rendered":"<div id=\"pl-1643\"  class=\"panel-layout\" ><div id=\"pg-1643-0\"  class=\"panel-grid panel-has-style\" ><div class=\"siteorigin-panels-stretch panel-row-style panel-row-style-for-1643-0\" data-stretch-type=\"full\" ><div id=\"pgc-1643-0-0\"  class=\"panel-grid-cell\" ><div id=\"panel-1643-0-0-0\" class=\"so-panel widget widget_sow-editor panel-first-child panel-last-child\" data-index=\"0\" ><div\n\t\t\t\n\t\t\tclass=\"so-widget-sow-editor so-widget-sow-editor-base\"\n\t\t\t\n\t\t>\n<div class=\"siteorigin-widget-tinymce textwidget\">\n\t<p class=\"lead\">Notre d\u00e9marche consiste principalement \u00e0 rep\u00e9rer les jeunes talents carib\u00e9ens, \u00e0 leur procurer les moyens mat\u00e9riels, intellectuels et techniques de s'engager dans une carri\u00e8re scientifique dans le domaine de la biologie de la conservation, et \u00e0 les aider \u00e0 s'organiser en un r\u00e9seau d'acteurs comp\u00e9tents. Nous intervenons donc \u00e0 diff\u00e9rents niveaux depuis l'\u00e9cole jusqu'\u00e0 l'universit\u00e9 pour contribuer \u00e0 sensibiliser la jeunesse carib\u00e9enne aux enjeux li\u00e9s \u00e0 la protection de la nature et pour faire naitre les vocations.<\/p>\n<\/div>\n<\/div><\/div><\/div><\/div><\/div><div id=\"pg-1643-1\"  class=\"panel-grid panel-has-style\" ><div class=\"siteorigin-panels-stretch panel-row-style panel-row-style-for-1643-1\" data-stretch-type=\"full\" ><div id=\"pgc-1643-1-0\"  class=\"panel-grid-cell\" ><div id=\"panel-1643-1-0-0\" class=\"so-panel widget widget_sow-editor panel-first-child panel-last-child\" data-index=\"1\" ><div\n\t\t\t\n\t\t\tclass=\"so-widget-sow-editor so-widget-sow-editor-base\"\n\t\t\t\n\t\t><h3 class=\"widget-title\">Recherche et Enseignement sup\u00e9rieur<\/h3>\n<div class=\"siteorigin-widget-tinymce textwidget\">\n\t<p><img loading=\"lazy\" decoding=\"async\" class=\"wp-image-3154 alignright\" src=\"http:\/\/caribaea.org\/v1\/wp-content\/uploads\/2020\/11\/recherche-et-enseignement-superieur-600x400-1.jpg\" alt=\"\" width=\"450\" height=\"300\" srcset=\"https:\/\/www.caribaea.org\/wp-content\/uploads\/2020\/11\/recherche-et-enseignement-superieur-600x400-1.jpg 600w, https:\/\/www.caribaea.org\/wp-content\/uploads\/2020\/11\/recherche-et-enseignement-superieur-600x400-1-300x200.jpg 300w, https:\/\/www.caribaea.org\/wp-content\/uploads\/2020\/11\/recherche-et-enseignement-superieur-600x400-1-272x182.jpg 272w\" sizes=\"auto, (max-width: 450px) 100vw, 450px\" \/>Les projets que nous d\u00e9veloppons doivent satisfaire \u00e0 deux crit\u00e8res : <strong>contribuer au progr\u00e8s des connaissances utiles \u00e0 la conservation de la biodiversit\u00e9 de la Cara\u00efbe insulaire<\/strong> et <strong>permettre la formation de jeunes chercheurs carib\u00e9ens \u00e0 un haut niveau d'expertise<\/strong>.<\/p>\n<p>Nous essayons \u00e0 chaque fois d'atteindre le meilleur \u00e9quilibre entre ces deux imp\u00e9ratifs. La production d'articles scientifiques issus de ces projets dans des revues scientifiques internationales \u00e0 comit\u00e9 de lecture constitue une premi\u00e8re mesure de leur succ\u00e8s.<\/p>\n<p>Tous nos projets de conservation combinent recherche et formation universitaire. Chacun de nos \u00e9tudiants se voit confier un projet de recherche en biologie de la conservation qui sert de support \u00e0 sa formation universitaire aux niveaux licence, master ou doctorat. Il re\u00e7oit le soutien et l'appui de chercheurs confirm\u00e9s qui l'accompagnent dans la r\u00e9flexion m\u00e9thodologique, la collecte et l'analyse des r\u00e9sultats et leur valorisation.<\/p>\n<\/div>\n<\/div><\/div><\/div><\/div><\/div><div id=\"pg-1643-2\"  class=\"panel-grid panel-has-style\" ><div class=\"siteorigin-panels-stretch panel-row-style panel-row-style-for-1643-2\" data-stretch-type=\"full\" ><div id=\"pgc-1643-2-0\"  class=\"panel-grid-cell\" ><div id=\"panel-1643-2-0-0\" class=\"so-panel widget widget_sow-editor panel-first-child panel-last-child\" data-index=\"2\" ><div\n\t\t\t\n\t\t\tclass=\"so-widget-sow-editor so-widget-sow-editor-base\"\n\t\t\t\n\t\t><h3 class=\"widget-title\">Infrastructures pour la recherche et le suivi des populations<\/h3>\n<div class=\"siteorigin-widget-tinymce textwidget\">\n\t<p><img loading=\"lazy\" decoding=\"async\" class=\"alignleft wp-image-4887\" src=\"http:\/\/caribaea.org\/v1\/wp-content\/uploads\/2020\/12\/infrastructures-for-research-and-population-monitoring-500x370-1.jpg\" alt=\"\" width=\"450\" height=\"333\" srcset=\"https:\/\/www.caribaea.org\/wp-content\/uploads\/2020\/12\/infrastructures-for-research-and-population-monitoring-500x370-1.jpg 500w, https:\/\/www.caribaea.org\/wp-content\/uploads\/2020\/12\/infrastructures-for-research-and-population-monitoring-500x370-1-300x222.jpg 300w\" sizes=\"auto, (max-width: 450px) 100vw, 450px\" \/>Les infrastructures d\u00e9di\u00e9es \u00e0 <strong>l'\u00e9tude et la conservation de la biodiversit\u00e9<\/strong> sont insuffisantes en quantit\u00e9 et en qualit\u00e9 au sein de la Cara\u00efbe insulaire. Nous travaillons avec nos partenaires \u00e0 faciliter l'acc\u00e8s des \u00e9tudiants et des chercheurs carib\u00e9ens aux \u00e9quipements techniques et aux m\u00e9thodologies les plus modernes pour leur permettre de produire des donn\u00e9es fiables.<\/p>\n<p>Depuis sa cr\u00e9ation, <strong>Caribaea Initiative<\/strong> a permis aux \u00e9tudiants et aux chercheurs carib\u00e9ens impliqu\u00e9s dans ses programmes de disposer sur le terrain et au laboratoire de diff\u00e9rents \u00e9quipements essentiels (t\u00e9lescopes, jumelles, appareils photographiques, GPS, sondes pour mesurer la qualit\u00e9 de l'eau, microscopes et loupes binoculaires, pi\u00e8ges photographiques, \u00e9quipements pour le suivi des populations de vert\u00e9br\u00e9s par capture-marquage-recapture).<\/p>\n<p>Nous souhaitons d\u00e9velopper \u00e0 l'avenir <strong>un r\u00e9seau de stations de terrain<\/strong> offrant aux \u00e9tudiants et aux chercheurs carib\u00e9ens de bonnes conditions de travail pour <strong>conduire les inventaires de biodiversit\u00e9<\/strong>, <strong>mettre en place des programmes de suivi des \u00e9cosyst\u00e8mes sensibles<\/strong> et <strong>d\u00e9velopper des recherches sur des esp\u00e8ces \u00e0 forte valeur patrimoniale.<\/strong><\/p>\n<\/div>\n<\/div><\/div><\/div><\/div><\/div><div id=\"pg-1643-3\"  class=\"panel-grid panel-has-style\" ><div class=\"siteorigin-panels-stretch panel-row-style panel-row-style-for-1643-3\" data-stretch-type=\"full\" ><div id=\"pgc-1643-3-0\"  class=\"panel-grid-cell\" ><div id=\"panel-1643-3-0-0\" class=\"so-panel widget widget_sow-editor panel-first-child panel-last-child\" data-index=\"3\" ><div\n\t\t\t\n\t\t\tclass=\"so-widget-sow-editor so-widget-sow-editor-base\"\n\t\t\t\n\t\t><h3 class=\"widget-title\">Enseignement secondaire<\/h3>\n<div class=\"siteorigin-widget-tinymce textwidget\">\n\t<p class=\"\">Nous contribuons \u00e0 faire naitre les vocations en d\u00e9veloppant des outils p\u00e9dagogiques pour <strong>l'enseignement des sciences naturelles en milieu scolaire<\/strong>. Nous avons ainsi d\u00e9velopp\u00e9 en partenariat avec <strong>l'association AMAZONA<\/strong> et <strong>KloroFilms<\/strong> une s\u00e9rie de vid\u00e9oclips de pr\u00e9sentation de la <strong>faune carib\u00e9enne.<\/strong><\/p>\n<p class=\"\">Nous travaillons actuellement \u00e0 la r\u00e9alisation de livrets p\u00e9dagogiques originaux, \u00e0 destination des \u00e9l\u00e8ves et des enseignants des coll\u00e8ges et lyc\u00e9es des Antilles fran\u00e7aises, permettant d'illustrer les <strong>programmes officiels d\u2019enseignement de la biodiversit\u00e9<\/strong> au travers de<strong> la faune et de la flore de la Cara\u00efbe insulaire<\/strong>.<\/p>\n<\/div>\n<\/div><\/div><\/div><\/div><\/div><div id=\"pg-1643-4\"  class=\"panel-grid panel-has-style\" ><div class=\"siteorigin-panels-stretch panel-row-style panel-row-style-for-1643-4\" data-stretch-type=\"full\" ><div id=\"pgc-1643-4-0\"  class=\"panel-grid-cell\" ><div id=\"panel-1643-4-0-0\" class=\"so-panel widget widget_sow-editor panel-first-child panel-last-child\" data-index=\"4\" ><div\n\t\t\t\n\t\t\tclass=\"so-widget-sow-editor so-widget-sow-editor-base\"\n\t\t\t\n\t\t><h3 class=\"widget-title\">Formations<\/h3>\n<div class=\"siteorigin-widget-tinymce textwidget\">\n\t<p><img loading=\"lazy\" decoding=\"async\" class=\"wp-image-3153 alignright\" src=\"http:\/\/caribaea.org\/v1\/wp-content\/uploads\/2020\/11\/formation-600x400-1.jpg\" alt=\"\" width=\"450\" height=\"300\" srcset=\"https:\/\/www.caribaea.org\/wp-content\/uploads\/2020\/11\/formation-600x400-1.jpg 600w, https:\/\/www.caribaea.org\/wp-content\/uploads\/2020\/11\/formation-600x400-1-300x200.jpg 300w, https:\/\/www.caribaea.org\/wp-content\/uploads\/2020\/11\/formation-600x400-1-272x182.jpg 272w\" sizes=\"auto, (max-width: 450px) 100vw, 450px\" \/>Nous offrons r\u00e9guli\u00e8rement \u00e0 nos \u00e9tudiants des <strong>formations sp\u00e9cialis\u00e9es<\/strong> en compl\u00e9ment des formations universitaires qu'ils suivent d\u00e9j\u00e0.<\/p>\n<p>Ces formations peuvent porter sur des <strong>m\u00e9thodes ou des techniques d'\u00e9tude de la biodiversit\u00e9<\/strong> r\u00e9cemment d\u00e9velopp\u00e9es ou sur des comp\u00e9tences g\u00e9n\u00e9rales telles que <strong>la ma\u00eetrise des langues \u00e9trang\u00e8res<\/strong>,<strong> la gestion de projet<\/strong> ou <strong>la r\u00e9daction de demandes de subvention.<\/strong><\/p>\n<\/div>\n<\/div><\/div><\/div><\/div><\/div><div id=\"pg-1643-5\"  class=\"panel-grid panel-has-style\" ><div class=\"siteorigin-panels-stretch panel-row-style panel-row-style-for-1643-5\" data-stretch-type=\"full\" ><div id=\"pgc-1643-5-0\"  class=\"panel-grid-cell\" ><div id=\"panel-1643-5-0-0\" class=\"so-panel widget widget_sow-editor panel-first-child panel-last-child\" data-index=\"5\" ><div\n\t\t\t\n\t\t\tclass=\"so-widget-sow-editor so-widget-sow-editor-base\"\n\t\t\t\n\t\t><h3 class=\"widget-title\">Diplomatie environnementale carib\u00e9enne<\/h3>\n<div class=\"siteorigin-widget-tinymce textwidget\">\n\t<p>Nous souhaitons <strong>contribuer \u00e0 la formation des actuels et des futurs diplomates carib\u00e9ens<\/strong> sp\u00e9cialis\u00e9s dans les n\u00e9gociations environnementales, au travers d'un<strong> nouveau cursus universitaire<\/strong> conf\u00e9rant une <strong>double comp\u00e9tence en sciences humaines<\/strong> (droit international, science politique, g\u00e9ographie) et en <strong>sciences biologiques<\/strong> (\u00e9cologie, \u00e9volution, biologie de la conservation).<\/p>\n<\/div>\n<\/div><\/div><\/div><\/div><\/div><div id=\"pg-1643-6\"  class=\"panel-grid panel-has-style\" ><div class=\"siteorigin-panels-stretch panel-row-style panel-row-style-for-1643-6\" data-stretch-type=\"full\" ><div id=\"pgc-1643-6-0\"  class=\"panel-grid-cell\" ><div id=\"panel-1643-6-0-0\" class=\"so-panel widget widget_sow-editor panel-first-child panel-last-child\" data-index=\"6\" ><div\n\t\t\t\n\t\t\tclass=\"so-widget-sow-editor so-widget-sow-editor-base\"\n\t\t\t\n\t\t><h3 class=\"widget-title\">Projets \u00e9ducatifs : sensibiliser les populations aux enjeux li\u00e9s \u00e0 la protection de la biodiversit\u00e9<\/h3>\n<div class=\"siteorigin-widget-tinymce textwidget\">\n\t<p><img loading=\"lazy\" decoding=\"async\" class=\"alignleft wp-image-3122\" src=\"http:\/\/caribaea.org\/v1\/wp-content\/uploads\/2020\/11\/projets-educatifs-enfants-450x600-1-225x300.jpg\" alt=\"\" width=\"255\" height=\"340\" srcset=\"https:\/\/www.caribaea.org\/wp-content\/uploads\/2020\/11\/projets-educatifs-enfants-450x600-1-225x300.jpg 225w, https:\/\/www.caribaea.org\/wp-content\/uploads\/2020\/11\/projets-educatifs-enfants-450x600-1.jpg 450w\" sizes=\"auto, (max-width: 255px) 100vw, 255px\" \/>L'\u00e9ducation environnementale concerne tous les \u00e2ges. Nous demandons aux \u00e9tudiants dont nous assurons la formation de s'investir en retour dans les programmes \u00e9ducatifs que nous commen\u00e7ons \u00e0 mettre en place en direction des enfants, des adolescents et des adultes.<\/p>\n<\/div>\n<\/div><\/div><\/div><\/div><\/div><div id=\"pg-1643-7\"  class=\"panel-grid panel-has-style\" ><div class=\"siteorigin-panels-stretch panel-row-style panel-row-style-for-1643-7\" data-stretch-type=\"full\" ><div id=\"pgc-1643-7-0\"  class=\"panel-grid-cell\" ><div id=\"panel-1643-7-0-0\" class=\"so-panel widget widget_sow-editor panel-first-child panel-last-child\" data-index=\"7\" ><div\n\t\t\t\n\t\t\tclass=\"so-widget-sow-editor so-widget-sow-editor-base\"\n\t\t\t\n\t\t><h3 class=\"widget-title\">Finances et reddition des comptes<\/h3>\n<div class=\"siteorigin-widget-tinymce textwidget\">\n\t<p>Depuis sa cr\u00e9ation, Caribaea Initiative est soutenue par la Fondation MAVA. Nos autres sources de financement proviennent de contrats avec des institutions publiques ou priv\u00e9es, de donateurs et des adh\u00e9sions. Nous nous engageons \u00e0 partager les informations sur notre organisation avec nos membres, nos donateurs et nos partenaires. Notre budget est approuv\u00e9 chaque ann\u00e9e par l'assembl\u00e9e g\u00e9n\u00e9rale et certifi\u00e9 par un cabinet d'expertise comptable agr\u00e9\u00e9 ind\u00e9pendant.<\/p>\n<\/div>\n<\/div><\/div><\/div><\/div><\/div><\/div>","protected":false},"excerpt":{"rendered":"<p>Notre d\u00e9marche consiste principalement \u00e0 rep\u00e9rer les jeunes talents carib\u00e9ens, \u00e0 leur procurer les moyens mat\u00e9riels, intellectuels et techniques de s&rsquo;engager dans une carri\u00e8re scientifique dans le domaine de la biologie de la conservation, et \u00e0 les aider \u00e0 s&rsquo;organiser en un r\u00e9seau d&rsquo;acteurs comp\u00e9tents. Nous intervenons donc \u00e0 diff\u00e9rents niveaux depuis l&rsquo;\u00e9cole jusqu&rsquo;\u00e0 l&rsquo;universit\u00e9 [&hellip;]<\/p>\n","protected":false},"author":1,"featured_media":0,"parent":1666,"menu_order":4,"comment_status":"closed","ping_status":"closed","template":"","meta":{"footnotes":""},"class_list":["post-1643","page","type-page","status-publish","hentry"],"yoast_head":"<!-- This site is optimized with the Yoast SEO plugin v26.6 - https:\/\/yoast.com\/wordpress\/plugins\/seo\/ -->\n<title>Comment nous op\u00e9rons - Caribaea Initiative<\/title>\n<meta name=\"robots\" content=\"index, follow, max-snippet:-1, max-image-preview:large, max-video-preview:-1\" \/>\n<link rel=\"canonical\" href=\"https:\/\/www.caribaea.org\/fr\/qui-sommes-nous-caribaea-initiative\/comment-nous-operons\/\" \/>\n<meta property=\"og:locale\" content=\"fr_FR\" \/>\n<meta property=\"og:type\" content=\"article\" \/>\n<meta property=\"og:title\" content=\"Comment nous op\u00e9rons - Caribaea Initiative\" \/>\n<meta property=\"og:description\" content=\"Notre d\u00e9marche consiste principalement \u00e0 rep\u00e9rer les jeunes talents carib\u00e9ens, \u00e0 leur procurer les moyens mat\u00e9riels, intellectuels et techniques de s&#039;engager dans une carri\u00e8re scientifique dans le domaine de la biologie de la conservation, et \u00e0 les aider \u00e0 s&#039;organiser en un r\u00e9seau d&#039;acteurs comp\u00e9tents. Nous intervenons donc \u00e0 diff\u00e9rents niveaux depuis l&#039;\u00e9cole jusqu&#039;\u00e0 l&#039;universit\u00e9 [&hellip;]\" \/>\n<meta property=\"og:url\" content=\"https:\/\/www.caribaea.org\/fr\/qui-sommes-nous-caribaea-initiative\/comment-nous-operons\/\" \/>\n<meta property=\"og:site_name\" content=\"Caribaea Initiative\" \/>\n<meta property=\"article:modified_time\" content=\"2020-12-23T15:50:55+00:00\" \/>\n<meta property=\"og:image\" content=\"https:\/\/www.caribaea.org\/wp-content\/uploads\/2020\/11\/recherche-et-enseignement-superieur-600x400-1.jpg\" \/>\n\t<meta property=\"og:image:width\" content=\"600\" \/>\n\t<meta property=\"og:image:height\" content=\"400\" \/>\n\t<meta property=\"og:image:type\" content=\"image\/jpeg\" \/>\n<meta name=\"twitter:card\" content=\"summary_large_image\" \/>\n<meta name=\"twitter:label1\" content=\"Dur\u00e9e de lecture estim\u00e9e\" \/>\n\t<meta name=\"twitter:data1\" content=\"4 minutes\" \/>\n<script type=\"application\/ld+json\" class=\"yoast-schema-graph\">{\"@context\":\"https:\/\/schema.org\",\"@graph\":[{\"@type\":\"WebPage\",\"@id\":\"https:\/\/www.caribaea.org\/fr\/qui-sommes-nous-caribaea-initiative\/comment-nous-operons\/\",\"url\":\"https:\/\/www.caribaea.org\/fr\/qui-sommes-nous-caribaea-initiative\/comment-nous-operons\/\",\"name\":\"Comment nous op\u00e9rons - Caribaea Initiative\",\"isPartOf\":{\"@id\":\"https:\/\/www.caribaea.org\/en\/#website\"},\"primaryImageOfPage\":{\"@id\":\"https:\/\/www.caribaea.org\/fr\/qui-sommes-nous-caribaea-initiative\/comment-nous-operons\/#primaryimage\"},\"image\":{\"@id\":\"https:\/\/www.caribaea.org\/fr\/qui-sommes-nous-caribaea-initiative\/comment-nous-operons\/#primaryimage\"},\"thumbnailUrl\":\"http:\/\/caribaea.org\/v1\/wp-content\/uploads\/2020\/11\/recherche-et-enseignement-superieur-600x400-1.jpg\",\"datePublished\":\"2020-09-08T00:43:06+00:00\",\"dateModified\":\"2020-12-23T15:50:55+00:00\",\"breadcrumb\":{\"@id\":\"https:\/\/www.caribaea.org\/fr\/qui-sommes-nous-caribaea-initiative\/comment-nous-operons\/#breadcrumb\"},\"inLanguage\":\"fr-FR\",\"potentialAction\":[{\"@type\":\"ReadAction\",\"target\":[\"https:\/\/www.caribaea.org\/fr\/qui-sommes-nous-caribaea-initiative\/comment-nous-operons\/\"]}]},{\"@type\":\"ImageObject\",\"inLanguage\":\"fr-FR\",\"@id\":\"https:\/\/www.caribaea.org\/fr\/qui-sommes-nous-caribaea-initiative\/comment-nous-operons\/#primaryimage\",\"url\":\"http:\/\/caribaea.org\/v1\/wp-content\/uploads\/2020\/11\/recherche-et-enseignement-superieur-600x400-1.jpg\",\"contentUrl\":\"http:\/\/caribaea.org\/v1\/wp-content\/uploads\/2020\/11\/recherche-et-enseignement-superieur-600x400-1.jpg\"},{\"@type\":\"BreadcrumbList\",\"@id\":\"https:\/\/www.caribaea.org\/fr\/qui-sommes-nous-caribaea-initiative\/comment-nous-operons\/#breadcrumb\",\"itemListElement\":[{\"@type\":\"ListItem\",\"position\":1,\"name\":\"Accueil\",\"item\":\"https:\/\/www.caribaea.org\/fr\/\"},{\"@type\":\"ListItem\",\"position\":2,\"name\":\"Qui sommes-nous ?\",\"item\":\"https:\/\/www.caribaea.org\/fr\/qui-sommes-nous-caribaea-initiative\/\"},{\"@type\":\"ListItem\",\"position\":3,\"name\":\"Comment nous op\u00e9rons\"}]},{\"@type\":\"WebSite\",\"@id\":\"https:\/\/www.caribaea.org\/en\/#website\",\"url\":\"https:\/\/www.caribaea.org\/en\/\",\"name\":\"Caribaea Initiative\",\"description\":\"\",\"potentialAction\":[{\"@type\":\"SearchAction\",\"target\":{\"@type\":\"EntryPoint\",\"urlTemplate\":\"https:\/\/www.caribaea.org\/en\/?s={search_term_string}\"},\"query-input\":{\"@type\":\"PropertyValueSpecification\",\"valueRequired\":true,\"valueName\":\"search_term_string\"}}],\"inLanguage\":\"fr-FR\"}]}<\/script>\n<!-- \/ Yoast SEO plugin. -->","yoast_head_json":{"title":"Comment nous op\u00e9rons - Caribaea Initiative","robots":{"index":"index","follow":"follow","max-snippet":"max-snippet:-1","max-image-preview":"max-image-preview:large","max-video-preview":"max-video-preview:-1"},"canonical":"https:\/\/www.caribaea.org\/fr\/qui-sommes-nous-caribaea-initiative\/comment-nous-operons\/","og_locale":"fr_FR","og_type":"article","og_title":"Comment nous op\u00e9rons - Caribaea Initiative","og_description":"Notre d\u00e9marche consiste principalement \u00e0 rep\u00e9rer les jeunes talents carib\u00e9ens, \u00e0 leur procurer les moyens mat\u00e9riels, intellectuels et techniques de s'engager dans une carri\u00e8re scientifique dans le domaine de la biologie de la conservation, et \u00e0 les aider \u00e0 s'organiser en un r\u00e9seau d'acteurs comp\u00e9tents. Nous intervenons donc \u00e0 diff\u00e9rents niveaux depuis l'\u00e9cole jusqu'\u00e0 l'universit\u00e9 [&hellip;]","og_url":"https:\/\/www.caribaea.org\/fr\/qui-sommes-nous-caribaea-initiative\/comment-nous-operons\/","og_site_name":"Caribaea Initiative","article_modified_time":"2020-12-23T15:50:55+00:00","og_image":[{"width":600,"height":400,"url":"https:\/\/www.caribaea.org\/wp-content\/uploads\/2020\/11\/recherche-et-enseignement-superieur-600x400-1.jpg","type":"image\/jpeg"}],"twitter_card":"summary_large_image","twitter_misc":{"Dur\u00e9e de lecture estim\u00e9e":"4 minutes"},"schema":{"@context":"https:\/\/schema.org","@graph":[{"@type":"WebPage","@id":"https:\/\/www.caribaea.org\/fr\/qui-sommes-nous-caribaea-initiative\/comment-nous-operons\/","url":"https:\/\/www.caribaea.org\/fr\/qui-sommes-nous-caribaea-initiative\/comment-nous-operons\/","name":"Comment nous op\u00e9rons - Caribaea Initiative","isPartOf":{"@id":"https:\/\/www.caribaea.org\/en\/#website"},"primaryImageOfPage":{"@id":"https:\/\/www.caribaea.org\/fr\/qui-sommes-nous-caribaea-initiative\/comment-nous-operons\/#primaryimage"},"image":{"@id":"https:\/\/www.caribaea.org\/fr\/qui-sommes-nous-caribaea-initiative\/comment-nous-operons\/#primaryimage"},"thumbnailUrl":"http:\/\/caribaea.org\/v1\/wp-content\/uploads\/2020\/11\/recherche-et-enseignement-superieur-600x400-1.jpg","datePublished":"2020-09-08T00:43:06+00:00","dateModified":"2020-12-23T15:50:55+00:00","breadcrumb":{"@id":"https:\/\/www.caribaea.org\/fr\/qui-sommes-nous-caribaea-initiative\/comment-nous-operons\/#breadcrumb"},"inLanguage":"fr-FR","potentialAction":[{"@type":"ReadAction","target":["https:\/\/www.caribaea.org\/fr\/qui-sommes-nous-caribaea-initiative\/comment-nous-operons\/"]}]},{"@type":"ImageObject","inLanguage":"fr-FR","@id":"https:\/\/www.caribaea.org\/fr\/qui-sommes-nous-caribaea-initiative\/comment-nous-operons\/#primaryimage","url":"http:\/\/caribaea.org\/v1\/wp-content\/uploads\/2020\/11\/recherche-et-enseignement-superieur-600x400-1.jpg","contentUrl":"http:\/\/caribaea.org\/v1\/wp-content\/uploads\/2020\/11\/recherche-et-enseignement-superieur-600x400-1.jpg"},{"@type":"BreadcrumbList","@id":"https:\/\/www.caribaea.org\/fr\/qui-sommes-nous-caribaea-initiative\/comment-nous-operons\/#breadcrumb","itemListElement":[{"@type":"ListItem","position":1,"name":"Accueil","item":"https:\/\/www.caribaea.org\/fr\/"},{"@type":"ListItem","position":2,"name":"Qui sommes-nous ?","item":"https:\/\/www.caribaea.org\/fr\/qui-sommes-nous-caribaea-initiative\/"},{"@type":"ListItem","position":3,"name":"Comment nous op\u00e9rons"}]},{"@type":"WebSite","@id":"https:\/\/www.caribaea.org\/en\/#website","url":"https:\/\/www.caribaea.org\/en\/","name":"Caribaea Initiative","description":"","potentialAction":[{"@type":"SearchAction","target":{"@type":"EntryPoint","urlTemplate":"https:\/\/www.caribaea.org\/en\/?s={search_term_string}"},"query-input":{"@type":"PropertyValueSpecification","valueRequired":true,"valueName":"search_term_string"}}],"inLanguage":"fr-FR"}]}},"_links":{"self":[{"href":"https:\/\/www.caribaea.org\/fr\/wp-json\/wp\/v2\/pages\/1643","targetHints":{"allow":["GET"]}}],"collection":[{"href":"https:\/\/www.caribaea.org\/fr\/wp-json\/wp\/v2\/pages"}],"about":[{"href":"https:\/\/www.caribaea.org\/fr\/wp-json\/wp\/v2\/types\/page"}],"author":[{"embeddable":true,"href":"https:\/\/www.caribaea.org\/fr\/wp-json\/wp\/v2\/users\/1"}],"replies":[{"embeddable":true,"href":"https:\/\/www.caribaea.org\/fr\/wp-json\/wp\/v2\/comments?post=1643"}],"version-history":[{"count":3,"href":"https:\/\/www.caribaea.org\/fr\/wp-json\/wp\/v2\/pages\/1643\/revisions"}],"predecessor-version":[{"id":5297,"href":"https:\/\/www.caribaea.org\/fr\/wp-json\/wp\/v2\/pages\/1643\/revisions\/5297"}],"up":[{"embeddable":true,"href":"https:\/\/www.caribaea.org\/fr\/wp-json\/wp\/v2\/pages\/1666"}],"wp:attachment":[{"href":"https:\/\/www.caribaea.org\/fr\/wp-json\/wp\/v2\/media?parent=1643"}],"curies":[{"name":"wp","href":"https:\/\/api.w.org\/{rel}","templated":true}]}}