{"id":1647,"date":"2020-09-08T02:53:28","date_gmt":"2020-09-08T00:53:28","guid":{"rendered":"http:\/\/127.0.0.1:8080\/caribaea\/_maquette\/v2\/?page_id=1647"},"modified":"2023-01-03T14:37:33","modified_gmt":"2023-01-03T13:37:33","slug":"notre-histoire","status":"publish","type":"page","link":"https:\/\/www.caribaea.org\/fr\/qui-sommes-nous-caribaea-initiative\/notre-histoire\/","title":{"rendered":"Notre histoire"},"content":{"rendered":"<div id=\"pl-1647\"  class=\"panel-layout\" ><div id=\"pg-1647-0\"  class=\"panel-grid panel-has-style\" ><div class=\"siteorigin-panels-stretch panel-row-style panel-row-style-for-1647-0\" data-stretch-type=\"full\" ><div id=\"pgc-1647-0-0\"  class=\"panel-grid-cell\" ><div id=\"panel-1647-0-0-0\" class=\"so-panel widget widget_sow-editor panel-first-child panel-last-child\" data-index=\"0\" ><div\n\t\t\t\n\t\t\tclass=\"so-widget-sow-editor so-widget-sow-editor-base\"\n\t\t\t\n\t\t>\n<div class=\"siteorigin-widget-tinymce textwidget\">\n\t<p class=\"lead\"><strong>Caribaea Initiative<\/strong> est une jeune ONG, cr\u00e9\u00e9e en 2014 gr\u00e2ce au soutien de <strong>Vera Michalski-Hoffmann<\/strong> et de la <strong>Fondation MAVA<\/strong>.<\/p>\n<p>Le projet initial est n\u00e9 du constat d'un d\u00e9ficit d'expertise scientifique en biologie de la conservation au sein de la Cara\u00efbe insulaire. Initialement localis\u00e9 \u00e0 la Tour du Valat, en Camargue, dans le sud de la France, le si\u00e8ge de l'association a \u00e9t\u00e9 officiellement transf\u00e9r\u00e9 le 1er janvier 2019 \u00e0 l'<strong>Universit\u00e9 des Antilles<\/strong>, sur le campus de Fouillole, en <strong>Guadeloupe<\/strong>. Le si\u00e8ge administratif se situe, quant \u00e0 lui, toujours \u00e0 la Tour du Valat. En novembre 2022, une branche de l'association ind\u00e9pendante a \u00e9t\u00e9 cr\u00e9\u00e9e : <a href=\"https:\/\/www.caribaea.org\/fr\/branche-suisse\/\">Caribaea Initiative - Suisse<\/a>.<\/p>\n<p>Depuis sa cr\u00e9ation, Caribaea Initiative a d\u00e9velopp\u00e9 des projets de recherche et de formation \u00e0 Cuba, en Ha\u00efti, en R\u00e9publique Dominicaine, \u00e0 St Kitts &amp; Nevis, en Guadeloupe, en Martinique, \u00e0 la Barbade et \u00e0 Trinidad &amp; Tobago, \u00e0 chaque fois en collaboration avec des partenaires locaux. Notre action s'appuie aujourd'hui sur un r\u00e9seau de chercheurs et de sp\u00e9cialistes internationaux qui partagent une vision et des valeurs communes.<\/p>\n<\/div>\n<\/div><\/div><\/div><\/div><\/div><\/div>","protected":false},"excerpt":{"rendered":"<p>Caribaea Initiative est une jeune ONG, cr\u00e9\u00e9e en 2014 gr\u00e2ce au soutien de Vera Michalski-Hoffmann et de la Fondation MAVA. Le projet initial est n\u00e9 du constat d&rsquo;un d\u00e9ficit d&rsquo;expertise scientifique en biologie de la conservation au sein de la Cara\u00efbe insulaire. Initialement localis\u00e9 \u00e0 la Tour du Valat, en Camargue, dans le sud de [&hellip;]<\/p>\n","protected":false},"author":1,"featured_media":0,"parent":1666,"menu_order":5,"comment_status":"closed","ping_status":"closed","template":"","meta":{"footnotes":""},"class_list":["post-1647","page","type-page","status-publish","hentry"],"yoast_head":"<!-- This site is optimized with the Yoast SEO plugin v26.6 - https:\/\/yoast.com\/wordpress\/plugins\/seo\/ -->\n<title>Notre histoire - Caribaea Initiative<\/title>\n<meta name=\"robots\" content=\"index, follow, max-snippet:-1, max-image-preview:large, max-video-preview:-1\" \/>\n<link rel=\"canonical\" href=\"https:\/\/www.caribaea.org\/fr\/qui-sommes-nous-caribaea-initiative\/notre-histoire\/\" \/>\n<meta property=\"og:locale\" content=\"fr_FR\" \/>\n<meta property=\"og:type\" content=\"article\" \/>\n<meta property=\"og:title\" content=\"Notre histoire - Caribaea Initiative\" \/>\n<meta property=\"og:description\" content=\"Caribaea Initiative est une jeune ONG, cr\u00e9\u00e9e en 2014 gr\u00e2ce au soutien de Vera Michalski-Hoffmann et de la Fondation MAVA. Le projet initial est n\u00e9 du constat d&#039;un d\u00e9ficit d&#039;expertise scientifique en biologie de la conservation au sein de la Cara\u00efbe insulaire. Initialement localis\u00e9 \u00e0 la Tour du Valat, en Camargue, dans le sud de [&hellip;]\" \/>\n<meta property=\"og:url\" content=\"https:\/\/www.caribaea.org\/fr\/qui-sommes-nous-caribaea-initiative\/notre-histoire\/\" \/>\n<meta property=\"og:site_name\" content=\"Caribaea Initiative\" \/>\n<meta property=\"article:modified_time\" content=\"2023-01-03T13:37:33+00:00\" \/>\n<meta name=\"twitter:card\" content=\"summary_large_image\" \/>\n<meta name=\"twitter:label1\" content=\"Dur\u00e9e de lecture estim\u00e9e\" \/>\n\t<meta name=\"twitter:data1\" content=\"1 minute\" \/>\n<script type=\"application\/ld+json\" class=\"yoast-schema-graph\">{\"@context\":\"https:\/\/schema.org\",\"@graph\":[{\"@type\":\"WebPage\",\"@id\":\"https:\/\/www.caribaea.org\/fr\/qui-sommes-nous-caribaea-initiative\/notre-histoire\/\",\"url\":\"https:\/\/www.caribaea.org\/fr\/qui-sommes-nous-caribaea-initiative\/notre-histoire\/\",\"name\":\"Notre histoire - Caribaea Initiative\",\"isPartOf\":{\"@id\":\"https:\/\/www.caribaea.org\/en\/#website\"},\"datePublished\":\"2020-09-08T00:53:28+00:00\",\"dateModified\":\"2023-01-03T13:37:33+00:00\",\"breadcrumb\":{\"@id\":\"https:\/\/www.caribaea.org\/fr\/qui-sommes-nous-caribaea-initiative\/notre-histoire\/#breadcrumb\"},\"inLanguage\":\"fr-FR\",\"potentialAction\":[{\"@type\":\"ReadAction\",\"target\":[\"https:\/\/www.caribaea.org\/fr\/qui-sommes-nous-caribaea-initiative\/notre-histoire\/\"]}]},{\"@type\":\"BreadcrumbList\",\"@id\":\"https:\/\/www.caribaea.org\/fr\/qui-sommes-nous-caribaea-initiative\/notre-histoire\/#breadcrumb\",\"itemListElement\":[{\"@type\":\"ListItem\",\"position\":1,\"name\":\"Accueil\",\"item\":\"https:\/\/www.caribaea.org\/fr\/\"},{\"@type\":\"ListItem\",\"position\":2,\"name\":\"Qui sommes-nous ?\",\"item\":\"https:\/\/www.caribaea.org\/fr\/qui-sommes-nous-caribaea-initiative\/\"},{\"@type\":\"ListItem\",\"position\":3,\"name\":\"Notre histoire\"}]},{\"@type\":\"WebSite\",\"@id\":\"https:\/\/www.caribaea.org\/en\/#website\",\"url\":\"https:\/\/www.caribaea.org\/en\/\",\"name\":\"Caribaea Initiative\",\"description\":\"\",\"potentialAction\":[{\"@type\":\"SearchAction\",\"target\":{\"@type\":\"EntryPoint\",\"urlTemplate\":\"https:\/\/www.caribaea.org\/en\/?s={search_term_string}\"},\"query-input\":{\"@type\":\"PropertyValueSpecification\",\"valueRequired\":true,\"valueName\":\"search_term_string\"}}],\"inLanguage\":\"fr-FR\"}]}<\/script>\n<!-- \/ Yoast SEO plugin. -->","yoast_head_json":{"title":"Notre histoire - Caribaea Initiative","robots":{"index":"index","follow":"follow","max-snippet":"max-snippet:-1","max-image-preview":"max-image-preview:large","max-video-preview":"max-video-preview:-1"},"canonical":"https:\/\/www.caribaea.org\/fr\/qui-sommes-nous-caribaea-initiative\/notre-histoire\/","og_locale":"fr_FR","og_type":"article","og_title":"Notre histoire - Caribaea Initiative","og_description":"Caribaea Initiative est une jeune ONG, cr\u00e9\u00e9e en 2014 gr\u00e2ce au soutien de Vera Michalski-Hoffmann et de la Fondation MAVA. Le projet initial est n\u00e9 du constat d'un d\u00e9ficit d'expertise scientifique en biologie de la conservation au sein de la Cara\u00efbe insulaire. Initialement localis\u00e9 \u00e0 la Tour du Valat, en Camargue, dans le sud de [&hellip;]","og_url":"https:\/\/www.caribaea.org\/fr\/qui-sommes-nous-caribaea-initiative\/notre-histoire\/","og_site_name":"Caribaea Initiative","article_modified_time":"2023-01-03T13:37:33+00:00","twitter_card":"summary_large_image","twitter_misc":{"Dur\u00e9e de lecture estim\u00e9e":"1 minute"},"schema":{"@context":"https:\/\/schema.org","@graph":[{"@type":"WebPage","@id":"https:\/\/www.caribaea.org\/fr\/qui-sommes-nous-caribaea-initiative\/notre-histoire\/","url":"https:\/\/www.caribaea.org\/fr\/qui-sommes-nous-caribaea-initiative\/notre-histoire\/","name":"Notre histoire - Caribaea Initiative","isPartOf":{"@id":"https:\/\/www.caribaea.org\/en\/#website"},"datePublished":"2020-09-08T00:53:28+00:00","dateModified":"2023-01-03T13:37:33+00:00","breadcrumb":{"@id":"https:\/\/www.caribaea.org\/fr\/qui-sommes-nous-caribaea-initiative\/notre-histoire\/#breadcrumb"},"inLanguage":"fr-FR","potentialAction":[{"@type":"ReadAction","target":["https:\/\/www.caribaea.org\/fr\/qui-sommes-nous-caribaea-initiative\/notre-histoire\/"]}]},{"@type":"BreadcrumbList","@id":"https:\/\/www.caribaea.org\/fr\/qui-sommes-nous-caribaea-initiative\/notre-histoire\/#breadcrumb","itemListElement":[{"@type":"ListItem","position":1,"name":"Accueil","item":"https:\/\/www.caribaea.org\/fr\/"},{"@type":"ListItem","position":2,"name":"Qui sommes-nous ?","item":"https:\/\/www.caribaea.org\/fr\/qui-sommes-nous-caribaea-initiative\/"},{"@type":"ListItem","position":3,"name":"Notre histoire"}]},{"@type":"WebSite","@id":"https:\/\/www.caribaea.org\/en\/#website","url":"https:\/\/www.caribaea.org\/en\/","name":"Caribaea Initiative","description":"","potentialAction":[{"@type":"SearchAction","target":{"@type":"EntryPoint","urlTemplate":"https:\/\/www.caribaea.org\/en\/?s={search_term_string}"},"query-input":{"@type":"PropertyValueSpecification","valueRequired":true,"valueName":"search_term_string"}}],"inLanguage":"fr-FR"}]}},"_links":{"self":[{"href":"https:\/\/www.caribaea.org\/fr\/wp-json\/wp\/v2\/pages\/1647","targetHints":{"allow":["GET"]}}],"collection":[{"href":"https:\/\/www.caribaea.org\/fr\/wp-json\/wp\/v2\/pages"}],"about":[{"href":"https:\/\/www.caribaea.org\/fr\/wp-json\/wp\/v2\/types\/page"}],"author":[{"embeddable":true,"href":"https:\/\/www.caribaea.org\/fr\/wp-json\/wp\/v2\/users\/1"}],"replies":[{"embeddable":true,"href":"https:\/\/www.caribaea.org\/fr\/wp-json\/wp\/v2\/comments?post=1647"}],"version-history":[{"count":3,"href":"https:\/\/www.caribaea.org\/fr\/wp-json\/wp\/v2\/pages\/1647\/revisions"}],"predecessor-version":[{"id":7364,"href":"https:\/\/www.caribaea.org\/fr\/wp-json\/wp\/v2\/pages\/1647\/revisions\/7364"}],"up":[{"embeddable":true,"href":"https:\/\/www.caribaea.org\/fr\/wp-json\/wp\/v2\/pages\/1666"}],"wp:attachment":[{"href":"https:\/\/www.caribaea.org\/fr\/wp-json\/wp\/v2\/media?parent=1647"}],"curies":[{"name":"wp","href":"https:\/\/api.w.org\/{rel}","templated":true}]}}