{"id":1670,"date":"2020-09-08T03:45:00","date_gmt":"2020-09-08T01:45:00","guid":{"rendered":"http:\/\/127.0.0.1:8080\/caribaea\/_maquette\/v2\/?page_id=1670"},"modified":"2025-05-20T10:20:33","modified_gmt":"2025-05-20T08:20:33","slug":"contact","status":"publish","type":"page","link":"https:\/\/www.caribaea.org\/fr\/qui-sommes-nous-caribaea-initiative\/contact\/","title":{"rendered":"Contact"},"content":{"rendered":"<div id=\"pl-1670\"  class=\"panel-layout\" ><div id=\"pg-1670-0\"  class=\"panel-grid panel-has-style\" ><div class=\"siteorigin-panels-stretch panel-row-style panel-row-style-for-1670-0\" data-stretch-type=\"full\" ><div id=\"pgc-1670-0-0\"  class=\"panel-grid-cell\" ><div id=\"panel-1670-0-0-0\" class=\"so-panel widget widget_sow-editor panel-first-child panel-last-child\" data-index=\"0\" ><div\n\t\t\t\n\t\t\tclass=\"so-widget-sow-editor so-widget-sow-editor-base\"\n\t\t\t\n\t\t>\n<div class=\"siteorigin-widget-tinymce textwidget\">\n\t<p><strong>CARIBAEA INITIATIVE<\/strong><br \/>\n<i class=\"fa fa-envelope-o fa-1x\"><\/i> <a href=\"mailto:contact@caribaea.org\">contact[at]caribaea.org<\/a><\/p>\n<p><strong>Si\u00e8ge social <\/strong><br \/>\n37, rue Jean Jaur\u00e8s, Le Raizet, 97139 Les Abymes, Guadeloupe<br \/>\nadministration[at]caribaea.org<\/p>\n<p><strong>Antenne d\u00e9localis\u00e9e<\/strong><br \/>\n40, chemin de l\u2019\u00e9glise, Le Sambuc, 13200 Arles, France<\/p>\n<p><strong>Charg\u00e9e de communication<\/strong><br \/>\nSophie Labaude<br \/>\nsophie.labaude[at]caribaea.org<\/p>\n<\/div>\n<\/div><\/div><\/div><div id=\"pgc-1670-0-1\"  class=\"panel-grid-cell\" ><div id=\"panel-1670-0-1-0\" class=\"so-panel widget widget_sow-editor panel-first-child panel-last-child\" data-index=\"1\" ><div\n\t\t\t\n\t\t\tclass=\"so-widget-sow-editor so-widget-sow-editor-base\"\n\t\t\t\n\t\t>\n<div class=\"siteorigin-widget-tinymce textwidget\">\n\t<p>N\u2019h\u00e9sitez pas \u00e0 nous contacter en remplissant ce formulaire en nous pr\u00e9cisant votre demande.<\/p>\n<p>Nous sommes ouverts \u00e0 discussion pour des perspectives de partenariat avec des personnes morales (organisations gouvernementales ou non-gouvernementales, institutions de recherche et secteur priv\u00e9). Merci de noter que l\u2019association ne r\u00e9pond pas aux demandes de stages ou de soutien financier qu'elle n'a pas sollicit\u00e9es.<\/p>\n<div role=\"form\" class=\"wpcf7\" id=\"wpcf7-f5-o1\" lang=\"fr-FR\" dir=\"ltr\">\n<div class=\"screen-reader-response\" role=\"alert\" aria-live=\"polite\"><\/div>\n<form action=\"\/fr\/wp-json\/wp\/v2\/pages\/1670#wpcf7-f5-o1\" method=\"post\" class=\"wpcf7-form init\" novalidate=\"novalidate\">\n<div style=\"display: none;\">\n<input type=\"hidden\" name=\"_wpcf7\" value=\"5\" \/>\n<input type=\"hidden\" name=\"_wpcf7_version\" value=\"5.2.2\" \/>\n<input type=\"hidden\" name=\"_wpcf7_locale\" value=\"fr_FR\" \/>\n<input type=\"hidden\" name=\"_wpcf7_unit_tag\" value=\"wpcf7-f5-o1\" \/>\n<input type=\"hidden\" name=\"_wpcf7_container_post\" value=\"0\" \/>\n<input type=\"hidden\" name=\"_wpcf7_posted_data_hash\" value=\"\" \/>\n<input type=\"hidden\" name=\"_wpcf7_recaptcha_response\" value=\"\" \/>\n<\/div>\n<p><label> Votre nom *<br \/>\n    <span class=\"wpcf7-form-control-wrap your-name\"><input type=\"text\" name=\"your-name\" value=\"\" size=\"40\" class=\"wpcf7-form-control wpcf7-text wpcf7-validates-as-required\" aria-required=\"true\" aria-invalid=\"false\" \/><\/span> <\/label><\/p>\n<p><label> Votre adresse e-mail *<br \/>\n    <span class=\"wpcf7-form-control-wrap your-email\"><input type=\"email\" name=\"your-email\" value=\"\" size=\"40\" class=\"wpcf7-form-control wpcf7-text wpcf7-email wpcf7-validates-as-required wpcf7-validates-as-email\" aria-required=\"true\" aria-invalid=\"false\" \/><\/span> <\/label><\/p>\n<p><label> Objet<br \/>\n    <span class=\"wpcf7-form-control-wrap your-subject\"><input type=\"text\" name=\"your-subject\" value=\"\" size=\"40\" class=\"wpcf7-form-control wpcf7-text\" aria-invalid=\"false\" \/><\/span> <\/label><\/p>\n<p><label> Votre message<br \/>\n    <span class=\"wpcf7-form-control-wrap your-message\"><textarea name=\"your-message\" cols=\"40\" rows=\"10\" class=\"wpcf7-form-control wpcf7-textarea\" aria-invalid=\"false\"><\/textarea><\/span> <\/label><\/p>\n<p><label><span class=\"wpcf7-form-control-wrap check-consentement\"><span class=\"wpcf7-form-control wpcf7-checkbox wpcf7-validates-as-required\"><span class=\"wpcf7-list-item first last\"><input type=\"checkbox\" name=\"check-consentement[]\" value=\"* J&#039;autorise la collecte et la conservation de mes donn\u00e9es transmises via ce formulaire dans le cadre de ma demande de contact.\" \/><span class=\"wpcf7-list-item-label\">* J&#039;autorise la collecte et la conservation de mes donn\u00e9es transmises via ce formulaire dans le cadre de ma demande de contact.<\/span><\/span><\/span><\/span><\/label><br \/>\n<span>Aucune exploitation commerciale ne sera faite des donn\u00e9es conserv\u00e9es. Voir notre <a href=\"https:\/\/www.caribaea.org\/fr\/mentions-legales\/\" target=\"_blank\">politique de gestion des donn\u00e9es personnelles<\/a>.<\/span><\/p>\n<p>* Champs obligatoires<\/p>\n<p><input type=\"submit\" value=\"Envoyer\" class=\"wpcf7-form-control wpcf7-submit\" \/><\/p>\n<div class=\"wpcf7-response-output\" role=\"alert\" aria-hidden=\"true\"><\/div><\/form><\/div>\n<\/div>\n<\/div><\/div><\/div><\/div><\/div><\/div>","protected":false},"excerpt":{"rendered":"<p>CARIBAEA INITIATIVE contact[at]caribaea.org Si\u00e8ge social 37, rue Jean Jaur\u00e8s, Le Raizet, 97139 Les Abymes, Guadeloupe administration[at]caribaea.org Antenne d\u00e9localis\u00e9e 40, chemin de l\u2019\u00e9glise, Le Sambuc, 13200 Arles, France Charg\u00e9e de communication Sophie Labaude sophie.labaude[at]caribaea.org N\u2019h\u00e9sitez pas \u00e0 nous contacter en remplissant ce formulaire en nous pr\u00e9cisant votre demande. Nous sommes ouverts \u00e0 discussion pour des perspectives [&hellip;]<\/p>\n","protected":false},"author":1,"featured_media":0,"parent":1666,"menu_order":6,"comment_status":"closed","ping_status":"closed","template":"","meta":{"footnotes":""},"class_list":["post-1670","page","type-page","status-publish","hentry"],"yoast_head":"<!-- This site is optimized with the Yoast SEO plugin v26.6 - https:\/\/yoast.com\/wordpress\/plugins\/seo\/ -->\n<title>Contact - Caribaea Initiative<\/title>\n<meta name=\"robots\" content=\"index, follow, max-snippet:-1, max-image-preview:large, max-video-preview:-1\" \/>\n<link rel=\"canonical\" href=\"https:\/\/www.caribaea.org\/fr\/qui-sommes-nous-caribaea-initiative\/contact\/\" \/>\n<meta property=\"og:locale\" content=\"fr_FR\" \/>\n<meta property=\"og:type\" content=\"article\" \/>\n<meta property=\"og:title\" content=\"Contact - Caribaea Initiative\" \/>\n<meta property=\"og:description\" content=\"CARIBAEA INITIATIVE contact[at]caribaea.org Si\u00e8ge social 37, rue Jean Jaur\u00e8s, Le Raizet, 97139 Les Abymes, Guadeloupe administration[at]caribaea.org Antenne d\u00e9localis\u00e9e 40, chemin de l\u2019\u00e9glise, Le Sambuc, 13200 Arles, France Charg\u00e9e de communication Sophie Labaude sophie.labaude[at]caribaea.org N\u2019h\u00e9sitez pas \u00e0 nous contacter en remplissant ce formulaire en nous pr\u00e9cisant votre demande. Nous sommes ouverts \u00e0 discussion pour des perspectives [&hellip;]\" \/>\n<meta property=\"og:url\" content=\"https:\/\/www.caribaea.org\/fr\/qui-sommes-nous-caribaea-initiative\/contact\/\" \/>\n<meta property=\"og:site_name\" content=\"Caribaea Initiative\" \/>\n<meta property=\"article:modified_time\" content=\"2025-05-20T08:20:33+00:00\" \/>\n<meta name=\"twitter:card\" content=\"summary_large_image\" \/>\n<meta name=\"twitter:label1\" content=\"Dur\u00e9e de lecture estim\u00e9e\" \/>\n\t<meta name=\"twitter:data1\" content=\"1 minute\" \/>\n<script type=\"application\/ld+json\" class=\"yoast-schema-graph\">{\"@context\":\"https:\/\/schema.org\",\"@graph\":[{\"@type\":\"WebPage\",\"@id\":\"https:\/\/www.caribaea.org\/fr\/qui-sommes-nous-caribaea-initiative\/contact\/\",\"url\":\"https:\/\/www.caribaea.org\/fr\/qui-sommes-nous-caribaea-initiative\/contact\/\",\"name\":\"Contact - Caribaea Initiative\",\"isPartOf\":{\"@id\":\"https:\/\/www.caribaea.org\/en\/#website\"},\"datePublished\":\"2020-09-08T01:45:00+00:00\",\"dateModified\":\"2025-05-20T08:20:33+00:00\",\"breadcrumb\":{\"@id\":\"https:\/\/www.caribaea.org\/fr\/qui-sommes-nous-caribaea-initiative\/contact\/#breadcrumb\"},\"inLanguage\":\"fr-FR\",\"potentialAction\":[{\"@type\":\"ReadAction\",\"target\":[\"https:\/\/www.caribaea.org\/fr\/qui-sommes-nous-caribaea-initiative\/contact\/\"]}]},{\"@type\":\"BreadcrumbList\",\"@id\":\"https:\/\/www.caribaea.org\/fr\/qui-sommes-nous-caribaea-initiative\/contact\/#breadcrumb\",\"itemListElement\":[{\"@type\":\"ListItem\",\"position\":1,\"name\":\"Accueil\",\"item\":\"https:\/\/www.caribaea.org\/fr\/\"},{\"@type\":\"ListItem\",\"position\":2,\"name\":\"Qui sommes-nous ?\",\"item\":\"https:\/\/www.caribaea.org\/fr\/qui-sommes-nous-caribaea-initiative\/\"},{\"@type\":\"ListItem\",\"position\":3,\"name\":\"Contact\"}]},{\"@type\":\"WebSite\",\"@id\":\"https:\/\/www.caribaea.org\/en\/#website\",\"url\":\"https:\/\/www.caribaea.org\/en\/\",\"name\":\"Caribaea Initiative\",\"description\":\"\",\"potentialAction\":[{\"@type\":\"SearchAction\",\"target\":{\"@type\":\"EntryPoint\",\"urlTemplate\":\"https:\/\/www.caribaea.org\/en\/?s={search_term_string}\"},\"query-input\":{\"@type\":\"PropertyValueSpecification\",\"valueRequired\":true,\"valueName\":\"search_term_string\"}}],\"inLanguage\":\"fr-FR\"}]}<\/script>\n<!-- \/ Yoast SEO plugin. -->","yoast_head_json":{"title":"Contact - Caribaea Initiative","robots":{"index":"index","follow":"follow","max-snippet":"max-snippet:-1","max-image-preview":"max-image-preview:large","max-video-preview":"max-video-preview:-1"},"canonical":"https:\/\/www.caribaea.org\/fr\/qui-sommes-nous-caribaea-initiative\/contact\/","og_locale":"fr_FR","og_type":"article","og_title":"Contact - Caribaea Initiative","og_description":"CARIBAEA INITIATIVE contact[at]caribaea.org Si\u00e8ge social 37, rue Jean Jaur\u00e8s, Le Raizet, 97139 Les Abymes, Guadeloupe administration[at]caribaea.org Antenne d\u00e9localis\u00e9e 40, chemin de l\u2019\u00e9glise, Le Sambuc, 13200 Arles, France Charg\u00e9e de communication Sophie Labaude sophie.labaude[at]caribaea.org N\u2019h\u00e9sitez pas \u00e0 nous contacter en remplissant ce formulaire en nous pr\u00e9cisant votre demande. Nous sommes ouverts \u00e0 discussion pour des perspectives [&hellip;]","og_url":"https:\/\/www.caribaea.org\/fr\/qui-sommes-nous-caribaea-initiative\/contact\/","og_site_name":"Caribaea Initiative","article_modified_time":"2025-05-20T08:20:33+00:00","twitter_card":"summary_large_image","twitter_misc":{"Dur\u00e9e de lecture estim\u00e9e":"1 minute"},"schema":{"@context":"https:\/\/schema.org","@graph":[{"@type":"WebPage","@id":"https:\/\/www.caribaea.org\/fr\/qui-sommes-nous-caribaea-initiative\/contact\/","url":"https:\/\/www.caribaea.org\/fr\/qui-sommes-nous-caribaea-initiative\/contact\/","name":"Contact - Caribaea Initiative","isPartOf":{"@id":"https:\/\/www.caribaea.org\/en\/#website"},"datePublished":"2020-09-08T01:45:00+00:00","dateModified":"2025-05-20T08:20:33+00:00","breadcrumb":{"@id":"https:\/\/www.caribaea.org\/fr\/qui-sommes-nous-caribaea-initiative\/contact\/#breadcrumb"},"inLanguage":"fr-FR","potentialAction":[{"@type":"ReadAction","target":["https:\/\/www.caribaea.org\/fr\/qui-sommes-nous-caribaea-initiative\/contact\/"]}]},{"@type":"BreadcrumbList","@id":"https:\/\/www.caribaea.org\/fr\/qui-sommes-nous-caribaea-initiative\/contact\/#breadcrumb","itemListElement":[{"@type":"ListItem","position":1,"name":"Accueil","item":"https:\/\/www.caribaea.org\/fr\/"},{"@type":"ListItem","position":2,"name":"Qui sommes-nous ?","item":"https:\/\/www.caribaea.org\/fr\/qui-sommes-nous-caribaea-initiative\/"},{"@type":"ListItem","position":3,"name":"Contact"}]},{"@type":"WebSite","@id":"https:\/\/www.caribaea.org\/en\/#website","url":"https:\/\/www.caribaea.org\/en\/","name":"Caribaea Initiative","description":"","potentialAction":[{"@type":"SearchAction","target":{"@type":"EntryPoint","urlTemplate":"https:\/\/www.caribaea.org\/en\/?s={search_term_string}"},"query-input":{"@type":"PropertyValueSpecification","valueRequired":true,"valueName":"search_term_string"}}],"inLanguage":"fr-FR"}]}},"_links":{"self":[{"href":"https:\/\/www.caribaea.org\/fr\/wp-json\/wp\/v2\/pages\/1670","targetHints":{"allow":["GET"]}}],"collection":[{"href":"https:\/\/www.caribaea.org\/fr\/wp-json\/wp\/v2\/pages"}],"about":[{"href":"https:\/\/www.caribaea.org\/fr\/wp-json\/wp\/v2\/types\/page"}],"author":[{"embeddable":true,"href":"https:\/\/www.caribaea.org\/fr\/wp-json\/wp\/v2\/users\/1"}],"replies":[{"embeddable":true,"href":"https:\/\/www.caribaea.org\/fr\/wp-json\/wp\/v2\/comments?post=1670"}],"version-history":[{"count":4,"href":"https:\/\/www.caribaea.org\/fr\/wp-json\/wp\/v2\/pages\/1670\/revisions"}],"predecessor-version":[{"id":11938,"href":"https:\/\/www.caribaea.org\/fr\/wp-json\/wp\/v2\/pages\/1670\/revisions\/11938"}],"up":[{"embeddable":true,"href":"https:\/\/www.caribaea.org\/fr\/wp-json\/wp\/v2\/pages\/1666"}],"wp:attachment":[{"href":"https:\/\/www.caribaea.org\/fr\/wp-json\/wp\/v2\/media?parent=1670"}],"curies":[{"name":"wp","href":"https:\/\/api.w.org\/{rel}","templated":true}]}}