{"id":1865,"date":"2020-09-11T02:03:15","date_gmt":"2020-09-11T00:03:15","guid":{"rendered":"http:\/\/127.0.0.1:8080\/caribaea\/_maquette\/v2\/?page_id=1865"},"modified":"2023-11-27T09:53:59","modified_gmt":"2023-11-27T08:53:59","slug":"devenir-membre","status":"publish","type":"page","link":"https:\/\/www.caribaea.org\/fr\/adhesion-et-dons\/devenir-membre\/","title":{"rendered":"Devenir membre"},"content":{"rendered":"<div id=\"pl-1865\"  class=\"panel-layout\" ><div id=\"pg-1865-0\"  class=\"panel-grid panel-no-style\" ><div id=\"pgc-1865-0-0\"  class=\"panel-grid-cell\" ><div id=\"panel-1865-0-0-0\" class=\"so-panel widget widget_sow-editor panel-first-child panel-last-child\" data-index=\"0\" ><div\n\t\t\t\n\t\t\tclass=\"so-widget-sow-editor so-widget-sow-editor-base\"\n\t\t\t\n\t\t>\n<div class=\"siteorigin-widget-tinymce textwidget\">\n\t<p class=\"lead\">Gr\u00e2ce \u00e0 votre adh\u00e9sion, vous nous aidez \u00e0 d\u00e9velopper la recherche et la formation sup\u00e9rieure sur la biodiversit\u00e9 et la conservation de la faune sauvage dans les Cara\u00efbes.<\/p><\/div>\n<\/div><\/div><\/div><\/div><div id=\"pg-1865-1\"  class=\"panel-grid panel-no-style\" ><div id=\"pgc-1865-1-0\"  class=\"panel-grid-cell\" ><div id=\"panel-1865-1-0-0\" class=\"so-panel widget widget_sow-editor panel-first-child panel-last-child\" data-index=\"1\" ><div\n\t\t\t\n\t\t\tclass=\"so-widget-sow-editor so-widget-sow-editor-base\"\n\t\t\t\n\t\t><h3 class=\"widget-title\">Pourquoi adh\u00e9rer ?<\/h3>\n<div class=\"siteorigin-widget-tinymce textwidget\">\n\t<p>En choisissant d\u2019adh\u00e9rer \u00e0 <strong>Caribaea Initiative<\/strong>, vous devenez un soutien pr\u00e9cieux pour financer les projets de l\u2019association. L\u2019adh\u00e9sion vous permet \u00e9galement de participer aux activit\u00e9s de l\u2019association et de recevoir les informations de mani\u00e8re privil\u00e9gi\u00e9e.<\/p>\n<\/div>\n<\/div><\/div><\/div><\/div><div id=\"pg-1865-2\"  class=\"panel-grid panel-no-style\" ><div id=\"pgc-1865-2-0\"  class=\"panel-grid-cell\" ><div id=\"panel-1865-2-0-0\" class=\"so-panel widget widget_sow-editor panel-first-child\" data-index=\"2\" ><div\n\t\t\t\n\t\t\tclass=\"so-widget-sow-editor so-widget-sow-editor-base\"\n\t\t\t\n\t\t><h3 class=\"widget-title\">Comment adh\u00e9rer ?<\/h3>\n<div class=\"siteorigin-widget-tinymce textwidget\">\n\t<p>Choisissez une de nos formules d\u2019adh\u00e9sion ci-dessous pour acc\u00e9der au formulaire d\u2019inscription (inscription effective sous r\u00e9serve de validation par le bureau de l\u2019association dans un d\u00e9lai de deux mois).<\/p>\n<\/div>\n<\/div><\/div><div id=\"panel-1865-2-0-1\" class=\"so-panel widget widget_sow-editor panel-last-child\" data-index=\"3\" ><div\n\t\t\t\n\t\t\tclass=\"so-widget-sow-editor so-widget-sow-editor-base\"\n\t\t\t\n\t\t>\n<div class=\"siteorigin-widget-tinymce textwidget\">\n\t<style>.ich_level_wrap{}<\/style><div class=\"ich_level_wrap ihc_level_template_8\"><div class=\"ihc-level-item\"><div class=\"ihc-level-item-wrap\"><div class=\"ihc-level-item-top\"><div class=\"ihc-level-item-title\">Cotisation simple<\/div><\/div><div class=\"ihc-level-item-price\">10 \u20ac \/ an<\/div><div class=\"ihc-level-item-content\"><img decoding=\"async\" class=\"size-full wp-image-2521 aligncenter\" src=\"https:\/\/www.caribaea.org\/wp-content\/uploads\/2020\/11\/badge_membre_01.png\" alt=\"\" \/>\r\n<p style=\"text-align: center;\"><strong>Cotisation simple<\/strong><\/p>\r\n\r\n<ul>\r\n \t<li>Newsletter Caribaea Initiative quatre fois par an<\/li>\r\n \t<li>R\u00e9ductions sur le tarif d'inscription aux workshops et autres r\u00e9unions organis\u00e9es par Caribaea Initiative<\/li>\r\n<\/ul><\/div><div class=\"ihc-level-item-bottom\"><div onClick=\"ihcBuyNewLevel('https:\/\/www.caribaea.org\/en\/register\/?lid=4');\" class=\"ihc-level-item-link \" style=\"cursor: pointer;\">S'inscrire<\/div><div class=\"iump-clear\"><\/div><\/div><\/div><\/div><div class=\"ihc-level-item\"><div class=\"ihc-level-item-wrap\"><div class=\"ihc-level-item-top\"><div class=\"ihc-level-item-title\">\u00c9tudiants* \/ Jeunes*<\/div><\/div><div class=\"ihc-level-item-price\">Gratuit<\/div><div class=\"ihc-level-item-content\"><img decoding=\"async\" class=\"size-full wp-image-2521 aligncenter\" src=\"https:\/\/www.caribaea.org\/wp-content\/uploads\/2020\/11\/badge_membre_00.png\" alt=\"\" \/>\r\n<p style=\"text-align: center;\"><strong>\u00c9tudiants* \/ Jeunes*<\/strong><\/p>\r\n\r\n<ul>\r\n \t<li>Newsletter Caribaea Initiative quatre fois par an<\/li>\r\n \t<li>R\u00e9ductions sur le tarif d'inscription aux workshops et autres r\u00e9unions organis\u00e9es par Caribaea Initiative<\/li>\r\n<\/ul><\/div><div class=\"ihc-level-item-bottom\"><div onClick=\"ihcBuyNewLevel('https:\/\/www.caribaea.org\/en\/register\/?lid=5');\" class=\"ihc-level-item-link \" style=\"cursor: pointer;\">S'inscrire<\/div><div class=\"iump-clear\"><\/div><\/div><\/div><\/div><div class=\"ihc-level-item\"><div class=\"ihc-level-item-wrap\"><div class=\"ihc-level-item-top\"><div class=\"ihc-level-item-title\">Cotisation de soutien<\/div><\/div><div class=\"ihc-level-item-price\">30 \u20ac \/ an<\/div><div class=\"ihc-level-item-content\"><img decoding=\"async\" class=\"size-full wp-image-2521 aligncenter\" src=\"https:\/\/www.caribaea.org\/wp-content\/uploads\/2020\/11\/badge_membre_02.png\" alt=\"\" \/>\r\n<p style=\"text-align: center;\"><strong>Cotisation de soutien<\/strong><\/p>\r\n\r\n<ul>\r\n \t<li>Newsletter Caribaea Initiative quatre fois par an<\/li>\r\n \t<li>R\u00e9ductions sur le tarif d'inscription aux workshops et autres r\u00e9unions organis\u00e9es par Caribaea Initiative<\/li>\r\n \t<li>Rapports de Master et de Doctorat des \u00e9tudiants soutenus par Caribaea Initiative<\/li>\r\n<\/ul><\/div><div class=\"ihc-level-item-bottom\"><div onClick=\"ihcBuyNewLevel('https:\/\/www.caribaea.org\/en\/register\/?lid=6');\" class=\"ihc-level-item-link \" style=\"cursor: pointer;\">S'inscrire<\/div><div class=\"iump-clear\"><\/div><\/div><\/div><\/div><div class=\"ihc-level-item\"><div class=\"ihc-level-item-wrap\"><div class=\"ihc-level-item-top\"><div class=\"ihc-level-item-title\">Membres bienfaiteurs<\/div><\/div><div class=\"ihc-level-item-price\">A partir de 150 \u20ac \/ an<\/div><div class=\"ihc-level-item-content\"><img decoding=\"async\" class=\"aligncenter size-full wp-image-2524\" src=\"https:\/\/www.caribaea.org\/wp-content\/uploads\/2020\/11\/badge_membre_03.png\" alt=\"\" \/>\r\n<p style=\"text-align: center;\"><strong>Membres bienfaiteurs<\/strong><\/p>\r\n\r\n<ul>\r\n \t<li>Newsletter Caribaea Initiative quatre fois par an<\/li>\r\n \t<li>R\u00e9ductions sur le tarif d'inscription aux workshops et autres \u00e9v\u00e9nements organis\u00e9es par Caribaea Initiative<\/li>\r\n \t<li>Rapports de Master et de Doctorat des \u00e9tudiants soutenus par Caribaea Initiative<\/li>\r\n<\/ul><\/div><div class=\"ihc-level-item-bottom\"><div onClick=\"ihcBuyNewLevel('https:\/\/www.caribaea.org\/en\/register\/?lid=7');\" class=\"ihc-level-item-link \" style=\"cursor: pointer;\">S'inscrire<\/div><div class=\"iump-clear\"><\/div><\/div><\/div><\/div><div class=\"ihc-level-item\"><div class=\"ihc-level-item-wrap\"><div class=\"ihc-level-item-top\"><div class=\"ihc-level-item-title\">Membres \u00e0 vie<\/div><\/div><div class=\"ihc-level-item-price\">1 500 \u20ac<\/div><div class=\"ihc-level-item-content\"><img decoding=\"async\" class=\"aligncenter size-full wp-image-2525\" src=\"https:\/\/www.caribaea.org\/wp-content\/uploads\/2020\/11\/badge_membre_04.png\" alt=\"\" \/>\r\n\r\n<p style=\"text-align: center;\"><strong>Membres \u00e0 vie<\/strong><\/p>\r\n<ul>\r\n \t<li>Newsletter Caribaea Initiative quatre fois par an<\/li>\r\n \t<li>Acc\u00e8s libre aux workshops et autres r\u00e9unions organis\u00e9es par Caribaea Initiative<\/li>\r\n \t<li>Rapports de Master et de Doctorat des \u00e9tudiants soutenus par Caribaea Initiative<\/li>\r\n \t<li>Votre don sera visible sur notre site web si vous le d\u00e9sirez<\/li>\r\n \t<li>Invitations aux \u00e9v\u00e9nements priv\u00e9s<\/li>\r\n<\/ul><\/div><div class=\"ihc-level-item-bottom\"><div onClick=\"ihcBuyNewLevel('https:\/\/www.caribaea.org\/en\/register\/?lid=8');\" class=\"ihc-level-item-link \" style=\"cursor: pointer;\">S'inscrire<\/div><div class=\"iump-clear\"><\/div><\/div><\/div><\/div><\/div>\n<p><em>* Conditions de gratuit\u00e9 : <\/em><em>\u00eatre \u00e9tudiant (fournir un justificatif de scolarit\u00e9) ou \u00eatre \u00e2g\u00e9 de moins de 18 ans au 1er mai de l'ann\u00e9e en cours (fournir un justificatif d'\u00e2ge)<\/em>.<\/p>\n<\/div>\n<\/div><\/div><\/div><\/div><\/div>","protected":false},"excerpt":{"rendered":"<p>Gr\u00e2ce \u00e0 votre adh\u00e9sion, vous nous aidez \u00e0 d\u00e9velopper la recherche et la formation sup\u00e9rieure sur la biodiversit\u00e9 et la conservation de la faune sauvage dans les Cara\u00efbes. En choisissant d\u2019adh\u00e9rer \u00e0 Caribaea Initiative, vous devenez un soutien pr\u00e9cieux pour financer les projets de l\u2019association. L\u2019adh\u00e9sion vous permet \u00e9galement de participer aux activit\u00e9s de l\u2019association [&hellip;]<\/p>\n","protected":false},"author":1,"featured_media":0,"parent":5203,"menu_order":1,"comment_status":"closed","ping_status":"closed","template":"","meta":{"footnotes":""},"class_list":["post-1865","page","type-page","status-publish","hentry"],"yoast_head":"<!-- This site is optimized with the Yoast SEO plugin v26.6 - https:\/\/yoast.com\/wordpress\/plugins\/seo\/ -->\n<title>Devenir membre - Caribaea Initiative<\/title>\n<meta name=\"robots\" content=\"index, follow, max-snippet:-1, max-image-preview:large, max-video-preview:-1\" \/>\n<link rel=\"canonical\" href=\"https:\/\/www.caribaea.org\/fr\/adhesion-et-dons\/devenir-membre\/\" \/>\n<meta property=\"og:locale\" content=\"fr_FR\" \/>\n<meta property=\"og:type\" content=\"article\" \/>\n<meta property=\"og:title\" content=\"Devenir membre - Caribaea Initiative\" \/>\n<meta property=\"og:description\" content=\"Gr\u00e2ce \u00e0 votre adh\u00e9sion, vous nous aidez \u00e0 d\u00e9velopper la recherche et la formation sup\u00e9rieure sur la biodiversit\u00e9 et la conservation de la faune sauvage dans les Cara\u00efbes. En choisissant d\u2019adh\u00e9rer \u00e0 Caribaea Initiative, vous devenez un soutien pr\u00e9cieux pour financer les projets de l\u2019association. L\u2019adh\u00e9sion vous permet \u00e9galement de participer aux activit\u00e9s de l\u2019association [&hellip;]\" \/>\n<meta property=\"og:url\" content=\"https:\/\/www.caribaea.org\/fr\/adhesion-et-dons\/devenir-membre\/\" \/>\n<meta property=\"og:site_name\" content=\"Caribaea Initiative\" \/>\n<meta property=\"article:modified_time\" content=\"2023-11-27T08:53:59+00:00\" \/>\n<meta name=\"twitter:card\" content=\"summary_large_image\" \/>\n<meta name=\"twitter:label1\" content=\"Dur\u00e9e de lecture estim\u00e9e\" \/>\n\t<meta name=\"twitter:data1\" content=\"1 minute\" \/>\n<script type=\"application\/ld+json\" class=\"yoast-schema-graph\">{\"@context\":\"https:\/\/schema.org\",\"@graph\":[{\"@type\":\"WebPage\",\"@id\":\"https:\/\/www.caribaea.org\/fr\/adhesion-et-dons\/devenir-membre\/\",\"url\":\"https:\/\/www.caribaea.org\/fr\/adhesion-et-dons\/devenir-membre\/\",\"name\":\"Devenir membre - Caribaea Initiative\",\"isPartOf\":{\"@id\":\"https:\/\/www.caribaea.org\/en\/#website\"},\"datePublished\":\"2020-09-11T00:03:15+00:00\",\"dateModified\":\"2023-11-27T08:53:59+00:00\",\"breadcrumb\":{\"@id\":\"https:\/\/www.caribaea.org\/fr\/adhesion-et-dons\/devenir-membre\/#breadcrumb\"},\"inLanguage\":\"fr-FR\",\"potentialAction\":[{\"@type\":\"ReadAction\",\"target\":[\"https:\/\/www.caribaea.org\/fr\/adhesion-et-dons\/devenir-membre\/\"]}]},{\"@type\":\"BreadcrumbList\",\"@id\":\"https:\/\/www.caribaea.org\/fr\/adhesion-et-dons\/devenir-membre\/#breadcrumb\",\"itemListElement\":[{\"@type\":\"ListItem\",\"position\":1,\"name\":\"Accueil\",\"item\":\"https:\/\/www.caribaea.org\/fr\/\"},{\"@type\":\"ListItem\",\"position\":2,\"name\":\"Adh\u00e9sion et dons\",\"item\":\"https:\/\/www.caribaea.org\/fr\/adhesion-et-dons\/\"},{\"@type\":\"ListItem\",\"position\":3,\"name\":\"Devenir membre\"}]},{\"@type\":\"WebSite\",\"@id\":\"https:\/\/www.caribaea.org\/en\/#website\",\"url\":\"https:\/\/www.caribaea.org\/en\/\",\"name\":\"Caribaea Initiative\",\"description\":\"\",\"potentialAction\":[{\"@type\":\"SearchAction\",\"target\":{\"@type\":\"EntryPoint\",\"urlTemplate\":\"https:\/\/www.caribaea.org\/en\/?s={search_term_string}\"},\"query-input\":{\"@type\":\"PropertyValueSpecification\",\"valueRequired\":true,\"valueName\":\"search_term_string\"}}],\"inLanguage\":\"fr-FR\"}]}<\/script>\n<!-- \/ Yoast SEO plugin. -->","yoast_head_json":{"title":"Devenir membre - Caribaea Initiative","robots":{"index":"index","follow":"follow","max-snippet":"max-snippet:-1","max-image-preview":"max-image-preview:large","max-video-preview":"max-video-preview:-1"},"canonical":"https:\/\/www.caribaea.org\/fr\/adhesion-et-dons\/devenir-membre\/","og_locale":"fr_FR","og_type":"article","og_title":"Devenir membre - Caribaea Initiative","og_description":"Gr\u00e2ce \u00e0 votre adh\u00e9sion, vous nous aidez \u00e0 d\u00e9velopper la recherche et la formation sup\u00e9rieure sur la biodiversit\u00e9 et la conservation de la faune sauvage dans les Cara\u00efbes. En choisissant d\u2019adh\u00e9rer \u00e0 Caribaea Initiative, vous devenez un soutien pr\u00e9cieux pour financer les projets de l\u2019association. L\u2019adh\u00e9sion vous permet \u00e9galement de participer aux activit\u00e9s de l\u2019association [&hellip;]","og_url":"https:\/\/www.caribaea.org\/fr\/adhesion-et-dons\/devenir-membre\/","og_site_name":"Caribaea Initiative","article_modified_time":"2023-11-27T08:53:59+00:00","twitter_card":"summary_large_image","twitter_misc":{"Dur\u00e9e de lecture estim\u00e9e":"1 minute"},"schema":{"@context":"https:\/\/schema.org","@graph":[{"@type":"WebPage","@id":"https:\/\/www.caribaea.org\/fr\/adhesion-et-dons\/devenir-membre\/","url":"https:\/\/www.caribaea.org\/fr\/adhesion-et-dons\/devenir-membre\/","name":"Devenir membre - Caribaea Initiative","isPartOf":{"@id":"https:\/\/www.caribaea.org\/en\/#website"},"datePublished":"2020-09-11T00:03:15+00:00","dateModified":"2023-11-27T08:53:59+00:00","breadcrumb":{"@id":"https:\/\/www.caribaea.org\/fr\/adhesion-et-dons\/devenir-membre\/#breadcrumb"},"inLanguage":"fr-FR","potentialAction":[{"@type":"ReadAction","target":["https:\/\/www.caribaea.org\/fr\/adhesion-et-dons\/devenir-membre\/"]}]},{"@type":"BreadcrumbList","@id":"https:\/\/www.caribaea.org\/fr\/adhesion-et-dons\/devenir-membre\/#breadcrumb","itemListElement":[{"@type":"ListItem","position":1,"name":"Accueil","item":"https:\/\/www.caribaea.org\/fr\/"},{"@type":"ListItem","position":2,"name":"Adh\u00e9sion et dons","item":"https:\/\/www.caribaea.org\/fr\/adhesion-et-dons\/"},{"@type":"ListItem","position":3,"name":"Devenir membre"}]},{"@type":"WebSite","@id":"https:\/\/www.caribaea.org\/en\/#website","url":"https:\/\/www.caribaea.org\/en\/","name":"Caribaea Initiative","description":"","potentialAction":[{"@type":"SearchAction","target":{"@type":"EntryPoint","urlTemplate":"https:\/\/www.caribaea.org\/en\/?s={search_term_string}"},"query-input":{"@type":"PropertyValueSpecification","valueRequired":true,"valueName":"search_term_string"}}],"inLanguage":"fr-FR"}]}},"_links":{"self":[{"href":"https:\/\/www.caribaea.org\/fr\/wp-json\/wp\/v2\/pages\/1865","targetHints":{"allow":["GET"]}}],"collection":[{"href":"https:\/\/www.caribaea.org\/fr\/wp-json\/wp\/v2\/pages"}],"about":[{"href":"https:\/\/www.caribaea.org\/fr\/wp-json\/wp\/v2\/types\/page"}],"author":[{"embeddable":true,"href":"https:\/\/www.caribaea.org\/fr\/wp-json\/wp\/v2\/users\/1"}],"replies":[{"embeddable":true,"href":"https:\/\/www.caribaea.org\/fr\/wp-json\/wp\/v2\/comments?post=1865"}],"version-history":[{"count":4,"href":"https:\/\/www.caribaea.org\/fr\/wp-json\/wp\/v2\/pages\/1865\/revisions"}],"predecessor-version":[{"id":9145,"href":"https:\/\/www.caribaea.org\/fr\/wp-json\/wp\/v2\/pages\/1865\/revisions\/9145"}],"up":[{"embeddable":true,"href":"https:\/\/www.caribaea.org\/fr\/wp-json\/wp\/v2\/pages\/5203"}],"wp:attachment":[{"href":"https:\/\/www.caribaea.org\/fr\/wp-json\/wp\/v2\/media?parent=1865"}],"curies":[{"name":"wp","href":"https:\/\/api.w.org\/{rel}","templated":true}]}}