{"id":1871,"date":"2020-09-11T02:08:16","date_gmt":"2020-09-11T00:08:16","guid":{"rendered":"http:\/\/127.0.0.1:8080\/caribaea\/_maquette\/v2\/?page_id=1871"},"modified":"2026-02-05T14:09:30","modified_gmt":"2026-02-05T13:09:30","slug":"faire-un-don","status":"publish","type":"page","link":"https:\/\/www.caribaea.org\/fr\/adhesion-et-dons\/faire-un-don\/","title":{"rendered":"Faire un don"},"content":{"rendered":"<div id=\"pl-1871\"  class=\"panel-layout\" ><div id=\"pg-1871-0\"  class=\"panel-grid panel-has-style\" ><div class=\"siteorigin-panels-stretch panel-row-style panel-row-style-for-1871-0\" data-stretch-type=\"full\" ><div id=\"pgc-1871-0-0\"  class=\"panel-grid-cell\" ><div id=\"panel-1871-0-0-0\" class=\"so-panel widget widget_sow-editor panel-first-child\" data-index=\"0\" ><div\n\t\t\t\n\t\t\tclass=\"so-widget-sow-editor so-widget-sow-editor-base\"\n\t\t\t\n\t\t>\n<div class=\"siteorigin-widget-tinymce textwidget\">\n\t<p class=\"lead\">Ensemble, agissons pour la biodiversit\u00e9 !<\/p>\n<p>L'association <strong>Caribaea Initiative<\/strong> a besoin de vous. Chaque don, m\u00eame symbolique, nous donne les moyens d'agir.<br \/>\nVous pouvez nous soutenir en faisant un don d\u00e9ductible des imp\u00f4ts* par virement bancaire (information ci-dessous) ou via le site HelloAsso.<\/p>\n<p>Caribaea Initiative vous remercie pour votre pr\u00e9cieux soutien.<\/p>\n<\/div>\n<\/div><\/div><div id=\"panel-1871-0-0-1\" class=\"widget_text so-panel widget widget_custom_html\" data-index=\"1\" ><div class=\"textwidget custom-html-widget\"><script src=\"https:\/\/www.paypal.com\/sdk\/js?client-id=BAAwCYKFlacDtE0Fko5ApbDQmJUEsO9reYLo4igFaY5a0EU_1QT5N-5LDZ0Ywcwx_XPe9AJ0tkFNlbYb1E&components=hosted-buttons&disable-funding=venmo&currency=EUR\"><\/script>\n<div id=\"paypal-container-ZZ5WA7RF32Q98\"><\/div>\n<script>\n  paypal.HostedButtons({\n    hostedButtonId: \"ZZ5WA7RF32Q98\",\n  }).render(\"#paypal-container-ZZ5WA7RF32Q98\")\n<\/script><\/div><\/div><div id=\"panel-1871-0-0-2\" class=\"so-panel widget widget_spacer-widget\" data-index=\"2\" ><div\n\t\t\t\n\t\t\tclass=\"so-widget-spacer-widget so-widget-spacer-widget-base\"\n\t\t\t\n\t\t>\n<div class=\"clearfix\" style=\"height:30px\"><\/div><\/div><\/div><div id=\"panel-1871-0-0-3\" class=\"so-panel widget widget_sow-editor\" data-index=\"3\" ><div\n\t\t\t\n\t\t\tclass=\"so-widget-sow-editor so-widget-sow-editor-base\"\n\t\t\t\n\t\t>\n<div class=\"siteorigin-widget-tinymce textwidget\">\n\t<p><strong>Faire un don via HelloAsso :<\/strong><\/p>\n<\/div>\n<\/div><\/div><div id=\"panel-1871-0-0-4\" class=\"so-panel widget widget_sow-button\" data-index=\"4\" ><div\n\t\t\t\n\t\t\tclass=\"so-widget-sow-button so-widget-sow-button-flat-585f44293839-1871\"\n\t\t\t\n\t\t><div class=\"ow-button-base ow-button-align-left\"\n>\n\t\t\t<a\n\t\t\t\t\thref=\"https:\/\/www.helloasso.com\/associations\/caribaea-initiative\/formulaires\/4\/widget\"\n\t\t\t\t\tclass=\"sowb-button ow-icon-placement-left ow-button-hover\" target=\"_blank\" rel=\"noopener noreferrer\" \t>\n\t\t<span>\n\t\t\t\n\t\t\tDONNER VIA HELLOASSO\t\t<\/span>\n\t\t\t<\/a>\n\t<\/div>\n<\/div><\/div><div id=\"panel-1871-0-0-5\" class=\"so-panel widget widget_spacer-widget\" data-index=\"5\" ><div\n\t\t\t\n\t\t\tclass=\"so-widget-spacer-widget so-widget-spacer-widget-base\"\n\t\t\t\n\t\t>\n<div class=\"clearfix\" style=\"height:30px\"><\/div><\/div><\/div><div id=\"panel-1871-0-0-6\" class=\"so-panel widget widget_sow-editor panel-last-child\" data-index=\"6\" ><div\n\t\t\t\n\t\t\tclass=\"so-widget-sow-editor so-widget-sow-editor-base\"\n\t\t\t\n\t\t>\n<div class=\"siteorigin-widget-tinymce textwidget\">\n\t<p><strong>Paiement pas virement bancaire :<\/strong><\/p>\n<p>Les paiements via virement bancaire se font uniquement en euros via le compte suivant :<\/p>\n<p>Nom : ASSOC. CARIBAEA INITIATIVE<br \/>\nIBAN :\u00a0FR76 1130 6000 0048 1050 0111 094<br \/>\nBIC \/ SWIFT :\u00a0AGRIFRPP813<br \/>\nDomiciliation :\u00a0Cr\u00e9dit Agricole Arles Lices<\/p>\n<p>&nbsp;<\/p>\n<p>&nbsp;<\/p>\n<p><strong>Personnes r\u00e9sidant en Suisse :<\/strong> pour faire un don via notre branche suisse <em>Caribaea Initiative \u2013 Suisse<\/em> et b\u00e9n\u00e9ficier d\u2019une r\u00e9duction fiscale en Suisse, <a href=\"https:\/\/www.caribaea.ch\/dons\/\" target=\"_blank\" rel=\"noopener\">merci de vous rendre sur le site d\u00e9di\u00e9<\/a>.<\/p>\n<p>&nbsp;<\/p>\n<p><span style=\"font-size: 13px;\">*Don d\u00e9ductible des imp\u00f4ts pour les personnes dont le foyer fiscal est situ\u00e9 en France.<br \/>\n<\/span><\/p>\n<\/div>\n<\/div><\/div><\/div><\/div><\/div><\/div>","protected":false},"excerpt":{"rendered":"<p>Ensemble, agissons pour la biodiversit\u00e9 ! L&rsquo;association Caribaea Initiative a besoin de vous. Chaque don, m\u00eame symbolique, nous donne les moyens d&rsquo;agir. Vous pouvez nous soutenir en faisant un don d\u00e9ductible des imp\u00f4ts* par virement bancaire (information ci-dessous) ou via le site HelloAsso. Caribaea Initiative vous remercie pour votre pr\u00e9cieux soutien. Faire un don via [&hellip;]<\/p>\n","protected":false},"author":1,"featured_media":0,"parent":5203,"menu_order":10,"comment_status":"closed","ping_status":"closed","template":"","meta":{"footnotes":""},"class_list":["post-1871","page","type-page","status-publish","hentry"],"yoast_head":"<!-- This site is optimized with the Yoast SEO plugin v26.6 - https:\/\/yoast.com\/wordpress\/plugins\/seo\/ -->\n<title>Faire un don - Caribaea Initiative<\/title>\n<meta name=\"robots\" content=\"index, follow, max-snippet:-1, max-image-preview:large, max-video-preview:-1\" \/>\n<link rel=\"canonical\" href=\"https:\/\/www.caribaea.org\/fr\/adhesion-et-dons\/faire-un-don\/\" \/>\n<meta property=\"og:locale\" content=\"fr_FR\" \/>\n<meta property=\"og:type\" content=\"article\" \/>\n<meta property=\"og:title\" content=\"Faire un don - Caribaea Initiative\" \/>\n<meta property=\"og:description\" content=\"Ensemble, agissons pour la biodiversit\u00e9 ! L&#039;association Caribaea Initiative a besoin de vous. Chaque don, m\u00eame symbolique, nous donne les moyens d&#039;agir. Vous pouvez nous soutenir en faisant un don d\u00e9ductible des imp\u00f4ts* par virement bancaire (information ci-dessous) ou via le site HelloAsso. Caribaea Initiative vous remercie pour votre pr\u00e9cieux soutien. Faire un don via [&hellip;]\" \/>\n<meta property=\"og:url\" content=\"https:\/\/www.caribaea.org\/fr\/adhesion-et-dons\/faire-un-don\/\" \/>\n<meta property=\"og:site_name\" content=\"Caribaea Initiative\" \/>\n<meta property=\"article:modified_time\" content=\"2026-02-05T13:09:30+00:00\" \/>\n<meta name=\"twitter:card\" content=\"summary_large_image\" \/>\n<meta name=\"twitter:label1\" content=\"Dur\u00e9e de lecture estim\u00e9e\" \/>\n\t<meta name=\"twitter:data1\" content=\"1 minute\" \/>\n<script type=\"application\/ld+json\" class=\"yoast-schema-graph\">{\"@context\":\"https:\/\/schema.org\",\"@graph\":[{\"@type\":\"WebPage\",\"@id\":\"https:\/\/www.caribaea.org\/fr\/adhesion-et-dons\/faire-un-don\/\",\"url\":\"https:\/\/www.caribaea.org\/fr\/adhesion-et-dons\/faire-un-don\/\",\"name\":\"Faire un don - Caribaea Initiative\",\"isPartOf\":{\"@id\":\"https:\/\/www.caribaea.org\/en\/#website\"},\"datePublished\":\"2020-09-11T00:08:16+00:00\",\"dateModified\":\"2026-02-05T13:09:30+00:00\",\"breadcrumb\":{\"@id\":\"https:\/\/www.caribaea.org\/fr\/adhesion-et-dons\/faire-un-don\/#breadcrumb\"},\"inLanguage\":\"fr-FR\",\"potentialAction\":[{\"@type\":\"ReadAction\",\"target\":[\"https:\/\/www.caribaea.org\/fr\/adhesion-et-dons\/faire-un-don\/\"]}]},{\"@type\":\"BreadcrumbList\",\"@id\":\"https:\/\/www.caribaea.org\/fr\/adhesion-et-dons\/faire-un-don\/#breadcrumb\",\"itemListElement\":[{\"@type\":\"ListItem\",\"position\":1,\"name\":\"Accueil\",\"item\":\"https:\/\/www.caribaea.org\/fr\/\"},{\"@type\":\"ListItem\",\"position\":2,\"name\":\"Adh\u00e9sion et dons\",\"item\":\"https:\/\/www.caribaea.org\/fr\/adhesion-et-dons\/\"},{\"@type\":\"ListItem\",\"position\":3,\"name\":\"Faire un don\"}]},{\"@type\":\"WebSite\",\"@id\":\"https:\/\/www.caribaea.org\/en\/#website\",\"url\":\"https:\/\/www.caribaea.org\/en\/\",\"name\":\"Caribaea Initiative\",\"description\":\"\",\"potentialAction\":[{\"@type\":\"SearchAction\",\"target\":{\"@type\":\"EntryPoint\",\"urlTemplate\":\"https:\/\/www.caribaea.org\/en\/?s={search_term_string}\"},\"query-input\":{\"@type\":\"PropertyValueSpecification\",\"valueRequired\":true,\"valueName\":\"search_term_string\"}}],\"inLanguage\":\"fr-FR\"}]}<\/script>\n<!-- \/ Yoast SEO plugin. -->","yoast_head_json":{"title":"Faire un don - Caribaea Initiative","robots":{"index":"index","follow":"follow","max-snippet":"max-snippet:-1","max-image-preview":"max-image-preview:large","max-video-preview":"max-video-preview:-1"},"canonical":"https:\/\/www.caribaea.org\/fr\/adhesion-et-dons\/faire-un-don\/","og_locale":"fr_FR","og_type":"article","og_title":"Faire un don - Caribaea Initiative","og_description":"Ensemble, agissons pour la biodiversit\u00e9 ! L'association Caribaea Initiative a besoin de vous. Chaque don, m\u00eame symbolique, nous donne les moyens d'agir. Vous pouvez nous soutenir en faisant un don d\u00e9ductible des imp\u00f4ts* par virement bancaire (information ci-dessous) ou via le site HelloAsso. Caribaea Initiative vous remercie pour votre pr\u00e9cieux soutien. Faire un don via [&hellip;]","og_url":"https:\/\/www.caribaea.org\/fr\/adhesion-et-dons\/faire-un-don\/","og_site_name":"Caribaea Initiative","article_modified_time":"2026-02-05T13:09:30+00:00","twitter_card":"summary_large_image","twitter_misc":{"Dur\u00e9e de lecture estim\u00e9e":"1 minute"},"schema":{"@context":"https:\/\/schema.org","@graph":[{"@type":"WebPage","@id":"https:\/\/www.caribaea.org\/fr\/adhesion-et-dons\/faire-un-don\/","url":"https:\/\/www.caribaea.org\/fr\/adhesion-et-dons\/faire-un-don\/","name":"Faire un don - Caribaea Initiative","isPartOf":{"@id":"https:\/\/www.caribaea.org\/en\/#website"},"datePublished":"2020-09-11T00:08:16+00:00","dateModified":"2026-02-05T13:09:30+00:00","breadcrumb":{"@id":"https:\/\/www.caribaea.org\/fr\/adhesion-et-dons\/faire-un-don\/#breadcrumb"},"inLanguage":"fr-FR","potentialAction":[{"@type":"ReadAction","target":["https:\/\/www.caribaea.org\/fr\/adhesion-et-dons\/faire-un-don\/"]}]},{"@type":"BreadcrumbList","@id":"https:\/\/www.caribaea.org\/fr\/adhesion-et-dons\/faire-un-don\/#breadcrumb","itemListElement":[{"@type":"ListItem","position":1,"name":"Accueil","item":"https:\/\/www.caribaea.org\/fr\/"},{"@type":"ListItem","position":2,"name":"Adh\u00e9sion et dons","item":"https:\/\/www.caribaea.org\/fr\/adhesion-et-dons\/"},{"@type":"ListItem","position":3,"name":"Faire un don"}]},{"@type":"WebSite","@id":"https:\/\/www.caribaea.org\/en\/#website","url":"https:\/\/www.caribaea.org\/en\/","name":"Caribaea Initiative","description":"","potentialAction":[{"@type":"SearchAction","target":{"@type":"EntryPoint","urlTemplate":"https:\/\/www.caribaea.org\/en\/?s={search_term_string}"},"query-input":{"@type":"PropertyValueSpecification","valueRequired":true,"valueName":"search_term_string"}}],"inLanguage":"fr-FR"}]}},"_links":{"self":[{"href":"https:\/\/www.caribaea.org\/fr\/wp-json\/wp\/v2\/pages\/1871","targetHints":{"allow":["GET"]}}],"collection":[{"href":"https:\/\/www.caribaea.org\/fr\/wp-json\/wp\/v2\/pages"}],"about":[{"href":"https:\/\/www.caribaea.org\/fr\/wp-json\/wp\/v2\/types\/page"}],"author":[{"embeddable":true,"href":"https:\/\/www.caribaea.org\/fr\/wp-json\/wp\/v2\/users\/1"}],"replies":[{"embeddable":true,"href":"https:\/\/www.caribaea.org\/fr\/wp-json\/wp\/v2\/comments?post=1871"}],"version-history":[{"count":5,"href":"https:\/\/www.caribaea.org\/fr\/wp-json\/wp\/v2\/pages\/1871\/revisions"}],"predecessor-version":[{"id":12906,"href":"https:\/\/www.caribaea.org\/fr\/wp-json\/wp\/v2\/pages\/1871\/revisions\/12906"}],"up":[{"embeddable":true,"href":"https:\/\/www.caribaea.org\/fr\/wp-json\/wp\/v2\/pages\/5203"}],"wp:attachment":[{"href":"https:\/\/www.caribaea.org\/fr\/wp-json\/wp\/v2\/media?parent=1871"}],"curies":[{"name":"wp","href":"https:\/\/api.w.org\/{rel}","templated":true}]}}