{"id":1910,"date":"2020-09-11T04:54:07","date_gmt":"2020-09-11T02:54:07","guid":{"rendered":"http:\/\/127.0.0.1:8080\/caribaea\/_maquette\/v2\/?page_id=1910"},"modified":"2022-08-23T16:44:33","modified_gmt":"2022-08-23T14:44:33","slug":"caribaea-campus","status":"publish","type":"page","link":"https:\/\/www.caribaea.org\/fr\/communication\/caribaea-campus\/","title":{"rendered":"Caribaea Campus"},"content":{"rendered":"<div id=\"pl-1910\"  class=\"panel-layout\" ><div id=\"pg-1910-0\"  class=\"panel-grid panel-no-style\" ><div id=\"pgc-1910-0-0\"  class=\"panel-grid-cell\" ><div id=\"panel-1910-0-0-0\" class=\"so-panel widget widget_sow-editor panel-first-child panel-last-child\" data-index=\"0\" ><div\n\t\t\t\n\t\t\tclass=\"so-widget-sow-editor so-widget-sow-editor-base\"\n\t\t\t\n\t\t>\n<div class=\"siteorigin-widget-tinymce textwidget\">\n\t<p><strong><em>Caribaea Campus<\/em><\/strong> est un r\u00e9seau port\u00e9 par Caribaea Initiative au niveau local, en particulier en Guadeloupe (Caribaea Campus Gwadloup) et \u00e0 Cuba (Caribaea Campus Cuba).<\/p>\n<p><img loading=\"lazy\" decoding=\"async\" class=\"aligncenter wp-image-6481 size-large\" src=\"https:\/\/www.caribaea.org\/wp-content\/uploads\/2022\/03\/Caribaea_Campus-1024x296.png\" alt=\"\" width=\"680\" height=\"197\" srcset=\"https:\/\/www.caribaea.org\/wp-content\/uploads\/2022\/03\/Caribaea_Campus-1024x296.png 1024w, https:\/\/www.caribaea.org\/wp-content\/uploads\/2022\/03\/Caribaea_Campus-300x87.png 300w, https:\/\/www.caribaea.org\/wp-content\/uploads\/2022\/03\/Caribaea_Campus-768x222.png 768w, https:\/\/www.caribaea.org\/wp-content\/uploads\/2022\/03\/Caribaea_Campus-1536x444.png 1536w, https:\/\/www.caribaea.org\/wp-content\/uploads\/2022\/03\/Caribaea_Campus-2048x591.png 2048w, https:\/\/www.caribaea.org\/wp-content\/uploads\/2022\/03\/Caribaea_Campus-958x277.png 958w\" sizes=\"auto, (max-width: 680px) 100vw, 680px\" \/><\/p>\n<p style=\"text-align: left;\">Le but du r\u00e9seau est de sensibiliser les \u00e9tudiants carib\u00e9ens \u00e0 la protection de l'environnement et \u00e0 la conservation de la biodiversit\u00e9, de les aider dans la recherche de stages et de mieux les informer sur les carri\u00e8res qui s'offrent \u00e0 eux dans le domaine de la conservation. Il \u0153uvre ainsi en faveur de la pr\u00e9servation du patrimoine naturel et de la biodiversit\u00e9 au sein de la Cara\u00efbe insulaire au travers de l\u2019\u00e9ducation et du d\u00e9veloppement des connaissances naturalistes et scientifiques et en favorisant la communication et les collaborations entre jeunes universitaires carib\u00e9ens partageant les m\u00eames int\u00e9r\u00eats.<\/p>\n<p>En Guadeloupe, l\u2019association compte d\u00e9j\u00e0 une douzaine d\u2019\u00e9tudiants adh\u00e9rents, inscrits \u00e0 l\u2019Universit\u00e9 des Antilles dans un cursus de biologie allant de la premi\u00e8re ann\u00e9e de licence \u00e0 la deuxi\u00e8me ann\u00e9e de master. Ces \u00e9tudiants pourront b\u00e9n\u00e9ficier de diff\u00e9rentes actions visant notamment \u00e0 am\u00e9liorer la diffusion des connaissances relatives \u00e0 la biodiversit\u00e9 et la gestion des populations animales dans la Cara\u00efbe insulaire. Ces actions concernent l\u2019organisation de sorties, ateliers et s\u00e9minaires naturalistes et scientifiques, l\u2019assistance aux \u00e9tudiants dans leur recherche de stage en \u00e9cologie et en biologie de la conservation et dans la conception de leurs projets scientifiques ou naturalistes, un soutien pour leur participation \u00e0 des colloques ou congr\u00e8s nationaux et r\u00e9gionaux, ou encore la sensibilisation d\u2019\u00e9l\u00e8ves du second degr\u00e9 via des forums, des salons, ou directement au sein des \u00e9tablissements scolaire<\/p>\n<p>&nbsp;<\/p>\n<p><strong><img loading=\"lazy\" decoding=\"async\" width=\"300\" height=\"225\" class=\"size-medium wp-image-6920 alignright\" src=\"https:\/\/www.caribaea.org\/wp-content\/uploads\/2022\/08\/Caribaea_Campus-300x225.jpg\" alt=\"\" srcset=\"https:\/\/www.caribaea.org\/wp-content\/uploads\/2022\/08\/Caribaea_Campus-300x225.jpg 300w, https:\/\/www.caribaea.org\/wp-content\/uploads\/2022\/08\/Caribaea_Campus-768x576.jpg 768w, https:\/\/www.caribaea.org\/wp-content\/uploads\/2022\/08\/Caribaea_Campus-800x600.jpg 800w, https:\/\/www.caribaea.org\/wp-content\/uploads\/2022\/08\/Caribaea_Campus.jpg 921w\" sizes=\"auto, (max-width: 300px) 100vw, 300px\" \/>\u00c9v\u00e8nements \u00e0 venir :<\/strong><\/p>\n<ul>\n<li>Pr\u00e9sentation des travaux de doctorat d\u2019Annabelle Vidal<\/li>\n<li>Pr\u00e9sentation des travaux de doctorat de Jeffey Paul Mackenzy<\/li>\n<li>S\u00e9minaire de pr\u00e9sentation du projet MERCI sur les esp\u00e8ces de reptiles exot<a href=\"https:\/\/www.caribaea.org\/fr\/projet-prospoverg-en-guadeloupe-des-oiseaux-et-des-mammiferes-sous-haute-surveillance\/\">i<\/a>ques invasives<\/li>\n<\/ul>\n<p>&nbsp;<\/p>\n<p><strong>\u00c9v\u00e8nements pass\u00e9s :<\/strong><\/p>\n<ul>\n<li>Sortie naturaliste en for\u00eat s\u00e8che sur les techniques de suivi des oiseaux en Guadeloupe (<a href=\"https:\/\/www.caribaea.org\/fr\/les-etudiants-de-caribaea-campus-a-la-rencontre-du-monde-de-lornithologie\/\">en savoir plus<\/a>)<\/li>\n<li>Sortie naturaliste ornithologique en for\u00eat tropicale humide, avec l'observation du Pic de Guadeloupe, unique oiseau end\u00e9mique de l'\u00eele<\/li>\n<li>Participation au relev\u00e9 de pi\u00e8ges photos et audios dans le cadre d'un projet de recherche (<a href=\"https:\/\/www.caribaea.org\/fr\/projet-prospoverg-en-guadeloupe-des-oiseaux-et-des-mammiferes-sous-haute-surveillance\/\">en savoir plus<\/a>)<\/li>\n<\/ul>\n<\/div>\n<\/div><\/div><\/div><\/div><\/div>","protected":false},"excerpt":{"rendered":"<p>Caribaea Campus est un r\u00e9seau port\u00e9 par Caribaea Initiative au niveau local, en particulier en Guadeloupe (Caribaea Campus Gwadloup) et \u00e0 Cuba (Caribaea Campus Cuba). Le but du r\u00e9seau est de sensibiliser les \u00e9tudiants carib\u00e9ens \u00e0 la protection de l&rsquo;environnement et \u00e0 la conservation de la biodiversit\u00e9, de les aider dans la recherche de stages [&hellip;]<\/p>\n","protected":false},"author":1,"featured_media":0,"parent":5201,"menu_order":2,"comment_status":"closed","ping_status":"closed","template":"","meta":{"footnotes":""},"class_list":["post-1910","page","type-page","status-publish","hentry"],"yoast_head":"<!-- This site is optimized with the Yoast SEO plugin v26.6 - https:\/\/yoast.com\/wordpress\/plugins\/seo\/ -->\n<title>Caribaea Campus - Caribaea Initiative<\/title>\n<meta name=\"robots\" content=\"index, follow, max-snippet:-1, max-image-preview:large, max-video-preview:-1\" \/>\n<link rel=\"canonical\" href=\"https:\/\/www.caribaea.org\/fr\/communication\/caribaea-campus\/\" \/>\n<meta property=\"og:locale\" content=\"fr_FR\" \/>\n<meta property=\"og:type\" content=\"article\" \/>\n<meta property=\"og:title\" content=\"Caribaea Campus - Caribaea Initiative\" \/>\n<meta property=\"og:description\" content=\"Caribaea Campus est un r\u00e9seau port\u00e9 par Caribaea Initiative au niveau local, en particulier en Guadeloupe (Caribaea Campus Gwadloup) et \u00e0 Cuba (Caribaea Campus Cuba). Le but du r\u00e9seau est de sensibiliser les \u00e9tudiants carib\u00e9ens \u00e0 la protection de l&#039;environnement et \u00e0 la conservation de la biodiversit\u00e9, de les aider dans la recherche de stages [&hellip;]\" \/>\n<meta property=\"og:url\" content=\"https:\/\/www.caribaea.org\/fr\/communication\/caribaea-campus\/\" \/>\n<meta property=\"og:site_name\" content=\"Caribaea Initiative\" \/>\n<meta property=\"article:modified_time\" content=\"2022-08-23T14:44:33+00:00\" \/>\n<meta property=\"og:image\" content=\"https:\/\/www.caribaea.org\/wp-content\/uploads\/2022\/03\/Caribaea_Campus.png\" \/>\n\t<meta property=\"og:image:width\" content=\"6192\" \/>\n\t<meta property=\"og:image:height\" content=\"1788\" \/>\n\t<meta property=\"og:image:type\" content=\"image\/png\" \/>\n<meta name=\"twitter:card\" content=\"summary_large_image\" \/>\n<meta name=\"twitter:label1\" content=\"Dur\u00e9e de lecture estim\u00e9e\" \/>\n\t<meta name=\"twitter:data1\" content=\"2 minutes\" \/>\n<script type=\"application\/ld+json\" class=\"yoast-schema-graph\">{\"@context\":\"https:\/\/schema.org\",\"@graph\":[{\"@type\":\"WebPage\",\"@id\":\"https:\/\/www.caribaea.org\/fr\/communication\/caribaea-campus\/\",\"url\":\"https:\/\/www.caribaea.org\/fr\/communication\/caribaea-campus\/\",\"name\":\"Caribaea Campus - Caribaea Initiative\",\"isPartOf\":{\"@id\":\"https:\/\/www.caribaea.org\/en\/#website\"},\"primaryImageOfPage\":{\"@id\":\"https:\/\/www.caribaea.org\/fr\/communication\/caribaea-campus\/#primaryimage\"},\"image\":{\"@id\":\"https:\/\/www.caribaea.org\/fr\/communication\/caribaea-campus\/#primaryimage\"},\"thumbnailUrl\":\"https:\/\/www.caribaea.org\/wp-content\/uploads\/2022\/03\/Caribaea_Campus-1024x296.png\",\"datePublished\":\"2020-09-11T02:54:07+00:00\",\"dateModified\":\"2022-08-23T14:44:33+00:00\",\"breadcrumb\":{\"@id\":\"https:\/\/www.caribaea.org\/fr\/communication\/caribaea-campus\/#breadcrumb\"},\"inLanguage\":\"fr-FR\",\"potentialAction\":[{\"@type\":\"ReadAction\",\"target\":[\"https:\/\/www.caribaea.org\/fr\/communication\/caribaea-campus\/\"]}]},{\"@type\":\"ImageObject\",\"inLanguage\":\"fr-FR\",\"@id\":\"https:\/\/www.caribaea.org\/fr\/communication\/caribaea-campus\/#primaryimage\",\"url\":\"https:\/\/www.caribaea.org\/wp-content\/uploads\/2022\/03\/Caribaea_Campus-1024x296.png\",\"contentUrl\":\"https:\/\/www.caribaea.org\/wp-content\/uploads\/2022\/03\/Caribaea_Campus-1024x296.png\"},{\"@type\":\"BreadcrumbList\",\"@id\":\"https:\/\/www.caribaea.org\/fr\/communication\/caribaea-campus\/#breadcrumb\",\"itemListElement\":[{\"@type\":\"ListItem\",\"position\":1,\"name\":\"Accueil\",\"item\":\"https:\/\/www.caribaea.org\/fr\/\"},{\"@type\":\"ListItem\",\"position\":2,\"name\":\"Communication\",\"item\":\"https:\/\/www.caribaea.org\/fr\/communication\/\"},{\"@type\":\"ListItem\",\"position\":3,\"name\":\"Caribaea Campus\"}]},{\"@type\":\"WebSite\",\"@id\":\"https:\/\/www.caribaea.org\/en\/#website\",\"url\":\"https:\/\/www.caribaea.org\/en\/\",\"name\":\"Caribaea Initiative\",\"description\":\"\",\"potentialAction\":[{\"@type\":\"SearchAction\",\"target\":{\"@type\":\"EntryPoint\",\"urlTemplate\":\"https:\/\/www.caribaea.org\/en\/?s={search_term_string}\"},\"query-input\":{\"@type\":\"PropertyValueSpecification\",\"valueRequired\":true,\"valueName\":\"search_term_string\"}}],\"inLanguage\":\"fr-FR\"}]}<\/script>\n<!-- \/ Yoast SEO plugin. -->","yoast_head_json":{"title":"Caribaea Campus - Caribaea Initiative","robots":{"index":"index","follow":"follow","max-snippet":"max-snippet:-1","max-image-preview":"max-image-preview:large","max-video-preview":"max-video-preview:-1"},"canonical":"https:\/\/www.caribaea.org\/fr\/communication\/caribaea-campus\/","og_locale":"fr_FR","og_type":"article","og_title":"Caribaea Campus - Caribaea Initiative","og_description":"Caribaea Campus est un r\u00e9seau port\u00e9 par Caribaea Initiative au niveau local, en particulier en Guadeloupe (Caribaea Campus Gwadloup) et \u00e0 Cuba (Caribaea Campus Cuba). Le but du r\u00e9seau est de sensibiliser les \u00e9tudiants carib\u00e9ens \u00e0 la protection de l'environnement et \u00e0 la conservation de la biodiversit\u00e9, de les aider dans la recherche de stages [&hellip;]","og_url":"https:\/\/www.caribaea.org\/fr\/communication\/caribaea-campus\/","og_site_name":"Caribaea Initiative","article_modified_time":"2022-08-23T14:44:33+00:00","og_image":[{"width":6192,"height":1788,"url":"https:\/\/www.caribaea.org\/wp-content\/uploads\/2022\/03\/Caribaea_Campus.png","type":"image\/png"}],"twitter_card":"summary_large_image","twitter_misc":{"Dur\u00e9e de lecture estim\u00e9e":"2 minutes"},"schema":{"@context":"https:\/\/schema.org","@graph":[{"@type":"WebPage","@id":"https:\/\/www.caribaea.org\/fr\/communication\/caribaea-campus\/","url":"https:\/\/www.caribaea.org\/fr\/communication\/caribaea-campus\/","name":"Caribaea Campus - Caribaea Initiative","isPartOf":{"@id":"https:\/\/www.caribaea.org\/en\/#website"},"primaryImageOfPage":{"@id":"https:\/\/www.caribaea.org\/fr\/communication\/caribaea-campus\/#primaryimage"},"image":{"@id":"https:\/\/www.caribaea.org\/fr\/communication\/caribaea-campus\/#primaryimage"},"thumbnailUrl":"https:\/\/www.caribaea.org\/wp-content\/uploads\/2022\/03\/Caribaea_Campus-1024x296.png","datePublished":"2020-09-11T02:54:07+00:00","dateModified":"2022-08-23T14:44:33+00:00","breadcrumb":{"@id":"https:\/\/www.caribaea.org\/fr\/communication\/caribaea-campus\/#breadcrumb"},"inLanguage":"fr-FR","potentialAction":[{"@type":"ReadAction","target":["https:\/\/www.caribaea.org\/fr\/communication\/caribaea-campus\/"]}]},{"@type":"ImageObject","inLanguage":"fr-FR","@id":"https:\/\/www.caribaea.org\/fr\/communication\/caribaea-campus\/#primaryimage","url":"https:\/\/www.caribaea.org\/wp-content\/uploads\/2022\/03\/Caribaea_Campus-1024x296.png","contentUrl":"https:\/\/www.caribaea.org\/wp-content\/uploads\/2022\/03\/Caribaea_Campus-1024x296.png"},{"@type":"BreadcrumbList","@id":"https:\/\/www.caribaea.org\/fr\/communication\/caribaea-campus\/#breadcrumb","itemListElement":[{"@type":"ListItem","position":1,"name":"Accueil","item":"https:\/\/www.caribaea.org\/fr\/"},{"@type":"ListItem","position":2,"name":"Communication","item":"https:\/\/www.caribaea.org\/fr\/communication\/"},{"@type":"ListItem","position":3,"name":"Caribaea Campus"}]},{"@type":"WebSite","@id":"https:\/\/www.caribaea.org\/en\/#website","url":"https:\/\/www.caribaea.org\/en\/","name":"Caribaea Initiative","description":"","potentialAction":[{"@type":"SearchAction","target":{"@type":"EntryPoint","urlTemplate":"https:\/\/www.caribaea.org\/en\/?s={search_term_string}"},"query-input":{"@type":"PropertyValueSpecification","valueRequired":true,"valueName":"search_term_string"}}],"inLanguage":"fr-FR"}]}},"_links":{"self":[{"href":"https:\/\/www.caribaea.org\/fr\/wp-json\/wp\/v2\/pages\/1910","targetHints":{"allow":["GET"]}}],"collection":[{"href":"https:\/\/www.caribaea.org\/fr\/wp-json\/wp\/v2\/pages"}],"about":[{"href":"https:\/\/www.caribaea.org\/fr\/wp-json\/wp\/v2\/types\/page"}],"author":[{"embeddable":true,"href":"https:\/\/www.caribaea.org\/fr\/wp-json\/wp\/v2\/users\/1"}],"replies":[{"embeddable":true,"href":"https:\/\/www.caribaea.org\/fr\/wp-json\/wp\/v2\/comments?post=1910"}],"version-history":[{"count":4,"href":"https:\/\/www.caribaea.org\/fr\/wp-json\/wp\/v2\/pages\/1910\/revisions"}],"predecessor-version":[{"id":6923,"href":"https:\/\/www.caribaea.org\/fr\/wp-json\/wp\/v2\/pages\/1910\/revisions\/6923"}],"up":[{"embeddable":true,"href":"https:\/\/www.caribaea.org\/fr\/wp-json\/wp\/v2\/pages\/5201"}],"wp:attachment":[{"href":"https:\/\/www.caribaea.org\/fr\/wp-json\/wp\/v2\/media?parent=1910"}],"curies":[{"name":"wp","href":"https:\/\/api.w.org\/{rel}","templated":true}]}}