{"id":1916,"date":"2020-09-11T04:58:15","date_gmt":"2020-09-11T02:58:15","guid":{"rendered":"http:\/\/127.0.0.1:8080\/caribaea\/_maquette\/v2\/?page_id=1916"},"modified":"2023-07-02T15:45:56","modified_gmt":"2023-07-02T13:45:56","slug":"expositions","status":"publish","type":"page","link":"https:\/\/www.caribaea.org\/fr\/communication\/expositions\/","title":{"rendered":"Expositions"},"content":{"rendered":"<div id=\"pl-1916\"  class=\"panel-layout\" ><div id=\"pg-1916-0\"  class=\"panel-grid panel-no-style\" ><div id=\"pgc-1916-0-0\"  class=\"panel-grid-cell\" ><div id=\"panel-1916-0-0-0\" class=\"so-panel widget widget_sow-editor panel-first-child panel-last-child\" data-index=\"0\" ><div\n\t\t\t\n\t\t\tclass=\"so-widget-sow-editor so-widget-sow-editor-base\"\n\t\t\t\n\t\t>\n<div class=\"siteorigin-widget-tinymce textwidget\">\n\t<p class=\"lead\">Nous contribuons \u00e0 faire connaitre la biodiversit\u00e9 de la Cara\u00efbe insulaire \u00e0 travers des expositions ouvertes au grand public.<\/p>\n<p><strong>Jungles et oiseaux d\u2019Am\u00e9rique tropicale<\/strong><\/p>\n<p>Lors du Festival de la Camargue qui s\u2019est tenu du 17 au 21 mai 2023, des reproductions des \u0153uvres du peintre Alain Thomas ont \u00e9t\u00e9 expos\u00e9es au public, sur la th\u00e9matique des oiseaux tropicaux. A la fois po\u00e9tiques et pr\u00e9cises sur le plan naturaliste, les peintures montrent une biodiversit\u00e9 riche et fragile. Caribaea Initiative a eu le plaisir d\u2019\u00eatre associ\u00e9 \u00e0 cette exposition.<\/p>\n<p><strong>Solo en Cuba<\/strong><br \/>\nCette exposition, pr\u00e9sent\u00e9e dans l'enceinte du Parc de Lunaret \u00e0 Montpellier du 10 juillet au 29 septembre 2019, a \u00e9t\u00e9 r\u00e9alis\u00e9e en partenariat \u00e9troit avec la Soci\u00e9t\u00e9 Zoologique Cubaine. Grace au concours de nombreux photographes et naturalistes cubains, elle a permis de pr\u00e9senter au public fran\u00e7ais la diversit\u00e9 faunistique exceptionnelle de la plus grande \u00eele de la Cara\u00efbe.<\/p>\n<p><strong>La vie sauvage au Macaya (Ha\u00efti)<\/strong><br \/>\nPr\u00e9sent\u00e9e au Parc de Lunaret \u00e0 Montpellier du 11 avril au 27 juin 2018, cette exposition offrait l\u2019occasion au public de d\u00e9couvrir en images l\u2019incroyable biodiversit\u00e9 du Parc de Macaya, un des points chauds de la biodiversit\u00e9 mondiale.<\/p>\n<\/div>\n<\/div><\/div><\/div><\/div><\/div>","protected":false},"excerpt":{"rendered":"<p>Nous contribuons \u00e0 faire connaitre la biodiversit\u00e9 de la Cara\u00efbe insulaire \u00e0 travers des expositions ouvertes au grand public. Jungles et oiseaux d\u2019Am\u00e9rique tropicale Lors du Festival de la Camargue qui s\u2019est tenu du 17 au 21 mai 2023, des reproductions des \u0153uvres du peintre Alain Thomas ont \u00e9t\u00e9 expos\u00e9es au public, sur la th\u00e9matique [&hellip;]<\/p>\n","protected":false},"author":1,"featured_media":0,"parent":5201,"menu_order":5,"comment_status":"closed","ping_status":"closed","template":"","meta":{"footnotes":""},"class_list":["post-1916","page","type-page","status-publish","hentry"],"yoast_head":"<!-- This site is optimized with the Yoast SEO plugin v26.6 - https:\/\/yoast.com\/wordpress\/plugins\/seo\/ -->\n<title>Expositions - Caribaea Initiative<\/title>\n<meta name=\"robots\" content=\"index, follow, max-snippet:-1, max-image-preview:large, max-video-preview:-1\" \/>\n<link rel=\"canonical\" href=\"https:\/\/www.caribaea.org\/fr\/communication\/expositions\/\" \/>\n<meta property=\"og:locale\" content=\"fr_FR\" \/>\n<meta property=\"og:type\" content=\"article\" \/>\n<meta property=\"og:title\" content=\"Expositions - Caribaea Initiative\" \/>\n<meta property=\"og:description\" content=\"Nous contribuons \u00e0 faire connaitre la biodiversit\u00e9 de la Cara\u00efbe insulaire \u00e0 travers des expositions ouvertes au grand public. Jungles et oiseaux d\u2019Am\u00e9rique tropicale Lors du Festival de la Camargue qui s\u2019est tenu du 17 au 21 mai 2023, des reproductions des \u0153uvres du peintre Alain Thomas ont \u00e9t\u00e9 expos\u00e9es au public, sur la th\u00e9matique [&hellip;]\" \/>\n<meta property=\"og:url\" content=\"https:\/\/www.caribaea.org\/fr\/communication\/expositions\/\" \/>\n<meta property=\"og:site_name\" content=\"Caribaea Initiative\" \/>\n<meta property=\"article:modified_time\" content=\"2023-07-02T13:45:56+00:00\" \/>\n<meta name=\"twitter:card\" content=\"summary_large_image\" \/>\n<meta name=\"twitter:label1\" content=\"Dur\u00e9e de lecture estim\u00e9e\" \/>\n\t<meta name=\"twitter:data1\" content=\"1 minute\" \/>\n<script type=\"application\/ld+json\" class=\"yoast-schema-graph\">{\"@context\":\"https:\/\/schema.org\",\"@graph\":[{\"@type\":\"WebPage\",\"@id\":\"https:\/\/www.caribaea.org\/fr\/communication\/expositions\/\",\"url\":\"https:\/\/www.caribaea.org\/fr\/communication\/expositions\/\",\"name\":\"Expositions - Caribaea Initiative\",\"isPartOf\":{\"@id\":\"https:\/\/www.caribaea.org\/en\/#website\"},\"datePublished\":\"2020-09-11T02:58:15+00:00\",\"dateModified\":\"2023-07-02T13:45:56+00:00\",\"breadcrumb\":{\"@id\":\"https:\/\/www.caribaea.org\/fr\/communication\/expositions\/#breadcrumb\"},\"inLanguage\":\"fr-FR\",\"potentialAction\":[{\"@type\":\"ReadAction\",\"target\":[\"https:\/\/www.caribaea.org\/fr\/communication\/expositions\/\"]}]},{\"@type\":\"BreadcrumbList\",\"@id\":\"https:\/\/www.caribaea.org\/fr\/communication\/expositions\/#breadcrumb\",\"itemListElement\":[{\"@type\":\"ListItem\",\"position\":1,\"name\":\"Accueil\",\"item\":\"https:\/\/www.caribaea.org\/fr\/\"},{\"@type\":\"ListItem\",\"position\":2,\"name\":\"Communication\",\"item\":\"https:\/\/www.caribaea.org\/fr\/communication\/\"},{\"@type\":\"ListItem\",\"position\":3,\"name\":\"Expositions\"}]},{\"@type\":\"WebSite\",\"@id\":\"https:\/\/www.caribaea.org\/en\/#website\",\"url\":\"https:\/\/www.caribaea.org\/en\/\",\"name\":\"Caribaea Initiative\",\"description\":\"\",\"potentialAction\":[{\"@type\":\"SearchAction\",\"target\":{\"@type\":\"EntryPoint\",\"urlTemplate\":\"https:\/\/www.caribaea.org\/en\/?s={search_term_string}\"},\"query-input\":{\"@type\":\"PropertyValueSpecification\",\"valueRequired\":true,\"valueName\":\"search_term_string\"}}],\"inLanguage\":\"fr-FR\"}]}<\/script>\n<!-- \/ Yoast SEO plugin. -->","yoast_head_json":{"title":"Expositions - Caribaea Initiative","robots":{"index":"index","follow":"follow","max-snippet":"max-snippet:-1","max-image-preview":"max-image-preview:large","max-video-preview":"max-video-preview:-1"},"canonical":"https:\/\/www.caribaea.org\/fr\/communication\/expositions\/","og_locale":"fr_FR","og_type":"article","og_title":"Expositions - Caribaea Initiative","og_description":"Nous contribuons \u00e0 faire connaitre la biodiversit\u00e9 de la Cara\u00efbe insulaire \u00e0 travers des expositions ouvertes au grand public. Jungles et oiseaux d\u2019Am\u00e9rique tropicale Lors du Festival de la Camargue qui s\u2019est tenu du 17 au 21 mai 2023, des reproductions des \u0153uvres du peintre Alain Thomas ont \u00e9t\u00e9 expos\u00e9es au public, sur la th\u00e9matique [&hellip;]","og_url":"https:\/\/www.caribaea.org\/fr\/communication\/expositions\/","og_site_name":"Caribaea Initiative","article_modified_time":"2023-07-02T13:45:56+00:00","twitter_card":"summary_large_image","twitter_misc":{"Dur\u00e9e de lecture estim\u00e9e":"1 minute"},"schema":{"@context":"https:\/\/schema.org","@graph":[{"@type":"WebPage","@id":"https:\/\/www.caribaea.org\/fr\/communication\/expositions\/","url":"https:\/\/www.caribaea.org\/fr\/communication\/expositions\/","name":"Expositions - Caribaea Initiative","isPartOf":{"@id":"https:\/\/www.caribaea.org\/en\/#website"},"datePublished":"2020-09-11T02:58:15+00:00","dateModified":"2023-07-02T13:45:56+00:00","breadcrumb":{"@id":"https:\/\/www.caribaea.org\/fr\/communication\/expositions\/#breadcrumb"},"inLanguage":"fr-FR","potentialAction":[{"@type":"ReadAction","target":["https:\/\/www.caribaea.org\/fr\/communication\/expositions\/"]}]},{"@type":"BreadcrumbList","@id":"https:\/\/www.caribaea.org\/fr\/communication\/expositions\/#breadcrumb","itemListElement":[{"@type":"ListItem","position":1,"name":"Accueil","item":"https:\/\/www.caribaea.org\/fr\/"},{"@type":"ListItem","position":2,"name":"Communication","item":"https:\/\/www.caribaea.org\/fr\/communication\/"},{"@type":"ListItem","position":3,"name":"Expositions"}]},{"@type":"WebSite","@id":"https:\/\/www.caribaea.org\/en\/#website","url":"https:\/\/www.caribaea.org\/en\/","name":"Caribaea Initiative","description":"","potentialAction":[{"@type":"SearchAction","target":{"@type":"EntryPoint","urlTemplate":"https:\/\/www.caribaea.org\/en\/?s={search_term_string}"},"query-input":{"@type":"PropertyValueSpecification","valueRequired":true,"valueName":"search_term_string"}}],"inLanguage":"fr-FR"}]}},"_links":{"self":[{"href":"https:\/\/www.caribaea.org\/fr\/wp-json\/wp\/v2\/pages\/1916","targetHints":{"allow":["GET"]}}],"collection":[{"href":"https:\/\/www.caribaea.org\/fr\/wp-json\/wp\/v2\/pages"}],"about":[{"href":"https:\/\/www.caribaea.org\/fr\/wp-json\/wp\/v2\/types\/page"}],"author":[{"embeddable":true,"href":"https:\/\/www.caribaea.org\/fr\/wp-json\/wp\/v2\/users\/1"}],"replies":[{"embeddable":true,"href":"https:\/\/www.caribaea.org\/fr\/wp-json\/wp\/v2\/comments?post=1916"}],"version-history":[{"count":3,"href":"https:\/\/www.caribaea.org\/fr\/wp-json\/wp\/v2\/pages\/1916\/revisions"}],"predecessor-version":[{"id":8426,"href":"https:\/\/www.caribaea.org\/fr\/wp-json\/wp\/v2\/pages\/1916\/revisions\/8426"}],"up":[{"embeddable":true,"href":"https:\/\/www.caribaea.org\/fr\/wp-json\/wp\/v2\/pages\/5201"}],"wp:attachment":[{"href":"https:\/\/www.caribaea.org\/fr\/wp-json\/wp\/v2\/media?parent=1916"}],"curies":[{"name":"wp","href":"https:\/\/api.w.org\/{rel}","templated":true}]}}