{"id":2368,"date":"2020-09-18T03:02:01","date_gmt":"2020-09-18T01:02:01","guid":{"rendered":"https:\/\/www.caribaea.org\/?page_id=2368"},"modified":"2026-01-09T16:42:45","modified_gmt":"2026-01-09T15:42:45","slug":"conseillers-scientifiques","status":"publish","type":"page","link":"https:\/\/www.caribaea.org\/fr\/qui-sommes-nous-caribaea-initiative\/notre-equipe\/conseillers-scientifiques\/","title":{"rendered":"Conseillers scientifiques"},"content":{"rendered":"<div id=\"pl-2368\"  class=\"panel-layout\" ><div id=\"pg-2368-0\"  class=\"panel-grid panel-has-style\" ><div class=\"siteorigin-panels-stretch panel-row-style panel-row-style-for-2368-0\" data-stretch-type=\"full\" ><div id=\"pgc-2368-0-0\"  class=\"panel-grid-cell\" ><div id=\"panel-2368-0-0-0\" class=\"so-panel widget widget_sow-editor panel-first-child panel-last-child\" data-index=\"0\" ><div\n\t\t\t\n\t\t\tclass=\"so-widget-sow-editor so-widget-sow-editor-base\"\n\t\t\t\n\t\t><h3 class=\"widget-title\">Correspondants scientifiques<\/h3>\n<div class=\"siteorigin-widget-tinymce textwidget\">\n\t<ul style=\"list-style-type: disc; margin: 10px 0 10px 20px;\">\n<li>Dr. Anne Becker (Ross University, St Kitts &amp; Nevis), Microbiologie et \u00e9cologie des zoonoses<\/li>\n<li>Dr. Jean-Marc Blazy (INRA, Guadeloupe), Agro\u00e9cologie<\/li>\n<li>Maikel Canizares, MSc (Instituto de Ecolog\u00eda y Sistem\u00e1tica, Cuba), Zoologie<\/li>\n<li>Prof. Wilson Celestin(Universit\u00e9 d'Etat d'Ha\u00efti), Agronomie et \u00e9cologie aquatique<\/li>\n<li>Dr. Charlotte Dromard (Universit\u00e9 des Antilles, Guadeloupe), Biologie marine<\/li>\n<li>Prof. Sixto Inchaustegui (Universidad Autonoma de Santo Domingo, Dominican Republic), Biologie de la conservation<\/li>\n<li>Dr. Roger Pradel (CNRS, France), Biologie des populations et \u00e9cologie quantitative<\/li>\n<\/ul>\n<\/div>\n<\/div><\/div><\/div><\/div><\/div><\/div>","protected":false},"excerpt":{"rendered":"<p>Dr. Anne Becker (Ross University, St Kitts &amp; Nevis), Microbiologie et \u00e9cologie des zoonoses Dr. Jean-Marc Blazy (INRA, Guadeloupe), Agro\u00e9cologie Maikel Canizares, MSc (Instituto de Ecolog\u00eda y Sistem\u00e1tica, Cuba), Zoologie Prof. Wilson Celestin(Universit\u00e9 d&rsquo;Etat d&rsquo;Ha\u00efti), Agronomie et \u00e9cologie aquatique Dr. Charlotte Dromard (Universit\u00e9 des Antilles, Guadeloupe), Biologie marine Prof. Sixto Inchaustegui (Universidad Autonoma de Santo [&hellip;]<\/p>\n","protected":false},"author":1,"featured_media":0,"parent":1650,"menu_order":2,"comment_status":"closed","ping_status":"closed","template":"","meta":{"footnotes":""},"class_list":["post-2368","page","type-page","status-publish","hentry"],"yoast_head":"<!-- This site is optimized with the Yoast SEO plugin v26.6 - https:\/\/yoast.com\/wordpress\/plugins\/seo\/ -->\n<title>Conseillers scientifiques - Caribaea Initiative<\/title>\n<meta name=\"robots\" content=\"index, follow, max-snippet:-1, max-image-preview:large, max-video-preview:-1\" \/>\n<link rel=\"canonical\" href=\"https:\/\/www.caribaea.org\/fr\/qui-sommes-nous-caribaea-initiative\/notre-equipe\/conseillers-scientifiques\/\" \/>\n<meta property=\"og:locale\" content=\"fr_FR\" \/>\n<meta property=\"og:type\" content=\"article\" \/>\n<meta property=\"og:title\" content=\"Conseillers scientifiques - Caribaea Initiative\" \/>\n<meta property=\"og:description\" content=\"Dr. Anne Becker (Ross University, St Kitts &amp; Nevis), Microbiologie et \u00e9cologie des zoonoses Dr. Jean-Marc Blazy (INRA, Guadeloupe), Agro\u00e9cologie Maikel Canizares, MSc (Instituto de Ecolog\u00eda y Sistem\u00e1tica, Cuba), Zoologie Prof. Wilson Celestin(Universit\u00e9 d&#039;Etat d&#039;Ha\u00efti), Agronomie et \u00e9cologie aquatique Dr. Charlotte Dromard (Universit\u00e9 des Antilles, Guadeloupe), Biologie marine Prof. Sixto Inchaustegui (Universidad Autonoma de Santo [&hellip;]\" \/>\n<meta property=\"og:url\" content=\"https:\/\/www.caribaea.org\/fr\/qui-sommes-nous-caribaea-initiative\/notre-equipe\/conseillers-scientifiques\/\" \/>\n<meta property=\"og:site_name\" content=\"Caribaea Initiative\" \/>\n<meta property=\"article:modified_time\" content=\"2026-01-09T15:42:45+00:00\" \/>\n<meta name=\"twitter:card\" content=\"summary_large_image\" \/>\n<meta name=\"twitter:label1\" content=\"Dur\u00e9e de lecture estim\u00e9e\" \/>\n\t<meta name=\"twitter:data1\" content=\"1 minute\" \/>\n<script type=\"application\/ld+json\" class=\"yoast-schema-graph\">{\"@context\":\"https:\/\/schema.org\",\"@graph\":[{\"@type\":\"WebPage\",\"@id\":\"https:\/\/www.caribaea.org\/fr\/qui-sommes-nous-caribaea-initiative\/notre-equipe\/conseillers-scientifiques\/\",\"url\":\"https:\/\/www.caribaea.org\/fr\/qui-sommes-nous-caribaea-initiative\/notre-equipe\/conseillers-scientifiques\/\",\"name\":\"Conseillers scientifiques - Caribaea Initiative\",\"isPartOf\":{\"@id\":\"https:\/\/www.caribaea.org\/en\/#website\"},\"datePublished\":\"2020-09-18T01:02:01+00:00\",\"dateModified\":\"2026-01-09T15:42:45+00:00\",\"breadcrumb\":{\"@id\":\"https:\/\/www.caribaea.org\/fr\/qui-sommes-nous-caribaea-initiative\/notre-equipe\/conseillers-scientifiques\/#breadcrumb\"},\"inLanguage\":\"fr-FR\",\"potentialAction\":[{\"@type\":\"ReadAction\",\"target\":[\"https:\/\/www.caribaea.org\/fr\/qui-sommes-nous-caribaea-initiative\/notre-equipe\/conseillers-scientifiques\/\"]}]},{\"@type\":\"BreadcrumbList\",\"@id\":\"https:\/\/www.caribaea.org\/fr\/qui-sommes-nous-caribaea-initiative\/notre-equipe\/conseillers-scientifiques\/#breadcrumb\",\"itemListElement\":[{\"@type\":\"ListItem\",\"position\":1,\"name\":\"Accueil\",\"item\":\"https:\/\/www.caribaea.org\/fr\/\"},{\"@type\":\"ListItem\",\"position\":2,\"name\":\"Qui sommes-nous ?\",\"item\":\"https:\/\/www.caribaea.org\/fr\/qui-sommes-nous-caribaea-initiative\/\"},{\"@type\":\"ListItem\",\"position\":3,\"name\":\"Notre \u00e9quipe\",\"item\":\"https:\/\/www.caribaea.org\/fr\/qui-sommes-nous-caribaea-initiative\/notre-equipe\/\"},{\"@type\":\"ListItem\",\"position\":4,\"name\":\"Conseillers scientifiques\"}]},{\"@type\":\"WebSite\",\"@id\":\"https:\/\/www.caribaea.org\/en\/#website\",\"url\":\"https:\/\/www.caribaea.org\/en\/\",\"name\":\"Caribaea Initiative\",\"description\":\"\",\"potentialAction\":[{\"@type\":\"SearchAction\",\"target\":{\"@type\":\"EntryPoint\",\"urlTemplate\":\"https:\/\/www.caribaea.org\/en\/?s={search_term_string}\"},\"query-input\":{\"@type\":\"PropertyValueSpecification\",\"valueRequired\":true,\"valueName\":\"search_term_string\"}}],\"inLanguage\":\"fr-FR\"}]}<\/script>\n<!-- \/ Yoast SEO plugin. -->","yoast_head_json":{"title":"Conseillers scientifiques - Caribaea Initiative","robots":{"index":"index","follow":"follow","max-snippet":"max-snippet:-1","max-image-preview":"max-image-preview:large","max-video-preview":"max-video-preview:-1"},"canonical":"https:\/\/www.caribaea.org\/fr\/qui-sommes-nous-caribaea-initiative\/notre-equipe\/conseillers-scientifiques\/","og_locale":"fr_FR","og_type":"article","og_title":"Conseillers scientifiques - Caribaea Initiative","og_description":"Dr. Anne Becker (Ross University, St Kitts &amp; Nevis), Microbiologie et \u00e9cologie des zoonoses Dr. Jean-Marc Blazy (INRA, Guadeloupe), Agro\u00e9cologie Maikel Canizares, MSc (Instituto de Ecolog\u00eda y Sistem\u00e1tica, Cuba), Zoologie Prof. Wilson Celestin(Universit\u00e9 d'Etat d'Ha\u00efti), Agronomie et \u00e9cologie aquatique Dr. Charlotte Dromard (Universit\u00e9 des Antilles, Guadeloupe), Biologie marine Prof. Sixto Inchaustegui (Universidad Autonoma de Santo [&hellip;]","og_url":"https:\/\/www.caribaea.org\/fr\/qui-sommes-nous-caribaea-initiative\/notre-equipe\/conseillers-scientifiques\/","og_site_name":"Caribaea Initiative","article_modified_time":"2026-01-09T15:42:45+00:00","twitter_card":"summary_large_image","twitter_misc":{"Dur\u00e9e de lecture estim\u00e9e":"1 minute"},"schema":{"@context":"https:\/\/schema.org","@graph":[{"@type":"WebPage","@id":"https:\/\/www.caribaea.org\/fr\/qui-sommes-nous-caribaea-initiative\/notre-equipe\/conseillers-scientifiques\/","url":"https:\/\/www.caribaea.org\/fr\/qui-sommes-nous-caribaea-initiative\/notre-equipe\/conseillers-scientifiques\/","name":"Conseillers scientifiques - Caribaea Initiative","isPartOf":{"@id":"https:\/\/www.caribaea.org\/en\/#website"},"datePublished":"2020-09-18T01:02:01+00:00","dateModified":"2026-01-09T15:42:45+00:00","breadcrumb":{"@id":"https:\/\/www.caribaea.org\/fr\/qui-sommes-nous-caribaea-initiative\/notre-equipe\/conseillers-scientifiques\/#breadcrumb"},"inLanguage":"fr-FR","potentialAction":[{"@type":"ReadAction","target":["https:\/\/www.caribaea.org\/fr\/qui-sommes-nous-caribaea-initiative\/notre-equipe\/conseillers-scientifiques\/"]}]},{"@type":"BreadcrumbList","@id":"https:\/\/www.caribaea.org\/fr\/qui-sommes-nous-caribaea-initiative\/notre-equipe\/conseillers-scientifiques\/#breadcrumb","itemListElement":[{"@type":"ListItem","position":1,"name":"Accueil","item":"https:\/\/www.caribaea.org\/fr\/"},{"@type":"ListItem","position":2,"name":"Qui sommes-nous ?","item":"https:\/\/www.caribaea.org\/fr\/qui-sommes-nous-caribaea-initiative\/"},{"@type":"ListItem","position":3,"name":"Notre \u00e9quipe","item":"https:\/\/www.caribaea.org\/fr\/qui-sommes-nous-caribaea-initiative\/notre-equipe\/"},{"@type":"ListItem","position":4,"name":"Conseillers scientifiques"}]},{"@type":"WebSite","@id":"https:\/\/www.caribaea.org\/en\/#website","url":"https:\/\/www.caribaea.org\/en\/","name":"Caribaea Initiative","description":"","potentialAction":[{"@type":"SearchAction","target":{"@type":"EntryPoint","urlTemplate":"https:\/\/www.caribaea.org\/en\/?s={search_term_string}"},"query-input":{"@type":"PropertyValueSpecification","valueRequired":true,"valueName":"search_term_string"}}],"inLanguage":"fr-FR"}]}},"_links":{"self":[{"href":"https:\/\/www.caribaea.org\/fr\/wp-json\/wp\/v2\/pages\/2368","targetHints":{"allow":["GET"]}}],"collection":[{"href":"https:\/\/www.caribaea.org\/fr\/wp-json\/wp\/v2\/pages"}],"about":[{"href":"https:\/\/www.caribaea.org\/fr\/wp-json\/wp\/v2\/types\/page"}],"author":[{"embeddable":true,"href":"https:\/\/www.caribaea.org\/fr\/wp-json\/wp\/v2\/users\/1"}],"replies":[{"embeddable":true,"href":"https:\/\/www.caribaea.org\/fr\/wp-json\/wp\/v2\/comments?post=2368"}],"version-history":[{"count":4,"href":"https:\/\/www.caribaea.org\/fr\/wp-json\/wp\/v2\/pages\/2368\/revisions"}],"predecessor-version":[{"id":12849,"href":"https:\/\/www.caribaea.org\/fr\/wp-json\/wp\/v2\/pages\/2368\/revisions\/12849"}],"up":[{"embeddable":true,"href":"https:\/\/www.caribaea.org\/fr\/wp-json\/wp\/v2\/pages\/1650"}],"wp:attachment":[{"href":"https:\/\/www.caribaea.org\/fr\/wp-json\/wp\/v2\/media?parent=2368"}],"curies":[{"name":"wp","href":"https:\/\/api.w.org\/{rel}","templated":true}]}}