{"id":2371,"date":"2020-09-18T03:02:55","date_gmt":"2020-09-18T01:02:55","guid":{"rendered":"https:\/\/www.caribaea.org\/?page_id=2371"},"modified":"2025-11-05T14:13:18","modified_gmt":"2025-11-05T13:13:18","slug":"conseil-d-administration","status":"publish","type":"page","link":"https:\/\/www.caribaea.org\/fr\/qui-sommes-nous-caribaea-initiative\/notre-equipe\/conseil-d-administration\/","title":{"rendered":"Conseil d&rsquo;administration"},"content":{"rendered":"<div id=\"pl-2371\"  class=\"panel-layout\" ><div id=\"pg-2371-0\"  class=\"panel-grid panel-has-style\" ><div class=\"siteorigin-panels-stretch panel-row-style panel-row-style-for-2371-0\" data-stretch-type=\"full\" ><div id=\"pgc-2371-0-0\"  class=\"panel-grid-cell\" ><div id=\"panel-2371-0-0-0\" class=\"so-panel widget widget_sow-editor panel-first-child panel-last-child\" data-index=\"0\" ><div\n\t\t\t\n\t\t\tclass=\"so-widget-sow-editor so-widget-sow-editor-base\"\n\t\t\t\n\t\t><h3 class=\"widget-title\">Conseil d'administration<\/h3>\n<div class=\"siteorigin-widget-tinymce textwidget\">\n\t<ul style=\"list-style-type: disc; margin: 10px 0 10px 20px;\">\n<li>Mme Norma Anthony, Secr\u00e9taire G\u00e9n\u00e9rale<\/li>\n<li>M. St\u00e9phan Arnassant<\/li>\n<li>Mme Chantal Comte<\/li>\n<li>Prof. Mark Freeman<\/li>\n<li>Dr. Philipp Heeb<\/li>\n<li>Dr. Nicole A. M. (Atherley) Herbert, Pr\u00e9sidente<\/li>\n<li>Dr. Elisabeth Odacre<\/li>\n<li>Dr. Marie-Jeanne Perrot-Minnot, Tr\u00e9sori\u00e8re<\/li>\n<li>Prof. Alain Sandoz<\/li>\n<\/ul>\n<\/div>\n<\/div><\/div><\/div><\/div><\/div><\/div>","protected":false},"excerpt":{"rendered":"<p>Mme Norma Anthony, Secr\u00e9taire G\u00e9n\u00e9rale M. St\u00e9phan Arnassant Mme Chantal Comte Prof. Mark Freeman Dr. Philipp Heeb Dr. Nicole A. M. (Atherley) Herbert, Pr\u00e9sidente Dr. Elisabeth Odacre Dr. Marie-Jeanne Perrot-Minnot, Tr\u00e9sori\u00e8re Prof. Alain Sandoz<\/p>\n","protected":false},"author":1,"featured_media":0,"parent":1650,"menu_order":3,"comment_status":"closed","ping_status":"closed","template":"","meta":{"footnotes":""},"class_list":["post-2371","page","type-page","status-publish","hentry"],"yoast_head":"<!-- This site is optimized with the Yoast SEO plugin v26.6 - https:\/\/yoast.com\/wordpress\/plugins\/seo\/ -->\n<title>Conseil d&#039;administration - Caribaea Initiative<\/title>\n<meta name=\"robots\" content=\"index, follow, max-snippet:-1, max-image-preview:large, max-video-preview:-1\" \/>\n<link rel=\"canonical\" href=\"https:\/\/www.caribaea.org\/fr\/qui-sommes-nous-caribaea-initiative\/notre-equipe\/conseil-d-administration\/\" \/>\n<meta property=\"og:locale\" content=\"fr_FR\" \/>\n<meta property=\"og:type\" content=\"article\" \/>\n<meta property=\"og:title\" content=\"Conseil d&#039;administration - Caribaea Initiative\" \/>\n<meta property=\"og:description\" content=\"Mme Norma Anthony, Secr\u00e9taire G\u00e9n\u00e9rale M. St\u00e9phan Arnassant Mme Chantal Comte Prof. Mark Freeman Dr. Philipp Heeb Dr. Nicole A. M. (Atherley) Herbert, Pr\u00e9sidente Dr. Elisabeth Odacre Dr. Marie-Jeanne Perrot-Minnot, Tr\u00e9sori\u00e8re Prof. Alain Sandoz\" \/>\n<meta property=\"og:url\" content=\"https:\/\/www.caribaea.org\/fr\/qui-sommes-nous-caribaea-initiative\/notre-equipe\/conseil-d-administration\/\" \/>\n<meta property=\"og:site_name\" content=\"Caribaea Initiative\" \/>\n<meta property=\"article:modified_time\" content=\"2025-11-05T13:13:18+00:00\" \/>\n<meta name=\"twitter:card\" content=\"summary_large_image\" \/>\n<script type=\"application\/ld+json\" class=\"yoast-schema-graph\">{\"@context\":\"https:\/\/schema.org\",\"@graph\":[{\"@type\":\"WebPage\",\"@id\":\"https:\/\/www.caribaea.org\/fr\/qui-sommes-nous-caribaea-initiative\/notre-equipe\/conseil-d-administration\/\",\"url\":\"https:\/\/www.caribaea.org\/fr\/qui-sommes-nous-caribaea-initiative\/notre-equipe\/conseil-d-administration\/\",\"name\":\"Conseil d'administration - Caribaea Initiative\",\"isPartOf\":{\"@id\":\"https:\/\/www.caribaea.org\/en\/#website\"},\"datePublished\":\"2020-09-18T01:02:55+00:00\",\"dateModified\":\"2025-11-05T13:13:18+00:00\",\"breadcrumb\":{\"@id\":\"https:\/\/www.caribaea.org\/fr\/qui-sommes-nous-caribaea-initiative\/notre-equipe\/conseil-d-administration\/#breadcrumb\"},\"inLanguage\":\"fr-FR\",\"potentialAction\":[{\"@type\":\"ReadAction\",\"target\":[\"https:\/\/www.caribaea.org\/fr\/qui-sommes-nous-caribaea-initiative\/notre-equipe\/conseil-d-administration\/\"]}]},{\"@type\":\"BreadcrumbList\",\"@id\":\"https:\/\/www.caribaea.org\/fr\/qui-sommes-nous-caribaea-initiative\/notre-equipe\/conseil-d-administration\/#breadcrumb\",\"itemListElement\":[{\"@type\":\"ListItem\",\"position\":1,\"name\":\"Accueil\",\"item\":\"https:\/\/www.caribaea.org\/fr\/\"},{\"@type\":\"ListItem\",\"position\":2,\"name\":\"Qui sommes-nous ?\",\"item\":\"https:\/\/www.caribaea.org\/fr\/qui-sommes-nous-caribaea-initiative\/\"},{\"@type\":\"ListItem\",\"position\":3,\"name\":\"Notre \u00e9quipe\",\"item\":\"https:\/\/www.caribaea.org\/fr\/qui-sommes-nous-caribaea-initiative\/notre-equipe\/\"},{\"@type\":\"ListItem\",\"position\":4,\"name\":\"Conseil d&rsquo;administration\"}]},{\"@type\":\"WebSite\",\"@id\":\"https:\/\/www.caribaea.org\/en\/#website\",\"url\":\"https:\/\/www.caribaea.org\/en\/\",\"name\":\"Caribaea Initiative\",\"description\":\"\",\"potentialAction\":[{\"@type\":\"SearchAction\",\"target\":{\"@type\":\"EntryPoint\",\"urlTemplate\":\"https:\/\/www.caribaea.org\/en\/?s={search_term_string}\"},\"query-input\":{\"@type\":\"PropertyValueSpecification\",\"valueRequired\":true,\"valueName\":\"search_term_string\"}}],\"inLanguage\":\"fr-FR\"}]}<\/script>\n<!-- \/ Yoast SEO plugin. -->","yoast_head_json":{"title":"Conseil d'administration - Caribaea Initiative","robots":{"index":"index","follow":"follow","max-snippet":"max-snippet:-1","max-image-preview":"max-image-preview:large","max-video-preview":"max-video-preview:-1"},"canonical":"https:\/\/www.caribaea.org\/fr\/qui-sommes-nous-caribaea-initiative\/notre-equipe\/conseil-d-administration\/","og_locale":"fr_FR","og_type":"article","og_title":"Conseil d'administration - Caribaea Initiative","og_description":"Mme Norma Anthony, Secr\u00e9taire G\u00e9n\u00e9rale M. St\u00e9phan Arnassant Mme Chantal Comte Prof. Mark Freeman Dr. Philipp Heeb Dr. Nicole A. M. (Atherley) Herbert, Pr\u00e9sidente Dr. Elisabeth Odacre Dr. Marie-Jeanne Perrot-Minnot, Tr\u00e9sori\u00e8re Prof. Alain Sandoz","og_url":"https:\/\/www.caribaea.org\/fr\/qui-sommes-nous-caribaea-initiative\/notre-equipe\/conseil-d-administration\/","og_site_name":"Caribaea Initiative","article_modified_time":"2025-11-05T13:13:18+00:00","twitter_card":"summary_large_image","schema":{"@context":"https:\/\/schema.org","@graph":[{"@type":"WebPage","@id":"https:\/\/www.caribaea.org\/fr\/qui-sommes-nous-caribaea-initiative\/notre-equipe\/conseil-d-administration\/","url":"https:\/\/www.caribaea.org\/fr\/qui-sommes-nous-caribaea-initiative\/notre-equipe\/conseil-d-administration\/","name":"Conseil d'administration - Caribaea Initiative","isPartOf":{"@id":"https:\/\/www.caribaea.org\/en\/#website"},"datePublished":"2020-09-18T01:02:55+00:00","dateModified":"2025-11-05T13:13:18+00:00","breadcrumb":{"@id":"https:\/\/www.caribaea.org\/fr\/qui-sommes-nous-caribaea-initiative\/notre-equipe\/conseil-d-administration\/#breadcrumb"},"inLanguage":"fr-FR","potentialAction":[{"@type":"ReadAction","target":["https:\/\/www.caribaea.org\/fr\/qui-sommes-nous-caribaea-initiative\/notre-equipe\/conseil-d-administration\/"]}]},{"@type":"BreadcrumbList","@id":"https:\/\/www.caribaea.org\/fr\/qui-sommes-nous-caribaea-initiative\/notre-equipe\/conseil-d-administration\/#breadcrumb","itemListElement":[{"@type":"ListItem","position":1,"name":"Accueil","item":"https:\/\/www.caribaea.org\/fr\/"},{"@type":"ListItem","position":2,"name":"Qui sommes-nous ?","item":"https:\/\/www.caribaea.org\/fr\/qui-sommes-nous-caribaea-initiative\/"},{"@type":"ListItem","position":3,"name":"Notre \u00e9quipe","item":"https:\/\/www.caribaea.org\/fr\/qui-sommes-nous-caribaea-initiative\/notre-equipe\/"},{"@type":"ListItem","position":4,"name":"Conseil d&rsquo;administration"}]},{"@type":"WebSite","@id":"https:\/\/www.caribaea.org\/en\/#website","url":"https:\/\/www.caribaea.org\/en\/","name":"Caribaea Initiative","description":"","potentialAction":[{"@type":"SearchAction","target":{"@type":"EntryPoint","urlTemplate":"https:\/\/www.caribaea.org\/en\/?s={search_term_string}"},"query-input":{"@type":"PropertyValueSpecification","valueRequired":true,"valueName":"search_term_string"}}],"inLanguage":"fr-FR"}]}},"_links":{"self":[{"href":"https:\/\/www.caribaea.org\/fr\/wp-json\/wp\/v2\/pages\/2371","targetHints":{"allow":["GET"]}}],"collection":[{"href":"https:\/\/www.caribaea.org\/fr\/wp-json\/wp\/v2\/pages"}],"about":[{"href":"https:\/\/www.caribaea.org\/fr\/wp-json\/wp\/v2\/types\/page"}],"author":[{"embeddable":true,"href":"https:\/\/www.caribaea.org\/fr\/wp-json\/wp\/v2\/users\/1"}],"replies":[{"embeddable":true,"href":"https:\/\/www.caribaea.org\/fr\/wp-json\/wp\/v2\/comments?post=2371"}],"version-history":[{"count":4,"href":"https:\/\/www.caribaea.org\/fr\/wp-json\/wp\/v2\/pages\/2371\/revisions"}],"predecessor-version":[{"id":12453,"href":"https:\/\/www.caribaea.org\/fr\/wp-json\/wp\/v2\/pages\/2371\/revisions\/12453"}],"up":[{"embeddable":true,"href":"https:\/\/www.caribaea.org\/fr\/wp-json\/wp\/v2\/pages\/1650"}],"wp:attachment":[{"href":"https:\/\/www.caribaea.org\/fr\/wp-json\/wp\/v2\/media?parent=2371"}],"curies":[{"name":"wp","href":"https:\/\/api.w.org\/{rel}","templated":true}]}}