{"id":2374,"date":"2020-09-18T03:03:58","date_gmt":"2020-09-18T01:03:58","guid":{"rendered":"https:\/\/www.caribaea.org\/?page_id=2374"},"modified":"2025-11-05T14:15:36","modified_gmt":"2025-11-05T13:15:36","slug":"comite-dhonneur","status":"publish","type":"page","link":"https:\/\/www.caribaea.org\/fr\/qui-sommes-nous-caribaea-initiative\/notre-equipe\/comite-dhonneur\/","title":{"rendered":"Comit\u00e9 d&rsquo;honneur"},"content":{"rendered":"<div id=\"pl-2374\"  class=\"panel-layout\" ><div id=\"pg-2374-0\"  class=\"panel-grid panel-has-style\" ><div class=\"siteorigin-panels-stretch panel-row-style panel-row-style-for-2374-0\" data-stretch-type=\"full\" ><div id=\"pgc-2374-0-0\"  class=\"panel-grid-cell\" ><div id=\"panel-2374-0-0-0\" class=\"so-panel widget widget_sow-editor panel-first-child\" data-index=\"0\" ><div\n\t\t\t\n\t\t\tclass=\"so-widget-sow-editor so-widget-sow-editor-base\"\n\t\t\t\n\t\t><h3 class=\"widget-title\">Pr\u00e9sidente d'honneur<\/h3>\n<div class=\"siteorigin-widget-tinymce textwidget\">\n\t<ul style=\"list-style-type: disc; margin: 10px 0 10px 20px;\">\n<li>Mme Vera Michalski-Hoffmann<\/li>\n<\/ul>\n<\/div>\n<\/div><\/div><div id=\"panel-2374-0-0-1\" class=\"so-panel widget widget_sow-editor panel-last-child\" data-index=\"1\" ><div\n\t\t\t\n\t\t\tclass=\"so-widget-sow-editor so-widget-sow-editor-base\"\n\t\t\t\n\t\t><h3 class=\"widget-title\">Anciens Pr\u00e9sidents<\/h3>\n<div class=\"siteorigin-widget-tinymce textwidget\">\n\t<ul style=\"list-style-type: disc; margin: 10px 0 10px 20px;\">\n<li>Dr. Frank C\u00e9zilly, Pr\u00e9sident fondateur (2014-2022), Conseiller Ex\u00e9cutif<\/li>\n<li>Jean-Paul Paddack, Pr\u00e9sident (2022-2023)<\/li>\n<li>Prof. Alain Sandoz, Pr\u00e9sident (2023-2025) et membre fondateur<\/li>\n<\/ul>\n<\/div>\n<\/div><\/div><\/div><\/div><\/div><\/div>","protected":false},"excerpt":{"rendered":"<p>Mme Vera Michalski-Hoffmann Dr. Frank C\u00e9zilly, Pr\u00e9sident fondateur (2014-2022), Conseiller Ex\u00e9cutif Jean-Paul Paddack, Pr\u00e9sident (2022-2023) Prof. Alain Sandoz, Pr\u00e9sident (2023-2025) et membre fondateur<\/p>\n","protected":false},"author":1,"featured_media":0,"parent":1650,"menu_order":4,"comment_status":"closed","ping_status":"closed","template":"","meta":{"footnotes":""},"class_list":["post-2374","page","type-page","status-publish","hentry"],"yoast_head":"<!-- This site is optimized with the Yoast SEO plugin v26.6 - https:\/\/yoast.com\/wordpress\/plugins\/seo\/ -->\n<title>Comit\u00e9 d&#039;honneur - Caribaea Initiative<\/title>\n<meta name=\"robots\" content=\"index, follow, max-snippet:-1, max-image-preview:large, max-video-preview:-1\" \/>\n<link rel=\"canonical\" href=\"https:\/\/www.caribaea.org\/fr\/qui-sommes-nous-caribaea-initiative\/notre-equipe\/comite-dhonneur\/\" \/>\n<meta property=\"og:locale\" content=\"fr_FR\" \/>\n<meta property=\"og:type\" content=\"article\" \/>\n<meta property=\"og:title\" content=\"Comit\u00e9 d&#039;honneur - Caribaea Initiative\" \/>\n<meta property=\"og:description\" content=\"Mme Vera Michalski-Hoffmann Dr. Frank C\u00e9zilly, Pr\u00e9sident fondateur (2014-2022), Conseiller Ex\u00e9cutif Jean-Paul Paddack, Pr\u00e9sident (2022-2023) Prof. Alain Sandoz, Pr\u00e9sident (2023-2025) et membre fondateur\" \/>\n<meta property=\"og:url\" content=\"https:\/\/www.caribaea.org\/fr\/qui-sommes-nous-caribaea-initiative\/notre-equipe\/comite-dhonneur\/\" \/>\n<meta property=\"og:site_name\" content=\"Caribaea Initiative\" \/>\n<meta property=\"article:modified_time\" content=\"2025-11-05T13:15:36+00:00\" \/>\n<meta name=\"twitter:card\" content=\"summary_large_image\" \/>\n<script type=\"application\/ld+json\" class=\"yoast-schema-graph\">{\"@context\":\"https:\/\/schema.org\",\"@graph\":[{\"@type\":\"WebPage\",\"@id\":\"https:\/\/www.caribaea.org\/fr\/qui-sommes-nous-caribaea-initiative\/notre-equipe\/comite-dhonneur\/\",\"url\":\"https:\/\/www.caribaea.org\/fr\/qui-sommes-nous-caribaea-initiative\/notre-equipe\/comite-dhonneur\/\",\"name\":\"Comit\u00e9 d'honneur - Caribaea Initiative\",\"isPartOf\":{\"@id\":\"https:\/\/www.caribaea.org\/en\/#website\"},\"datePublished\":\"2020-09-18T01:03:58+00:00\",\"dateModified\":\"2025-11-05T13:15:36+00:00\",\"breadcrumb\":{\"@id\":\"https:\/\/www.caribaea.org\/fr\/qui-sommes-nous-caribaea-initiative\/notre-equipe\/comite-dhonneur\/#breadcrumb\"},\"inLanguage\":\"fr-FR\",\"potentialAction\":[{\"@type\":\"ReadAction\",\"target\":[\"https:\/\/www.caribaea.org\/fr\/qui-sommes-nous-caribaea-initiative\/notre-equipe\/comite-dhonneur\/\"]}]},{\"@type\":\"BreadcrumbList\",\"@id\":\"https:\/\/www.caribaea.org\/fr\/qui-sommes-nous-caribaea-initiative\/notre-equipe\/comite-dhonneur\/#breadcrumb\",\"itemListElement\":[{\"@type\":\"ListItem\",\"position\":1,\"name\":\"Accueil\",\"item\":\"https:\/\/www.caribaea.org\/fr\/\"},{\"@type\":\"ListItem\",\"position\":2,\"name\":\"Qui sommes-nous ?\",\"item\":\"https:\/\/www.caribaea.org\/fr\/qui-sommes-nous-caribaea-initiative\/\"},{\"@type\":\"ListItem\",\"position\":3,\"name\":\"Notre \u00e9quipe\",\"item\":\"https:\/\/www.caribaea.org\/fr\/qui-sommes-nous-caribaea-initiative\/notre-equipe\/\"},{\"@type\":\"ListItem\",\"position\":4,\"name\":\"Comit\u00e9 d&rsquo;honneur\"}]},{\"@type\":\"WebSite\",\"@id\":\"https:\/\/www.caribaea.org\/en\/#website\",\"url\":\"https:\/\/www.caribaea.org\/en\/\",\"name\":\"Caribaea Initiative\",\"description\":\"\",\"potentialAction\":[{\"@type\":\"SearchAction\",\"target\":{\"@type\":\"EntryPoint\",\"urlTemplate\":\"https:\/\/www.caribaea.org\/en\/?s={search_term_string}\"},\"query-input\":{\"@type\":\"PropertyValueSpecification\",\"valueRequired\":true,\"valueName\":\"search_term_string\"}}],\"inLanguage\":\"fr-FR\"}]}<\/script>\n<!-- \/ Yoast SEO plugin. -->","yoast_head_json":{"title":"Comit\u00e9 d'honneur - Caribaea Initiative","robots":{"index":"index","follow":"follow","max-snippet":"max-snippet:-1","max-image-preview":"max-image-preview:large","max-video-preview":"max-video-preview:-1"},"canonical":"https:\/\/www.caribaea.org\/fr\/qui-sommes-nous-caribaea-initiative\/notre-equipe\/comite-dhonneur\/","og_locale":"fr_FR","og_type":"article","og_title":"Comit\u00e9 d'honneur - Caribaea Initiative","og_description":"Mme Vera Michalski-Hoffmann Dr. Frank C\u00e9zilly, Pr\u00e9sident fondateur (2014-2022), Conseiller Ex\u00e9cutif Jean-Paul Paddack, Pr\u00e9sident (2022-2023) Prof. Alain Sandoz, Pr\u00e9sident (2023-2025) et membre fondateur","og_url":"https:\/\/www.caribaea.org\/fr\/qui-sommes-nous-caribaea-initiative\/notre-equipe\/comite-dhonneur\/","og_site_name":"Caribaea Initiative","article_modified_time":"2025-11-05T13:15:36+00:00","twitter_card":"summary_large_image","schema":{"@context":"https:\/\/schema.org","@graph":[{"@type":"WebPage","@id":"https:\/\/www.caribaea.org\/fr\/qui-sommes-nous-caribaea-initiative\/notre-equipe\/comite-dhonneur\/","url":"https:\/\/www.caribaea.org\/fr\/qui-sommes-nous-caribaea-initiative\/notre-equipe\/comite-dhonneur\/","name":"Comit\u00e9 d'honneur - Caribaea Initiative","isPartOf":{"@id":"https:\/\/www.caribaea.org\/en\/#website"},"datePublished":"2020-09-18T01:03:58+00:00","dateModified":"2025-11-05T13:15:36+00:00","breadcrumb":{"@id":"https:\/\/www.caribaea.org\/fr\/qui-sommes-nous-caribaea-initiative\/notre-equipe\/comite-dhonneur\/#breadcrumb"},"inLanguage":"fr-FR","potentialAction":[{"@type":"ReadAction","target":["https:\/\/www.caribaea.org\/fr\/qui-sommes-nous-caribaea-initiative\/notre-equipe\/comite-dhonneur\/"]}]},{"@type":"BreadcrumbList","@id":"https:\/\/www.caribaea.org\/fr\/qui-sommes-nous-caribaea-initiative\/notre-equipe\/comite-dhonneur\/#breadcrumb","itemListElement":[{"@type":"ListItem","position":1,"name":"Accueil","item":"https:\/\/www.caribaea.org\/fr\/"},{"@type":"ListItem","position":2,"name":"Qui sommes-nous ?","item":"https:\/\/www.caribaea.org\/fr\/qui-sommes-nous-caribaea-initiative\/"},{"@type":"ListItem","position":3,"name":"Notre \u00e9quipe","item":"https:\/\/www.caribaea.org\/fr\/qui-sommes-nous-caribaea-initiative\/notre-equipe\/"},{"@type":"ListItem","position":4,"name":"Comit\u00e9 d&rsquo;honneur"}]},{"@type":"WebSite","@id":"https:\/\/www.caribaea.org\/en\/#website","url":"https:\/\/www.caribaea.org\/en\/","name":"Caribaea Initiative","description":"","potentialAction":[{"@type":"SearchAction","target":{"@type":"EntryPoint","urlTemplate":"https:\/\/www.caribaea.org\/en\/?s={search_term_string}"},"query-input":{"@type":"PropertyValueSpecification","valueRequired":true,"valueName":"search_term_string"}}],"inLanguage":"fr-FR"}]}},"_links":{"self":[{"href":"https:\/\/www.caribaea.org\/fr\/wp-json\/wp\/v2\/pages\/2374","targetHints":{"allow":["GET"]}}],"collection":[{"href":"https:\/\/www.caribaea.org\/fr\/wp-json\/wp\/v2\/pages"}],"about":[{"href":"https:\/\/www.caribaea.org\/fr\/wp-json\/wp\/v2\/types\/page"}],"author":[{"embeddable":true,"href":"https:\/\/www.caribaea.org\/fr\/wp-json\/wp\/v2\/users\/1"}],"replies":[{"embeddable":true,"href":"https:\/\/www.caribaea.org\/fr\/wp-json\/wp\/v2\/comments?post=2374"}],"version-history":[{"count":4,"href":"https:\/\/www.caribaea.org\/fr\/wp-json\/wp\/v2\/pages\/2374\/revisions"}],"predecessor-version":[{"id":12454,"href":"https:\/\/www.caribaea.org\/fr\/wp-json\/wp\/v2\/pages\/2374\/revisions\/12454"}],"up":[{"embeddable":true,"href":"https:\/\/www.caribaea.org\/fr\/wp-json\/wp\/v2\/pages\/1650"}],"wp:attachment":[{"href":"https:\/\/www.caribaea.org\/fr\/wp-json\/wp\/v2\/media?parent=2374"}],"curies":[{"name":"wp","href":"https:\/\/api.w.org\/{rel}","templated":true}]}}