{"id":2671,"date":"2020-10-13T05:18:41","date_gmt":"2020-10-13T03:18:41","guid":{"rendered":"https:\/\/www.caribaea.org\/?page_id=2671"},"modified":"2023-02-07T03:01:33","modified_gmt":"2023-02-07T02:01:33","slug":"biologie-des-populations-et-conservation-des-especes-endemiques-de-la-caraibe-insulaire","status":"publish","type":"page","link":"https:\/\/www.caribaea.org\/fr\/nos-projets\/biologie-des-populations-et-conservation-des-especes-endemiques-de-la-caraibe-insulaire\/","title":{"rendered":"Biologie des populations et conservation des esp\u00e8ces end\u00e9miques de la Cara\u00efbe insulaire"},"content":{"rendered":"<div id=\"pl-2671\"  class=\"panel-layout\" ><div id=\"pg-2671-0\"  class=\"panel-grid panel-no-style\" ><div id=\"pgc-2671-0-0\"  class=\"panel-grid-cell\" ><div id=\"panel-2671-0-0-0\" class=\"so-panel widget widget_sow-editor panel-first-child panel-last-child\" data-index=\"0\" ><div\n\t\t\t\n\t\t\tclass=\"so-widget-sow-editor so-widget-sow-editor-base\"\n\t\t\t\n\t\t>\n<div class=\"siteorigin-widget-tinymce textwidget\">\n\t<p class=\"lead\">Caribaea Initiative contribue \u00e0 la conservation des esp\u00e8ces d'oiseaux end\u00e9miques de la Cara\u00efbe au travers de programmes de recherche qui visent \u00e0 fournir une information fiable sur les tendances d\u00e9mographiques, la s\u00e9lection de l'habitat, le comportement, la diff\u00e9renciation g\u00e9n\u00e9tique et les mouvements inter-\u00eeles, et l'\u00e9tat de sant\u00e9 de plusieurs esp\u00e8ces, particuli\u00e8rement celles expos\u00e9es \u00e0 une forte pression de chasse et \u00e0 la destruction de leur habitat naturel.<\/p>\n<p>Les esp\u00e8ces end\u00e9miques des Cara\u00efbes sont expos\u00e9es \u00e0 de nombreuses menaces, telles que la destruction de leur habitat, l\u2019arriv\u00e9e d\u2019esp\u00e8ces exotiques envahissantes, les changements climatiques ou encore l'absence de contr\u00f4le du pr\u00e9l\u00e8vement cyn\u00e9g\u00e9tique. Nous avons d\u00e9velopp\u00e9 de nombreux projets d\u00e9di\u00e9s aux oiseaux, un groupe important dans la Cara\u00efbe insulaire o\u00f9 pr\u00e8s de 700 esp\u00e8ces d'oiseaux peuvent \u00eatre observ\u00e9es, dont 190 esp\u00e8ces sont end\u00e9miques. Des projets sur d'autres esp\u00e8ces, notamment des amphibiens, sont \u00e9galement en pr\u00e9paration.<\/p>\n<\/div>\n<\/div><\/div><\/div><\/div><\/div>","protected":false},"excerpt":{"rendered":"<p>Caribaea Initiative contribue \u00e0 la conservation des esp\u00e8ces d&rsquo;oiseaux end\u00e9miques de la Cara\u00efbe au travers de programmes de recherche qui visent \u00e0 fournir une information fiable sur les tendances d\u00e9mographiques, la s\u00e9lection de l&rsquo;habitat, le comportement, la diff\u00e9renciation g\u00e9n\u00e9tique et les mouvements inter-\u00eeles, et l&rsquo;\u00e9tat de sant\u00e9 de plusieurs esp\u00e8ces, particuli\u00e8rement celles expos\u00e9es \u00e0 une [&hellip;]<\/p>\n","protected":false},"author":1,"featured_media":3017,"parent":2669,"menu_order":4,"comment_status":"closed","ping_status":"closed","template":"theme-projets.php","meta":{"footnotes":""},"class_list":["post-2671","page","type-page","status-publish","has-post-thumbnail","hentry"],"yoast_head":"<!-- This site is optimized with the Yoast SEO plugin v26.6 - https:\/\/yoast.com\/wordpress\/plugins\/seo\/ -->\n<title>Biologie des populations et conservation des esp\u00e8ces end\u00e9miques de la Cara\u00efbe insulaire - Caribaea Initiative<\/title>\n<meta name=\"robots\" content=\"index, follow, max-snippet:-1, max-image-preview:large, max-video-preview:-1\" \/>\n<link rel=\"canonical\" href=\"https:\/\/www.caribaea.org\/fr\/nos-projets\/biologie-des-populations-et-conservation-des-especes-endemiques-de-la-caraibe-insulaire\/\" \/>\n<meta property=\"og:locale\" content=\"fr_FR\" \/>\n<meta property=\"og:type\" content=\"article\" \/>\n<meta property=\"og:title\" content=\"Biologie des populations et conservation des esp\u00e8ces end\u00e9miques de la Cara\u00efbe insulaire - Caribaea Initiative\" \/>\n<meta property=\"og:description\" content=\"Caribaea Initiative contribue \u00e0 la conservation des esp\u00e8ces d&#039;oiseaux end\u00e9miques de la Cara\u00efbe au travers de programmes de recherche qui visent \u00e0 fournir une information fiable sur les tendances d\u00e9mographiques, la s\u00e9lection de l&#039;habitat, le comportement, la diff\u00e9renciation g\u00e9n\u00e9tique et les mouvements inter-\u00eeles, et l&#039;\u00e9tat de sant\u00e9 de plusieurs esp\u00e8ces, particuli\u00e8rement celles expos\u00e9es \u00e0 une [&hellip;]\" \/>\n<meta property=\"og:url\" content=\"https:\/\/www.caribaea.org\/fr\/nos-projets\/biologie-des-populations-et-conservation-des-especes-endemiques-de-la-caraibe-insulaire\/\" \/>\n<meta property=\"og:site_name\" content=\"Caribaea Initiative\" \/>\n<meta property=\"article:modified_time\" content=\"2023-02-07T02:01:33+00:00\" \/>\n<meta property=\"og:image\" content=\"https:\/\/www.caribaea.org\/wp-content\/uploads\/2020\/10\/colombe-a-croissants-900x600-1.jpg\" \/>\n\t<meta property=\"og:image:width\" content=\"900\" \/>\n\t<meta property=\"og:image:height\" content=\"600\" \/>\n\t<meta property=\"og:image:type\" content=\"image\/jpeg\" \/>\n<meta name=\"twitter:card\" content=\"summary_large_image\" \/>\n<meta name=\"twitter:label1\" content=\"Dur\u00e9e de lecture estim\u00e9e\" \/>\n\t<meta name=\"twitter:data1\" content=\"1 minute\" \/>\n<script type=\"application\/ld+json\" class=\"yoast-schema-graph\">{\"@context\":\"https:\/\/schema.org\",\"@graph\":[{\"@type\":\"WebPage\",\"@id\":\"https:\/\/www.caribaea.org\/fr\/nos-projets\/biologie-des-populations-et-conservation-des-especes-endemiques-de-la-caraibe-insulaire\/\",\"url\":\"https:\/\/www.caribaea.org\/fr\/nos-projets\/biologie-des-populations-et-conservation-des-especes-endemiques-de-la-caraibe-insulaire\/\",\"name\":\"Biologie des populations et conservation des esp\u00e8ces end\u00e9miques de la Cara\u00efbe insulaire - Caribaea Initiative\",\"isPartOf\":{\"@id\":\"https:\/\/www.caribaea.org\/en\/#website\"},\"primaryImageOfPage\":{\"@id\":\"https:\/\/www.caribaea.org\/fr\/nos-projets\/biologie-des-populations-et-conservation-des-especes-endemiques-de-la-caraibe-insulaire\/#primaryimage\"},\"image\":{\"@id\":\"https:\/\/www.caribaea.org\/fr\/nos-projets\/biologie-des-populations-et-conservation-des-especes-endemiques-de-la-caraibe-insulaire\/#primaryimage\"},\"thumbnailUrl\":\"https:\/\/www.caribaea.org\/wp-content\/uploads\/2020\/10\/colombe-a-croissants-900x600-1.jpg\",\"datePublished\":\"2020-10-13T03:18:41+00:00\",\"dateModified\":\"2023-02-07T02:01:33+00:00\",\"breadcrumb\":{\"@id\":\"https:\/\/www.caribaea.org\/fr\/nos-projets\/biologie-des-populations-et-conservation-des-especes-endemiques-de-la-caraibe-insulaire\/#breadcrumb\"},\"inLanguage\":\"fr-FR\",\"potentialAction\":[{\"@type\":\"ReadAction\",\"target\":[\"https:\/\/www.caribaea.org\/fr\/nos-projets\/biologie-des-populations-et-conservation-des-especes-endemiques-de-la-caraibe-insulaire\/\"]}]},{\"@type\":\"ImageObject\",\"inLanguage\":\"fr-FR\",\"@id\":\"https:\/\/www.caribaea.org\/fr\/nos-projets\/biologie-des-populations-et-conservation-des-especes-endemiques-de-la-caraibe-insulaire\/#primaryimage\",\"url\":\"https:\/\/www.caribaea.org\/wp-content\/uploads\/2020\/10\/colombe-a-croissants-900x600-1.jpg\",\"contentUrl\":\"https:\/\/www.caribaea.org\/wp-content\/uploads\/2020\/10\/colombe-a-croissants-900x600-1.jpg\",\"width\":900,\"height\":600,\"caption\":\"Geotrygon mystaceca \u00a9 Frantz Delcroix\"},{\"@type\":\"BreadcrumbList\",\"@id\":\"https:\/\/www.caribaea.org\/fr\/nos-projets\/biologie-des-populations-et-conservation-des-especes-endemiques-de-la-caraibe-insulaire\/#breadcrumb\",\"itemListElement\":[{\"@type\":\"ListItem\",\"position\":1,\"name\":\"Accueil\",\"item\":\"https:\/\/www.caribaea.org\/fr\/\"},{\"@type\":\"ListItem\",\"position\":2,\"name\":\"Nos projets\",\"item\":\"https:\/\/www.caribaea.org\/fr\/nos-projets\/\"},{\"@type\":\"ListItem\",\"position\":3,\"name\":\"Biologie des populations et conservation des esp\u00e8ces end\u00e9miques de la Cara\u00efbe insulaire\"}]},{\"@type\":\"WebSite\",\"@id\":\"https:\/\/www.caribaea.org\/en\/#website\",\"url\":\"https:\/\/www.caribaea.org\/en\/\",\"name\":\"Caribaea Initiative\",\"description\":\"\",\"potentialAction\":[{\"@type\":\"SearchAction\",\"target\":{\"@type\":\"EntryPoint\",\"urlTemplate\":\"https:\/\/www.caribaea.org\/en\/?s={search_term_string}\"},\"query-input\":{\"@type\":\"PropertyValueSpecification\",\"valueRequired\":true,\"valueName\":\"search_term_string\"}}],\"inLanguage\":\"fr-FR\"}]}<\/script>\n<!-- \/ Yoast SEO plugin. -->","yoast_head_json":{"title":"Biologie des populations et conservation des esp\u00e8ces end\u00e9miques de la Cara\u00efbe insulaire - Caribaea Initiative","robots":{"index":"index","follow":"follow","max-snippet":"max-snippet:-1","max-image-preview":"max-image-preview:large","max-video-preview":"max-video-preview:-1"},"canonical":"https:\/\/www.caribaea.org\/fr\/nos-projets\/biologie-des-populations-et-conservation-des-especes-endemiques-de-la-caraibe-insulaire\/","og_locale":"fr_FR","og_type":"article","og_title":"Biologie des populations et conservation des esp\u00e8ces end\u00e9miques de la Cara\u00efbe insulaire - Caribaea Initiative","og_description":"Caribaea Initiative contribue \u00e0 la conservation des esp\u00e8ces d'oiseaux end\u00e9miques de la Cara\u00efbe au travers de programmes de recherche qui visent \u00e0 fournir une information fiable sur les tendances d\u00e9mographiques, la s\u00e9lection de l'habitat, le comportement, la diff\u00e9renciation g\u00e9n\u00e9tique et les mouvements inter-\u00eeles, et l'\u00e9tat de sant\u00e9 de plusieurs esp\u00e8ces, particuli\u00e8rement celles expos\u00e9es \u00e0 une [&hellip;]","og_url":"https:\/\/www.caribaea.org\/fr\/nos-projets\/biologie-des-populations-et-conservation-des-especes-endemiques-de-la-caraibe-insulaire\/","og_site_name":"Caribaea Initiative","article_modified_time":"2023-02-07T02:01:33+00:00","og_image":[{"width":900,"height":600,"url":"https:\/\/www.caribaea.org\/wp-content\/uploads\/2020\/10\/colombe-a-croissants-900x600-1.jpg","type":"image\/jpeg"}],"twitter_card":"summary_large_image","twitter_misc":{"Dur\u00e9e de lecture estim\u00e9e":"1 minute"},"schema":{"@context":"https:\/\/schema.org","@graph":[{"@type":"WebPage","@id":"https:\/\/www.caribaea.org\/fr\/nos-projets\/biologie-des-populations-et-conservation-des-especes-endemiques-de-la-caraibe-insulaire\/","url":"https:\/\/www.caribaea.org\/fr\/nos-projets\/biologie-des-populations-et-conservation-des-especes-endemiques-de-la-caraibe-insulaire\/","name":"Biologie des populations et conservation des esp\u00e8ces end\u00e9miques de la Cara\u00efbe insulaire - Caribaea Initiative","isPartOf":{"@id":"https:\/\/www.caribaea.org\/en\/#website"},"primaryImageOfPage":{"@id":"https:\/\/www.caribaea.org\/fr\/nos-projets\/biologie-des-populations-et-conservation-des-especes-endemiques-de-la-caraibe-insulaire\/#primaryimage"},"image":{"@id":"https:\/\/www.caribaea.org\/fr\/nos-projets\/biologie-des-populations-et-conservation-des-especes-endemiques-de-la-caraibe-insulaire\/#primaryimage"},"thumbnailUrl":"https:\/\/www.caribaea.org\/wp-content\/uploads\/2020\/10\/colombe-a-croissants-900x600-1.jpg","datePublished":"2020-10-13T03:18:41+00:00","dateModified":"2023-02-07T02:01:33+00:00","breadcrumb":{"@id":"https:\/\/www.caribaea.org\/fr\/nos-projets\/biologie-des-populations-et-conservation-des-especes-endemiques-de-la-caraibe-insulaire\/#breadcrumb"},"inLanguage":"fr-FR","potentialAction":[{"@type":"ReadAction","target":["https:\/\/www.caribaea.org\/fr\/nos-projets\/biologie-des-populations-et-conservation-des-especes-endemiques-de-la-caraibe-insulaire\/"]}]},{"@type":"ImageObject","inLanguage":"fr-FR","@id":"https:\/\/www.caribaea.org\/fr\/nos-projets\/biologie-des-populations-et-conservation-des-especes-endemiques-de-la-caraibe-insulaire\/#primaryimage","url":"https:\/\/www.caribaea.org\/wp-content\/uploads\/2020\/10\/colombe-a-croissants-900x600-1.jpg","contentUrl":"https:\/\/www.caribaea.org\/wp-content\/uploads\/2020\/10\/colombe-a-croissants-900x600-1.jpg","width":900,"height":600,"caption":"Geotrygon mystaceca \u00a9 Frantz Delcroix"},{"@type":"BreadcrumbList","@id":"https:\/\/www.caribaea.org\/fr\/nos-projets\/biologie-des-populations-et-conservation-des-especes-endemiques-de-la-caraibe-insulaire\/#breadcrumb","itemListElement":[{"@type":"ListItem","position":1,"name":"Accueil","item":"https:\/\/www.caribaea.org\/fr\/"},{"@type":"ListItem","position":2,"name":"Nos projets","item":"https:\/\/www.caribaea.org\/fr\/nos-projets\/"},{"@type":"ListItem","position":3,"name":"Biologie des populations et conservation des esp\u00e8ces end\u00e9miques de la Cara\u00efbe insulaire"}]},{"@type":"WebSite","@id":"https:\/\/www.caribaea.org\/en\/#website","url":"https:\/\/www.caribaea.org\/en\/","name":"Caribaea Initiative","description":"","potentialAction":[{"@type":"SearchAction","target":{"@type":"EntryPoint","urlTemplate":"https:\/\/www.caribaea.org\/en\/?s={search_term_string}"},"query-input":{"@type":"PropertyValueSpecification","valueRequired":true,"valueName":"search_term_string"}}],"inLanguage":"fr-FR"}]}},"_links":{"self":[{"href":"https:\/\/www.caribaea.org\/fr\/wp-json\/wp\/v2\/pages\/2671","targetHints":{"allow":["GET"]}}],"collection":[{"href":"https:\/\/www.caribaea.org\/fr\/wp-json\/wp\/v2\/pages"}],"about":[{"href":"https:\/\/www.caribaea.org\/fr\/wp-json\/wp\/v2\/types\/page"}],"author":[{"embeddable":true,"href":"https:\/\/www.caribaea.org\/fr\/wp-json\/wp\/v2\/users\/1"}],"replies":[{"embeddable":true,"href":"https:\/\/www.caribaea.org\/fr\/wp-json\/wp\/v2\/comments?post=2671"}],"version-history":[{"count":3,"href":"https:\/\/www.caribaea.org\/fr\/wp-json\/wp\/v2\/pages\/2671\/revisions"}],"predecessor-version":[{"id":5664,"href":"https:\/\/www.caribaea.org\/fr\/wp-json\/wp\/v2\/pages\/2671\/revisions\/5664"}],"up":[{"embeddable":true,"href":"https:\/\/www.caribaea.org\/fr\/wp-json\/wp\/v2\/pages\/2669"}],"wp:featuredmedia":[{"embeddable":true,"href":"https:\/\/www.caribaea.org\/fr\/wp-json\/wp\/v2\/media\/3017"}],"wp:attachment":[{"href":"https:\/\/www.caribaea.org\/fr\/wp-json\/wp\/v2\/media?parent=2671"}],"curies":[{"name":"wp","href":"https:\/\/api.w.org\/{rel}","templated":true}]}}