{"id":2674,"date":"2020-10-13T05:21:49","date_gmt":"2020-10-13T03:21:49","guid":{"rendered":"https:\/\/www.caribaea.org\/?page_id=2674"},"modified":"2023-02-07T03:01:42","modified_gmt":"2023-02-07T02:01:42","slug":"adaptation-des-especes-endemiques-de-la-caraibe-insulaire-au-changement-climatique","status":"publish","type":"page","link":"https:\/\/www.caribaea.org\/fr\/nos-projets\/adaptation-des-especes-endemiques-de-la-caraibe-insulaire-au-changement-climatique\/","title":{"rendered":"Adaptation des esp\u00e8ces end\u00e9miques de la Cara\u00efbe insulaire au changement climatique"},"content":{"rendered":"<div id=\"pl-2674\"  class=\"panel-layout\" ><div id=\"pg-2674-0\"  class=\"panel-grid panel-no-style\" ><div id=\"pgc-2674-0-0\"  class=\"panel-grid-cell\" ><div id=\"panel-2674-0-0-0\" class=\"so-panel widget widget_sow-editor panel-first-child panel-last-child\" data-index=\"0\" ><div\n\t\t\t\n\t\t\tclass=\"so-widget-sow-editor so-widget-sow-editor-base\"\n\t\t\t\n\t\t>\n<div class=\"siteorigin-widget-tinymce textwidget\">\n\t<p class=\"lead\">Une question cruciale en biologie de la conservation est de savoir dans quelle mesure les esp\u00e8ces peuvent faire face au changement climatique. Pour y r\u00e9pondre, les chercheurs doivent combiner des observations sur le terrain avec des exp\u00e9rimentations soigneusement ex\u00e9cut\u00e9es. Les r\u00e9sultats obtenus aideront \u00e0 \u00e9tablir des pr\u00e9dictions sur les tendances d\u00e9mographiques et les d\u00e9placements des populations et \u00e0 formuler des recommandations de gestion.<\/p>\n<p>Nous avons d\u00e9j\u00e0 initi\u00e9 plusieurs projets sur l'\u00e9cologie thermique d'esp\u00e8ces de l\u00e9zards, et d\u00e9veloppons \u00e9galement des projets sur d'autres esp\u00e8ces end\u00e9miques de la Cara\u00efbe insulaire.<\/p>\n<\/div>\n<\/div><\/div><\/div><\/div><\/div>","protected":false},"excerpt":{"rendered":"<p>Une question cruciale en biologie de la conservation est de savoir dans quelle mesure les esp\u00e8ces peuvent faire face au changement climatique. Pour y r\u00e9pondre, les chercheurs doivent combiner des observations sur le terrain avec des exp\u00e9rimentations soigneusement ex\u00e9cut\u00e9es. Les r\u00e9sultats obtenus aideront \u00e0 \u00e9tablir des pr\u00e9dictions sur les tendances d\u00e9mographiques et les d\u00e9placements des [&hellip;]<\/p>\n","protected":false},"author":1,"featured_media":3018,"parent":2669,"menu_order":5,"comment_status":"closed","ping_status":"closed","template":"theme-projets.php","meta":{"footnotes":""},"class_list":["post-2674","page","type-page","status-publish","has-post-thumbnail","hentry"],"yoast_head":"<!-- This site is optimized with the Yoast SEO plugin v26.6 - https:\/\/yoast.com\/wordpress\/plugins\/seo\/ -->\n<title>Adaptation des esp\u00e8ces end\u00e9miques de la Cara\u00efbe insulaire au changement climatique - Caribaea Initiative<\/title>\n<meta name=\"robots\" content=\"index, follow, max-snippet:-1, max-image-preview:large, max-video-preview:-1\" \/>\n<link rel=\"canonical\" href=\"https:\/\/www.caribaea.org\/fr\/nos-projets\/adaptation-des-especes-endemiques-de-la-caraibe-insulaire-au-changement-climatique\/\" \/>\n<meta property=\"og:locale\" content=\"fr_FR\" \/>\n<meta property=\"og:type\" content=\"article\" \/>\n<meta property=\"og:title\" content=\"Adaptation des esp\u00e8ces end\u00e9miques de la Cara\u00efbe insulaire au changement climatique - Caribaea Initiative\" \/>\n<meta property=\"og:description\" content=\"Une question cruciale en biologie de la conservation est de savoir dans quelle mesure les esp\u00e8ces peuvent faire face au changement climatique. Pour y r\u00e9pondre, les chercheurs doivent combiner des observations sur le terrain avec des exp\u00e9rimentations soigneusement ex\u00e9cut\u00e9es. Les r\u00e9sultats obtenus aideront \u00e0 \u00e9tablir des pr\u00e9dictions sur les tendances d\u00e9mographiques et les d\u00e9placements des [&hellip;]\" \/>\n<meta property=\"og:url\" content=\"https:\/\/www.caribaea.org\/fr\/nos-projets\/adaptation-des-especes-endemiques-de-la-caraibe-insulaire-au-changement-climatique\/\" \/>\n<meta property=\"og:site_name\" content=\"Caribaea Initiative\" \/>\n<meta property=\"article:modified_time\" content=\"2023-02-07T02:01:42+00:00\" \/>\n<meta property=\"og:image\" content=\"https:\/\/www.caribaea.org\/wp-content\/uploads\/2020\/05\/anolis-porcatus-900x600-1.jpg\" \/>\n\t<meta property=\"og:image:width\" content=\"900\" \/>\n\t<meta property=\"og:image:height\" content=\"600\" \/>\n\t<meta property=\"og:image:type\" content=\"image\/jpeg\" \/>\n<meta name=\"twitter:card\" content=\"summary_large_image\" \/>\n<meta name=\"twitter:label1\" content=\"Dur\u00e9e de lecture estim\u00e9e\" \/>\n\t<meta name=\"twitter:data1\" content=\"1 minute\" \/>\n<script type=\"application\/ld+json\" class=\"yoast-schema-graph\">{\"@context\":\"https:\/\/schema.org\",\"@graph\":[{\"@type\":\"WebPage\",\"@id\":\"https:\/\/www.caribaea.org\/fr\/nos-projets\/adaptation-des-especes-endemiques-de-la-caraibe-insulaire-au-changement-climatique\/\",\"url\":\"https:\/\/www.caribaea.org\/fr\/nos-projets\/adaptation-des-especes-endemiques-de-la-caraibe-insulaire-au-changement-climatique\/\",\"name\":\"Adaptation des esp\u00e8ces end\u00e9miques de la Cara\u00efbe insulaire au changement climatique - Caribaea Initiative\",\"isPartOf\":{\"@id\":\"https:\/\/www.caribaea.org\/en\/#website\"},\"primaryImageOfPage\":{\"@id\":\"https:\/\/www.caribaea.org\/fr\/nos-projets\/adaptation-des-especes-endemiques-de-la-caraibe-insulaire-au-changement-climatique\/#primaryimage\"},\"image\":{\"@id\":\"https:\/\/www.caribaea.org\/fr\/nos-projets\/adaptation-des-especes-endemiques-de-la-caraibe-insulaire-au-changement-climatique\/#primaryimage\"},\"thumbnailUrl\":\"https:\/\/www.caribaea.org\/wp-content\/uploads\/2020\/05\/anolis-porcatus-900x600-1.jpg\",\"datePublished\":\"2020-10-13T03:21:49+00:00\",\"dateModified\":\"2023-02-07T02:01:42+00:00\",\"breadcrumb\":{\"@id\":\"https:\/\/www.caribaea.org\/fr\/nos-projets\/adaptation-des-especes-endemiques-de-la-caraibe-insulaire-au-changement-climatique\/#breadcrumb\"},\"inLanguage\":\"fr-FR\",\"potentialAction\":[{\"@type\":\"ReadAction\",\"target\":[\"https:\/\/www.caribaea.org\/fr\/nos-projets\/adaptation-des-especes-endemiques-de-la-caraibe-insulaire-au-changement-climatique\/\"]}]},{\"@type\":\"ImageObject\",\"inLanguage\":\"fr-FR\",\"@id\":\"https:\/\/www.caribaea.org\/fr\/nos-projets\/adaptation-des-especes-endemiques-de-la-caraibe-insulaire-au-changement-climatique\/#primaryimage\",\"url\":\"https:\/\/www.caribaea.org\/wp-content\/uploads\/2020\/05\/anolis-porcatus-900x600-1.jpg\",\"contentUrl\":\"https:\/\/www.caribaea.org\/wp-content\/uploads\/2020\/05\/anolis-porcatus-900x600-1.jpg\",\"width\":900,\"height\":600,\"caption\":\"Anolis porcatus \u00a9 Raimundo L\u00f3pez-Silvero\"},{\"@type\":\"BreadcrumbList\",\"@id\":\"https:\/\/www.caribaea.org\/fr\/nos-projets\/adaptation-des-especes-endemiques-de-la-caraibe-insulaire-au-changement-climatique\/#breadcrumb\",\"itemListElement\":[{\"@type\":\"ListItem\",\"position\":1,\"name\":\"Accueil\",\"item\":\"https:\/\/www.caribaea.org\/fr\/\"},{\"@type\":\"ListItem\",\"position\":2,\"name\":\"Nos projets\",\"item\":\"https:\/\/www.caribaea.org\/fr\/nos-projets\/\"},{\"@type\":\"ListItem\",\"position\":3,\"name\":\"Adaptation des esp\u00e8ces end\u00e9miques de la Cara\u00efbe insulaire au changement climatique\"}]},{\"@type\":\"WebSite\",\"@id\":\"https:\/\/www.caribaea.org\/en\/#website\",\"url\":\"https:\/\/www.caribaea.org\/en\/\",\"name\":\"Caribaea Initiative\",\"description\":\"\",\"potentialAction\":[{\"@type\":\"SearchAction\",\"target\":{\"@type\":\"EntryPoint\",\"urlTemplate\":\"https:\/\/www.caribaea.org\/en\/?s={search_term_string}\"},\"query-input\":{\"@type\":\"PropertyValueSpecification\",\"valueRequired\":true,\"valueName\":\"search_term_string\"}}],\"inLanguage\":\"fr-FR\"}]}<\/script>\n<!-- \/ Yoast SEO plugin. -->","yoast_head_json":{"title":"Adaptation des esp\u00e8ces end\u00e9miques de la Cara\u00efbe insulaire au changement climatique - Caribaea Initiative","robots":{"index":"index","follow":"follow","max-snippet":"max-snippet:-1","max-image-preview":"max-image-preview:large","max-video-preview":"max-video-preview:-1"},"canonical":"https:\/\/www.caribaea.org\/fr\/nos-projets\/adaptation-des-especes-endemiques-de-la-caraibe-insulaire-au-changement-climatique\/","og_locale":"fr_FR","og_type":"article","og_title":"Adaptation des esp\u00e8ces end\u00e9miques de la Cara\u00efbe insulaire au changement climatique - Caribaea Initiative","og_description":"Une question cruciale en biologie de la conservation est de savoir dans quelle mesure les esp\u00e8ces peuvent faire face au changement climatique. Pour y r\u00e9pondre, les chercheurs doivent combiner des observations sur le terrain avec des exp\u00e9rimentations soigneusement ex\u00e9cut\u00e9es. Les r\u00e9sultats obtenus aideront \u00e0 \u00e9tablir des pr\u00e9dictions sur les tendances d\u00e9mographiques et les d\u00e9placements des [&hellip;]","og_url":"https:\/\/www.caribaea.org\/fr\/nos-projets\/adaptation-des-especes-endemiques-de-la-caraibe-insulaire-au-changement-climatique\/","og_site_name":"Caribaea Initiative","article_modified_time":"2023-02-07T02:01:42+00:00","og_image":[{"width":900,"height":600,"url":"https:\/\/www.caribaea.org\/wp-content\/uploads\/2020\/05\/anolis-porcatus-900x600-1.jpg","type":"image\/jpeg"}],"twitter_card":"summary_large_image","twitter_misc":{"Dur\u00e9e de lecture estim\u00e9e":"1 minute"},"schema":{"@context":"https:\/\/schema.org","@graph":[{"@type":"WebPage","@id":"https:\/\/www.caribaea.org\/fr\/nos-projets\/adaptation-des-especes-endemiques-de-la-caraibe-insulaire-au-changement-climatique\/","url":"https:\/\/www.caribaea.org\/fr\/nos-projets\/adaptation-des-especes-endemiques-de-la-caraibe-insulaire-au-changement-climatique\/","name":"Adaptation des esp\u00e8ces end\u00e9miques de la Cara\u00efbe insulaire au changement climatique - Caribaea Initiative","isPartOf":{"@id":"https:\/\/www.caribaea.org\/en\/#website"},"primaryImageOfPage":{"@id":"https:\/\/www.caribaea.org\/fr\/nos-projets\/adaptation-des-especes-endemiques-de-la-caraibe-insulaire-au-changement-climatique\/#primaryimage"},"image":{"@id":"https:\/\/www.caribaea.org\/fr\/nos-projets\/adaptation-des-especes-endemiques-de-la-caraibe-insulaire-au-changement-climatique\/#primaryimage"},"thumbnailUrl":"https:\/\/www.caribaea.org\/wp-content\/uploads\/2020\/05\/anolis-porcatus-900x600-1.jpg","datePublished":"2020-10-13T03:21:49+00:00","dateModified":"2023-02-07T02:01:42+00:00","breadcrumb":{"@id":"https:\/\/www.caribaea.org\/fr\/nos-projets\/adaptation-des-especes-endemiques-de-la-caraibe-insulaire-au-changement-climatique\/#breadcrumb"},"inLanguage":"fr-FR","potentialAction":[{"@type":"ReadAction","target":["https:\/\/www.caribaea.org\/fr\/nos-projets\/adaptation-des-especes-endemiques-de-la-caraibe-insulaire-au-changement-climatique\/"]}]},{"@type":"ImageObject","inLanguage":"fr-FR","@id":"https:\/\/www.caribaea.org\/fr\/nos-projets\/adaptation-des-especes-endemiques-de-la-caraibe-insulaire-au-changement-climatique\/#primaryimage","url":"https:\/\/www.caribaea.org\/wp-content\/uploads\/2020\/05\/anolis-porcatus-900x600-1.jpg","contentUrl":"https:\/\/www.caribaea.org\/wp-content\/uploads\/2020\/05\/anolis-porcatus-900x600-1.jpg","width":900,"height":600,"caption":"Anolis porcatus \u00a9 Raimundo L\u00f3pez-Silvero"},{"@type":"BreadcrumbList","@id":"https:\/\/www.caribaea.org\/fr\/nos-projets\/adaptation-des-especes-endemiques-de-la-caraibe-insulaire-au-changement-climatique\/#breadcrumb","itemListElement":[{"@type":"ListItem","position":1,"name":"Accueil","item":"https:\/\/www.caribaea.org\/fr\/"},{"@type":"ListItem","position":2,"name":"Nos projets","item":"https:\/\/www.caribaea.org\/fr\/nos-projets\/"},{"@type":"ListItem","position":3,"name":"Adaptation des esp\u00e8ces end\u00e9miques de la Cara\u00efbe insulaire au changement climatique"}]},{"@type":"WebSite","@id":"https:\/\/www.caribaea.org\/en\/#website","url":"https:\/\/www.caribaea.org\/en\/","name":"Caribaea Initiative","description":"","potentialAction":[{"@type":"SearchAction","target":{"@type":"EntryPoint","urlTemplate":"https:\/\/www.caribaea.org\/en\/?s={search_term_string}"},"query-input":{"@type":"PropertyValueSpecification","valueRequired":true,"valueName":"search_term_string"}}],"inLanguage":"fr-FR"}]}},"_links":{"self":[{"href":"https:\/\/www.caribaea.org\/fr\/wp-json\/wp\/v2\/pages\/2674","targetHints":{"allow":["GET"]}}],"collection":[{"href":"https:\/\/www.caribaea.org\/fr\/wp-json\/wp\/v2\/pages"}],"about":[{"href":"https:\/\/www.caribaea.org\/fr\/wp-json\/wp\/v2\/types\/page"}],"author":[{"embeddable":true,"href":"https:\/\/www.caribaea.org\/fr\/wp-json\/wp\/v2\/users\/1"}],"replies":[{"embeddable":true,"href":"https:\/\/www.caribaea.org\/fr\/wp-json\/wp\/v2\/comments?post=2674"}],"version-history":[{"count":3,"href":"https:\/\/www.caribaea.org\/fr\/wp-json\/wp\/v2\/pages\/2674\/revisions"}],"predecessor-version":[{"id":5646,"href":"https:\/\/www.caribaea.org\/fr\/wp-json\/wp\/v2\/pages\/2674\/revisions\/5646"}],"up":[{"embeddable":true,"href":"https:\/\/www.caribaea.org\/fr\/wp-json\/wp\/v2\/pages\/2669"}],"wp:featuredmedia":[{"embeddable":true,"href":"https:\/\/www.caribaea.org\/fr\/wp-json\/wp\/v2\/media\/3018"}],"wp:attachment":[{"href":"https:\/\/www.caribaea.org\/fr\/wp-json\/wp\/v2\/media?parent=2674"}],"curies":[{"name":"wp","href":"https:\/\/api.w.org\/{rel}","templated":true}]}}