{"id":2677,"date":"2020-10-13T05:24:13","date_gmt":"2020-10-13T03:24:13","guid":{"rendered":"https:\/\/www.caribaea.org\/?page_id=2677"},"modified":"2023-02-07T03:00:08","modified_gmt":"2023-02-07T02:00:08","slug":"conservation-et-ecologie-urbaine-dans-la-caraibe-insulaire","status":"publish","type":"page","link":"https:\/\/www.caribaea.org\/fr\/nos-projets\/conservation-et-ecologie-urbaine-dans-la-caraibe-insulaire\/","title":{"rendered":"Conservation et \u00e9cologie urbaine dans la Cara\u00efbe insulaire"},"content":{"rendered":"<div id=\"pl-2677\"  class=\"panel-layout\" ><div id=\"pg-2677-0\"  class=\"panel-grid panel-no-style\" ><div id=\"pgc-2677-0-0\"  class=\"panel-grid-cell\" ><div id=\"panel-2677-0-0-0\" class=\"so-panel widget widget_sow-editor panel-first-child panel-last-child\" data-index=\"0\" ><div\n\t\t\t\n\t\t\tclass=\"so-widget-sow-editor so-widget-sow-editor-base\"\n\t\t\t\n\t\t>\n<div class=\"siteorigin-widget-tinymce textwidget\">\n\t<p class=\"lead\">Une des sources principales de modification de l'environnement au 21<sup>\u00e8me<\/sup> si\u00e8cle est la croissance rapide de la population dans les zones urbaines. A l'heure actuelle, 54% de la population humaine mondiale vit en zone urbaine, et il pr\u00e9vu que cette proportion atteigne 66% en 2050. La Cara\u00efbe insulaire est particuli\u00e8rement concern\u00e9e.<\/p>\n<p>L'\u00e9cologie urbaine s'int\u00e9resse \u00e0 l'\u00e9cologie des organismes vivants qui occupent l'espace urbain et la durabilit\u00e9 des villes, ce qui inclut le maintien d'assemblages d'esp\u00e8ces riches et diversifi\u00e9s gr\u00e2ce \u00e0 une gestion adapt\u00e9e.<\/p>\n<p>Caribaea initiative \u0153uvre au d\u00e9veloppement de l'\u00e9cologie urbaine dans la Cara\u00efbe en soutenant des projets de recherche originaux et innovants.<\/p>\n<\/div>\n<\/div><\/div><\/div><\/div><\/div>","protected":false},"excerpt":{"rendered":"<p>Une des sources principales de modification de l&rsquo;environnement au 21\u00e8me si\u00e8cle est la croissance rapide de la population dans les zones urbaines. A l&rsquo;heure actuelle, 54% de la population humaine mondiale vit en zone urbaine, et il pr\u00e9vu que cette proportion atteigne 66% en 2050. La Cara\u00efbe insulaire est particuli\u00e8rement concern\u00e9e. L&rsquo;\u00e9cologie urbaine s&rsquo;int\u00e9resse \u00e0 [&hellip;]<\/p>\n","protected":false},"author":1,"featured_media":3020,"parent":2669,"menu_order":6,"comment_status":"closed","ping_status":"closed","template":"theme-projets.php","meta":{"footnotes":""},"class_list":["post-2677","page","type-page","status-publish","has-post-thumbnail","hentry"],"yoast_head":"<!-- This site is optimized with the Yoast SEO plugin v26.6 - https:\/\/yoast.com\/wordpress\/plugins\/seo\/ -->\n<title>Conservation et \u00e9cologie urbaine dans la Cara\u00efbe insulaire - Caribaea Initiative<\/title>\n<meta name=\"robots\" content=\"index, follow, max-snippet:-1, max-image-preview:large, max-video-preview:-1\" \/>\n<link rel=\"canonical\" href=\"https:\/\/www.caribaea.org\/fr\/nos-projets\/conservation-et-ecologie-urbaine-dans-la-caraibe-insulaire\/\" \/>\n<meta property=\"og:locale\" content=\"fr_FR\" \/>\n<meta property=\"og:type\" content=\"article\" \/>\n<meta property=\"og:title\" content=\"Conservation et \u00e9cologie urbaine dans la Cara\u00efbe insulaire - Caribaea Initiative\" \/>\n<meta property=\"og:description\" content=\"Une des sources principales de modification de l&#039;environnement au 21\u00e8me si\u00e8cle est la croissance rapide de la population dans les zones urbaines. A l&#039;heure actuelle, 54% de la population humaine mondiale vit en zone urbaine, et il pr\u00e9vu que cette proportion atteigne 66% en 2050. La Cara\u00efbe insulaire est particuli\u00e8rement concern\u00e9e. L&#039;\u00e9cologie urbaine s&#039;int\u00e9resse \u00e0 [&hellip;]\" \/>\n<meta property=\"og:url\" content=\"https:\/\/www.caribaea.org\/fr\/nos-projets\/conservation-et-ecologie-urbaine-dans-la-caraibe-insulaire\/\" \/>\n<meta property=\"og:site_name\" content=\"Caribaea Initiative\" \/>\n<meta property=\"article:modified_time\" content=\"2023-02-07T02:00:08+00:00\" \/>\n<meta property=\"og:image\" content=\"https:\/\/www.caribaea.org\/wp-content\/uploads\/2020\/10\/black-crowned-palm-tanager-900x600-1.jpg\" \/>\n\t<meta property=\"og:image:width\" content=\"900\" \/>\n\t<meta property=\"og:image:height\" content=\"600\" \/>\n\t<meta property=\"og:image:type\" content=\"image\/jpeg\" \/>\n<meta name=\"twitter:card\" content=\"summary_large_image\" \/>\n<meta name=\"twitter:label1\" content=\"Dur\u00e9e de lecture estim\u00e9e\" \/>\n\t<meta name=\"twitter:data1\" content=\"1 minute\" \/>\n<script type=\"application\/ld+json\" class=\"yoast-schema-graph\">{\"@context\":\"https:\/\/schema.org\",\"@graph\":[{\"@type\":\"WebPage\",\"@id\":\"https:\/\/www.caribaea.org\/fr\/nos-projets\/conservation-et-ecologie-urbaine-dans-la-caraibe-insulaire\/\",\"url\":\"https:\/\/www.caribaea.org\/fr\/nos-projets\/conservation-et-ecologie-urbaine-dans-la-caraibe-insulaire\/\",\"name\":\"Conservation et \u00e9cologie urbaine dans la Cara\u00efbe insulaire - Caribaea Initiative\",\"isPartOf\":{\"@id\":\"https:\/\/www.caribaea.org\/en\/#website\"},\"primaryImageOfPage\":{\"@id\":\"https:\/\/www.caribaea.org\/fr\/nos-projets\/conservation-et-ecologie-urbaine-dans-la-caraibe-insulaire\/#primaryimage\"},\"image\":{\"@id\":\"https:\/\/www.caribaea.org\/fr\/nos-projets\/conservation-et-ecologie-urbaine-dans-la-caraibe-insulaire\/#primaryimage\"},\"thumbnailUrl\":\"https:\/\/www.caribaea.org\/wp-content\/uploads\/2020\/10\/black-crowned-palm-tanager-900x600-1.jpg\",\"datePublished\":\"2020-10-13T03:24:13+00:00\",\"dateModified\":\"2023-02-07T02:00:08+00:00\",\"breadcrumb\":{\"@id\":\"https:\/\/www.caribaea.org\/fr\/nos-projets\/conservation-et-ecologie-urbaine-dans-la-caraibe-insulaire\/#breadcrumb\"},\"inLanguage\":\"fr-FR\",\"potentialAction\":[{\"@type\":\"ReadAction\",\"target\":[\"https:\/\/www.caribaea.org\/fr\/nos-projets\/conservation-et-ecologie-urbaine-dans-la-caraibe-insulaire\/\"]}]},{\"@type\":\"ImageObject\",\"inLanguage\":\"fr-FR\",\"@id\":\"https:\/\/www.caribaea.org\/fr\/nos-projets\/conservation-et-ecologie-urbaine-dans-la-caraibe-insulaire\/#primaryimage\",\"url\":\"https:\/\/www.caribaea.org\/wp-content\/uploads\/2020\/10\/black-crowned-palm-tanager-900x600-1.jpg\",\"contentUrl\":\"https:\/\/www.caribaea.org\/wp-content\/uploads\/2020\/10\/black-crowned-palm-tanager-900x600-1.jpg\",\"width\":900,\"height\":600},{\"@type\":\"BreadcrumbList\",\"@id\":\"https:\/\/www.caribaea.org\/fr\/nos-projets\/conservation-et-ecologie-urbaine-dans-la-caraibe-insulaire\/#breadcrumb\",\"itemListElement\":[{\"@type\":\"ListItem\",\"position\":1,\"name\":\"Accueil\",\"item\":\"https:\/\/www.caribaea.org\/fr\/\"},{\"@type\":\"ListItem\",\"position\":2,\"name\":\"Nos projets\",\"item\":\"https:\/\/www.caribaea.org\/fr\/nos-projets\/\"},{\"@type\":\"ListItem\",\"position\":3,\"name\":\"Conservation et \u00e9cologie urbaine dans la Cara\u00efbe insulaire\"}]},{\"@type\":\"WebSite\",\"@id\":\"https:\/\/www.caribaea.org\/en\/#website\",\"url\":\"https:\/\/www.caribaea.org\/en\/\",\"name\":\"Caribaea Initiative\",\"description\":\"\",\"potentialAction\":[{\"@type\":\"SearchAction\",\"target\":{\"@type\":\"EntryPoint\",\"urlTemplate\":\"https:\/\/www.caribaea.org\/en\/?s={search_term_string}\"},\"query-input\":{\"@type\":\"PropertyValueSpecification\",\"valueRequired\":true,\"valueName\":\"search_term_string\"}}],\"inLanguage\":\"fr-FR\"}]}<\/script>\n<!-- \/ Yoast SEO plugin. -->","yoast_head_json":{"title":"Conservation et \u00e9cologie urbaine dans la Cara\u00efbe insulaire - Caribaea Initiative","robots":{"index":"index","follow":"follow","max-snippet":"max-snippet:-1","max-image-preview":"max-image-preview:large","max-video-preview":"max-video-preview:-1"},"canonical":"https:\/\/www.caribaea.org\/fr\/nos-projets\/conservation-et-ecologie-urbaine-dans-la-caraibe-insulaire\/","og_locale":"fr_FR","og_type":"article","og_title":"Conservation et \u00e9cologie urbaine dans la Cara\u00efbe insulaire - Caribaea Initiative","og_description":"Une des sources principales de modification de l'environnement au 21\u00e8me si\u00e8cle est la croissance rapide de la population dans les zones urbaines. A l'heure actuelle, 54% de la population humaine mondiale vit en zone urbaine, et il pr\u00e9vu que cette proportion atteigne 66% en 2050. La Cara\u00efbe insulaire est particuli\u00e8rement concern\u00e9e. L'\u00e9cologie urbaine s'int\u00e9resse \u00e0 [&hellip;]","og_url":"https:\/\/www.caribaea.org\/fr\/nos-projets\/conservation-et-ecologie-urbaine-dans-la-caraibe-insulaire\/","og_site_name":"Caribaea Initiative","article_modified_time":"2023-02-07T02:00:08+00:00","og_image":[{"width":900,"height":600,"url":"https:\/\/www.caribaea.org\/wp-content\/uploads\/2020\/10\/black-crowned-palm-tanager-900x600-1.jpg","type":"image\/jpeg"}],"twitter_card":"summary_large_image","twitter_misc":{"Dur\u00e9e de lecture estim\u00e9e":"1 minute"},"schema":{"@context":"https:\/\/schema.org","@graph":[{"@type":"WebPage","@id":"https:\/\/www.caribaea.org\/fr\/nos-projets\/conservation-et-ecologie-urbaine-dans-la-caraibe-insulaire\/","url":"https:\/\/www.caribaea.org\/fr\/nos-projets\/conservation-et-ecologie-urbaine-dans-la-caraibe-insulaire\/","name":"Conservation et \u00e9cologie urbaine dans la Cara\u00efbe insulaire - Caribaea Initiative","isPartOf":{"@id":"https:\/\/www.caribaea.org\/en\/#website"},"primaryImageOfPage":{"@id":"https:\/\/www.caribaea.org\/fr\/nos-projets\/conservation-et-ecologie-urbaine-dans-la-caraibe-insulaire\/#primaryimage"},"image":{"@id":"https:\/\/www.caribaea.org\/fr\/nos-projets\/conservation-et-ecologie-urbaine-dans-la-caraibe-insulaire\/#primaryimage"},"thumbnailUrl":"https:\/\/www.caribaea.org\/wp-content\/uploads\/2020\/10\/black-crowned-palm-tanager-900x600-1.jpg","datePublished":"2020-10-13T03:24:13+00:00","dateModified":"2023-02-07T02:00:08+00:00","breadcrumb":{"@id":"https:\/\/www.caribaea.org\/fr\/nos-projets\/conservation-et-ecologie-urbaine-dans-la-caraibe-insulaire\/#breadcrumb"},"inLanguage":"fr-FR","potentialAction":[{"@type":"ReadAction","target":["https:\/\/www.caribaea.org\/fr\/nos-projets\/conservation-et-ecologie-urbaine-dans-la-caraibe-insulaire\/"]}]},{"@type":"ImageObject","inLanguage":"fr-FR","@id":"https:\/\/www.caribaea.org\/fr\/nos-projets\/conservation-et-ecologie-urbaine-dans-la-caraibe-insulaire\/#primaryimage","url":"https:\/\/www.caribaea.org\/wp-content\/uploads\/2020\/10\/black-crowned-palm-tanager-900x600-1.jpg","contentUrl":"https:\/\/www.caribaea.org\/wp-content\/uploads\/2020\/10\/black-crowned-palm-tanager-900x600-1.jpg","width":900,"height":600},{"@type":"BreadcrumbList","@id":"https:\/\/www.caribaea.org\/fr\/nos-projets\/conservation-et-ecologie-urbaine-dans-la-caraibe-insulaire\/#breadcrumb","itemListElement":[{"@type":"ListItem","position":1,"name":"Accueil","item":"https:\/\/www.caribaea.org\/fr\/"},{"@type":"ListItem","position":2,"name":"Nos projets","item":"https:\/\/www.caribaea.org\/fr\/nos-projets\/"},{"@type":"ListItem","position":3,"name":"Conservation et \u00e9cologie urbaine dans la Cara\u00efbe insulaire"}]},{"@type":"WebSite","@id":"https:\/\/www.caribaea.org\/en\/#website","url":"https:\/\/www.caribaea.org\/en\/","name":"Caribaea Initiative","description":"","potentialAction":[{"@type":"SearchAction","target":{"@type":"EntryPoint","urlTemplate":"https:\/\/www.caribaea.org\/en\/?s={search_term_string}"},"query-input":{"@type":"PropertyValueSpecification","valueRequired":true,"valueName":"search_term_string"}}],"inLanguage":"fr-FR"}]}},"_links":{"self":[{"href":"https:\/\/www.caribaea.org\/fr\/wp-json\/wp\/v2\/pages\/2677","targetHints":{"allow":["GET"]}}],"collection":[{"href":"https:\/\/www.caribaea.org\/fr\/wp-json\/wp\/v2\/pages"}],"about":[{"href":"https:\/\/www.caribaea.org\/fr\/wp-json\/wp\/v2\/types\/page"}],"author":[{"embeddable":true,"href":"https:\/\/www.caribaea.org\/fr\/wp-json\/wp\/v2\/users\/1"}],"replies":[{"embeddable":true,"href":"https:\/\/www.caribaea.org\/fr\/wp-json\/wp\/v2\/comments?post=2677"}],"version-history":[{"count":3,"href":"https:\/\/www.caribaea.org\/fr\/wp-json\/wp\/v2\/pages\/2677\/revisions"}],"predecessor-version":[{"id":4962,"href":"https:\/\/www.caribaea.org\/fr\/wp-json\/wp\/v2\/pages\/2677\/revisions\/4962"}],"up":[{"embeddable":true,"href":"https:\/\/www.caribaea.org\/fr\/wp-json\/wp\/v2\/pages\/2669"}],"wp:featuredmedia":[{"embeddable":true,"href":"https:\/\/www.caribaea.org\/fr\/wp-json\/wp\/v2\/media\/3020"}],"wp:attachment":[{"href":"https:\/\/www.caribaea.org\/fr\/wp-json\/wp\/v2\/media?parent=2677"}],"curies":[{"name":"wp","href":"https:\/\/api.w.org\/{rel}","templated":true}]}}