{"id":2679,"date":"2020-10-13T05:25:37","date_gmt":"2020-10-13T03:25:37","guid":{"rendered":"https:\/\/www.caribaea.org\/?page_id=2679"},"modified":"2023-02-07T03:00:01","modified_gmt":"2023-02-07T02:00:01","slug":"interactions-symbiotiques-parasitaires-et-pathogenes","status":"publish","type":"page","link":"https:\/\/www.caribaea.org\/fr\/nos-projets\/interactions-symbiotiques-parasitaires-et-pathogenes\/","title":{"rendered":"Interactions symbiotiques, parasitaires et pathog\u00e8nes"},"content":{"rendered":"<div id=\"pl-2679\"  class=\"panel-layout\" ><div id=\"pg-2679-0\"  class=\"panel-grid panel-no-style\" ><div id=\"pgc-2679-0-0\"  class=\"panel-grid-cell\" ><div id=\"panel-2679-0-0-0\" class=\"so-panel widget widget_sow-editor panel-first-child panel-last-child\" data-index=\"0\" ><div\n\t\t\t\n\t\t\tclass=\"so-widget-sow-editor so-widget-sow-editor-base\"\n\t\t\t\n\t\t>\n<div class=\"siteorigin-widget-tinymce textwidget\">\n\t<p class=\"lead\">Les interactions entre esp\u00e8ces h\u00f4tes et divers organismes symbiotes, parasites ou pathog\u00e8nes jouent un r\u00f4le central dans la r\u00e9gulation des communaut\u00e9s. Les symbiotes et les parasites peuvent agir comme des ing\u00e9nieurs des \u00e9cosyst\u00e8mes, tandis que les pathog\u00e8nes peuvent r\u00e9guler les populations naturelles, r\u00e9duire la valeur commerciale de certaines esp\u00e8ces, ou affecter la sant\u00e9 des \u00e9cosyst\u00e8mes, incluant celle des populations humaines.<\/p>\n<p>La r\u00e9cente crise \u00e9conomique et sociale associ\u00e9e \u00e0 la pand\u00e9mie du COVID 19 est une bonne illustration de la n\u00e9cessit\u00e9 d'augmenter les \u00e9tudes sur les interactions entre les esp\u00e8ces h\u00f4tes et les organismes symbiotiques, parasites et pathog\u00e8nes dans la nature, particuli\u00e8rement en relation avec le changement global. Plusieurs de nos projets sont engag\u00e9s sur cette voie.<\/p>\n<\/div>\n<\/div><\/div><\/div><\/div><\/div>","protected":false},"excerpt":{"rendered":"<p>Les interactions entre esp\u00e8ces h\u00f4tes et divers organismes symbiotes, parasites ou pathog\u00e8nes jouent un r\u00f4le central dans la r\u00e9gulation des communaut\u00e9s. Les symbiotes et les parasites peuvent agir comme des ing\u00e9nieurs des \u00e9cosyst\u00e8mes, tandis que les pathog\u00e8nes peuvent r\u00e9guler les populations naturelles, r\u00e9duire la valeur commerciale de certaines esp\u00e8ces, ou affecter la sant\u00e9 des \u00e9cosyst\u00e8mes, [&hellip;]<\/p>\n","protected":false},"author":1,"featured_media":2730,"parent":2669,"menu_order":7,"comment_status":"closed","ping_status":"closed","template":"theme-projets.php","meta":{"footnotes":""},"class_list":["post-2679","page","type-page","status-publish","has-post-thumbnail","hentry"],"yoast_head":"<!-- This site is optimized with the Yoast SEO plugin v26.6 - https:\/\/yoast.com\/wordpress\/plugins\/seo\/ -->\n<title>Interactions symbiotiques, parasitaires et pathog\u00e8nes - Caribaea Initiative<\/title>\n<meta name=\"robots\" content=\"index, follow, max-snippet:-1, max-image-preview:large, max-video-preview:-1\" \/>\n<link rel=\"canonical\" href=\"https:\/\/www.caribaea.org\/fr\/nos-projets\/interactions-symbiotiques-parasitaires-et-pathogenes\/\" \/>\n<meta property=\"og:locale\" content=\"fr_FR\" \/>\n<meta property=\"og:type\" content=\"article\" \/>\n<meta property=\"og:title\" content=\"Interactions symbiotiques, parasitaires et pathog\u00e8nes - Caribaea Initiative\" \/>\n<meta property=\"og:description\" content=\"Les interactions entre esp\u00e8ces h\u00f4tes et divers organismes symbiotes, parasites ou pathog\u00e8nes jouent un r\u00f4le central dans la r\u00e9gulation des communaut\u00e9s. Les symbiotes et les parasites peuvent agir comme des ing\u00e9nieurs des \u00e9cosyst\u00e8mes, tandis que les pathog\u00e8nes peuvent r\u00e9guler les populations naturelles, r\u00e9duire la valeur commerciale de certaines esp\u00e8ces, ou affecter la sant\u00e9 des \u00e9cosyst\u00e8mes, [&hellip;]\" \/>\n<meta property=\"og:url\" content=\"https:\/\/www.caribaea.org\/fr\/nos-projets\/interactions-symbiotiques-parasitaires-et-pathogenes\/\" \/>\n<meta property=\"og:site_name\" content=\"Caribaea Initiative\" \/>\n<meta property=\"article:modified_time\" content=\"2023-02-07T02:00:01+00:00\" \/>\n<meta property=\"og:image\" content=\"https:\/\/www.caribaea.org\/wp-content\/uploads\/2020\/10\/crabes-de-mangrove-Naema-Beziat-900x600-1.jpg\" \/>\n\t<meta property=\"og:image:width\" content=\"900\" \/>\n\t<meta property=\"og:image:height\" content=\"600\" \/>\n\t<meta property=\"og:image:type\" content=\"image\/jpeg\" \/>\n<meta name=\"twitter:card\" content=\"summary_large_image\" \/>\n<meta name=\"twitter:label1\" content=\"Dur\u00e9e de lecture estim\u00e9e\" \/>\n\t<meta name=\"twitter:data1\" content=\"1 minute\" \/>\n<script type=\"application\/ld+json\" class=\"yoast-schema-graph\">{\"@context\":\"https:\/\/schema.org\",\"@graph\":[{\"@type\":\"WebPage\",\"@id\":\"https:\/\/www.caribaea.org\/fr\/nos-projets\/interactions-symbiotiques-parasitaires-et-pathogenes\/\",\"url\":\"https:\/\/www.caribaea.org\/fr\/nos-projets\/interactions-symbiotiques-parasitaires-et-pathogenes\/\",\"name\":\"Interactions symbiotiques, parasitaires et pathog\u00e8nes - Caribaea Initiative\",\"isPartOf\":{\"@id\":\"https:\/\/www.caribaea.org\/en\/#website\"},\"primaryImageOfPage\":{\"@id\":\"https:\/\/www.caribaea.org\/fr\/nos-projets\/interactions-symbiotiques-parasitaires-et-pathogenes\/#primaryimage\"},\"image\":{\"@id\":\"https:\/\/www.caribaea.org\/fr\/nos-projets\/interactions-symbiotiques-parasitaires-et-pathogenes\/#primaryimage\"},\"thumbnailUrl\":\"https:\/\/www.caribaea.org\/wp-content\/uploads\/2020\/10\/crabes-de-mangrove-Naema-Beziat-900x600-1.jpg\",\"datePublished\":\"2020-10-13T03:25:37+00:00\",\"dateModified\":\"2023-02-07T02:00:01+00:00\",\"breadcrumb\":{\"@id\":\"https:\/\/www.caribaea.org\/fr\/nos-projets\/interactions-symbiotiques-parasitaires-et-pathogenes\/#breadcrumb\"},\"inLanguage\":\"fr-FR\",\"potentialAction\":[{\"@type\":\"ReadAction\",\"target\":[\"https:\/\/www.caribaea.org\/fr\/nos-projets\/interactions-symbiotiques-parasitaires-et-pathogenes\/\"]}]},{\"@type\":\"ImageObject\",\"inLanguage\":\"fr-FR\",\"@id\":\"https:\/\/www.caribaea.org\/fr\/nos-projets\/interactions-symbiotiques-parasitaires-et-pathogenes\/#primaryimage\",\"url\":\"https:\/\/www.caribaea.org\/wp-content\/uploads\/2020\/10\/crabes-de-mangrove-Naema-Beziat-900x600-1.jpg\",\"contentUrl\":\"https:\/\/www.caribaea.org\/wp-content\/uploads\/2020\/10\/crabes-de-mangrove-Naema-Beziat-900x600-1.jpg\",\"width\":900,\"height\":600},{\"@type\":\"BreadcrumbList\",\"@id\":\"https:\/\/www.caribaea.org\/fr\/nos-projets\/interactions-symbiotiques-parasitaires-et-pathogenes\/#breadcrumb\",\"itemListElement\":[{\"@type\":\"ListItem\",\"position\":1,\"name\":\"Accueil\",\"item\":\"https:\/\/www.caribaea.org\/fr\/\"},{\"@type\":\"ListItem\",\"position\":2,\"name\":\"Nos projets\",\"item\":\"https:\/\/www.caribaea.org\/fr\/nos-projets\/\"},{\"@type\":\"ListItem\",\"position\":3,\"name\":\"Interactions symbiotiques, parasitaires et pathog\u00e8nes\"}]},{\"@type\":\"WebSite\",\"@id\":\"https:\/\/www.caribaea.org\/en\/#website\",\"url\":\"https:\/\/www.caribaea.org\/en\/\",\"name\":\"Caribaea Initiative\",\"description\":\"\",\"potentialAction\":[{\"@type\":\"SearchAction\",\"target\":{\"@type\":\"EntryPoint\",\"urlTemplate\":\"https:\/\/www.caribaea.org\/en\/?s={search_term_string}\"},\"query-input\":{\"@type\":\"PropertyValueSpecification\",\"valueRequired\":true,\"valueName\":\"search_term_string\"}}],\"inLanguage\":\"fr-FR\"}]}<\/script>\n<!-- \/ Yoast SEO plugin. -->","yoast_head_json":{"title":"Interactions symbiotiques, parasitaires et pathog\u00e8nes - Caribaea Initiative","robots":{"index":"index","follow":"follow","max-snippet":"max-snippet:-1","max-image-preview":"max-image-preview:large","max-video-preview":"max-video-preview:-1"},"canonical":"https:\/\/www.caribaea.org\/fr\/nos-projets\/interactions-symbiotiques-parasitaires-et-pathogenes\/","og_locale":"fr_FR","og_type":"article","og_title":"Interactions symbiotiques, parasitaires et pathog\u00e8nes - Caribaea Initiative","og_description":"Les interactions entre esp\u00e8ces h\u00f4tes et divers organismes symbiotes, parasites ou pathog\u00e8nes jouent un r\u00f4le central dans la r\u00e9gulation des communaut\u00e9s. Les symbiotes et les parasites peuvent agir comme des ing\u00e9nieurs des \u00e9cosyst\u00e8mes, tandis que les pathog\u00e8nes peuvent r\u00e9guler les populations naturelles, r\u00e9duire la valeur commerciale de certaines esp\u00e8ces, ou affecter la sant\u00e9 des \u00e9cosyst\u00e8mes, [&hellip;]","og_url":"https:\/\/www.caribaea.org\/fr\/nos-projets\/interactions-symbiotiques-parasitaires-et-pathogenes\/","og_site_name":"Caribaea Initiative","article_modified_time":"2023-02-07T02:00:01+00:00","og_image":[{"width":900,"height":600,"url":"https:\/\/www.caribaea.org\/wp-content\/uploads\/2020\/10\/crabes-de-mangrove-Naema-Beziat-900x600-1.jpg","type":"image\/jpeg"}],"twitter_card":"summary_large_image","twitter_misc":{"Dur\u00e9e de lecture estim\u00e9e":"1 minute"},"schema":{"@context":"https:\/\/schema.org","@graph":[{"@type":"WebPage","@id":"https:\/\/www.caribaea.org\/fr\/nos-projets\/interactions-symbiotiques-parasitaires-et-pathogenes\/","url":"https:\/\/www.caribaea.org\/fr\/nos-projets\/interactions-symbiotiques-parasitaires-et-pathogenes\/","name":"Interactions symbiotiques, parasitaires et pathog\u00e8nes - Caribaea Initiative","isPartOf":{"@id":"https:\/\/www.caribaea.org\/en\/#website"},"primaryImageOfPage":{"@id":"https:\/\/www.caribaea.org\/fr\/nos-projets\/interactions-symbiotiques-parasitaires-et-pathogenes\/#primaryimage"},"image":{"@id":"https:\/\/www.caribaea.org\/fr\/nos-projets\/interactions-symbiotiques-parasitaires-et-pathogenes\/#primaryimage"},"thumbnailUrl":"https:\/\/www.caribaea.org\/wp-content\/uploads\/2020\/10\/crabes-de-mangrove-Naema-Beziat-900x600-1.jpg","datePublished":"2020-10-13T03:25:37+00:00","dateModified":"2023-02-07T02:00:01+00:00","breadcrumb":{"@id":"https:\/\/www.caribaea.org\/fr\/nos-projets\/interactions-symbiotiques-parasitaires-et-pathogenes\/#breadcrumb"},"inLanguage":"fr-FR","potentialAction":[{"@type":"ReadAction","target":["https:\/\/www.caribaea.org\/fr\/nos-projets\/interactions-symbiotiques-parasitaires-et-pathogenes\/"]}]},{"@type":"ImageObject","inLanguage":"fr-FR","@id":"https:\/\/www.caribaea.org\/fr\/nos-projets\/interactions-symbiotiques-parasitaires-et-pathogenes\/#primaryimage","url":"https:\/\/www.caribaea.org\/wp-content\/uploads\/2020\/10\/crabes-de-mangrove-Naema-Beziat-900x600-1.jpg","contentUrl":"https:\/\/www.caribaea.org\/wp-content\/uploads\/2020\/10\/crabes-de-mangrove-Naema-Beziat-900x600-1.jpg","width":900,"height":600},{"@type":"BreadcrumbList","@id":"https:\/\/www.caribaea.org\/fr\/nos-projets\/interactions-symbiotiques-parasitaires-et-pathogenes\/#breadcrumb","itemListElement":[{"@type":"ListItem","position":1,"name":"Accueil","item":"https:\/\/www.caribaea.org\/fr\/"},{"@type":"ListItem","position":2,"name":"Nos projets","item":"https:\/\/www.caribaea.org\/fr\/nos-projets\/"},{"@type":"ListItem","position":3,"name":"Interactions symbiotiques, parasitaires et pathog\u00e8nes"}]},{"@type":"WebSite","@id":"https:\/\/www.caribaea.org\/en\/#website","url":"https:\/\/www.caribaea.org\/en\/","name":"Caribaea Initiative","description":"","potentialAction":[{"@type":"SearchAction","target":{"@type":"EntryPoint","urlTemplate":"https:\/\/www.caribaea.org\/en\/?s={search_term_string}"},"query-input":{"@type":"PropertyValueSpecification","valueRequired":true,"valueName":"search_term_string"}}],"inLanguage":"fr-FR"}]}},"_links":{"self":[{"href":"https:\/\/www.caribaea.org\/fr\/wp-json\/wp\/v2\/pages\/2679","targetHints":{"allow":["GET"]}}],"collection":[{"href":"https:\/\/www.caribaea.org\/fr\/wp-json\/wp\/v2\/pages"}],"about":[{"href":"https:\/\/www.caribaea.org\/fr\/wp-json\/wp\/v2\/types\/page"}],"author":[{"embeddable":true,"href":"https:\/\/www.caribaea.org\/fr\/wp-json\/wp\/v2\/users\/1"}],"replies":[{"embeddable":true,"href":"https:\/\/www.caribaea.org\/fr\/wp-json\/wp\/v2\/comments?post=2679"}],"version-history":[{"count":3,"href":"https:\/\/www.caribaea.org\/fr\/wp-json\/wp\/v2\/pages\/2679\/revisions"}],"predecessor-version":[{"id":4963,"href":"https:\/\/www.caribaea.org\/fr\/wp-json\/wp\/v2\/pages\/2679\/revisions\/4963"}],"up":[{"embeddable":true,"href":"https:\/\/www.caribaea.org\/fr\/wp-json\/wp\/v2\/pages\/2669"}],"wp:featuredmedia":[{"embeddable":true,"href":"https:\/\/www.caribaea.org\/fr\/wp-json\/wp\/v2\/media\/2730"}],"wp:attachment":[{"href":"https:\/\/www.caribaea.org\/fr\/wp-json\/wp\/v2\/media?parent=2679"}],"curies":[{"name":"wp","href":"https:\/\/api.w.org\/{rel}","templated":true}]}}