{"id":2681,"date":"2020-10-13T05:27:25","date_gmt":"2020-10-13T03:27:25","guid":{"rendered":"https:\/\/www.caribaea.org\/?page_id=2681"},"modified":"2023-02-07T02:59:10","modified_gmt":"2023-02-07T01:59:10","slug":"ecologie-des-communautes-et-evaluation-de-la-biodiversite","status":"publish","type":"page","link":"https:\/\/www.caribaea.org\/fr\/nos-projets\/ecologie-des-communautes-et-evaluation-de-la-biodiversite\/","title":{"rendered":"Ecologie des communaut\u00e9s et \u00e9valuation de la biodiversit\u00e9"},"content":{"rendered":"<div id=\"pl-2681\"  class=\"panel-layout\" ><div id=\"pg-2681-0\"  class=\"panel-grid panel-no-style\" ><div id=\"pgc-2681-0-0\"  class=\"panel-grid-cell\" ><div id=\"panel-2681-0-0-0\" class=\"so-panel widget widget_sow-editor panel-first-child panel-last-child\" data-index=\"0\" ><div\n\t\t\t\n\t\t\tclass=\"so-widget-sow-editor so-widget-sow-editor-base\"\n\t\t\t\n\t\t>\n<div class=\"siteorigin-widget-tinymce textwidget\">\n\t<p class=\"lead\">Nous ne connaissons qu'une partie de la biodiversit\u00e9 de la Cara\u00efbe insulaire, et de nombreuses esp\u00e8ces restent \u00e0 d\u00e9couvrir, particuli\u00e8rement au sein des invert\u00e9br\u00e9s et dans les zones g\u00e9ographiques qui ont \u00e9t\u00e9 peu prospect\u00e9es.<\/p>\n<p>Par ailleurs, identifier quels sont les facteurs qui influencent la richesse et la diversit\u00e9 sp\u00e9cifique au sein des \u00e9cosyst\u00e8mes est de toute premi\u00e8re importance en biologie de la conservation. La recherch\u00e9 dans ce domaine combine diverses m\u00e9thodes d'\u00e9chantillonnage \u00e0 des outils statistiques sophistiqu\u00e9s. Un autre aspect important de l'\u00e9cologie des communaut\u00e9s est de comprendre les m\u00e9canismes et les processus qui d\u00e9terminent la coexistence des esp\u00e8ces au sein des communaut\u00e9s.<\/p>\n<p>Plusieurs de nos projets contribuent \u00e0 accro\u00eetre les connaissances sur la biodiversit\u00e9 de la Cara\u00efbe insulaire en r\u00e9v\u00e9lant l'existence de nouvelles esp\u00e8ces et comment la richesse et la diversit\u00e9 sp\u00e9cifiques sont organis\u00e9es \u00e0 diff\u00e9rentes \u00e9chelles temporelles et spatiales.<\/p>\n<\/div>\n<\/div><\/div><\/div><\/div><\/div>","protected":false},"excerpt":{"rendered":"<p>Nous ne connaissons qu&rsquo;une partie de la biodiversit\u00e9 de la Cara\u00efbe insulaire, et de nombreuses esp\u00e8ces restent \u00e0 d\u00e9couvrir, particuli\u00e8rement au sein des invert\u00e9br\u00e9s et dans les zones g\u00e9ographiques qui ont \u00e9t\u00e9 peu prospect\u00e9es. Par ailleurs, identifier quels sont les facteurs qui influencent la richesse et la diversit\u00e9 sp\u00e9cifique au sein des \u00e9cosyst\u00e8mes est de [&hellip;]<\/p>\n","protected":false},"author":1,"featured_media":2728,"parent":2669,"menu_order":8,"comment_status":"closed","ping_status":"closed","template":"theme-projets.php","meta":{"footnotes":""},"class_list":["post-2681","page","type-page","status-publish","has-post-thumbnail","hentry"],"yoast_head":"<!-- This site is optimized with the Yoast SEO plugin v26.6 - https:\/\/yoast.com\/wordpress\/plugins\/seo\/ -->\n<title>Ecologie des communaut\u00e9s et \u00e9valuation de la biodiversit\u00e9 - Caribaea Initiative<\/title>\n<meta name=\"robots\" content=\"index, follow, max-snippet:-1, max-image-preview:large, max-video-preview:-1\" \/>\n<link rel=\"canonical\" href=\"https:\/\/www.caribaea.org\/fr\/nos-projets\/ecologie-des-communautes-et-evaluation-de-la-biodiversite\/\" \/>\n<meta property=\"og:locale\" content=\"fr_FR\" \/>\n<meta property=\"og:type\" content=\"article\" \/>\n<meta property=\"og:title\" content=\"Ecologie des communaut\u00e9s et \u00e9valuation de la biodiversit\u00e9 - Caribaea Initiative\" \/>\n<meta property=\"og:description\" content=\"Nous ne connaissons qu&#039;une partie de la biodiversit\u00e9 de la Cara\u00efbe insulaire, et de nombreuses esp\u00e8ces restent \u00e0 d\u00e9couvrir, particuli\u00e8rement au sein des invert\u00e9br\u00e9s et dans les zones g\u00e9ographiques qui ont \u00e9t\u00e9 peu prospect\u00e9es. Par ailleurs, identifier quels sont les facteurs qui influencent la richesse et la diversit\u00e9 sp\u00e9cifique au sein des \u00e9cosyst\u00e8mes est de [&hellip;]\" \/>\n<meta property=\"og:url\" content=\"https:\/\/www.caribaea.org\/fr\/nos-projets\/ecologie-des-communautes-et-evaluation-de-la-biodiversite\/\" \/>\n<meta property=\"og:site_name\" content=\"Caribaea Initiative\" \/>\n<meta property=\"article:modified_time\" content=\"2023-02-07T01:59:10+00:00\" \/>\n<meta property=\"og:image\" content=\"https:\/\/www.caribaea.org\/wp-content\/uploads\/2020\/10\/odonates-macrothemis-celeno-Pierre-Michard-Beaujour-900x600-1.jpg\" \/>\n\t<meta property=\"og:image:width\" content=\"900\" \/>\n\t<meta property=\"og:image:height\" content=\"600\" \/>\n\t<meta property=\"og:image:type\" content=\"image\/jpeg\" \/>\n<meta name=\"twitter:card\" content=\"summary_large_image\" \/>\n<meta name=\"twitter:label1\" content=\"Dur\u00e9e de lecture estim\u00e9e\" \/>\n\t<meta name=\"twitter:data1\" content=\"1 minute\" \/>\n<script type=\"application\/ld+json\" class=\"yoast-schema-graph\">{\"@context\":\"https:\/\/schema.org\",\"@graph\":[{\"@type\":\"WebPage\",\"@id\":\"https:\/\/www.caribaea.org\/fr\/nos-projets\/ecologie-des-communautes-et-evaluation-de-la-biodiversite\/\",\"url\":\"https:\/\/www.caribaea.org\/fr\/nos-projets\/ecologie-des-communautes-et-evaluation-de-la-biodiversite\/\",\"name\":\"Ecologie des communaut\u00e9s et \u00e9valuation de la biodiversit\u00e9 - Caribaea Initiative\",\"isPartOf\":{\"@id\":\"https:\/\/www.caribaea.org\/en\/#website\"},\"primaryImageOfPage\":{\"@id\":\"https:\/\/www.caribaea.org\/fr\/nos-projets\/ecologie-des-communautes-et-evaluation-de-la-biodiversite\/#primaryimage\"},\"image\":{\"@id\":\"https:\/\/www.caribaea.org\/fr\/nos-projets\/ecologie-des-communautes-et-evaluation-de-la-biodiversite\/#primaryimage\"},\"thumbnailUrl\":\"https:\/\/www.caribaea.org\/wp-content\/uploads\/2020\/10\/odonates-macrothemis-celeno-Pierre-Michard-Beaujour-900x600-1.jpg\",\"datePublished\":\"2020-10-13T03:27:25+00:00\",\"dateModified\":\"2023-02-07T01:59:10+00:00\",\"breadcrumb\":{\"@id\":\"https:\/\/www.caribaea.org\/fr\/nos-projets\/ecologie-des-communautes-et-evaluation-de-la-biodiversite\/#breadcrumb\"},\"inLanguage\":\"fr-FR\",\"potentialAction\":[{\"@type\":\"ReadAction\",\"target\":[\"https:\/\/www.caribaea.org\/fr\/nos-projets\/ecologie-des-communautes-et-evaluation-de-la-biodiversite\/\"]}]},{\"@type\":\"ImageObject\",\"inLanguage\":\"fr-FR\",\"@id\":\"https:\/\/www.caribaea.org\/fr\/nos-projets\/ecologie-des-communautes-et-evaluation-de-la-biodiversite\/#primaryimage\",\"url\":\"https:\/\/www.caribaea.org\/wp-content\/uploads\/2020\/10\/odonates-macrothemis-celeno-Pierre-Michard-Beaujour-900x600-1.jpg\",\"contentUrl\":\"https:\/\/www.caribaea.org\/wp-content\/uploads\/2020\/10\/odonates-macrothemis-celeno-Pierre-Michard-Beaujour-900x600-1.jpg\",\"width\":900,\"height\":600},{\"@type\":\"BreadcrumbList\",\"@id\":\"https:\/\/www.caribaea.org\/fr\/nos-projets\/ecologie-des-communautes-et-evaluation-de-la-biodiversite\/#breadcrumb\",\"itemListElement\":[{\"@type\":\"ListItem\",\"position\":1,\"name\":\"Accueil\",\"item\":\"https:\/\/www.caribaea.org\/fr\/\"},{\"@type\":\"ListItem\",\"position\":2,\"name\":\"Nos projets\",\"item\":\"https:\/\/www.caribaea.org\/fr\/nos-projets\/\"},{\"@type\":\"ListItem\",\"position\":3,\"name\":\"Ecologie des communaut\u00e9s et \u00e9valuation de la biodiversit\u00e9\"}]},{\"@type\":\"WebSite\",\"@id\":\"https:\/\/www.caribaea.org\/en\/#website\",\"url\":\"https:\/\/www.caribaea.org\/en\/\",\"name\":\"Caribaea Initiative\",\"description\":\"\",\"potentialAction\":[{\"@type\":\"SearchAction\",\"target\":{\"@type\":\"EntryPoint\",\"urlTemplate\":\"https:\/\/www.caribaea.org\/en\/?s={search_term_string}\"},\"query-input\":{\"@type\":\"PropertyValueSpecification\",\"valueRequired\":true,\"valueName\":\"search_term_string\"}}],\"inLanguage\":\"fr-FR\"}]}<\/script>\n<!-- \/ Yoast SEO plugin. -->","yoast_head_json":{"title":"Ecologie des communaut\u00e9s et \u00e9valuation de la biodiversit\u00e9 - Caribaea Initiative","robots":{"index":"index","follow":"follow","max-snippet":"max-snippet:-1","max-image-preview":"max-image-preview:large","max-video-preview":"max-video-preview:-1"},"canonical":"https:\/\/www.caribaea.org\/fr\/nos-projets\/ecologie-des-communautes-et-evaluation-de-la-biodiversite\/","og_locale":"fr_FR","og_type":"article","og_title":"Ecologie des communaut\u00e9s et \u00e9valuation de la biodiversit\u00e9 - Caribaea Initiative","og_description":"Nous ne connaissons qu'une partie de la biodiversit\u00e9 de la Cara\u00efbe insulaire, et de nombreuses esp\u00e8ces restent \u00e0 d\u00e9couvrir, particuli\u00e8rement au sein des invert\u00e9br\u00e9s et dans les zones g\u00e9ographiques qui ont \u00e9t\u00e9 peu prospect\u00e9es. Par ailleurs, identifier quels sont les facteurs qui influencent la richesse et la diversit\u00e9 sp\u00e9cifique au sein des \u00e9cosyst\u00e8mes est de [&hellip;]","og_url":"https:\/\/www.caribaea.org\/fr\/nos-projets\/ecologie-des-communautes-et-evaluation-de-la-biodiversite\/","og_site_name":"Caribaea Initiative","article_modified_time":"2023-02-07T01:59:10+00:00","og_image":[{"width":900,"height":600,"url":"https:\/\/www.caribaea.org\/wp-content\/uploads\/2020\/10\/odonates-macrothemis-celeno-Pierre-Michard-Beaujour-900x600-1.jpg","type":"image\/jpeg"}],"twitter_card":"summary_large_image","twitter_misc":{"Dur\u00e9e de lecture estim\u00e9e":"1 minute"},"schema":{"@context":"https:\/\/schema.org","@graph":[{"@type":"WebPage","@id":"https:\/\/www.caribaea.org\/fr\/nos-projets\/ecologie-des-communautes-et-evaluation-de-la-biodiversite\/","url":"https:\/\/www.caribaea.org\/fr\/nos-projets\/ecologie-des-communautes-et-evaluation-de-la-biodiversite\/","name":"Ecologie des communaut\u00e9s et \u00e9valuation de la biodiversit\u00e9 - Caribaea Initiative","isPartOf":{"@id":"https:\/\/www.caribaea.org\/en\/#website"},"primaryImageOfPage":{"@id":"https:\/\/www.caribaea.org\/fr\/nos-projets\/ecologie-des-communautes-et-evaluation-de-la-biodiversite\/#primaryimage"},"image":{"@id":"https:\/\/www.caribaea.org\/fr\/nos-projets\/ecologie-des-communautes-et-evaluation-de-la-biodiversite\/#primaryimage"},"thumbnailUrl":"https:\/\/www.caribaea.org\/wp-content\/uploads\/2020\/10\/odonates-macrothemis-celeno-Pierre-Michard-Beaujour-900x600-1.jpg","datePublished":"2020-10-13T03:27:25+00:00","dateModified":"2023-02-07T01:59:10+00:00","breadcrumb":{"@id":"https:\/\/www.caribaea.org\/fr\/nos-projets\/ecologie-des-communautes-et-evaluation-de-la-biodiversite\/#breadcrumb"},"inLanguage":"fr-FR","potentialAction":[{"@type":"ReadAction","target":["https:\/\/www.caribaea.org\/fr\/nos-projets\/ecologie-des-communautes-et-evaluation-de-la-biodiversite\/"]}]},{"@type":"ImageObject","inLanguage":"fr-FR","@id":"https:\/\/www.caribaea.org\/fr\/nos-projets\/ecologie-des-communautes-et-evaluation-de-la-biodiversite\/#primaryimage","url":"https:\/\/www.caribaea.org\/wp-content\/uploads\/2020\/10\/odonates-macrothemis-celeno-Pierre-Michard-Beaujour-900x600-1.jpg","contentUrl":"https:\/\/www.caribaea.org\/wp-content\/uploads\/2020\/10\/odonates-macrothemis-celeno-Pierre-Michard-Beaujour-900x600-1.jpg","width":900,"height":600},{"@type":"BreadcrumbList","@id":"https:\/\/www.caribaea.org\/fr\/nos-projets\/ecologie-des-communautes-et-evaluation-de-la-biodiversite\/#breadcrumb","itemListElement":[{"@type":"ListItem","position":1,"name":"Accueil","item":"https:\/\/www.caribaea.org\/fr\/"},{"@type":"ListItem","position":2,"name":"Nos projets","item":"https:\/\/www.caribaea.org\/fr\/nos-projets\/"},{"@type":"ListItem","position":3,"name":"Ecologie des communaut\u00e9s et \u00e9valuation de la biodiversit\u00e9"}]},{"@type":"WebSite","@id":"https:\/\/www.caribaea.org\/en\/#website","url":"https:\/\/www.caribaea.org\/en\/","name":"Caribaea Initiative","description":"","potentialAction":[{"@type":"SearchAction","target":{"@type":"EntryPoint","urlTemplate":"https:\/\/www.caribaea.org\/en\/?s={search_term_string}"},"query-input":{"@type":"PropertyValueSpecification","valueRequired":true,"valueName":"search_term_string"}}],"inLanguage":"fr-FR"}]}},"_links":{"self":[{"href":"https:\/\/www.caribaea.org\/fr\/wp-json\/wp\/v2\/pages\/2681","targetHints":{"allow":["GET"]}}],"collection":[{"href":"https:\/\/www.caribaea.org\/fr\/wp-json\/wp\/v2\/pages"}],"about":[{"href":"https:\/\/www.caribaea.org\/fr\/wp-json\/wp\/v2\/types\/page"}],"author":[{"embeddable":true,"href":"https:\/\/www.caribaea.org\/fr\/wp-json\/wp\/v2\/users\/1"}],"replies":[{"embeddable":true,"href":"https:\/\/www.caribaea.org\/fr\/wp-json\/wp\/v2\/comments?post=2681"}],"version-history":[{"count":3,"href":"https:\/\/www.caribaea.org\/fr\/wp-json\/wp\/v2\/pages\/2681\/revisions"}],"predecessor-version":[{"id":4964,"href":"https:\/\/www.caribaea.org\/fr\/wp-json\/wp\/v2\/pages\/2681\/revisions\/4964"}],"up":[{"embeddable":true,"href":"https:\/\/www.caribaea.org\/fr\/wp-json\/wp\/v2\/pages\/2669"}],"wp:featuredmedia":[{"embeddable":true,"href":"https:\/\/www.caribaea.org\/fr\/wp-json\/wp\/v2\/media\/2728"}],"wp:attachment":[{"href":"https:\/\/www.caribaea.org\/fr\/wp-json\/wp\/v2\/media?parent=2681"}],"curies":[{"name":"wp","href":"https:\/\/api.w.org\/{rel}","templated":true}]}}